{"id":59100,"date":"2018-10-04T11:54:55","date_gmt":"2018-10-04T11:54:55","guid":{"rendered":"https:\/\/1office.co\/estonia\/?page_id=59100"},"modified":"2018-10-09T12:04:29","modified_gmt":"2018-10-09T12:04:29","slug":"virtuaalkontor","status":"publish","type":"page","link":"https:\/\/1office.co\/estonia\/et\/virtuaalkontor\/","title":{"rendered":"Virtuaalkontor"},"content":{"rendered":"<div class=\"wpb-content-wrapper\"><p>[vc_row full_width=&#8221;stretch_row&#8221; bg_type=&#8221;image&#8221; parallax_style=&#8221;vcpb-default&#8221; bg_image_new=&#8221;id^59736|url^https:\/\/1office.co\/estonia\/wp-content\/uploads\/sites\/5\/2018\/10\/Tallinn-in-Estland-72-flag-2.jpg|caption^null|alt^null|title^Tallinn-in-Estland-72-flag-2|description^null&#8221; bg_image_repeat=&#8221;no-repeat&#8221; bg_image_posiiton=&#8221;0 80%&#8221; seperator_enable=&#8221;seperator_enable_value&#8221; seperator_type=&#8221;tilt_left_seperator&#8221; seperator_position=&#8221;bottom_seperator&#8221; el_class=&#8221;one-blog-head one-higher&#8221;][vc_column]<div id=\"ultimate-heading-402069f44732e1453\" class=\"uvc-heading ult-adjust-bottom-margin ultimate-heading-402069f44732e1453 uvc-6165 \" data-hspacer=\"no_spacer\"  data-halign=\"left\" style=\"text-align:left\"><div class=\"uvc-heading-spacer no_spacer\" style=\"top\"><\/div><div class=\"uvc-main-heading ult-responsive\"  data-ultimate-target='.uvc-heading.ultimate-heading-402069f44732e1453 h1'  data-responsive-json-new='{\"font-size\":\"desktop:42px;\",\"line-height\":\"\"}' ><h1 style=\"font-weight:bold;color:#ffffff;\">TEE \u00c4RI EESTIS<\/h1><\/div><\/div>[\/vc_column][\/vc_row][vc_row main_heading=&#8221;Why choose 1Office&#8221; main_heading_color=&#8221;&#8221; heading_tag=&#8221;h2&#8243; sub_heading_color=&#8221;#999999&#8243; alignment=&#8221;center&#8221; spacer=&#8221;line_only&#8221; spacer_position=&#8221;middle&#8221; spacer_img_width=&#8221;48&#8243; line_style=&#8221;solid&#8221; line_height=&#8221;3&#8243; line_color=&#8221;&#8221; line_icon_fixer=&#8221;10&#8243; sub_heading_style=&#8221;font-style:italic;&#8221; sub_heading_font_size=&#8221;desktop:18px;&#8221; sub_heading_line_height=&#8221;desktop:28px;&#8221; main_heading_style=&#8221;font-weight:bold;&#8221; main_heading_margin=&#8221;margin-bottom:15px;&#8221; line_width=&#8221;200&#8243; el_class=&#8221;accent-border-color&#8221; main_heading_font_size=&#8221;desktop:34px;&#8221; main_heading_line_height=&#8221;desktop:44px;&#8221; margin_design_tab_text=&#8221;&#8221; main_heading_typograpy=&#8221;&#8221; main_heading_font_family=&#8221;&#8221; sub_heading_typograpy=&#8221;&#8221; sub_heading_font_family=&#8221;&#8221; sub_heading_margin=&#8221;&#8221; spacer_img=&#8221;&#8221; spacer_margin=&#8221;&#8221;][vc_column]<div class=\"aio-icon-component   one-backtoservices style_1\"><a class=\"aio-icon-box-link\" href=\"https:\/\/1office.co\/estonia\/et\/tee-ari-eestis\/\" ><div id=\"Info-box-wrap-2950\" class=\"aio-icon-box default-icon\" style=\"\"  ><div class=\"aio-icon-default\"><div class=\"ult-just-icon-wrapper  \"><div class=\"align-icon\" style=\"text-align:center;\">\n<div class=\"aio-icon none \"  style=\"color:#98c93c;font-size:14px;display:inline-block;\">\n\t<i class=\"Defaults-angle-left\"><\/i>\n<\/div><\/div><\/div><\/div><div class=\"aio-icon-header\" ><span class=\"aio-icon-title ult-responsive\"  data-ultimate-target='#Info-box-wrap-2950 .aio-icon-title'  data-responsive-json-new='{\"font-size\":\"\",\"line-height\":\"\"}'  style=\"font-weight:bold;color:#98c93c;\">Tagasi teenuste juurde<\/span><\/div> <!-- header --><\/div> <!-- aio-icon-box --><\/a><\/div> <!-- aio-icon-component --><div id=\"ultimate-heading-960069f44732e1529\" class=\"uvc-heading ult-adjust-bottom-margin ultimate-heading-960069f44732e1529 uvc-1357 accent-border-color\" data-hspacer=\"line_only\"  data-halign=\"center\" style=\"text-align:center\"><div class=\"uvc-main-heading ult-responsive\"  data-ultimate-target='.uvc-heading.ultimate-heading-960069f44732e1529 h2'  data-responsive-json-new='{\"font-size\":\"desktop:34px;\",\"line-height\":\"desktop:44px;\"}' ><h2 style=\"font-weight:bold;margin-bottom:15px;\">Virtuaalkontor<\/h2><\/div><div class=\"uvc-heading-spacer line_only\" style=\"topheight:3px;\"><span class=\"uvc-headings-line\" style=\"border-style:solid;border-bottom-width:3px;border-color:;width:200px;\"><\/span><\/div><\/div>[vc_empty_space][vc_column_text]<\/p>\n<h5 style=\"text-align: center;\">Virtuaalkontori teenused on k\u00f5ige vajalikumad v\u00e4lismaalt p\u00e4rit ettev\u00f5tjatele, sest ettev\u00f5tte omamisel on kohustuslik omada ka kohalikku \u00e4riaadressi ja kontaktisikut. Kui oled aga kohalik ettev\u00f5tja, soovitame Sul samuti enda igap\u00e4evaelu mugavamaks tegemiseks virtuaalkontori teenuseid kasutada.<\/h5>\n<p>[\/vc_column_text][\/vc_column][\/vc_row][vc_row equal_height=&#8221;yes&#8221;][vc_column width=&#8221;3\/4&#8243; el_class=&#8221;one-collineleft&#8221;][vc_column_text]<\/p>\n<h2><span style=\"color: #99cc00;\"><strong>Miks kasutada virtuaalkontori teenuseid?<\/strong><\/span><\/h2>\n<p>[\/vc_column_text][vc_row_inner content_placement=&#8221;middle&#8221;][vc_column_inner width=&#8221;1\/2&#8243;][vc_single_image image=&#8221;59545&#8243; img_size=&#8221;large&#8221; alignment=&#8221;center&#8221; css_animation=&#8221;appear&#8221;][\/vc_column_inner][vc_column_inner width=&#8221;1\/2&#8243;][vc_column_text css_animation=&#8221;none&#8221;]<\/p>\n<h2><strong>Seaduste j\u00e4rgimiseks<\/strong><\/h2>\n<p>[\/vc_column_text][vc_column_text]<\/p>\n<ul>\n<li><strong>\u00c4riaadress<\/strong> on ettev\u00f5tte omamisel kohustuslik. Seda kuvatakse \u00c4riregistris ning k\u00f5ik\u00a0 kirjad saadetakse sellele aadressile.<\/li>\n<li>Kui ettev\u00f5tte juhatus asub v\u00e4ljaspool Eestit, on samuti kohustuslik kontaktisiku m\u00e4\u00e4ramine. <strong>Kontaktisik <\/strong>on esimeseks kontaktiks k\u00f5ikide ametiasutuste jaoks.<\/li>\n<\/ul>\n<p>[\/vc_column_text][\/vc_column_inner][\/vc_row_inner][vc_row_inner content_placement=&#8221;middle&#8221;][vc_column_inner width=&#8221;1\/2&#8243;][vc_column_text css_animation=&#8221;none&#8221;]<\/p>\n<h2><strong>V\u00e4hem kulusid ja muresid<\/strong><\/h2>\n<p>[\/vc_column_text][vc_column_text]<\/p>\n<ul>\n<li>Kontori rentimine v\u00f5i ostmine on kallis. Meiega saad aga ise valida, kas soovid lihtsalt teatud aegadel <strong>koosolekuruumi<\/strong> kasutada v\u00f5i eelistad endale rentida <strong>privaatse kontoriruumi<\/strong>.<\/li>\n<li>Sa ei pea muretsema kontori m\u00f6bleerimise, kohvi tellimise v\u00f5i interneti p\u00e4rast. Meie kontorites on <strong>k\u00f5ik vajalik olemas!<\/strong><\/li>\n<li>Kirjade vastuv\u00f5tmine ja sorteerimine pole probleem. Me v\u00f5tame vastu k\u00f5ik ettev\u00f5tte nimele <strong>saabuvad kirjad ning edastame <\/strong>need k\u00f5igest paari minutiga Sinu e-mailile.<\/li>\n<li>Sul on ka v\u00f5imalus kasutada meie sekret\u00e4riteenust.<\/li>\n<\/ul>\n<p>[\/vc_column_text][\/vc_column_inner][vc_column_inner width=&#8221;1\/2&#8243;][vc_single_image image=&#8221;59552&#8243; img_size=&#8221;large&#8221; alignment=&#8221;center&#8221; css_animation=&#8221;appear&#8221;][\/vc_column_inner][\/vc_row_inner][vc_row_inner content_placement=&#8221;middle&#8221;][vc_column_inner width=&#8221;1\/2&#8243;][vc_single_image image=&#8221;59482&#8243; img_size=&#8221;large&#8221; alignment=&#8221;center&#8221; css_animation=&#8221;appear&#8221;][\/vc_column_inner][vc_column_inner width=&#8221;1\/2&#8243;][vc_column_text css_animation=&#8221;none&#8221;]<\/p>\n<h2><strong>Professionaalne mulje<\/strong><\/h2>\n<p>[\/vc_column_text][vc_column_text]<\/p>\n<ul>\n<li>Ettev\u00f5tte registreerimine<strong>\u00a0tuntud \u00e4rikvartali aadressile<\/strong>\u00a0j\u00e4tab klientidele ja partneritele professionaalsema mulje.<\/li>\n<li>Sekret\u00e4riteenuse puhul saad tellida vastamise ettev\u00f5tte <strong>k\u00f5nedele kohalikus keeles <\/strong>ning enda klientide ja partnerite <strong>vastuv\u00f5tmise kesklinna kontoris.<\/strong><\/li>\n<li>Sa v\u00f5id t\u00f6\u00f6tada kodust (v\u00f5i rannast palmipuu alt), kuid saad kliendikohtumisi pidada <strong>professionaalses keskkonnas.<\/strong><\/li>\n<\/ul>\n<p>[\/vc_column_text][\/vc_column_inner][\/vc_row_inner][vc_row_inner content_placement=&#8221;middle&#8221;][vc_column_inner width=&#8221;1\/2&#8243;][vc_column_text css_animation=&#8221;none&#8221;]<\/p>\n<h2><strong>Mugavus<\/strong><\/h2>\n<p>[\/vc_column_text][vc_column_text]<\/p>\n<ul>\n<li>Kohalik telefoninumber, millele vastab sekret\u00e4r<\/li>\n<li>Keegi, kes v\u00f5tab vastu, sorteerib ja edastab saabuvaid kirju<\/li>\n<li>Koht, kuhu saab enda kliente ja partnereid kohtuma kutsuda<\/li>\n<li>Meelerahu k\u00f5ikide operatiivsete ja v\u00e4ikeste detailide osas<\/li>\n<li>Ning see k\u00f5ik j\u00e4tab Sulle rohkem aega keskenduda enda ettev\u00f5tte p\u00f5hitegevusele<\/li>\n<\/ul>\n<p>[\/vc_column_text][\/vc_column_inner][vc_column_inner width=&#8221;1\/2&#8243;][vc_single_image image=&#8221;59561&#8243; img_size=&#8221;large&#8221; alignment=&#8221;center&#8221; css_animation=&#8221;appear&#8221;][\/vc_column_inner][\/vc_row_inner][vc_row_inner][vc_column_inner]<div id=\"ultimate-heading-890269f44732e156b\" class=\"uvc-heading ult-adjust-bottom-margin ultimate-heading-890269f44732e156b uvc-2165 accent-border-color\" data-hspacer=\"line_only\"  data-halign=\"left\" style=\"text-align:left\"><div class=\"uvc-main-heading ult-responsive\"  data-ultimate-target='.uvc-heading.ultimate-heading-890269f44732e156b h2'  data-responsive-json-new='{\"font-size\":\"desktop:34px;\",\"line-height\":\"desktop:44px;\"}' ><h2 style=\"font-weight:bold;margin-bottom:15px;\">1Office: Kes Me Oleme<\/h2><\/div><div class=\"uvc-heading-spacer line_only\" style=\"topheight:3px;\"><span class=\"uvc-headings-line\" style=\"border-style:solid;border-bottom-width:3px;border-color:;width:200px;\"><\/span><\/div><\/div>[\/vc_column_inner][\/vc_row_inner][vc_row_inner css=&#8221;.vc_custom_1538389607239{margin-top: 30px !important;}&#8221;][vc_column_inner width=&#8221;1\/3&#8243;]<div class=\"stats-block stats-left  \"><div class=\"aio-icon-left\"><div class=\"ult-just-icon-wrapper  \"><div class=\"align-icon\" style=\"text-align:center;\">\n<div class=\"aio-icon circle \"  style=\"color:#ffffff;background:#98c93c;font-size:32px;display:inline-block;\">\n\t<i class=\"icomoon-font-awesome-14x14-id-badge\"><\/i>\n<\/div><\/div><\/div><\/div><div class=\"stats-desc\" id=\"counter-responsv-wrap-6153\"><div id=\"counter_184391433769f44732e15d1\" data-id=\"counter_184391433769f44732e15d1\"  data-ultimate-target='#counter-responsv-wrap-6153 .stats-number'  data-responsive-json-new='{\"font-size\":\"\",\"line-height\":\"\"}'  class=\"stats-number ult-responsive\" style=\"font-size:28px;  font-weight:bold;\" data-speed=\"3\" data-counter-value=\"52\" data-separator=\",\" data-decimal=\".\">0<\/div><div id=\"title-counter_184391433769f44732e15d1\"  data-ultimate-target='#counter-responsv-wrap-6153 .stats-text'  data-responsive-json-new='{\"font-size\":\"\",\"line-height\":\"\"}'  class=\"stats-text ult-responsive\" style=\"font-size:18px;  \">1Office spetsialisti<\/div><\/div><\/div>[\/vc_column_inner][vc_column_inner width=&#8221;1\/3&#8243;]<div class=\"stats-block stats-left  \"><div class=\"aio-icon-left\"><div class=\"ult-just-icon-wrapper  \"><div class=\"align-icon\" style=\"text-align:center;\">\n<div class=\"aio-icon circle \"  style=\"color:#ffffff;background:#98c93c;font-size:32px;display:inline-block;\">\n\t<i class=\"icomoon-font-awesome-14x14-suitcase\"><\/i>\n<\/div><\/div><\/div><\/div><div class=\"stats-desc\" id=\"counter-responsv-wrap-7058\"><div id=\"counter_421054071069f44732e161e\" data-id=\"counter_421054071069f44732e161e\"  data-ultimate-target='#counter-responsv-wrap-7058 .stats-number'  data-responsive-json-new='{\"font-size\":\"\",\"line-height\":\"\"}'  class=\"stats-number ult-responsive\" style=\"font-size:28px;  font-weight:bold;\" data-speed=\"3\" data-counter-value=\"4273\" data-separator=\",\" data-decimal=\".\">0<\/div><div class=\"counter_suffix mycust ult-responsive\"  data-ultimate-target='#counter-responsv-wrap-7058 .mycust'  data-responsive-json-new='{\"font-size\":\"\",\"line-height\":\"\"}'  style=\"font-size:28px; color:\">+<\/div><div id=\"title-counter_421054071069f44732e161e\"  data-ultimate-target='#counter-responsv-wrap-7058 .stats-text'  data-responsive-json-new='{\"font-size\":\"\",\"line-height\":\"\"}'  class=\"stats-text ult-responsive\" style=\"font-size:18px;  \">Ettev\u00f5tet<\/div><\/div><\/div>[\/vc_column_inner][vc_column_inner width=&#8221;1\/3&#8243;]<div class=\"stats-block stats-left  \"><div class=\"aio-icon-left\"><div class=\"ult-just-icon-wrapper  \"><div class=\"align-icon\" style=\"text-align:center;\">\n<div class=\"aio-icon circle \"  style=\"color:#ffffff;background:#98c93c;font-size:32px;display:inline-block;\">\n\t<i class=\"icomoon-material-24x24-stars\"><\/i>\n<\/div><\/div><\/div><\/div><div class=\"stats-desc\" id=\"counter-responsv-wrap-6628\"><div id=\"counter_20415240069f44732e1667\" data-id=\"counter_20415240069f44732e1667\"  data-ultimate-target='#counter-responsv-wrap-6628 .stats-number'  data-responsive-json-new='{\"font-size\":\"\",\"line-height\":\"\"}'  class=\"stats-number ult-responsive\" style=\"font-size:28px;  font-weight:bold;\" data-speed=\"3\" data-counter-value=\"6\" data-separator=\",\" data-decimal=\".\">0<\/div><div id=\"title-counter_20415240069f44732e1667\"  data-ultimate-target='#counter-responsv-wrap-6628 .stats-text'  data-responsive-json-new='{\"font-size\":\"\",\"line-height\":\"\"}'  class=\"stats-text ult-responsive\" style=\"font-size:18px;  \">Kontorit Euroopas<\/div><\/div><\/div>[\/vc_column_inner][\/vc_row_inner][vc_row_inner el_class=&#8221;one-colbutton&#8221;][vc_column_inner width=&#8221;1\/2&#8243;]<style type=\"text\/css\" data-type=\"the7_shortcodes-inline-css\">#default-btn-b0ee5c6125a6d2769df8df46b4325319.ico-right-side > i {\n  margin-right: 0px;\n  margin-left: 8px;\n}\n#default-btn-b0ee5c6125a6d2769df8df46b4325319 > i {\n  margin-right: 8px;\n}<\/style><div class=\"btn-align-right\"><a href=\"https:\/\/1office.co\/estonia\/et\/\" class=\"default-btn-shortcode dt-btn dt-btn-l link-hover-off \" id=\"default-btn-b0ee5c6125a6d2769df8df46b4325319\"><span>Vaata k\u00f5iki teenuseid<\/span><\/a><\/div>[\/vc_column_inner][vc_column_inner width=&#8221;1\/2&#8243;]<style type=\"text\/css\" data-type=\"the7_shortcodes-inline-css\">#default-btn-af3cf3690a440724b2d32527cb6cae76.ico-right-side > i {\n  margin-right: 0px;\n  margin-left: 8px;\n}\n#default-btn-af3cf3690a440724b2d32527cb6cae76 > i {\n  margin-right: 8px;\n}<\/style><div class=\"btn-align-left\"><a href=\"mailto:sales@1office.co\" class=\"default-btn-shortcode dt-btn dt-btn-l link-hover-off \" id=\"default-btn-af3cf3690a440724b2d32527cb6cae76\"><span>V\u00f5ta meiega \u00fchendust<\/span><\/a><\/div>[\/vc_column_inner][\/vc_row_inner][vc_row_inner][vc_column_inner][\/vc_column_inner][\/vc_row_inner][vc_video link=&#8221;https:\/\/youtu.be\/U6G3ai6X42U&#8221;][\/vc_column][vc_column css_animation=&#8221;none&#8221; width=&#8221;1\/4&#8243; el_class=&#8221;one-collineright&#8221;][vc_column_text]<\/p>\n<h2><strong><span style=\"color: #99cc00;\">Osta kohe<\/span><\/strong><\/h2>\n<p>[\/vc_column_text][vc_column_text css_animation=&#8221;none&#8221;][\/vc_column_text][\/vc_column][\/vc_row][vc_row][vc_column][vc_empty_space height=&#8221;50&#8243;][\/vc_column][\/vc_row]<\/p>\n<\/div>","protected":false},"excerpt":{"rendered":"<p>[vc_row full_width=&#8221;stretch_row&#8221; bg_type=&#8221;image&#8221; parallax_style=&#8221;vcpb-default&#8221; bg_image_new=&#8221;id^59736|url^https:\/\/1office.co\/estonia\/wp-content\/uploads\/sites\/5\/2018\/10\/Tallinn-in-Estland-72-flag-2.jpg|caption^null|alt^null|title^Tallinn-in-Estland-72-flag-2|description^null&#8221; bg_image_repeat=&#8221;no-repeat&#8221; bg_image_posiiton=&#8221;0 80%&#8221; seperator_enable=&#8221;seperator_enable_value&#8221; seperator_type=&#8221;tilt_left_seperator&#8221; seperator_position=&#8221;bottom_seperator&#8221; el_class=&#8221;one-blog-head one-higher&#8221;][vc_column][\/vc_column][\/vc_row][vc_row main_heading=&#8221;Why choose 1Office&#8221; main_heading_color=&#8221;&#8221; heading_tag=&#8221;h2&#8243; sub_heading_color=&#8221;#999999&#8243; alignment=&#8221;center&#8221; spacer=&#8221;line_only&#8221; spacer_position=&#8221;middle&#8221; spacer_img_width=&#8221;48&#8243; line_style=&#8221;solid&#8221; line_height=&#8221;3&#8243; line_color=&#8221;&#8221; line_icon_fixer=&#8221;10&#8243; sub_heading_style=&#8221;font-style:italic;&#8221; sub_heading_font_size=&#8221;desktop:18px;&#8221; sub_heading_line_height=&#8221;desktop:28px;&#8221; main_heading_style=&#8221;font-weight:bold;&#8221; main_heading_margin=&#8221;margin-bottom:15px;&#8221; line_width=&#8221;200&#8243; el_class=&#8221;accent-border-color&#8221; main_heading_font_size=&#8221;desktop:34px;&#8221; main_heading_line_height=&#8221;desktop:44px;&#8221; margin_design_tab_text=&#8221;&#8221; main_heading_typograpy=&#8221;&#8221; main_heading_font_family=&#8221;&#8221; sub_heading_typograpy=&#8221;&#8221; sub_heading_font_family=&#8221;&#8221; sub_heading_margin=&#8221;&#8221; spacer_img=&#8221;&#8221; spacer_margin=&#8221;&#8221;][vc_column][vc_empty_space][vc_column_text] Virtuaalkontori teenused on k\u00f5ige vajalikumad v\u00e4lismaalt p\u00e4rit ettev\u00f5tjatele, sest ettev\u00f5tte omamisel&hellip;<\/p>\n","protected":false},"author":1,"featured_media":0,"parent":0,"menu_order":0,"comment_status":"closed","ping_status":"closed","template":"template-service.php","meta":{"_acf_changed":false,"inline_featured_image":false,"footnotes":"","_wp_rev_ctl_limit":""},"class_list":["post-59100","page","type-page","status-publish","hentry","description-off"],"acf":[],"yoast_head":"<!-- This site is optimized with the Yoast SEO Premium plugin v22.1 (Yoast SEO v27.0) - https:\/\/yoast.com\/product\/yoast-seo-premium-wordpress\/ -->\n<title>Virtuaalkontor - 1Office Estonia<\/title>\n<meta name=\"robots\" content=\"index, follow, max-snippet:-1, max-image-preview:large, max-video-preview:-1\" \/>\n<link rel=\"canonical\" href=\"https:\/\/1office.co\/estonia\/et\/virtuaalkontor\/\" \/>\n<meta property=\"og:locale\" content=\"et_EE\" \/>\n<meta property=\"og:type\" content=\"article\" \/>\n<meta property=\"og:title\" content=\"Virtuaalkontor\" \/>\n<meta property=\"og:description\" content=\"[vc_row full_width=&#8221;stretch_row&#8221; bg_type=&#8221;image&#8221; parallax_style=&#8221;vcpb-default&#8221; bg_image_new=&#8221;id^59736|url^https:\/\/1office.co\/estonia\/wp-content\/uploads\/sites\/5\/2018\/10\/Tallinn-in-Estland-72-flag-2.jpg|caption^null|alt^null|title^Tallinn-in-Estland-72-flag-2|description^null&#8221; bg_image_repeat=&#8221;no-repeat&#8221; bg_image_posiiton=&#8221;0 80%&#8221; seperator_enable=&#8221;seperator_enable_value&#8221; seperator_type=&#8221;tilt_left_seperator&#8221; seperator_position=&#8221;bottom_seperator&#8221; el_class=&#8221;one-blog-head one-higher&#8221;][vc_column][\/vc_column][\/vc_row][vc_row main_heading=&#8221;Why choose 1Office&#8221; main_heading_color=&#8221;&#8221; heading_tag=&#8221;h2&#8243; sub_heading_color=&#8221;#999999&#8243; alignment=&#8221;center&#8221; spacer=&#8221;line_only&#8221; spacer_position=&#8221;middle&#8221; spacer_img_width=&#8221;48&#8243; line_style=&#8221;solid&#8221; line_height=&#8221;3&#8243; line_color=&#8221;&#8221; line_icon_fixer=&#8221;10&#8243; sub_heading_style=&#8221;font-style:italic;&#8221; sub_heading_font_size=&#8221;desktop:18px;&#8221; sub_heading_line_height=&#8221;desktop:28px;&#8221; main_heading_style=&#8221;font-weight:bold;&#8221; main_heading_margin=&#8221;margin-bottom:15px;&#8221; line_width=&#8221;200&#8243; el_class=&#8221;accent-border-color&#8221; main_heading_font_size=&#8221;desktop:34px;&#8221; main_heading_line_height=&#8221;desktop:44px;&#8221; margin_design_tab_text=&#8221;&#8221; main_heading_typograpy=&#8221;&#8221; main_heading_font_family=&#8221;&#8221; sub_heading_typograpy=&#8221;&#8221; sub_heading_font_family=&#8221;&#8221; sub_heading_margin=&#8221;&#8221; spacer_img=&#8221;&#8221; spacer_margin=&#8221;&#8221;][vc_column][vc_empty_space][vc_column_text] Virtuaalkontori teenused on k\u00f5ige vajalikumad v\u00e4lismaalt p\u00e4rit ettev\u00f5tjatele, sest ettev\u00f5tte omamisel&hellip;\" \/>\n<meta property=\"og:url\" content=\"https:\/\/1office.co\/estonia\/et\/virtuaalkontor\/\" \/>\n<meta property=\"og:site_name\" content=\"1Office Estonia\" \/>\n<meta property=\"article:publisher\" content=\"https:\/\/www.facebook.com\/1Office\/?ref=br_rs\" \/>\n<meta property=\"article:modified_time\" content=\"2018-10-09T12:04:29+00:00\" \/>\n<meta name=\"twitter:card\" content=\"summary_large_image\" \/>\n<meta name=\"twitter:label1\" content=\"Est. reading time\" \/>\n\t<meta name=\"twitter:data1\" content=\"6 minutit\" \/>\n<script type=\"application\/ld+json\" class=\"yoast-schema-graph\">{\"@context\":\"https:\/\/schema.org\",\"@graph\":[{\"@type\":\"WebPage\",\"@id\":\"https:\/\/1office.co\/estonia\/et\/virtuaalkontor\/\",\"url\":\"https:\/\/1office.co\/estonia\/et\/virtuaalkontor\/\",\"name\":\"Virtuaalkontor - 1Office Estonia\",\"isPartOf\":{\"@id\":\"https:\/\/1office.co\/estonia\/ru\/#website\"},\"datePublished\":\"2018-10-04T11:54:55+00:00\",\"dateModified\":\"2018-10-09T12:04:29+00:00\",\"breadcrumb\":{\"@id\":\"https:\/\/1office.co\/estonia\/et\/virtuaalkontor\/#breadcrumb\"},\"inLanguage\":\"et\",\"potentialAction\":[{\"@type\":\"ReadAction\",\"target\":[\"https:\/\/1office.co\/estonia\/et\/virtuaalkontor\/\"]}]},{\"@type\":\"BreadcrumbList\",\"@id\":\"https:\/\/1office.co\/estonia\/et\/virtuaalkontor\/#breadcrumb\",\"itemListElement\":[{\"@type\":\"ListItem\",\"position\":1,\"name\":\"Home\",\"item\":\"https:\/\/1office.co\/estonia\/et\/\"},{\"@type\":\"ListItem\",\"position\":2,\"name\":\"Virtuaalkontor\"}]},{\"@type\":\"WebSite\",\"@id\":\"https:\/\/1office.co\/estonia\/ru\/#website\",\"url\":\"https:\/\/1office.co\/estonia\/ru\/\",\"name\":\"1Office Estonia\",\"description\":\"Making Business Simple\",\"potentialAction\":[{\"@type\":\"SearchAction\",\"target\":{\"@type\":\"EntryPoint\",\"urlTemplate\":\"https:\/\/1office.co\/estonia\/ru\/?s={search_term_string}\"},\"query-input\":{\"@type\":\"PropertyValueSpecification\",\"valueRequired\":true,\"valueName\":\"search_term_string\"}}],\"inLanguage\":\"et\"}]}<\/script>\n<!-- \/ Yoast SEO Premium plugin. -->","yoast_head_json":{"title":"Virtuaalkontor - 1Office Estonia","robots":{"index":"index","follow":"follow","max-snippet":"max-snippet:-1","max-image-preview":"max-image-preview:large","max-video-preview":"max-video-preview:-1"},"canonical":"https:\/\/1office.co\/estonia\/et\/virtuaalkontor\/","og_locale":"et_EE","og_type":"article","og_title":"Virtuaalkontor","og_description":"[vc_row full_width=&#8221;stretch_row&#8221; bg_type=&#8221;image&#8221; parallax_style=&#8221;vcpb-default&#8221; bg_image_new=&#8221;id^59736|url^https:\/\/1office.co\/estonia\/wp-content\/uploads\/sites\/5\/2018\/10\/Tallinn-in-Estland-72-flag-2.jpg|caption^null|alt^null|title^Tallinn-in-Estland-72-flag-2|description^null&#8221; bg_image_repeat=&#8221;no-repeat&#8221; bg_image_posiiton=&#8221;0 80%&#8221; seperator_enable=&#8221;seperator_enable_value&#8221; seperator_type=&#8221;tilt_left_seperator&#8221; seperator_position=&#8221;bottom_seperator&#8221; el_class=&#8221;one-blog-head one-higher&#8221;][vc_column][\/vc_column][\/vc_row][vc_row main_heading=&#8221;Why choose 1Office&#8221; main_heading_color=&#8221;&#8221; heading_tag=&#8221;h2&#8243; sub_heading_color=&#8221;#999999&#8243; alignment=&#8221;center&#8221; spacer=&#8221;line_only&#8221; spacer_position=&#8221;middle&#8221; spacer_img_width=&#8221;48&#8243; line_style=&#8221;solid&#8221; line_height=&#8221;3&#8243; line_color=&#8221;&#8221; line_icon_fixer=&#8221;10&#8243; sub_heading_style=&#8221;font-style:italic;&#8221; sub_heading_font_size=&#8221;desktop:18px;&#8221; sub_heading_line_height=&#8221;desktop:28px;&#8221; main_heading_style=&#8221;font-weight:bold;&#8221; main_heading_margin=&#8221;margin-bottom:15px;&#8221; line_width=&#8221;200&#8243; el_class=&#8221;accent-border-color&#8221; main_heading_font_size=&#8221;desktop:34px;&#8221; main_heading_line_height=&#8221;desktop:44px;&#8221; margin_design_tab_text=&#8221;&#8221; main_heading_typograpy=&#8221;&#8221; main_heading_font_family=&#8221;&#8221; sub_heading_typograpy=&#8221;&#8221; sub_heading_font_family=&#8221;&#8221; sub_heading_margin=&#8221;&#8221; spacer_img=&#8221;&#8221; spacer_margin=&#8221;&#8221;][vc_column][vc_empty_space][vc_column_text] Virtuaalkontori teenused on k\u00f5ige vajalikumad v\u00e4lismaalt p\u00e4rit ettev\u00f5tjatele, sest ettev\u00f5tte omamisel&hellip;","og_url":"https:\/\/1office.co\/estonia\/et\/virtuaalkontor\/","og_site_name":"1Office Estonia","article_publisher":"https:\/\/www.facebook.com\/1Office\/?ref=br_rs","article_modified_time":"2018-10-09T12:04:29+00:00","twitter_card":"summary_large_image","twitter_misc":{"Est. reading time":"6 minutit"},"schema":{"@context":"https:\/\/schema.org","@graph":[{"@type":"WebPage","@id":"https:\/\/1office.co\/estonia\/et\/virtuaalkontor\/","url":"https:\/\/1office.co\/estonia\/et\/virtuaalkontor\/","name":"Virtuaalkontor - 1Office Estonia","isPartOf":{"@id":"https:\/\/1office.co\/estonia\/ru\/#website"},"datePublished":"2018-10-04T11:54:55+00:00","dateModified":"2018-10-09T12:04:29+00:00","breadcrumb":{"@id":"https:\/\/1office.co\/estonia\/et\/virtuaalkontor\/#breadcrumb"},"inLanguage":"et","potentialAction":[{"@type":"ReadAction","target":["https:\/\/1office.co\/estonia\/et\/virtuaalkontor\/"]}]},{"@type":"BreadcrumbList","@id":"https:\/\/1office.co\/estonia\/et\/virtuaalkontor\/#breadcrumb","itemListElement":[{"@type":"ListItem","position":1,"name":"Home","item":"https:\/\/1office.co\/estonia\/et\/"},{"@type":"ListItem","position":2,"name":"Virtuaalkontor"}]},{"@type":"WebSite","@id":"https:\/\/1office.co\/estonia\/ru\/#website","url":"https:\/\/1office.co\/estonia\/ru\/","name":"1Office Estonia","description":"Making Business Simple","potentialAction":[{"@type":"SearchAction","target":{"@type":"EntryPoint","urlTemplate":"https:\/\/1office.co\/estonia\/ru\/?s={search_term_string}"},"query-input":{"@type":"PropertyValueSpecification","valueRequired":true,"valueName":"search_term_string"}}],"inLanguage":"et"}]}},"_links":{"self":[{"href":"https:\/\/1office.co\/estonia\/et\/wp-json\/wp\/v2\/pages\/59100","targetHints":{"allow":["GET"]}}],"collection":[{"href":"https:\/\/1office.co\/estonia\/et\/wp-json\/wp\/v2\/pages"}],"about":[{"href":"https:\/\/1office.co\/estonia\/et\/wp-json\/wp\/v2\/types\/page"}],"author":[{"embeddable":true,"href":"https:\/\/1office.co\/estonia\/et\/wp-json\/wp\/v2\/users\/1"}],"replies":[{"embeddable":true,"href":"https:\/\/1office.co\/estonia\/et\/wp-json\/wp\/v2\/comments?post=59100"}],"version-history":[{"count":16,"href":"https:\/\/1office.co\/estonia\/et\/wp-json\/wp\/v2\/pages\/59100\/revisions"}],"predecessor-version":[{"id":59747,"href":"https:\/\/1office.co\/estonia\/et\/wp-json\/wp\/v2\/pages\/59100\/revisions\/59747"}],"wp:attachment":[{"href":"https:\/\/1office.co\/estonia\/et\/wp-json\/wp\/v2\/media?parent=59100"}],"curies":[{"name":"wp","href":"https:\/\/api.w.org\/{rel}","templated":true}]}}