{"id":57603,"date":"2017-08-10T10:40:19","date_gmt":"2017-08-10T10:40:19","guid":{"rendered":"https:\/\/1office.co\/estonia\/product\/authorized-contact-person-with-a-legal-address-narva-mnt-5-10117-tallinn\/"},"modified":"2021-06-10T19:17:52","modified_gmt":"2021-06-10T19:17:52","slug":"juriidiline-kontaktisik-koos-ariaadressiga-tallinna-kesklinnas","status":"publish","type":"product","link":"https:\/\/1office.co\/estonia\/et\/Teenus\/juriidiline-kontaktisik-koos-ariaadressiga-tallinna-kesklinnas\/","title":{"rendered":"Kontaktisik koos \u00e4riaadressiga Tallinna kesklinna \u00e4rikvartalis \u00fcheks aastaks"},"content":{"rendered":"<div class=\"wpb-content-wrapper\"><p>[vc_row][vc_column]<div id=\"advanced-tabs-desc-wrap-1394\" class=\"ult_tabs product_tabs\" style=\" \" data-tabsstyle=\"style1\"\n data-titlebg=\"#ffffff\" data-titlecolor=\"#b6b8ba\" data-fullheight=\"off\"\n data-titlehoverbg=\"#ffffff\" data-titlehovercolor=\"#1d1e23\"\n data-rotatetabs=\"0\" data-responsivemode=\"Both\" data-animation=\"Slide\"\ndata-activetitle=\"#1d1e23\" data-activeicon=\"\" data-activebg=\"#ffffff\"  data-respmode=\"Tabs\" data-respwidth=\"400\" data-scroll = \"on\" data-activeindex=\"1\"><ul id=advanced-tabs-wrap-6481 class=\"ult_tabmenu style1 \" style=\"\"><li class=\"ult_tab_li  \" data-iconcolor=\"#74777b\" data-iconhover=\"#ffffff\" style=\"background-color:#ffffff;border-color:transparent;border-width:0px;border-style:solid;border-top-right-radius:8px;\">\n\t\t\t\t\t<a href=\"#1512642751410-8d9fb-9820\"  id=\"1512642751410-8d9fb-9820\"  style=\"color:#b6b8ba;; padding:15px; \" class=\"ult_a  \">\n\t\t\t\t\t     <span class=\"ult_tab_main Both \">\n\t\t\t\t\t \t\t <span class=\"ult_tab_section\">\n\t\t\t\t\t   \t\t\t<span  data-ultimate-target='#advanced-tabs-wrap-6481 .ult-span-text'  data-responsive-json-new='{\"font-size\":\"desktop:14px;\",\"line-height\":\"\"}'  class=\"ult-span-text no_icon ult_tab_display_text ult-responsive\" style=\"font-weight:bold;;\">Kirjeldus<\/span>\n\t\t\t\t\t   \t\t<\/span>\n\t\t\t\t\t\t<\/span>\n\t\t\t\t\t<\/a>\n\t\t\t\t\t<\/li><\/ul><div  data-ultimate-target='#advanced-tabs-desc-wrap-1394 .ult_tabcontent .ult_tab_min_contain  p'  data-responsive-json-new='{\"font-size\":\"\",\"line-height\":\"\"}' class=\"ult_tabcontent ult-responsive style1\" style=\"color:#74777b;\"><div class=\"ult_tab_min_contain \" >\n\t\t\t<div  class=\"ult_tabitemname\"  >\n\t\t\t\t[vc_column_text]Kontaktisiku m\u00e4\u00e4ramine on kohustuslik k\u00f5igile Eestis registreeritud ettev\u00f5tetele, kelle juhatus asub v\u00e4ljaspool Eestit. Kontaktisik on \u00e4riregistri ning teiste ametiasutuste jaoks esimeseks kontaktiks ning ta on volitatud ettev\u00f5tte nimel ametlikke kirju vastu v\u00f5tma. Teenus sisaldab ka \u00e4riaadressi koos postiteenusega.<\/p>\n<p>&nbsp;<\/p>\n<p><strong>Hinnas sisaldub:<\/strong><\/p>\n<ul>\n<li>Kontaktisik ettev\u00f5tte ametlike kirjade vastuv\u00f5tmiseks<\/li>\n<li>Juriidiline aadress ettev\u00f5tte registreerimiseks \u00c4riregistris<\/li>\n<li>Ettev\u00f5tte tegevusaadress posti k\u00e4ttesaamiseks<\/li>\n<li>Posti sorteerimine ning selle edastamine e-posti teel kuni 10 kirja kuus<\/li>\n<\/ul>\n<p>&nbsp;<\/p>\n<p class=\"p1\"><strong>Saadaval lisatasu eest:<\/strong><br \/>\nKui eelistate kirjade edastamist posti teel, lisandub hinnale postikulu ning sekret\u00e4rit\u00f6\u00f6 tasu (20\u20ac\/h).<\/p>\n<p class=\"p1\">Kui teie ettev\u00f5ttele tuleb rohkem kui 10 kirja kuus, lisandub teenuse hinnale sekret\u00e4rit\u00f6\u00f6 tasu:<\/p>\n<ul>\n<li class=\"p1\">11-50 kirja kuus \u2013 20\u20ac<\/li>\n<li class=\"p1\">51-100 kirja kuus \u2013 40\u20ac<\/li>\n<li class=\"p1\">Iga j\u00e4rgneva 50 kirja kohta 20\u20ac<\/li>\n<\/ul>\n<p>V\u00f5tame vastu ka ettev\u00f5ttele saabuvad pakid maksimaalsete m\u00f5\u00f5tmetega 39x64x38 cm ja maksimaalse kaaluga 30 kg:<\/p>\n<ul>\n<li>S \u2013 v\u00e4ike pakk m\u00f5\u00f5tmetega kuni 9x64x38 cm \u2013 vastuv\u00f5tmine ja hoiustamine kuni 3 p\u00e4eva \u2013 5\u20ac<\/li>\n<li>M \u2013 keskmine pakk m\u00f5\u00f5tmetega kuni 19x64x38 cm \u2013 vastuv\u00f5tmine ja hoiustamine kuni 3 p\u00e4eva \u2013 10\u20ac<\/li>\n<li>L \u2013 suur pakk m\u00f5\u00f5tmetega kuni 39x64x38 cm \u2013 vastuv\u00f5tmine ja hoiustamine kuni 3 p\u00e4eva \u2013 15\u20ac<\/li>\n<li>Kui soovite pakki meie juures hoiustada kauem kui 3 p\u00e4eva, lisandub iga p\u00e4eva eest 5\u20ac paki kohta.<\/li>\n<li>Paki edasisaatmisel lisandub hinnale postikulu\/kulleri tasu ning sekret\u00e4ri ajakulu edasisaatmise korraldamiseks.<\/li>\n<\/ul>\n<p>Erisoovide korral rakendub tunnip\u00f5hine sekret\u00e4rit\u00f6\u00f6 arvestus 20\u20ac\/h. Lisateenuste eest saadetakse eraldi arved.<\/p>\n<p>&nbsp;<\/p>\n<p><strong>T\u00e4htis informatsioon:<\/strong><\/p>\n<ul>\n<li>Teenus on perioodiline, mis t\u00e4hendab, et see j\u00e4tkub automaatselt p\u00e4rast aasta m\u00f6\u00f6dumist. Uus arve v\u00e4ljastatakse \u00fcks kuu enne uue kontaktisiku perioodi algust.<\/li>\n<li>Teenus sisaldab ka \u00e4riaadressi teenust samaks perioodiks.<\/li>\n<\/ul>\n<p>[\/vc_column_text]\n\t\t\t<\/div><\/div><\/div><\/div><div class=\"ult_acord advanced-tabs-desc-wrap-1394\">\n   <div class=\"ult-tabto-accordion \" style=\"width:;\"\n    data-titlecolor=\"#b6b8ba\"  data-titlebg=\"#ffffff\"\n     data-titlehoverbg=\"#ffffff\" data-titlehovercolor=\"#1d1e23\" data-animation=\"Slide\"\n     data-activetitle=\"#1d1e23\" data-activeicon=\"\" data-activebg=\"#ffffff\" data-scroll = \"on\" data-activeindex=\"1\" >\n     <dl><dt class=\"\">\n\t        \t<a class=\"ult-tabto-actitle withBorder ult_a \" id=\"1512642751410-8d9fb-9820\" style=\"color:#b6b8ba;;background-color:#ffffff;border-bottom-color:transparent;border-bottom-width:0px;border-bottom-style:solid;\" href=\"#1512642751410-8d9fb-9820\">\n\t        \t\t<i class=\"accordion-icon\"><\/i>\n\t        \t\t\t<span class=\"ult_tab_main ult_ac_main ult_noacordicnBoth\">\n\n\t\t\t\t\t\t<span  data-ultimate-target='#advanced-tabs-wrap-6481 .ult-span-text'  data-responsive-json-new='{\"font-size\":\"desktop:14px;\",\"line-height\":\"\"}'  class=\"ult-span-text no_icon ult_acordian-text ult-responsive\" style=\"font-weight:bold;;color:inherit \" >Kirjeldus<\/span>\n\t\t\t\t\t\t<\/span><\/a><\/dt>\n\t            \t\t<dd class=\"ult-tabto-accordionItem ult-tabto-accolapsed\">\n\t\t\t\t            <div class=\"ult-tabto-acontent\" style=\"color:#74777b;\">\n\t\t\t\t               [vc_column_text]Kontaktisiku m\u00e4\u00e4ramine on kohustuslik k\u00f5igile Eestis registreeritud ettev\u00f5tetele, kelle juhatus asub v\u00e4ljaspool Eestit. Kontaktisik on \u00e4riregistri ning teiste ametiasutuste jaoks esimeseks kontaktiks ning ta on volitatud ettev\u00f5tte nimel ametlikke kirju vastu v\u00f5tma. Teenus sisaldab ka \u00e4riaadressi koos postiteenusega.<\/p>\n<p>&nbsp;<\/p>\n<p><strong>Hinnas sisaldub:<\/strong><\/p>\n<ul>\n<li>Kontaktisik ettev\u00f5tte ametlike kirjade vastuv\u00f5tmiseks<\/li>\n<li>Juriidiline aadress ettev\u00f5tte registreerimiseks \u00c4riregistris<\/li>\n<li>Ettev\u00f5tte tegevusaadress posti k\u00e4ttesaamiseks<\/li>\n<li>Posti sorteerimine ning selle edastamine e-posti teel kuni 10 kirja kuus<\/li>\n<\/ul>\n<p>&nbsp;<\/p>\n<p class=\"p1\"><strong>Saadaval lisatasu eest:<\/strong><br \/>\nKui eelistate kirjade edastamist posti teel, lisandub hinnale postikulu ning sekret\u00e4rit\u00f6\u00f6 tasu (20\u20ac\/h).<\/p>\n<p class=\"p1\">Kui teie ettev\u00f5ttele tuleb rohkem kui 10 kirja kuus, lisandub teenuse hinnale sekret\u00e4rit\u00f6\u00f6 tasu:<\/p>\n<ul>\n<li class=\"p1\">11-50 kirja kuus \u2013 20\u20ac<\/li>\n<li class=\"p1\">51-100 kirja kuus \u2013 40\u20ac<\/li>\n<li class=\"p1\">Iga j\u00e4rgneva 50 kirja kohta 20\u20ac<\/li>\n<\/ul>\n<p>V\u00f5tame vastu ka ettev\u00f5ttele saabuvad pakid maksimaalsete m\u00f5\u00f5tmetega 39x64x38 cm ja maksimaalse kaaluga 30 kg:<\/p>\n<ul>\n<li>S \u2013 v\u00e4ike pakk m\u00f5\u00f5tmetega kuni 9x64x38 cm \u2013 vastuv\u00f5tmine ja hoiustamine kuni 3 p\u00e4eva \u2013 5\u20ac<\/li>\n<li>M \u2013 keskmine pakk m\u00f5\u00f5tmetega kuni 19x64x38 cm \u2013 vastuv\u00f5tmine ja hoiustamine kuni 3 p\u00e4eva \u2013 10\u20ac<\/li>\n<li>L \u2013 suur pakk m\u00f5\u00f5tmetega kuni 39x64x38 cm \u2013 vastuv\u00f5tmine ja hoiustamine kuni 3 p\u00e4eva \u2013 15\u20ac<\/li>\n<li>Kui soovite pakki meie juures hoiustada kauem kui 3 p\u00e4eva, lisandub iga p\u00e4eva eest 5\u20ac paki kohta.<\/li>\n<li>Paki edasisaatmisel lisandub hinnale postikulu\/kulleri tasu ning sekret\u00e4ri ajakulu edasisaatmise korraldamiseks.<\/li>\n<\/ul>\n<p>Erisoovide korral rakendub tunnip\u00f5hine sekret\u00e4rit\u00f6\u00f6 arvestus 20\u20ac\/h. Lisateenuste eest saadetakse eraldi arved.<\/p>\n<p>&nbsp;<\/p>\n<p><strong>T\u00e4htis informatsioon:<\/strong><\/p>\n<ul>\n<li>Teenus on perioodiline, mis t\u00e4hendab, et see j\u00e4tkub automaatselt p\u00e4rast aasta m\u00f6\u00f6dumist. Uus arve v\u00e4ljastatakse \u00fcks kuu enne uue kontaktisiku perioodi algust.<\/li>\n<li>Teenus sisaldab ka \u00e4riaadressi teenust samaks perioodiks.<\/li>\n<\/ul>\n<p>[\/vc_column_text]\n\t\t\t\t            <\/div>\n\t        \t\t\t<\/dd>\n    \t<\/dl>\n    <!--<div class=\"extraborder\" style=\"background-color:#ffffff\"><\/div>-->\n<\/div>\n\n<\/div>[\/vc_column][\/vc_row]<\/p>\n<\/div>","protected":false},"excerpt":{"rendered":"<p>Iga Eesti ettev\u00f5te, kelle juhatus ei asu Eestis, peab m\u00e4\u00e4rama kontaktisiku. Kontaktisik on Eesti ametiasutuste jaoks esimene kontakt, kellele ametlikud dokumentid edastatakse.<\/p>\n","protected":false},"featured_media":59571,"template":"","meta":{"_acf_changed":false,"inline_featured_image":false},"product_brand":[],"product_cat":[343],"product_tag":[311],"class_list":{"0":"post-57603","1":"product","2":"type-product","3":"status-publish","4":"has-post-thumbnail","6":"product_cat-uncategorized-et","7":"product_tag-eesti","8":"description-off","10":"first","11":"instock","12":"virtual","13":"taxable","14":"purchasable","15":"product-type-simple"},"bundled_by":[],"bundle_stock_status":"instock","bundle_stock_quantity":null,"bundle_virtual":false,"bundle_layout":"","bundle_add_to_cart_form_location":"","bundle_editable_in_cart":false,"bundle_sold_individually_context":"","bundle_item_grouping":"","bundle_min_size":"","bundle_max_size":"","bundle_price":[],"bundled_items":[],"bundle_sell_ids":[],"acf":[],"yoast_head":"<!-- This site is optimized with the Yoast SEO Premium plugin v22.1 (Yoast SEO v27.0) - https:\/\/yoast.com\/product\/yoast-seo-premium-wordpress\/ -->\n<title>juriidiline-kontaktisik-koos-ariaadressiga-tallinna-kesklinnas<\/title>\n<meta name=\"description\" content=\"Iga Eesti ettev\u00f5te, kelle juhatus asub v\u00e4lismaal, peab m\u00e4\u00e4rama juriidilise kontaktisiku. Juriidiline kontaktisik on Eesti ametiasutuste jaoks esimene kontakt, mida dokumentide edastamiseks kasutatakse.\" \/>\n<meta name=\"robots\" content=\"noindex, follow\" \/>\n<meta property=\"og:locale\" content=\"et_EE\" \/>\n<meta property=\"og:type\" content=\"article\" \/>\n<meta property=\"og:title\" content=\"Kontaktisik koos \u00e4riaadressiga Tallinna kesklinna \u00e4rikvartalis \u00fcheks aastaks\" \/>\n<meta property=\"og:description\" content=\"Iga Eesti ettev\u00f5te, kelle juhatus asub v\u00e4lismaal, peab m\u00e4\u00e4rama juriidilise kontaktisiku. Juriidiline kontaktisik on Eesti ametiasutuste jaoks esimene kontakt, mida dokumentide edastamiseks kasutatakse.\" \/>\n<meta property=\"og:url\" content=\"https:\/\/1office.co\/estonia\/et\/Teenus\/juriidiline-kontaktisik-koos-ariaadressiga-tallinna-kesklinnas\/\" \/>\n<meta property=\"og:site_name\" content=\"1Office Estonia\" \/>\n<meta property=\"article:publisher\" content=\"https:\/\/www.facebook.com\/1Office\/?ref=br_rs\" \/>\n<meta property=\"article:modified_time\" content=\"2021-06-10T19:17:52+00:00\" \/>\n<meta property=\"og:image\" content=\"https:\/\/1office.co\/estonia\/wp-content\/uploads\/sites\/5\/2017\/08\/FP7TZ9HQO0-e1594799833974.jpg\" \/>\n\t<meta property=\"og:image:width\" content=\"960\" \/>\n\t<meta property=\"og:image:height\" content=\"755\" \/>\n\t<meta property=\"og:image:type\" content=\"image\/jpeg\" \/>\n<meta name=\"twitter:card\" content=\"summary_large_image\" \/>\n<meta name=\"twitter:label1\" content=\"Est. reading time\" \/>\n\t<meta name=\"twitter:data1\" content=\"2 minutit\" \/>\n<script type=\"application\/ld+json\" class=\"yoast-schema-graph\">{\"@context\":\"https:\/\/schema.org\",\"@graph\":[{\"@type\":\"WebPage\",\"@id\":\"https:\/\/1office.co\/estonia\/et\/Teenus\/juriidiline-kontaktisik-koos-ariaadressiga-tallinna-kesklinnas\/\",\"url\":\"https:\/\/1office.co\/estonia\/et\/Teenus\/juriidiline-kontaktisik-koos-ariaadressiga-tallinna-kesklinnas\/\",\"name\":\"juriidiline-kontaktisik-koos-ariaadressiga-tallinna-kesklinnas\",\"isPartOf\":{\"@id\":\"https:\/\/1office.co\/estonia\/ru\/#website\"},\"primaryImageOfPage\":{\"@id\":\"https:\/\/1office.co\/estonia\/et\/Teenus\/juriidiline-kontaktisik-koos-ariaadressiga-tallinna-kesklinnas\/#primaryimage\"},\"image\":{\"@id\":\"https:\/\/1office.co\/estonia\/et\/Teenus\/juriidiline-kontaktisik-koos-ariaadressiga-tallinna-kesklinnas\/#primaryimage\"},\"thumbnailUrl\":\"https:\/\/1office.co\/estonia\/wp-content\/uploads\/sites\/5\/2017\/08\/FP7TZ9HQO0-e1594799833974.jpg\",\"datePublished\":\"2017-08-10T10:40:19+00:00\",\"dateModified\":\"2021-06-10T19:17:52+00:00\",\"description\":\"Iga Eesti ettev\u00f5te, kelle juhatus asub v\u00e4lismaal, peab m\u00e4\u00e4rama juriidilise kontaktisiku. Juriidiline kontaktisik on Eesti ametiasutuste jaoks esimene kontakt, mida dokumentide edastamiseks kasutatakse.\",\"breadcrumb\":{\"@id\":\"https:\/\/1office.co\/estonia\/et\/Teenus\/juriidiline-kontaktisik-koos-ariaadressiga-tallinna-kesklinnas\/#breadcrumb\"},\"inLanguage\":\"et\",\"potentialAction\":[{\"@type\":\"ReadAction\",\"target\":[\"https:\/\/1office.co\/estonia\/et\/Teenus\/juriidiline-kontaktisik-koos-ariaadressiga-tallinna-kesklinnas\/\"]}]},{\"@type\":\"ImageObject\",\"inLanguage\":\"et\",\"@id\":\"https:\/\/1office.co\/estonia\/et\/Teenus\/juriidiline-kontaktisik-koos-ariaadressiga-tallinna-kesklinnas\/#primaryimage\",\"url\":\"https:\/\/1office.co\/estonia\/wp-content\/uploads\/sites\/5\/2017\/08\/FP7TZ9HQO0-e1594799833974.jpg\",\"contentUrl\":\"https:\/\/1office.co\/estonia\/wp-content\/uploads\/sites\/5\/2017\/08\/FP7TZ9HQO0-e1594799833974.jpg\",\"width\":960,\"height\":755},{\"@type\":\"BreadcrumbList\",\"@id\":\"https:\/\/1office.co\/estonia\/et\/Teenus\/juriidiline-kontaktisik-koos-ariaadressiga-tallinna-kesklinnas\/#breadcrumb\",\"itemListElement\":[{\"@type\":\"ListItem\",\"position\":1,\"name\":\"Home\",\"item\":\"https:\/\/1office.co\/estonia\/et\/\"},{\"@type\":\"ListItem\",\"position\":2,\"name\":\"Services Shop\",\"item\":\"https:\/\/1office.co\/estonia\/services-shop\/\"},{\"@type\":\"ListItem\",\"position\":3,\"name\":\"Kontaktisik koos \u00e4riaadressiga Tallinna kesklinna \u00e4rikvartalis \u00fcheks aastaks\"}]},{\"@type\":\"WebSite\",\"@id\":\"https:\/\/1office.co\/estonia\/ru\/#website\",\"url\":\"https:\/\/1office.co\/estonia\/ru\/\",\"name\":\"1Office Estonia\",\"description\":\"Making Business Simple\",\"potentialAction\":[{\"@type\":\"SearchAction\",\"target\":{\"@type\":\"EntryPoint\",\"urlTemplate\":\"https:\/\/1office.co\/estonia\/ru\/?s={search_term_string}\"},\"query-input\":{\"@type\":\"PropertyValueSpecification\",\"valueRequired\":true,\"valueName\":\"search_term_string\"}}],\"inLanguage\":\"et\"}]}<\/script>\n<!-- \/ Yoast SEO Premium plugin. -->","yoast_head_json":{"title":"juriidiline-kontaktisik-koos-ariaadressiga-tallinna-kesklinnas","description":"Iga Eesti ettev\u00f5te, kelle juhatus asub v\u00e4lismaal, peab m\u00e4\u00e4rama juriidilise kontaktisiku. Juriidiline kontaktisik on Eesti ametiasutuste jaoks esimene kontakt, mida dokumentide edastamiseks kasutatakse.","robots":{"index":"noindex","follow":"follow"},"og_locale":"et_EE","og_type":"article","og_title":"Kontaktisik koos \u00e4riaadressiga Tallinna kesklinna \u00e4rikvartalis \u00fcheks aastaks","og_description":"Iga Eesti ettev\u00f5te, kelle juhatus asub v\u00e4lismaal, peab m\u00e4\u00e4rama juriidilise kontaktisiku. Juriidiline kontaktisik on Eesti ametiasutuste jaoks esimene kontakt, mida dokumentide edastamiseks kasutatakse.","og_url":"https:\/\/1office.co\/estonia\/et\/Teenus\/juriidiline-kontaktisik-koos-ariaadressiga-tallinna-kesklinnas\/","og_site_name":"1Office Estonia","article_publisher":"https:\/\/www.facebook.com\/1Office\/?ref=br_rs","article_modified_time":"2021-06-10T19:17:52+00:00","og_image":[{"width":960,"height":755,"url":"https:\/\/1office.co\/estonia\/wp-content\/uploads\/sites\/5\/2017\/08\/FP7TZ9HQO0-e1594799833974.jpg","type":"image\/jpeg"}],"twitter_card":"summary_large_image","twitter_misc":{"Est. reading time":"2 minutit"},"schema":{"@context":"https:\/\/schema.org","@graph":[{"@type":"WebPage","@id":"https:\/\/1office.co\/estonia\/et\/Teenus\/juriidiline-kontaktisik-koos-ariaadressiga-tallinna-kesklinnas\/","url":"https:\/\/1office.co\/estonia\/et\/Teenus\/juriidiline-kontaktisik-koos-ariaadressiga-tallinna-kesklinnas\/","name":"juriidiline-kontaktisik-koos-ariaadressiga-tallinna-kesklinnas","isPartOf":{"@id":"https:\/\/1office.co\/estonia\/ru\/#website"},"primaryImageOfPage":{"@id":"https:\/\/1office.co\/estonia\/et\/Teenus\/juriidiline-kontaktisik-koos-ariaadressiga-tallinna-kesklinnas\/#primaryimage"},"image":{"@id":"https:\/\/1office.co\/estonia\/et\/Teenus\/juriidiline-kontaktisik-koos-ariaadressiga-tallinna-kesklinnas\/#primaryimage"},"thumbnailUrl":"https:\/\/1office.co\/estonia\/wp-content\/uploads\/sites\/5\/2017\/08\/FP7TZ9HQO0-e1594799833974.jpg","datePublished":"2017-08-10T10:40:19+00:00","dateModified":"2021-06-10T19:17:52+00:00","description":"Iga Eesti ettev\u00f5te, kelle juhatus asub v\u00e4lismaal, peab m\u00e4\u00e4rama juriidilise kontaktisiku. Juriidiline kontaktisik on Eesti ametiasutuste jaoks esimene kontakt, mida dokumentide edastamiseks kasutatakse.","breadcrumb":{"@id":"https:\/\/1office.co\/estonia\/et\/Teenus\/juriidiline-kontaktisik-koos-ariaadressiga-tallinna-kesklinnas\/#breadcrumb"},"inLanguage":"et","potentialAction":[{"@type":"ReadAction","target":["https:\/\/1office.co\/estonia\/et\/Teenus\/juriidiline-kontaktisik-koos-ariaadressiga-tallinna-kesklinnas\/"]}]},{"@type":"ImageObject","inLanguage":"et","@id":"https:\/\/1office.co\/estonia\/et\/Teenus\/juriidiline-kontaktisik-koos-ariaadressiga-tallinna-kesklinnas\/#primaryimage","url":"https:\/\/1office.co\/estonia\/wp-content\/uploads\/sites\/5\/2017\/08\/FP7TZ9HQO0-e1594799833974.jpg","contentUrl":"https:\/\/1office.co\/estonia\/wp-content\/uploads\/sites\/5\/2017\/08\/FP7TZ9HQO0-e1594799833974.jpg","width":960,"height":755},{"@type":"BreadcrumbList","@id":"https:\/\/1office.co\/estonia\/et\/Teenus\/juriidiline-kontaktisik-koos-ariaadressiga-tallinna-kesklinnas\/#breadcrumb","itemListElement":[{"@type":"ListItem","position":1,"name":"Home","item":"https:\/\/1office.co\/estonia\/et\/"},{"@type":"ListItem","position":2,"name":"Services Shop","item":"https:\/\/1office.co\/estonia\/services-shop\/"},{"@type":"ListItem","position":3,"name":"Kontaktisik koos \u00e4riaadressiga Tallinna kesklinna \u00e4rikvartalis \u00fcheks aastaks"}]},{"@type":"WebSite","@id":"https:\/\/1office.co\/estonia\/ru\/#website","url":"https:\/\/1office.co\/estonia\/ru\/","name":"1Office Estonia","description":"Making Business Simple","potentialAction":[{"@type":"SearchAction","target":{"@type":"EntryPoint","urlTemplate":"https:\/\/1office.co\/estonia\/ru\/?s={search_term_string}"},"query-input":{"@type":"PropertyValueSpecification","valueRequired":true,"valueName":"search_term_string"}}],"inLanguage":"et"}]}},"_links":{"self":[{"href":"https:\/\/1office.co\/estonia\/et\/wp-json\/wp\/v2\/product\/57603","targetHints":{"allow":["GET"]}}],"collection":[{"href":"https:\/\/1office.co\/estonia\/et\/wp-json\/wp\/v2\/product"}],"about":[{"href":"https:\/\/1office.co\/estonia\/et\/wp-json\/wp\/v2\/types\/product"}],"wp:featuredmedia":[{"embeddable":true,"href":"https:\/\/1office.co\/estonia\/et\/wp-json\/wp\/v2\/media\/59571"}],"wp:attachment":[{"href":"https:\/\/1office.co\/estonia\/et\/wp-json\/wp\/v2\/media?parent=57603"}],"wp:term":[{"taxonomy":"product_brand","embeddable":true,"href":"https:\/\/1office.co\/estonia\/et\/wp-json\/wp\/v2\/product_brand?post=57603"},{"taxonomy":"product_cat","embeddable":true,"href":"https:\/\/1office.co\/estonia\/et\/wp-json\/wp\/v2\/product_cat?post=57603"},{"taxonomy":"product_tag","embeddable":true,"href":"https:\/\/1office.co\/estonia\/et\/wp-json\/wp\/v2\/product_tag?post=57603"}],"curies":[{"name":"wp","href":"https:\/\/api.w.org\/{rel}","templated":true}]}}