{"id":57608,"date":"2017-08-10T10:40:19","date_gmt":"2017-08-10T10:40:19","guid":{"rendered":"https:\/\/1office.co\/estonia\/product\/legal-address-in-the-centre-of-tallinn-narva-mnt-5-10117-tallinn\/"},"modified":"2021-06-10T19:20:09","modified_gmt":"2021-06-10T19:20:09","slug":"ariaadress-tallinna-kesklinnas-narva-mnt-5-10117-tallinn","status":"publish","type":"product","link":"https:\/\/1office.co\/estonia\/et\/Teenus\/ariaadress-tallinna-kesklinnas-narva-mnt-5-10117-tallinn\/","title":{"rendered":"\u00c4riaadress Tallinna kesklinna \u00e4rikvartalis \u00fcheks aastaks"},"content":{"rendered":"<div class=\"wpb-content-wrapper\"><p>[vc_row][vc_column]<div id=\"advanced-tabs-desc-wrap-1044\" class=\"ult_tabs product_tabs\" style=\" \" data-tabsstyle=\"style1\"\n data-titlebg=\"#ffffff\" data-titlecolor=\"#b6b8ba\" data-fullheight=\"off\"\n data-titlehoverbg=\"#ffffff\" data-titlehovercolor=\"#1d1e23\"\n data-rotatetabs=\"0\" data-responsivemode=\"Both\" data-animation=\"Slide\"\ndata-activetitle=\"#1d1e23\" data-activeicon=\"\" data-activebg=\"#ffffff\"  data-respmode=\"Tabs\" data-respwidth=\"400\" data-scroll = \"on\" data-activeindex=\"1\"><ul id=advanced-tabs-wrap-5146 class=\"ult_tabmenu style1 \" style=\"\"><li class=\"ult_tab_li  \" data-iconcolor=\"#74777b\" data-iconhover=\"#ffffff\" style=\"background-color:#ffffff;border-color:transparent;border-width:0px;border-style:solid;border-top-left-radius:8px;\">\n\t\t\t\t\t<a href=\"#1512642751410-8baea-301a\"  id=\"1512642751410-8baea-301a\"  style=\"color:#b6b8ba;; padding:15px; \" class=\"ult_a  \">\n\t\t\t\t\t     <span class=\"ult_tab_main Both \">\n\t\t\t\t\t \t\t <span class=\"ult_tab_section\">\n\t\t\t\t\t   \t\t\t<span  data-ultimate-target='#advanced-tabs-wrap-5146 .ult-span-text'  data-responsive-json-new='{\"font-size\":\"desktop:14px;\",\"line-height\":\"\"}'  class=\"ult-span-text no_icon ult_tab_display_text ult-responsive\" style=\"font-weight:bold;;\">Kirjeldus<\/span>\n\t\t\t\t\t   \t\t<\/span>\n\t\t\t\t\t\t<\/span>\n\t\t\t\t\t<\/a>\n\t\t\t\t\t<\/li><li class=\"ult_tab_li  product-faq\" data-iconcolor=\"#74777b\" data-iconhover=\"#ffffff\" style=\"background-color:#ffffff;border-color:transparent;border-width:0px;border-style:solid;border-top-right-radius:8px;\">\n\t\t\t\t\t<a href=\"#1512642751435-8baea-301a\"  id=\"1512642751435-8baea-301a\"  style=\"color:#b6b8ba;; padding:15px; \" class=\"ult_a  \">\n\t\t\t\t\t     <span class=\"ult_tab_main Both \">\n\t\t\t\t\t \t\t <span class=\"ult_tab_section\">\n\t\t\t\t\t   \t\t\t<span  data-ultimate-target='#advanced-tabs-wrap-5146 .ult-span-text'  data-responsive-json-new='{\"font-size\":\"desktop:14px;\",\"line-height\":\"\"}'  class=\"ult-span-text no_icon ult_tab_display_text ult-responsive\" style=\"font-weight:bold;;\">KKK<\/span>\n\t\t\t\t\t   \t\t<\/span>\n\t\t\t\t\t\t<\/span>\n\t\t\t\t\t<\/a>\n\t\t\t\t\t<\/li><\/ul><div  data-ultimate-target='#advanced-tabs-desc-wrap-1044 .ult_tabcontent .ult_tab_min_contain  p'  data-responsive-json-new='{\"font-size\":\"\",\"line-height\":\"\"}' class=\"ult_tabcontent ult-responsive style1\" style=\"color:#74777b;\"><div class=\"ult_tab_min_contain \" >\n\t\t\t<div  class=\"ult_tabitemname\"  >\n\t\t\t\t[vc_column_text]Aadress on vajalik igale Eestis registreeritud ettev\u00f5ttele kogu perioodi jooksul, mil ettev\u00f5te registreeritud on. Aadressiteenus on parimaks lahenduseks mitteresidentidele (sh. e-residentidele), kes on ettev\u00f5tte asutanud, kuid kelle kontor ei asu Eestis.<\/p>\n<p>\u00c4riaadress kantakse sisse \u00c4riregistrisse ning see on avalikult k\u00e4ttesaadav. Samuti saadetakse sellele aadressile ettev\u00f5tte ametlikud kirjad.<\/p>\n<p>&nbsp;<\/p>\n<p><strong>Hinnas sisaldub:<\/strong><\/p>\n<ul>\n<li>Juriidiline aadress ettev\u00f5tte registreerimiseks \u00c4riregistris<\/li>\n<li>Ettev\u00f5tte tegevusaadress posti k\u00e4ttesaamiseks<\/li>\n<li>Posti sorteerimine ning selle edastamine e-posti teel kuni 10 kirja kuus<\/li>\n<\/ul>\n<p>&nbsp;<\/p>\n<p><strong>Saadaval lisatasu eest:<\/strong><br \/>\nKui eelistate kirjade edastamist posti teel, lisandub hinnale postikulu ning sekret\u00e4rit\u00f6\u00f6 tasu (20\u20ac\/h).<\/p>\n<p>Kui teie ettev\u00f5ttele tuleb rohkem kui 10 kirja kuus, lisandub teenuse hinnale sekret\u00e4rit\u00f6\u00f6 tasu:<\/p>\n<ul>\n<li>11-50 kirja kuus \u2013 20\u20ac<\/li>\n<li>51-100 kirja kuus \u2013 40\u20ac<\/li>\n<li>Iga j\u00e4rgneva 50 kirja kohta 20\u20ac<\/li>\n<\/ul>\n<p>V\u00f5tame vastu ka ettev\u00f5ttele saabuvad pakid maksimaalsete m\u00f5\u00f5tmetega 39x64x38 cm ja maksimaalse kaaluga 30 kg:<\/p>\n<ul>\n<li>S \u2013 v\u00e4ike pakk m\u00f5\u00f5tmetega kuni 9x64x38 cm \u2013 vastuv\u00f5tmine ja hoiustamine kuni 3 p\u00e4eva \u2013 5\u20ac<\/li>\n<li>M \u2013 keskmine pakk m\u00f5\u00f5tmetega kuni 19x64x38 cm \u2013 vastuv\u00f5tmine ja hoiustamine kuni 3 p\u00e4eva \u2013 10\u20ac<\/li>\n<li>L \u2013 suur pakk m\u00f5\u00f5tmetega kuni 39x64x38 cm \u2013 vastuv\u00f5tmine ja hoiustamine kuni 3 p\u00e4eva \u2013 15\u20ac<\/li>\n<li>Kui soovite pakki meie juures hoiustada kauem kui 3 p\u00e4eva, lisandub iga p\u00e4eva eest 5\u20ac paki kohta.<\/li>\n<li>Paki edasisaatmisel lisandub hinnale postikulu\/kulleri tasu ning sekret\u00e4ri ajakulu edasisaatmise korraldamiseks.<\/li>\n<\/ul>\n<p>Erisoovide korral rakendub tunnip\u00f5hine sekret\u00e4rit\u00f6\u00f6 arvestus 20\u20ac\/h. Lisateenuste eest saadetakse eraldi arved.<\/p>\n<p>&nbsp;<\/p>\n<p><strong>T\u00e4htis informatsioon:<\/strong><\/p>\n<ul>\n<li>Teenus on perioodiline, mis t\u00e4hendab, et see j\u00e4tkub automaatselt p\u00e4rast aasta m\u00f6\u00f6dumist. Uus arve v\u00e4ljastatakse \u00fcks kuu enne uue \u00e4riaadressi perioodi algust.<\/li>\n<\/ul>\n<p>[\/vc_column_text]\n\t\t\t<\/div>\n\t\t\t<div  class=\"ult_tabitemname\"  >\n\t\t\t\t[vc_toggle title=&#8221;1. Kas \u00e4riaadressina on lubatud kasutada postkasti aadressi?&#8221; style=&#8221;arrow&#8221; custom_font_container=&#8221;tag:h5|text_align:left&#8221; custom_use_theme_fonts=&#8221;yes&#8221; use_custom_heading=&#8221;true&#8221;]Ei. \u00c4riseadustik ei luba ettev\u00f5tte registreerimist postkasti aadressile.[\/vc_toggle][vc_toggle title=&#8221;2. Kuidas saab Eesti ettev\u00f5tte \u00e4riaadressi muuta?&#8221; style=&#8221;arrow&#8221; custom_font_container=&#8221;tag:h5|text_align:left&#8221; custom_use_theme_fonts=&#8221;yes&#8221; use_custom_heading=&#8221;true&#8221;]Kui juhatuse liikmetel on v\u00f5imalus digiallkirjastamiseks, saab seda teha veebis.\u00a0 \u00a0Samuti on v\u00f5imalik muuta \u00e4riaadressi Eestis notri juures v\u00f5i volitada 1Office esindaja seda volikirja alusel tegema.[\/vc_toggle]\n\t\t\t<\/div><\/div><\/div><\/div><div class=\"ult_acord advanced-tabs-desc-wrap-1044\">\n   <div class=\"ult-tabto-accordion \" style=\"width:;\"\n    data-titlecolor=\"#b6b8ba\"  data-titlebg=\"#ffffff\"\n     data-titlehoverbg=\"#ffffff\" data-titlehovercolor=\"#1d1e23\" data-animation=\"Slide\"\n     data-activetitle=\"#1d1e23\" data-activeicon=\"\" data-activebg=\"#ffffff\" data-scroll = \"on\" data-activeindex=\"1\" >\n     <dl><dt class=\"\">\n\t        \t<a class=\"ult-tabto-actitle withBorder ult_a \" id=\"1512642751410-8baea-301a\" style=\"color:#b6b8ba;;background-color:#ffffff;border-bottom-color:transparent;border-bottom-width:0px;border-bottom-style:solid;\" href=\"#1512642751410-8baea-301a\">\n\t        \t\t<i class=\"accordion-icon\"><\/i>\n\t        \t\t\t<span class=\"ult_tab_main ult_ac_main ult_noacordicnBoth\">\n\n\t\t\t\t\t\t<span  data-ultimate-target='#advanced-tabs-wrap-5146 .ult-span-text'  data-responsive-json-new='{\"font-size\":\"desktop:14px;\",\"line-height\":\"\"}'  class=\"ult-span-text no_icon ult_acordian-text ult-responsive\" style=\"font-weight:bold;;color:inherit \" >Kirjeldus<\/span>\n\t\t\t\t\t\t<\/span><\/a><\/dt>\n\t            \t\t<dd class=\"ult-tabto-accordionItem ult-tabto-accolapsed\">\n\t\t\t\t            <div class=\"ult-tabto-acontent\" style=\"color:#74777b;\">\n\t\t\t\t               [vc_column_text]Aadress on vajalik igale Eestis registreeritud ettev\u00f5ttele kogu perioodi jooksul, mil ettev\u00f5te registreeritud on. Aadressiteenus on parimaks lahenduseks mitteresidentidele (sh. e-residentidele), kes on ettev\u00f5tte asutanud, kuid kelle kontor ei asu Eestis.<\/p>\n<p>\u00c4riaadress kantakse sisse \u00c4riregistrisse ning see on avalikult k\u00e4ttesaadav. Samuti saadetakse sellele aadressile ettev\u00f5tte ametlikud kirjad.<\/p>\n<p>&nbsp;<\/p>\n<p><strong>Hinnas sisaldub:<\/strong><\/p>\n<ul>\n<li>Juriidiline aadress ettev\u00f5tte registreerimiseks \u00c4riregistris<\/li>\n<li>Ettev\u00f5tte tegevusaadress posti k\u00e4ttesaamiseks<\/li>\n<li>Posti sorteerimine ning selle edastamine e-posti teel kuni 10 kirja kuus<\/li>\n<\/ul>\n<p>&nbsp;<\/p>\n<p><strong>Saadaval lisatasu eest:<\/strong><br \/>\nKui eelistate kirjade edastamist posti teel, lisandub hinnale postikulu ning sekret\u00e4rit\u00f6\u00f6 tasu (20\u20ac\/h).<\/p>\n<p>Kui teie ettev\u00f5ttele tuleb rohkem kui 10 kirja kuus, lisandub teenuse hinnale sekret\u00e4rit\u00f6\u00f6 tasu:<\/p>\n<ul>\n<li>11-50 kirja kuus \u2013 20\u20ac<\/li>\n<li>51-100 kirja kuus \u2013 40\u20ac<\/li>\n<li>Iga j\u00e4rgneva 50 kirja kohta 20\u20ac<\/li>\n<\/ul>\n<p>V\u00f5tame vastu ka ettev\u00f5ttele saabuvad pakid maksimaalsete m\u00f5\u00f5tmetega 39x64x38 cm ja maksimaalse kaaluga 30 kg:<\/p>\n<ul>\n<li>S \u2013 v\u00e4ike pakk m\u00f5\u00f5tmetega kuni 9x64x38 cm \u2013 vastuv\u00f5tmine ja hoiustamine kuni 3 p\u00e4eva \u2013 5\u20ac<\/li>\n<li>M \u2013 keskmine pakk m\u00f5\u00f5tmetega kuni 19x64x38 cm \u2013 vastuv\u00f5tmine ja hoiustamine kuni 3 p\u00e4eva \u2013 10\u20ac<\/li>\n<li>L \u2013 suur pakk m\u00f5\u00f5tmetega kuni 39x64x38 cm \u2013 vastuv\u00f5tmine ja hoiustamine kuni 3 p\u00e4eva \u2013 15\u20ac<\/li>\n<li>Kui soovite pakki meie juures hoiustada kauem kui 3 p\u00e4eva, lisandub iga p\u00e4eva eest 5\u20ac paki kohta.<\/li>\n<li>Paki edasisaatmisel lisandub hinnale postikulu\/kulleri tasu ning sekret\u00e4ri ajakulu edasisaatmise korraldamiseks.<\/li>\n<\/ul>\n<p>Erisoovide korral rakendub tunnip\u00f5hine sekret\u00e4rit\u00f6\u00f6 arvestus 20\u20ac\/h. Lisateenuste eest saadetakse eraldi arved.<\/p>\n<p>&nbsp;<\/p>\n<p><strong>T\u00e4htis informatsioon:<\/strong><\/p>\n<ul>\n<li>Teenus on perioodiline, mis t\u00e4hendab, et see j\u00e4tkub automaatselt p\u00e4rast aasta m\u00f6\u00f6dumist. Uus arve v\u00e4ljastatakse \u00fcks kuu enne uue \u00e4riaadressi perioodi algust.<\/li>\n<\/ul>\n<p>[\/vc_column_text]\n\t\t\t\t            <\/div>\n\t        \t\t\t<\/dd><dt class=\"product-faq\">\n\t        \t<a class=\"ult-tabto-actitle withBorder ult_a \" id=\"1512642751435-8baea-301a\" style=\"color:#b6b8ba;;background-color:#ffffff;border-bottom-color:transparent;border-bottom-width:0px;border-bottom-style:solid;border-bottom-color:transparent;border-bottom-width:0px;border-bottom-style:solid;\" href=\"#1512642751435-8baea-301a\">\n\t        \t\t<i class=\"accordion-icon\"><\/i>\n\t        \t\t\t<span class=\"ult_tab_main ult_ac_main ult_noacordicnBoth\">\n\n\t\t\t\t\t\t<span  data-ultimate-target='#advanced-tabs-wrap-5146 .ult-span-text'  data-responsive-json-new='{\"font-size\":\"desktop:14px;\",\"line-height\":\"\"}'  class=\"ult-span-text no_icon ult_acordian-text ult-responsive\" style=\"font-weight:bold;;color:inherit \" >KKK<\/span>\n\t\t\t\t\t\t<\/span><\/a><\/dt>\n\t            \t\t<dd class=\"ult-tabto-accordionItem ult-tabto-accolapsed\">\n\t\t\t\t            <div class=\"ult-tabto-acontent\" style=\"color:#74777b;\">\n\t\t\t\t               [vc_toggle title=&#8221;1. Kas \u00e4riaadressina on lubatud kasutada postkasti aadressi?&#8221; style=&#8221;arrow&#8221; custom_font_container=&#8221;tag:h5|text_align:left&#8221; custom_use_theme_fonts=&#8221;yes&#8221; use_custom_heading=&#8221;true&#8221;]Ei. \u00c4riseadustik ei luba ettev\u00f5tte registreerimist postkasti aadressile.[\/vc_toggle][vc_toggle title=&#8221;2. Kuidas saab Eesti ettev\u00f5tte \u00e4riaadressi muuta?&#8221; style=&#8221;arrow&#8221; custom_font_container=&#8221;tag:h5|text_align:left&#8221; custom_use_theme_fonts=&#8221;yes&#8221; use_custom_heading=&#8221;true&#8221;]Kui juhatuse liikmetel on v\u00f5imalus digiallkirjastamiseks, saab seda teha veebis.\u00a0 \u00a0Samuti on v\u00f5imalik muuta \u00e4riaadressi Eestis notri juures v\u00f5i volitada 1Office esindaja seda volikirja alusel tegema.[\/vc_toggle]\n\t\t\t\t            <\/div>\n\t        \t\t\t<\/dd>\n    \t<\/dl>\n    <!--<div class=\"extraborder\" style=\"background-color:#ffffff\"><\/div>-->\n<\/div>\n\n<\/div>[\/vc_column][\/vc_row]<\/p>\n<\/div>","protected":false},"excerpt":{"rendered":"<p>Iga Eestis registreeritud ettev\u00f5te vajab kohalikku \u00e4riaadressi, mis kantakse sisse \u00c4riregistrisse.<\/p>\n","protected":false},"featured_media":59595,"template":"","meta":{"_acf_changed":false,"inline_featured_image":false},"product_brand":[],"product_cat":[343],"product_tag":[311],"class_list":{"0":"post-57608","1":"product","2":"type-product","3":"status-publish","4":"has-post-thumbnail","6":"product_cat-uncategorized-et","7":"product_tag-eesti","8":"description-off","10":"first","11":"instock","12":"taxable","13":"shipping-taxable","14":"purchasable","15":"product-type-simple"},"bundled_by":[],"bundle_stock_status":"instock","bundle_stock_quantity":null,"bundle_virtual":false,"bundle_layout":"","bundle_add_to_cart_form_location":"","bundle_editable_in_cart":false,"bundle_sold_individually_context":"","bundle_item_grouping":"","bundle_min_size":"","bundle_max_size":"","bundle_price":[],"bundled_items":[],"bundle_sell_ids":[],"acf":[],"yoast_head":"<!-- This site is optimized with the Yoast SEO Premium plugin v22.1 (Yoast SEO v27.0) - https:\/\/yoast.com\/product\/yoast-seo-premium-wordpress\/ -->\n<title>\u00c4riaadress Tallinna kesklinna \u00e4rikvartalis \u00fcheks aastaks - 1Office Estonia<\/title>\n<meta name=\"description\" content=\"Iga Eestis registreeritud ettev\u00f5te vajab kohalikku \u00e4riaadressi. Lisaks on see paindlik lahendus ettev\u00f5tetele, kelle jaoks pole f\u00fc\u00fcsilise kontori olemasolu vajalik v\u00f5i kelle kontor ei asu Tallinnas.\" \/>\n<meta name=\"robots\" content=\"noindex, nofollow\" \/>\n<meta property=\"og:locale\" content=\"et_EE\" \/>\n<meta property=\"og:type\" content=\"article\" \/>\n<meta property=\"og:title\" content=\"\u00c4riaadress Tallinna kesklinna \u00e4rikvartalis \u00fcheks aastaks\" \/>\n<meta property=\"og:description\" content=\"Iga Eestis registreeritud ettev\u00f5te vajab kohalikku \u00e4riaadressi. Lisaks on see paindlik lahendus ettev\u00f5tetele, kelle jaoks pole f\u00fc\u00fcsilise kontori olemasolu vajalik v\u00f5i kelle kontor ei asu Tallinnas.\" \/>\n<meta property=\"og:url\" content=\"https:\/\/1office.co\/estonia\/et\/Teenus\/ariaadress-tallinna-kesklinnas-narva-mnt-5-10117-tallinn\/\" \/>\n<meta property=\"og:site_name\" content=\"1Office Estonia\" \/>\n<meta property=\"article:publisher\" content=\"https:\/\/www.facebook.com\/1Office\/?ref=br_rs\" \/>\n<meta property=\"article:modified_time\" content=\"2021-06-10T19:20:09+00:00\" \/>\n<meta property=\"og:image\" content=\"https:\/\/1office.co\/estonia\/wp-content\/uploads\/sites\/5\/2017\/08\/Ergonomics-50.jpg\" \/>\n\t<meta property=\"og:image:width\" content=\"847\" \/>\n\t<meta property=\"og:image:height\" content=\"565\" \/>\n\t<meta property=\"og:image:type\" content=\"image\/jpeg\" \/>\n<meta name=\"twitter:card\" content=\"summary_large_image\" \/>\n<meta name=\"twitter:label1\" content=\"Est. reading time\" \/>\n\t<meta name=\"twitter:data1\" content=\"2 minutit\" \/>\n<script type=\"application\/ld+json\" class=\"yoast-schema-graph\">{\"@context\":\"https:\/\/schema.org\",\"@graph\":[{\"@type\":\"WebPage\",\"@id\":\"https:\/\/1office.co\/estonia\/et\/Teenus\/ariaadress-tallinna-kesklinnas-narva-mnt-5-10117-tallinn\/\",\"url\":\"https:\/\/1office.co\/estonia\/et\/Teenus\/ariaadress-tallinna-kesklinnas-narva-mnt-5-10117-tallinn\/\",\"name\":\"\u00c4riaadress Tallinna kesklinna \u00e4rikvartalis \u00fcheks aastaks - 1Office Estonia\",\"isPartOf\":{\"@id\":\"https:\/\/1office.co\/estonia\/ru\/#website\"},\"primaryImageOfPage\":{\"@id\":\"https:\/\/1office.co\/estonia\/et\/Teenus\/ariaadress-tallinna-kesklinnas-narva-mnt-5-10117-tallinn\/#primaryimage\"},\"image\":{\"@id\":\"https:\/\/1office.co\/estonia\/et\/Teenus\/ariaadress-tallinna-kesklinnas-narva-mnt-5-10117-tallinn\/#primaryimage\"},\"thumbnailUrl\":\"https:\/\/1office.co\/estonia\/wp-content\/uploads\/sites\/5\/2017\/08\/Ergonomics-50.jpg\",\"datePublished\":\"2017-08-10T10:40:19+00:00\",\"dateModified\":\"2021-06-10T19:20:09+00:00\",\"description\":\"Iga Eestis registreeritud ettev\u00f5te vajab kohalikku \u00e4riaadressi. Lisaks on see paindlik lahendus ettev\u00f5tetele, kelle jaoks pole f\u00fc\u00fcsilise kontori olemasolu vajalik v\u00f5i kelle kontor ei asu Tallinnas.\",\"breadcrumb\":{\"@id\":\"https:\/\/1office.co\/estonia\/et\/Teenus\/ariaadress-tallinna-kesklinnas-narva-mnt-5-10117-tallinn\/#breadcrumb\"},\"inLanguage\":\"et\",\"potentialAction\":[{\"@type\":\"ReadAction\",\"target\":[\"https:\/\/1office.co\/estonia\/et\/Teenus\/ariaadress-tallinna-kesklinnas-narva-mnt-5-10117-tallinn\/\"]}]},{\"@type\":\"ImageObject\",\"inLanguage\":\"et\",\"@id\":\"https:\/\/1office.co\/estonia\/et\/Teenus\/ariaadress-tallinna-kesklinnas-narva-mnt-5-10117-tallinn\/#primaryimage\",\"url\":\"https:\/\/1office.co\/estonia\/wp-content\/uploads\/sites\/5\/2017\/08\/Ergonomics-50.jpg\",\"contentUrl\":\"https:\/\/1office.co\/estonia\/wp-content\/uploads\/sites\/5\/2017\/08\/Ergonomics-50.jpg\",\"width\":847,\"height\":565},{\"@type\":\"BreadcrumbList\",\"@id\":\"https:\/\/1office.co\/estonia\/et\/Teenus\/ariaadress-tallinna-kesklinnas-narva-mnt-5-10117-tallinn\/#breadcrumb\",\"itemListElement\":[{\"@type\":\"ListItem\",\"position\":1,\"name\":\"Home\",\"item\":\"https:\/\/1office.co\/estonia\/et\/\"},{\"@type\":\"ListItem\",\"position\":2,\"name\":\"Services Shop\",\"item\":\"https:\/\/1office.co\/estonia\/services-shop\/\"},{\"@type\":\"ListItem\",\"position\":3,\"name\":\"\u00c4riaadress Tallinna kesklinna \u00e4rikvartalis \u00fcheks aastaks\"}]},{\"@type\":\"WebSite\",\"@id\":\"https:\/\/1office.co\/estonia\/ru\/#website\",\"url\":\"https:\/\/1office.co\/estonia\/ru\/\",\"name\":\"1Office Estonia\",\"description\":\"Making Business Simple\",\"potentialAction\":[{\"@type\":\"SearchAction\",\"target\":{\"@type\":\"EntryPoint\",\"urlTemplate\":\"https:\/\/1office.co\/estonia\/ru\/?s={search_term_string}\"},\"query-input\":{\"@type\":\"PropertyValueSpecification\",\"valueRequired\":true,\"valueName\":\"search_term_string\"}}],\"inLanguage\":\"et\"}]}<\/script>\n<!-- \/ Yoast SEO Premium plugin. -->","yoast_head_json":{"title":"\u00c4riaadress Tallinna kesklinna \u00e4rikvartalis \u00fcheks aastaks - 1Office Estonia","description":"Iga Eestis registreeritud ettev\u00f5te vajab kohalikku \u00e4riaadressi. Lisaks on see paindlik lahendus ettev\u00f5tetele, kelle jaoks pole f\u00fc\u00fcsilise kontori olemasolu vajalik v\u00f5i kelle kontor ei asu Tallinnas.","robots":{"index":"noindex","follow":"nofollow"},"og_locale":"et_EE","og_type":"article","og_title":"\u00c4riaadress Tallinna kesklinna \u00e4rikvartalis \u00fcheks aastaks","og_description":"Iga Eestis registreeritud ettev\u00f5te vajab kohalikku \u00e4riaadressi. Lisaks on see paindlik lahendus ettev\u00f5tetele, kelle jaoks pole f\u00fc\u00fcsilise kontori olemasolu vajalik v\u00f5i kelle kontor ei asu Tallinnas.","og_url":"https:\/\/1office.co\/estonia\/et\/Teenus\/ariaadress-tallinna-kesklinnas-narva-mnt-5-10117-tallinn\/","og_site_name":"1Office Estonia","article_publisher":"https:\/\/www.facebook.com\/1Office\/?ref=br_rs","article_modified_time":"2021-06-10T19:20:09+00:00","og_image":[{"width":847,"height":565,"url":"https:\/\/1office.co\/estonia\/wp-content\/uploads\/sites\/5\/2017\/08\/Ergonomics-50.jpg","type":"image\/jpeg"}],"twitter_card":"summary_large_image","twitter_misc":{"Est. reading time":"2 minutit"},"schema":{"@context":"https:\/\/schema.org","@graph":[{"@type":"WebPage","@id":"https:\/\/1office.co\/estonia\/et\/Teenus\/ariaadress-tallinna-kesklinnas-narva-mnt-5-10117-tallinn\/","url":"https:\/\/1office.co\/estonia\/et\/Teenus\/ariaadress-tallinna-kesklinnas-narva-mnt-5-10117-tallinn\/","name":"\u00c4riaadress Tallinna kesklinna \u00e4rikvartalis \u00fcheks aastaks - 1Office Estonia","isPartOf":{"@id":"https:\/\/1office.co\/estonia\/ru\/#website"},"primaryImageOfPage":{"@id":"https:\/\/1office.co\/estonia\/et\/Teenus\/ariaadress-tallinna-kesklinnas-narva-mnt-5-10117-tallinn\/#primaryimage"},"image":{"@id":"https:\/\/1office.co\/estonia\/et\/Teenus\/ariaadress-tallinna-kesklinnas-narva-mnt-5-10117-tallinn\/#primaryimage"},"thumbnailUrl":"https:\/\/1office.co\/estonia\/wp-content\/uploads\/sites\/5\/2017\/08\/Ergonomics-50.jpg","datePublished":"2017-08-10T10:40:19+00:00","dateModified":"2021-06-10T19:20:09+00:00","description":"Iga Eestis registreeritud ettev\u00f5te vajab kohalikku \u00e4riaadressi. Lisaks on see paindlik lahendus ettev\u00f5tetele, kelle jaoks pole f\u00fc\u00fcsilise kontori olemasolu vajalik v\u00f5i kelle kontor ei asu Tallinnas.","breadcrumb":{"@id":"https:\/\/1office.co\/estonia\/et\/Teenus\/ariaadress-tallinna-kesklinnas-narva-mnt-5-10117-tallinn\/#breadcrumb"},"inLanguage":"et","potentialAction":[{"@type":"ReadAction","target":["https:\/\/1office.co\/estonia\/et\/Teenus\/ariaadress-tallinna-kesklinnas-narva-mnt-5-10117-tallinn\/"]}]},{"@type":"ImageObject","inLanguage":"et","@id":"https:\/\/1office.co\/estonia\/et\/Teenus\/ariaadress-tallinna-kesklinnas-narva-mnt-5-10117-tallinn\/#primaryimage","url":"https:\/\/1office.co\/estonia\/wp-content\/uploads\/sites\/5\/2017\/08\/Ergonomics-50.jpg","contentUrl":"https:\/\/1office.co\/estonia\/wp-content\/uploads\/sites\/5\/2017\/08\/Ergonomics-50.jpg","width":847,"height":565},{"@type":"BreadcrumbList","@id":"https:\/\/1office.co\/estonia\/et\/Teenus\/ariaadress-tallinna-kesklinnas-narva-mnt-5-10117-tallinn\/#breadcrumb","itemListElement":[{"@type":"ListItem","position":1,"name":"Home","item":"https:\/\/1office.co\/estonia\/et\/"},{"@type":"ListItem","position":2,"name":"Services Shop","item":"https:\/\/1office.co\/estonia\/services-shop\/"},{"@type":"ListItem","position":3,"name":"\u00c4riaadress Tallinna kesklinna \u00e4rikvartalis \u00fcheks aastaks"}]},{"@type":"WebSite","@id":"https:\/\/1office.co\/estonia\/ru\/#website","url":"https:\/\/1office.co\/estonia\/ru\/","name":"1Office Estonia","description":"Making Business Simple","potentialAction":[{"@type":"SearchAction","target":{"@type":"EntryPoint","urlTemplate":"https:\/\/1office.co\/estonia\/ru\/?s={search_term_string}"},"query-input":{"@type":"PropertyValueSpecification","valueRequired":true,"valueName":"search_term_string"}}],"inLanguage":"et"}]}},"_links":{"self":[{"href":"https:\/\/1office.co\/estonia\/et\/wp-json\/wp\/v2\/product\/57608","targetHints":{"allow":["GET"]}}],"collection":[{"href":"https:\/\/1office.co\/estonia\/et\/wp-json\/wp\/v2\/product"}],"about":[{"href":"https:\/\/1office.co\/estonia\/et\/wp-json\/wp\/v2\/types\/product"}],"wp:featuredmedia":[{"embeddable":true,"href":"https:\/\/1office.co\/estonia\/et\/wp-json\/wp\/v2\/media\/59595"}],"wp:attachment":[{"href":"https:\/\/1office.co\/estonia\/et\/wp-json\/wp\/v2\/media?parent=57608"}],"wp:term":[{"taxonomy":"product_brand","embeddable":true,"href":"https:\/\/1office.co\/estonia\/et\/wp-json\/wp\/v2\/product_brand?post=57608"},{"taxonomy":"product_cat","embeddable":true,"href":"https:\/\/1office.co\/estonia\/et\/wp-json\/wp\/v2\/product_cat?post=57608"},{"taxonomy":"product_tag","embeddable":true,"href":"https:\/\/1office.co\/estonia\/et\/wp-json\/wp\/v2\/product_tag?post=57608"}],"curies":[{"name":"wp","href":"https:\/\/api.w.org\/{rel}","templated":true}]}}