{"id":57613,"date":"2017-08-10T10:40:21","date_gmt":"2017-08-10T10:40:21","guid":{"rendered":"https:\/\/1office.co\/estonia\/product\/representation-by-power-of-attorney\/"},"modified":"2023-06-06T13:19:06","modified_gmt":"2023-06-06T13:19:06","slug":"volikirja-alusel-esindamine","status":"publish","type":"product","link":"https:\/\/1office.co\/estonia\/et\/Teenus\/volikirja-alusel-esindamine\/","title":{"rendered":"Volikirja alusel esindamine"},"content":{"rendered":"<div class=\"wpb-content-wrapper\"><p>[vc_row][vc_column]<div id=\"advanced-tabs-desc-wrap-4423\" class=\"ult_tabs product_tabs\" style=\" \" data-tabsstyle=\"style1\"\n data-titlebg=\"#ffffff\" data-titlecolor=\"#b6b8ba\" data-fullheight=\"off\"\n data-titlehoverbg=\"#ffffff\" data-titlehovercolor=\"#1d1e23\"\n data-rotatetabs=\"0\" data-responsivemode=\"Both\" data-animation=\"Slide\"\ndata-activetitle=\"#1d1e23\" data-activeicon=\"\" data-activebg=\"#ffffff\"  data-respmode=\"Tabs\" data-respwidth=\"400\" data-scroll = \"on\" data-activeindex=\"1\"><ul id=advanced-tabs-wrap-5686 class=\"ult_tabmenu style1 \" style=\"\"><li class=\"ult_tab_li  \" data-iconcolor=\"#74777b\" data-iconhover=\"#ffffff\" style=\"background-color:#ffffff;border-color:transparent;border-width:0px;border-style:solid;border-top-left-radius:8px;\">\n\t\t\t\t\t<a href=\"#1512642751410-8e0b4-6897\"  id=\"1512642751410-8e0b4-6897\"  style=\"color:#b6b8ba;; padding:15px; \" class=\"ult_a  \">\n\t\t\t\t\t     <span class=\"ult_tab_main Both \">\n\t\t\t\t\t \t\t <span class=\"ult_tab_section\">\n\t\t\t\t\t   \t\t\t<span  data-ultimate-target='#advanced-tabs-wrap-5686 .ult-span-text'  data-responsive-json-new='{\"font-size\":\"desktop:14px;\",\"line-height\":\"\"}'  class=\"ult-span-text no_icon ult_tab_display_text ult-responsive\" style=\"font-weight:bold;;\">Kirjeldus<\/span>\n\t\t\t\t\t   \t\t<\/span>\n\t\t\t\t\t\t<\/span>\n\t\t\t\t\t<\/a>\n\t\t\t\t\t<\/li><li class=\"ult_tab_li  \" data-iconcolor=\"#74777b\" data-iconhover=\"#ffffff\" style=\"background-color:#ffffff;border-color:transparent;border-width:0px;border-style:solid;border-top-right-radius:8px;\">\n\t\t\t\t\t<a href=\"#1516729041081-1-2\"  id=\"1516729041081-1-2\"  style=\"color:#b6b8ba;; padding:15px; \" class=\"ult_a  \">\n\t\t\t\t\t     <span class=\"ult_tab_main Both \">\n\t\t\t\t\t \t\t <span class=\"ult_tab_section\">\n\t\t\t\t\t   \t\t\t<span  data-ultimate-target='#advanced-tabs-wrap-5686 .ult-span-text'  data-responsive-json-new='{\"font-size\":\"desktop:14px;\",\"line-height\":\"\"}'  class=\"ult-span-text no_icon ult_tab_display_text ult-responsive\" style=\"font-weight:bold;;\">KKK<\/span>\n\t\t\t\t\t   \t\t<\/span>\n\t\t\t\t\t\t<\/span>\n\t\t\t\t\t<\/a>\n\t\t\t\t\t<\/li><\/ul><div  data-ultimate-target='#advanced-tabs-desc-wrap-4423 .ult_tabcontent .ult_tab_min_contain  p'  data-responsive-json-new='{\"font-size\":\"\",\"line-height\":\"\"}' class=\"ult_tabcontent ult-responsive style1\" style=\"color:#74777b;\"><div class=\"ult_tab_min_contain \" >\n\t\t\t<div  class=\"ult_tabitemname\"  >\n\t\t\t\t[vc_column_text]Power of Attorney (PoA) ehk esindus\u00f5iguse volikiri on juriidiline dokument, mis annab \u00fchele isikule \u00f5iguse teist inimest esindada. See on mugavaks lahenduseks, kui vajad esindamist era- v\u00f5i riigiasutuste ees, kuid Sul pole v\u00f5imalik ise Eestisse kohale tulla. Meie hoolitseme sellisel juhul kogu protsessi eest ning esindame Sind n\u00e4iteks notaris, maksuametis v\u00f5i teistes asutustes. Kui vajad enne esindamise protsessi lisaks ka <a href=\"https:\/\/1office.co\/estonia\/et\/Teenus\/juriidiline-konsultatsioon\/\" target=\"_blank\" rel=\"noopener\">juriidilist konsultatsiooni<\/a>, saad selle eraldi juurde tellida.<\/p>\n<p>&nbsp;<\/p>\n<p><strong>Hinnas sisaldub:<\/strong><\/p>\n<ul>\n<li>Vajaliku dokumendi koostamine<\/li>\n<li>Toimingu t\u00e4itmine volikirja alusel<\/li>\n<\/ul>\n<p><strong>Saadaval lisatasu eest:<\/strong><\/p>\n<ul>\n<li><a href=\"https:\/\/1office.co\/estonia\/et\/Teenus\/juriidiline-konsultatsioon\/\" target=\"_blank\" rel=\"noopener\">Juriidiline konsultatsioon<\/a><\/li>\n<li><a href=\"https:\/\/1office.co\/estonia\/et\/Teenus\/ari-alustamine-eestis\/\" target=\"_blank\" rel=\"noopener\">\u00c4ri alustamine Eestis konsultatsioon<\/a><\/li>\n<li><a href=\"https:\/\/1office.co\/estonia\/et\/Teenus\/rahvusvaheline-maksukonsultatsioon\/\" target=\"_blank\" rel=\"noopener\">Rahvusvaheline maksukonsultatsioon<\/a><\/li>\n<\/ul>\n<p>[\/vc_column_text]\n\t\t\t<\/div>\n\t\t\t<div  class=\"ult_tabitemname\"  >\n\t\t\t\t[vc_toggle title=&#8221;1. Mis on volikiri?&#8221; style=&#8221;arrow&#8221; size=&#8221;sm&#8221; open=&#8221;true&#8221; custom_font_container=&#8221;tag:h5|text_align:left|color:%230c0c0c&#8221; custom_use_theme_fonts=&#8221;yes&#8221; use_custom_heading=&#8221;true&#8221;]Volikiri on juriidiline dokument, mille alusel antakse \u00fchele isikule \u00f5igus teist isikut esindada.[\/vc_toggle]\n\t\t\t<\/div><\/div><\/div><\/div><div class=\"ult_acord advanced-tabs-desc-wrap-4423\">\n   <div class=\"ult-tabto-accordion \" style=\"width:;\"\n    data-titlecolor=\"#b6b8ba\"  data-titlebg=\"#ffffff\"\n     data-titlehoverbg=\"#ffffff\" data-titlehovercolor=\"#1d1e23\" data-animation=\"Slide\"\n     data-activetitle=\"#1d1e23\" data-activeicon=\"\" data-activebg=\"#ffffff\" data-scroll = \"on\" data-activeindex=\"1\" >\n     <dl><dt class=\"\">\n\t        \t<a class=\"ult-tabto-actitle withBorder ult_a \" id=\"1512642751410-8e0b4-6897\" style=\"color:#b6b8ba;;background-color:#ffffff;border-bottom-color:transparent;border-bottom-width:0px;border-bottom-style:solid;\" href=\"#1512642751410-8e0b4-6897\">\n\t        \t\t<i class=\"accordion-icon\"><\/i>\n\t        \t\t\t<span class=\"ult_tab_main ult_ac_main ult_noacordicnBoth\">\n\n\t\t\t\t\t\t<span  data-ultimate-target='#advanced-tabs-wrap-5686 .ult-span-text'  data-responsive-json-new='{\"font-size\":\"desktop:14px;\",\"line-height\":\"\"}'  class=\"ult-span-text no_icon ult_acordian-text ult-responsive\" style=\"font-weight:bold;;color:inherit \" >Kirjeldus<\/span>\n\t\t\t\t\t\t<\/span><\/a><\/dt>\n\t            \t\t<dd class=\"ult-tabto-accordionItem ult-tabto-accolapsed\">\n\t\t\t\t            <div class=\"ult-tabto-acontent\" style=\"color:#74777b;\">\n\t\t\t\t               [vc_column_text]Power of Attorney (PoA) ehk esindus\u00f5iguse volikiri on juriidiline dokument, mis annab \u00fchele isikule \u00f5iguse teist inimest esindada. See on mugavaks lahenduseks, kui vajad esindamist era- v\u00f5i riigiasutuste ees, kuid Sul pole v\u00f5imalik ise Eestisse kohale tulla. Meie hoolitseme sellisel juhul kogu protsessi eest ning esindame Sind n\u00e4iteks notaris, maksuametis v\u00f5i teistes asutustes. Kui vajad enne esindamise protsessi lisaks ka <a href=\"https:\/\/1office.co\/estonia\/et\/Teenus\/juriidiline-konsultatsioon\/\" target=\"_blank\" rel=\"noopener\">juriidilist konsultatsiooni<\/a>, saad selle eraldi juurde tellida.<\/p>\n<p>&nbsp;<\/p>\n<p><strong>Hinnas sisaldub:<\/strong><\/p>\n<ul>\n<li>Vajaliku dokumendi koostamine<\/li>\n<li>Toimingu t\u00e4itmine volikirja alusel<\/li>\n<\/ul>\n<p><strong>Saadaval lisatasu eest:<\/strong><\/p>\n<ul>\n<li><a href=\"https:\/\/1office.co\/estonia\/et\/Teenus\/juriidiline-konsultatsioon\/\" target=\"_blank\" rel=\"noopener\">Juriidiline konsultatsioon<\/a><\/li>\n<li><a href=\"https:\/\/1office.co\/estonia\/et\/Teenus\/ari-alustamine-eestis\/\" target=\"_blank\" rel=\"noopener\">\u00c4ri alustamine Eestis konsultatsioon<\/a><\/li>\n<li><a href=\"https:\/\/1office.co\/estonia\/et\/Teenus\/rahvusvaheline-maksukonsultatsioon\/\" target=\"_blank\" rel=\"noopener\">Rahvusvaheline maksukonsultatsioon<\/a><\/li>\n<\/ul>\n<p>[\/vc_column_text]\n\t\t\t\t            <\/div>\n\t        \t\t\t<\/dd><dt class=\"\">\n\t        \t<a class=\"ult-tabto-actitle withBorder ult_a \" id=\"1516729041081-1-2\" style=\"color:#b6b8ba;;background-color:#ffffff;border-bottom-color:transparent;border-bottom-width:0px;border-bottom-style:solid;border-bottom-color:transparent;border-bottom-width:0px;border-bottom-style:solid;\" href=\"#1516729041081-1-2\">\n\t        \t\t<i class=\"accordion-icon\"><\/i>\n\t        \t\t\t<span class=\"ult_tab_main ult_ac_main ult_noacordicnBoth\">\n\n\t\t\t\t\t\t<span  data-ultimate-target='#advanced-tabs-wrap-5686 .ult-span-text'  data-responsive-json-new='{\"font-size\":\"desktop:14px;\",\"line-height\":\"\"}'  class=\"ult-span-text no_icon ult_acordian-text ult-responsive\" style=\"font-weight:bold;;color:inherit \" >KKK<\/span>\n\t\t\t\t\t\t<\/span><\/a><\/dt>\n\t            \t\t<dd class=\"ult-tabto-accordionItem ult-tabto-accolapsed\">\n\t\t\t\t            <div class=\"ult-tabto-acontent\" style=\"color:#74777b;\">\n\t\t\t\t               [vc_toggle title=&#8221;1. Mis on volikiri?&#8221; style=&#8221;arrow&#8221; size=&#8221;sm&#8221; open=&#8221;true&#8221; custom_font_container=&#8221;tag:h5|text_align:left|color:%230c0c0c&#8221; custom_use_theme_fonts=&#8221;yes&#8221; use_custom_heading=&#8221;true&#8221;]Volikiri on juriidiline dokument, mille alusel antakse \u00fchele isikule \u00f5igus teist isikut esindada.[\/vc_toggle]\n\t\t\t\t            <\/div>\n\t        \t\t\t<\/dd>\n    \t<\/dl>\n    <!--<div class=\"extraborder\" style=\"background-color:#ffffff\"><\/div>-->\n<\/div>\n\n<\/div>[\/vc_column][\/vc_row]<\/p>\n<\/div>","protected":false},"excerpt":{"rendered":"<p>1Office&#8217;i juristid esindavad kliente volikirja alusel erinevate Eesti era- ja riigiasutuste ees. Teenus sobib klientidele, kel ei ole endal v\u00f5imalik vajalike toimingute jaoks Eestisse kohale tulla.<\/p>\n","protected":false},"featured_media":59428,"template":"","meta":{"_acf_changed":false,"inline_featured_image":false},"product_brand":[],"product_cat":[343],"product_tag":[311],"class_list":{"0":"post-57613","1":"product","2":"type-product","3":"status-publish","4":"has-post-thumbnail","6":"product_cat-uncategorized-et","7":"product_tag-eesti","8":"description-off","10":"first","11":"instock","12":"taxable","13":"shipping-taxable","14":"purchasable","15":"product-type-simple"},"bundled_by":["60547"],"bundle_stock_status":"instock","bundle_stock_quantity":null,"bundle_virtual":false,"bundle_layout":"","bundle_add_to_cart_form_location":"","bundle_editable_in_cart":false,"bundle_sold_individually_context":"","bundle_item_grouping":"","bundle_min_size":"","bundle_max_size":"","bundle_price":[],"bundled_items":[],"bundle_sell_ids":[],"acf":[],"yoast_head":"<!-- This site is optimized with the Yoast SEO Premium plugin v22.1 (Yoast SEO v27.0) - https:\/\/yoast.com\/product\/yoast-seo-premium-wordpress\/ -->\n<title>Volikirja alusel esindamine - 1Office Estonia<\/title>\n<meta name=\"description\" content=\"1Office esindab kliente volikirja alusel era- ning riigiasutustes Eestis. Teenus sobib klientidele, kel ei ole v\u00f5imalik vajalik toimingute jaoks endal Eestisse reisida.\" \/>\n<meta name=\"robots\" content=\"noindex, follow\" \/>\n<meta property=\"og:locale\" content=\"et_EE\" \/>\n<meta property=\"og:type\" content=\"article\" \/>\n<meta property=\"og:title\" content=\"Volikirja alusel esindamine\" \/>\n<meta property=\"og:description\" content=\"1Office esindab kliente volikirja alusel era- ning riigiasutustes Eestis. Teenus sobib klientidele, kel ei ole v\u00f5imalik vajalik toimingute jaoks endal Eestisse reisida.\" \/>\n<meta property=\"og:url\" content=\"https:\/\/1office.co\/estonia\/et\/Teenus\/volikirja-alusel-esindamine\/\" \/>\n<meta property=\"og:site_name\" content=\"1Office Estonia\" \/>\n<meta property=\"article:publisher\" content=\"https:\/\/www.facebook.com\/1Office\/?ref=br_rs\" \/>\n<meta property=\"article:modified_time\" content=\"2023-06-06T13:19:06+00:00\" \/>\n<meta property=\"og:image\" content=\"https:\/\/1office.co\/estonia\/wp-content\/uploads\/sites\/5\/2018\/10\/LS2-1-e1594795126410.png\" \/>\n\t<meta property=\"og:image:width\" content=\"866\" \/>\n\t<meta property=\"og:image:height\" content=\"618\" \/>\n\t<meta property=\"og:image:type\" content=\"image\/png\" \/>\n<meta name=\"twitter:card\" content=\"summary_large_image\" \/>\n<meta name=\"twitter:label1\" content=\"Est. reading time\" \/>\n\t<meta name=\"twitter:data1\" content=\"1 minut\" \/>\n<script type=\"application\/ld+json\" class=\"yoast-schema-graph\">{\"@context\":\"https:\/\/schema.org\",\"@graph\":[{\"@type\":\"WebPage\",\"@id\":\"https:\/\/1office.co\/estonia\/et\/Teenus\/volikirja-alusel-esindamine\/\",\"url\":\"https:\/\/1office.co\/estonia\/et\/Teenus\/volikirja-alusel-esindamine\/\",\"name\":\"Volikirja alusel esindamine - 1Office Estonia\",\"isPartOf\":{\"@id\":\"https:\/\/1office.co\/estonia\/ru\/#website\"},\"primaryImageOfPage\":{\"@id\":\"https:\/\/1office.co\/estonia\/et\/Teenus\/volikirja-alusel-esindamine\/#primaryimage\"},\"image\":{\"@id\":\"https:\/\/1office.co\/estonia\/et\/Teenus\/volikirja-alusel-esindamine\/#primaryimage\"},\"thumbnailUrl\":\"https:\/\/1office.co\/estonia\/wp-content\/uploads\/sites\/5\/2018\/10\/LS2-1-e1594795126410.png\",\"datePublished\":\"2017-08-10T10:40:21+00:00\",\"dateModified\":\"2023-06-06T13:19:06+00:00\",\"description\":\"1Office esindab kliente volikirja alusel era- ning riigiasutustes Eestis. Teenus sobib klientidele, kel ei ole v\u00f5imalik vajalik toimingute jaoks endal Eestisse reisida.\",\"breadcrumb\":{\"@id\":\"https:\/\/1office.co\/estonia\/et\/Teenus\/volikirja-alusel-esindamine\/#breadcrumb\"},\"inLanguage\":\"et\",\"potentialAction\":[{\"@type\":\"ReadAction\",\"target\":[\"https:\/\/1office.co\/estonia\/et\/Teenus\/volikirja-alusel-esindamine\/\"]}]},{\"@type\":\"ImageObject\",\"inLanguage\":\"et\",\"@id\":\"https:\/\/1office.co\/estonia\/et\/Teenus\/volikirja-alusel-esindamine\/#primaryimage\",\"url\":\"https:\/\/1office.co\/estonia\/wp-content\/uploads\/sites\/5\/2018\/10\/LS2-1-e1594795126410.png\",\"contentUrl\":\"https:\/\/1office.co\/estonia\/wp-content\/uploads\/sites\/5\/2018\/10\/LS2-1-e1594795126410.png\",\"width\":866,\"height\":618},{\"@type\":\"BreadcrumbList\",\"@id\":\"https:\/\/1office.co\/estonia\/et\/Teenus\/volikirja-alusel-esindamine\/#breadcrumb\",\"itemListElement\":[{\"@type\":\"ListItem\",\"position\":1,\"name\":\"Home\",\"item\":\"https:\/\/1office.co\/estonia\/et\/\"},{\"@type\":\"ListItem\",\"position\":2,\"name\":\"Services Shop\",\"item\":\"https:\/\/1office.co\/estonia\/services-shop\/\"},{\"@type\":\"ListItem\",\"position\":3,\"name\":\"Volikirja alusel esindamine\"}]},{\"@type\":\"WebSite\",\"@id\":\"https:\/\/1office.co\/estonia\/ru\/#website\",\"url\":\"https:\/\/1office.co\/estonia\/ru\/\",\"name\":\"1Office Estonia\",\"description\":\"Making Business Simple\",\"potentialAction\":[{\"@type\":\"SearchAction\",\"target\":{\"@type\":\"EntryPoint\",\"urlTemplate\":\"https:\/\/1office.co\/estonia\/ru\/?s={search_term_string}\"},\"query-input\":{\"@type\":\"PropertyValueSpecification\",\"valueRequired\":true,\"valueName\":\"search_term_string\"}}],\"inLanguage\":\"et\"}]}<\/script>\n<!-- \/ Yoast SEO Premium plugin. -->","yoast_head_json":{"title":"Volikirja alusel esindamine - 1Office Estonia","description":"1Office esindab kliente volikirja alusel era- ning riigiasutustes Eestis. Teenus sobib klientidele, kel ei ole v\u00f5imalik vajalik toimingute jaoks endal Eestisse reisida.","robots":{"index":"noindex","follow":"follow"},"og_locale":"et_EE","og_type":"article","og_title":"Volikirja alusel esindamine","og_description":"1Office esindab kliente volikirja alusel era- ning riigiasutustes Eestis. Teenus sobib klientidele, kel ei ole v\u00f5imalik vajalik toimingute jaoks endal Eestisse reisida.","og_url":"https:\/\/1office.co\/estonia\/et\/Teenus\/volikirja-alusel-esindamine\/","og_site_name":"1Office Estonia","article_publisher":"https:\/\/www.facebook.com\/1Office\/?ref=br_rs","article_modified_time":"2023-06-06T13:19:06+00:00","og_image":[{"width":866,"height":618,"url":"https:\/\/1office.co\/estonia\/wp-content\/uploads\/sites\/5\/2018\/10\/LS2-1-e1594795126410.png","type":"image\/png"}],"twitter_card":"summary_large_image","twitter_misc":{"Est. reading time":"1 minut"},"schema":{"@context":"https:\/\/schema.org","@graph":[{"@type":"WebPage","@id":"https:\/\/1office.co\/estonia\/et\/Teenus\/volikirja-alusel-esindamine\/","url":"https:\/\/1office.co\/estonia\/et\/Teenus\/volikirja-alusel-esindamine\/","name":"Volikirja alusel esindamine - 1Office Estonia","isPartOf":{"@id":"https:\/\/1office.co\/estonia\/ru\/#website"},"primaryImageOfPage":{"@id":"https:\/\/1office.co\/estonia\/et\/Teenus\/volikirja-alusel-esindamine\/#primaryimage"},"image":{"@id":"https:\/\/1office.co\/estonia\/et\/Teenus\/volikirja-alusel-esindamine\/#primaryimage"},"thumbnailUrl":"https:\/\/1office.co\/estonia\/wp-content\/uploads\/sites\/5\/2018\/10\/LS2-1-e1594795126410.png","datePublished":"2017-08-10T10:40:21+00:00","dateModified":"2023-06-06T13:19:06+00:00","description":"1Office esindab kliente volikirja alusel era- ning riigiasutustes Eestis. Teenus sobib klientidele, kel ei ole v\u00f5imalik vajalik toimingute jaoks endal Eestisse reisida.","breadcrumb":{"@id":"https:\/\/1office.co\/estonia\/et\/Teenus\/volikirja-alusel-esindamine\/#breadcrumb"},"inLanguage":"et","potentialAction":[{"@type":"ReadAction","target":["https:\/\/1office.co\/estonia\/et\/Teenus\/volikirja-alusel-esindamine\/"]}]},{"@type":"ImageObject","inLanguage":"et","@id":"https:\/\/1office.co\/estonia\/et\/Teenus\/volikirja-alusel-esindamine\/#primaryimage","url":"https:\/\/1office.co\/estonia\/wp-content\/uploads\/sites\/5\/2018\/10\/LS2-1-e1594795126410.png","contentUrl":"https:\/\/1office.co\/estonia\/wp-content\/uploads\/sites\/5\/2018\/10\/LS2-1-e1594795126410.png","width":866,"height":618},{"@type":"BreadcrumbList","@id":"https:\/\/1office.co\/estonia\/et\/Teenus\/volikirja-alusel-esindamine\/#breadcrumb","itemListElement":[{"@type":"ListItem","position":1,"name":"Home","item":"https:\/\/1office.co\/estonia\/et\/"},{"@type":"ListItem","position":2,"name":"Services Shop","item":"https:\/\/1office.co\/estonia\/services-shop\/"},{"@type":"ListItem","position":3,"name":"Volikirja alusel esindamine"}]},{"@type":"WebSite","@id":"https:\/\/1office.co\/estonia\/ru\/#website","url":"https:\/\/1office.co\/estonia\/ru\/","name":"1Office Estonia","description":"Making Business Simple","potentialAction":[{"@type":"SearchAction","target":{"@type":"EntryPoint","urlTemplate":"https:\/\/1office.co\/estonia\/ru\/?s={search_term_string}"},"query-input":{"@type":"PropertyValueSpecification","valueRequired":true,"valueName":"search_term_string"}}],"inLanguage":"et"}]}},"_links":{"self":[{"href":"https:\/\/1office.co\/estonia\/et\/wp-json\/wp\/v2\/product\/57613","targetHints":{"allow":["GET"]}}],"collection":[{"href":"https:\/\/1office.co\/estonia\/et\/wp-json\/wp\/v2\/product"}],"about":[{"href":"https:\/\/1office.co\/estonia\/et\/wp-json\/wp\/v2\/types\/product"}],"wp:featuredmedia":[{"embeddable":true,"href":"https:\/\/1office.co\/estonia\/et\/wp-json\/wp\/v2\/media\/59428"}],"wp:attachment":[{"href":"https:\/\/1office.co\/estonia\/et\/wp-json\/wp\/v2\/media?parent=57613"}],"wp:term":[{"taxonomy":"product_brand","embeddable":true,"href":"https:\/\/1office.co\/estonia\/et\/wp-json\/wp\/v2\/product_brand?post=57613"},{"taxonomy":"product_cat","embeddable":true,"href":"https:\/\/1office.co\/estonia\/et\/wp-json\/wp\/v2\/product_cat?post=57613"},{"taxonomy":"product_tag","embeddable":true,"href":"https:\/\/1office.co\/estonia\/et\/wp-json\/wp\/v2\/product_tag?post=57613"}],"curies":[{"name":"wp","href":"https:\/\/api.w.org\/{rel}","templated":true}]}}