{"id":57621,"date":"2017-08-10T08:34:10","date_gmt":"2017-08-10T08:34:10","guid":{"rendered":"https:\/\/1office.co\/estonia\/product\/company-formation-in-notarys-office\/"},"modified":"2023-06-06T12:59:40","modified_gmt":"2023-06-06T12:59:40","slug":"ettevotte-asutamine-notaris","status":"publish","type":"product","link":"https:\/\/1office.co\/estonia\/et\/Teenus\/ettevotte-asutamine-notaris\/","title":{"rendered":"Ettev\u00f5tte asutamine notaris eraisikule"},"content":{"rendered":"<div class=\"wpb-content-wrapper\"><p>[vc_row][vc_column]<div id=\"advanced-tabs-desc-wrap-3736\" class=\"ult_tabs product_tabs\" style=\" \" data-tabsstyle=\"style1\"\n data-titlebg=\"#ffffff\" data-titlecolor=\"#b6b8ba\" data-fullheight=\"off\"\n data-titlehoverbg=\"#ffffff\" data-titlehovercolor=\"#1d1e23\"\n data-rotatetabs=\"0\" data-responsivemode=\"Both\" data-animation=\"Slide\"\ndata-activetitle=\"#1d1e23\" data-activeicon=\"\" data-activebg=\"#ffffff\"  data-respmode=\"Tabs\" data-respwidth=\"400\" data-scroll = \"on\" data-activeindex=\"1\"><ul id=advanced-tabs-wrap-4235 class=\"ult_tabmenu style1 \" style=\"\"><li class=\"ult_tab_li  \" data-iconcolor=\"#74777b\" data-iconhover=\"#ffffff\" style=\"background-color:#ffffff;border-color:transparent;border-width:0px;border-style:solid;border-top-right-radius:8px;\">\n\t\t\t\t\t<a href=\"#1512642751410-8ee0b-c3ff\"  id=\"1512642751410-8ee0b-c3ff\"  style=\"color:#b6b8ba;; padding:15px; \" class=\"ult_a  \">\n\t\t\t\t\t     <span class=\"ult_tab_main Both \">\n\t\t\t\t\t \t\t <span class=\"ult_tab_section\">\n\t\t\t\t\t   \t\t\t<span  data-ultimate-target='#advanced-tabs-wrap-4235 .ult-span-text'  data-responsive-json-new='{\"font-size\":\"desktop:14px;\",\"line-height\":\"\"}'  class=\"ult-span-text no_icon ult_tab_display_text ult-responsive\" style=\"font-weight:bold;;\">Kirjeldus<\/span>\n\t\t\t\t\t   \t\t<\/span>\n\t\t\t\t\t\t<\/span>\n\t\t\t\t\t<\/a>\n\t\t\t\t\t<\/li><\/ul><div  data-ultimate-target='#advanced-tabs-desc-wrap-3736 .ult_tabcontent .ult_tab_min_contain  p'  data-responsive-json-new='{\"font-size\":\"\",\"line-height\":\"\"}' class=\"ult_tabcontent ult-responsive style1\" style=\"color:#74777b;\"><div class=\"ult_tab_min_contain \" >\n\t\t\t<div  class=\"ult_tabitemname\"  >\n\t\t\t\t[vc_column_text]Ettev\u00f5tte asutamine notaris sisaldab 1Office&#8217;i juristi tuge. V\u00f5id valida, kas soovid ise Tallinnasse kohale tulla v\u00f5i volitad 1Office&#8217;i esindaja ennast esindama. Ettev\u00f5te registreeritakse 5 t\u00f6\u00f6p\u00e4eva jooksul p\u00e4rast notari tehingut.<\/p>\n<p class=\"p1\">See on sobilik k\u00f5ikidele eraisikutele, kes soovivad ettev\u00f5tte registreerida rohkem kui \u00fche asutajaga.<\/p>\n<p>Pea meeles, et kohalik <a href=\"https:\/\/1office.co\/estonia\/et\/Teenus\/ariaadress-tallinna-kesklinna-arikvartalis\/\" target=\"_blank\" rel=\"noopener noreferrer\">\u00e4riaadress<\/a> on kohustuslik k\u00f5ikidele Eesti ettev\u00f5tetele.<br \/>\nSamuti v\u00f5id tellida meiepoolse <a href=\"https:\/\/1office.co\/estonia\/et\/Teenus\/kontaktisik-koos-ariaadressiga-tallinna-kesklinna-arikvartalis\/\" target=\"_blank\" rel=\"noopener noreferrer\">kontaktisiku<\/a> (kohustuslik, kui ettev\u00f5tte juhatus asub v\u00e4ljaspool Eestit) v\u00f5i <a href=\"https:\/\/1office.co\/estonia\/et\/Teenus\/raamatupidamise-teenuse-tunnitasu\/\" target=\"_blank\" rel=\"noopener noreferrer\">raamatupidamisteenuse<\/a>.<\/p>\n<p>&nbsp;<\/p>\n<p><strong>Hinnas sisaldub:<\/strong><\/p>\n<ul>\n<li>Ettev\u00f5tte asutamise dokumentide ettevalmistamine<\/li>\n<li>Aeg notaris vajalike dokumentide allkirjastamiseks<\/li>\n<li>Meie tugi kogu registreerimisprotsessi jooksul<\/li>\n<li>Riigil\u00f5iv<\/li>\n<li>Notaritasud<\/li>\n<\/ul>\n<p><strong>Saadaval lisatasu eest:<\/strong><\/p>\n<ul>\n<li>\u00c4rinime kontroll (50\u20ac)<\/li>\n<li>\u00c4riregistri poolt kinnitatud andmete v\u00e4ljav\u00f5te (alates 35\u20ac)<\/li>\n<li>Kui oled huvitatud nende teenuste tellimisest, v\u00f5ta meiega palun otse \u00fchendust: <a href=\"mailto:sales@1office.co\" target=\"_blank\" rel=\"noopener noreferrer\">sales@1office.co<\/a><\/li>\n<li>Volikirja alusel esindamine &#8211; juhul kui Sul pole v\u00f5imalust ise Tallinnasse kohale tulla<\/li>\n<li><a href=\"https:\/\/1office.co\/estonia\/et\/Teenus\/ariaadress-tallinna-kesklinna-arikvartalis\/\" target=\"_blank\" rel=\"noopener noreferrer\">\u00c4riaadress<\/a><\/li>\n<li><a href=\"https:\/\/1office.co\/estonia\/et\/Teenus\/kontaktisik-koos-ariaadressiga-tallinna-kesklinna-arikvartalis\/\" target=\"_blank\" rel=\"noopener noreferrer\">Kontaktisik koos \u00e4riaadressiga<\/a><\/li>\n<li><a href=\"https:\/\/1office.co\/estonia\/et\/Teenus\/raamatupidamise-teenuse-tunnitasu\/\" target=\"_blank\" rel=\"noopener noreferrer\">Raamatupidamisteenus<\/a><\/li>\n<\/ul>\n<p>&nbsp;<\/p>\n<p><strong>Protsessi k\u00e4ik:<\/strong><\/p>\n<ul>\n<li>Vali teenused, mida soovid tellida (lisaks ettev\u00f5tte asutamisele v\u00f5id vajada ka \u00e4riaadressi, kontaktisikut, raamatupidamist ja\/v\u00f5i esindamist volikirja alusel)<\/li>\n<li>P\u00e4rast makse sooritamist saadame Sulle KYC* vormi, mis tuleb t\u00e4ita<\/li>\n<li>Valmistame ette k\u00f5ik vajalikud dokumendid ning broneerime aja notarisse<\/li>\n<li>Sinult v\u00f5idakse k\u00fcsida lisak\u00fcsimusi, kuid aitame nendele vastamisel<\/li>\n<li>Ettev\u00f5te registreeritakse 5 t\u00f6\u00f6p\u00e4eva jooksul p\u00e4rast dokumentide allkirjastamist<\/li>\n<\/ul>\n<p><strong>T\u00e4htis informatsioon:<\/strong><\/p>\n<ul>\n<li class=\"li1\">Sobilik ka mitte-residentidele ja mitmele asutajale<\/li>\n<li>Sul on v\u00f5imalik valida, kas soovid osakapitali sisse maksta kohe ettev\u00f5tte registreerimisel v\u00f5i registreerida ilma kohese osakapitali sissemakseta. Viimane t\u00e4hendab, et Sul on v\u00f5imalik valida, millal soovid osakapitali sisse maksta, kuid see peab olema makstud enne dividendide v\u00e4ljamaksmist. Eesti ettev\u00f5tte minimaalne osakapital on 2500\u20ac.<\/li>\n<\/ul>\n<p>*KYC (Know Your Client) &#8211; protsess vastamaks meetmetele, mis on meile kehtestatud EU regulatsioonide poolt. Tuginedes KYC protsessile kogume, uuendame ja hoiustame iga enda kliendi andmeid.[\/vc_column_text]\n\t\t\t<\/div><\/div><\/div><\/div><div class=\"ult_acord advanced-tabs-desc-wrap-3736\">\n   <div class=\"ult-tabto-accordion \" style=\"width:;\"\n    data-titlecolor=\"#b6b8ba\"  data-titlebg=\"#ffffff\"\n     data-titlehoverbg=\"#ffffff\" data-titlehovercolor=\"#1d1e23\" data-animation=\"Slide\"\n     data-activetitle=\"#1d1e23\" data-activeicon=\"\" data-activebg=\"#ffffff\" data-scroll = \"on\" data-activeindex=\"1\" >\n     <dl><dt class=\"\">\n\t        \t<a class=\"ult-tabto-actitle withBorder ult_a \" id=\"1512642751410-8ee0b-c3ff\" style=\"color:#b6b8ba;;background-color:#ffffff;border-bottom-color:transparent;border-bottom-width:0px;border-bottom-style:solid;\" href=\"#1512642751410-8ee0b-c3ff\">\n\t        \t\t<i class=\"accordion-icon\"><\/i>\n\t        \t\t\t<span class=\"ult_tab_main ult_ac_main ult_noacordicnBoth\">\n\n\t\t\t\t\t\t<span  data-ultimate-target='#advanced-tabs-wrap-4235 .ult-span-text'  data-responsive-json-new='{\"font-size\":\"desktop:14px;\",\"line-height\":\"\"}'  class=\"ult-span-text no_icon ult_acordian-text ult-responsive\" style=\"font-weight:bold;;color:inherit \" >Kirjeldus<\/span>\n\t\t\t\t\t\t<\/span><\/a><\/dt>\n\t            \t\t<dd class=\"ult-tabto-accordionItem ult-tabto-accolapsed\">\n\t\t\t\t            <div class=\"ult-tabto-acontent\" style=\"color:#74777b;\">\n\t\t\t\t               [vc_column_text]Ettev\u00f5tte asutamine notaris sisaldab 1Office&#8217;i juristi tuge. V\u00f5id valida, kas soovid ise Tallinnasse kohale tulla v\u00f5i volitad 1Office&#8217;i esindaja ennast esindama. Ettev\u00f5te registreeritakse 5 t\u00f6\u00f6p\u00e4eva jooksul p\u00e4rast notari tehingut.<\/p>\n<p class=\"p1\">See on sobilik k\u00f5ikidele eraisikutele, kes soovivad ettev\u00f5tte registreerida rohkem kui \u00fche asutajaga.<\/p>\n<p>Pea meeles, et kohalik <a href=\"https:\/\/1office.co\/estonia\/et\/Teenus\/ariaadress-tallinna-kesklinna-arikvartalis\/\" target=\"_blank\" rel=\"noopener noreferrer\">\u00e4riaadress<\/a> on kohustuslik k\u00f5ikidele Eesti ettev\u00f5tetele.<br \/>\nSamuti v\u00f5id tellida meiepoolse <a href=\"https:\/\/1office.co\/estonia\/et\/Teenus\/kontaktisik-koos-ariaadressiga-tallinna-kesklinna-arikvartalis\/\" target=\"_blank\" rel=\"noopener noreferrer\">kontaktisiku<\/a> (kohustuslik, kui ettev\u00f5tte juhatus asub v\u00e4ljaspool Eestit) v\u00f5i <a href=\"https:\/\/1office.co\/estonia\/et\/Teenus\/raamatupidamise-teenuse-tunnitasu\/\" target=\"_blank\" rel=\"noopener noreferrer\">raamatupidamisteenuse<\/a>.<\/p>\n<p>&nbsp;<\/p>\n<p><strong>Hinnas sisaldub:<\/strong><\/p>\n<ul>\n<li>Ettev\u00f5tte asutamise dokumentide ettevalmistamine<\/li>\n<li>Aeg notaris vajalike dokumentide allkirjastamiseks<\/li>\n<li>Meie tugi kogu registreerimisprotsessi jooksul<\/li>\n<li>Riigil\u00f5iv<\/li>\n<li>Notaritasud<\/li>\n<\/ul>\n<p><strong>Saadaval lisatasu eest:<\/strong><\/p>\n<ul>\n<li>\u00c4rinime kontroll (50\u20ac)<\/li>\n<li>\u00c4riregistri poolt kinnitatud andmete v\u00e4ljav\u00f5te (alates 35\u20ac)<\/li>\n<li>Kui oled huvitatud nende teenuste tellimisest, v\u00f5ta meiega palun otse \u00fchendust: <a href=\"mailto:sales@1office.co\" target=\"_blank\" rel=\"noopener noreferrer\">sales@1office.co<\/a><\/li>\n<li>Volikirja alusel esindamine &#8211; juhul kui Sul pole v\u00f5imalust ise Tallinnasse kohale tulla<\/li>\n<li><a href=\"https:\/\/1office.co\/estonia\/et\/Teenus\/ariaadress-tallinna-kesklinna-arikvartalis\/\" target=\"_blank\" rel=\"noopener noreferrer\">\u00c4riaadress<\/a><\/li>\n<li><a href=\"https:\/\/1office.co\/estonia\/et\/Teenus\/kontaktisik-koos-ariaadressiga-tallinna-kesklinna-arikvartalis\/\" target=\"_blank\" rel=\"noopener noreferrer\">Kontaktisik koos \u00e4riaadressiga<\/a><\/li>\n<li><a href=\"https:\/\/1office.co\/estonia\/et\/Teenus\/raamatupidamise-teenuse-tunnitasu\/\" target=\"_blank\" rel=\"noopener noreferrer\">Raamatupidamisteenus<\/a><\/li>\n<\/ul>\n<p>&nbsp;<\/p>\n<p><strong>Protsessi k\u00e4ik:<\/strong><\/p>\n<ul>\n<li>Vali teenused, mida soovid tellida (lisaks ettev\u00f5tte asutamisele v\u00f5id vajada ka \u00e4riaadressi, kontaktisikut, raamatupidamist ja\/v\u00f5i esindamist volikirja alusel)<\/li>\n<li>P\u00e4rast makse sooritamist saadame Sulle KYC* vormi, mis tuleb t\u00e4ita<\/li>\n<li>Valmistame ette k\u00f5ik vajalikud dokumendid ning broneerime aja notarisse<\/li>\n<li>Sinult v\u00f5idakse k\u00fcsida lisak\u00fcsimusi, kuid aitame nendele vastamisel<\/li>\n<li>Ettev\u00f5te registreeritakse 5 t\u00f6\u00f6p\u00e4eva jooksul p\u00e4rast dokumentide allkirjastamist<\/li>\n<\/ul>\n<p><strong>T\u00e4htis informatsioon:<\/strong><\/p>\n<ul>\n<li class=\"li1\">Sobilik ka mitte-residentidele ja mitmele asutajale<\/li>\n<li>Sul on v\u00f5imalik valida, kas soovid osakapitali sisse maksta kohe ettev\u00f5tte registreerimisel v\u00f5i registreerida ilma kohese osakapitali sissemakseta. Viimane t\u00e4hendab, et Sul on v\u00f5imalik valida, millal soovid osakapitali sisse maksta, kuid see peab olema makstud enne dividendide v\u00e4ljamaksmist. Eesti ettev\u00f5tte minimaalne osakapital on 2500\u20ac.<\/li>\n<\/ul>\n<p>*KYC (Know Your Client) &#8211; protsess vastamaks meetmetele, mis on meile kehtestatud EU regulatsioonide poolt. Tuginedes KYC protsessile kogume, uuendame ja hoiustame iga enda kliendi andmeid.[\/vc_column_text]\n\t\t\t\t            <\/div>\n\t        \t\t\t<\/dd>\n    \t<\/dl>\n    <!--<div class=\"extraborder\" style=\"background-color:#ffffff\"><\/div>-->\n<\/div>\n\n<\/div>[\/vc_column][\/vc_row]<\/p>\n<\/div>","protected":false},"excerpt":{"rendered":"<p class=\"p1\">Ettev\u00f5tte asutamine on lihtne ka siis, kui Sa ei ole Eesti e-resident v\u00f5i resident \u2013 seda saab teha notaris. Teenus on sobilik mitmele asutajale ning eraisikutele, kellel pole digiallkirjastamine v\u00f5imalust.<\/p>\n","protected":false},"featured_media":59613,"template":"","meta":{"_acf_changed":false,"inline_featured_image":false},"product_brand":[],"product_cat":[308],"product_tag":[311],"class_list":{"0":"post-57621","1":"product","2":"type-product","3":"status-publish","4":"has-post-thumbnail","6":"product_cat-ettevotte-alustamine","7":"product_tag-eesti","8":"description-off","10":"first","11":"instock","12":"virtual","13":"taxable","14":"purchasable","15":"product-type-bundle"},"bundled_by":[],"bundle_stock_status":"instock","bundle_stock_quantity":"","bundle_virtual":false,"bundle_layout":"default","bundle_add_to_cart_form_location":"default","bundle_editable_in_cart":false,"bundle_sold_individually_context":"product","bundle_item_grouping":"parent","bundle_min_size":"","bundle_max_size":"","bundle_price":{"price":{"min":{"incl_tax":"1116.00","excl_tax":"900.00"},"max":{"incl_tax":"1116.00","excl_tax":"900.00"}},"regular_price":{"min":{"incl_tax":"1116.00","excl_tax":"900.00"},"max":{"incl_tax":"1116.00","excl_tax":"900.00"}}},"bundled_items":[{"bundled_item_id":144,"product_id":76595,"menu_order":0,"quantity_min":1,"quantity_max":1,"quantity_default":1,"priced_individually":true,"shipped_individually":true,"override_title":false,"title":null,"override_description":false,"description":null,"optional":false,"hide_thumbnail":false,"discount":"","override_variations":false,"allowed_variations":[""],"override_default_variation_attributes":false,"default_variation_attributes":[],"single_product_visibility":"visible","cart_visibility":"visible","order_visibility":"visible","single_product_price_visibility":"hidden","cart_price_visibility":"visible","order_price_visibility":"visible","stock_status":"in_stock"}],"bundle_sell_ids":[],"acf":[],"yoast_head":"<!-- This site is optimized with the Yoast SEO Premium plugin v22.1 (Yoast SEO v27.0) - https:\/\/yoast.com\/product\/yoast-seo-premium-wordpress\/ -->\n<title>Ettev\u00f5tte asutamine notaris eraisikule - 1Office Estonia<\/title>\n<meta name=\"description\" content=\"Ettev\u00f5tte asutamine notaris on sobilik eraisikutele ning ettev\u00f5tetele, kel ei ole v\u00f5imalust digtaallkirja andmiseks.\" \/>\n<meta name=\"robots\" content=\"index, follow, max-snippet:-1, max-image-preview:large, max-video-preview:-1\" \/>\n<link rel=\"canonical\" href=\"https:\/\/1office.co\/estonia\/et\/Teenus\/ettevotte-asutamine-notaris\/\" \/>\n<meta property=\"og:locale\" content=\"et_EE\" \/>\n<meta property=\"og:type\" content=\"article\" \/>\n<meta property=\"og:title\" content=\"Ettev\u00f5tte asutamine notaris eraisikule\" \/>\n<meta property=\"og:description\" content=\"Ettev\u00f5tte asutamine notaris on sobilik eraisikutele ning ettev\u00f5tetele, kel ei ole v\u00f5imalust digtaallkirja andmiseks.\" \/>\n<meta property=\"og:url\" content=\"https:\/\/1office.co\/estonia\/et\/Teenus\/ettevotte-asutamine-notaris\/\" \/>\n<meta property=\"og:site_name\" content=\"1Office Estonia\" \/>\n<meta property=\"article:publisher\" content=\"https:\/\/www.facebook.com\/1Office\/?ref=br_rs\" \/>\n<meta property=\"article:modified_time\" content=\"2023-06-06T12:59:40+00:00\" \/>\n<meta property=\"og:image\" content=\"https:\/\/1office.co\/estonia\/wp-content\/uploads\/sites\/5\/2017\/08\/101693631-notarys-public-pen-and-stamp-on-testament-and-last-will-.jpg\" \/>\n\t<meta property=\"og:image:width\" content=\"450\" \/>\n\t<meta property=\"og:image:height\" content=\"300\" \/>\n\t<meta property=\"og:image:type\" content=\"image\/jpeg\" \/>\n<meta name=\"twitter:card\" content=\"summary_large_image\" \/>\n<meta name=\"twitter:label1\" content=\"Est. reading time\" \/>\n\t<meta name=\"twitter:data1\" content=\"2 minutit\" \/>\n<script type=\"application\/ld+json\" class=\"yoast-schema-graph\">{\"@context\":\"https:\/\/schema.org\",\"@graph\":[{\"@type\":\"WebPage\",\"@id\":\"https:\/\/1office.co\/estonia\/et\/Teenus\/ettevotte-asutamine-notaris\/\",\"url\":\"https:\/\/1office.co\/estonia\/et\/Teenus\/ettevotte-asutamine-notaris\/\",\"name\":\"Ettev\u00f5tte asutamine notaris eraisikule - 1Office Estonia\",\"isPartOf\":{\"@id\":\"https:\/\/1office.co\/estonia\/ru\/#website\"},\"primaryImageOfPage\":{\"@id\":\"https:\/\/1office.co\/estonia\/et\/Teenus\/ettevotte-asutamine-notaris\/#primaryimage\"},\"image\":{\"@id\":\"https:\/\/1office.co\/estonia\/et\/Teenus\/ettevotte-asutamine-notaris\/#primaryimage\"},\"thumbnailUrl\":\"https:\/\/1office.co\/estonia\/wp-content\/uploads\/sites\/5\/2017\/08\/101693631-notarys-public-pen-and-stamp-on-testament-and-last-will-.jpg\",\"datePublished\":\"2017-08-10T08:34:10+00:00\",\"dateModified\":\"2023-06-06T12:59:40+00:00\",\"description\":\"Ettev\u00f5tte asutamine notaris on sobilik eraisikutele ning ettev\u00f5tetele, kel ei ole v\u00f5imalust digtaallkirja andmiseks.\",\"breadcrumb\":{\"@id\":\"https:\/\/1office.co\/estonia\/et\/Teenus\/ettevotte-asutamine-notaris\/#breadcrumb\"},\"inLanguage\":\"et\",\"potentialAction\":[{\"@type\":\"ReadAction\",\"target\":[\"https:\/\/1office.co\/estonia\/et\/Teenus\/ettevotte-asutamine-notaris\/\"]}]},{\"@type\":\"ImageObject\",\"inLanguage\":\"et\",\"@id\":\"https:\/\/1office.co\/estonia\/et\/Teenus\/ettevotte-asutamine-notaris\/#primaryimage\",\"url\":\"https:\/\/1office.co\/estonia\/wp-content\/uploads\/sites\/5\/2017\/08\/101693631-notarys-public-pen-and-stamp-on-testament-and-last-will-.jpg\",\"contentUrl\":\"https:\/\/1office.co\/estonia\/wp-content\/uploads\/sites\/5\/2017\/08\/101693631-notarys-public-pen-and-stamp-on-testament-and-last-will-.jpg\",\"width\":450,\"height\":300},{\"@type\":\"BreadcrumbList\",\"@id\":\"https:\/\/1office.co\/estonia\/et\/Teenus\/ettevotte-asutamine-notaris\/#breadcrumb\",\"itemListElement\":[{\"@type\":\"ListItem\",\"position\":1,\"name\":\"Home\",\"item\":\"https:\/\/1office.co\/estonia\/et\/\"},{\"@type\":\"ListItem\",\"position\":2,\"name\":\"Services Shop\",\"item\":\"https:\/\/1office.co\/estonia\/services-shop\/\"},{\"@type\":\"ListItem\",\"position\":3,\"name\":\"Ettev\u00f5tte asutamine notaris eraisikule\"}]},{\"@type\":\"WebSite\",\"@id\":\"https:\/\/1office.co\/estonia\/ru\/#website\",\"url\":\"https:\/\/1office.co\/estonia\/ru\/\",\"name\":\"1Office Estonia\",\"description\":\"Making Business Simple\",\"potentialAction\":[{\"@type\":\"SearchAction\",\"target\":{\"@type\":\"EntryPoint\",\"urlTemplate\":\"https:\/\/1office.co\/estonia\/ru\/?s={search_term_string}\"},\"query-input\":{\"@type\":\"PropertyValueSpecification\",\"valueRequired\":true,\"valueName\":\"search_term_string\"}}],\"inLanguage\":\"et\"}]}<\/script>\n<!-- \/ Yoast SEO Premium plugin. -->","yoast_head_json":{"title":"Ettev\u00f5tte asutamine notaris eraisikule - 1Office Estonia","description":"Ettev\u00f5tte asutamine notaris on sobilik eraisikutele ning ettev\u00f5tetele, kel ei ole v\u00f5imalust digtaallkirja andmiseks.","robots":{"index":"index","follow":"follow","max-snippet":"max-snippet:-1","max-image-preview":"max-image-preview:large","max-video-preview":"max-video-preview:-1"},"canonical":"https:\/\/1office.co\/estonia\/et\/Teenus\/ettevotte-asutamine-notaris\/","og_locale":"et_EE","og_type":"article","og_title":"Ettev\u00f5tte asutamine notaris eraisikule","og_description":"Ettev\u00f5tte asutamine notaris on sobilik eraisikutele ning ettev\u00f5tetele, kel ei ole v\u00f5imalust digtaallkirja andmiseks.","og_url":"https:\/\/1office.co\/estonia\/et\/Teenus\/ettevotte-asutamine-notaris\/","og_site_name":"1Office Estonia","article_publisher":"https:\/\/www.facebook.com\/1Office\/?ref=br_rs","article_modified_time":"2023-06-06T12:59:40+00:00","og_image":[{"width":450,"height":300,"url":"https:\/\/1office.co\/estonia\/wp-content\/uploads\/sites\/5\/2017\/08\/101693631-notarys-public-pen-and-stamp-on-testament-and-last-will-.jpg","type":"image\/jpeg"}],"twitter_card":"summary_large_image","twitter_misc":{"Est. reading time":"2 minutit"},"schema":{"@context":"https:\/\/schema.org","@graph":[{"@type":"WebPage","@id":"https:\/\/1office.co\/estonia\/et\/Teenus\/ettevotte-asutamine-notaris\/","url":"https:\/\/1office.co\/estonia\/et\/Teenus\/ettevotte-asutamine-notaris\/","name":"Ettev\u00f5tte asutamine notaris eraisikule - 1Office Estonia","isPartOf":{"@id":"https:\/\/1office.co\/estonia\/ru\/#website"},"primaryImageOfPage":{"@id":"https:\/\/1office.co\/estonia\/et\/Teenus\/ettevotte-asutamine-notaris\/#primaryimage"},"image":{"@id":"https:\/\/1office.co\/estonia\/et\/Teenus\/ettevotte-asutamine-notaris\/#primaryimage"},"thumbnailUrl":"https:\/\/1office.co\/estonia\/wp-content\/uploads\/sites\/5\/2017\/08\/101693631-notarys-public-pen-and-stamp-on-testament-and-last-will-.jpg","datePublished":"2017-08-10T08:34:10+00:00","dateModified":"2023-06-06T12:59:40+00:00","description":"Ettev\u00f5tte asutamine notaris on sobilik eraisikutele ning ettev\u00f5tetele, kel ei ole v\u00f5imalust digtaallkirja andmiseks.","breadcrumb":{"@id":"https:\/\/1office.co\/estonia\/et\/Teenus\/ettevotte-asutamine-notaris\/#breadcrumb"},"inLanguage":"et","potentialAction":[{"@type":"ReadAction","target":["https:\/\/1office.co\/estonia\/et\/Teenus\/ettevotte-asutamine-notaris\/"]}]},{"@type":"ImageObject","inLanguage":"et","@id":"https:\/\/1office.co\/estonia\/et\/Teenus\/ettevotte-asutamine-notaris\/#primaryimage","url":"https:\/\/1office.co\/estonia\/wp-content\/uploads\/sites\/5\/2017\/08\/101693631-notarys-public-pen-and-stamp-on-testament-and-last-will-.jpg","contentUrl":"https:\/\/1office.co\/estonia\/wp-content\/uploads\/sites\/5\/2017\/08\/101693631-notarys-public-pen-and-stamp-on-testament-and-last-will-.jpg","width":450,"height":300},{"@type":"BreadcrumbList","@id":"https:\/\/1office.co\/estonia\/et\/Teenus\/ettevotte-asutamine-notaris\/#breadcrumb","itemListElement":[{"@type":"ListItem","position":1,"name":"Home","item":"https:\/\/1office.co\/estonia\/et\/"},{"@type":"ListItem","position":2,"name":"Services Shop","item":"https:\/\/1office.co\/estonia\/services-shop\/"},{"@type":"ListItem","position":3,"name":"Ettev\u00f5tte asutamine notaris eraisikule"}]},{"@type":"WebSite","@id":"https:\/\/1office.co\/estonia\/ru\/#website","url":"https:\/\/1office.co\/estonia\/ru\/","name":"1Office Estonia","description":"Making Business Simple","potentialAction":[{"@type":"SearchAction","target":{"@type":"EntryPoint","urlTemplate":"https:\/\/1office.co\/estonia\/ru\/?s={search_term_string}"},"query-input":{"@type":"PropertyValueSpecification","valueRequired":true,"valueName":"search_term_string"}}],"inLanguage":"et"}]}},"_links":{"self":[{"href":"https:\/\/1office.co\/estonia\/et\/wp-json\/wp\/v2\/product\/57621","targetHints":{"allow":["GET"]}}],"collection":[{"href":"https:\/\/1office.co\/estonia\/et\/wp-json\/wp\/v2\/product"}],"about":[{"href":"https:\/\/1office.co\/estonia\/et\/wp-json\/wp\/v2\/types\/product"}],"wp:featuredmedia":[{"embeddable":true,"href":"https:\/\/1office.co\/estonia\/et\/wp-json\/wp\/v2\/media\/59613"}],"wp:attachment":[{"href":"https:\/\/1office.co\/estonia\/et\/wp-json\/wp\/v2\/media?parent=57621"}],"wp:term":[{"taxonomy":"product_brand","embeddable":true,"href":"https:\/\/1office.co\/estonia\/et\/wp-json\/wp\/v2\/product_brand?post=57621"},{"taxonomy":"product_cat","embeddable":true,"href":"https:\/\/1office.co\/estonia\/et\/wp-json\/wp\/v2\/product_cat?post=57621"},{"taxonomy":"product_tag","embeddable":true,"href":"https:\/\/1office.co\/estonia\/et\/wp-json\/wp\/v2\/product_tag?post=57621"}],"curies":[{"name":"wp","href":"https:\/\/api.w.org\/{rel}","templated":true}]}}