{"id":57624,"date":"2017-08-10T08:34:11","date_gmt":"2017-08-10T08:34:11","guid":{"rendered":"https:\/\/1office.co\/estonia\/product\/company-formation-with-e-resident-card\/"},"modified":"2023-06-06T11:54:17","modified_gmt":"2023-06-06T11:54:17","slug":"ettevotte-asutamine-e-residendile-2","status":"publish","type":"product","link":"https:\/\/1office.co\/estonia\/et\/Teenus\/ettevotte-asutamine-e-residendile-2\/","title":{"rendered":"Ettev\u00f5tte asutamine e-residendile"},"content":{"rendered":"<div class=\"wpb-content-wrapper\"><p>[vc_row][vc_column]<div id=\"advanced-tabs-desc-wrap-8582\" class=\"ult_tabs product_tabs\" style=\" \" data-tabsstyle=\"style1\"\n data-titlebg=\"#ffffff\" data-titlecolor=\"#b6b8ba\" data-fullheight=\"off\"\n data-titlehoverbg=\"#ffffff\" data-titlehovercolor=\"#1d1e23\"\n data-rotatetabs=\"0\" data-responsivemode=\"Both\" data-animation=\"Slide\"\ndata-activetitle=\"#1d1e23\" data-activeicon=\"\" data-activebg=\"#ffffff\"  data-respmode=\"Tabs\" data-respwidth=\"400\" data-scroll = \"on\" data-activeindex=\"1\"><ul id=advanced-tabs-wrap-8991 class=\"ult_tabmenu style1 \" style=\"\"><li class=\"ult_tab_li  \" data-iconcolor=\"#74777b\" data-iconhover=\"#ffffff\" style=\"background-color:#ffffff;border-color:transparent;border-width:0px;border-style:solid;border-top-right-radius:8px;\">\n\t\t\t\t\t<a href=\"#1512642751410-807e9-673f\"  id=\"1512642751410-807e9-673f\"  style=\"color:#b6b8ba;; padding:15px; \" class=\"ult_a  \">\n\t\t\t\t\t     <span class=\"ult_tab_main Both \">\n\t\t\t\t\t \t\t <span class=\"ult_tab_section\">\n\t\t\t\t\t   \t\t\t<span  data-ultimate-target='#advanced-tabs-wrap-8991 .ult-span-text'  data-responsive-json-new='{\"font-size\":\"desktop:14px;\",\"line-height\":\"\"}'  class=\"ult-span-text no_icon ult_tab_display_text ult-responsive\" style=\"font-weight:bold;;\">Kirjeldus<\/span>\n\t\t\t\t\t   \t\t<\/span>\n\t\t\t\t\t\t<\/span>\n\t\t\t\t\t<\/a>\n\t\t\t\t\t<\/li><\/ul><div  data-ultimate-target='#advanced-tabs-desc-wrap-8582 .ult_tabcontent .ult_tab_min_contain  p'  data-responsive-json-new='{\"font-size\":\"\",\"line-height\":\"\"}' class=\"ult_tabcontent ult-responsive style1\" style=\"color:#74777b;\"><div class=\"ult_tab_min_contain \" >\n\t\t\t<div  class=\"ult_tabitemname\"  >\n\t\t\t\t[vc_column_text]T\u00e4ielikult veebip\u00f5hine teenus. Sul tuleb k\u00f5igest vastata paarile lihtsale k\u00fcsimusele ning allkirjastada eelt\u00e4idetud avaldus, meie hoolitseme k\u00f5ige muu eest. Sellisel viisil v\u00f5tab ettev\u00f5tte registreerimine aega k\u00f5igest 1-2 t\u00f6\u00f6p\u00e4eva.<br \/>\nSee on sobilik Eesti e-residentidele, kes soovivad ettev\u00f5tte registreerida rohkem kui \u00fche asutajaga.<br \/>\nPea meeles, et kohalik\u00a0<a href=\"https:\/\/1office.co\/estonia\/et\/Teenus\/ariaadress-tallinna-kesklinna-arikvartalis\/\">\u00e4riaadress<\/a> on kohustuslik k\u00f5ikidele Eesti ettev\u00f5tetele. Samuti v\u00f5id tellida meiepoolse\u00a0<a href=\"https:\/\/1office.co\/estonia\/et\/Teenus\/kontaktisik-koos-ariaadressiga-tallinna-kesklinna-arikvartalis\/\">kontaktisiku<\/a> (kohustuslik, kui ettev\u00f5tte juhatus asub v\u00e4ljaspool Eestit) v\u00f5i <a href=\"https:\/\/1office.co\/estonia\/et\/Teenus\/raamatupidamise-teenuse-tunnitasu\/\" target=\"_blank\" rel=\"noopener noreferrer\">raamatupidamisteenuse<\/a>.<\/p>\n<p>&nbsp;<\/p>\n<p><strong>Hinnas sisaldub:<\/strong><\/p>\n<ul>\n<li>Meiepoolne t\u00e4ielik tugi<\/li>\n<li>Riigil\u00f5iv<\/li>\n<li>Ettev\u00f5tte asutamise dokumentide ettevalmistamine \u00c4riregistri jaoks<\/li>\n<li>Standardne p\u00f5hikiri<\/li>\n<\/ul>\n<p><strong>Saadaval lisatasu eest:<\/strong><\/p>\n<ul>\n<li>\u00c4rinime kontroll (50\u20ac)<\/li>\n<li>\u00c4riregistri poolt kinnitatud andmete v\u00e4ljav\u00f5te (alates 35\u20ac)<\/li>\n<li>Kui oled huvitatud nende teenuste tellimisest, v\u00f5ta meiega palun otse \u00fchendust: <a href=\"mailto:sales@1office.co\" target=\"_blank\" rel=\"noopener noreferrer\">sales@1office.co<\/a><\/li>\n<li><a href=\"https:\/\/1office.co\/estonia\/et\/Teenus\/ariaadress-tallinna-kesklinna-arikvartalis\/\" target=\"_blank\" rel=\"noopener noreferrer\">\u00c4riaadress<\/a><\/li>\n<li><a href=\"https:\/\/1office.co\/estonia\/et\/Teenus\/kontaktisik-koos-ariaadressiga-tallinna-kesklinna-arikvartalis\/\" target=\"_blank\" rel=\"noopener noreferrer\">Kontaktisik koos \u00e4riaadressiga<\/a><\/li>\n<li><a href=\"https:\/\/1office.co\/estonia\/et\/Teenus\/raamatupidamise-teenuse-tunnitasu\/\" target=\"_blank\" rel=\"noopener noreferrer\">Raamatupidamisteenus<\/a><\/li>\n<\/ul>\n<p>&nbsp;<\/p>\n<p><strong>Protsessi k\u00e4ik:<\/strong><\/p>\n<ul>\n<li>Vali teenused, mida soovid tellida (lisaks ettev\u00f5tte asutamisele v\u00f5id vajada ka \u00e4riaadressi, kontaktisikut ja\/v\u00f5i raamatupidamist)<\/li>\n<li>P\u00e4rast makse sooritamist saadame Sulle KYC* vormi, mis tuleb t\u00e4ita<\/li>\n<li>Allkirjasta meie poolt ettevalmistatud dokumendid (digiallkirjastamine)<\/li>\n<li>\u00c4riregistri poolt v\u00f5ivad tulla lisak\u00fcsimused, kuid aitame Sind nendele vastamisel<\/li>\n<li>Ettev\u00f5te registreeritakse 1-2 t\u00f6\u00f6p\u00e4eva jooksul p\u00e4rast allkirjastatud dokumentide saatmist<\/li>\n<\/ul>\n<p><strong>T\u00e4htis informatsioon:<\/strong><\/p>\n<ul>\n<li>Sobilik ainult e-residentidele ja Eesti ID-kaardi omanikele.<\/li>\n<li>Sobiv mitmele asutajale.<\/li>\n<li>Vajalik digiallkirjastamise v\u00f5imalus.<\/li>\n<li>Selleks, et protsess oleks v\u00f5imalik kiire, palun tee kindlaks, kas soovitav \u00e4rinimi on saadaval ning vali ettev\u00f5tte p\u00f5hitegevuse kood. Valida tuleb ainult \u00fcks p\u00f5hitegevuse kood, kuid see ei limiteeri tegutsemist teistes sektorites. Koodid asuvad <a href=\"https:\/\/1office.co\/estonia\/wp-content\/uploads\/sites\/5\/2017\/08\/emtak_2008_pdf_0-2.pdf\">siin.<\/a><\/li>\n<li>Ettev\u00f5te registreeritakse ilma kohese osakapitali sissemakseta. See t\u00e4hendab, et Sul on v\u00f5imalik valida, millal soovid osakapitali sisse maksta, kuid see peab olema makstud enne dividendide v\u00e4ljamaksmist. Eesti ettev\u00f5tte minimaalne osakapital on 2500\u20ac.<\/li>\n<\/ul>\n<p>*KYC (Know Your Client) &#8211; protsess vastamaks meetmetele, mis on meile kehtestatud EU regulatsioonide poolt. Tuginedes KYC protsessile kogume, uuendame ja hoiustame iga enda kliendi andmeid.[\/vc_column_text]\n\t\t\t<\/div><\/div><\/div><\/div><div class=\"ult_acord advanced-tabs-desc-wrap-8582\">\n   <div class=\"ult-tabto-accordion \" style=\"width:;\"\n    data-titlecolor=\"#b6b8ba\"  data-titlebg=\"#ffffff\"\n     data-titlehoverbg=\"#ffffff\" data-titlehovercolor=\"#1d1e23\" data-animation=\"Slide\"\n     data-activetitle=\"#1d1e23\" data-activeicon=\"\" data-activebg=\"#ffffff\" data-scroll = \"on\" data-activeindex=\"1\" >\n     <dl><dt class=\"\">\n\t        \t<a class=\"ult-tabto-actitle withBorder ult_a \" id=\"1512642751410-807e9-673f\" style=\"color:#b6b8ba;;background-color:#ffffff;border-bottom-color:transparent;border-bottom-width:0px;border-bottom-style:solid;\" href=\"#1512642751410-807e9-673f\">\n\t        \t\t<i class=\"accordion-icon\"><\/i>\n\t        \t\t\t<span class=\"ult_tab_main ult_ac_main ult_noacordicnBoth\">\n\n\t\t\t\t\t\t<span  data-ultimate-target='#advanced-tabs-wrap-8991 .ult-span-text'  data-responsive-json-new='{\"font-size\":\"desktop:14px;\",\"line-height\":\"\"}'  class=\"ult-span-text no_icon ult_acordian-text ult-responsive\" style=\"font-weight:bold;;color:inherit \" >Kirjeldus<\/span>\n\t\t\t\t\t\t<\/span><\/a><\/dt>\n\t            \t\t<dd class=\"ult-tabto-accordionItem ult-tabto-accolapsed\">\n\t\t\t\t            <div class=\"ult-tabto-acontent\" style=\"color:#74777b;\">\n\t\t\t\t               [vc_column_text]T\u00e4ielikult veebip\u00f5hine teenus. Sul tuleb k\u00f5igest vastata paarile lihtsale k\u00fcsimusele ning allkirjastada eelt\u00e4idetud avaldus, meie hoolitseme k\u00f5ige muu eest. Sellisel viisil v\u00f5tab ettev\u00f5tte registreerimine aega k\u00f5igest 1-2 t\u00f6\u00f6p\u00e4eva.<br \/>\nSee on sobilik Eesti e-residentidele, kes soovivad ettev\u00f5tte registreerida rohkem kui \u00fche asutajaga.<br \/>\nPea meeles, et kohalik\u00a0<a href=\"https:\/\/1office.co\/estonia\/et\/Teenus\/ariaadress-tallinna-kesklinna-arikvartalis\/\">\u00e4riaadress<\/a> on kohustuslik k\u00f5ikidele Eesti ettev\u00f5tetele. Samuti v\u00f5id tellida meiepoolse\u00a0<a href=\"https:\/\/1office.co\/estonia\/et\/Teenus\/kontaktisik-koos-ariaadressiga-tallinna-kesklinna-arikvartalis\/\">kontaktisiku<\/a> (kohustuslik, kui ettev\u00f5tte juhatus asub v\u00e4ljaspool Eestit) v\u00f5i <a href=\"https:\/\/1office.co\/estonia\/et\/Teenus\/raamatupidamise-teenuse-tunnitasu\/\" target=\"_blank\" rel=\"noopener noreferrer\">raamatupidamisteenuse<\/a>.<\/p>\n<p>&nbsp;<\/p>\n<p><strong>Hinnas sisaldub:<\/strong><\/p>\n<ul>\n<li>Meiepoolne t\u00e4ielik tugi<\/li>\n<li>Riigil\u00f5iv<\/li>\n<li>Ettev\u00f5tte asutamise dokumentide ettevalmistamine \u00c4riregistri jaoks<\/li>\n<li>Standardne p\u00f5hikiri<\/li>\n<\/ul>\n<p><strong>Saadaval lisatasu eest:<\/strong><\/p>\n<ul>\n<li>\u00c4rinime kontroll (50\u20ac)<\/li>\n<li>\u00c4riregistri poolt kinnitatud andmete v\u00e4ljav\u00f5te (alates 35\u20ac)<\/li>\n<li>Kui oled huvitatud nende teenuste tellimisest, v\u00f5ta meiega palun otse \u00fchendust: <a href=\"mailto:sales@1office.co\" target=\"_blank\" rel=\"noopener noreferrer\">sales@1office.co<\/a><\/li>\n<li><a href=\"https:\/\/1office.co\/estonia\/et\/Teenus\/ariaadress-tallinna-kesklinna-arikvartalis\/\" target=\"_blank\" rel=\"noopener noreferrer\">\u00c4riaadress<\/a><\/li>\n<li><a href=\"https:\/\/1office.co\/estonia\/et\/Teenus\/kontaktisik-koos-ariaadressiga-tallinna-kesklinna-arikvartalis\/\" target=\"_blank\" rel=\"noopener noreferrer\">Kontaktisik koos \u00e4riaadressiga<\/a><\/li>\n<li><a href=\"https:\/\/1office.co\/estonia\/et\/Teenus\/raamatupidamise-teenuse-tunnitasu\/\" target=\"_blank\" rel=\"noopener noreferrer\">Raamatupidamisteenus<\/a><\/li>\n<\/ul>\n<p>&nbsp;<\/p>\n<p><strong>Protsessi k\u00e4ik:<\/strong><\/p>\n<ul>\n<li>Vali teenused, mida soovid tellida (lisaks ettev\u00f5tte asutamisele v\u00f5id vajada ka \u00e4riaadressi, kontaktisikut ja\/v\u00f5i raamatupidamist)<\/li>\n<li>P\u00e4rast makse sooritamist saadame Sulle KYC* vormi, mis tuleb t\u00e4ita<\/li>\n<li>Allkirjasta meie poolt ettevalmistatud dokumendid (digiallkirjastamine)<\/li>\n<li>\u00c4riregistri poolt v\u00f5ivad tulla lisak\u00fcsimused, kuid aitame Sind nendele vastamisel<\/li>\n<li>Ettev\u00f5te registreeritakse 1-2 t\u00f6\u00f6p\u00e4eva jooksul p\u00e4rast allkirjastatud dokumentide saatmist<\/li>\n<\/ul>\n<p><strong>T\u00e4htis informatsioon:<\/strong><\/p>\n<ul>\n<li>Sobilik ainult e-residentidele ja Eesti ID-kaardi omanikele.<\/li>\n<li>Sobiv mitmele asutajale.<\/li>\n<li>Vajalik digiallkirjastamise v\u00f5imalus.<\/li>\n<li>Selleks, et protsess oleks v\u00f5imalik kiire, palun tee kindlaks, kas soovitav \u00e4rinimi on saadaval ning vali ettev\u00f5tte p\u00f5hitegevuse kood. Valida tuleb ainult \u00fcks p\u00f5hitegevuse kood, kuid see ei limiteeri tegutsemist teistes sektorites. Koodid asuvad <a href=\"https:\/\/1office.co\/estonia\/wp-content\/uploads\/sites\/5\/2017\/08\/emtak_2008_pdf_0-2.pdf\">siin.<\/a><\/li>\n<li>Ettev\u00f5te registreeritakse ilma kohese osakapitali sissemakseta. See t\u00e4hendab, et Sul on v\u00f5imalik valida, millal soovid osakapitali sisse maksta, kuid see peab olema makstud enne dividendide v\u00e4ljamaksmist. Eesti ettev\u00f5tte minimaalne osakapital on 2500\u20ac.<\/li>\n<\/ul>\n<p>*KYC (Know Your Client) &#8211; protsess vastamaks meetmetele, mis on meile kehtestatud EU regulatsioonide poolt. Tuginedes KYC protsessile kogume, uuendame ja hoiustame iga enda kliendi andmeid.[\/vc_column_text]\n\t\t\t\t            <\/div>\n\t        \t\t\t<\/dd>\n    \t<\/dl>\n    <!--<div class=\"extraborder\" style=\"background-color:#ffffff\"><\/div>-->\n<\/div>\n\n<\/div>[\/vc_column][\/vc_row]<\/p>\n<\/div>","protected":false},"excerpt":{"rendered":"<p>Sobilik e-residentidele ja mitmele asutajale. Veebip\u00f5hine teenus nendele, kes eelistavad ettev\u00f5tte registreerimise protsessi jooksul kasutada meie juriidilist abi v\u00f5i soovivad asutada ettev\u00f5tte rohkem kui \u00fche asutajaga.<\/p>\n","protected":false},"featured_media":59601,"template":"","meta":{"_acf_changed":false,"inline_featured_image":false},"product_brand":[],"product_cat":[308],"product_tag":[311],"class_list":{"0":"post-57624","1":"product","2":"type-product","3":"status-publish","4":"has-post-thumbnail","6":"product_cat-ettevotte-alustamine","7":"product_tag-eesti","8":"description-off","10":"first","11":"instock","12":"virtual","13":"taxable","14":"purchasable","15":"product-type-simple"},"bundled_by":["71185"],"bundle_stock_status":"instock","bundle_stock_quantity":null,"bundle_virtual":false,"bundle_layout":"","bundle_add_to_cart_form_location":"","bundle_editable_in_cart":false,"bundle_sold_individually_context":"","bundle_item_grouping":"","bundle_min_size":"","bundle_max_size":"","bundle_price":[],"bundled_items":[],"bundle_sell_ids":[],"acf":[],"yoast_head":"<!-- This site is optimized with the Yoast SEO Premium plugin v22.1 (Yoast SEO v27.0) - https:\/\/yoast.com\/product\/yoast-seo-premium-wordpress\/ -->\n<title>Ettev\u00f5tte asutamine e-residendile - 1Office Estonia<\/title>\n<meta name=\"description\" content=\"Ettev\u00f5tte asutamine Eesti e-residentidele, kes soovivad asutada ettev\u00f5tte kasutades registreerimisprotsessi juures meie abi v\u00f5i soovivad luua ettev\u00f5tte rohkem, kui \u00fche asutajaga.\" \/>\n<meta name=\"robots\" content=\"index, nofollow, max-snippet:-1, max-image-preview:large, max-video-preview:-1\" \/>\n<link rel=\"canonical\" href=\"https:\/\/1office.co\/estonia\/et\/Teenus\/ettevotte-asutamine-e-residendile-2\/\" \/>\n<meta property=\"og:locale\" content=\"et_EE\" \/>\n<meta property=\"og:type\" content=\"article\" \/>\n<meta property=\"og:title\" content=\"Ettev\u00f5tte asutamine e-residendile\" \/>\n<meta property=\"og:description\" content=\"Ettev\u00f5tte asutamine Eesti e-residentidele, kes soovivad asutada ettev\u00f5tte kasutades registreerimisprotsessi juures meie abi v\u00f5i soovivad luua ettev\u00f5tte rohkem, kui \u00fche asutajaga.\" \/>\n<meta property=\"og:url\" content=\"https:\/\/1office.co\/estonia\/et\/Teenus\/ettevotte-asutamine-e-residendile-2\/\" \/>\n<meta property=\"og:site_name\" content=\"1Office Estonia\" \/>\n<meta property=\"article:publisher\" content=\"https:\/\/www.facebook.com\/1Office\/?ref=br_rs\" \/>\n<meta property=\"article:modified_time\" content=\"2023-06-06T11:54:17+00:00\" \/>\n<meta property=\"og:image\" content=\"https:\/\/1office.co\/estonia\/wp-content\/uploads\/sites\/5\/2017\/08\/digital-identity-card.jpg\" \/>\n\t<meta property=\"og:image:width\" content=\"1920\" \/>\n\t<meta property=\"og:image:height\" content=\"1280\" \/>\n\t<meta property=\"og:image:type\" content=\"image\/jpeg\" \/>\n<meta name=\"twitter:card\" content=\"summary_large_image\" \/>\n<meta name=\"twitter:label1\" content=\"Est. reading time\" \/>\n\t<meta name=\"twitter:data1\" content=\"2 minutit\" \/>\n<script type=\"application\/ld+json\" class=\"yoast-schema-graph\">{\"@context\":\"https:\/\/schema.org\",\"@graph\":[{\"@type\":\"WebPage\",\"@id\":\"https:\/\/1office.co\/estonia\/et\/Teenus\/ettevotte-asutamine-e-residendile-2\/\",\"url\":\"https:\/\/1office.co\/estonia\/et\/Teenus\/ettevotte-asutamine-e-residendile-2\/\",\"name\":\"Ettev\u00f5tte asutamine e-residendile - 1Office Estonia\",\"isPartOf\":{\"@id\":\"https:\/\/1office.co\/estonia\/ru\/#website\"},\"primaryImageOfPage\":{\"@id\":\"https:\/\/1office.co\/estonia\/et\/Teenus\/ettevotte-asutamine-e-residendile-2\/#primaryimage\"},\"image\":{\"@id\":\"https:\/\/1office.co\/estonia\/et\/Teenus\/ettevotte-asutamine-e-residendile-2\/#primaryimage\"},\"thumbnailUrl\":\"https:\/\/1office.co\/estonia\/wp-content\/uploads\/sites\/5\/2017\/08\/digital-identity-card.jpg\",\"datePublished\":\"2017-08-10T08:34:11+00:00\",\"dateModified\":\"2023-06-06T11:54:17+00:00\",\"description\":\"Ettev\u00f5tte asutamine Eesti e-residentidele, kes soovivad asutada ettev\u00f5tte kasutades registreerimisprotsessi juures meie abi v\u00f5i soovivad luua ettev\u00f5tte rohkem, kui \u00fche asutajaga.\",\"breadcrumb\":{\"@id\":\"https:\/\/1office.co\/estonia\/et\/Teenus\/ettevotte-asutamine-e-residendile-2\/#breadcrumb\"},\"inLanguage\":\"et\",\"potentialAction\":[{\"@type\":\"ReadAction\",\"target\":[\"https:\/\/1office.co\/estonia\/et\/Teenus\/ettevotte-asutamine-e-residendile-2\/\"]}]},{\"@type\":\"ImageObject\",\"inLanguage\":\"et\",\"@id\":\"https:\/\/1office.co\/estonia\/et\/Teenus\/ettevotte-asutamine-e-residendile-2\/#primaryimage\",\"url\":\"https:\/\/1office.co\/estonia\/wp-content\/uploads\/sites\/5\/2017\/08\/digital-identity-card.jpg\",\"contentUrl\":\"https:\/\/1office.co\/estonia\/wp-content\/uploads\/sites\/5\/2017\/08\/digital-identity-card.jpg\",\"width\":1920,\"height\":1280,\"caption\":\"Company formation with e-resident card\"},{\"@type\":\"BreadcrumbList\",\"@id\":\"https:\/\/1office.co\/estonia\/et\/Teenus\/ettevotte-asutamine-e-residendile-2\/#breadcrumb\",\"itemListElement\":[{\"@type\":\"ListItem\",\"position\":1,\"name\":\"Home\",\"item\":\"https:\/\/1office.co\/estonia\/et\/\"},{\"@type\":\"ListItem\",\"position\":2,\"name\":\"Services Shop\",\"item\":\"https:\/\/1office.co\/estonia\/services-shop\/\"},{\"@type\":\"ListItem\",\"position\":3,\"name\":\"Ettev\u00f5tte asutamine e-residendile\"}]},{\"@type\":\"WebSite\",\"@id\":\"https:\/\/1office.co\/estonia\/ru\/#website\",\"url\":\"https:\/\/1office.co\/estonia\/ru\/\",\"name\":\"1Office Estonia\",\"description\":\"Making Business Simple\",\"potentialAction\":[{\"@type\":\"SearchAction\",\"target\":{\"@type\":\"EntryPoint\",\"urlTemplate\":\"https:\/\/1office.co\/estonia\/ru\/?s={search_term_string}\"},\"query-input\":{\"@type\":\"PropertyValueSpecification\",\"valueRequired\":true,\"valueName\":\"search_term_string\"}}],\"inLanguage\":\"et\"}]}<\/script>\n<!-- \/ Yoast SEO Premium plugin. -->","yoast_head_json":{"title":"Ettev\u00f5tte asutamine e-residendile - 1Office Estonia","description":"Ettev\u00f5tte asutamine Eesti e-residentidele, kes soovivad asutada ettev\u00f5tte kasutades registreerimisprotsessi juures meie abi v\u00f5i soovivad luua ettev\u00f5tte rohkem, kui \u00fche asutajaga.","robots":{"index":"index","follow":"nofollow","max-snippet":"max-snippet:-1","max-image-preview":"max-image-preview:large","max-video-preview":"max-video-preview:-1"},"canonical":"https:\/\/1office.co\/estonia\/et\/Teenus\/ettevotte-asutamine-e-residendile-2\/","og_locale":"et_EE","og_type":"article","og_title":"Ettev\u00f5tte asutamine e-residendile","og_description":"Ettev\u00f5tte asutamine Eesti e-residentidele, kes soovivad asutada ettev\u00f5tte kasutades registreerimisprotsessi juures meie abi v\u00f5i soovivad luua ettev\u00f5tte rohkem, kui \u00fche asutajaga.","og_url":"https:\/\/1office.co\/estonia\/et\/Teenus\/ettevotte-asutamine-e-residendile-2\/","og_site_name":"1Office Estonia","article_publisher":"https:\/\/www.facebook.com\/1Office\/?ref=br_rs","article_modified_time":"2023-06-06T11:54:17+00:00","og_image":[{"width":1920,"height":1280,"url":"https:\/\/1office.co\/estonia\/wp-content\/uploads\/sites\/5\/2017\/08\/digital-identity-card.jpg","type":"image\/jpeg"}],"twitter_card":"summary_large_image","twitter_misc":{"Est. reading time":"2 minutit"},"schema":{"@context":"https:\/\/schema.org","@graph":[{"@type":"WebPage","@id":"https:\/\/1office.co\/estonia\/et\/Teenus\/ettevotte-asutamine-e-residendile-2\/","url":"https:\/\/1office.co\/estonia\/et\/Teenus\/ettevotte-asutamine-e-residendile-2\/","name":"Ettev\u00f5tte asutamine e-residendile - 1Office Estonia","isPartOf":{"@id":"https:\/\/1office.co\/estonia\/ru\/#website"},"primaryImageOfPage":{"@id":"https:\/\/1office.co\/estonia\/et\/Teenus\/ettevotte-asutamine-e-residendile-2\/#primaryimage"},"image":{"@id":"https:\/\/1office.co\/estonia\/et\/Teenus\/ettevotte-asutamine-e-residendile-2\/#primaryimage"},"thumbnailUrl":"https:\/\/1office.co\/estonia\/wp-content\/uploads\/sites\/5\/2017\/08\/digital-identity-card.jpg","datePublished":"2017-08-10T08:34:11+00:00","dateModified":"2023-06-06T11:54:17+00:00","description":"Ettev\u00f5tte asutamine Eesti e-residentidele, kes soovivad asutada ettev\u00f5tte kasutades registreerimisprotsessi juures meie abi v\u00f5i soovivad luua ettev\u00f5tte rohkem, kui \u00fche asutajaga.","breadcrumb":{"@id":"https:\/\/1office.co\/estonia\/et\/Teenus\/ettevotte-asutamine-e-residendile-2\/#breadcrumb"},"inLanguage":"et","potentialAction":[{"@type":"ReadAction","target":["https:\/\/1office.co\/estonia\/et\/Teenus\/ettevotte-asutamine-e-residendile-2\/"]}]},{"@type":"ImageObject","inLanguage":"et","@id":"https:\/\/1office.co\/estonia\/et\/Teenus\/ettevotte-asutamine-e-residendile-2\/#primaryimage","url":"https:\/\/1office.co\/estonia\/wp-content\/uploads\/sites\/5\/2017\/08\/digital-identity-card.jpg","contentUrl":"https:\/\/1office.co\/estonia\/wp-content\/uploads\/sites\/5\/2017\/08\/digital-identity-card.jpg","width":1920,"height":1280,"caption":"Company formation with e-resident card"},{"@type":"BreadcrumbList","@id":"https:\/\/1office.co\/estonia\/et\/Teenus\/ettevotte-asutamine-e-residendile-2\/#breadcrumb","itemListElement":[{"@type":"ListItem","position":1,"name":"Home","item":"https:\/\/1office.co\/estonia\/et\/"},{"@type":"ListItem","position":2,"name":"Services Shop","item":"https:\/\/1office.co\/estonia\/services-shop\/"},{"@type":"ListItem","position":3,"name":"Ettev\u00f5tte asutamine e-residendile"}]},{"@type":"WebSite","@id":"https:\/\/1office.co\/estonia\/ru\/#website","url":"https:\/\/1office.co\/estonia\/ru\/","name":"1Office Estonia","description":"Making Business Simple","potentialAction":[{"@type":"SearchAction","target":{"@type":"EntryPoint","urlTemplate":"https:\/\/1office.co\/estonia\/ru\/?s={search_term_string}"},"query-input":{"@type":"PropertyValueSpecification","valueRequired":true,"valueName":"search_term_string"}}],"inLanguage":"et"}]}},"_links":{"self":[{"href":"https:\/\/1office.co\/estonia\/et\/wp-json\/wp\/v2\/product\/57624","targetHints":{"allow":["GET"]}}],"collection":[{"href":"https:\/\/1office.co\/estonia\/et\/wp-json\/wp\/v2\/product"}],"about":[{"href":"https:\/\/1office.co\/estonia\/et\/wp-json\/wp\/v2\/types\/product"}],"wp:featuredmedia":[{"embeddable":true,"href":"https:\/\/1office.co\/estonia\/et\/wp-json\/wp\/v2\/media\/59601"}],"wp:attachment":[{"href":"https:\/\/1office.co\/estonia\/et\/wp-json\/wp\/v2\/media?parent=57624"}],"wp:term":[{"taxonomy":"product_brand","embeddable":true,"href":"https:\/\/1office.co\/estonia\/et\/wp-json\/wp\/v2\/product_brand?post=57624"},{"taxonomy":"product_cat","embeddable":true,"href":"https:\/\/1office.co\/estonia\/et\/wp-json\/wp\/v2\/product_cat?post=57624"},{"taxonomy":"product_tag","embeddable":true,"href":"https:\/\/1office.co\/estonia\/et\/wp-json\/wp\/v2\/product_tag?post=57624"}],"curies":[{"name":"wp","href":"https:\/\/api.w.org\/{rel}","templated":true}]}}