{"id":57652,"date":"2017-12-13T11:39:59","date_gmt":"2017-12-13T11:39:59","guid":{"rendered":"https:\/\/1office.co\/estonia\/product\/vat-registration\/"},"modified":"2023-06-06T12:02:42","modified_gmt":"2023-06-06T12:02:42","slug":"kaibemaksukohustuslaseks-registreerimine","status":"publish","type":"product","link":"https:\/\/1office.co\/estonia\/et\/Teenus\/kaibemaksukohustuslaseks-registreerimine\/","title":{"rendered":"K\u00e4ibemaksunumbri registreerimine"},"content":{"rendered":"<div class=\"wpb-content-wrapper\"><p>[vc_row][vc_column]<div id=\"advanced-tabs-desc-wrap-7155\" class=\"ult_tabs product_tabs\" style=\" \" data-tabsstyle=\"style1\"\n data-titlebg=\"#ffffff\" data-titlecolor=\"#b6b8ba\" data-fullheight=\"off\"\n data-titlehoverbg=\"#ffffff\" data-titlehovercolor=\"#1d1e23\"\n data-rotatetabs=\"0\" data-responsivemode=\"Both\" data-animation=\"Slide\"\ndata-activetitle=\"#1d1e23\" data-activeicon=\"\" data-activebg=\"#ffffff\"  data-respmode=\"Tabs\" data-respwidth=\"400\" data-scroll = \"on\" data-activeindex=\"1\"><ul id=advanced-tabs-wrap-2985 class=\"ult_tabmenu style1 \" style=\"\"><li class=\"ult_tab_li  \" data-iconcolor=\"#74777b\" data-iconhover=\"#ffffff\" style=\"background-color:#ffffff;border-color:transparent;border-width:0px;border-style:solid;border-top-left-radius:8px;\">\n\t\t\t\t\t<a href=\"#1512642751410-8cd24-3a01\"  id=\"1512642751410-8cd24-3a01\"  style=\"color:#b6b8ba;; padding:15px; \" class=\"ult_a  \">\n\t\t\t\t\t     <span class=\"ult_tab_main Both \">\n\t\t\t\t\t \t\t <span class=\"ult_tab_section\">\n\t\t\t\t\t   \t\t\t<span  data-ultimate-target='#advanced-tabs-wrap-2985 .ult-span-text'  data-responsive-json-new='{\"font-size\":\"desktop:14px;\",\"line-height\":\"\"}'  class=\"ult-span-text no_icon ult_tab_display_text ult-responsive\" style=\"font-weight:bold;;\">Kirjeldus<\/span>\n\t\t\t\t\t   \t\t<\/span>\n\t\t\t\t\t\t<\/span>\n\t\t\t\t\t<\/a>\n\t\t\t\t\t<\/li><li class=\"ult_tab_li  product-faq\" data-iconcolor=\"#74777b\" data-iconhover=\"#ffffff\" style=\"background-color:#ffffff;border-color:transparent;border-width:0px;border-style:solid;border-top-right-radius:8px;\">\n\t\t\t\t\t<a href=\"#1512642751435-8cd24-3a01\"  id=\"1512642751435-8cd24-3a01\"  style=\"color:#b6b8ba;; padding:15px; \" class=\"ult_a  \">\n\t\t\t\t\t     <span class=\"ult_tab_main Both \">\n\t\t\t\t\t \t\t <span class=\"ult_tab_section\">\n\t\t\t\t\t   \t\t\t<span  data-ultimate-target='#advanced-tabs-wrap-2985 .ult-span-text'  data-responsive-json-new='{\"font-size\":\"desktop:14px;\",\"line-height\":\"\"}'  class=\"ult-span-text no_icon ult_tab_display_text ult-responsive\" style=\"font-weight:bold;;\">KKK<\/span>\n\t\t\t\t\t   \t\t<\/span>\n\t\t\t\t\t\t<\/span>\n\t\t\t\t\t<\/a>\n\t\t\t\t\t<\/li><\/ul><div  data-ultimate-target='#advanced-tabs-desc-wrap-7155 .ult_tabcontent .ult_tab_min_contain  p'  data-responsive-json-new='{\"font-size\":\"\",\"line-height\":\"\"}' class=\"ult_tabcontent ult-responsive style1\" style=\"color:#74777b;\"><div class=\"ult_tab_min_contain \" >\n\t\t\t<div  class=\"ult_tabitemname\"  >\n\t\t\t\t[vc_column_text]Ettev\u00f5te on kohustatud Maksu- ja Tolliametis k\u00e4ibemaksunumbri registreerima kolme t\u00f6\u00f6p\u00e4eva jooksul p\u00e4rast maksustatava k\u00e4ive piirm\u00e4\u00e4ra \u00fcletamist. Kui ettev\u00f5ttel pole veel maksustatavaid tehinguid v\u00f5i need ei \u00fcleta 40 000 eurot, on k\u00e4ibemaksunumbri registreerimine vabatahtlik.<\/p>\n<p>&nbsp;<\/p>\n<p><strong>Hinnas sisaldub:<\/strong><\/p>\n<ul>\n<li>Taotluse ettevalmistamine kliendi poolt antud andmetega<\/li>\n<li>Taotluse elektrooniline esitamine Maksu- ja Tolliametile<\/li>\n<\/ul>\n<p><strong>Saadaval lisatasu eest:<\/strong><\/p>\n<ul>\n<li>Vastamine Maksu- ja Tolliameti t\u00e4iendavatele k\u00fcsimustele (tunnihind 65\u20ac)<\/li>\n<li>Volikirja alusel esindamine<\/li>\n<li><a href=\"https:\/\/1office.co\/estonia\/et\/Teenus\/raamatupidamise-teenuse-tunnitasu\/\" target=\"_blank\" rel=\"noopener\">Raamatupidamisteenus<\/a><\/li>\n<\/ul>\n<p><strong>Protsessi k\u00e4ik:<\/strong><\/p>\n<ul>\n<li>P\u00e4rast makse sooritamist saadame Sulle k\u00fcsimused, millele tuleb vastata<\/li>\n<li>T\u00e4idame vastuste p\u00f5hjal \u00e4ra k\u00f5ik vajalikud vormid<\/li>\n<li>Kui oled e-resident, saad meile digitaalselt anda \u00f5iguse ettev\u00f5tte nimel taotlus esitada<\/li>\n<li>Kui Sa ei ole e-resident, tuleb Sul Tallinnasse tulla v\u00f5i volitada 1Office&#8217;i esindaja ettev\u00f5tet esindama<\/li>\n<li>Me saadame taotluse maksuametisse. Kui neil on t\u00e4iendavaid k\u00fcsimusi, aitame nendele vastamisel<\/li>\n<li>K\u00e4ibemaksunumber saab registreeritud n\u00e4dala jooksul<\/li>\n<\/ul>\n<p><strong>T\u00e4htis informatsioon:<\/strong><\/p>\n<ul>\n<li>Enne k\u00e4ibemaksunumbri taotluse esitamist peab ettev\u00f5ttel olema kehtiv pangakonto\/IBAN.<\/li>\n<li>K\u00e4ibemaksunumbri registreerimiseks on vaja, et juhatuse liige k\u00fclastaks maksuametit v\u00f5i allkirjastaks taotluse digitaalselt v\u00f5i m\u00e4\u00e4raks 1Office&#8217;i esindaja ettev\u00f5tet volikirja alusel esindama.<\/li>\n<li>Kui ettev\u00f5ttel on k\u00e4ibemaksunumber, muutuvad igakuised deklaratsioonid kohustuslikuks.<\/li>\n<li>Maksu- ja Tolliametil on enne k\u00e4ibemaksunumbri registreerimist \u00f5igus esitada t\u00e4iendavaid k\u00fcsimusi.<\/li>\n<\/ul>\n<p>[\/vc_column_text]\n\t\t\t<\/div>\n\t\t\t<div  class=\"ult_tabitemname\"  >\n\t\t\t\t[vc_toggle title=&#8221;1. Kas ettev\u00f5te on v\u00f5imalik registreerida k\u00e4ibemaksukohustuslasena ka juhul, kui juhatuse liikmed on v\u00e4lisriigi residendid?&#8221; style=&#8221;arrow&#8221; custom_font_container=&#8221;tag:h5|text_align:left&#8221; custom_use_theme_fonts=&#8221;yes&#8221; use_custom_heading=&#8221;true&#8221;]Jah. K\u00e4ibemaksukohustuslase numbrit saab taotleda ka sel juhul, kuid t\u00f5en\u00e4oliselt v\u00f5ib Maksu- ja Tolliamet esitada ettev\u00f5tte kohta lisak\u00fcsimusi. Kindlasti peab t\u00e4iendavatele k\u00fcsimustele \u00f5igeaegselt vastama![\/vc_toggle][vc_toggle title=&#8221;2. Millal peab ettev\u00f5tte k\u00e4ibemaksukohustuslasena registreerima?&#8221; style=&#8221;arrow&#8221; custom_font_container=&#8221;tag:h5|text_align:left&#8221; custom_use_theme_fonts=&#8221;yes&#8221; use_custom_heading=&#8221;true&#8221;]K\u00e4ibemaksukohustuslasena registreerimine on kohustuslik ettev\u00f5tetele, kelle aastak\u00e4ive \u00fcletab 40 000 eurot. Kui see on \u00fcletatud, v\u00e4ljastab Maksu- ja Tolliamet teile k\u00e4ibemaksukohustuslase numbri.[\/vc_toggle][vc_toggle title=&#8221;3. Kas k\u00e4ibemaksukohustuslase numbrit on v\u00f5imalik taotleda ka enne 40 000 eurose k\u00e4ibe t\u00e4itumist?&#8221; style=&#8221;arrow&#8221; custom_font_container=&#8221;tag:h5|text_align:left&#8221; custom_use_theme_fonts=&#8221;yes&#8221; use_custom_heading=&#8221;true&#8221;]Jah. seda saab taotleda ka enne selle k\u00e4ibe t\u00e4itumist. Selleks peab esitama eraldi avalduse koos selgitusega, miks soovite numbrit saada. See, kas Maksu- ja Tolliamet ettev\u00f5tte taotluse aktsepteerib, s\u00f5ltub ettev\u00f5tte eesm\u00e4rkidest ja p\u00f5hjendustest.[\/vc_toggle]\n\t\t\t<\/div><\/div><\/div><\/div><div class=\"ult_acord advanced-tabs-desc-wrap-7155\">\n   <div class=\"ult-tabto-accordion \" style=\"width:;\"\n    data-titlecolor=\"#b6b8ba\"  data-titlebg=\"#ffffff\"\n     data-titlehoverbg=\"#ffffff\" data-titlehovercolor=\"#1d1e23\" data-animation=\"Slide\"\n     data-activetitle=\"#1d1e23\" data-activeicon=\"\" data-activebg=\"#ffffff\" data-scroll = \"on\" data-activeindex=\"1\" >\n     <dl><dt class=\"\">\n\t        \t<a class=\"ult-tabto-actitle withBorder ult_a \" id=\"1512642751410-8cd24-3a01\" style=\"color:#b6b8ba;;background-color:#ffffff;border-bottom-color:transparent;border-bottom-width:0px;border-bottom-style:solid;\" href=\"#1512642751410-8cd24-3a01\">\n\t        \t\t<i class=\"accordion-icon\"><\/i>\n\t        \t\t\t<span class=\"ult_tab_main ult_ac_main ult_noacordicnBoth\">\n\n\t\t\t\t\t\t<span  data-ultimate-target='#advanced-tabs-wrap-2985 .ult-span-text'  data-responsive-json-new='{\"font-size\":\"desktop:14px;\",\"line-height\":\"\"}'  class=\"ult-span-text no_icon ult_acordian-text ult-responsive\" style=\"font-weight:bold;;color:inherit \" >Kirjeldus<\/span>\n\t\t\t\t\t\t<\/span><\/a><\/dt>\n\t            \t\t<dd class=\"ult-tabto-accordionItem ult-tabto-accolapsed\">\n\t\t\t\t            <div class=\"ult-tabto-acontent\" style=\"color:#74777b;\">\n\t\t\t\t               [vc_column_text]Ettev\u00f5te on kohustatud Maksu- ja Tolliametis k\u00e4ibemaksunumbri registreerima kolme t\u00f6\u00f6p\u00e4eva jooksul p\u00e4rast maksustatava k\u00e4ive piirm\u00e4\u00e4ra \u00fcletamist. Kui ettev\u00f5ttel pole veel maksustatavaid tehinguid v\u00f5i need ei \u00fcleta 40 000 eurot, on k\u00e4ibemaksunumbri registreerimine vabatahtlik.<\/p>\n<p>&nbsp;<\/p>\n<p><strong>Hinnas sisaldub:<\/strong><\/p>\n<ul>\n<li>Taotluse ettevalmistamine kliendi poolt antud andmetega<\/li>\n<li>Taotluse elektrooniline esitamine Maksu- ja Tolliametile<\/li>\n<\/ul>\n<p><strong>Saadaval lisatasu eest:<\/strong><\/p>\n<ul>\n<li>Vastamine Maksu- ja Tolliameti t\u00e4iendavatele k\u00fcsimustele (tunnihind 65\u20ac)<\/li>\n<li>Volikirja alusel esindamine<\/li>\n<li><a href=\"https:\/\/1office.co\/estonia\/et\/Teenus\/raamatupidamise-teenuse-tunnitasu\/\" target=\"_blank\" rel=\"noopener\">Raamatupidamisteenus<\/a><\/li>\n<\/ul>\n<p><strong>Protsessi k\u00e4ik:<\/strong><\/p>\n<ul>\n<li>P\u00e4rast makse sooritamist saadame Sulle k\u00fcsimused, millele tuleb vastata<\/li>\n<li>T\u00e4idame vastuste p\u00f5hjal \u00e4ra k\u00f5ik vajalikud vormid<\/li>\n<li>Kui oled e-resident, saad meile digitaalselt anda \u00f5iguse ettev\u00f5tte nimel taotlus esitada<\/li>\n<li>Kui Sa ei ole e-resident, tuleb Sul Tallinnasse tulla v\u00f5i volitada 1Office&#8217;i esindaja ettev\u00f5tet esindama<\/li>\n<li>Me saadame taotluse maksuametisse. Kui neil on t\u00e4iendavaid k\u00fcsimusi, aitame nendele vastamisel<\/li>\n<li>K\u00e4ibemaksunumber saab registreeritud n\u00e4dala jooksul<\/li>\n<\/ul>\n<p><strong>T\u00e4htis informatsioon:<\/strong><\/p>\n<ul>\n<li>Enne k\u00e4ibemaksunumbri taotluse esitamist peab ettev\u00f5ttel olema kehtiv pangakonto\/IBAN.<\/li>\n<li>K\u00e4ibemaksunumbri registreerimiseks on vaja, et juhatuse liige k\u00fclastaks maksuametit v\u00f5i allkirjastaks taotluse digitaalselt v\u00f5i m\u00e4\u00e4raks 1Office&#8217;i esindaja ettev\u00f5tet volikirja alusel esindama.<\/li>\n<li>Kui ettev\u00f5ttel on k\u00e4ibemaksunumber, muutuvad igakuised deklaratsioonid kohustuslikuks.<\/li>\n<li>Maksu- ja Tolliametil on enne k\u00e4ibemaksunumbri registreerimist \u00f5igus esitada t\u00e4iendavaid k\u00fcsimusi.<\/li>\n<\/ul>\n<p>[\/vc_column_text]\n\t\t\t\t            <\/div>\n\t        \t\t\t<\/dd><dt class=\"product-faq\">\n\t        \t<a class=\"ult-tabto-actitle withBorder ult_a \" id=\"1512642751435-8cd24-3a01\" style=\"color:#b6b8ba;;background-color:#ffffff;border-bottom-color:transparent;border-bottom-width:0px;border-bottom-style:solid;border-bottom-color:transparent;border-bottom-width:0px;border-bottom-style:solid;\" href=\"#1512642751435-8cd24-3a01\">\n\t        \t\t<i class=\"accordion-icon\"><\/i>\n\t        \t\t\t<span class=\"ult_tab_main ult_ac_main ult_noacordicnBoth\">\n\n\t\t\t\t\t\t<span  data-ultimate-target='#advanced-tabs-wrap-2985 .ult-span-text'  data-responsive-json-new='{\"font-size\":\"desktop:14px;\",\"line-height\":\"\"}'  class=\"ult-span-text no_icon ult_acordian-text ult-responsive\" style=\"font-weight:bold;;color:inherit \" >KKK<\/span>\n\t\t\t\t\t\t<\/span><\/a><\/dt>\n\t            \t\t<dd class=\"ult-tabto-accordionItem ult-tabto-accolapsed\">\n\t\t\t\t            <div class=\"ult-tabto-acontent\" style=\"color:#74777b;\">\n\t\t\t\t               [vc_toggle title=&#8221;1. Kas ettev\u00f5te on v\u00f5imalik registreerida k\u00e4ibemaksukohustuslasena ka juhul, kui juhatuse liikmed on v\u00e4lisriigi residendid?&#8221; style=&#8221;arrow&#8221; custom_font_container=&#8221;tag:h5|text_align:left&#8221; custom_use_theme_fonts=&#8221;yes&#8221; use_custom_heading=&#8221;true&#8221;]Jah. K\u00e4ibemaksukohustuslase numbrit saab taotleda ka sel juhul, kuid t\u00f5en\u00e4oliselt v\u00f5ib Maksu- ja Tolliamet esitada ettev\u00f5tte kohta lisak\u00fcsimusi. Kindlasti peab t\u00e4iendavatele k\u00fcsimustele \u00f5igeaegselt vastama![\/vc_toggle][vc_toggle title=&#8221;2. Millal peab ettev\u00f5tte k\u00e4ibemaksukohustuslasena registreerima?&#8221; style=&#8221;arrow&#8221; custom_font_container=&#8221;tag:h5|text_align:left&#8221; custom_use_theme_fonts=&#8221;yes&#8221; use_custom_heading=&#8221;true&#8221;]K\u00e4ibemaksukohustuslasena registreerimine on kohustuslik ettev\u00f5tetele, kelle aastak\u00e4ive \u00fcletab 40 000 eurot. Kui see on \u00fcletatud, v\u00e4ljastab Maksu- ja Tolliamet teile k\u00e4ibemaksukohustuslase numbri.[\/vc_toggle][vc_toggle title=&#8221;3. Kas k\u00e4ibemaksukohustuslase numbrit on v\u00f5imalik taotleda ka enne 40 000 eurose k\u00e4ibe t\u00e4itumist?&#8221; style=&#8221;arrow&#8221; custom_font_container=&#8221;tag:h5|text_align:left&#8221; custom_use_theme_fonts=&#8221;yes&#8221; use_custom_heading=&#8221;true&#8221;]Jah. seda saab taotleda ka enne selle k\u00e4ibe t\u00e4itumist. Selleks peab esitama eraldi avalduse koos selgitusega, miks soovite numbrit saada. See, kas Maksu- ja Tolliamet ettev\u00f5tte taotluse aktsepteerib, s\u00f5ltub ettev\u00f5tte eesm\u00e4rkidest ja p\u00f5hjendustest.[\/vc_toggle]\n\t\t\t\t            <\/div>\n\t        \t\t\t<\/dd>\n    \t<\/dl>\n    <!--<div class=\"extraborder\" style=\"background-color:#ffffff\"><\/div>-->\n<\/div>\n\n<\/div>[\/vc_column][\/vc_row]<\/p>\n<\/div>","protected":false},"excerpt":{"rendered":"<p>Kohustus registreerida k\u00e4ibemaksunumber tekib siis, kui ettev\u00f5tte maksustatav k\u00e4ive \u00fcletab kalendriaastas 40 000 eurot. Ettev\u00f5te saab registreerida k\u00e4ibemaksunumbri ka enne selle summa \u00fcletamist.<\/p>\n","protected":false},"featured_media":61677,"template":"","meta":{"_acf_changed":false,"inline_featured_image":false},"product_brand":[],"product_cat":[307],"product_tag":[311],"class_list":{"0":"post-57652","1":"product","2":"type-product","3":"status-publish","4":"has-post-thumbnail","6":"product_cat-raamatupidamine","7":"product_tag-eesti","8":"description-off","10":"first","11":"instock","12":"virtual","13":"taxable","14":"purchasable","15":"product-type-simple"},"bundled_by":[],"bundle_stock_status":"instock","bundle_stock_quantity":null,"bundle_virtual":false,"bundle_layout":"","bundle_add_to_cart_form_location":"","bundle_editable_in_cart":false,"bundle_sold_individually_context":"","bundle_item_grouping":"","bundle_min_size":"","bundle_max_size":"","bundle_price":[],"bundled_items":[],"bundle_sell_ids":[],"acf":[],"yoast_head":"<!-- This site is optimized with the Yoast SEO Premium plugin v22.1 (Yoast SEO v27.0) - https:\/\/yoast.com\/product\/yoast-seo-premium-wordpress\/ -->\n<title>K\u00e4ibemaksunumbri registreerimine - 1Office Estonia<\/title>\n<meta name=\"description\" content=\"Eesti seaduste kohaselt on kohustuslik registreerida ettev\u00f5te k\u00e4ibemaksukohustuslasena juhul, kui maksustav k\u00e4ive \u00fcletab 40 000 eurot aastas.\" \/>\n<meta name=\"robots\" content=\"index, follow, max-snippet:-1, max-image-preview:large, max-video-preview:-1\" \/>\n<link rel=\"canonical\" href=\"https:\/\/1office.co\/estonia\/et\/Teenus\/kaibemaksukohustuslaseks-registreerimine\/\" \/>\n<meta property=\"og:locale\" content=\"et_EE\" \/>\n<meta property=\"og:type\" content=\"article\" \/>\n<meta property=\"og:title\" content=\"K\u00e4ibemaksunumbri registreerimine\" \/>\n<meta property=\"og:description\" content=\"Eesti seaduste kohaselt on kohustuslik registreerida ettev\u00f5te k\u00e4ibemaksukohustuslasena juhul, kui maksustav k\u00e4ive \u00fcletab 40 000 eurot aastas.\" \/>\n<meta property=\"og:url\" content=\"https:\/\/1office.co\/estonia\/et\/Teenus\/kaibemaksukohustuslaseks-registreerimine\/\" \/>\n<meta property=\"og:site_name\" content=\"1Office Estonia\" \/>\n<meta property=\"article:publisher\" content=\"https:\/\/www.facebook.com\/1Office\/?ref=br_rs\" \/>\n<meta property=\"article:modified_time\" content=\"2023-06-06T12:02:42+00:00\" \/>\n<meta property=\"og:image\" content=\"https:\/\/1office.co\/estonia\/wp-content\/uploads\/sites\/5\/2017\/12\/money-gold-coins-finance-1024x678-1.jpg\" \/>\n\t<meta property=\"og:image:width\" content=\"1024\" \/>\n\t<meta property=\"og:image:height\" content=\"678\" \/>\n\t<meta property=\"og:image:type\" content=\"image\/jpeg\" \/>\n<meta name=\"twitter:card\" content=\"summary_large_image\" \/>\n<meta name=\"twitter:label1\" content=\"Est. reading time\" \/>\n\t<meta name=\"twitter:data1\" content=\"2 minutit\" \/>\n<script type=\"application\/ld+json\" class=\"yoast-schema-graph\">{\"@context\":\"https:\/\/schema.org\",\"@graph\":[{\"@type\":\"WebPage\",\"@id\":\"https:\/\/1office.co\/estonia\/et\/Teenus\/kaibemaksukohustuslaseks-registreerimine\/\",\"url\":\"https:\/\/1office.co\/estonia\/et\/Teenus\/kaibemaksukohustuslaseks-registreerimine\/\",\"name\":\"K\u00e4ibemaksunumbri registreerimine - 1Office Estonia\",\"isPartOf\":{\"@id\":\"https:\/\/1office.co\/estonia\/ru\/#website\"},\"primaryImageOfPage\":{\"@id\":\"https:\/\/1office.co\/estonia\/et\/Teenus\/kaibemaksukohustuslaseks-registreerimine\/#primaryimage\"},\"image\":{\"@id\":\"https:\/\/1office.co\/estonia\/et\/Teenus\/kaibemaksukohustuslaseks-registreerimine\/#primaryimage\"},\"thumbnailUrl\":\"https:\/\/1office.co\/estonia\/wp-content\/uploads\/sites\/5\/2017\/12\/money-gold-coins-finance-1024x678-1.jpg\",\"datePublished\":\"2017-12-13T11:39:59+00:00\",\"dateModified\":\"2023-06-06T12:02:42+00:00\",\"description\":\"Eesti seaduste kohaselt on kohustuslik registreerida ettev\u00f5te k\u00e4ibemaksukohustuslasena juhul, kui maksustav k\u00e4ive \u00fcletab 40 000 eurot aastas.\",\"breadcrumb\":{\"@id\":\"https:\/\/1office.co\/estonia\/et\/Teenus\/kaibemaksukohustuslaseks-registreerimine\/#breadcrumb\"},\"inLanguage\":\"et\",\"potentialAction\":[{\"@type\":\"ReadAction\",\"target\":[\"https:\/\/1office.co\/estonia\/et\/Teenus\/kaibemaksukohustuslaseks-registreerimine\/\"]}]},{\"@type\":\"ImageObject\",\"inLanguage\":\"et\",\"@id\":\"https:\/\/1office.co\/estonia\/et\/Teenus\/kaibemaksukohustuslaseks-registreerimine\/#primaryimage\",\"url\":\"https:\/\/1office.co\/estonia\/wp-content\/uploads\/sites\/5\/2017\/12\/money-gold-coins-finance-1024x678-1.jpg\",\"contentUrl\":\"https:\/\/1office.co\/estonia\/wp-content\/uploads\/sites\/5\/2017\/12\/money-gold-coins-finance-1024x678-1.jpg\",\"width\":1024,\"height\":678},{\"@type\":\"BreadcrumbList\",\"@id\":\"https:\/\/1office.co\/estonia\/et\/Teenus\/kaibemaksukohustuslaseks-registreerimine\/#breadcrumb\",\"itemListElement\":[{\"@type\":\"ListItem\",\"position\":1,\"name\":\"Home\",\"item\":\"https:\/\/1office.co\/estonia\/et\/\"},{\"@type\":\"ListItem\",\"position\":2,\"name\":\"Services Shop\",\"item\":\"https:\/\/1office.co\/estonia\/services-shop\/\"},{\"@type\":\"ListItem\",\"position\":3,\"name\":\"K\u00e4ibemaksunumbri registreerimine\"}]},{\"@type\":\"WebSite\",\"@id\":\"https:\/\/1office.co\/estonia\/ru\/#website\",\"url\":\"https:\/\/1office.co\/estonia\/ru\/\",\"name\":\"1Office Estonia\",\"description\":\"Making Business Simple\",\"potentialAction\":[{\"@type\":\"SearchAction\",\"target\":{\"@type\":\"EntryPoint\",\"urlTemplate\":\"https:\/\/1office.co\/estonia\/ru\/?s={search_term_string}\"},\"query-input\":{\"@type\":\"PropertyValueSpecification\",\"valueRequired\":true,\"valueName\":\"search_term_string\"}}],\"inLanguage\":\"et\"}]}<\/script>\n<!-- \/ Yoast SEO Premium plugin. -->","yoast_head_json":{"title":"K\u00e4ibemaksunumbri registreerimine - 1Office Estonia","description":"Eesti seaduste kohaselt on kohustuslik registreerida ettev\u00f5te k\u00e4ibemaksukohustuslasena juhul, kui maksustav k\u00e4ive \u00fcletab 40 000 eurot aastas.","robots":{"index":"index","follow":"follow","max-snippet":"max-snippet:-1","max-image-preview":"max-image-preview:large","max-video-preview":"max-video-preview:-1"},"canonical":"https:\/\/1office.co\/estonia\/et\/Teenus\/kaibemaksukohustuslaseks-registreerimine\/","og_locale":"et_EE","og_type":"article","og_title":"K\u00e4ibemaksunumbri registreerimine","og_description":"Eesti seaduste kohaselt on kohustuslik registreerida ettev\u00f5te k\u00e4ibemaksukohustuslasena juhul, kui maksustav k\u00e4ive \u00fcletab 40 000 eurot aastas.","og_url":"https:\/\/1office.co\/estonia\/et\/Teenus\/kaibemaksukohustuslaseks-registreerimine\/","og_site_name":"1Office Estonia","article_publisher":"https:\/\/www.facebook.com\/1Office\/?ref=br_rs","article_modified_time":"2023-06-06T12:02:42+00:00","og_image":[{"width":1024,"height":678,"url":"https:\/\/1office.co\/estonia\/wp-content\/uploads\/sites\/5\/2017\/12\/money-gold-coins-finance-1024x678-1.jpg","type":"image\/jpeg"}],"twitter_card":"summary_large_image","twitter_misc":{"Est. reading time":"2 minutit"},"schema":{"@context":"https:\/\/schema.org","@graph":[{"@type":"WebPage","@id":"https:\/\/1office.co\/estonia\/et\/Teenus\/kaibemaksukohustuslaseks-registreerimine\/","url":"https:\/\/1office.co\/estonia\/et\/Teenus\/kaibemaksukohustuslaseks-registreerimine\/","name":"K\u00e4ibemaksunumbri registreerimine - 1Office Estonia","isPartOf":{"@id":"https:\/\/1office.co\/estonia\/ru\/#website"},"primaryImageOfPage":{"@id":"https:\/\/1office.co\/estonia\/et\/Teenus\/kaibemaksukohustuslaseks-registreerimine\/#primaryimage"},"image":{"@id":"https:\/\/1office.co\/estonia\/et\/Teenus\/kaibemaksukohustuslaseks-registreerimine\/#primaryimage"},"thumbnailUrl":"https:\/\/1office.co\/estonia\/wp-content\/uploads\/sites\/5\/2017\/12\/money-gold-coins-finance-1024x678-1.jpg","datePublished":"2017-12-13T11:39:59+00:00","dateModified":"2023-06-06T12:02:42+00:00","description":"Eesti seaduste kohaselt on kohustuslik registreerida ettev\u00f5te k\u00e4ibemaksukohustuslasena juhul, kui maksustav k\u00e4ive \u00fcletab 40 000 eurot aastas.","breadcrumb":{"@id":"https:\/\/1office.co\/estonia\/et\/Teenus\/kaibemaksukohustuslaseks-registreerimine\/#breadcrumb"},"inLanguage":"et","potentialAction":[{"@type":"ReadAction","target":["https:\/\/1office.co\/estonia\/et\/Teenus\/kaibemaksukohustuslaseks-registreerimine\/"]}]},{"@type":"ImageObject","inLanguage":"et","@id":"https:\/\/1office.co\/estonia\/et\/Teenus\/kaibemaksukohustuslaseks-registreerimine\/#primaryimage","url":"https:\/\/1office.co\/estonia\/wp-content\/uploads\/sites\/5\/2017\/12\/money-gold-coins-finance-1024x678-1.jpg","contentUrl":"https:\/\/1office.co\/estonia\/wp-content\/uploads\/sites\/5\/2017\/12\/money-gold-coins-finance-1024x678-1.jpg","width":1024,"height":678},{"@type":"BreadcrumbList","@id":"https:\/\/1office.co\/estonia\/et\/Teenus\/kaibemaksukohustuslaseks-registreerimine\/#breadcrumb","itemListElement":[{"@type":"ListItem","position":1,"name":"Home","item":"https:\/\/1office.co\/estonia\/et\/"},{"@type":"ListItem","position":2,"name":"Services Shop","item":"https:\/\/1office.co\/estonia\/services-shop\/"},{"@type":"ListItem","position":3,"name":"K\u00e4ibemaksunumbri registreerimine"}]},{"@type":"WebSite","@id":"https:\/\/1office.co\/estonia\/ru\/#website","url":"https:\/\/1office.co\/estonia\/ru\/","name":"1Office Estonia","description":"Making Business Simple","potentialAction":[{"@type":"SearchAction","target":{"@type":"EntryPoint","urlTemplate":"https:\/\/1office.co\/estonia\/ru\/?s={search_term_string}"},"query-input":{"@type":"PropertyValueSpecification","valueRequired":true,"valueName":"search_term_string"}}],"inLanguage":"et"}]}},"_links":{"self":[{"href":"https:\/\/1office.co\/estonia\/et\/wp-json\/wp\/v2\/product\/57652","targetHints":{"allow":["GET"]}}],"collection":[{"href":"https:\/\/1office.co\/estonia\/et\/wp-json\/wp\/v2\/product"}],"about":[{"href":"https:\/\/1office.co\/estonia\/et\/wp-json\/wp\/v2\/types\/product"}],"wp:featuredmedia":[{"embeddable":true,"href":"https:\/\/1office.co\/estonia\/et\/wp-json\/wp\/v2\/media\/61677"}],"wp:attachment":[{"href":"https:\/\/1office.co\/estonia\/et\/wp-json\/wp\/v2\/media?parent=57652"}],"wp:term":[{"taxonomy":"product_brand","embeddable":true,"href":"https:\/\/1office.co\/estonia\/et\/wp-json\/wp\/v2\/product_brand?post=57652"},{"taxonomy":"product_cat","embeddable":true,"href":"https:\/\/1office.co\/estonia\/et\/wp-json\/wp\/v2\/product_cat?post=57652"},{"taxonomy":"product_tag","embeddable":true,"href":"https:\/\/1office.co\/estonia\/et\/wp-json\/wp\/v2\/product_tag?post=57652"}],"curies":[{"name":"wp","href":"https:\/\/api.w.org\/{rel}","templated":true}]}}