{"id":58154,"date":"2018-06-12T13:19:38","date_gmt":"2018-06-12T13:19:39","guid":{"rendered":"https:\/\/1office.co\/estonia\/?post_type=product&#038;p=58154"},"modified":"2024-01-02T11:20:57","modified_gmt":"2024-01-02T11:20:57","slug":"ettevotte-likvideeriminne","status":"publish","type":"product","link":"https:\/\/1office.co\/estonia\/et\/Teenus\/ettevotte-likvideeriminne\/","title":{"rendered":"Ettev\u00f5tte likvideerimine"},"content":{"rendered":"<div class=\"wpb-content-wrapper\"><p>[vc_row][vc_column]<div id=\"advanced-tabs-desc-wrap-6424\" class=\"ult_tabs product_tabs\" style=\" \" data-tabsstyle=\"style1\"\n data-titlebg=\"#ffffff\" data-titlecolor=\"#b6b8ba\" data-fullheight=\"off\"\n data-titlehoverbg=\"#ffffff\" data-titlehovercolor=\"#1d1e23\"\n data-rotatetabs=\"0\" data-responsivemode=\"Both\" data-animation=\"Slide\"\ndata-activetitle=\"#1d1e23\" data-activeicon=\"\" data-activebg=\"#ffffff\"  data-respmode=\"Tabs\" data-respwidth=\"400\" data-scroll = \"on\" data-activeindex=\"1\"><ul id=advanced-tabs-wrap-4602 class=\"ult_tabmenu style1 \" style=\"\"><li class=\"ult_tab_li  \" data-iconcolor=\"#74777b\" data-iconhover=\"#ffffff\" style=\"background-color:#ffffff;border-color:transparent;border-width:0px;border-style:solid;border-top-right-radius:8px;\">\n\t\t\t\t\t<a href=\"#1512642751410-84e8b-6fc5\"  id=\"1512642751410-84e8b-6fc5\"  style=\"color:#b6b8ba;; padding:15px; \" class=\"ult_a  \">\n\t\t\t\t\t     <span class=\"ult_tab_main Both \">\n\t\t\t\t\t \t\t <span class=\"ult_tab_section\">\n\t\t\t\t\t   \t\t\t<span  data-ultimate-target='#advanced-tabs-wrap-4602 .ult-span-text'  data-responsive-json-new='{\"font-size\":\"desktop:14px;\",\"line-height\":\"\"}'  class=\"ult-span-text no_icon ult_tab_display_text ult-responsive\" style=\"font-weight:bold;;\">Kirjeldus<\/span>\n\t\t\t\t\t   \t\t<\/span>\n\t\t\t\t\t\t<\/span>\n\t\t\t\t\t<\/a>\n\t\t\t\t\t<\/li><\/ul><div  data-ultimate-target='#advanced-tabs-desc-wrap-6424 .ult_tabcontent .ult_tab_min_contain  p'  data-responsive-json-new='{\"font-size\":\"\",\"line-height\":\"\"}' class=\"ult_tabcontent ult-responsive style1\" style=\"color:#74777b;\"><div class=\"ult_tab_min_contain \" >\n\t\t\t<div  class=\"ult_tabitemname\"  >\n\t\t\t\t[vc_column_text]Kui oled otsustanud enda Eesti ettev\u00f5tte tegevuse l\u00f5petada, tuleb ettev\u00f5te sulgeda vabatahtliku likvideerimisega. Likvideerimisprotsess v\u00f5tab aega v\u00e4hemalt 7 kuud ja see tuleb l\u00e4bi viia kohaliku likvideerija poolt. Periood on k\u00fcll pikk, kuid ettev\u00f5tte juhatuse jaoks on see passiivne periood ja meie poolt m\u00e4\u00e4ratud likvideerija hoolitseb k\u00f5ige vajaliku eest. Meie teenus sisaldab t\u00e4ielikku likvideerimist, mis teostatakse professionaalide poolt.<\/p>\n<p>&nbsp;<\/p>\n<h2><strong>550\u20ac hind sisaldab:<\/strong><\/h2>\n<ul>\n<li>T\u00e4ielik Eesti ettev\u00f5tte likvideerimine koos k\u00f5ikide riigil\u00f5ivudega<\/li>\n<li>Kohalik likvideerija<\/li>\n<li>Dokumentide ettevalmistamine \u2013 likvideerimisotsus, likvideerimisaruanne, likvideerimise l\u00f5pubilanss<\/li>\n<li>Likvideerimiskande ettevalmistamine ja \u00c4riregistrile digitaalselt esitamine<\/li>\n<li>Kustutamiskande ettevalmistamine ja \u00c4riregistrile digitaalselt esitamine<\/li>\n<li>\u00dchingu kustutamine \u00c4riregistrist<\/li>\n<\/ul>\n<p>&nbsp;<\/p>\n<h2><strong>Antud hind kehtib ettev\u00f5tetele, millel on:<\/strong><\/h2>\n<ul>\n<li>mitu osanikku, kellel on ligip\u00e4\u00e4s digitaalsele allkirjastamisele (kas Eesti ID-kaardi omanikud v\u00f5i e-residendi kaardi omanikud),<\/li>\n<li>eelnevate aastate majandusaasta aruanded esitatud,<\/li>\n<li>raamatupidamine ajakohastatud.<\/li>\n<\/ul>\n<p>Kui \u00fchingul on ainult \u00fcks omanik (kes on kas Eesti riigi kodanik v\u00f5i e-resident), saame pakkuda likvideerimist l\u00e4bi f\u00fc\u00fcsilise isiku varaga \u00fchinemise. <strong>Antud teenus maksab 450\u20ac.<\/strong><\/p>\n<p>&nbsp;<\/p>\n<h2><strong>Saadaval on ka lisateenused:<\/strong><\/h2>\n<p>On oluline meeles pidada, et likvideerimisprotsess saab alata vaid juhul kui ettev\u00f5te on heas seisus &#8211; seega peavad olema esitatud k\u00f5ik eelnevate perioodide majandusaasta aruanded ja raamatupidamine jooksva aasta eest peab olema ajakohane. Kui teie raamatupidaja v\u00f5i teenusepakkuja on k\u00f5ike ajakohasena hoidnud, saate k\u00f5ik vajalikud dokumendid meile lihtsalt edastada ja lisateenused pole vajalikud.<\/p>\n<p>Me saame teid aidata raamatupidamise ja\/v\u00f5i aastaaruannete kordaseadmisel ja ajakohastamisel.<strong>\u00a0<a href=\"https:\/\/1office.co\/estonia\/et\/teenus\/ettevotte-likvideeriminne\/#!\/kusi-pakkumist\" target=\"_blank\" rel=\"noopener\">Pakkumise saamiseks v\u00f5tke meiega \u00fchendust.<\/a><\/strong><\/p>\n<p>Kui olete meie \u00e4riaadressi klient, on \u00e4riaadressi teenus teie jaoks likvideerimise perioodiks tasuta. Kui te ei ole meie \u00e4riaadressi klient, saame seda teenust likvideeritavale ettev\u00f5ttele pakkuda erihinnaga.<\/p>\n<p>&nbsp;<\/p>\n<h2><strong>Teised v\u00f5imalused ettev\u00f5tte sulgemiseks:<\/strong><\/h2>\n<p>Me saame pakkuda ka \u00fchinemise teenust. Miks aga valida \u00fchinemine? See v\u00f5tab aega ainult umbes kaks kuud s\u00f5ltuvalt \u00fchinemise protsessi keerukusest.<\/p>\n<ul>\n<li>\u00dchinemine f\u00fc\u00fcsilise isiku varaga 450\u20ac<\/li>\n<li>\u00dchinemine teise ettev\u00f5ttega (O\u00dc-ga) 450\u20ac<\/li>\n<\/ul>\n<p>\u00dclalolevad hinnad kehtivad kui \u00fchingul on \u00fcks osanik, kes on kas Eesti ID kaardi v\u00f5i e-residentsuse kaardi omanik, ja \u00fchingul on ajakohane raamatupidamine ja majandusaasta aruanded esitatud. Kui \u00fchingul on rohkem kui \u00fcks osanik v\u00f5i on vaja raamatupidamuslikku abi, v\u00f5tke meiega \u00fchendust ning saadame teile pakkumise.<\/p>\n<p>&nbsp;<\/p>\n<h2><strong>Ettev\u00f5tte likvideerimise protsessi k\u00e4ik:<\/strong><\/h2>\n<ul>\n<li>Saatke meile enda pangakonto v\u00e4ljav\u00f5te ja bilansileht<\/li>\n<li>Meie saadame Teile pakkumise<\/li>\n<li>Me valmistame ette dokumendid &#8211; need on vaja digitaalselt allkirjastada \u00c4riregistris.<\/li>\n<li>Me tegeleme k\u00f5ige \u00fclej\u00e4\u00e4nuga, mis on likvideerimise protsessi jaoks vajalik \u2013 valmistame ette likvideerimisaruande, esitame selle \u00c4riregistrile, valmistame ette likvideerimise l\u00f5ppbilansi jne.<\/li>\n<li>Teie peate lihtsalt aruanded kinnitama ja saate rahulikult protsessi l\u00f5ppu oodata.<\/li>\n<\/ul>\n<p>&nbsp;<\/p>\n<h2><strong>Oluline informatsioon:<\/strong><\/h2>\n<ul>\n<li>On v\u00e4ga oluline l\u00f5petada \u00e4ritegevus ja lahendada k\u00f5ik enne kui likvideerimisprotsess algab (v\u00f5lgade ja n\u00f5uete tasumine, k\u00f5ikide kontode sulgemine, k\u00f5ikide maksude maksmine jne). Likvideerimistasu ei sisalda likvideerimiseelset jooksvate probleemide lahendamist.<\/li>\n<li>Vabatahtlik likvideerimine saab toimuda ainult siis, kui ettev\u00f5te on maksev\u00f5imeline ning suudab tasuda k\u00f5ik v\u00f5lad. Kui ettev\u00f5te ei ole maksej\u00f5uline, tuleb v\u00e4lja kuulutada pankrotiprotsess, mida saab teha ettev\u00f5tte juhatus.<\/li>\n<\/ul>\n<p>[\/vc_column_text]\n\t\t\t<\/div><\/div><\/div><\/div><div class=\"ult_acord advanced-tabs-desc-wrap-6424\">\n   <div class=\"ult-tabto-accordion \" style=\"width:;\"\n    data-titlecolor=\"#b6b8ba\"  data-titlebg=\"#ffffff\"\n     data-titlehoverbg=\"#ffffff\" data-titlehovercolor=\"#1d1e23\" data-animation=\"Slide\"\n     data-activetitle=\"#1d1e23\" data-activeicon=\"\" data-activebg=\"#ffffff\" data-scroll = \"on\" data-activeindex=\"1\" >\n     <dl><dt class=\"\">\n\t        \t<a class=\"ult-tabto-actitle withBorder ult_a \" id=\"1512642751410-84e8b-6fc5\" style=\"color:#b6b8ba;;background-color:#ffffff;border-bottom-color:transparent;border-bottom-width:0px;border-bottom-style:solid;\" href=\"#1512642751410-84e8b-6fc5\">\n\t        \t\t<i class=\"accordion-icon\"><\/i>\n\t        \t\t\t<span class=\"ult_tab_main ult_ac_main ult_noacordicnBoth\">\n\n\t\t\t\t\t\t<span  data-ultimate-target='#advanced-tabs-wrap-4602 .ult-span-text'  data-responsive-json-new='{\"font-size\":\"desktop:14px;\",\"line-height\":\"\"}'  class=\"ult-span-text no_icon ult_acordian-text ult-responsive\" style=\"font-weight:bold;;color:inherit \" >Kirjeldus<\/span>\n\t\t\t\t\t\t<\/span><\/a><\/dt>\n\t            \t\t<dd class=\"ult-tabto-accordionItem ult-tabto-accolapsed\">\n\t\t\t\t            <div class=\"ult-tabto-acontent\" style=\"color:#74777b;\">\n\t\t\t\t               [vc_column_text]Kui oled otsustanud enda Eesti ettev\u00f5tte tegevuse l\u00f5petada, tuleb ettev\u00f5te sulgeda vabatahtliku likvideerimisega. Likvideerimisprotsess v\u00f5tab aega v\u00e4hemalt 7 kuud ja see tuleb l\u00e4bi viia kohaliku likvideerija poolt. Periood on k\u00fcll pikk, kuid ettev\u00f5tte juhatuse jaoks on see passiivne periood ja meie poolt m\u00e4\u00e4ratud likvideerija hoolitseb k\u00f5ige vajaliku eest. Meie teenus sisaldab t\u00e4ielikku likvideerimist, mis teostatakse professionaalide poolt.<\/p>\n<p>&nbsp;<\/p>\n<h2><strong>550\u20ac hind sisaldab:<\/strong><\/h2>\n<ul>\n<li>T\u00e4ielik Eesti ettev\u00f5tte likvideerimine koos k\u00f5ikide riigil\u00f5ivudega<\/li>\n<li>Kohalik likvideerija<\/li>\n<li>Dokumentide ettevalmistamine \u2013 likvideerimisotsus, likvideerimisaruanne, likvideerimise l\u00f5pubilanss<\/li>\n<li>Likvideerimiskande ettevalmistamine ja \u00c4riregistrile digitaalselt esitamine<\/li>\n<li>Kustutamiskande ettevalmistamine ja \u00c4riregistrile digitaalselt esitamine<\/li>\n<li>\u00dchingu kustutamine \u00c4riregistrist<\/li>\n<\/ul>\n<p>&nbsp;<\/p>\n<h2><strong>Antud hind kehtib ettev\u00f5tetele, millel on:<\/strong><\/h2>\n<ul>\n<li>mitu osanikku, kellel on ligip\u00e4\u00e4s digitaalsele allkirjastamisele (kas Eesti ID-kaardi omanikud v\u00f5i e-residendi kaardi omanikud),<\/li>\n<li>eelnevate aastate majandusaasta aruanded esitatud,<\/li>\n<li>raamatupidamine ajakohastatud.<\/li>\n<\/ul>\n<p>Kui \u00fchingul on ainult \u00fcks omanik (kes on kas Eesti riigi kodanik v\u00f5i e-resident), saame pakkuda likvideerimist l\u00e4bi f\u00fc\u00fcsilise isiku varaga \u00fchinemise. <strong>Antud teenus maksab 450\u20ac.<\/strong><\/p>\n<p>&nbsp;<\/p>\n<h2><strong>Saadaval on ka lisateenused:<\/strong><\/h2>\n<p>On oluline meeles pidada, et likvideerimisprotsess saab alata vaid juhul kui ettev\u00f5te on heas seisus &#8211; seega peavad olema esitatud k\u00f5ik eelnevate perioodide majandusaasta aruanded ja raamatupidamine jooksva aasta eest peab olema ajakohane. Kui teie raamatupidaja v\u00f5i teenusepakkuja on k\u00f5ike ajakohasena hoidnud, saate k\u00f5ik vajalikud dokumendid meile lihtsalt edastada ja lisateenused pole vajalikud.<\/p>\n<p>Me saame teid aidata raamatupidamise ja\/v\u00f5i aastaaruannete kordaseadmisel ja ajakohastamisel.<strong>\u00a0<a href=\"https:\/\/1office.co\/estonia\/et\/teenus\/ettevotte-likvideeriminne\/#!\/kusi-pakkumist\" target=\"_blank\" rel=\"noopener\">Pakkumise saamiseks v\u00f5tke meiega \u00fchendust.<\/a><\/strong><\/p>\n<p>Kui olete meie \u00e4riaadressi klient, on \u00e4riaadressi teenus teie jaoks likvideerimise perioodiks tasuta. Kui te ei ole meie \u00e4riaadressi klient, saame seda teenust likvideeritavale ettev\u00f5ttele pakkuda erihinnaga.<\/p>\n<p>&nbsp;<\/p>\n<h2><strong>Teised v\u00f5imalused ettev\u00f5tte sulgemiseks:<\/strong><\/h2>\n<p>Me saame pakkuda ka \u00fchinemise teenust. Miks aga valida \u00fchinemine? See v\u00f5tab aega ainult umbes kaks kuud s\u00f5ltuvalt \u00fchinemise protsessi keerukusest.<\/p>\n<ul>\n<li>\u00dchinemine f\u00fc\u00fcsilise isiku varaga 450\u20ac<\/li>\n<li>\u00dchinemine teise ettev\u00f5ttega (O\u00dc-ga) 450\u20ac<\/li>\n<\/ul>\n<p>\u00dclalolevad hinnad kehtivad kui \u00fchingul on \u00fcks osanik, kes on kas Eesti ID kaardi v\u00f5i e-residentsuse kaardi omanik, ja \u00fchingul on ajakohane raamatupidamine ja majandusaasta aruanded esitatud. Kui \u00fchingul on rohkem kui \u00fcks osanik v\u00f5i on vaja raamatupidamuslikku abi, v\u00f5tke meiega \u00fchendust ning saadame teile pakkumise.<\/p>\n<p>&nbsp;<\/p>\n<h2><strong>Ettev\u00f5tte likvideerimise protsessi k\u00e4ik:<\/strong><\/h2>\n<ul>\n<li>Saatke meile enda pangakonto v\u00e4ljav\u00f5te ja bilansileht<\/li>\n<li>Meie saadame Teile pakkumise<\/li>\n<li>Me valmistame ette dokumendid &#8211; need on vaja digitaalselt allkirjastada \u00c4riregistris.<\/li>\n<li>Me tegeleme k\u00f5ige \u00fclej\u00e4\u00e4nuga, mis on likvideerimise protsessi jaoks vajalik \u2013 valmistame ette likvideerimisaruande, esitame selle \u00c4riregistrile, valmistame ette likvideerimise l\u00f5ppbilansi jne.<\/li>\n<li>Teie peate lihtsalt aruanded kinnitama ja saate rahulikult protsessi l\u00f5ppu oodata.<\/li>\n<\/ul>\n<p>&nbsp;<\/p>\n<h2><strong>Oluline informatsioon:<\/strong><\/h2>\n<ul>\n<li>On v\u00e4ga oluline l\u00f5petada \u00e4ritegevus ja lahendada k\u00f5ik enne kui likvideerimisprotsess algab (v\u00f5lgade ja n\u00f5uete tasumine, k\u00f5ikide kontode sulgemine, k\u00f5ikide maksude maksmine jne). Likvideerimistasu ei sisalda likvideerimiseelset jooksvate probleemide lahendamist.<\/li>\n<li>Vabatahtlik likvideerimine saab toimuda ainult siis, kui ettev\u00f5te on maksev\u00f5imeline ning suudab tasuda k\u00f5ik v\u00f5lad. Kui ettev\u00f5te ei ole maksej\u00f5uline, tuleb v\u00e4lja kuulutada pankrotiprotsess, mida saab teha ettev\u00f5tte juhatus.<\/li>\n<\/ul>\n<p>[\/vc_column_text]\n\t\t\t\t            <\/div>\n\t        \t\t\t<\/dd>\n    \t<\/dl>\n    <!--<div class=\"extraborder\" style=\"background-color:#ffffff\"><\/div>-->\n<\/div>\n\n<\/div>[\/vc_column][\/vc_row]<\/p>\n<\/div>","protected":false},"excerpt":{"rendered":"<p>Kui sul on vaja l\u00f5petada enda \u00e4ritegevus Eestis, on ettev\u00f5tte likvideerimine selleks tavaliselt k\u00f5ige parem v\u00f5imalus. Protsess on v\u00e4ga lihtne kui kasutad 1Office teenuseid \u2013 likvideerimine ise v\u00f5tab aega, kuid meie tegeleme kogu protsessiga sinu eest ise.<\/p>\n","protected":false},"featured_media":61644,"template":"","meta":{"_acf_changed":false,"inline_featured_image":false},"product_brand":[],"product_cat":[309],"product_tag":[311],"class_list":{"0":"post-58154","1":"product","2":"type-product","3":"status-publish","4":"has-post-thumbnail","6":"product_cat-juriidilised-teenused","7":"product_tag-eesti","8":"description-off","10":"first","11":"instock","12":"taxable","13":"shipping-taxable","14":"purchasable","15":"product-type-simple"},"bundled_by":[],"bundle_stock_status":"instock","bundle_stock_quantity":null,"bundle_virtual":false,"bundle_layout":"","bundle_add_to_cart_form_location":"","bundle_editable_in_cart":false,"bundle_sold_individually_context":"","bundle_item_grouping":"","bundle_min_size":"","bundle_max_size":"","bundle_price":[],"bundled_items":[],"bundle_sell_ids":[],"acf":[],"yoast_head":"<!-- This site is optimized with the Yoast SEO Premium plugin v22.1 (Yoast SEO v27.0) - https:\/\/yoast.com\/product\/yoast-seo-premium-wordpress\/ -->\n<title>Ettev\u00f5tte likvideerimine t\u00e4isteenusena - 1Office Estonia<\/title>\n<meta name=\"description\" content=\"Kui sul on vaja l\u00f5petada enda \u00e4ritegevus Eestis, on ettev\u00f5tte likvideerimine selleks tavaliselt k\u00f5ige parem v\u00f5imalus. Protsess on v\u00e4ga lihtne kui kasutad 1Office teenuseid \u2013 likvideerimine ise v\u00f5tab aega, kuid meie tegeleme kogu protsessiga sinu eest ise.\" \/>\n<meta name=\"robots\" content=\"index, follow, max-snippet:-1, max-image-preview:large, max-video-preview:-1\" \/>\n<link rel=\"canonical\" href=\"https:\/\/1office.co\/estonia\/et\/Teenus\/ettevotte-likvideeriminne\/\" \/>\n<meta property=\"og:locale\" content=\"et_EE\" \/>\n<meta property=\"og:type\" content=\"article\" \/>\n<meta property=\"og:title\" content=\"Ettev\u00f5tte likvideerimine\" \/>\n<meta property=\"og:description\" content=\"Kui sul on vaja l\u00f5petada enda \u00e4ritegevus Eestis, on ettev\u00f5tte likvideerimine selleks tavaliselt k\u00f5ige parem v\u00f5imalus. Protsess on v\u00e4ga lihtne kui kasutad 1Office teenuseid \u2013 likvideerimine ise v\u00f5tab aega, kuid meie tegeleme kogu protsessiga sinu eest ise.\" \/>\n<meta property=\"og:url\" content=\"https:\/\/1office.co\/estonia\/et\/Teenus\/ettevotte-likvideeriminne\/\" \/>\n<meta property=\"og:site_name\" content=\"1Office Estonia\" \/>\n<meta property=\"article:publisher\" content=\"https:\/\/www.facebook.com\/1Office\/?ref=br_rs\" \/>\n<meta property=\"article:modified_time\" content=\"2024-01-02T11:20:57+00:00\" \/>\n<meta property=\"og:image\" content=\"https:\/\/1office.co\/estonia\/wp-content\/uploads\/sites\/5\/2018\/06\/pexels-photo-277670-1.jpeg\" \/>\n\t<meta property=\"og:image:width\" content=\"640\" \/>\n\t<meta property=\"og:image:height\" content=\"426\" \/>\n\t<meta property=\"og:image:type\" content=\"image\/jpeg\" \/>\n<meta name=\"twitter:card\" content=\"summary_large_image\" \/>\n<meta name=\"twitter:label1\" content=\"Est. reading time\" \/>\n\t<meta name=\"twitter:data1\" content=\"2 minutit\" \/>\n<script type=\"application\/ld+json\" class=\"yoast-schema-graph\">{\"@context\":\"https:\/\/schema.org\",\"@graph\":[{\"@type\":\"WebPage\",\"@id\":\"https:\/\/1office.co\/estonia\/et\/Teenus\/ettevotte-likvideeriminne\/\",\"url\":\"https:\/\/1office.co\/estonia\/et\/Teenus\/ettevotte-likvideeriminne\/\",\"name\":\"Ettev\u00f5tte likvideerimine t\u00e4isteenusena - 1Office Estonia\",\"isPartOf\":{\"@id\":\"https:\/\/1office.co\/estonia\/ru\/#website\"},\"primaryImageOfPage\":{\"@id\":\"https:\/\/1office.co\/estonia\/et\/Teenus\/ettevotte-likvideeriminne\/#primaryimage\"},\"image\":{\"@id\":\"https:\/\/1office.co\/estonia\/et\/Teenus\/ettevotte-likvideeriminne\/#primaryimage\"},\"thumbnailUrl\":\"https:\/\/1office.co\/estonia\/wp-content\/uploads\/sites\/5\/2018\/06\/pexels-photo-277670-1.jpeg\",\"datePublished\":\"2018-06-12T13:19:39+00:00\",\"dateModified\":\"2024-01-02T11:20:57+00:00\",\"description\":\"Kui sul on vaja l\u00f5petada enda \u00e4ritegevus Eestis, on ettev\u00f5tte likvideerimine selleks tavaliselt k\u00f5ige parem v\u00f5imalus. Protsess on v\u00e4ga lihtne kui kasutad 1Office teenuseid \u2013 likvideerimine ise v\u00f5tab aega, kuid meie tegeleme kogu protsessiga sinu eest ise.\",\"breadcrumb\":{\"@id\":\"https:\/\/1office.co\/estonia\/et\/Teenus\/ettevotte-likvideeriminne\/#breadcrumb\"},\"inLanguage\":\"et\",\"potentialAction\":[{\"@type\":\"ReadAction\",\"target\":[\"https:\/\/1office.co\/estonia\/et\/Teenus\/ettevotte-likvideeriminne\/\"]}]},{\"@type\":\"ImageObject\",\"inLanguage\":\"et\",\"@id\":\"https:\/\/1office.co\/estonia\/et\/Teenus\/ettevotte-likvideeriminne\/#primaryimage\",\"url\":\"https:\/\/1office.co\/estonia\/wp-content\/uploads\/sites\/5\/2018\/06\/pexels-photo-277670-1.jpeg\",\"contentUrl\":\"https:\/\/1office.co\/estonia\/wp-content\/uploads\/sites\/5\/2018\/06\/pexels-photo-277670-1.jpeg\",\"width\":640,\"height\":426},{\"@type\":\"BreadcrumbList\",\"@id\":\"https:\/\/1office.co\/estonia\/et\/Teenus\/ettevotte-likvideeriminne\/#breadcrumb\",\"itemListElement\":[{\"@type\":\"ListItem\",\"position\":1,\"name\":\"Home\",\"item\":\"https:\/\/1office.co\/estonia\/et\/\"},{\"@type\":\"ListItem\",\"position\":2,\"name\":\"Services Shop\",\"item\":\"https:\/\/1office.co\/estonia\/services-shop\/\"},{\"@type\":\"ListItem\",\"position\":3,\"name\":\"Ettev\u00f5tte likvideerimine\"}]},{\"@type\":\"WebSite\",\"@id\":\"https:\/\/1office.co\/estonia\/ru\/#website\",\"url\":\"https:\/\/1office.co\/estonia\/ru\/\",\"name\":\"1Office Estonia\",\"description\":\"Making Business Simple\",\"potentialAction\":[{\"@type\":\"SearchAction\",\"target\":{\"@type\":\"EntryPoint\",\"urlTemplate\":\"https:\/\/1office.co\/estonia\/ru\/?s={search_term_string}\"},\"query-input\":{\"@type\":\"PropertyValueSpecification\",\"valueRequired\":true,\"valueName\":\"search_term_string\"}}],\"inLanguage\":\"et\"}]}<\/script>\n<!-- \/ Yoast SEO Premium plugin. -->","yoast_head_json":{"title":"Ettev\u00f5tte likvideerimine t\u00e4isteenusena - 1Office Estonia","description":"Kui sul on vaja l\u00f5petada enda \u00e4ritegevus Eestis, on ettev\u00f5tte likvideerimine selleks tavaliselt k\u00f5ige parem v\u00f5imalus. Protsess on v\u00e4ga lihtne kui kasutad 1Office teenuseid \u2013 likvideerimine ise v\u00f5tab aega, kuid meie tegeleme kogu protsessiga sinu eest ise.","robots":{"index":"index","follow":"follow","max-snippet":"max-snippet:-1","max-image-preview":"max-image-preview:large","max-video-preview":"max-video-preview:-1"},"canonical":"https:\/\/1office.co\/estonia\/et\/Teenus\/ettevotte-likvideeriminne\/","og_locale":"et_EE","og_type":"article","og_title":"Ettev\u00f5tte likvideerimine","og_description":"Kui sul on vaja l\u00f5petada enda \u00e4ritegevus Eestis, on ettev\u00f5tte likvideerimine selleks tavaliselt k\u00f5ige parem v\u00f5imalus. Protsess on v\u00e4ga lihtne kui kasutad 1Office teenuseid \u2013 likvideerimine ise v\u00f5tab aega, kuid meie tegeleme kogu protsessiga sinu eest ise.","og_url":"https:\/\/1office.co\/estonia\/et\/Teenus\/ettevotte-likvideeriminne\/","og_site_name":"1Office Estonia","article_publisher":"https:\/\/www.facebook.com\/1Office\/?ref=br_rs","article_modified_time":"2024-01-02T11:20:57+00:00","og_image":[{"width":640,"height":426,"url":"https:\/\/1office.co\/estonia\/wp-content\/uploads\/sites\/5\/2018\/06\/pexels-photo-277670-1.jpeg","type":"image\/jpeg"}],"twitter_card":"summary_large_image","twitter_misc":{"Est. reading time":"2 minutit"},"schema":{"@context":"https:\/\/schema.org","@graph":[{"@type":"WebPage","@id":"https:\/\/1office.co\/estonia\/et\/Teenus\/ettevotte-likvideeriminne\/","url":"https:\/\/1office.co\/estonia\/et\/Teenus\/ettevotte-likvideeriminne\/","name":"Ettev\u00f5tte likvideerimine t\u00e4isteenusena - 1Office Estonia","isPartOf":{"@id":"https:\/\/1office.co\/estonia\/ru\/#website"},"primaryImageOfPage":{"@id":"https:\/\/1office.co\/estonia\/et\/Teenus\/ettevotte-likvideeriminne\/#primaryimage"},"image":{"@id":"https:\/\/1office.co\/estonia\/et\/Teenus\/ettevotte-likvideeriminne\/#primaryimage"},"thumbnailUrl":"https:\/\/1office.co\/estonia\/wp-content\/uploads\/sites\/5\/2018\/06\/pexels-photo-277670-1.jpeg","datePublished":"2018-06-12T13:19:39+00:00","dateModified":"2024-01-02T11:20:57+00:00","description":"Kui sul on vaja l\u00f5petada enda \u00e4ritegevus Eestis, on ettev\u00f5tte likvideerimine selleks tavaliselt k\u00f5ige parem v\u00f5imalus. Protsess on v\u00e4ga lihtne kui kasutad 1Office teenuseid \u2013 likvideerimine ise v\u00f5tab aega, kuid meie tegeleme kogu protsessiga sinu eest ise.","breadcrumb":{"@id":"https:\/\/1office.co\/estonia\/et\/Teenus\/ettevotte-likvideeriminne\/#breadcrumb"},"inLanguage":"et","potentialAction":[{"@type":"ReadAction","target":["https:\/\/1office.co\/estonia\/et\/Teenus\/ettevotte-likvideeriminne\/"]}]},{"@type":"ImageObject","inLanguage":"et","@id":"https:\/\/1office.co\/estonia\/et\/Teenus\/ettevotte-likvideeriminne\/#primaryimage","url":"https:\/\/1office.co\/estonia\/wp-content\/uploads\/sites\/5\/2018\/06\/pexels-photo-277670-1.jpeg","contentUrl":"https:\/\/1office.co\/estonia\/wp-content\/uploads\/sites\/5\/2018\/06\/pexels-photo-277670-1.jpeg","width":640,"height":426},{"@type":"BreadcrumbList","@id":"https:\/\/1office.co\/estonia\/et\/Teenus\/ettevotte-likvideeriminne\/#breadcrumb","itemListElement":[{"@type":"ListItem","position":1,"name":"Home","item":"https:\/\/1office.co\/estonia\/et\/"},{"@type":"ListItem","position":2,"name":"Services Shop","item":"https:\/\/1office.co\/estonia\/services-shop\/"},{"@type":"ListItem","position":3,"name":"Ettev\u00f5tte likvideerimine"}]},{"@type":"WebSite","@id":"https:\/\/1office.co\/estonia\/ru\/#website","url":"https:\/\/1office.co\/estonia\/ru\/","name":"1Office Estonia","description":"Making Business Simple","potentialAction":[{"@type":"SearchAction","target":{"@type":"EntryPoint","urlTemplate":"https:\/\/1office.co\/estonia\/ru\/?s={search_term_string}"},"query-input":{"@type":"PropertyValueSpecification","valueRequired":true,"valueName":"search_term_string"}}],"inLanguage":"et"}]}},"_links":{"self":[{"href":"https:\/\/1office.co\/estonia\/et\/wp-json\/wp\/v2\/product\/58154","targetHints":{"allow":["GET"]}}],"collection":[{"href":"https:\/\/1office.co\/estonia\/et\/wp-json\/wp\/v2\/product"}],"about":[{"href":"https:\/\/1office.co\/estonia\/et\/wp-json\/wp\/v2\/types\/product"}],"wp:featuredmedia":[{"embeddable":true,"href":"https:\/\/1office.co\/estonia\/et\/wp-json\/wp\/v2\/media\/61644"}],"wp:attachment":[{"href":"https:\/\/1office.co\/estonia\/et\/wp-json\/wp\/v2\/media?parent=58154"}],"wp:term":[{"taxonomy":"product_brand","embeddable":true,"href":"https:\/\/1office.co\/estonia\/et\/wp-json\/wp\/v2\/product_brand?post=58154"},{"taxonomy":"product_cat","embeddable":true,"href":"https:\/\/1office.co\/estonia\/et\/wp-json\/wp\/v2\/product_cat?post=58154"},{"taxonomy":"product_tag","embeddable":true,"href":"https:\/\/1office.co\/estonia\/et\/wp-json\/wp\/v2\/product_tag?post=58154"}],"curies":[{"name":"wp","href":"https:\/\/api.w.org\/{rel}","templated":true}]}}