{"id":60547,"date":"2019-02-07T07:41:49","date_gmt":"2019-02-07T08:25:48","guid":{"rendered":"https:\/\/1office.co\/estonia\/?post_type=product&#038;p=60547"},"modified":"2023-06-06T11:57:30","modified_gmt":"2023-06-06T11:57:30","slug":"ettevotte-asutamine-notaris-valismaisele-ettevottele","status":"publish","type":"product","link":"https:\/\/1office.co\/estonia\/et\/Teenus\/ettevotte-asutamine-notaris-valismaisele-ettevottele\/","title":{"rendered":"Ettev\u00f5tte asutamine v\u00e4lismaisele ettev\u00f5ttele"},"content":{"rendered":"<div class=\"wpb-content-wrapper\"><p>[vc_row][vc_column]<div id=\"advanced-tabs-desc-wrap-9525\" class=\"ult_tabs product_tabs\" style=\" \" data-tabsstyle=\"style1\"\n data-titlebg=\"#ffffff\" data-titlecolor=\"#b6b8ba\" data-fullheight=\"off\"\n data-titlehoverbg=\"#ffffff\" data-titlehovercolor=\"#1d1e23\"\n data-rotatetabs=\"0\" data-responsivemode=\"Both\" data-animation=\"Slide\"\ndata-activetitle=\"#1d1e23\" data-activeicon=\"\" data-activebg=\"#ffffff\"  data-respmode=\"Tabs\" data-respwidth=\"400\" data-scroll = \"on\" data-activeindex=\"1\"><ul id=advanced-tabs-wrap-2926 class=\"ult_tabmenu style1 \" style=\"\"><li class=\"ult_tab_li  \" data-iconcolor=\"#74777b\" data-iconhover=\"#ffffff\" style=\"background-color:#ffffff;border-color:transparent;border-width:0px;border-style:solid;border-top-right-radius:8px;\">\n\t\t\t\t\t<a href=\"#1512642751410-8ee0b-c3ff\"  id=\"1512642751410-8ee0b-c3ff\"  style=\"color:#b6b8ba;; padding:15px; \" class=\"ult_a  \">\n\t\t\t\t\t     <span class=\"ult_tab_main Both \">\n\t\t\t\t\t \t\t <span class=\"ult_tab_section\">\n\t\t\t\t\t   \t\t\t<span  data-ultimate-target='#advanced-tabs-wrap-2926 .ult-span-text'  data-responsive-json-new='{\"font-size\":\"desktop:14px;\",\"line-height\":\"\"}'  class=\"ult-span-text no_icon ult_tab_display_text ult-responsive\" style=\"font-weight:bold;;\">KIRJELDUS<\/span>\n\t\t\t\t\t   \t\t<\/span>\n\t\t\t\t\t\t<\/span>\n\t\t\t\t\t<\/a>\n\t\t\t\t\t<\/li><\/ul><div  data-ultimate-target='#advanced-tabs-desc-wrap-9525 .ult_tabcontent .ult_tab_min_contain  p'  data-responsive-json-new='{\"font-size\":\"\",\"line-height\":\"\"}' class=\"ult_tabcontent ult-responsive style1\" style=\"color:#74777b;\"><div class=\"ult_tab_min_contain \" >\n\t\t\t<div  class=\"ult_tabitemname\"  >\n\t\t\t\t[vc_column_text]<\/p>\n<p class=\"p1\">Teenus on sobilik v\u00e4lismaistele ettev\u00f5tetele, kes soovivad Eesti ettev\u00f5tte asutada.<\/p>\n<p>Pea meeles, et kohalik <a href=\"https:\/\/1office.co\/estonia\/et\/Teenus\/ariaadress-tallinna-kesklinna-arikvartalis\/\" target=\"_blank\" rel=\"noopener noreferrer\">\u00e4riaadress<\/a> on kohustuslik k\u00f5ikidele Eesti ettev\u00f5tetele.<br \/>\nSamuti v\u00f5id tellida meiepoolse <a href=\"https:\/\/1office.co\/estonia\/et\/Teenus\/kontaktisik-koos-ariaadressiga-tallinna-kesklinna-arikvartalis\/\" target=\"_blank\" rel=\"noopener noreferrer\">kontaktisiku<\/a> (kohustuslik, kui ettev\u00f5tte juhatus asub v\u00e4ljaspool Eestit) v\u00f5i <a href=\"https:\/\/1office.co\/estonia\/et\/Teenus\/raamatupidamise-teenuse-tunnitasu\/\" target=\"_blank\" rel=\"noopener noreferrer\">raamatupidamisteenuse<\/a>.<\/p>\n<p>&nbsp;<\/p>\n<p><strong>Hinnas sisaldub:<\/strong><\/p>\n<ul>\n<li>Ettev\u00f5tte asutamise dokumentide \u00fclevaatamine ja ettevalmistamine<\/li>\n<li>Meie tugi kogu registreerimise protsessi jooksul<\/li>\n<li>Riigil\u00f5iv<\/li>\n<\/ul>\n<p><strong>Saadaval lisatasu eest:<\/strong><\/p>\n<ul>\n<li>\u00c4rinime kontroll (50\u20ac)<\/li>\n<li>\u00c4riregistri poolt kinnitatud andmete v\u00e4ljav\u00f5te (alates 35\u20ac)<\/li>\n<li>Kui oled huvitatud nende teenuste tellimisest, v\u00f5ta meiega palun otse \u00fchendust: <a href=\"mailto:sales@1office.co\" target=\"_blank\" rel=\"noopener noreferrer\">sales@1office.co<\/a><\/li>\n<li>Volikirja alusel esindamine &#8211; juhul kui Sul pole v\u00f5imalust ise Tallinnasse kohale tulla<\/li>\n<li><a href=\"https:\/\/1office.co\/estonia\/et\/Teenus\/ariaadress-tallinna-kesklinna-arikvartalis\/\" target=\"_blank\" rel=\"noopener noreferrer\">\u00c4riaadress<\/a><\/li>\n<li><a href=\"https:\/\/1office.co\/estonia\/et\/Teenus\/kontaktisik-koos-ariaadressiga-tallinna-kesklinna-arikvartalis\/\" target=\"_blank\" rel=\"noopener noreferrer\">Kontaktisik koos \u00e4riaadressiga<\/a><\/li>\n<li><a href=\"https:\/\/1office.co\/estonia\/et\/Teenus\/raamatupidamise-teenuse-tunnitasu\/\" target=\"_blank\" rel=\"noopener noreferrer\">Raamatupidamisteenus<\/a><\/li>\n<\/ul>\n<p>[\/vc_column_text]\n\t\t\t<\/div><\/div><\/div><\/div><div class=\"ult_acord advanced-tabs-desc-wrap-9525\">\n   <div class=\"ult-tabto-accordion \" style=\"width:;\"\n    data-titlecolor=\"#b6b8ba\"  data-titlebg=\"#ffffff\"\n     data-titlehoverbg=\"#ffffff\" data-titlehovercolor=\"#1d1e23\" data-animation=\"Slide\"\n     data-activetitle=\"#1d1e23\" data-activeicon=\"\" data-activebg=\"#ffffff\" data-scroll = \"on\" data-activeindex=\"1\" >\n     <dl><dt class=\"\">\n\t        \t<a class=\"ult-tabto-actitle withBorder ult_a \" id=\"1512642751410-8ee0b-c3ff\" style=\"color:#b6b8ba;;background-color:#ffffff;border-bottom-color:transparent;border-bottom-width:0px;border-bottom-style:solid;\" href=\"#1512642751410-8ee0b-c3ff\">\n\t        \t\t<i class=\"accordion-icon\"><\/i>\n\t        \t\t\t<span class=\"ult_tab_main ult_ac_main ult_noacordicnBoth\">\n\n\t\t\t\t\t\t<span  data-ultimate-target='#advanced-tabs-wrap-2926 .ult-span-text'  data-responsive-json-new='{\"font-size\":\"desktop:14px;\",\"line-height\":\"\"}'  class=\"ult-span-text no_icon ult_acordian-text ult-responsive\" style=\"font-weight:bold;;color:inherit \" >KIRJELDUS<\/span>\n\t\t\t\t\t\t<\/span><\/a><\/dt>\n\t            \t\t<dd class=\"ult-tabto-accordionItem ult-tabto-accolapsed\">\n\t\t\t\t            <div class=\"ult-tabto-acontent\" style=\"color:#74777b;\">\n\t\t\t\t               [vc_column_text]<\/p>\n<p class=\"p1\">Teenus on sobilik v\u00e4lismaistele ettev\u00f5tetele, kes soovivad Eesti ettev\u00f5tte asutada.<\/p>\n<p>Pea meeles, et kohalik <a href=\"https:\/\/1office.co\/estonia\/et\/Teenus\/ariaadress-tallinna-kesklinna-arikvartalis\/\" target=\"_blank\" rel=\"noopener noreferrer\">\u00e4riaadress<\/a> on kohustuslik k\u00f5ikidele Eesti ettev\u00f5tetele.<br \/>\nSamuti v\u00f5id tellida meiepoolse <a href=\"https:\/\/1office.co\/estonia\/et\/Teenus\/kontaktisik-koos-ariaadressiga-tallinna-kesklinna-arikvartalis\/\" target=\"_blank\" rel=\"noopener noreferrer\">kontaktisiku<\/a> (kohustuslik, kui ettev\u00f5tte juhatus asub v\u00e4ljaspool Eestit) v\u00f5i <a href=\"https:\/\/1office.co\/estonia\/et\/Teenus\/raamatupidamise-teenuse-tunnitasu\/\" target=\"_blank\" rel=\"noopener noreferrer\">raamatupidamisteenuse<\/a>.<\/p>\n<p>&nbsp;<\/p>\n<p><strong>Hinnas sisaldub:<\/strong><\/p>\n<ul>\n<li>Ettev\u00f5tte asutamise dokumentide \u00fclevaatamine ja ettevalmistamine<\/li>\n<li>Meie tugi kogu registreerimise protsessi jooksul<\/li>\n<li>Riigil\u00f5iv<\/li>\n<\/ul>\n<p><strong>Saadaval lisatasu eest:<\/strong><\/p>\n<ul>\n<li>\u00c4rinime kontroll (50\u20ac)<\/li>\n<li>\u00c4riregistri poolt kinnitatud andmete v\u00e4ljav\u00f5te (alates 35\u20ac)<\/li>\n<li>Kui oled huvitatud nende teenuste tellimisest, v\u00f5ta meiega palun otse \u00fchendust: <a href=\"mailto:sales@1office.co\" target=\"_blank\" rel=\"noopener noreferrer\">sales@1office.co<\/a><\/li>\n<li>Volikirja alusel esindamine &#8211; juhul kui Sul pole v\u00f5imalust ise Tallinnasse kohale tulla<\/li>\n<li><a href=\"https:\/\/1office.co\/estonia\/et\/Teenus\/ariaadress-tallinna-kesklinna-arikvartalis\/\" target=\"_blank\" rel=\"noopener noreferrer\">\u00c4riaadress<\/a><\/li>\n<li><a href=\"https:\/\/1office.co\/estonia\/et\/Teenus\/kontaktisik-koos-ariaadressiga-tallinna-kesklinna-arikvartalis\/\" target=\"_blank\" rel=\"noopener noreferrer\">Kontaktisik koos \u00e4riaadressiga<\/a><\/li>\n<li><a href=\"https:\/\/1office.co\/estonia\/et\/Teenus\/raamatupidamise-teenuse-tunnitasu\/\" target=\"_blank\" rel=\"noopener noreferrer\">Raamatupidamisteenus<\/a><\/li>\n<\/ul>\n<p>[\/vc_column_text]\n\t\t\t\t            <\/div>\n\t        \t\t\t<\/dd>\n    \t<\/dl>\n    <!--<div class=\"extraborder\" style=\"background-color:#ffffff\"><\/div>-->\n<\/div>\n\n<\/div>[\/vc_column][\/vc_row]<\/p>\n<\/div>","protected":false},"excerpt":{"rendered":"<p class=\"p1\">Sobilik v\u00e4lismaistele ettev\u00f5tetele, kes soovivad Eesti ettev\u00f5tte asutada. Protsess on pikem kui ettev\u00f5tte asutamise puhul eraisikuna &#8211; kogu protsess v\u00f5ib kokku aega v\u00f5tta umbes 2-4 n\u00e4dalat.<\/p>\n","protected":false},"featured_media":60541,"template":"","meta":{"_acf_changed":false,"inline_featured_image":false},"product_brand":[],"product_cat":[308],"product_tag":[],"class_list":{"0":"post-60547","1":"product","2":"type-product","3":"status-publish","4":"has-post-thumbnail","6":"product_cat-ettevotte-alustamine","7":"description-off","9":"first","10":"instock","11":"virtual","12":"taxable","13":"purchasable","14":"product-type-bundle"},"bundled_by":[],"bundle_stock_status":"instock","bundle_stock_quantity":"","bundle_virtual":false,"bundle_layout":"default","bundle_add_to_cart_form_location":"default","bundle_editable_in_cart":false,"bundle_sold_individually_context":"product","bundle_item_grouping":"parent","bundle_min_size":"","bundle_max_size":"","bundle_price":{"price":{"min":{"incl_tax":"1798","excl_tax":"1450"},"max":{"incl_tax":"1798","excl_tax":"1450"}},"regular_price":{"min":{"incl_tax":"1798","excl_tax":"1450"},"max":{"incl_tax":"1798","excl_tax":"1450"}}},"bundled_items":[{"bundled_item_id":147,"product_id":76595,"menu_order":0,"quantity_min":1,"quantity_max":1,"quantity_default":1,"priced_individually":true,"shipped_individually":true,"override_title":false,"title":null,"override_description":false,"description":null,"optional":false,"hide_thumbnail":false,"discount":"","override_variations":false,"allowed_variations":[""],"override_default_variation_attributes":false,"default_variation_attributes":[],"single_product_visibility":"visible","cart_visibility":"visible","order_visibility":"visible","single_product_price_visibility":"hidden","cart_price_visibility":"visible","order_price_visibility":"visible","stock_status":"in_stock"},{"bundled_item_id":160,"product_id":57613,"menu_order":1,"quantity_min":1,"quantity_max":1,"quantity_default":1,"priced_individually":true,"shipped_individually":false,"override_title":false,"title":"Volikirja alusel esindamine","override_description":false,"description":"Volikirja alusel esindamine","optional":false,"hide_thumbnail":false,"discount":"","override_variations":false,"allowed_variations":[""],"override_default_variation_attributes":false,"default_variation_attributes":[],"single_product_visibility":"visible","cart_visibility":"visible","order_visibility":"visible","single_product_price_visibility":"visible","cart_price_visibility":"visible","order_price_visibility":"visible","stock_status":"in_stock"}],"bundle_sell_ids":[],"acf":[],"yoast_head":"<!-- This site is optimized with the Yoast SEO Premium plugin v22.1 (Yoast SEO v27.0) - https:\/\/yoast.com\/product\/yoast-seo-premium-wordpress\/ -->\n<title>Ettev\u00f5tte asutamine v\u00e4lismaisele ettev\u00f5ttele - 1Office Estonia<\/title>\n<meta name=\"robots\" content=\"index, follow, max-snippet:-1, max-image-preview:large, max-video-preview:-1\" \/>\n<link rel=\"canonical\" href=\"https:\/\/1office.co\/estonia\/et\/Teenus\/ettevotte-asutamine-notaris-valismaisele-ettevottele\/\" \/>\n<meta property=\"og:locale\" content=\"et_EE\" \/>\n<meta property=\"og:type\" content=\"article\" \/>\n<meta property=\"og:title\" content=\"Ettev\u00f5tte asutamine v\u00e4lismaisele ettev\u00f5ttele\" \/>\n<meta property=\"og:description\" content=\"Sobilik v\u00e4lismaistele ettev\u00f5tetele, kes soovivad Eesti ettev\u00f5tte asutada. Protsess on pikem kui ettev\u00f5tte asutamise puhul eraisikuna - kogu protsess v\u00f5ib kokku aega v\u00f5tta umbes 2-4 n\u00e4dalat.\" \/>\n<meta property=\"og:url\" content=\"https:\/\/1office.co\/estonia\/et\/Teenus\/ettevotte-asutamine-notaris-valismaisele-ettevottele\/\" \/>\n<meta property=\"og:site_name\" content=\"1Office Estonia\" \/>\n<meta property=\"article:publisher\" content=\"https:\/\/www.facebook.com\/1Office\/?ref=br_rs\" \/>\n<meta property=\"article:modified_time\" content=\"2023-06-06T11:57:30+00:00\" \/>\n<meta property=\"og:image\" content=\"https:\/\/1office.co\/estonia\/wp-content\/uploads\/sites\/5\/2019\/02\/Company-Formation.jpg\" \/>\n\t<meta property=\"og:image:width\" content=\"948\" \/>\n\t<meta property=\"og:image:height\" content=\"550\" \/>\n\t<meta property=\"og:image:type\" content=\"image\/jpeg\" \/>\n<meta name=\"twitter:card\" content=\"summary_large_image\" \/>\n<meta name=\"twitter:label1\" content=\"Est. reading time\" \/>\n\t<meta name=\"twitter:data1\" content=\"1 minut\" \/>\n<script type=\"application\/ld+json\" class=\"yoast-schema-graph\">{\"@context\":\"https:\/\/schema.org\",\"@graph\":[{\"@type\":\"WebPage\",\"@id\":\"https:\/\/1office.co\/estonia\/et\/Teenus\/ettevotte-asutamine-notaris-valismaisele-ettevottele\/\",\"url\":\"https:\/\/1office.co\/estonia\/et\/Teenus\/ettevotte-asutamine-notaris-valismaisele-ettevottele\/\",\"name\":\"Ettev\u00f5tte asutamine v\u00e4lismaisele ettev\u00f5ttele - 1Office Estonia\",\"isPartOf\":{\"@id\":\"https:\/\/1office.co\/estonia\/ru\/#website\"},\"primaryImageOfPage\":{\"@id\":\"https:\/\/1office.co\/estonia\/et\/Teenus\/ettevotte-asutamine-notaris-valismaisele-ettevottele\/#primaryimage\"},\"image\":{\"@id\":\"https:\/\/1office.co\/estonia\/et\/Teenus\/ettevotte-asutamine-notaris-valismaisele-ettevottele\/#primaryimage\"},\"thumbnailUrl\":\"https:\/\/1office.co\/estonia\/wp-content\/uploads\/sites\/5\/2019\/02\/Company-Formation.jpg\",\"datePublished\":\"2019-02-07T08:25:48+00:00\",\"dateModified\":\"2023-06-06T11:57:30+00:00\",\"breadcrumb\":{\"@id\":\"https:\/\/1office.co\/estonia\/et\/Teenus\/ettevotte-asutamine-notaris-valismaisele-ettevottele\/#breadcrumb\"},\"inLanguage\":\"et\",\"potentialAction\":[{\"@type\":\"ReadAction\",\"target\":[\"https:\/\/1office.co\/estonia\/et\/Teenus\/ettevotte-asutamine-notaris-valismaisele-ettevottele\/\"]}]},{\"@type\":\"ImageObject\",\"inLanguage\":\"et\",\"@id\":\"https:\/\/1office.co\/estonia\/et\/Teenus\/ettevotte-asutamine-notaris-valismaisele-ettevottele\/#primaryimage\",\"url\":\"https:\/\/1office.co\/estonia\/wp-content\/uploads\/sites\/5\/2019\/02\/Company-Formation.jpg\",\"contentUrl\":\"https:\/\/1office.co\/estonia\/wp-content\/uploads\/sites\/5\/2019\/02\/Company-Formation.jpg\",\"width\":948,\"height\":550,\"caption\":\"Company formation for foreign entity\"},{\"@type\":\"BreadcrumbList\",\"@id\":\"https:\/\/1office.co\/estonia\/et\/Teenus\/ettevotte-asutamine-notaris-valismaisele-ettevottele\/#breadcrumb\",\"itemListElement\":[{\"@type\":\"ListItem\",\"position\":1,\"name\":\"Home\",\"item\":\"https:\/\/1office.co\/estonia\/et\/\"},{\"@type\":\"ListItem\",\"position\":2,\"name\":\"Services Shop\",\"item\":\"https:\/\/1office.co\/estonia\/services-shop\/\"},{\"@type\":\"ListItem\",\"position\":3,\"name\":\"Ettev\u00f5tte asutamine v\u00e4lismaisele ettev\u00f5ttele\"}]},{\"@type\":\"WebSite\",\"@id\":\"https:\/\/1office.co\/estonia\/ru\/#website\",\"url\":\"https:\/\/1office.co\/estonia\/ru\/\",\"name\":\"1Office Estonia\",\"description\":\"Making Business Simple\",\"potentialAction\":[{\"@type\":\"SearchAction\",\"target\":{\"@type\":\"EntryPoint\",\"urlTemplate\":\"https:\/\/1office.co\/estonia\/ru\/?s={search_term_string}\"},\"query-input\":{\"@type\":\"PropertyValueSpecification\",\"valueRequired\":true,\"valueName\":\"search_term_string\"}}],\"inLanguage\":\"et\"}]}<\/script>\n<!-- \/ Yoast SEO Premium plugin. -->","yoast_head_json":{"title":"Ettev\u00f5tte asutamine v\u00e4lismaisele ettev\u00f5ttele - 1Office Estonia","robots":{"index":"index","follow":"follow","max-snippet":"max-snippet:-1","max-image-preview":"max-image-preview:large","max-video-preview":"max-video-preview:-1"},"canonical":"https:\/\/1office.co\/estonia\/et\/Teenus\/ettevotte-asutamine-notaris-valismaisele-ettevottele\/","og_locale":"et_EE","og_type":"article","og_title":"Ettev\u00f5tte asutamine v\u00e4lismaisele ettev\u00f5ttele","og_description":"Sobilik v\u00e4lismaistele ettev\u00f5tetele, kes soovivad Eesti ettev\u00f5tte asutada. Protsess on pikem kui ettev\u00f5tte asutamise puhul eraisikuna - kogu protsess v\u00f5ib kokku aega v\u00f5tta umbes 2-4 n\u00e4dalat.","og_url":"https:\/\/1office.co\/estonia\/et\/Teenus\/ettevotte-asutamine-notaris-valismaisele-ettevottele\/","og_site_name":"1Office Estonia","article_publisher":"https:\/\/www.facebook.com\/1Office\/?ref=br_rs","article_modified_time":"2023-06-06T11:57:30+00:00","og_image":[{"width":948,"height":550,"url":"https:\/\/1office.co\/estonia\/wp-content\/uploads\/sites\/5\/2019\/02\/Company-Formation.jpg","type":"image\/jpeg"}],"twitter_card":"summary_large_image","twitter_misc":{"Est. reading time":"1 minut"},"schema":{"@context":"https:\/\/schema.org","@graph":[{"@type":"WebPage","@id":"https:\/\/1office.co\/estonia\/et\/Teenus\/ettevotte-asutamine-notaris-valismaisele-ettevottele\/","url":"https:\/\/1office.co\/estonia\/et\/Teenus\/ettevotte-asutamine-notaris-valismaisele-ettevottele\/","name":"Ettev\u00f5tte asutamine v\u00e4lismaisele ettev\u00f5ttele - 1Office Estonia","isPartOf":{"@id":"https:\/\/1office.co\/estonia\/ru\/#website"},"primaryImageOfPage":{"@id":"https:\/\/1office.co\/estonia\/et\/Teenus\/ettevotte-asutamine-notaris-valismaisele-ettevottele\/#primaryimage"},"image":{"@id":"https:\/\/1office.co\/estonia\/et\/Teenus\/ettevotte-asutamine-notaris-valismaisele-ettevottele\/#primaryimage"},"thumbnailUrl":"https:\/\/1office.co\/estonia\/wp-content\/uploads\/sites\/5\/2019\/02\/Company-Formation.jpg","datePublished":"2019-02-07T08:25:48+00:00","dateModified":"2023-06-06T11:57:30+00:00","breadcrumb":{"@id":"https:\/\/1office.co\/estonia\/et\/Teenus\/ettevotte-asutamine-notaris-valismaisele-ettevottele\/#breadcrumb"},"inLanguage":"et","potentialAction":[{"@type":"ReadAction","target":["https:\/\/1office.co\/estonia\/et\/Teenus\/ettevotte-asutamine-notaris-valismaisele-ettevottele\/"]}]},{"@type":"ImageObject","inLanguage":"et","@id":"https:\/\/1office.co\/estonia\/et\/Teenus\/ettevotte-asutamine-notaris-valismaisele-ettevottele\/#primaryimage","url":"https:\/\/1office.co\/estonia\/wp-content\/uploads\/sites\/5\/2019\/02\/Company-Formation.jpg","contentUrl":"https:\/\/1office.co\/estonia\/wp-content\/uploads\/sites\/5\/2019\/02\/Company-Formation.jpg","width":948,"height":550,"caption":"Company formation for foreign entity"},{"@type":"BreadcrumbList","@id":"https:\/\/1office.co\/estonia\/et\/Teenus\/ettevotte-asutamine-notaris-valismaisele-ettevottele\/#breadcrumb","itemListElement":[{"@type":"ListItem","position":1,"name":"Home","item":"https:\/\/1office.co\/estonia\/et\/"},{"@type":"ListItem","position":2,"name":"Services Shop","item":"https:\/\/1office.co\/estonia\/services-shop\/"},{"@type":"ListItem","position":3,"name":"Ettev\u00f5tte asutamine v\u00e4lismaisele ettev\u00f5ttele"}]},{"@type":"WebSite","@id":"https:\/\/1office.co\/estonia\/ru\/#website","url":"https:\/\/1office.co\/estonia\/ru\/","name":"1Office Estonia","description":"Making Business Simple","potentialAction":[{"@type":"SearchAction","target":{"@type":"EntryPoint","urlTemplate":"https:\/\/1office.co\/estonia\/ru\/?s={search_term_string}"},"query-input":{"@type":"PropertyValueSpecification","valueRequired":true,"valueName":"search_term_string"}}],"inLanguage":"et"}]}},"_links":{"self":[{"href":"https:\/\/1office.co\/estonia\/et\/wp-json\/wp\/v2\/product\/60547","targetHints":{"allow":["GET"]}}],"collection":[{"href":"https:\/\/1office.co\/estonia\/et\/wp-json\/wp\/v2\/product"}],"about":[{"href":"https:\/\/1office.co\/estonia\/et\/wp-json\/wp\/v2\/types\/product"}],"wp:featuredmedia":[{"embeddable":true,"href":"https:\/\/1office.co\/estonia\/et\/wp-json\/wp\/v2\/media\/60541"}],"wp:attachment":[{"href":"https:\/\/1office.co\/estonia\/et\/wp-json\/wp\/v2\/media?parent=60547"}],"wp:term":[{"taxonomy":"product_brand","embeddable":true,"href":"https:\/\/1office.co\/estonia\/et\/wp-json\/wp\/v2\/product_brand?post=60547"},{"taxonomy":"product_cat","embeddable":true,"href":"https:\/\/1office.co\/estonia\/et\/wp-json\/wp\/v2\/product_cat?post=60547"},{"taxonomy":"product_tag","embeddable":true,"href":"https:\/\/1office.co\/estonia\/et\/wp-json\/wp\/v2\/product_tag?post=60547"}],"curies":[{"name":"wp","href":"https:\/\/api.w.org\/{rel}","templated":true}]}}