{"id":61358,"date":"2019-05-15T10:56:40","date_gmt":"2019-05-15T10:56:40","guid":{"rendered":"https:\/\/1office.co\/estonia\/product\/initial-tax-consultation\/"},"modified":"2025-09-16T08:41:35","modified_gmt":"2025-09-16T08:41:35","slug":"maksunoustamine-eestis","status":"publish","type":"product","link":"https:\/\/1office.co\/estonia\/et\/Teenus\/maksunoustamine-eestis\/","title":{"rendered":"Esmane maksun\u00f5ustamine"},"content":{"rendered":"<div class=\"wpb-content-wrapper\"><p>[vc_row][vc_column]<div id=\"advanced-tabs-desc-wrap-6089\" class=\"ult_tabs product_tabs\" style=\" \" data-tabsstyle=\"style1\"\n data-titlebg=\"#ffffff\" data-titlecolor=\"#b6b8ba\" data-fullheight=\"off\"\n data-titlehoverbg=\"#ffffff\" data-titlehovercolor=\"#1d1e23\"\n data-rotatetabs=\"0\" data-responsivemode=\"Both\" data-animation=\"Slide\"\ndata-activetitle=\"#1d1e23\" data-activeicon=\"\" data-activebg=\"#ffffff\"  data-respmode=\"Tabs\" data-respwidth=\"400\" data-scroll = \"on\" data-activeindex=\"1\"><ul id=advanced-tabs-wrap-7853 class=\"ult_tabmenu style1 \" style=\"\"><li class=\"ult_tab_li  \" data-iconcolor=\"#74777b\" data-iconhover=\"#ffffff\" style=\"background-color:#ffffff;border-color:transparent;border-width:0px;border-style:solid;border-top-right-radius:8px;\">\n\t\t\t\t\t<a href=\"#1512642751410-8cbfe-4c64\"  id=\"1512642751410-8cbfe-4c64\"  style=\"color:#b6b8ba;; padding:15px; \" class=\"ult_a  \">\n\t\t\t\t\t     <span class=\"ult_tab_main Both \">\n\t\t\t\t\t \t\t <span class=\"ult_tab_section\">\n\t\t\t\t\t   \t\t\t<span  data-ultimate-target='#advanced-tabs-wrap-7853 .ult-span-text'  data-responsive-json-new='{\"font-size\":\"desktop:14px;\",\"line-height\":\"\"}'  class=\"ult-span-text no_icon ult_tab_display_text ult-responsive\" style=\"font-weight:bold;;\">KIRJELDUS<\/span>\n\t\t\t\t\t   \t\t<\/span>\n\t\t\t\t\t\t<\/span>\n\t\t\t\t\t<\/a>\n\t\t\t\t\t<\/li><\/ul><div  data-ultimate-target='#advanced-tabs-desc-wrap-6089 .ult_tabcontent .ult_tab_min_contain  p'  data-responsive-json-new='{\"font-size\":\"\",\"line-height\":\"\"}' class=\"ult_tabcontent ult-responsive style1\" style=\"color:#74777b;\"><div class=\"ult_tab_min_contain \" >\n\t\t\t<div  class=\"ult_tabitemname\"  >\n\t\t\t\t[vc_column_text]Rahvusvahelise \u00e4ri korral tuleb olla teadlik nii koduriigis kehtivatest maksudest kui ka v\u00e4lisriigis tegutsemisega kaasnevatest maksukohustustest. Konsultatsiooni k\u00e4igus anname \u00fclevaate Eesti \u00e4ri\u00fchinguga seotud maksudest ning selgitame teie \u00e4ritegevusega kaasnevaid maksukohustusi.<\/p>\n<p>&nbsp;<\/p>\n<p><strong>Hinnas sisaldub:<\/strong><\/p>\n<p>\u00dclevaade j\u00e4rgnevatest teemadest:<\/p>\n<ul>\n<li>\u00c4ri\u00fchingu maksustamine (tulumaksuga maksustamine Eestis)<\/li>\n<li>P\u00fcsiva tegevuskoha maksustamine (tulumaksuga maksustamine v\u00e4lisriigis)<\/li>\n<li>F\u00fc\u00fcsilise isiku maksustamine (dividendid, palk, juhatuse liikme tasu)<\/li>\n<li>Euroopa Liidu k\u00e4ibemaks<\/li>\n<\/ul>\n<p><strong>Saadaval lisatasu eest:<\/strong><\/p>\n<ul>\n<li><a href=\"https:\/\/1office.co\/estonia\/et\/Teenus\/juriidiline-konsultatsioon\/\" target=\"_blank\" rel=\"noopener\">Juriidiline konsultatsioon<\/a><\/li>\n<\/ul>\n<p><strong>Oluline informatsioon:<\/strong><\/p>\n<ul>\n<li>Maksupakett sisaldab kokkuv\u00f5tlikku \u00fclevaadet peamistest maksukohustustest. Lisak\u00fcsimuste korral teeme t\u00e4iendava maksun\u00f5ustamise pakkumise vastavalt Sinu spetsiifilistele k\u00fcsimustele.<\/li>\n<li>Aja t\u00fchistamiseks tuleb meid sellest v\u00e4hemalt 48 tundi enne konsultatsiooni algust teavitada. Vastasel juhul konsultatsiooni eest tasutud raha ei tagastata.<\/li>\n<\/ul>\n<p>[\/vc_column_text]\n\t\t\t<\/div><\/div><\/div><\/div><div class=\"ult_acord advanced-tabs-desc-wrap-6089\">\n   <div class=\"ult-tabto-accordion \" style=\"width:;\"\n    data-titlecolor=\"#b6b8ba\"  data-titlebg=\"#ffffff\"\n     data-titlehoverbg=\"#ffffff\" data-titlehovercolor=\"#1d1e23\" data-animation=\"Slide\"\n     data-activetitle=\"#1d1e23\" data-activeicon=\"\" data-activebg=\"#ffffff\" data-scroll = \"on\" data-activeindex=\"1\" >\n     <dl><dt class=\"\">\n\t        \t<a class=\"ult-tabto-actitle withBorder ult_a \" id=\"1512642751410-8cbfe-4c64\" style=\"color:#b6b8ba;;background-color:#ffffff;border-bottom-color:transparent;border-bottom-width:0px;border-bottom-style:solid;\" href=\"#1512642751410-8cbfe-4c64\">\n\t        \t\t<i class=\"accordion-icon\"><\/i>\n\t        \t\t\t<span class=\"ult_tab_main ult_ac_main ult_noacordicnBoth\">\n\n\t\t\t\t\t\t<span  data-ultimate-target='#advanced-tabs-wrap-7853 .ult-span-text'  data-responsive-json-new='{\"font-size\":\"desktop:14px;\",\"line-height\":\"\"}'  class=\"ult-span-text no_icon ult_acordian-text ult-responsive\" style=\"font-weight:bold;;color:inherit \" >KIRJELDUS<\/span>\n\t\t\t\t\t\t<\/span><\/a><\/dt>\n\t            \t\t<dd class=\"ult-tabto-accordionItem ult-tabto-accolapsed\">\n\t\t\t\t            <div class=\"ult-tabto-acontent\" style=\"color:#74777b;\">\n\t\t\t\t               [vc_column_text]Rahvusvahelise \u00e4ri korral tuleb olla teadlik nii koduriigis kehtivatest maksudest kui ka v\u00e4lisriigis tegutsemisega kaasnevatest maksukohustustest. Konsultatsiooni k\u00e4igus anname \u00fclevaate Eesti \u00e4ri\u00fchinguga seotud maksudest ning selgitame teie \u00e4ritegevusega kaasnevaid maksukohustusi.<\/p>\n<p>&nbsp;<\/p>\n<p><strong>Hinnas sisaldub:<\/strong><\/p>\n<p>\u00dclevaade j\u00e4rgnevatest teemadest:<\/p>\n<ul>\n<li>\u00c4ri\u00fchingu maksustamine (tulumaksuga maksustamine Eestis)<\/li>\n<li>P\u00fcsiva tegevuskoha maksustamine (tulumaksuga maksustamine v\u00e4lisriigis)<\/li>\n<li>F\u00fc\u00fcsilise isiku maksustamine (dividendid, palk, juhatuse liikme tasu)<\/li>\n<li>Euroopa Liidu k\u00e4ibemaks<\/li>\n<\/ul>\n<p><strong>Saadaval lisatasu eest:<\/strong><\/p>\n<ul>\n<li><a href=\"https:\/\/1office.co\/estonia\/et\/Teenus\/juriidiline-konsultatsioon\/\" target=\"_blank\" rel=\"noopener\">Juriidiline konsultatsioon<\/a><\/li>\n<\/ul>\n<p><strong>Oluline informatsioon:<\/strong><\/p>\n<ul>\n<li>Maksupakett sisaldab kokkuv\u00f5tlikku \u00fclevaadet peamistest maksukohustustest. Lisak\u00fcsimuste korral teeme t\u00e4iendava maksun\u00f5ustamise pakkumise vastavalt Sinu spetsiifilistele k\u00fcsimustele.<\/li>\n<li>Aja t\u00fchistamiseks tuleb meid sellest v\u00e4hemalt 48 tundi enne konsultatsiooni algust teavitada. Vastasel juhul konsultatsiooni eest tasutud raha ei tagastata.<\/li>\n<\/ul>\n<p>[\/vc_column_text]\n\t\t\t\t            <\/div>\n\t        \t\t\t<\/dd>\n    \t<\/dl>\n    <!--<div class=\"extraborder\" style=\"background-color:#ffffff\"><\/div>-->\n<\/div>\n\n<\/div>[\/vc_column][\/vc_row]<\/p>\n<\/div>","protected":false},"excerpt":{"rendered":"<p>Esmase maksun\u00f5ustamise eesm\u00e4rk on anda kokkuv\u00f5tlik \u00fclevaade Eesti ettev\u00f5ttega seotud peamistest maksudest.<\/p>\n","protected":false},"featured_media":97635,"template":"","meta":{"_acf_changed":false,"inline_featured_image":false},"product_brand":[],"product_cat":[309],"product_tag":[],"class_list":{"0":"post-61358","1":"product","2":"type-product","3":"status-publish","4":"has-post-thumbnail","6":"product_cat-juriidilised-teenused","7":"description-off","9":"first","10":"instock","11":"taxable","12":"shipping-taxable","13":"purchasable","14":"product-type-simple"},"bundled_by":[],"bundle_stock_status":"instock","bundle_stock_quantity":null,"bundle_virtual":false,"bundle_layout":"","bundle_add_to_cart_form_location":"","bundle_editable_in_cart":false,"bundle_sold_individually_context":"","bundle_item_grouping":"","bundle_min_size":"","bundle_max_size":"","bundle_price":[],"bundled_items":[],"bundle_sell_ids":[],"acf":[],"yoast_head":"<!-- This site is optimized with the Yoast SEO Premium plugin v22.1 (Yoast SEO v27.0) - https:\/\/yoast.com\/product\/yoast-seo-premium-wordpress\/ -->\n<title>Esmane maksun\u00f5ustamine - 1Office Estonia<\/title>\n<meta name=\"robots\" content=\"index, follow, max-snippet:-1, max-image-preview:large, max-video-preview:-1\" \/>\n<link rel=\"canonical\" href=\"https:\/\/1office.co\/estonia\/et\/Teenus\/maksunoustamine-eestis\/\" \/>\n<meta property=\"og:locale\" content=\"et_EE\" \/>\n<meta property=\"og:type\" content=\"article\" \/>\n<meta property=\"og:title\" content=\"Esmane maksun\u00f5ustamine\" \/>\n<meta property=\"og:description\" content=\"Esmase maksun\u00f5ustamise eesm\u00e4rk on anda kokkuv\u00f5tlik \u00fclevaade Eesti ettev\u00f5ttega seotud peamistest maksudest.\" \/>\n<meta property=\"og:url\" content=\"https:\/\/1office.co\/estonia\/et\/Teenus\/maksunoustamine-eestis\/\" \/>\n<meta property=\"og:site_name\" content=\"1Office Estonia\" \/>\n<meta property=\"article:publisher\" content=\"https:\/\/www.facebook.com\/1Office\/?ref=br_rs\" \/>\n<meta property=\"article:modified_time\" content=\"2025-09-16T08:41:35+00:00\" \/>\n<meta property=\"og:image\" content=\"https:\/\/1office.co\/estonia\/wp-content\/uploads\/sites\/5\/2019\/05\/largeimage-anais-76-e1594794809902.jpg\" \/>\n\t<meta property=\"og:image:width\" content=\"1440\" \/>\n\t<meta property=\"og:image:height\" content=\"810\" \/>\n\t<meta property=\"og:image:type\" content=\"image\/jpeg\" \/>\n<meta name=\"twitter:card\" content=\"summary_large_image\" \/>\n<meta name=\"twitter:label1\" content=\"Est. reading time\" \/>\n\t<meta name=\"twitter:data1\" content=\"1 minut\" \/>\n<script type=\"application\/ld+json\" class=\"yoast-schema-graph\">{\"@context\":\"https:\/\/schema.org\",\"@graph\":[{\"@type\":\"WebPage\",\"@id\":\"https:\/\/1office.co\/estonia\/et\/Teenus\/maksunoustamine-eestis\/\",\"url\":\"https:\/\/1office.co\/estonia\/et\/Teenus\/maksunoustamine-eestis\/\",\"name\":\"Esmane maksun\u00f5ustamine - 1Office Estonia\",\"isPartOf\":{\"@id\":\"https:\/\/1office.co\/estonia\/ru\/#website\"},\"primaryImageOfPage\":{\"@id\":\"https:\/\/1office.co\/estonia\/et\/Teenus\/maksunoustamine-eestis\/#primaryimage\"},\"image\":{\"@id\":\"https:\/\/1office.co\/estonia\/et\/Teenus\/maksunoustamine-eestis\/#primaryimage\"},\"thumbnailUrl\":\"https:\/\/1office.co\/estonia\/wp-content\/uploads\/sites\/5\/2019\/05\/Share-Sale-in-Estonia-REMOTELY-3.png\",\"datePublished\":\"2019-05-15T10:56:40+00:00\",\"dateModified\":\"2025-09-16T08:41:35+00:00\",\"breadcrumb\":{\"@id\":\"https:\/\/1office.co\/estonia\/et\/Teenus\/maksunoustamine-eestis\/#breadcrumb\"},\"inLanguage\":\"et\",\"potentialAction\":[{\"@type\":\"ReadAction\",\"target\":[\"https:\/\/1office.co\/estonia\/et\/Teenus\/maksunoustamine-eestis\/\"]}]},{\"@type\":\"ImageObject\",\"inLanguage\":\"et\",\"@id\":\"https:\/\/1office.co\/estonia\/et\/Teenus\/maksunoustamine-eestis\/#primaryimage\",\"url\":\"https:\/\/1office.co\/estonia\/wp-content\/uploads\/sites\/5\/2019\/05\/Share-Sale-in-Estonia-REMOTELY-3.png\",\"contentUrl\":\"https:\/\/1office.co\/estonia\/wp-content\/uploads\/sites\/5\/2019\/05\/Share-Sale-in-Estonia-REMOTELY-3.png\",\"width\":500,\"height\":500,\"caption\":\"Estonian corporate tax consultation\"},{\"@type\":\"BreadcrumbList\",\"@id\":\"https:\/\/1office.co\/estonia\/et\/Teenus\/maksunoustamine-eestis\/#breadcrumb\",\"itemListElement\":[{\"@type\":\"ListItem\",\"position\":1,\"name\":\"Home\",\"item\":\"https:\/\/1office.co\/estonia\/et\/\"},{\"@type\":\"ListItem\",\"position\":2,\"name\":\"Services Shop\",\"item\":\"https:\/\/1office.co\/estonia\/services-shop\/\"},{\"@type\":\"ListItem\",\"position\":3,\"name\":\"Esmane maksun\u00f5ustamine\"}]},{\"@type\":\"WebSite\",\"@id\":\"https:\/\/1office.co\/estonia\/ru\/#website\",\"url\":\"https:\/\/1office.co\/estonia\/ru\/\",\"name\":\"1Office Estonia\",\"description\":\"Making Business Simple\",\"potentialAction\":[{\"@type\":\"SearchAction\",\"target\":{\"@type\":\"EntryPoint\",\"urlTemplate\":\"https:\/\/1office.co\/estonia\/ru\/?s={search_term_string}\"},\"query-input\":{\"@type\":\"PropertyValueSpecification\",\"valueRequired\":true,\"valueName\":\"search_term_string\"}}],\"inLanguage\":\"et\"}]}<\/script>\n<!-- \/ Yoast SEO Premium plugin. -->","yoast_head_json":{"title":"Esmane maksun\u00f5ustamine - 1Office Estonia","robots":{"index":"index","follow":"follow","max-snippet":"max-snippet:-1","max-image-preview":"max-image-preview:large","max-video-preview":"max-video-preview:-1"},"canonical":"https:\/\/1office.co\/estonia\/et\/Teenus\/maksunoustamine-eestis\/","og_locale":"et_EE","og_type":"article","og_title":"Esmane maksun\u00f5ustamine","og_description":"Esmase maksun\u00f5ustamise eesm\u00e4rk on anda kokkuv\u00f5tlik \u00fclevaade Eesti ettev\u00f5ttega seotud peamistest maksudest.","og_url":"https:\/\/1office.co\/estonia\/et\/Teenus\/maksunoustamine-eestis\/","og_site_name":"1Office Estonia","article_publisher":"https:\/\/www.facebook.com\/1Office\/?ref=br_rs","article_modified_time":"2025-09-16T08:41:35+00:00","og_image":[{"width":1440,"height":810,"url":"https:\/\/1office.co\/estonia\/wp-content\/uploads\/sites\/5\/2019\/05\/largeimage-anais-76-e1594794809902.jpg","type":"image\/jpeg"}],"twitter_card":"summary_large_image","twitter_misc":{"Est. reading time":"1 minut"},"schema":{"@context":"https:\/\/schema.org","@graph":[{"@type":"WebPage","@id":"https:\/\/1office.co\/estonia\/et\/Teenus\/maksunoustamine-eestis\/","url":"https:\/\/1office.co\/estonia\/et\/Teenus\/maksunoustamine-eestis\/","name":"Esmane maksun\u00f5ustamine - 1Office Estonia","isPartOf":{"@id":"https:\/\/1office.co\/estonia\/ru\/#website"},"primaryImageOfPage":{"@id":"https:\/\/1office.co\/estonia\/et\/Teenus\/maksunoustamine-eestis\/#primaryimage"},"image":{"@id":"https:\/\/1office.co\/estonia\/et\/Teenus\/maksunoustamine-eestis\/#primaryimage"},"thumbnailUrl":"https:\/\/1office.co\/estonia\/wp-content\/uploads\/sites\/5\/2019\/05\/Share-Sale-in-Estonia-REMOTELY-3.png","datePublished":"2019-05-15T10:56:40+00:00","dateModified":"2025-09-16T08:41:35+00:00","breadcrumb":{"@id":"https:\/\/1office.co\/estonia\/et\/Teenus\/maksunoustamine-eestis\/#breadcrumb"},"inLanguage":"et","potentialAction":[{"@type":"ReadAction","target":["https:\/\/1office.co\/estonia\/et\/Teenus\/maksunoustamine-eestis\/"]}]},{"@type":"ImageObject","inLanguage":"et","@id":"https:\/\/1office.co\/estonia\/et\/Teenus\/maksunoustamine-eestis\/#primaryimage","url":"https:\/\/1office.co\/estonia\/wp-content\/uploads\/sites\/5\/2019\/05\/Share-Sale-in-Estonia-REMOTELY-3.png","contentUrl":"https:\/\/1office.co\/estonia\/wp-content\/uploads\/sites\/5\/2019\/05\/Share-Sale-in-Estonia-REMOTELY-3.png","width":500,"height":500,"caption":"Estonian corporate tax consultation"},{"@type":"BreadcrumbList","@id":"https:\/\/1office.co\/estonia\/et\/Teenus\/maksunoustamine-eestis\/#breadcrumb","itemListElement":[{"@type":"ListItem","position":1,"name":"Home","item":"https:\/\/1office.co\/estonia\/et\/"},{"@type":"ListItem","position":2,"name":"Services Shop","item":"https:\/\/1office.co\/estonia\/services-shop\/"},{"@type":"ListItem","position":3,"name":"Esmane maksun\u00f5ustamine"}]},{"@type":"WebSite","@id":"https:\/\/1office.co\/estonia\/ru\/#website","url":"https:\/\/1office.co\/estonia\/ru\/","name":"1Office Estonia","description":"Making Business Simple","potentialAction":[{"@type":"SearchAction","target":{"@type":"EntryPoint","urlTemplate":"https:\/\/1office.co\/estonia\/ru\/?s={search_term_string}"},"query-input":{"@type":"PropertyValueSpecification","valueRequired":true,"valueName":"search_term_string"}}],"inLanguage":"et"}]}},"_links":{"self":[{"href":"https:\/\/1office.co\/estonia\/et\/wp-json\/wp\/v2\/product\/61358","targetHints":{"allow":["GET"]}}],"collection":[{"href":"https:\/\/1office.co\/estonia\/et\/wp-json\/wp\/v2\/product"}],"about":[{"href":"https:\/\/1office.co\/estonia\/et\/wp-json\/wp\/v2\/types\/product"}],"wp:featuredmedia":[{"embeddable":true,"href":"https:\/\/1office.co\/estonia\/et\/wp-json\/wp\/v2\/media\/97635"}],"wp:attachment":[{"href":"https:\/\/1office.co\/estonia\/et\/wp-json\/wp\/v2\/media?parent=61358"}],"wp:term":[{"taxonomy":"product_brand","embeddable":true,"href":"https:\/\/1office.co\/estonia\/et\/wp-json\/wp\/v2\/product_brand?post=61358"},{"taxonomy":"product_cat","embeddable":true,"href":"https:\/\/1office.co\/estonia\/et\/wp-json\/wp\/v2\/product_cat?post=61358"},{"taxonomy":"product_tag","embeddable":true,"href":"https:\/\/1office.co\/estonia\/et\/wp-json\/wp\/v2\/product_tag?post=61358"}],"curies":[{"name":"wp","href":"https:\/\/api.w.org\/{rel}","templated":true}]}}