{"id":69943,"date":"2021-09-21T11:36:25","date_gmt":"2021-09-21T11:36:26","guid":{"rendered":"https:\/\/1office.co\/estonia\/?post_type=product&#038;p=69943"},"modified":"2023-08-16T13:19:02","modified_gmt":"2023-08-16T13:19:02","slug":"muudatused-ettevotte-struktuuris","status":"publish","type":"product","link":"https:\/\/1office.co\/estonia\/et\/Teenus\/muudatused-ettevotte-struktuuris\/","title":{"rendered":"Muudatused ettev\u00f5tte struktuuris"},"content":{"rendered":"<div class=\"wpb-content-wrapper\"><p>[vc_row][vc_column]<div id=\"advanced-tabs-desc-wrap-9035\" class=\"ult_tabs product_tabs\" style=\" \" data-tabsstyle=\"style1\"\n data-titlebg=\"#ffffff\" data-titlecolor=\"#b6b8ba\" data-fullheight=\"off\"\n data-titlehoverbg=\"#ffffff\" data-titlehovercolor=\"#1d1e23\"\n data-rotatetabs=\"0\" data-responsivemode=\"Both\" data-animation=\"Slide\"\ndata-activetitle=\"#1d1e23\" data-activeicon=\"\" data-activebg=\"#ffffff\"  data-respmode=\"Tabs\" data-respwidth=\"400\" data-scroll = \"on\" data-activeindex=\"1\"><ul id=advanced-tabs-wrap-7826 class=\"ult_tabmenu style1 \" style=\"\"><li class=\"ult_tab_li  \" data-iconcolor=\"#74777b\" data-iconhover=\"#ffffff\" style=\"background-color:#ffffff;border-color:transparent;border-width:0px;border-style:solid;border-top-right-radius:8px;\">\n\t\t\t\t\t<a href=\"#1512642751410-8cbfe-4c64\"  id=\"1512642751410-8cbfe-4c64\"  style=\"color:#b6b8ba;; padding:15px; \" class=\"ult_a  \">\n\t\t\t\t\t     <span class=\"ult_tab_main Both \">\n\t\t\t\t\t \t\t <span class=\"ult_tab_section\">\n\t\t\t\t\t   \t\t\t<span  data-ultimate-target='#advanced-tabs-wrap-7826 .ult-span-text'  data-responsive-json-new='{\"font-size\":\"desktop:14px;\",\"line-height\":\"\"}'  class=\"ult-span-text no_icon ult_tab_display_text ult-responsive\" style=\"font-weight:bold;;\">KIRJELDUS<\/span>\n\t\t\t\t\t   \t\t<\/span>\n\t\t\t\t\t\t<\/span>\n\t\t\t\t\t<\/a>\n\t\t\t\t\t<\/li><\/ul><div  data-ultimate-target='#advanced-tabs-desc-wrap-9035 .ult_tabcontent .ult_tab_min_contain  p'  data-responsive-json-new='{\"font-size\":\"\",\"line-height\":\"\"}' class=\"ult_tabcontent ult-responsive style1\" style=\"color:#74777b;\"><div class=\"ult_tab_min_contain \" >\n\t\t\t<div  class=\"ult_tabitemname\"  >\n\t\t\t\t[vc_column_text]<\/p>\n<p>Oleme n\u00f5ustanud oma kliente erinevate restruktureerimiuste l\u00e4biviimisel, n\u00e4iteks:<\/p>\n<ul>\n<li>Kahe v\u00f5i enama Eesti ettev\u00f5tte \u00fchinemisel<\/li>\n<li>Eesti ettev\u00f5tte \u00fchinemisel teise ELi liikmesriigi ettev\u00f5ttega<\/li>\n<li>Ettev\u00f5tte \u00fchinemisel eraisiku varaga<\/li>\n<li>Ettev\u00f5tte jagunemisel<\/li>\n<li>Ettev\u00f5tte \u00fcmberkujundamisel<\/li>\n<\/ul>\n<p>Kui teil on k\u00fcsimusi seoses muudatustega oma ettev\u00f5tte struktuuris, siis palun v\u00f5tke meiega \u00fchendust p\u00e4ringu teel v\u00f5i kirjutades meiliaadressil <a href=\"mailto:estonia@1office.co\">estonia@1office.co<\/a>.<\/p>\n<p>&nbsp;<\/p>\n<p>K\u00f5ige sagedasemad p\u00f5hjused, miks tellitakse muudatusi ettev\u00f5tte struktuuris:<\/p>\n<ul>\n<li>Teile kuulub kaks v\u00f5i enam ettev\u00f5tet ning mitme ettev\u00f5tte majandamine pole enam vajalik. Sellisel juhul on parim lahendus ettev\u00f5tted \u00fchendada.<\/li>\n<li>Kui teile kuulub \u00fcks ettev\u00f5te, millel on mitu \u00e4riliini, siis on v\u00f5imalik need eraldi ettev\u00f5teteks jagada.<\/li>\n<li>Teil on osa\u00fching, kuid \u00e4ri kasvades tekib vajadus muuta see aktsiaseltsiks.<\/li>\n<\/ul>\n<p>&nbsp;<\/p>\n<p><strong>Hinnas sisaldub:<\/strong><\/p>\n<ul>\n<li>Restruktureerimiseks vajalike dokumentide koostamine<\/li>\n<li>Notariaja broneerimine<\/li>\n<li>Dokumentide esitamine Eesti \u00e4riregistrisse<\/li>\n<li>Suhtlus ametiasutustega<\/li>\n<li>Riigil\u00f5iv<\/li>\n<li>Notaritasu<\/li>\n<\/ul>\n<p>&nbsp;<\/p>\n<p><strong>Saadaval lisatasu eest:<\/strong><\/p>\n<ul>\n<li>Osade m\u00fc\u00fck<\/li>\n<li>Ettev\u00f5tte andmete muutmine Eesti \u00e4riregistris<\/li>\n<li>likvideerimine<\/li>\n<\/ul>\n<p>&nbsp;<\/p>\n<p><strong>Oluline informatsioon:<\/strong><\/p>\n<ul>\n<li>Vajadusel tuleb dokumendi t\u00f5lked tellida lisatasu eest. Restruktureerimine v\u00f5tab umbes 6 n\u00e4dalat olenevalt protsessi keerukusest. Hoiame teid protsessi k\u00e4iguga kursis.<\/li>\n<\/ul>\n<p>[\/vc_column_text]\n\t\t\t<\/div><\/div><\/div><\/div><div class=\"ult_acord advanced-tabs-desc-wrap-9035\">\n   <div class=\"ult-tabto-accordion \" style=\"width:;\"\n    data-titlecolor=\"#b6b8ba\"  data-titlebg=\"#ffffff\"\n     data-titlehoverbg=\"#ffffff\" data-titlehovercolor=\"#1d1e23\" data-animation=\"Slide\"\n     data-activetitle=\"#1d1e23\" data-activeicon=\"\" data-activebg=\"#ffffff\" data-scroll = \"on\" data-activeindex=\"1\" >\n     <dl><dt class=\"\">\n\t        \t<a class=\"ult-tabto-actitle withBorder ult_a \" id=\"1512642751410-8cbfe-4c64\" style=\"color:#b6b8ba;;background-color:#ffffff;border-bottom-color:transparent;border-bottom-width:0px;border-bottom-style:solid;\" href=\"#1512642751410-8cbfe-4c64\">\n\t        \t\t<i class=\"accordion-icon\"><\/i>\n\t        \t\t\t<span class=\"ult_tab_main ult_ac_main ult_noacordicnBoth\">\n\n\t\t\t\t\t\t<span  data-ultimate-target='#advanced-tabs-wrap-7826 .ult-span-text'  data-responsive-json-new='{\"font-size\":\"desktop:14px;\",\"line-height\":\"\"}'  class=\"ult-span-text no_icon ult_acordian-text ult-responsive\" style=\"font-weight:bold;;color:inherit \" >KIRJELDUS<\/span>\n\t\t\t\t\t\t<\/span><\/a><\/dt>\n\t            \t\t<dd class=\"ult-tabto-accordionItem ult-tabto-accolapsed\">\n\t\t\t\t            <div class=\"ult-tabto-acontent\" style=\"color:#74777b;\">\n\t\t\t\t               [vc_column_text]<\/p>\n<p>Oleme n\u00f5ustanud oma kliente erinevate restruktureerimiuste l\u00e4biviimisel, n\u00e4iteks:<\/p>\n<ul>\n<li>Kahe v\u00f5i enama Eesti ettev\u00f5tte \u00fchinemisel<\/li>\n<li>Eesti ettev\u00f5tte \u00fchinemisel teise ELi liikmesriigi ettev\u00f5ttega<\/li>\n<li>Ettev\u00f5tte \u00fchinemisel eraisiku varaga<\/li>\n<li>Ettev\u00f5tte jagunemisel<\/li>\n<li>Ettev\u00f5tte \u00fcmberkujundamisel<\/li>\n<\/ul>\n<p>Kui teil on k\u00fcsimusi seoses muudatustega oma ettev\u00f5tte struktuuris, siis palun v\u00f5tke meiega \u00fchendust p\u00e4ringu teel v\u00f5i kirjutades meiliaadressil <a href=\"mailto:estonia@1office.co\">estonia@1office.co<\/a>.<\/p>\n<p>&nbsp;<\/p>\n<p>K\u00f5ige sagedasemad p\u00f5hjused, miks tellitakse muudatusi ettev\u00f5tte struktuuris:<\/p>\n<ul>\n<li>Teile kuulub kaks v\u00f5i enam ettev\u00f5tet ning mitme ettev\u00f5tte majandamine pole enam vajalik. Sellisel juhul on parim lahendus ettev\u00f5tted \u00fchendada.<\/li>\n<li>Kui teile kuulub \u00fcks ettev\u00f5te, millel on mitu \u00e4riliini, siis on v\u00f5imalik need eraldi ettev\u00f5teteks jagada.<\/li>\n<li>Teil on osa\u00fching, kuid \u00e4ri kasvades tekib vajadus muuta see aktsiaseltsiks.<\/li>\n<\/ul>\n<p>&nbsp;<\/p>\n<p><strong>Hinnas sisaldub:<\/strong><\/p>\n<ul>\n<li>Restruktureerimiseks vajalike dokumentide koostamine<\/li>\n<li>Notariaja broneerimine<\/li>\n<li>Dokumentide esitamine Eesti \u00e4riregistrisse<\/li>\n<li>Suhtlus ametiasutustega<\/li>\n<li>Riigil\u00f5iv<\/li>\n<li>Notaritasu<\/li>\n<\/ul>\n<p>&nbsp;<\/p>\n<p><strong>Saadaval lisatasu eest:<\/strong><\/p>\n<ul>\n<li>Osade m\u00fc\u00fck<\/li>\n<li>Ettev\u00f5tte andmete muutmine Eesti \u00e4riregistris<\/li>\n<li>likvideerimine<\/li>\n<\/ul>\n<p>&nbsp;<\/p>\n<p><strong>Oluline informatsioon:<\/strong><\/p>\n<ul>\n<li>Vajadusel tuleb dokumendi t\u00f5lked tellida lisatasu eest. Restruktureerimine v\u00f5tab umbes 6 n\u00e4dalat olenevalt protsessi keerukusest. Hoiame teid protsessi k\u00e4iguga kursis.<\/li>\n<\/ul>\n<p>[\/vc_column_text]\n\t\t\t\t            <\/div>\n\t        \t\t\t<\/dd>\n    \t<\/dl>\n    <!--<div class=\"extraborder\" style=\"background-color:#ffffff\"><\/div>-->\n<\/div>\n\n<\/div>[\/vc_column][\/vc_row]<\/p>\n<\/div>","protected":false},"excerpt":{"rendered":"<p>P\u00f5hjuseid muudatuste tegemiseks ettev\u00f5tte struktuuris v\u00f5ib olla mitmeid. N\u00e4iteks soovitakse ettev\u00f5tteid \u00fchendada, jagada \u00fcks ettev\u00f5te erinevateks ettev\u00f5teteks v\u00f5i muuta \u00e4ri\u00fchingu vormi. Saame teid aidata vajalike dokumentide koostamise ja kogu juriidilise protsessi organiseerimisega. Pakume teenust vastavalt iga kliendi vajadustele. T\u00e4pse hinnapakkumise saamiseks, saatke palun p\u00e4ring v\u00f5i kirjutage meiliaadressil <a href=\"mailto:estonia@1office.co\">estonia@1office.co<\/a>.<\/p>\n","protected":false},"featured_media":69946,"template":"","meta":{"_acf_changed":false,"inline_featured_image":false},"product_brand":[],"product_cat":[309],"product_tag":[311],"class_list":{"0":"post-69943","1":"product","2":"type-product","3":"status-publish","4":"has-post-thumbnail","6":"product_cat-juriidilised-teenused","7":"product_tag-eesti","8":"description-off","10":"first","11":"instock","12":"taxable","13":"shipping-taxable","14":"purchasable","15":"product-type-simple"},"bundled_by":[],"bundle_stock_status":"instock","bundle_stock_quantity":null,"bundle_virtual":false,"bundle_layout":"","bundle_add_to_cart_form_location":"","bundle_editable_in_cart":false,"bundle_sold_individually_context":"","bundle_item_grouping":"","bundle_min_size":"","bundle_max_size":"","bundle_price":[],"bundled_items":[],"bundle_sell_ids":[],"acf":[],"yoast_head":"<!-- This site is optimized with the Yoast SEO Premium plugin v22.1 (Yoast SEO v27.0) - https:\/\/yoast.com\/product\/yoast-seo-premium-wordpress\/ -->\n<title>Muudatused ettev\u00f5tte struktuuris - 1Office Estonia<\/title>\n<meta name=\"description\" content=\"P\u00f5hjuseid muudatuste tegemiseks ettev\u00f5tte struktuuris v\u00f5ib olla mitmeid. N\u00e4iteks soovitakse ettev\u00f5tteid \u00fchendada, jagada \u00fcks ettev\u00f5te erinevateks ettev\u00f5teteks v\u00f5i muuta \u00e4ri\u00fchingu vormi.\" \/>\n<meta name=\"robots\" content=\"index, follow, max-snippet:-1, max-image-preview:large, max-video-preview:-1\" \/>\n<link rel=\"canonical\" href=\"https:\/\/1office.co\/estonia\/et\/Teenus\/muudatused-ettevotte-struktuuris\/\" \/>\n<meta property=\"og:locale\" content=\"et_EE\" \/>\n<meta property=\"og:type\" content=\"article\" \/>\n<meta property=\"og:title\" content=\"Muudatused ettev\u00f5tte struktuuris\" \/>\n<meta property=\"og:description\" content=\"P\u00f5hjuseid muudatuste tegemiseks ettev\u00f5tte struktuuris v\u00f5ib olla mitmeid. N\u00e4iteks soovitakse ettev\u00f5tteid \u00fchendada, jagada \u00fcks ettev\u00f5te erinevateks ettev\u00f5teteks v\u00f5i muuta \u00e4ri\u00fchingu vormi.\" \/>\n<meta property=\"og:url\" content=\"https:\/\/1office.co\/estonia\/et\/Teenus\/muudatused-ettevotte-struktuuris\/\" \/>\n<meta property=\"og:site_name\" content=\"1Office Estonia\" \/>\n<meta property=\"article:publisher\" content=\"https:\/\/www.facebook.com\/1Office\/?ref=br_rs\" \/>\n<meta property=\"article:modified_time\" content=\"2023-08-16T13:19:02+00:00\" \/>\n<meta property=\"og:image\" content=\"https:\/\/1office.co\/estonia\/wp-content\/uploads\/sites\/5\/2021\/09\/tyler-franta-iusJ25iYu1c-unsplash-1.jpg\" \/>\n\t<meta property=\"og:image:width\" content=\"1920\" \/>\n\t<meta property=\"og:image:height\" content=\"1282\" \/>\n\t<meta property=\"og:image:type\" content=\"image\/jpeg\" \/>\n<meta name=\"twitter:card\" content=\"summary_large_image\" \/>\n<meta name=\"twitter:label1\" content=\"Est. reading time\" \/>\n\t<meta name=\"twitter:data1\" content=\"1 minut\" \/>\n<script type=\"application\/ld+json\" class=\"yoast-schema-graph\">{\"@context\":\"https:\/\/schema.org\",\"@graph\":[{\"@type\":\"WebPage\",\"@id\":\"https:\/\/1office.co\/estonia\/et\/Teenus\/muudatused-ettevotte-struktuuris\/\",\"url\":\"https:\/\/1office.co\/estonia\/et\/Teenus\/muudatused-ettevotte-struktuuris\/\",\"name\":\"Muudatused ettev\u00f5tte struktuuris - 1Office Estonia\",\"isPartOf\":{\"@id\":\"https:\/\/1office.co\/estonia\/ru\/#website\"},\"primaryImageOfPage\":{\"@id\":\"https:\/\/1office.co\/estonia\/et\/Teenus\/muudatused-ettevotte-struktuuris\/#primaryimage\"},\"image\":{\"@id\":\"https:\/\/1office.co\/estonia\/et\/Teenus\/muudatused-ettevotte-struktuuris\/#primaryimage\"},\"thumbnailUrl\":\"https:\/\/1office.co\/estonia\/wp-content\/uploads\/sites\/5\/2021\/09\/tyler-franta-iusJ25iYu1c-unsplash-1.jpg\",\"datePublished\":\"2021-09-21T11:36:26+00:00\",\"dateModified\":\"2023-08-16T13:19:02+00:00\",\"description\":\"P\u00f5hjuseid muudatuste tegemiseks ettev\u00f5tte struktuuris v\u00f5ib olla mitmeid. N\u00e4iteks soovitakse ettev\u00f5tteid \u00fchendada, jagada \u00fcks ettev\u00f5te erinevateks ettev\u00f5teteks v\u00f5i muuta \u00e4ri\u00fchingu vormi.\",\"breadcrumb\":{\"@id\":\"https:\/\/1office.co\/estonia\/et\/Teenus\/muudatused-ettevotte-struktuuris\/#breadcrumb\"},\"inLanguage\":\"et\",\"potentialAction\":[{\"@type\":\"ReadAction\",\"target\":[\"https:\/\/1office.co\/estonia\/et\/Teenus\/muudatused-ettevotte-struktuuris\/\"]}]},{\"@type\":\"ImageObject\",\"inLanguage\":\"et\",\"@id\":\"https:\/\/1office.co\/estonia\/et\/Teenus\/muudatused-ettevotte-struktuuris\/#primaryimage\",\"url\":\"https:\/\/1office.co\/estonia\/wp-content\/uploads\/sites\/5\/2021\/09\/tyler-franta-iusJ25iYu1c-unsplash-1.jpg\",\"contentUrl\":\"https:\/\/1office.co\/estonia\/wp-content\/uploads\/sites\/5\/2021\/09\/tyler-franta-iusJ25iYu1c-unsplash-1.jpg\",\"width\":1920,\"height\":1282,\"caption\":\"Changes in the company\u2019s structure\"},{\"@type\":\"BreadcrumbList\",\"@id\":\"https:\/\/1office.co\/estonia\/et\/Teenus\/muudatused-ettevotte-struktuuris\/#breadcrumb\",\"itemListElement\":[{\"@type\":\"ListItem\",\"position\":1,\"name\":\"Home\",\"item\":\"https:\/\/1office.co\/estonia\/et\/\"},{\"@type\":\"ListItem\",\"position\":2,\"name\":\"Services Shop\",\"item\":\"https:\/\/1office.co\/estonia\/services-shop\/\"},{\"@type\":\"ListItem\",\"position\":3,\"name\":\"Muudatused ettev\u00f5tte struktuuris\"}]},{\"@type\":\"WebSite\",\"@id\":\"https:\/\/1office.co\/estonia\/ru\/#website\",\"url\":\"https:\/\/1office.co\/estonia\/ru\/\",\"name\":\"1Office Estonia\",\"description\":\"Making Business Simple\",\"potentialAction\":[{\"@type\":\"SearchAction\",\"target\":{\"@type\":\"EntryPoint\",\"urlTemplate\":\"https:\/\/1office.co\/estonia\/ru\/?s={search_term_string}\"},\"query-input\":{\"@type\":\"PropertyValueSpecification\",\"valueRequired\":true,\"valueName\":\"search_term_string\"}}],\"inLanguage\":\"et\"}]}<\/script>\n<!-- \/ Yoast SEO Premium plugin. -->","yoast_head_json":{"title":"Muudatused ettev\u00f5tte struktuuris - 1Office Estonia","description":"P\u00f5hjuseid muudatuste tegemiseks ettev\u00f5tte struktuuris v\u00f5ib olla mitmeid. N\u00e4iteks soovitakse ettev\u00f5tteid \u00fchendada, jagada \u00fcks ettev\u00f5te erinevateks ettev\u00f5teteks v\u00f5i muuta \u00e4ri\u00fchingu vormi.","robots":{"index":"index","follow":"follow","max-snippet":"max-snippet:-1","max-image-preview":"max-image-preview:large","max-video-preview":"max-video-preview:-1"},"canonical":"https:\/\/1office.co\/estonia\/et\/Teenus\/muudatused-ettevotte-struktuuris\/","og_locale":"et_EE","og_type":"article","og_title":"Muudatused ettev\u00f5tte struktuuris","og_description":"P\u00f5hjuseid muudatuste tegemiseks ettev\u00f5tte struktuuris v\u00f5ib olla mitmeid. N\u00e4iteks soovitakse ettev\u00f5tteid \u00fchendada, jagada \u00fcks ettev\u00f5te erinevateks ettev\u00f5teteks v\u00f5i muuta \u00e4ri\u00fchingu vormi.","og_url":"https:\/\/1office.co\/estonia\/et\/Teenus\/muudatused-ettevotte-struktuuris\/","og_site_name":"1Office Estonia","article_publisher":"https:\/\/www.facebook.com\/1Office\/?ref=br_rs","article_modified_time":"2023-08-16T13:19:02+00:00","og_image":[{"width":1920,"height":1282,"url":"https:\/\/1office.co\/estonia\/wp-content\/uploads\/sites\/5\/2021\/09\/tyler-franta-iusJ25iYu1c-unsplash-1.jpg","type":"image\/jpeg"}],"twitter_card":"summary_large_image","twitter_misc":{"Est. reading time":"1 minut"},"schema":{"@context":"https:\/\/schema.org","@graph":[{"@type":"WebPage","@id":"https:\/\/1office.co\/estonia\/et\/Teenus\/muudatused-ettevotte-struktuuris\/","url":"https:\/\/1office.co\/estonia\/et\/Teenus\/muudatused-ettevotte-struktuuris\/","name":"Muudatused ettev\u00f5tte struktuuris - 1Office Estonia","isPartOf":{"@id":"https:\/\/1office.co\/estonia\/ru\/#website"},"primaryImageOfPage":{"@id":"https:\/\/1office.co\/estonia\/et\/Teenus\/muudatused-ettevotte-struktuuris\/#primaryimage"},"image":{"@id":"https:\/\/1office.co\/estonia\/et\/Teenus\/muudatused-ettevotte-struktuuris\/#primaryimage"},"thumbnailUrl":"https:\/\/1office.co\/estonia\/wp-content\/uploads\/sites\/5\/2021\/09\/tyler-franta-iusJ25iYu1c-unsplash-1.jpg","datePublished":"2021-09-21T11:36:26+00:00","dateModified":"2023-08-16T13:19:02+00:00","description":"P\u00f5hjuseid muudatuste tegemiseks ettev\u00f5tte struktuuris v\u00f5ib olla mitmeid. N\u00e4iteks soovitakse ettev\u00f5tteid \u00fchendada, jagada \u00fcks ettev\u00f5te erinevateks ettev\u00f5teteks v\u00f5i muuta \u00e4ri\u00fchingu vormi.","breadcrumb":{"@id":"https:\/\/1office.co\/estonia\/et\/Teenus\/muudatused-ettevotte-struktuuris\/#breadcrumb"},"inLanguage":"et","potentialAction":[{"@type":"ReadAction","target":["https:\/\/1office.co\/estonia\/et\/Teenus\/muudatused-ettevotte-struktuuris\/"]}]},{"@type":"ImageObject","inLanguage":"et","@id":"https:\/\/1office.co\/estonia\/et\/Teenus\/muudatused-ettevotte-struktuuris\/#primaryimage","url":"https:\/\/1office.co\/estonia\/wp-content\/uploads\/sites\/5\/2021\/09\/tyler-franta-iusJ25iYu1c-unsplash-1.jpg","contentUrl":"https:\/\/1office.co\/estonia\/wp-content\/uploads\/sites\/5\/2021\/09\/tyler-franta-iusJ25iYu1c-unsplash-1.jpg","width":1920,"height":1282,"caption":"Changes in the company\u2019s structure"},{"@type":"BreadcrumbList","@id":"https:\/\/1office.co\/estonia\/et\/Teenus\/muudatused-ettevotte-struktuuris\/#breadcrumb","itemListElement":[{"@type":"ListItem","position":1,"name":"Home","item":"https:\/\/1office.co\/estonia\/et\/"},{"@type":"ListItem","position":2,"name":"Services Shop","item":"https:\/\/1office.co\/estonia\/services-shop\/"},{"@type":"ListItem","position":3,"name":"Muudatused ettev\u00f5tte struktuuris"}]},{"@type":"WebSite","@id":"https:\/\/1office.co\/estonia\/ru\/#website","url":"https:\/\/1office.co\/estonia\/ru\/","name":"1Office Estonia","description":"Making Business Simple","potentialAction":[{"@type":"SearchAction","target":{"@type":"EntryPoint","urlTemplate":"https:\/\/1office.co\/estonia\/ru\/?s={search_term_string}"},"query-input":{"@type":"PropertyValueSpecification","valueRequired":true,"valueName":"search_term_string"}}],"inLanguage":"et"}]}},"_links":{"self":[{"href":"https:\/\/1office.co\/estonia\/et\/wp-json\/wp\/v2\/product\/69943","targetHints":{"allow":["GET"]}}],"collection":[{"href":"https:\/\/1office.co\/estonia\/et\/wp-json\/wp\/v2\/product"}],"about":[{"href":"https:\/\/1office.co\/estonia\/et\/wp-json\/wp\/v2\/types\/product"}],"wp:featuredmedia":[{"embeddable":true,"href":"https:\/\/1office.co\/estonia\/et\/wp-json\/wp\/v2\/media\/69946"}],"wp:attachment":[{"href":"https:\/\/1office.co\/estonia\/et\/wp-json\/wp\/v2\/media?parent=69943"}],"wp:term":[{"taxonomy":"product_brand","embeddable":true,"href":"https:\/\/1office.co\/estonia\/et\/wp-json\/wp\/v2\/product_brand?post=69943"},{"taxonomy":"product_cat","embeddable":true,"href":"https:\/\/1office.co\/estonia\/et\/wp-json\/wp\/v2\/product_cat?post=69943"},{"taxonomy":"product_tag","embeddable":true,"href":"https:\/\/1office.co\/estonia\/et\/wp-json\/wp\/v2\/product_tag?post=69943"}],"curies":[{"name":"wp","href":"https:\/\/api.w.org\/{rel}","templated":true}]}}