{"id":71185,"date":"2021-11-29T07:49:52","date_gmt":"2021-11-29T07:49:52","guid":{"rendered":"https:\/\/1office.co\/estonia\/product\/e-residency-application-assistance\/"},"modified":"2023-06-06T11:51:03","modified_gmt":"2023-06-06T11:51:03","slug":"e-residency-application-assistance","status":"publish","type":"product","link":"https:\/\/1office.co\/estonia\/et\/Teenus\/e-residency-application-assistance\/","title":{"rendered":"Abi e-residentsuse avalduse t\u00e4itmisel"},"content":{"rendered":"<p><strong>Hinnas sisaldub:<\/strong><\/p>\n<ul>\n<li>Abi e-residentsuse avalduse t\u00e4itmisel<\/li>\n<\/ul>\n<p><strong>Oluline informatsioon:<\/strong><\/p>\n<ul>\n<li>See teenus on saadaval ainult osana Amazoni paketist.<\/li>\n<\/ul>\n","protected":false},"excerpt":{"rendered":"<p>Aitame e-residentsuse avalduse t\u00e4itmisel ning vastame k\u00fcsimustele, mis v\u00f5ivad protsessi jooksul tekkida. Avaldus tuleb siiski esitada ise ning ka e-residentsuse kaart tuleb personaalselt valitud v\u00e4ljastamispunktist \u00e4ra tuua.<\/p>\n","protected":false},"featured_media":71094,"template":"","meta":{"_acf_changed":false,"inline_featured_image":false},"product_brand":[],"product_cat":[343],"product_tag":[],"class_list":{"0":"post-71185","1":"product","2":"type-product","3":"status-publish","4":"has-post-thumbnail","6":"product_cat-uncategorized-et","7":"description-off","9":"first","10":"instock","11":"taxable","12":"shipping-taxable","13":"purchasable","14":"product-type-simple"},"bundled_by":["61952"],"bundle_stock_status":"instock","bundle_stock_quantity":null,"bundle_virtual":false,"bundle_layout":"","bundle_add_to_cart_form_location":"","bundle_editable_in_cart":false,"bundle_sold_individually_context":"","bundle_item_grouping":"","bundle_min_size":"","bundle_max_size":"","bundle_price":[],"bundled_items":[],"bundle_sell_ids":[],"acf":[],"yoast_head":"<!-- This site is optimized with the Yoast SEO Premium plugin v22.1 (Yoast SEO v27.0) - https:\/\/yoast.com\/product\/yoast-seo-premium-wordpress\/ -->\n<title>Abi e-residentsuse avalduse t\u00e4itmisel - 1Office Estonia<\/title>\n<meta name=\"robots\" content=\"noindex, nofollow\" \/>\n<meta property=\"og:locale\" content=\"et_EE\" \/>\n<meta property=\"og:type\" content=\"article\" \/>\n<meta property=\"og:title\" content=\"Abi e-residentsuse avalduse t\u00e4itmisel\" \/>\n<meta property=\"og:description\" content=\"Aitame e-residentsuse avalduse t\u00e4itmisel ning vastame k\u00fcsimustele, mis v\u00f5ivad protsessi jooksul tekkida. Avaldus tuleb siiski esitada ise ning ka e-residentsuse kaart tuleb personaalselt valitud v\u00e4ljastamispunktist \u00e4ra tuua.\" \/>\n<meta property=\"og:url\" content=\"https:\/\/1office.co\/estonia\/et\/Teenus\/e-residency-application-assistance\/\" \/>\n<meta property=\"og:site_name\" content=\"1Office Estonia\" \/>\n<meta property=\"article:publisher\" content=\"https:\/\/www.facebook.com\/1Office\/?ref=br_rs\" \/>\n<meta property=\"article:modified_time\" content=\"2023-06-06T11:51:03+00:00\" \/>\n<meta property=\"og:image\" content=\"https:\/\/1office.co\/estonia\/wp-content\/uploads\/sites\/5\/2021\/11\/1_FQ96JilSe665oqpWkPPC7w.jpeg\" \/>\n\t<meta property=\"og:image:width\" content=\"2048\" \/>\n\t<meta property=\"og:image:height\" content=\"1365\" \/>\n\t<meta property=\"og:image:type\" content=\"image\/jpeg\" \/>\n<meta name=\"twitter:card\" content=\"summary_large_image\" \/>\n<meta name=\"twitter:label1\" content=\"Est. reading time\" \/>\n\t<meta name=\"twitter:data1\" content=\"1 minut\" \/>\n<script type=\"application\/ld+json\" class=\"yoast-schema-graph\">{\"@context\":\"https:\/\/schema.org\",\"@graph\":[{\"@type\":\"WebPage\",\"@id\":\"https:\/\/1office.co\/estonia\/et\/Teenus\/e-residency-application-assistance\/\",\"url\":\"https:\/\/1office.co\/estonia\/et\/Teenus\/e-residency-application-assistance\/\",\"name\":\"Abi e-residentsuse avalduse t\u00e4itmisel - 1Office Estonia\",\"isPartOf\":{\"@id\":\"https:\/\/1office.co\/estonia\/ru\/#website\"},\"primaryImageOfPage\":{\"@id\":\"https:\/\/1office.co\/estonia\/et\/Teenus\/e-residency-application-assistance\/#primaryimage\"},\"image\":{\"@id\":\"https:\/\/1office.co\/estonia\/et\/Teenus\/e-residency-application-assistance\/#primaryimage\"},\"thumbnailUrl\":\"https:\/\/1office.co\/estonia\/wp-content\/uploads\/sites\/5\/2021\/11\/1_FQ96JilSe665oqpWkPPC7w.jpeg\",\"datePublished\":\"2021-11-29T07:49:52+00:00\",\"dateModified\":\"2023-06-06T11:51:03+00:00\",\"breadcrumb\":{\"@id\":\"https:\/\/1office.co\/estonia\/et\/Teenus\/e-residency-application-assistance\/#breadcrumb\"},\"inLanguage\":\"et\",\"potentialAction\":[{\"@type\":\"ReadAction\",\"target\":[\"https:\/\/1office.co\/estonia\/et\/Teenus\/e-residency-application-assistance\/\"]}]},{\"@type\":\"ImageObject\",\"inLanguage\":\"et\",\"@id\":\"https:\/\/1office.co\/estonia\/et\/Teenus\/e-residency-application-assistance\/#primaryimage\",\"url\":\"https:\/\/1office.co\/estonia\/wp-content\/uploads\/sites\/5\/2021\/11\/1_FQ96JilSe665oqpWkPPC7w.jpeg\",\"contentUrl\":\"https:\/\/1office.co\/estonia\/wp-content\/uploads\/sites\/5\/2021\/11\/1_FQ96JilSe665oqpWkPPC7w.jpeg\",\"width\":2048,\"height\":1365},{\"@type\":\"BreadcrumbList\",\"@id\":\"https:\/\/1office.co\/estonia\/et\/Teenus\/e-residency-application-assistance\/#breadcrumb\",\"itemListElement\":[{\"@type\":\"ListItem\",\"position\":1,\"name\":\"Home\",\"item\":\"https:\/\/1office.co\/estonia\/et\/\"},{\"@type\":\"ListItem\",\"position\":2,\"name\":\"Services Shop\",\"item\":\"https:\/\/1office.co\/estonia\/services-shop\/\"},{\"@type\":\"ListItem\",\"position\":3,\"name\":\"Abi e-residentsuse avalduse t\u00e4itmisel\"}]},{\"@type\":\"WebSite\",\"@id\":\"https:\/\/1office.co\/estonia\/ru\/#website\",\"url\":\"https:\/\/1office.co\/estonia\/ru\/\",\"name\":\"1Office Estonia\",\"description\":\"Making Business Simple\",\"potentialAction\":[{\"@type\":\"SearchAction\",\"target\":{\"@type\":\"EntryPoint\",\"urlTemplate\":\"https:\/\/1office.co\/estonia\/ru\/?s={search_term_string}\"},\"query-input\":{\"@type\":\"PropertyValueSpecification\",\"valueRequired\":true,\"valueName\":\"search_term_string\"}}],\"inLanguage\":\"et\"}]}<\/script>\n<!-- \/ Yoast SEO Premium plugin. -->","yoast_head_json":{"title":"Abi e-residentsuse avalduse t\u00e4itmisel - 1Office Estonia","robots":{"index":"noindex","follow":"nofollow"},"og_locale":"et_EE","og_type":"article","og_title":"Abi e-residentsuse avalduse t\u00e4itmisel","og_description":"Aitame e-residentsuse avalduse t\u00e4itmisel ning vastame k\u00fcsimustele, mis v\u00f5ivad protsessi jooksul tekkida. Avaldus tuleb siiski esitada ise ning ka e-residentsuse kaart tuleb personaalselt valitud v\u00e4ljastamispunktist \u00e4ra tuua.","og_url":"https:\/\/1office.co\/estonia\/et\/Teenus\/e-residency-application-assistance\/","og_site_name":"1Office Estonia","article_publisher":"https:\/\/www.facebook.com\/1Office\/?ref=br_rs","article_modified_time":"2023-06-06T11:51:03+00:00","og_image":[{"width":2048,"height":1365,"url":"https:\/\/1office.co\/estonia\/wp-content\/uploads\/sites\/5\/2021\/11\/1_FQ96JilSe665oqpWkPPC7w.jpeg","type":"image\/jpeg"}],"twitter_card":"summary_large_image","twitter_misc":{"Est. reading time":"1 minut"},"schema":{"@context":"https:\/\/schema.org","@graph":[{"@type":"WebPage","@id":"https:\/\/1office.co\/estonia\/et\/Teenus\/e-residency-application-assistance\/","url":"https:\/\/1office.co\/estonia\/et\/Teenus\/e-residency-application-assistance\/","name":"Abi e-residentsuse avalduse t\u00e4itmisel - 1Office Estonia","isPartOf":{"@id":"https:\/\/1office.co\/estonia\/ru\/#website"},"primaryImageOfPage":{"@id":"https:\/\/1office.co\/estonia\/et\/Teenus\/e-residency-application-assistance\/#primaryimage"},"image":{"@id":"https:\/\/1office.co\/estonia\/et\/Teenus\/e-residency-application-assistance\/#primaryimage"},"thumbnailUrl":"https:\/\/1office.co\/estonia\/wp-content\/uploads\/sites\/5\/2021\/11\/1_FQ96JilSe665oqpWkPPC7w.jpeg","datePublished":"2021-11-29T07:49:52+00:00","dateModified":"2023-06-06T11:51:03+00:00","breadcrumb":{"@id":"https:\/\/1office.co\/estonia\/et\/Teenus\/e-residency-application-assistance\/#breadcrumb"},"inLanguage":"et","potentialAction":[{"@type":"ReadAction","target":["https:\/\/1office.co\/estonia\/et\/Teenus\/e-residency-application-assistance\/"]}]},{"@type":"ImageObject","inLanguage":"et","@id":"https:\/\/1office.co\/estonia\/et\/Teenus\/e-residency-application-assistance\/#primaryimage","url":"https:\/\/1office.co\/estonia\/wp-content\/uploads\/sites\/5\/2021\/11\/1_FQ96JilSe665oqpWkPPC7w.jpeg","contentUrl":"https:\/\/1office.co\/estonia\/wp-content\/uploads\/sites\/5\/2021\/11\/1_FQ96JilSe665oqpWkPPC7w.jpeg","width":2048,"height":1365},{"@type":"BreadcrumbList","@id":"https:\/\/1office.co\/estonia\/et\/Teenus\/e-residency-application-assistance\/#breadcrumb","itemListElement":[{"@type":"ListItem","position":1,"name":"Home","item":"https:\/\/1office.co\/estonia\/et\/"},{"@type":"ListItem","position":2,"name":"Services Shop","item":"https:\/\/1office.co\/estonia\/services-shop\/"},{"@type":"ListItem","position":3,"name":"Abi e-residentsuse avalduse t\u00e4itmisel"}]},{"@type":"WebSite","@id":"https:\/\/1office.co\/estonia\/ru\/#website","url":"https:\/\/1office.co\/estonia\/ru\/","name":"1Office Estonia","description":"Making Business Simple","potentialAction":[{"@type":"SearchAction","target":{"@type":"EntryPoint","urlTemplate":"https:\/\/1office.co\/estonia\/ru\/?s={search_term_string}"},"query-input":{"@type":"PropertyValueSpecification","valueRequired":true,"valueName":"search_term_string"}}],"inLanguage":"et"}]}},"_links":{"self":[{"href":"https:\/\/1office.co\/estonia\/et\/wp-json\/wp\/v2\/product\/71185","targetHints":{"allow":["GET"]}}],"collection":[{"href":"https:\/\/1office.co\/estonia\/et\/wp-json\/wp\/v2\/product"}],"about":[{"href":"https:\/\/1office.co\/estonia\/et\/wp-json\/wp\/v2\/types\/product"}],"wp:featuredmedia":[{"embeddable":true,"href":"https:\/\/1office.co\/estonia\/et\/wp-json\/wp\/v2\/media\/71094"}],"wp:attachment":[{"href":"https:\/\/1office.co\/estonia\/et\/wp-json\/wp\/v2\/media?parent=71185"}],"wp:term":[{"taxonomy":"product_brand","embeddable":true,"href":"https:\/\/1office.co\/estonia\/et\/wp-json\/wp\/v2\/product_brand?post=71185"},{"taxonomy":"product_cat","embeddable":true,"href":"https:\/\/1office.co\/estonia\/et\/wp-json\/wp\/v2\/product_cat?post=71185"},{"taxonomy":"product_tag","embeddable":true,"href":"https:\/\/1office.co\/estonia\/et\/wp-json\/wp\/v2\/product_tag?post=71185"}],"curies":[{"name":"wp","href":"https:\/\/api.w.org\/{rel}","templated":true}]}}