{"id":80512,"date":"2023-09-13T13:18:59","date_gmt":"2023-09-13T13:19:00","guid":{"rendered":"https:\/\/1office.co\/estonia\/?post_type=product&#038;p=80512"},"modified":"2025-10-14T07:30:05","modified_gmt":"2025-10-14T07:30:05","slug":"alustava-ettevote-raamatupidamisteenus","status":"publish","type":"product","link":"https:\/\/1office.co\/estonia\/et\/Teenus\/alustava-ettevote-raamatupidamisteenus\/","title":{"rendered":"Alustava ettev\u00f5te raamatupidamisteenus"},"content":{"rendered":"<div class=\"wpb-content-wrapper\"><p>[vc_row][vc_column]<div id=\"advanced-tabs-desc-wrap-8665\" class=\"ult_tabs product_tabs\" style=\" \" data-tabsstyle=\"style2\"\n data-titlebg=\"#ffffff\" data-titlecolor=\"#b6b8ba\" data-fullheight=\"off\"\n data-titlehoverbg=\"#ffffff\" data-titlehovercolor=\"#1d1e23\"\n data-rotatetabs=\"0\" data-responsivemode=\"Both\" data-animation=\"Slide\"\ndata-activetitle=\"#1d1e23\" data-activeicon=\"\" data-activebg=\"#ffffff\"  data-respmode=\"Tabs\" data-respwidth=\"400\" data-scroll = \"on\" data-activeindex=\"1\"><ul id=advanced-tabs-wrap-9180 class=\"ult_tabmenu style2 \" style=\"color:transparent;border-bottom-color:transparent;border-bottom-width:0px;border-bottom-style:solid;border-bottom-width:0px;\"><li class=\"ult_tab_li  \" data-iconcolor=\"#74777b\" data-iconhover=\"#ffffff\" style=\"\">\n\t\t\t\t\t<a href=\"#1512642751410-8cd24-3a01\"  id=\"1512642751410-8cd24-3a01\"  style=\"color:#b6b8ba;background-color:#ffffff;border-top-left-radius:8px;;   \" class=\"ult_a  \">\n\t\t\t\t\t     <span class=\"ult_tab_main Both \">\n\t\t\t\t\t \t\t <span class=\"ult_tab_section\">\n\t\t\t\t\t   \t\t\t<span  data-ultimate-target='#advanced-tabs-wrap-9180 .ult-span-text'  data-responsive-json-new='{\"font-size\":\"desktop:14px;\",\"line-height\":\"\"}'  class=\"ult-span-text no_icon ult_tab_display_text ult-responsive\" style=\"font-weight:bold;;\">KIRJELDUS<\/span>\n\t\t\t\t\t   \t\t<\/span>\n\t\t\t\t\t\t<\/span>\n\t\t\t\t\t<\/a>\n\t\t\t\t\t<\/li><li class=\"ult_tab_li  \" data-iconcolor=\"#74777b\" data-iconhover=\"#ffffff\" style=\"\">\n\t\t\t\t\t<a href=\"#1697724365194-1-8\"  id=\"1697724365194-1-8\"  style=\"color:#b6b8ba;background-color:#ffffff;border-top-right-radius:8px;;   \" class=\"ult_a  \">\n\t\t\t\t\t     <span class=\"ult_tab_main Both \">\n\t\t\t\t\t \t\t <span class=\"ult_tab_section\">\n\t\t\t\t\t   \t\t\t<span  data-ultimate-target='#advanced-tabs-wrap-9180 .ult-span-text'  data-responsive-json-new='{\"font-size\":\"desktop:14px;\",\"line-height\":\"\"}'  class=\"ult-span-text no_icon ult_tab_display_text ult-responsive\" style=\"font-weight:bold;;\">OLULINE TEAVE<\/span>\n\t\t\t\t\t   \t\t<\/span>\n\t\t\t\t\t\t<\/span>\n\t\t\t\t\t<\/a>\n\t\t\t\t\t<\/li><\/ul><div  data-ultimate-target='#advanced-tabs-desc-wrap-8665 .ult_tabcontent .ult_tab_min_contain  p'  data-responsive-json-new='{\"font-size\":\"\",\"line-height\":\"\"}' class=\"ult_tabcontent ult-responsive style2\" style=\"color:#74777b;\"><div class=\"ult_tab_min_contain \" >\n\t\t\t<div  class=\"ult_tabitemname\"  >\n\t\t\t\t[vc_column_text]Ettev\u00f5tte finantsmaailmas navigeerimine n\u00f5uab asjatundlikkust, t\u00e4psust ning usaldusv\u00e4\u00e4rset partnerit. Kui Sa alles alustasid oma \u00e4riga, siis tihtipeale puudub Sul ettekujutus, kui suuremahuliseks osutub raamatupidamine, kas vajad selleks eraldi raamatupidajat v\u00f5i on soodsam tellida alustava ettev\u00f5te raamatupidamisteenus, mis katab iga vast asutatud ettev\u00f5te vajadusi. \u00a0Kui tegemist on \u00e4ri finantside haldamisega, on t\u00e4psus ja ekspertiis \u00fcliolulised \u2013 meie peale saad kindel olla.<\/p>\n<p>Selle pakkumisega saad k\u00e4ibemaksu registreerimise TASUTA!<\/p>\n<p>&nbsp;<\/p>\n<p><strong>Hinna sees:<\/strong><\/p>\n<ul>\n<li>Kuni 30 tehingut kuus: m\u00fc\u00fcgi- ja ostuarved, kuludokumendid ja pangatehingud<\/li>\n<li>MyInvoices: h\u00fcvasti, paberimajandus! Meie My1Office platvorm tagab sujuva dokumendihalduse<\/li>\n<li>MyPurchases: j\u00e4lgi oma kulusid otse mobiilirakenduses<\/li>\n<li>Personaalne raamatupidaja: meie tiimis on tipptasemel kogemusega p\u00fchendunud professionaalid, kes aitavad Sul saavutada ettev\u00f5te finantsilise selguse<\/li>\n<li>K\u00e4ibedeklaratsioonid: aitame Sul navigeerida k\u00e4ibemaksu keerukustes, tagades vastavuse ja t\u00e4psuse<\/li>\n<li>Palgaarvestus (1 t\u00f6\u00f6taja)<\/li>\n<li>Tutvustav k\u00f5ne: saage tuttavaks meie teenustega ja My1Office platvormiga<\/li>\n<\/ul>\n<p>[\/vc_column_text]\n\t\t\t<\/div>\n\t\t\t<div  class=\"ult_tabitemname\"  >\n\t\t\t\t[vc_column_text css=&#8221;&#8221;]<strong>Oluline teave:<\/strong><\/p>\n<ul>\n<li>Raamatupidamisteenuse kuumakse p\u00f5hineb tehingute mahul. Minimaalne kuumakse on 135 \u20ac.<\/li>\n<li>Start Easy raamatupidamislahendus on m\u00f5eldud ettev\u00f5tetele, mis on asutatud mitte rohkem kui kaks kuud tagasi. Pakkumine kehtib kolm kuud alates teenuse ostukuup\u00e4evast. <span class=\"ui-provider ec bes bet beu bev bew bex bey bez bfa bfb bfc bfd bfe bff bfg bfh bfi bfj bfk bfl bfm bfn bfo bfp bfq bfr bfs bft bfu bfv bfw bfx bfy bfz\" dir=\"ltr\">Seej\u00e4rel teeme teile personaalse pakkumise vastavalt teie ettev\u00f5tte igakuisele vajadusele.<\/span><\/li>\n<li>Igakuine tasu v\u00f5etakse teie krediitkaardilt maha jooksva kuu esimesel p\u00e4eval. See ei kehti esimese makse puhul.<\/li>\n<li>Me j\u00e4tame endale \u00f5iguse muuta teenuse hinda kohe, kui \u00fcksk\u00f5ik milline hinnapakkumises toodud n\u00e4itaja\/parameeter muutub rohkem kui 10% v\u00f5i t\u00f6\u00f6aeg \u00fcletab 1,5 tundi.<\/li>\n<li>Eelnevate perioodide andmete ja\/v\u00f5i eelnevate perioodide paranduste t\u00f6\u00f6tlemine ei sisaldu hinnas.<\/li>\n<li>V\u00f5tame vastu raamatupidamise algdokumente eesti, vene ning inglise keeles.<\/li>\n<li>Selleks, et deklaratsioonid saaksid iga kuu \u00f5igeaegselt esitatud, tuleb k\u00f5ik dokumendid edastada raamatupidajale nii varakult kui v\u00f5imalik, kuid mitte hiljem kui j\u00e4rgneva kuu 5. kuup\u00e4evaks. Hilinenud deklaratsioonid toovad kaasa Maksuameti trahvid. Esitamata j\u00e4\u00e4nud ja\/v\u00f5i n\u00f5utekohaselt vormistamata algdokumendid t\u00e4hendavad ettev\u00f5ttele lisadeklareerimist ja lisamaksukoormust.<\/li>\n<li>Ligip\u00e4\u00e4s dokumentidele Minu1Office kontol lepingu l\u00f5petamise j\u00e4rel on tasuline (50 EUR).<\/li>\n<\/ul>\n<p>[\/vc_column_text]\n\t\t\t<\/div><\/div><\/div><\/div><div class=\"ult_acord advanced-tabs-desc-wrap-8665\">\n   <div class=\"ult-tabto-accordion \" style=\"width:;\"\n    data-titlecolor=\"#b6b8ba\"  data-titlebg=\"#ffffff\"\n     data-titlehoverbg=\"#ffffff\" data-titlehovercolor=\"#1d1e23\" data-animation=\"Slide\"\n     data-activetitle=\"#1d1e23\" data-activeicon=\"\" data-activebg=\"#ffffff\" data-scroll = \"on\" data-activeindex=\"1\" >\n     <dl><dt class=\"\">\n\t        \t<a class=\"ult-tabto-actitle withBorder ult_a \" id=\"1512642751410-8cd24-3a01\" style=\"color:#b6b8ba;;background-color:#ffffff;border-bottom-color:transparent;border-bottom-width:0px;border-bottom-style:solid;\" href=\"#1512642751410-8cd24-3a01\">\n\t        \t\t<i class=\"accordion-icon\"><\/i>\n\t        \t\t\t<span class=\"ult_tab_main ult_ac_main ult_noacordicnBoth\">\n\n\t\t\t\t\t\t<span  data-ultimate-target='#advanced-tabs-wrap-9180 .ult-span-text'  data-responsive-json-new='{\"font-size\":\"desktop:14px;\",\"line-height\":\"\"}'  class=\"ult-span-text no_icon ult_acordian-text ult-responsive\" style=\"font-weight:bold;;color:inherit \" >KIRJELDUS<\/span>\n\t\t\t\t\t\t<\/span><\/a><\/dt>\n\t            \t\t<dd class=\"ult-tabto-accordionItem ult-tabto-accolapsed\">\n\t\t\t\t            <div class=\"ult-tabto-acontent\" style=\"color:#74777b;\">\n\t\t\t\t               [vc_column_text]Ettev\u00f5tte finantsmaailmas navigeerimine n\u00f5uab asjatundlikkust, t\u00e4psust ning usaldusv\u00e4\u00e4rset partnerit. Kui Sa alles alustasid oma \u00e4riga, siis tihtipeale puudub Sul ettekujutus, kui suuremahuliseks osutub raamatupidamine, kas vajad selleks eraldi raamatupidajat v\u00f5i on soodsam tellida alustava ettev\u00f5te raamatupidamisteenus, mis katab iga vast asutatud ettev\u00f5te vajadusi. \u00a0Kui tegemist on \u00e4ri finantside haldamisega, on t\u00e4psus ja ekspertiis \u00fcliolulised \u2013 meie peale saad kindel olla.<\/p>\n<p>Selle pakkumisega saad k\u00e4ibemaksu registreerimise TASUTA!<\/p>\n<p>&nbsp;<\/p>\n<p><strong>Hinna sees:<\/strong><\/p>\n<ul>\n<li>Kuni 30 tehingut kuus: m\u00fc\u00fcgi- ja ostuarved, kuludokumendid ja pangatehingud<\/li>\n<li>MyInvoices: h\u00fcvasti, paberimajandus! Meie My1Office platvorm tagab sujuva dokumendihalduse<\/li>\n<li>MyPurchases: j\u00e4lgi oma kulusid otse mobiilirakenduses<\/li>\n<li>Personaalne raamatupidaja: meie tiimis on tipptasemel kogemusega p\u00fchendunud professionaalid, kes aitavad Sul saavutada ettev\u00f5te finantsilise selguse<\/li>\n<li>K\u00e4ibedeklaratsioonid: aitame Sul navigeerida k\u00e4ibemaksu keerukustes, tagades vastavuse ja t\u00e4psuse<\/li>\n<li>Palgaarvestus (1 t\u00f6\u00f6taja)<\/li>\n<li>Tutvustav k\u00f5ne: saage tuttavaks meie teenustega ja My1Office platvormiga<\/li>\n<\/ul>\n<p>[\/vc_column_text]\n\t\t\t\t            <\/div>\n\t        \t\t\t<\/dd><dt class=\"\">\n\t        \t<a class=\"ult-tabto-actitle withBorder ult_a \" id=\"1697724365194-1-8\" style=\"color:#b6b8ba;;background-color:#ffffff;border-bottom-color:transparent;border-bottom-width:0px;border-bottom-style:solid;border-bottom-color:transparent;border-bottom-width:0px;border-bottom-style:solid;\" href=\"#1697724365194-1-8\">\n\t        \t\t<i class=\"accordion-icon\"><\/i>\n\t        \t\t\t<span class=\"ult_tab_main ult_ac_main ult_noacordicnBoth\">\n\n\t\t\t\t\t\t<span  data-ultimate-target='#advanced-tabs-wrap-9180 .ult-span-text'  data-responsive-json-new='{\"font-size\":\"desktop:14px;\",\"line-height\":\"\"}'  class=\"ult-span-text no_icon ult_acordian-text ult-responsive\" style=\"font-weight:bold;;color:inherit \" >OLULINE TEAVE<\/span>\n\t\t\t\t\t\t<\/span><\/a><\/dt>\n\t            \t\t<dd class=\"ult-tabto-accordionItem ult-tabto-accolapsed\">\n\t\t\t\t            <div class=\"ult-tabto-acontent\" style=\"color:#74777b;\">\n\t\t\t\t               [vc_column_text css=&#8221;&#8221;]<strong>Oluline teave:<\/strong><\/p>\n<ul>\n<li>Raamatupidamisteenuse kuumakse p\u00f5hineb tehingute mahul. Minimaalne kuumakse on 135 \u20ac.<\/li>\n<li>Start Easy raamatupidamislahendus on m\u00f5eldud ettev\u00f5tetele, mis on asutatud mitte rohkem kui kaks kuud tagasi. Pakkumine kehtib kolm kuud alates teenuse ostukuup\u00e4evast. <span class=\"ui-provider ec bes bet beu bev bew bex bey bez bfa bfb bfc bfd bfe bff bfg bfh bfi bfj bfk bfl bfm bfn bfo bfp bfq bfr bfs bft bfu bfv bfw bfx bfy bfz\" dir=\"ltr\">Seej\u00e4rel teeme teile personaalse pakkumise vastavalt teie ettev\u00f5tte igakuisele vajadusele.<\/span><\/li>\n<li>Igakuine tasu v\u00f5etakse teie krediitkaardilt maha jooksva kuu esimesel p\u00e4eval. See ei kehti esimese makse puhul.<\/li>\n<li>Me j\u00e4tame endale \u00f5iguse muuta teenuse hinda kohe, kui \u00fcksk\u00f5ik milline hinnapakkumises toodud n\u00e4itaja\/parameeter muutub rohkem kui 10% v\u00f5i t\u00f6\u00f6aeg \u00fcletab 1,5 tundi.<\/li>\n<li>Eelnevate perioodide andmete ja\/v\u00f5i eelnevate perioodide paranduste t\u00f6\u00f6tlemine ei sisaldu hinnas.<\/li>\n<li>V\u00f5tame vastu raamatupidamise algdokumente eesti, vene ning inglise keeles.<\/li>\n<li>Selleks, et deklaratsioonid saaksid iga kuu \u00f5igeaegselt esitatud, tuleb k\u00f5ik dokumendid edastada raamatupidajale nii varakult kui v\u00f5imalik, kuid mitte hiljem kui j\u00e4rgneva kuu 5. kuup\u00e4evaks. Hilinenud deklaratsioonid toovad kaasa Maksuameti trahvid. Esitamata j\u00e4\u00e4nud ja\/v\u00f5i n\u00f5utekohaselt vormistamata algdokumendid t\u00e4hendavad ettev\u00f5ttele lisadeklareerimist ja lisamaksukoormust.<\/li>\n<li>Ligip\u00e4\u00e4s dokumentidele Minu1Office kontol lepingu l\u00f5petamise j\u00e4rel on tasuline (50 EUR).<\/li>\n<\/ul>\n<p>[\/vc_column_text]\n\t\t\t\t            <\/div>\n\t        \t\t\t<\/dd>\n    \t<\/dl>\n    <!--<div class=\"extraborder\" style=\"background-color:#ffffff\"><\/div>-->\n<\/div>\n\n<\/div>[\/vc_column][\/vc_row]<\/p>\n<\/div>","protected":false},"excerpt":{"rendered":"<p>\u00d5nnitlused uue \u00e4ri alustamise puhul! Uued algused toovad alati uusi v\u00e4ljakutseid. \u00dcks neist on leida usaldusv\u00e4\u00e4rne raamatupidaja. 1Office&#8217;il on 17 aastat kogemusi raamatupidamis- ja \u00f5igusteenuste pakkumisel. Pikaajlise kogemuse p\u00f5hjal oleme v\u00e4lja t\u00f6\u00f6tanud lihtsa raamatupidamislahenduse Start Easy, mis muudab teie elu oluliselt lihtsamaks.<\/p>\n","protected":false},"featured_media":80522,"template":"","meta":{"_acf_changed":false,"inline_featured_image":false},"product_brand":[],"product_cat":[307],"product_tag":[311],"class_list":{"0":"post-80512","1":"product","2":"type-product","3":"status-publish","4":"has-post-thumbnail","6":"product_cat-raamatupidamine","7":"product_tag-eesti","8":"description-off","10":"first","11":"instock","12":"virtual","13":"taxable","14":"purchasable","15":"product-type-subscription"},"bundled_by":[],"bundle_stock_status":"instock","bundle_stock_quantity":null,"bundle_virtual":false,"bundle_layout":"","bundle_add_to_cart_form_location":"","bundle_editable_in_cart":false,"bundle_sold_individually_context":"","bundle_item_grouping":"","bundle_min_size":"","bundle_max_size":"","bundle_price":[],"bundled_items":[],"bundle_sell_ids":[],"acf":[],"yoast_head":"<!-- This site is optimized with the Yoast SEO Premium plugin v22.1 (Yoast SEO v27.0) - https:\/\/yoast.com\/product\/yoast-seo-premium-wordpress\/ -->\n<title>Alustava ettev\u00f5te raamatupidamisteenus - 1Office Estonia<\/title>\n<meta name=\"description\" content=\"\u00d5nnitlused uue \u00e4ri alustamise puhul! Uued algused toovad alati uusi v\u00e4ljakutseid. \u00dcks neist on leida usaldusv\u00e4\u00e4rne raamatupidaja. Loe l\u00e4hemalt\" \/>\n<meta name=\"robots\" content=\"index, follow, max-snippet:-1, max-image-preview:large, max-video-preview:-1\" \/>\n<link rel=\"canonical\" href=\"https:\/\/1office.co\/estonia\/et\/Teenus\/alustava-ettevote-raamatupidamisteenus\/\" \/>\n<meta property=\"og:locale\" content=\"et_EE\" \/>\n<meta property=\"og:type\" content=\"article\" \/>\n<meta property=\"og:title\" content=\"Alustava ettev\u00f5te raamatupidamisteenus\" \/>\n<meta property=\"og:description\" content=\"\u00d5nnitlused uue \u00e4ri alustamise puhul! Uued algused toovad alati uusi v\u00e4ljakutseid. \u00dcks neist on leida usaldusv\u00e4\u00e4rne raamatupidaja. Loe l\u00e4hemalt\" \/>\n<meta property=\"og:url\" content=\"https:\/\/1office.co\/estonia\/et\/Teenus\/alustava-ettevote-raamatupidamisteenus\/\" \/>\n<meta property=\"og:site_name\" content=\"1Office Estonia\" \/>\n<meta property=\"article:publisher\" content=\"https:\/\/www.facebook.com\/1Office\/?ref=br_rs\" \/>\n<meta property=\"article:modified_time\" content=\"2025-10-14T07:30:05+00:00\" \/>\n<meta property=\"og:image\" content=\"https:\/\/1office.co\/estonia\/wp-content\/uploads\/sites\/5\/2023\/09\/iStock-930511894-scaled.jpg\" \/>\n\t<meta property=\"og:image:width\" content=\"2560\" \/>\n\t<meta property=\"og:image:height\" content=\"1709\" \/>\n\t<meta property=\"og:image:type\" content=\"image\/jpeg\" \/>\n<meta name=\"twitter:card\" content=\"summary_large_image\" \/>\n<meta name=\"twitter:label1\" content=\"Est. reading time\" \/>\n\t<meta name=\"twitter:data1\" content=\"2 minutit\" \/>\n<script type=\"application\/ld+json\" class=\"yoast-schema-graph\">{\"@context\":\"https:\/\/schema.org\",\"@graph\":[{\"@type\":\"WebPage\",\"@id\":\"https:\/\/1office.co\/estonia\/et\/Teenus\/alustava-ettevote-raamatupidamisteenus\/\",\"url\":\"https:\/\/1office.co\/estonia\/et\/Teenus\/alustava-ettevote-raamatupidamisteenus\/\",\"name\":\"Alustava ettev\u00f5te raamatupidamisteenus - 1Office Estonia\",\"isPartOf\":{\"@id\":\"https:\/\/1office.co\/estonia\/ru\/#website\"},\"primaryImageOfPage\":{\"@id\":\"https:\/\/1office.co\/estonia\/et\/Teenus\/alustava-ettevote-raamatupidamisteenus\/#primaryimage\"},\"image\":{\"@id\":\"https:\/\/1office.co\/estonia\/et\/Teenus\/alustava-ettevote-raamatupidamisteenus\/#primaryimage\"},\"thumbnailUrl\":\"https:\/\/1office.co\/estonia\/wp-content\/uploads\/sites\/5\/2023\/09\/iStock-930511894-scaled.jpg\",\"datePublished\":\"2023-09-13T13:19:00+00:00\",\"dateModified\":\"2025-10-14T07:30:05+00:00\",\"description\":\"\u00d5nnitlused uue \u00e4ri alustamise puhul! Uued algused toovad alati uusi v\u00e4ljakutseid. \u00dcks neist on leida usaldusv\u00e4\u00e4rne raamatupidaja. Loe l\u00e4hemalt\",\"breadcrumb\":{\"@id\":\"https:\/\/1office.co\/estonia\/et\/Teenus\/alustava-ettevote-raamatupidamisteenus\/#breadcrumb\"},\"inLanguage\":\"et\",\"potentialAction\":[{\"@type\":\"ReadAction\",\"target\":[\"https:\/\/1office.co\/estonia\/et\/Teenus\/alustava-ettevote-raamatupidamisteenus\/\"]}]},{\"@type\":\"ImageObject\",\"inLanguage\":\"et\",\"@id\":\"https:\/\/1office.co\/estonia\/et\/Teenus\/alustava-ettevote-raamatupidamisteenus\/#primaryimage\",\"url\":\"https:\/\/1office.co\/estonia\/wp-content\/uploads\/sites\/5\/2023\/09\/iStock-930511894-scaled.jpg\",\"contentUrl\":\"https:\/\/1office.co\/estonia\/wp-content\/uploads\/sites\/5\/2023\/09\/iStock-930511894-scaled.jpg\",\"width\":2560,\"height\":1709,\"caption\":\"Positive group of diverse business colleagues clapping together during a meeting while sitting in a modern office\"},{\"@type\":\"BreadcrumbList\",\"@id\":\"https:\/\/1office.co\/estonia\/et\/Teenus\/alustava-ettevote-raamatupidamisteenus\/#breadcrumb\",\"itemListElement\":[{\"@type\":\"ListItem\",\"position\":1,\"name\":\"Home\",\"item\":\"https:\/\/1office.co\/estonia\/et\/\"},{\"@type\":\"ListItem\",\"position\":2,\"name\":\"Services Shop\",\"item\":\"https:\/\/1office.co\/estonia\/services-shop\/\"},{\"@type\":\"ListItem\",\"position\":3,\"name\":\"Alustava ettev\u00f5te raamatupidamisteenus\"}]},{\"@type\":\"WebSite\",\"@id\":\"https:\/\/1office.co\/estonia\/ru\/#website\",\"url\":\"https:\/\/1office.co\/estonia\/ru\/\",\"name\":\"1Office Estonia\",\"description\":\"Making Business Simple\",\"potentialAction\":[{\"@type\":\"SearchAction\",\"target\":{\"@type\":\"EntryPoint\",\"urlTemplate\":\"https:\/\/1office.co\/estonia\/ru\/?s={search_term_string}\"},\"query-input\":{\"@type\":\"PropertyValueSpecification\",\"valueRequired\":true,\"valueName\":\"search_term_string\"}}],\"inLanguage\":\"et\"}]}<\/script>\n<!-- \/ Yoast SEO Premium plugin. -->","yoast_head_json":{"title":"Alustava ettev\u00f5te raamatupidamisteenus - 1Office Estonia","description":"\u00d5nnitlused uue \u00e4ri alustamise puhul! Uued algused toovad alati uusi v\u00e4ljakutseid. \u00dcks neist on leida usaldusv\u00e4\u00e4rne raamatupidaja. Loe l\u00e4hemalt","robots":{"index":"index","follow":"follow","max-snippet":"max-snippet:-1","max-image-preview":"max-image-preview:large","max-video-preview":"max-video-preview:-1"},"canonical":"https:\/\/1office.co\/estonia\/et\/Teenus\/alustava-ettevote-raamatupidamisteenus\/","og_locale":"et_EE","og_type":"article","og_title":"Alustava ettev\u00f5te raamatupidamisteenus","og_description":"\u00d5nnitlused uue \u00e4ri alustamise puhul! Uued algused toovad alati uusi v\u00e4ljakutseid. \u00dcks neist on leida usaldusv\u00e4\u00e4rne raamatupidaja. Loe l\u00e4hemalt","og_url":"https:\/\/1office.co\/estonia\/et\/Teenus\/alustava-ettevote-raamatupidamisteenus\/","og_site_name":"1Office Estonia","article_publisher":"https:\/\/www.facebook.com\/1Office\/?ref=br_rs","article_modified_time":"2025-10-14T07:30:05+00:00","og_image":[{"width":2560,"height":1709,"url":"https:\/\/1office.co\/estonia\/wp-content\/uploads\/sites\/5\/2023\/09\/iStock-930511894-scaled.jpg","type":"image\/jpeg"}],"twitter_card":"summary_large_image","twitter_misc":{"Est. reading time":"2 minutit"},"schema":{"@context":"https:\/\/schema.org","@graph":[{"@type":"WebPage","@id":"https:\/\/1office.co\/estonia\/et\/Teenus\/alustava-ettevote-raamatupidamisteenus\/","url":"https:\/\/1office.co\/estonia\/et\/Teenus\/alustava-ettevote-raamatupidamisteenus\/","name":"Alustava ettev\u00f5te raamatupidamisteenus - 1Office Estonia","isPartOf":{"@id":"https:\/\/1office.co\/estonia\/ru\/#website"},"primaryImageOfPage":{"@id":"https:\/\/1office.co\/estonia\/et\/Teenus\/alustava-ettevote-raamatupidamisteenus\/#primaryimage"},"image":{"@id":"https:\/\/1office.co\/estonia\/et\/Teenus\/alustava-ettevote-raamatupidamisteenus\/#primaryimage"},"thumbnailUrl":"https:\/\/1office.co\/estonia\/wp-content\/uploads\/sites\/5\/2023\/09\/iStock-930511894-scaled.jpg","datePublished":"2023-09-13T13:19:00+00:00","dateModified":"2025-10-14T07:30:05+00:00","description":"\u00d5nnitlused uue \u00e4ri alustamise puhul! Uued algused toovad alati uusi v\u00e4ljakutseid. \u00dcks neist on leida usaldusv\u00e4\u00e4rne raamatupidaja. Loe l\u00e4hemalt","breadcrumb":{"@id":"https:\/\/1office.co\/estonia\/et\/Teenus\/alustava-ettevote-raamatupidamisteenus\/#breadcrumb"},"inLanguage":"et","potentialAction":[{"@type":"ReadAction","target":["https:\/\/1office.co\/estonia\/et\/Teenus\/alustava-ettevote-raamatupidamisteenus\/"]}]},{"@type":"ImageObject","inLanguage":"et","@id":"https:\/\/1office.co\/estonia\/et\/Teenus\/alustava-ettevote-raamatupidamisteenus\/#primaryimage","url":"https:\/\/1office.co\/estonia\/wp-content\/uploads\/sites\/5\/2023\/09\/iStock-930511894-scaled.jpg","contentUrl":"https:\/\/1office.co\/estonia\/wp-content\/uploads\/sites\/5\/2023\/09\/iStock-930511894-scaled.jpg","width":2560,"height":1709,"caption":"Positive group of diverse business colleagues clapping together during a meeting while sitting in a modern office"},{"@type":"BreadcrumbList","@id":"https:\/\/1office.co\/estonia\/et\/Teenus\/alustava-ettevote-raamatupidamisteenus\/#breadcrumb","itemListElement":[{"@type":"ListItem","position":1,"name":"Home","item":"https:\/\/1office.co\/estonia\/et\/"},{"@type":"ListItem","position":2,"name":"Services Shop","item":"https:\/\/1office.co\/estonia\/services-shop\/"},{"@type":"ListItem","position":3,"name":"Alustava ettev\u00f5te raamatupidamisteenus"}]},{"@type":"WebSite","@id":"https:\/\/1office.co\/estonia\/ru\/#website","url":"https:\/\/1office.co\/estonia\/ru\/","name":"1Office Estonia","description":"Making Business Simple","potentialAction":[{"@type":"SearchAction","target":{"@type":"EntryPoint","urlTemplate":"https:\/\/1office.co\/estonia\/ru\/?s={search_term_string}"},"query-input":{"@type":"PropertyValueSpecification","valueRequired":true,"valueName":"search_term_string"}}],"inLanguage":"et"}]}},"_links":{"self":[{"href":"https:\/\/1office.co\/estonia\/et\/wp-json\/wp\/v2\/product\/80512","targetHints":{"allow":["GET"]}}],"collection":[{"href":"https:\/\/1office.co\/estonia\/et\/wp-json\/wp\/v2\/product"}],"about":[{"href":"https:\/\/1office.co\/estonia\/et\/wp-json\/wp\/v2\/types\/product"}],"wp:featuredmedia":[{"embeddable":true,"href":"https:\/\/1office.co\/estonia\/et\/wp-json\/wp\/v2\/media\/80522"}],"wp:attachment":[{"href":"https:\/\/1office.co\/estonia\/et\/wp-json\/wp\/v2\/media?parent=80512"}],"wp:term":[{"taxonomy":"product_brand","embeddable":true,"href":"https:\/\/1office.co\/estonia\/et\/wp-json\/wp\/v2\/product_brand?post=80512"},{"taxonomy":"product_cat","embeddable":true,"href":"https:\/\/1office.co\/estonia\/et\/wp-json\/wp\/v2\/product_cat?post=80512"},{"taxonomy":"product_tag","embeddable":true,"href":"https:\/\/1office.co\/estonia\/et\/wp-json\/wp\/v2\/product_tag?post=80512"}],"curies":[{"name":"wp","href":"https:\/\/api.w.org\/{rel}","templated":true}]}}