{"id":66935,"date":"2019-09-16T10:49:43","date_gmt":"2019-09-16T10:49:43","guid":{"rendered":"https:\/\/1office.co\/?page_id=66935"},"modified":"2022-01-27T07:25:25","modified_gmt":"2022-01-27T07:25:25","slug":"eas","status":"publish","type":"page","link":"https:\/\/1office.co\/et\/eas\/","title":{"rendered":"EAS Projekt"},"content":{"rendered":"<div class=\"wpb-content-wrapper\"><p>[vc_row full_width=&#8221;stretch_row&#8221; bg_type=&#8221;image&#8221; parallax_style=&#8221;vcpb-default&#8221; bg_image_new=&#8221;id^53298|url^https:\/\/1office.co\/wp-content\/uploads\/revslider\/the7-hero-scene-bottom-icons\/bg-slider-icons-bottom.jpg|caption^null|alt^null|title^bg-slider-icons-bottom.jpg|description^null&#8221; bg_image_repeat=&#8221;no-repeat&#8221; bg_img_attach=&#8221;fixed&#8221; bg_image_posiiton=&#8221;0 10%&#8221; el_class=&#8221;one-blog-head&#8221;][vc_column]<div id=\"ultimate-heading-281669e2fe2984f24\" class=\"uvc-heading ult-adjust-bottom-margin ultimate-heading-281669e2fe2984f24 uvc-9991 \" data-hspacer=\"no_spacer\"  data-halign=\"left\" style=\"text-align:left\"><div class=\"uvc-heading-spacer no_spacer\" style=\"top\"><\/div><div class=\"uvc-main-heading ult-responsive\"  data-ultimate-target='.uvc-heading.ultimate-heading-281669e2fe2984f24 h1'  data-responsive-json-new='{\"font-size\":\"desktop:42px;\",\"line-height\":\"\"}' ><h1 style=\"font-weight:bold;color:#ffffff;\">EAS PROJEKT<\/h1><\/div><\/div>[\/vc_column][\/vc_row][vc_row main_heading=&#8221;Why choose 1Office&#8221; main_heading_color=&#8221;&#8221; heading_tag=&#8221;h2&#8243; sub_heading_color=&#8221;#999999&#8243; alignment=&#8221;center&#8221; spacer=&#8221;line_only&#8221; spacer_position=&#8221;middle&#8221; spacer_img_width=&#8221;48&#8243; line_style=&#8221;solid&#8221; line_height=&#8221;3&#8243; line_color=&#8221;&#8221; line_icon_fixer=&#8221;10&#8243; sub_heading_style=&#8221;font-style:italic;&#8221; sub_heading_font_size=&#8221;desktop:18px;&#8221; sub_heading_line_height=&#8221;desktop:28px;&#8221; main_heading_style=&#8221;font-weight:bold;&#8221; main_heading_margin=&#8221;margin-bottom:15px;&#8221; line_width=&#8221;200&#8243; el_class=&#8221;accent-border-color&#8221; main_heading_font_size=&#8221;desktop:34px;&#8221; main_heading_line_height=&#8221;desktop:44px;&#8221; margin_design_tab_text=&#8221;&#8221; main_heading_typograpy=&#8221;&#8221; main_heading_font_family=&#8221;&#8221; sub_heading_typograpy=&#8221;&#8221; sub_heading_font_family=&#8221;&#8221; sub_heading_margin=&#8221;&#8221; spacer_img=&#8221;&#8221; spacer_margin=&#8221;&#8221;][vc_column]<div id=\"ultimate-heading-156369e2fe2984f7c\" class=\"uvc-heading ult-adjust-bottom-margin ultimate-heading-156369e2fe2984f7c uvc-2208 accent-border-color\" data-hspacer=\"line_only\"  data-halign=\"center\" style=\"text-align:center\"><div class=\"uvc-main-heading ult-responsive\"  data-ultimate-target='.uvc-heading.ultimate-heading-156369e2fe2984f7c h2'  data-responsive-json-new='{\"font-size\":\"desktop:34px;\",\"line-height\":\"desktop:44px;\"}' ><h2 style=\"font-weight:bold;margin-bottom:15px;\">1Office Digikontori arendusprojekt<\/h2><\/div><div class=\"uvc-heading-spacer line_only\" style=\"topheight:3px;\"><span class=\"uvc-headings-line\" style=\"border-style:solid;border-bottom-width:3px;border-color:;width:200px;\"><\/span><\/div><\/div>[vc_empty_space][\/vc_column][\/vc_row][vc_row][vc_column][vc_column_text]<\/p>\n<h4 style=\"text-align: center;\"><strong>1Office Digikontori arendusprojekt<\/strong><\/h4>\n<p>[\/vc_column_text][vc_single_image image=&#8221;66951&#8243; img_size=&#8221;medium&#8221; alignment=&#8221;center&#8221;][\/vc_column][\/vc_row][vc_row css=&#8221;.vc_custom_1567085988438{padding-bottom: 40px !important;}&#8221;][vc_column][vc_column_text]<\/p>\n<h3 class=\"title-and-badge style-scope ytd-video-renderer\"><strong><span style=\"color: #99cc00;\">EAS PROJECT<\/span><\/strong> | <strong>1Office Digikontori arendusprojekt<\/strong><\/h3>\n<p>[\/vc_column_text][vc_column_text]<strong>Projekti: EU53263 1Office Digikontori arendusprojekt<\/strong><\/p>\n<p><strong><em>2014-2020.4.04.21-1980\u00a01Office Digikontori arenduse j\u00e4tkuprojekt<br \/>\n<\/em><\/strong><strong><br \/>\nPeriood: 01.05.2019- 31.10.2020<\/strong><\/p>\n<p><em>1.10.2021-31.03.2023<\/em><\/p>\n<p>EAS poolt eraldatud toetuse summa on 92 560 EUR ja j\u00e4tkuprojekti puhul\u00a0\u00a0207 090 EUR<\/p>\n<p>1Office osaleb EAS ettev\u00f5tte arenguprogrammis, eesm\u00e4rgiga v\u00e4lja t\u00f6\u00f6tada ja turule tuua uued innovaatilised tooted ning asukohast s\u00f5ltumatud digikontori teenused, t\u00f5sta ettev\u00f5tte turundus- ja ekspordiv\u00f5imekust ning tuntust sihtturgudel. Arenguplaani tulemusel t\u00f5useb ettev\u00f5tte m\u00fc\u00fcgitulu ning lisandv\u00e4\u00e4rtus t\u00f6\u00f6taja kohta.<\/p>\n<p>EAS poolt eraldatud toetuse summa on 92 560 EUR.<\/p>\n<p>Projekti tulemusel valmib uus digikontori platvorm unikaalsete teenustega, mis on modelleeritav ning kergesti skaleeritav erinevatele turgudele; teenuse osutamise protsessid on integreeritud, standardiseeritud ja automatiseeritud.[\/vc_column_text][\/vc_column][\/vc_row]<\/p>\n<\/div>","protected":false},"excerpt":{"rendered":"<p>[vc_row full_width=&#8221;stretch_row&#8221; bg_type=&#8221;image&#8221; parallax_style=&#8221;vcpb-default&#8221; bg_image_new=&#8221;id^53298|url^https:\/\/1office.co\/wp-content\/uploads\/revslider\/the7-hero-scene-bottom-icons\/bg-slider-icons-bottom.jpg|caption^null|alt^null|title^bg-slider-icons-bottom.jpg|description^null&#8221; bg_image_repeat=&#8221;no-repeat&#8221; bg_img_attach=&#8221;fixed&#8221; bg_image_posiiton=&#8221;0 10%&#8221; el_class=&#8221;one-blog-head&#8221;][vc_column][\/vc_column][\/vc_row][vc_row main_heading=&#8221;Why choose 1Office&#8221; main_heading_color=&#8221;&#8221; heading_tag=&#8221;h2&#8243; sub_heading_color=&#8221;#999999&#8243; alignment=&#8221;center&#8221; spacer=&#8221;line_only&#8221; spacer_position=&#8221;middle&#8221; spacer_img_width=&#8221;48&#8243; line_style=&#8221;solid&#8221; line_height=&#8221;3&#8243; line_color=&#8221;&#8221; line_icon_fixer=&#8221;10&#8243; sub_heading_style=&#8221;font-style:italic;&#8221; sub_heading_font_size=&#8221;desktop:18px;&#8221; sub_heading_line_height=&#8221;desktop:28px;&#8221; main_heading_style=&#8221;font-weight:bold;&#8221; main_heading_margin=&#8221;margin-bottom:15px;&#8221; line_width=&#8221;200&#8243; el_class=&#8221;accent-border-color&#8221; main_heading_font_size=&#8221;desktop:34px;&#8221; main_heading_line_height=&#8221;desktop:44px;&#8221; margin_design_tab_text=&#8221;&#8221; main_heading_typograpy=&#8221;&#8221; main_heading_font_family=&#8221;&#8221; sub_heading_typograpy=&#8221;&#8221; sub_heading_font_family=&#8221;&#8221; sub_heading_margin=&#8221;&#8221; spacer_img=&#8221;&#8221; spacer_margin=&#8221;&#8221;][vc_column][vc_empty_space][\/vc_column][\/vc_row][vc_row][vc_column][vc_column_text] 1Office Digikontori arendusprojekt [\/vc_column_text][vc_single_image image=&#8221;66951&#8243; img_size=&#8221;medium&#8221; alignment=&#8221;center&#8221;][\/vc_column][\/vc_row][vc_row css=&#8221;.vc_custom_1567085988438{padding-bottom: 40px !important;}&#8221;][vc_column][vc_column_text] EAS PROJECT | 1Office&hellip;<\/p>\n","protected":false},"author":1,"featured_media":0,"parent":0,"menu_order":88,"comment_status":"closed","ping_status":"closed","template":"","meta":{"_acf_changed":false,"inline_featured_image":false,"footnotes":"","_wp_rev_ctl_limit":""},"class_list":["post-66935","page","type-page","status-publish","hentry","description-off"],"acf":[],"yoast_head":"<!-- This site is optimized with the Yoast SEO Premium plugin v22.1 (Yoast SEO v27.0) - https:\/\/yoast.com\/product\/yoast-seo-premium-wordpress\/ -->\n<title>EAS Projekt - 1Office<\/title>\n<meta name=\"robots\" content=\"index, follow, max-snippet:-1, max-image-preview:large, max-video-preview:-1\" \/>\n<link rel=\"canonical\" href=\"https:\/\/1office.co\/et\/eas\/\" \/>\n<meta property=\"og:locale\" content=\"et_EE\" \/>\n<meta property=\"og:type\" content=\"article\" \/>\n<meta property=\"og:title\" content=\"EAS Projekt\" \/>\n<meta property=\"og:description\" content=\"[vc_row full_width=&#8221;stretch_row&#8221; bg_type=&#8221;image&#8221; parallax_style=&#8221;vcpb-default&#8221; bg_image_new=&#8221;id^53298|url^https:\/\/1office.co\/wp-content\/uploads\/revslider\/the7-hero-scene-bottom-icons\/bg-slider-icons-bottom.jpg|caption^null|alt^null|title^bg-slider-icons-bottom.jpg|description^null&#8221; bg_image_repeat=&#8221;no-repeat&#8221; bg_img_attach=&#8221;fixed&#8221; bg_image_posiiton=&#8221;0 10%&#8221; el_class=&#8221;one-blog-head&#8221;][vc_column][\/vc_column][\/vc_row][vc_row main_heading=&#8221;Why choose 1Office&#8221; main_heading_color=&#8221;&#8221; heading_tag=&#8221;h2&#8243; sub_heading_color=&#8221;#999999&#8243; alignment=&#8221;center&#8221; spacer=&#8221;line_only&#8221; spacer_position=&#8221;middle&#8221; spacer_img_width=&#8221;48&#8243; line_style=&#8221;solid&#8221; line_height=&#8221;3&#8243; line_color=&#8221;&#8221; line_icon_fixer=&#8221;10&#8243; sub_heading_style=&#8221;font-style:italic;&#8221; sub_heading_font_size=&#8221;desktop:18px;&#8221; sub_heading_line_height=&#8221;desktop:28px;&#8221; main_heading_style=&#8221;font-weight:bold;&#8221; main_heading_margin=&#8221;margin-bottom:15px;&#8221; line_width=&#8221;200&#8243; el_class=&#8221;accent-border-color&#8221; main_heading_font_size=&#8221;desktop:34px;&#8221; main_heading_line_height=&#8221;desktop:44px;&#8221; margin_design_tab_text=&#8221;&#8221; main_heading_typograpy=&#8221;&#8221; main_heading_font_family=&#8221;&#8221; sub_heading_typograpy=&#8221;&#8221; sub_heading_font_family=&#8221;&#8221; sub_heading_margin=&#8221;&#8221; spacer_img=&#8221;&#8221; spacer_margin=&#8221;&#8221;][vc_column][vc_empty_space][\/vc_column][\/vc_row][vc_row][vc_column][vc_column_text] 1Office Digikontori arendusprojekt [\/vc_column_text][vc_single_image image=&#8221;66951&#8243; img_size=&#8221;medium&#8221; alignment=&#8221;center&#8221;][\/vc_column][\/vc_row][vc_row css=&#8221;.vc_custom_1567085988438{padding-bottom: 40px !important;}&#8221;][vc_column][vc_column_text] EAS PROJECT | 1Office&hellip;\" \/>\n<meta property=\"og:url\" content=\"https:\/\/1office.co\/et\/eas\/\" \/>\n<meta property=\"og:site_name\" content=\"1Office\" \/>\n<meta property=\"article:modified_time\" content=\"2022-01-27T07:25:25+00:00\" \/>\n<meta name=\"twitter:card\" content=\"summary_large_image\" \/>\n<meta name=\"twitter:label1\" content=\"Est. reading time\" \/>\n\t<meta name=\"twitter:data1\" content=\"1 minut\" \/>\n<script type=\"application\/ld+json\" class=\"yoast-schema-graph\">{\"@context\":\"https:\/\/schema.org\",\"@graph\":[{\"@type\":\"WebPage\",\"@id\":\"https:\/\/1office.co\/et\/eas\/\",\"url\":\"https:\/\/1office.co\/et\/eas\/\",\"name\":\"EAS Projekt - 1Office\",\"isPartOf\":{\"@id\":\"https:\/\/1office.co\/et\/#website\"},\"datePublished\":\"2019-09-16T10:49:43+00:00\",\"dateModified\":\"2022-01-27T07:25:25+00:00\",\"breadcrumb\":{\"@id\":\"https:\/\/1office.co\/et\/eas\/#breadcrumb\"},\"inLanguage\":\"et\",\"potentialAction\":[{\"@type\":\"ReadAction\",\"target\":[\"https:\/\/1office.co\/et\/eas\/\"]}]},{\"@type\":\"BreadcrumbList\",\"@id\":\"https:\/\/1office.co\/et\/eas\/#breadcrumb\",\"itemListElement\":[{\"@type\":\"ListItem\",\"position\":1,\"name\":\"Home\",\"item\":\"https:\/\/1office.co\/et\/\"},{\"@type\":\"ListItem\",\"position\":2,\"name\":\"EAS Projekt\"}]},{\"@type\":\"WebSite\",\"@id\":\"https:\/\/1office.co\/et\/#website\",\"url\":\"https:\/\/1office.co\/et\/\",\"name\":\"1Office\",\"description\":\"Making Business Simple\",\"publisher\":{\"@id\":\"https:\/\/1office.co\/et\/#organization\"},\"potentialAction\":[{\"@type\":\"SearchAction\",\"target\":{\"@type\":\"EntryPoint\",\"urlTemplate\":\"https:\/\/1office.co\/et\/?s={search_term_string}\"},\"query-input\":{\"@type\":\"PropertyValueSpecification\",\"valueRequired\":true,\"valueName\":\"search_term_string\"}}],\"inLanguage\":\"et\"},{\"@type\":\"Organization\",\"@id\":\"https:\/\/1office.co\/et\/#organization\",\"name\":\"1Office\",\"url\":\"https:\/\/1office.co\/et\/\",\"logo\":{\"@type\":\"ImageObject\",\"inLanguage\":\"et\",\"@id\":\"https:\/\/1office.co\/et\/#\/schema\/logo\/image\/\",\"url\":\"https:\/\/1office.co\/wp-content\/uploads\/2018\/01\/1office-invoice-logo-2.png\",\"contentUrl\":\"https:\/\/1office.co\/wp-content\/uploads\/2018\/01\/1office-invoice-logo-2.png\",\"width\":300,\"height\":83,\"caption\":\"1Office\"},\"image\":{\"@id\":\"https:\/\/1office.co\/et\/#\/schema\/logo\/image\/\"}}]}<\/script>\n<!-- \/ Yoast SEO Premium plugin. -->","yoast_head_json":{"title":"EAS Projekt - 1Office","robots":{"index":"index","follow":"follow","max-snippet":"max-snippet:-1","max-image-preview":"max-image-preview:large","max-video-preview":"max-video-preview:-1"},"canonical":"https:\/\/1office.co\/et\/eas\/","og_locale":"et_EE","og_type":"article","og_title":"EAS Projekt","og_description":"[vc_row full_width=&#8221;stretch_row&#8221; bg_type=&#8221;image&#8221; parallax_style=&#8221;vcpb-default&#8221; bg_image_new=&#8221;id^53298|url^https:\/\/1office.co\/wp-content\/uploads\/revslider\/the7-hero-scene-bottom-icons\/bg-slider-icons-bottom.jpg|caption^null|alt^null|title^bg-slider-icons-bottom.jpg|description^null&#8221; bg_image_repeat=&#8221;no-repeat&#8221; bg_img_attach=&#8221;fixed&#8221; bg_image_posiiton=&#8221;0 10%&#8221; el_class=&#8221;one-blog-head&#8221;][vc_column][\/vc_column][\/vc_row][vc_row main_heading=&#8221;Why choose 1Office&#8221; main_heading_color=&#8221;&#8221; heading_tag=&#8221;h2&#8243; sub_heading_color=&#8221;#999999&#8243; alignment=&#8221;center&#8221; spacer=&#8221;line_only&#8221; spacer_position=&#8221;middle&#8221; spacer_img_width=&#8221;48&#8243; line_style=&#8221;solid&#8221; line_height=&#8221;3&#8243; line_color=&#8221;&#8221; line_icon_fixer=&#8221;10&#8243; sub_heading_style=&#8221;font-style:italic;&#8221; sub_heading_font_size=&#8221;desktop:18px;&#8221; sub_heading_line_height=&#8221;desktop:28px;&#8221; main_heading_style=&#8221;font-weight:bold;&#8221; main_heading_margin=&#8221;margin-bottom:15px;&#8221; line_width=&#8221;200&#8243; el_class=&#8221;accent-border-color&#8221; main_heading_font_size=&#8221;desktop:34px;&#8221; main_heading_line_height=&#8221;desktop:44px;&#8221; margin_design_tab_text=&#8221;&#8221; main_heading_typograpy=&#8221;&#8221; main_heading_font_family=&#8221;&#8221; sub_heading_typograpy=&#8221;&#8221; sub_heading_font_family=&#8221;&#8221; sub_heading_margin=&#8221;&#8221; spacer_img=&#8221;&#8221; spacer_margin=&#8221;&#8221;][vc_column][vc_empty_space][\/vc_column][\/vc_row][vc_row][vc_column][vc_column_text] 1Office Digikontori arendusprojekt [\/vc_column_text][vc_single_image image=&#8221;66951&#8243; img_size=&#8221;medium&#8221; alignment=&#8221;center&#8221;][\/vc_column][\/vc_row][vc_row css=&#8221;.vc_custom_1567085988438{padding-bottom: 40px !important;}&#8221;][vc_column][vc_column_text] EAS PROJECT | 1Office&hellip;","og_url":"https:\/\/1office.co\/et\/eas\/","og_site_name":"1Office","article_modified_time":"2022-01-27T07:25:25+00:00","twitter_card":"summary_large_image","twitter_misc":{"Est. reading time":"1 minut"},"schema":{"@context":"https:\/\/schema.org","@graph":[{"@type":"WebPage","@id":"https:\/\/1office.co\/et\/eas\/","url":"https:\/\/1office.co\/et\/eas\/","name":"EAS Projekt - 1Office","isPartOf":{"@id":"https:\/\/1office.co\/et\/#website"},"datePublished":"2019-09-16T10:49:43+00:00","dateModified":"2022-01-27T07:25:25+00:00","breadcrumb":{"@id":"https:\/\/1office.co\/et\/eas\/#breadcrumb"},"inLanguage":"et","potentialAction":[{"@type":"ReadAction","target":["https:\/\/1office.co\/et\/eas\/"]}]},{"@type":"BreadcrumbList","@id":"https:\/\/1office.co\/et\/eas\/#breadcrumb","itemListElement":[{"@type":"ListItem","position":1,"name":"Home","item":"https:\/\/1office.co\/et\/"},{"@type":"ListItem","position":2,"name":"EAS Projekt"}]},{"@type":"WebSite","@id":"https:\/\/1office.co\/et\/#website","url":"https:\/\/1office.co\/et\/","name":"1Office","description":"Making Business Simple","publisher":{"@id":"https:\/\/1office.co\/et\/#organization"},"potentialAction":[{"@type":"SearchAction","target":{"@type":"EntryPoint","urlTemplate":"https:\/\/1office.co\/et\/?s={search_term_string}"},"query-input":{"@type":"PropertyValueSpecification","valueRequired":true,"valueName":"search_term_string"}}],"inLanguage":"et"},{"@type":"Organization","@id":"https:\/\/1office.co\/et\/#organization","name":"1Office","url":"https:\/\/1office.co\/et\/","logo":{"@type":"ImageObject","inLanguage":"et","@id":"https:\/\/1office.co\/et\/#\/schema\/logo\/image\/","url":"https:\/\/1office.co\/wp-content\/uploads\/2018\/01\/1office-invoice-logo-2.png","contentUrl":"https:\/\/1office.co\/wp-content\/uploads\/2018\/01\/1office-invoice-logo-2.png","width":300,"height":83,"caption":"1Office"},"image":{"@id":"https:\/\/1office.co\/et\/#\/schema\/logo\/image\/"}}]}},"_links":{"self":[{"href":"https:\/\/1office.co\/et\/wp-json\/wp\/v2\/pages\/66935","targetHints":{"allow":["GET"]}}],"collection":[{"href":"https:\/\/1office.co\/et\/wp-json\/wp\/v2\/pages"}],"about":[{"href":"https:\/\/1office.co\/et\/wp-json\/wp\/v2\/types\/page"}],"author":[{"embeddable":true,"href":"https:\/\/1office.co\/et\/wp-json\/wp\/v2\/users\/1"}],"replies":[{"embeddable":true,"href":"https:\/\/1office.co\/et\/wp-json\/wp\/v2\/comments?post=66935"}],"version-history":[{"count":0,"href":"https:\/\/1office.co\/et\/wp-json\/wp\/v2\/pages\/66935\/revisions"}],"wp:attachment":[{"href":"https:\/\/1office.co\/et\/wp-json\/wp\/v2\/media?parent=66935"}],"curies":[{"name":"wp","href":"https:\/\/api.w.org\/{rel}","templated":true}]}}