{"id":57545,"date":"2017-08-10T10:40:23","date_gmt":"2017-08-10T10:40:23","guid":{"rendered":"https:\/\/1office.co\/finland\/product\/raamatupidamisteenuse-alustustasu\/"},"modified":"2025-09-16T07:45:47","modified_gmt":"2025-09-16T07:45:47","slug":"raamatupidamise-teenuse-alustustasu-soomes","status":"publish","type":"product","link":"https:\/\/1office.co\/finland\/et\/toode\/raamatupidamise-teenuse-alustustasu-soomes\/","title":{"rendered":"Raamatupidamise alustustasu Soomes"},"content":{"rendered":"<div class=\"wpb-content-wrapper\"><p>[vc_row][vc_column]<div id=\"advanced-tabs-desc-wrap-1023\" class=\"ult_tabs product_tabs\" style=\" \" data-tabsstyle=\"style1\"\n data-titlebg=\"#ffffff\" data-titlecolor=\"#b6b8ba\" data-fullheight=\"off\"\n data-titlehoverbg=\"#ffffff\" data-titlehovercolor=\"#1d1e23\"\n data-rotatetabs=\"0\" data-responsivemode=\"Both\" data-animation=\"Slide\"\ndata-activetitle=\"#1d1e23\" data-activeicon=\"\" data-activebg=\"#ffffff\"  data-respmode=\"Tabs\" data-respwidth=\"400\" data-scroll = \"on\" data-activeindex=\"1\"><ul id=advanced-tabs-wrap-1929 class=\"ult_tabmenu style1 \" style=\"\"><li class=\"ult_tab_li  \" data-iconcolor=\"#74777b\" data-iconhover=\"#ffffff\" style=\"background-color:#ffffff;border-color:transparent;border-width:0px;border-style:solid;border-top-right-radius:8px;\">\n\t\t\t\t\t<a href=\"#1512642751410-8d7ab-c11d\"  id=\"1512642751410-8d7ab-c11d\"  style=\"color:#b6b8ba;; padding:15px; \" class=\"ult_a  \">\n\t\t\t\t\t     <span class=\"ult_tab_main Both \">\n\t\t\t\t\t \t\t <span class=\"ult_tab_section\">\n\t\t\t\t\t   \t\t\t<span  data-ultimate-target='#advanced-tabs-wrap-1929 .ult-span-text'  data-responsive-json-new='{\"font-size\":\"desktop:14px;\",\"line-height\":\"\"}'  class=\"ult-span-text no_icon ult_tab_display_text ult-responsive\" style=\"font-weight:bold;;\">Kirjeldus<\/span>\n\t\t\t\t\t   \t\t<\/span>\n\t\t\t\t\t\t<\/span>\n\t\t\t\t\t<\/a>\n\t\t\t\t\t<\/li><\/ul><div  data-ultimate-target='#advanced-tabs-desc-wrap-1023 .ult_tabcontent .ult_tab_min_contain  p'  data-responsive-json-new='{\"font-size\":\"\",\"line-height\":\"\"}' class=\"ult_tabcontent ult-responsive style1\" style=\"color:#74777b;\"><div class=\"ult_tab_min_contain \" >\n\t\t\t<div  class=\"ult_tabitemname\"  >\n\t\t\t\t[vc_column_text css=&#8221;&#8221;]Kiire ning t\u00f5hus raamatupidamine teeb Sinu elu lihtsamaks. T\u00e4pne raamatupidamise maht ja protseduurid lepitakse iga kliendiga eraldi kokku.<\/p>\n<p>&nbsp;<\/p>\n<h3><span style=\"color: #98c93c;\"><strong>T\u00e4htsaimad v\u00f5imalused ja aspektid, mida meie teenus sisaldab:<\/strong><\/span><\/h3>\n<ul>\n<li><strong>Jooksev raamatupidamine<\/strong><\/li>\n<li><strong>Asukohast s\u00f5ltumatu ligip\u00e4\u00e4s veebip\u00f5hisele raamatupidamisprogrammile<\/strong><\/li>\n<li><strong>V\u00f5imalus ise m\u00fc\u00fcgiarveid luua<\/strong> &#8211; M\u00fc\u00fcgiarveid saate koostada ise v\u00f5i lasta meie raamatupidajatel neid teie eest koostada.<\/li>\n<li><strong>Reaalajas \u00fclevaade ettev\u00f5tte tulemustest ja rahavoogudest \u2013 <\/strong>sh laekumata\/tasumata arved, enimm\u00fc\u00fcdud tooted ja muu vajalik info visuaalsete graafikute kujul. Teenuse kasutamine on paindlik: s\u00f5ltub teie vajadustest, t\u00f6\u00f6viisidest ja kasutatavatest pankadest.<\/li>\n<li><strong>Lihtne kuludokumentide ja ostuarvete edastamine \u2013 <\/strong>tehke dokumentidest lihtsalt pilt mobiili\u00e4pi kaudu v\u00f5i saatke need e-postiga. Lisaks saate koostada ja edastada: l\u00e4hetusaruandeid, s\u00f5idup\u00e4evikuid, muid finantsdokumente.<\/li>\n<li>Edasta ka <strong>ostuarveid<\/strong> otse raamatupidamisprogrammi<\/li>\n<li><strong>V\u00f5imalus e-arvete kasutamiseks<\/strong><\/li>\n<li><strong>Ostuarvete kinnitusring<\/strong> &#8211; Sul on v\u00f5imalik k\u00f5ik ostuarved kinnitada enne, kui need raamatupidamisse salvestatakse ja integreeritud panka maksmisele edasi saadetakse. Arveid saab kinnitada otse programmis v\u00f5i \u00e4pi kaudu.<\/li>\n<li><strong>Automaatne \u00fchenduvus integreeritud pankadega<\/strong><\/li>\n<\/ul>\n<p>&nbsp;<\/p>\n<h3><span style=\"color: #98c93c;\"><strong>Hinnas sisaldub:<\/strong><\/span><\/h3>\n<ul>\n<li>Jooksev raamatupidamine \u00fcleval v\u00e4ljatoodud v\u00f5imalustega<\/li>\n<li>Palgadeklaratsioonid<\/li>\n<li>K\u00e4ibemaksu deklaratsioonid<\/li>\n<li>T\u00e4pne raamatupidamise maht, protseduurid ja v\u00f5imalused lepitakse iga kliendiga eraldi kokku.<\/li>\n<\/ul>\n<p><strong>Saadaval lisatasu eest:<\/strong><\/p>\n<ul>\n<li><a href=\"https:\/\/1office.co\/finland\/et\/toode\/majandusaasta-aruanne\/\" target=\"_blank\" rel=\"noopener\">Majandusaasta aruanne<\/a> ja <a href=\"https:\/\/1office.co\/finland\/et\/toode\/aasta-maksudeklaratsioonid\/\" target=\"_blank\" rel=\"noopener\">tuludeklaratsioon<\/a> (kui pole teisiti kokku lepitud). Lisaks ka palgaarvestus ning konsultatsioonid.<\/li>\n<\/ul>\n<p>&nbsp;<\/p>\n<h3><span style=\"color: #98c93c;\"><strong>T\u00e4htis informatsioon:<\/strong><\/span><\/h3>\n<ul>\n<li>Esimene makse summas 150 \u20ac on \u00fchekordne alustustasu. Me teeme ka \u00e4ra just Sinu \u00e4rile sobivad programmi seadistused. Raamatupidamisteenuse t\u00e4pne kuutasu lepitakse kokku tehingute mahu ja \u00e4rivaldkonna p\u00f5hjal. Minimaalne kuutasu on 75\u20ac ning arveid v\u00e4ljastatakse igakuiselt. Me j\u00e4tame endale \u00f5iguse muuta teenuse hinda, kui Sinu igakuiste tehingute maht muutub rohkem kui 10%.<\/li>\n<li>Raamatupidamise algdokumente aktsepteerime eesti, soome ning inglise keeles.<\/li>\n<li>Igal Soomes registreeritud ettev\u00f5ttel on kohustuslik kord aastas esitada majandusaasta aruanne. Seda ka siis, kui ettev\u00f5ttel pole kogu majandusaasta jooksul olnud mingit tegevust.<\/li>\n<li>Selleks, et deklaratsioonid saaksid iga kuu \u00f5igeaegselt esitatud, tuleb k\u00f5ik dokumendid edastada enda raamatupidajale nii varakult kui v\u00f5imalik, kuid mitte hiljem kui j\u00e4rgneva kuu 5. kuup\u00e4eval. Hiljaksj\u00e4\u00e4nud deklaratsioonid toovad enda kaasa trahvid maksuameti poolt.<\/li>\n<\/ul>\n<p>[\/vc_column_text]\n\t\t\t<\/div><\/div><\/div><\/div><div class=\"ult_acord advanced-tabs-desc-wrap-1023\">\n   <div class=\"ult-tabto-accordion \" style=\"width:;\"\n    data-titlecolor=\"#b6b8ba\"  data-titlebg=\"#ffffff\"\n     data-titlehoverbg=\"#ffffff\" data-titlehovercolor=\"#1d1e23\" data-animation=\"Slide\"\n     data-activetitle=\"#1d1e23\" data-activeicon=\"\" data-activebg=\"#ffffff\" data-scroll = \"on\" data-activeindex=\"1\" >\n     <dl><dt class=\"\">\n\t        \t<a class=\"ult-tabto-actitle withBorder ult_a \" id=\"1512642751410-8d7ab-c11d\" style=\"color:#b6b8ba;;background-color:#ffffff;border-bottom-color:transparent;border-bottom-width:0px;border-bottom-style:solid;\" href=\"#1512642751410-8d7ab-c11d\">\n\t        \t\t<i class=\"accordion-icon\"><\/i>\n\t        \t\t\t<span class=\"ult_tab_main ult_ac_main ult_noacordicnBoth\">\n\n\t\t\t\t\t\t<span  data-ultimate-target='#advanced-tabs-wrap-1929 .ult-span-text'  data-responsive-json-new='{\"font-size\":\"desktop:14px;\",\"line-height\":\"\"}'  class=\"ult-span-text no_icon ult_acordian-text ult-responsive\" style=\"font-weight:bold;;color:inherit \" >Kirjeldus<\/span>\n\t\t\t\t\t\t<\/span><\/a><\/dt>\n\t            \t\t<dd class=\"ult-tabto-accordionItem ult-tabto-accolapsed\">\n\t\t\t\t            <div class=\"ult-tabto-acontent\" style=\"color:#74777b;\">\n\t\t\t\t               [vc_column_text css=&#8221;&#8221;]Kiire ning t\u00f5hus raamatupidamine teeb Sinu elu lihtsamaks. T\u00e4pne raamatupidamise maht ja protseduurid lepitakse iga kliendiga eraldi kokku.<\/p>\n<p>&nbsp;<\/p>\n<h3><span style=\"color: #98c93c;\"><strong>T\u00e4htsaimad v\u00f5imalused ja aspektid, mida meie teenus sisaldab:<\/strong><\/span><\/h3>\n<ul>\n<li><strong>Jooksev raamatupidamine<\/strong><\/li>\n<li><strong>Asukohast s\u00f5ltumatu ligip\u00e4\u00e4s veebip\u00f5hisele raamatupidamisprogrammile<\/strong><\/li>\n<li><strong>V\u00f5imalus ise m\u00fc\u00fcgiarveid luua<\/strong> &#8211; M\u00fc\u00fcgiarveid saate koostada ise v\u00f5i lasta meie raamatupidajatel neid teie eest koostada.<\/li>\n<li><strong>Reaalajas \u00fclevaade ettev\u00f5tte tulemustest ja rahavoogudest \u2013 <\/strong>sh laekumata\/tasumata arved, enimm\u00fc\u00fcdud tooted ja muu vajalik info visuaalsete graafikute kujul. Teenuse kasutamine on paindlik: s\u00f5ltub teie vajadustest, t\u00f6\u00f6viisidest ja kasutatavatest pankadest.<\/li>\n<li><strong>Lihtne kuludokumentide ja ostuarvete edastamine \u2013 <\/strong>tehke dokumentidest lihtsalt pilt mobiili\u00e4pi kaudu v\u00f5i saatke need e-postiga. Lisaks saate koostada ja edastada: l\u00e4hetusaruandeid, s\u00f5idup\u00e4evikuid, muid finantsdokumente.<\/li>\n<li>Edasta ka <strong>ostuarveid<\/strong> otse raamatupidamisprogrammi<\/li>\n<li><strong>V\u00f5imalus e-arvete kasutamiseks<\/strong><\/li>\n<li><strong>Ostuarvete kinnitusring<\/strong> &#8211; Sul on v\u00f5imalik k\u00f5ik ostuarved kinnitada enne, kui need raamatupidamisse salvestatakse ja integreeritud panka maksmisele edasi saadetakse. Arveid saab kinnitada otse programmis v\u00f5i \u00e4pi kaudu.<\/li>\n<li><strong>Automaatne \u00fchenduvus integreeritud pankadega<\/strong><\/li>\n<\/ul>\n<p>&nbsp;<\/p>\n<h3><span style=\"color: #98c93c;\"><strong>Hinnas sisaldub:<\/strong><\/span><\/h3>\n<ul>\n<li>Jooksev raamatupidamine \u00fcleval v\u00e4ljatoodud v\u00f5imalustega<\/li>\n<li>Palgadeklaratsioonid<\/li>\n<li>K\u00e4ibemaksu deklaratsioonid<\/li>\n<li>T\u00e4pne raamatupidamise maht, protseduurid ja v\u00f5imalused lepitakse iga kliendiga eraldi kokku.<\/li>\n<\/ul>\n<p><strong>Saadaval lisatasu eest:<\/strong><\/p>\n<ul>\n<li><a href=\"https:\/\/1office.co\/finland\/et\/toode\/majandusaasta-aruanne\/\" target=\"_blank\" rel=\"noopener\">Majandusaasta aruanne<\/a> ja <a href=\"https:\/\/1office.co\/finland\/et\/toode\/aasta-maksudeklaratsioonid\/\" target=\"_blank\" rel=\"noopener\">tuludeklaratsioon<\/a> (kui pole teisiti kokku lepitud). Lisaks ka palgaarvestus ning konsultatsioonid.<\/li>\n<\/ul>\n<p>&nbsp;<\/p>\n<h3><span style=\"color: #98c93c;\"><strong>T\u00e4htis informatsioon:<\/strong><\/span><\/h3>\n<ul>\n<li>Esimene makse summas 150 \u20ac on \u00fchekordne alustustasu. Me teeme ka \u00e4ra just Sinu \u00e4rile sobivad programmi seadistused. Raamatupidamisteenuse t\u00e4pne kuutasu lepitakse kokku tehingute mahu ja \u00e4rivaldkonna p\u00f5hjal. Minimaalne kuutasu on 75\u20ac ning arveid v\u00e4ljastatakse igakuiselt. Me j\u00e4tame endale \u00f5iguse muuta teenuse hinda, kui Sinu igakuiste tehingute maht muutub rohkem kui 10%.<\/li>\n<li>Raamatupidamise algdokumente aktsepteerime eesti, soome ning inglise keeles.<\/li>\n<li>Igal Soomes registreeritud ettev\u00f5ttel on kohustuslik kord aastas esitada majandusaasta aruanne. Seda ka siis, kui ettev\u00f5ttel pole kogu majandusaasta jooksul olnud mingit tegevust.<\/li>\n<li>Selleks, et deklaratsioonid saaksid iga kuu \u00f5igeaegselt esitatud, tuleb k\u00f5ik dokumendid edastada enda raamatupidajale nii varakult kui v\u00f5imalik, kuid mitte hiljem kui j\u00e4rgneva kuu 5. kuup\u00e4eval. Hiljaksj\u00e4\u00e4nud deklaratsioonid toovad enda kaasa trahvid maksuameti poolt.<\/li>\n<\/ul>\n<p>[\/vc_column_text]\n\t\t\t\t            <\/div>\n\t        \t\t\t<\/dd>\n    \t<\/dl>\n    <!--<div class=\"extraborder\" style=\"background-color:#ffffff\"><\/div>-->\n<\/div>\n\n<\/div>[\/vc_column][\/vc_row]<\/p>\n<\/div>","protected":false},"excerpt":{"rendered":"<p><strong>T\u00e4ielikult automatiseeritud raamatupidamisteenus, mis pakub:<\/strong><\/p>\n<ul>\n<li>\u00a0Reaalajas finantsanal\u00fc\u00fcsi ja -aruandeid<\/li>\n<li>Juurdep\u00e4\u00e4su k\u00f5igile professionaalsetele raamatupidamist\u00f6\u00f6riistadele<\/li>\n<li>Meie Soome ekspertide t\u00e4ielikku tuge<\/li>\n<\/ul>\n<p><strong>Hinnakujundus:<\/strong><br \/>\n\u2022 \u00dchekordne alustustasu (setup fee)<br \/>\n\u2022 Igakuine fikseeritud teenustasu l\u00e4htuvalt teie vajadustest.<\/p>\n<p><span style=\"color: #98c93c;\">\u00a0<strong>Kas soovid s\u00e4\u00e4sta aega ja v\u00e4ltida vigu?<\/strong><\/span><\/p>\n","protected":false},"featured_media":57349,"template":"","meta":{"_acf_changed":false,"inline_featured_image":false},"product_brand":[],"product_cat":[307],"product_tag":[312],"class_list":{"0":"post-57545","1":"product","2":"type-product","3":"status-publish","4":"has-post-thumbnail","6":"product_cat-raamatupidamine","7":"product_tag-soome","8":"description-off","10":"first","11":"instock","12":"virtual","13":"taxable","14":"purchasable","15":"product-type-simple"},"bundled_by":["57818","58724","60336"],"bundle_stock_status":"instock","bundle_stock_quantity":null,"bundle_virtual":false,"bundle_layout":"","bundle_add_to_cart_form_location":"","bundle_editable_in_cart":false,"bundle_sold_individually_context":"","bundle_item_grouping":"","bundle_min_size":"","bundle_max_size":"","bundle_price":[],"bundled_items":[],"bundle_sell_ids":[],"acf":[],"yoast_head":"<!-- This site is optimized with the Yoast SEO Premium plugin v22.1 (Yoast SEO v27.0) - https:\/\/yoast.com\/product\/yoast-seo-premium-wordpress\/ -->\n<title>Raamatupidamise alustustasu Soomes | 1Office Finland<\/title>\n<meta name=\"description\" content=\"Let professionals take care of your company\u2019s accounting so you could focus on your real business. The exact volume and accounting procedures will individually be agreed on with each client.\" \/>\n<meta name=\"robots\" content=\"index, follow, max-snippet:-1, max-image-preview:large, max-video-preview:-1\" \/>\n<link rel=\"canonical\" href=\"https:\/\/1office.co\/finland\/et\/toode\/raamatupidamise-teenuse-alustustasu-soomes\/\" \/>\n<meta property=\"og:locale\" content=\"et_EE\" \/>\n<meta property=\"og:type\" content=\"article\" \/>\n<meta property=\"og:title\" content=\"Raamatupidamise alustustasu Soomes\" \/>\n<meta property=\"og:description\" content=\"Let professionals take care of your company\u2019s accounting so you could focus on your real business. The exact volume and accounting procedures will individually be agreed on with each client.\" \/>\n<meta property=\"og:url\" content=\"https:\/\/1office.co\/finland\/et\/toode\/raamatupidamise-teenuse-alustustasu-soomes\/\" \/>\n<meta property=\"og:site_name\" content=\"1Office Finland\" \/>\n<meta property=\"article:modified_time\" content=\"2025-09-16T07:45:47+00:00\" \/>\n<meta property=\"og:image\" content=\"https:\/\/1office.co\/finland\/wp-content\/uploads\/sites\/10\/2017\/08\/coins-currency-investment-insurance-128867-1.jpeg\" \/>\n\t<meta property=\"og:image:width\" content=\"640\" \/>\n\t<meta property=\"og:image:height\" content=\"426\" \/>\n\t<meta property=\"og:image:type\" content=\"image\/jpeg\" \/>\n<meta name=\"twitter:card\" content=\"summary_large_image\" \/>\n<meta name=\"twitter:label1\" content=\"Est. reading time\" \/>\n\t<meta name=\"twitter:data1\" content=\"2 minutit\" \/>\n<script type=\"application\/ld+json\" class=\"yoast-schema-graph\">{\"@context\":\"https:\/\/schema.org\",\"@graph\":[{\"@type\":\"WebPage\",\"@id\":\"https:\/\/1office.co\/finland\/et\/toode\/raamatupidamise-teenuse-alustustasu-soomes\/\",\"url\":\"https:\/\/1office.co\/finland\/et\/toode\/raamatupidamise-teenuse-alustustasu-soomes\/\",\"name\":\"Raamatupidamise alustustasu Soomes | 1Office Finland\",\"isPartOf\":{\"@id\":\"https:\/\/1office.co\/finland\/fi\/#website\"},\"primaryImageOfPage\":{\"@id\":\"https:\/\/1office.co\/finland\/et\/toode\/raamatupidamise-teenuse-alustustasu-soomes\/#primaryimage\"},\"image\":{\"@id\":\"https:\/\/1office.co\/finland\/et\/toode\/raamatupidamise-teenuse-alustustasu-soomes\/#primaryimage\"},\"thumbnailUrl\":\"https:\/\/1office.co\/finland\/wp-content\/uploads\/sites\/10\/2017\/08\/coins-currency-investment-insurance-128867-1.jpeg\",\"datePublished\":\"2017-08-10T10:40:23+00:00\",\"dateModified\":\"2025-09-16T07:45:47+00:00\",\"description\":\"Let professionals take care of your company\u2019s accounting so you could focus on your real business. The exact volume and accounting procedures will individually be agreed on with each client.\",\"breadcrumb\":{\"@id\":\"https:\/\/1office.co\/finland\/et\/toode\/raamatupidamise-teenuse-alustustasu-soomes\/#breadcrumb\"},\"inLanguage\":\"et\",\"potentialAction\":[{\"@type\":\"ReadAction\",\"target\":[\"https:\/\/1office.co\/finland\/et\/toode\/raamatupidamise-teenuse-alustustasu-soomes\/\"]}]},{\"@type\":\"ImageObject\",\"inLanguage\":\"et\",\"@id\":\"https:\/\/1office.co\/finland\/et\/toode\/raamatupidamise-teenuse-alustustasu-soomes\/#primaryimage\",\"url\":\"https:\/\/1office.co\/finland\/wp-content\/uploads\/sites\/10\/2017\/08\/coins-currency-investment-insurance-128867-1.jpeg\",\"contentUrl\":\"https:\/\/1office.co\/finland\/wp-content\/uploads\/sites\/10\/2017\/08\/coins-currency-investment-insurance-128867-1.jpeg\",\"width\":640,\"height\":426},{\"@type\":\"BreadcrumbList\",\"@id\":\"https:\/\/1office.co\/finland\/et\/toode\/raamatupidamise-teenuse-alustustasu-soomes\/#breadcrumb\",\"itemListElement\":[{\"@type\":\"ListItem\",\"position\":1,\"name\":\"Home\",\"item\":\"https:\/\/1office.co\/finland\/et\/\"},{\"@type\":\"ListItem\",\"position\":2,\"name\":\"Services Shop\",\"item\":\"https:\/\/1office.co\/finland\/services-shop\/\"},{\"@type\":\"ListItem\",\"position\":3,\"name\":\"Raamatupidamise alustustasu Soomes\"}]},{\"@type\":\"WebSite\",\"@id\":\"https:\/\/1office.co\/finland\/fi\/#website\",\"url\":\"https:\/\/1office.co\/finland\/fi\/\",\"name\":\"1Office Finland\",\"description\":\"Making Business Simple\",\"potentialAction\":[{\"@type\":\"SearchAction\",\"target\":{\"@type\":\"EntryPoint\",\"urlTemplate\":\"https:\/\/1office.co\/finland\/fi\/?s={search_term_string}\"},\"query-input\":{\"@type\":\"PropertyValueSpecification\",\"valueRequired\":true,\"valueName\":\"search_term_string\"}}],\"inLanguage\":\"et\"}]}<\/script>\n<!-- \/ Yoast SEO Premium plugin. -->","yoast_head_json":{"title":"Raamatupidamise alustustasu Soomes | 1Office Finland","description":"Let professionals take care of your company\u2019s accounting so you could focus on your real business. The exact volume and accounting procedures will individually be agreed on with each client.","robots":{"index":"index","follow":"follow","max-snippet":"max-snippet:-1","max-image-preview":"max-image-preview:large","max-video-preview":"max-video-preview:-1"},"canonical":"https:\/\/1office.co\/finland\/et\/toode\/raamatupidamise-teenuse-alustustasu-soomes\/","og_locale":"et_EE","og_type":"article","og_title":"Raamatupidamise alustustasu Soomes","og_description":"Let professionals take care of your company\u2019s accounting so you could focus on your real business. The exact volume and accounting procedures will individually be agreed on with each client.","og_url":"https:\/\/1office.co\/finland\/et\/toode\/raamatupidamise-teenuse-alustustasu-soomes\/","og_site_name":"1Office Finland","article_modified_time":"2025-09-16T07:45:47+00:00","og_image":[{"width":640,"height":426,"url":"https:\/\/1office.co\/finland\/wp-content\/uploads\/sites\/10\/2017\/08\/coins-currency-investment-insurance-128867-1.jpeg","type":"image\/jpeg"}],"twitter_card":"summary_large_image","twitter_misc":{"Est. reading time":"2 minutit"},"schema":{"@context":"https:\/\/schema.org","@graph":[{"@type":"WebPage","@id":"https:\/\/1office.co\/finland\/et\/toode\/raamatupidamise-teenuse-alustustasu-soomes\/","url":"https:\/\/1office.co\/finland\/et\/toode\/raamatupidamise-teenuse-alustustasu-soomes\/","name":"Raamatupidamise alustustasu Soomes | 1Office Finland","isPartOf":{"@id":"https:\/\/1office.co\/finland\/fi\/#website"},"primaryImageOfPage":{"@id":"https:\/\/1office.co\/finland\/et\/toode\/raamatupidamise-teenuse-alustustasu-soomes\/#primaryimage"},"image":{"@id":"https:\/\/1office.co\/finland\/et\/toode\/raamatupidamise-teenuse-alustustasu-soomes\/#primaryimage"},"thumbnailUrl":"https:\/\/1office.co\/finland\/wp-content\/uploads\/sites\/10\/2017\/08\/coins-currency-investment-insurance-128867-1.jpeg","datePublished":"2017-08-10T10:40:23+00:00","dateModified":"2025-09-16T07:45:47+00:00","description":"Let professionals take care of your company\u2019s accounting so you could focus on your real business. The exact volume and accounting procedures will individually be agreed on with each client.","breadcrumb":{"@id":"https:\/\/1office.co\/finland\/et\/toode\/raamatupidamise-teenuse-alustustasu-soomes\/#breadcrumb"},"inLanguage":"et","potentialAction":[{"@type":"ReadAction","target":["https:\/\/1office.co\/finland\/et\/toode\/raamatupidamise-teenuse-alustustasu-soomes\/"]}]},{"@type":"ImageObject","inLanguage":"et","@id":"https:\/\/1office.co\/finland\/et\/toode\/raamatupidamise-teenuse-alustustasu-soomes\/#primaryimage","url":"https:\/\/1office.co\/finland\/wp-content\/uploads\/sites\/10\/2017\/08\/coins-currency-investment-insurance-128867-1.jpeg","contentUrl":"https:\/\/1office.co\/finland\/wp-content\/uploads\/sites\/10\/2017\/08\/coins-currency-investment-insurance-128867-1.jpeg","width":640,"height":426},{"@type":"BreadcrumbList","@id":"https:\/\/1office.co\/finland\/et\/toode\/raamatupidamise-teenuse-alustustasu-soomes\/#breadcrumb","itemListElement":[{"@type":"ListItem","position":1,"name":"Home","item":"https:\/\/1office.co\/finland\/et\/"},{"@type":"ListItem","position":2,"name":"Services Shop","item":"https:\/\/1office.co\/finland\/services-shop\/"},{"@type":"ListItem","position":3,"name":"Raamatupidamise alustustasu Soomes"}]},{"@type":"WebSite","@id":"https:\/\/1office.co\/finland\/fi\/#website","url":"https:\/\/1office.co\/finland\/fi\/","name":"1Office Finland","description":"Making Business Simple","potentialAction":[{"@type":"SearchAction","target":{"@type":"EntryPoint","urlTemplate":"https:\/\/1office.co\/finland\/fi\/?s={search_term_string}"},"query-input":{"@type":"PropertyValueSpecification","valueRequired":true,"valueName":"search_term_string"}}],"inLanguage":"et"}]}},"_links":{"self":[{"href":"https:\/\/1office.co\/finland\/et\/wp-json\/wp\/v2\/product\/57545","targetHints":{"allow":["GET"]}}],"collection":[{"href":"https:\/\/1office.co\/finland\/et\/wp-json\/wp\/v2\/product"}],"about":[{"href":"https:\/\/1office.co\/finland\/et\/wp-json\/wp\/v2\/types\/product"}],"wp:featuredmedia":[{"embeddable":true,"href":"https:\/\/1office.co\/finland\/et\/wp-json\/wp\/v2\/media\/57349"}],"wp:attachment":[{"href":"https:\/\/1office.co\/finland\/et\/wp-json\/wp\/v2\/media?parent=57545"}],"wp:term":[{"taxonomy":"product_brand","embeddable":true,"href":"https:\/\/1office.co\/finland\/et\/wp-json\/wp\/v2\/product_brand?post=57545"},{"taxonomy":"product_cat","embeddable":true,"href":"https:\/\/1office.co\/finland\/et\/wp-json\/wp\/v2\/product_cat?post=57545"},{"taxonomy":"product_tag","embeddable":true,"href":"https:\/\/1office.co\/finland\/et\/wp-json\/wp\/v2\/product_tag?post=57545"}],"curies":[{"name":"wp","href":"https:\/\/api.w.org\/{rel}","templated":true}]}}