{"id":57665,"date":"2017-08-10T08:34:11","date_gmt":"2017-08-10T08:34:11","guid":{"rendered":"https:\/\/1office.co\/finland\/product\/ready-made-company-oy\/"},"modified":"2023-06-07T09:26:46","modified_gmt":"2023-06-07T09:26:46","slug":"valmisfirma","status":"publish","type":"product","link":"https:\/\/1office.co\/finland\/et\/toode\/valmisfirma\/","title":{"rendered":"Valmisfirma OY (riigil\u00f5iv hinna sees)"},"content":{"rendered":"<div class=\"wpb-content-wrapper\"><p>[vc_row][vc_column]<div id=\"advanced-tabs-desc-wrap-9274\" class=\"ult_tabs product_tabs\" style=\" \" data-tabsstyle=\"style1\"\n data-titlebg=\"#ffffff\" data-titlecolor=\"#b6b8ba\" data-fullheight=\"off\"\n data-titlehoverbg=\"#ffffff\" data-titlehovercolor=\"#1d1e23\"\n data-rotatetabs=\"0\" data-responsivemode=\"Both\" data-animation=\"Slide\"\ndata-activetitle=\"#1d1e23\" data-activeicon=\"\" data-activebg=\"#ffffff\"  data-respmode=\"Tabs\" data-respwidth=\"400\" data-scroll = \"on\" data-activeindex=\"1\"><ul id=advanced-tabs-wrap-1154 class=\"ult_tabmenu style1 \" style=\"\"><li class=\"ult_tab_li  \" data-iconcolor=\"#74777b\" data-iconhover=\"#ffffff\" style=\"background-color:#ffffff;border-color:transparent;border-width:0px;border-style:solid;border-top-right-radius:8px;\">\n\t\t\t\t\t<a href=\"#1512642751410-807e9-673f\"  id=\"1512642751410-807e9-673f\"  style=\"color:#b6b8ba;; padding:15px; \" class=\"ult_a  \">\n\t\t\t\t\t     <span class=\"ult_tab_main Both \">\n\t\t\t\t\t \t\t <span class=\"ult_tab_section\">\n\t\t\t\t\t   \t\t\t<span  data-ultimate-target='#advanced-tabs-wrap-1154 .ult-span-text'  data-responsive-json-new='{\"font-size\":\"desktop:14px;\",\"line-height\":\"\"}'  class=\"ult-span-text no_icon ult_tab_display_text ult-responsive\" style=\"font-weight:bold;;\">Kirjeldus<\/span>\n\t\t\t\t\t   \t\t<\/span>\n\t\t\t\t\t\t<\/span>\n\t\t\t\t\t<\/a>\n\t\t\t\t\t<\/li><\/ul><div  data-ultimate-target='#advanced-tabs-desc-wrap-9274 .ult_tabcontent .ult_tab_min_contain  p'  data-responsive-json-new='{\"font-size\":\"\",\"line-height\":\"\"}' class=\"ult_tabcontent ult-responsive style1\" style=\"color:#74777b;\"><div class=\"ult_tab_min_contain \" >\n\t\t\t<div  class=\"ult_tabitemname\"  >\n\t\t\t\t[vc_column_text]Valmisfirma puhul on osakapital l\u00e4bi ajutise pangakonto asutamise ajaks registreeritud ning seega on ettev\u00f5tet v\u00f5imalik osta ka ilma Soome kohale tulemata. Meie valmisettev\u00f5tetel ei ole varasemat tegevust. \u00c4ri\u00fchingu omanikering vahetub kohe p\u00e4rast lepingu allkirjastamist ja uus juhatus registreeritakse 10-15 t\u00f6\u00f6p\u00e4eva jooksul alates muudatuste esitamisest \u00e4riregistrisse.<\/p>\n<p>Pea meeles, et igal Soome ettev\u00f5ttel peab olema\u00a0<a href=\"https:\/\/1office.co\/finland\/et\/toode\/ariaadress-helsingi-kesklinnas-urho-kekkosen-katu-4-6e-00100-helsingi\/\">\u00e4riaadress<\/a>. \u00c4riaadressi kuvatakse \u00e4riregistris ning sellele saadetakse ka k\u00f5ik ametlikud kirjad.<\/p>\n<p>Soomes on \u00e4ritegevuse alustamiseks vajalik\u00a0<a href=\"https:\/\/1office.co\/finland\/et\/toode\/maksuregistreeringud-soome-ettevottele\/\">maksuregistreeringute taotlemine<\/a>.<\/p>\n<p>Iga Soomes registreeritud ettev\u00f5te peab esitama majandusaasta aruande. Kui ettev\u00f5ttel on igakuised maksed, arved ja k\u00e4ibemaksunumber, on samuti kohustuslik esitada deklaratsioone iga kuu.\u00a0Kui aga endal pole aega v\u00f5i oskusi nende esitamiseks, tasub tellida eraldi\u00a0<a href=\"https:\/\/1office.co\/finland\/et\/toode\/raamatupidamise-teenuse-alustustasu\/\">raamatupidamisteenus.<\/a><\/p>\n<p><strong>Hinnas sisaldub:<\/strong><\/p>\n<ul>\n<li>\u00dclevaade ettev\u00f5tte ostmise protseduurist ning n\u00f5uetest<\/li>\n<li>Asutamisdokumentide kokkukogumine ning ettevalmistamine<\/li>\n<li>Ettev\u00f5tte andmete muutmine \u00e4riregistris (Kaupparekisteri)<\/li>\n<li>Riigil\u00f5iv<\/li>\n<\/ul>\n<p><strong>Saadaval lisatasu eest:<\/strong><\/p>\n<ul>\n<li>Ettev\u00f5tte nime ning tegevusvaldkonna muutmine (300\u20ac)<\/li>\n<li><a href=\"https:\/\/1office.co\/finland\/et\/toode\/konsultatsioon-ari-alustamine-soomes\/\" target=\"_blank\" rel=\"noopener noreferrer\">Konsultatsioon \u00c4ri alustamine Soomes<\/a><\/li>\n<li><a href=\"https:\/\/1office.co\/finland\/et\/toode\/ariaadress-helsingi-kesklinnas-urho-kekkosen-katu-4-6e-00100-helsingi\/\" target=\"_blank\" rel=\"noopener noreferrer\">\u00c4riaadress<\/a><\/li>\n<li><a href=\"https:\/\/1office.co\/finland\/et\/toode\/maksuregistreeringud-soome-ettevottele\/\" target=\"_blank\" rel=\"noopener noreferrer\">Maksuregistreeringud<\/a><\/li>\n<li><a href=\"https:\/\/1office.co\/finland\/et\/toode\/raamatupidamise-teenuse-alustustasu\/\" target=\"_blank\" rel=\"noopener noreferrer\">Raamatupidamisteenus<\/a><\/li>\n<\/ul>\n<p><strong>Protsessi k\u00e4ik:<\/strong><\/p>\n<ul>\n<li>Vali teenused, mida soovid tellida (lisaks valmisfirmale v\u00f5id vajada ka \u00e4riaadressi, maksuregistreeringuid ja\/v\u00f5i raamatupidamisteenust).<\/li>\n<li>Vasta k\u00fcsimustele, mis Sulle p\u00e4rast ostu sooritamist saadetakse &#8211; need on vajalikud dokumentide ettevalmistamiseks.<\/li>\n<li>T\u00e4idame saadud andmete p\u00f5hjal vajalikud vormid ning valmistame ette ostu-m\u00fc\u00fcgi lepingu.<\/li>\n<li>Saadame \u00e4riregistrile vajalikud andmed.<\/li>\n<li>Registreerimise prognoositavat aega saab j\u00e4lgida <a href=\"https:\/\/www.prh.fi\/en\/kaupparekisteri\/kasittelyajat.html\" target=\"_blank\" rel=\"noopener noreferrer\">\u00e4riregistri veebis<\/a>. Registri v\u00e4ljav\u00f5te saadetakse posti teel ettev\u00f5tte ametlikule aadressile.<\/li>\n<li>Osakapitali sissemaksu teostamiseks on aega esimese majandusaasta l\u00f5puni.<\/li>\n<\/ul>\n<p><strong>T\u00e4htis informatsioon:<\/strong><\/p>\n<ul>\n<li>Uus juhatus peab esimeseks majandusaasta l\u00f5puks avama ettev\u00f5ttele pangakonto ja maksma sellele osakapitali suurusega 2500\u20ac.<\/li>\n<li>Soomes \u00e4ritegevuse alustamiseks on vajalik ka eelnev maksuregistreeringute taotlemine.<\/li>\n<li>Soome ettev\u00f5ttel peab olema v\u00e4hemalt \u00fcks juhatuse liige ja \u00fcks asendusliige. V\u00e4hemalt \u00fcks juhatuse liikmetest ning \u00fcks asendusliikmetest peab olema Euroopa Majanduspiirkonna residendid.<\/li>\n<\/ul>\n<p>[\/vc_column_text]\n\t\t\t<\/div><\/div><\/div><\/div><div class=\"ult_acord advanced-tabs-desc-wrap-9274\">\n   <div class=\"ult-tabto-accordion \" style=\"width:;\"\n    data-titlecolor=\"#b6b8ba\"  data-titlebg=\"#ffffff\"\n     data-titlehoverbg=\"#ffffff\" data-titlehovercolor=\"#1d1e23\" data-animation=\"Slide\"\n     data-activetitle=\"#1d1e23\" data-activeicon=\"\" data-activebg=\"#ffffff\" data-scroll = \"on\" data-activeindex=\"1\" >\n     <dl><dt class=\"\">\n\t        \t<a class=\"ult-tabto-actitle withBorder ult_a \" id=\"1512642751410-807e9-673f\" style=\"color:#b6b8ba;;background-color:#ffffff;border-bottom-color:transparent;border-bottom-width:0px;border-bottom-style:solid;\" href=\"#1512642751410-807e9-673f\">\n\t        \t\t<i class=\"accordion-icon\"><\/i>\n\t        \t\t\t<span class=\"ult_tab_main ult_ac_main ult_noacordicnBoth\">\n\n\t\t\t\t\t\t<span  data-ultimate-target='#advanced-tabs-wrap-1154 .ult-span-text'  data-responsive-json-new='{\"font-size\":\"desktop:14px;\",\"line-height\":\"\"}'  class=\"ult-span-text no_icon ult_acordian-text ult-responsive\" style=\"font-weight:bold;;color:inherit \" >Kirjeldus<\/span>\n\t\t\t\t\t\t<\/span><\/a><\/dt>\n\t            \t\t<dd class=\"ult-tabto-accordionItem ult-tabto-accolapsed\">\n\t\t\t\t            <div class=\"ult-tabto-acontent\" style=\"color:#74777b;\">\n\t\t\t\t               [vc_column_text]Valmisfirma puhul on osakapital l\u00e4bi ajutise pangakonto asutamise ajaks registreeritud ning seega on ettev\u00f5tet v\u00f5imalik osta ka ilma Soome kohale tulemata. Meie valmisettev\u00f5tetel ei ole varasemat tegevust. \u00c4ri\u00fchingu omanikering vahetub kohe p\u00e4rast lepingu allkirjastamist ja uus juhatus registreeritakse 10-15 t\u00f6\u00f6p\u00e4eva jooksul alates muudatuste esitamisest \u00e4riregistrisse.<\/p>\n<p>Pea meeles, et igal Soome ettev\u00f5ttel peab olema\u00a0<a href=\"https:\/\/1office.co\/finland\/et\/toode\/ariaadress-helsingi-kesklinnas-urho-kekkosen-katu-4-6e-00100-helsingi\/\">\u00e4riaadress<\/a>. \u00c4riaadressi kuvatakse \u00e4riregistris ning sellele saadetakse ka k\u00f5ik ametlikud kirjad.<\/p>\n<p>Soomes on \u00e4ritegevuse alustamiseks vajalik\u00a0<a href=\"https:\/\/1office.co\/finland\/et\/toode\/maksuregistreeringud-soome-ettevottele\/\">maksuregistreeringute taotlemine<\/a>.<\/p>\n<p>Iga Soomes registreeritud ettev\u00f5te peab esitama majandusaasta aruande. Kui ettev\u00f5ttel on igakuised maksed, arved ja k\u00e4ibemaksunumber, on samuti kohustuslik esitada deklaratsioone iga kuu.\u00a0Kui aga endal pole aega v\u00f5i oskusi nende esitamiseks, tasub tellida eraldi\u00a0<a href=\"https:\/\/1office.co\/finland\/et\/toode\/raamatupidamise-teenuse-alustustasu\/\">raamatupidamisteenus.<\/a><\/p>\n<p><strong>Hinnas sisaldub:<\/strong><\/p>\n<ul>\n<li>\u00dclevaade ettev\u00f5tte ostmise protseduurist ning n\u00f5uetest<\/li>\n<li>Asutamisdokumentide kokkukogumine ning ettevalmistamine<\/li>\n<li>Ettev\u00f5tte andmete muutmine \u00e4riregistris (Kaupparekisteri)<\/li>\n<li>Riigil\u00f5iv<\/li>\n<\/ul>\n<p><strong>Saadaval lisatasu eest:<\/strong><\/p>\n<ul>\n<li>Ettev\u00f5tte nime ning tegevusvaldkonna muutmine (300\u20ac)<\/li>\n<li><a href=\"https:\/\/1office.co\/finland\/et\/toode\/konsultatsioon-ari-alustamine-soomes\/\" target=\"_blank\" rel=\"noopener noreferrer\">Konsultatsioon \u00c4ri alustamine Soomes<\/a><\/li>\n<li><a href=\"https:\/\/1office.co\/finland\/et\/toode\/ariaadress-helsingi-kesklinnas-urho-kekkosen-katu-4-6e-00100-helsingi\/\" target=\"_blank\" rel=\"noopener noreferrer\">\u00c4riaadress<\/a><\/li>\n<li><a href=\"https:\/\/1office.co\/finland\/et\/toode\/maksuregistreeringud-soome-ettevottele\/\" target=\"_blank\" rel=\"noopener noreferrer\">Maksuregistreeringud<\/a><\/li>\n<li><a href=\"https:\/\/1office.co\/finland\/et\/toode\/raamatupidamise-teenuse-alustustasu\/\" target=\"_blank\" rel=\"noopener noreferrer\">Raamatupidamisteenus<\/a><\/li>\n<\/ul>\n<p><strong>Protsessi k\u00e4ik:<\/strong><\/p>\n<ul>\n<li>Vali teenused, mida soovid tellida (lisaks valmisfirmale v\u00f5id vajada ka \u00e4riaadressi, maksuregistreeringuid ja\/v\u00f5i raamatupidamisteenust).<\/li>\n<li>Vasta k\u00fcsimustele, mis Sulle p\u00e4rast ostu sooritamist saadetakse &#8211; need on vajalikud dokumentide ettevalmistamiseks.<\/li>\n<li>T\u00e4idame saadud andmete p\u00f5hjal vajalikud vormid ning valmistame ette ostu-m\u00fc\u00fcgi lepingu.<\/li>\n<li>Saadame \u00e4riregistrile vajalikud andmed.<\/li>\n<li>Registreerimise prognoositavat aega saab j\u00e4lgida <a href=\"https:\/\/www.prh.fi\/en\/kaupparekisteri\/kasittelyajat.html\" target=\"_blank\" rel=\"noopener noreferrer\">\u00e4riregistri veebis<\/a>. Registri v\u00e4ljav\u00f5te saadetakse posti teel ettev\u00f5tte ametlikule aadressile.<\/li>\n<li>Osakapitali sissemaksu teostamiseks on aega esimese majandusaasta l\u00f5puni.<\/li>\n<\/ul>\n<p><strong>T\u00e4htis informatsioon:<\/strong><\/p>\n<ul>\n<li>Uus juhatus peab esimeseks majandusaasta l\u00f5puks avama ettev\u00f5ttele pangakonto ja maksma sellele osakapitali suurusega 2500\u20ac.<\/li>\n<li>Soomes \u00e4ritegevuse alustamiseks on vajalik ka eelnev maksuregistreeringute taotlemine.<\/li>\n<li>Soome ettev\u00f5ttel peab olema v\u00e4hemalt \u00fcks juhatuse liige ja \u00fcks asendusliige. V\u00e4hemalt \u00fcks juhatuse liikmetest ning \u00fcks asendusliikmetest peab olema Euroopa Majanduspiirkonna residendid.<\/li>\n<\/ul>\n<p>[\/vc_column_text]\n\t\t\t\t            <\/div>\n\t        \t\t\t<\/dd>\n    \t<\/dl>\n    <!--<div class=\"extraborder\" style=\"background-color:#ffffff\"><\/div>-->\n<\/div>\n\n<\/div>[\/vc_column][\/vc_row]<\/p>\n<\/div>","protected":false},"excerpt":{"rendered":"<p>Valmisfirma ostmine on parimaks lahenduseks, kui soovid enda Soome ettev\u00f5tte saada 2500-eurose osakapitali sissemaksega, kuid ei soovi pangas stardikonto avamiseks Soome kohale tulla.<\/p>\n","protected":false},"featured_media":54271,"template":"","meta":{"_acf_changed":false,"inline_featured_image":false},"product_brand":[],"product_cat":[444],"product_tag":[312],"class_list":{"0":"post-57665","1":"product","2":"type-product","3":"status-publish","4":"has-post-thumbnail","6":"product_cat-uncategorized-et","7":"product_tag-soome","8":"description-off","10":"first","11":"instock","12":"virtual","13":"taxable","14":"purchasable","15":"product-type-simple"},"bundled_by":[],"bundle_stock_status":"instock","bundle_stock_quantity":null,"bundle_virtual":false,"bundle_layout":"","bundle_add_to_cart_form_location":"","bundle_editable_in_cart":false,"bundle_sold_individually_context":"","bundle_item_grouping":"","bundle_min_size":"","bundle_max_size":"","bundle_price":[],"bundled_items":[],"bundle_sell_ids":[],"acf":[],"yoast_head":"<!-- This site is optimized with the Yoast SEO Premium plugin v22.1 (Yoast SEO v27.0) - https:\/\/yoast.com\/product\/yoast-seo-premium-wordpress\/ -->\n<title>Valmisfirma OY (riigil\u00f5iv hinna sees) | 1Office Finland<\/title>\n<meta name=\"description\" content=\"Valmisfirma, soome keeles osakeyhti\u00f6 v\u00f5i Oy ostmine on sobiv v\u00f5imalus era- ning juriidilistele isikutele, kes soovivad Soomes \u00e4ritegevusega kiiresti alustada ning ei soovi eelnevalt n\u00e4ha vaeva kohaliku pangakonto avamisega.\" \/>\n<meta name=\"robots\" content=\"index, follow, max-snippet:-1, max-image-preview:large, max-video-preview:-1\" \/>\n<link rel=\"canonical\" href=\"https:\/\/1office.co\/finland\/et\/toode\/valmisfirma\/\" \/>\n<meta property=\"og:locale\" content=\"et_EE\" \/>\n<meta property=\"og:type\" content=\"article\" \/>\n<meta property=\"og:title\" content=\"Valmisfirma OY (riigil\u00f5iv hinna sees)\" \/>\n<meta property=\"og:description\" content=\"Valmisfirma, soome keeles osakeyhti\u00f6 v\u00f5i Oy ostmine on sobiv v\u00f5imalus era- ning juriidilistele isikutele, kes soovivad Soomes \u00e4ritegevusega kiiresti alustada ning ei soovi eelnevalt n\u00e4ha vaeva kohaliku pangakonto avamisega.\" \/>\n<meta property=\"og:url\" content=\"https:\/\/1office.co\/finland\/et\/toode\/valmisfirma\/\" \/>\n<meta property=\"og:site_name\" content=\"1Office Finland\" \/>\n<meta property=\"article:modified_time\" content=\"2023-06-07T09:26:46+00:00\" \/>\n<meta property=\"og:image\" content=\"https:\/\/1office.co\/finland\/wp-content\/uploads\/sites\/10\/2017\/08\/company-formation.jpg\" \/>\n\t<meta property=\"og:image:width\" content=\"1200\" \/>\n\t<meta property=\"og:image:height\" content=\"800\" \/>\n\t<meta property=\"og:image:type\" content=\"image\/jpeg\" \/>\n<meta name=\"twitter:card\" content=\"summary_large_image\" \/>\n<meta name=\"twitter:label1\" content=\"Est. reading time\" \/>\n\t<meta name=\"twitter:data1\" content=\"2 minutit\" \/>\n<script type=\"application\/ld+json\" class=\"yoast-schema-graph\">{\"@context\":\"https:\/\/schema.org\",\"@graph\":[{\"@type\":\"WebPage\",\"@id\":\"https:\/\/1office.co\/finland\/et\/toode\/valmisfirma\/\",\"url\":\"https:\/\/1office.co\/finland\/et\/toode\/valmisfirma\/\",\"name\":\"Valmisfirma OY (riigil\u00f5iv hinna sees) | 1Office Finland\",\"isPartOf\":{\"@id\":\"https:\/\/1office.co\/finland\/fi\/#website\"},\"primaryImageOfPage\":{\"@id\":\"https:\/\/1office.co\/finland\/et\/toode\/valmisfirma\/#primaryimage\"},\"image\":{\"@id\":\"https:\/\/1office.co\/finland\/et\/toode\/valmisfirma\/#primaryimage\"},\"thumbnailUrl\":\"https:\/\/1office.co\/finland\/wp-content\/uploads\/sites\/10\/2017\/08\/company-formation.jpg\",\"datePublished\":\"2017-08-10T08:34:11+00:00\",\"dateModified\":\"2023-06-07T09:26:46+00:00\",\"description\":\"Valmisfirma, soome keeles osakeyhti\u00f6 v\u00f5i Oy ostmine on sobiv v\u00f5imalus era- ning juriidilistele isikutele, kes soovivad Soomes \u00e4ritegevusega kiiresti alustada ning ei soovi eelnevalt n\u00e4ha vaeva kohaliku pangakonto avamisega.\",\"breadcrumb\":{\"@id\":\"https:\/\/1office.co\/finland\/et\/toode\/valmisfirma\/#breadcrumb\"},\"inLanguage\":\"et\",\"potentialAction\":[{\"@type\":\"ReadAction\",\"target\":[\"https:\/\/1office.co\/finland\/et\/toode\/valmisfirma\/\"]}]},{\"@type\":\"ImageObject\",\"inLanguage\":\"et\",\"@id\":\"https:\/\/1office.co\/finland\/et\/toode\/valmisfirma\/#primaryimage\",\"url\":\"https:\/\/1office.co\/finland\/wp-content\/uploads\/sites\/10\/2017\/08\/company-formation.jpg\",\"contentUrl\":\"https:\/\/1office.co\/finland\/wp-content\/uploads\/sites\/10\/2017\/08\/company-formation.jpg\",\"width\":1200,\"height\":800},{\"@type\":\"BreadcrumbList\",\"@id\":\"https:\/\/1office.co\/finland\/et\/toode\/valmisfirma\/#breadcrumb\",\"itemListElement\":[{\"@type\":\"ListItem\",\"position\":1,\"name\":\"Home\",\"item\":\"https:\/\/1office.co\/finland\/et\/\"},{\"@type\":\"ListItem\",\"position\":2,\"name\":\"Services Shop\",\"item\":\"https:\/\/1office.co\/finland\/services-shop\/\"},{\"@type\":\"ListItem\",\"position\":3,\"name\":\"Valmisfirma OY (riigil\u00f5iv hinna sees)\"}]},{\"@type\":\"WebSite\",\"@id\":\"https:\/\/1office.co\/finland\/fi\/#website\",\"url\":\"https:\/\/1office.co\/finland\/fi\/\",\"name\":\"1Office Finland\",\"description\":\"Making Business Simple\",\"potentialAction\":[{\"@type\":\"SearchAction\",\"target\":{\"@type\":\"EntryPoint\",\"urlTemplate\":\"https:\/\/1office.co\/finland\/fi\/?s={search_term_string}\"},\"query-input\":{\"@type\":\"PropertyValueSpecification\",\"valueRequired\":true,\"valueName\":\"search_term_string\"}}],\"inLanguage\":\"et\"}]}<\/script>\n<!-- \/ Yoast SEO Premium plugin. -->","yoast_head_json":{"title":"Valmisfirma OY (riigil\u00f5iv hinna sees) | 1Office Finland","description":"Valmisfirma, soome keeles osakeyhti\u00f6 v\u00f5i Oy ostmine on sobiv v\u00f5imalus era- ning juriidilistele isikutele, kes soovivad Soomes \u00e4ritegevusega kiiresti alustada ning ei soovi eelnevalt n\u00e4ha vaeva kohaliku pangakonto avamisega.","robots":{"index":"index","follow":"follow","max-snippet":"max-snippet:-1","max-image-preview":"max-image-preview:large","max-video-preview":"max-video-preview:-1"},"canonical":"https:\/\/1office.co\/finland\/et\/toode\/valmisfirma\/","og_locale":"et_EE","og_type":"article","og_title":"Valmisfirma OY (riigil\u00f5iv hinna sees)","og_description":"Valmisfirma, soome keeles osakeyhti\u00f6 v\u00f5i Oy ostmine on sobiv v\u00f5imalus era- ning juriidilistele isikutele, kes soovivad Soomes \u00e4ritegevusega kiiresti alustada ning ei soovi eelnevalt n\u00e4ha vaeva kohaliku pangakonto avamisega.","og_url":"https:\/\/1office.co\/finland\/et\/toode\/valmisfirma\/","og_site_name":"1Office Finland","article_modified_time":"2023-06-07T09:26:46+00:00","og_image":[{"width":1200,"height":800,"url":"https:\/\/1office.co\/finland\/wp-content\/uploads\/sites\/10\/2017\/08\/company-formation.jpg","type":"image\/jpeg"}],"twitter_card":"summary_large_image","twitter_misc":{"Est. reading time":"2 minutit"},"schema":{"@context":"https:\/\/schema.org","@graph":[{"@type":"WebPage","@id":"https:\/\/1office.co\/finland\/et\/toode\/valmisfirma\/","url":"https:\/\/1office.co\/finland\/et\/toode\/valmisfirma\/","name":"Valmisfirma OY (riigil\u00f5iv hinna sees) | 1Office Finland","isPartOf":{"@id":"https:\/\/1office.co\/finland\/fi\/#website"},"primaryImageOfPage":{"@id":"https:\/\/1office.co\/finland\/et\/toode\/valmisfirma\/#primaryimage"},"image":{"@id":"https:\/\/1office.co\/finland\/et\/toode\/valmisfirma\/#primaryimage"},"thumbnailUrl":"https:\/\/1office.co\/finland\/wp-content\/uploads\/sites\/10\/2017\/08\/company-formation.jpg","datePublished":"2017-08-10T08:34:11+00:00","dateModified":"2023-06-07T09:26:46+00:00","description":"Valmisfirma, soome keeles osakeyhti\u00f6 v\u00f5i Oy ostmine on sobiv v\u00f5imalus era- ning juriidilistele isikutele, kes soovivad Soomes \u00e4ritegevusega kiiresti alustada ning ei soovi eelnevalt n\u00e4ha vaeva kohaliku pangakonto avamisega.","breadcrumb":{"@id":"https:\/\/1office.co\/finland\/et\/toode\/valmisfirma\/#breadcrumb"},"inLanguage":"et","potentialAction":[{"@type":"ReadAction","target":["https:\/\/1office.co\/finland\/et\/toode\/valmisfirma\/"]}]},{"@type":"ImageObject","inLanguage":"et","@id":"https:\/\/1office.co\/finland\/et\/toode\/valmisfirma\/#primaryimage","url":"https:\/\/1office.co\/finland\/wp-content\/uploads\/sites\/10\/2017\/08\/company-formation.jpg","contentUrl":"https:\/\/1office.co\/finland\/wp-content\/uploads\/sites\/10\/2017\/08\/company-formation.jpg","width":1200,"height":800},{"@type":"BreadcrumbList","@id":"https:\/\/1office.co\/finland\/et\/toode\/valmisfirma\/#breadcrumb","itemListElement":[{"@type":"ListItem","position":1,"name":"Home","item":"https:\/\/1office.co\/finland\/et\/"},{"@type":"ListItem","position":2,"name":"Services Shop","item":"https:\/\/1office.co\/finland\/services-shop\/"},{"@type":"ListItem","position":3,"name":"Valmisfirma OY (riigil\u00f5iv hinna sees)"}]},{"@type":"WebSite","@id":"https:\/\/1office.co\/finland\/fi\/#website","url":"https:\/\/1office.co\/finland\/fi\/","name":"1Office Finland","description":"Making Business Simple","potentialAction":[{"@type":"SearchAction","target":{"@type":"EntryPoint","urlTemplate":"https:\/\/1office.co\/finland\/fi\/?s={search_term_string}"},"query-input":{"@type":"PropertyValueSpecification","valueRequired":true,"valueName":"search_term_string"}}],"inLanguage":"et"}]}},"_links":{"self":[{"href":"https:\/\/1office.co\/finland\/et\/wp-json\/wp\/v2\/product\/57665","targetHints":{"allow":["GET"]}}],"collection":[{"href":"https:\/\/1office.co\/finland\/et\/wp-json\/wp\/v2\/product"}],"about":[{"href":"https:\/\/1office.co\/finland\/et\/wp-json\/wp\/v2\/types\/product"}],"wp:featuredmedia":[{"embeddable":true,"href":"https:\/\/1office.co\/finland\/et\/wp-json\/wp\/v2\/media\/54271"}],"wp:attachment":[{"href":"https:\/\/1office.co\/finland\/et\/wp-json\/wp\/v2\/media?parent=57665"}],"wp:term":[{"taxonomy":"product_brand","embeddable":true,"href":"https:\/\/1office.co\/finland\/et\/wp-json\/wp\/v2\/product_brand?post=57665"},{"taxonomy":"product_cat","embeddable":true,"href":"https:\/\/1office.co\/finland\/et\/wp-json\/wp\/v2\/product_cat?post=57665"},{"taxonomy":"product_tag","embeddable":true,"href":"https:\/\/1office.co\/finland\/et\/wp-json\/wp\/v2\/product_tag?post=57665"}],"curies":[{"name":"wp","href":"https:\/\/api.w.org\/{rel}","templated":true}]}}