{"id":57691,"date":"2017-08-10T08:34:10","date_gmt":"2017-08-10T08:34:10","guid":{"rendered":"https:\/\/1office.co\/finland\/product\/call-answering-service\/"},"modified":"2021-02-01T12:46:22","modified_gmt":"2021-02-01T12:46:22","slug":"konede-haldus","status":"publish","type":"product","link":"https:\/\/1office.co\/finland\/et\/toode\/konede-haldus\/","title":{"rendered":"K\u00f5nede haldus \u00fcheks kuuks"},"content":{"rendered":"<div class=\"wpb-content-wrapper\"><p>[vc_row][vc_column]<div id=\"advanced-tabs-desc-wrap-5000\" class=\"ult_tabs product_tabs\" style=\" \" data-tabsstyle=\"style1\"\n data-titlebg=\"#ffffff\" data-titlecolor=\"#b6b8ba\" data-fullheight=\"off\"\n data-titlehoverbg=\"#ffffff\" data-titlehovercolor=\"#1d1e23\"\n data-rotatetabs=\"0\" data-responsivemode=\"Both\" data-animation=\"Slide\"\ndata-activetitle=\"#1d1e23\" data-activeicon=\"\" data-activebg=\"#ffffff\"  data-respmode=\"Tabs\" data-respwidth=\"400\" data-scroll = \"on\" data-activeindex=\"1\"><ul id=advanced-tabs-wrap-6388 class=\"ult_tabmenu style1 \" style=\"\"><li class=\"ult_tab_li  \" data-iconcolor=\"#74777b\" data-iconhover=\"#ffffff\" style=\"background-color:#ffffff;border-color:transparent;border-width:0px;border-style:solid;border-top-right-radius:8px;\">\n\t\t\t\t\t<a href=\"#1512642751410-8466b-4efe\"  id=\"1512642751410-8466b-4efe\"  style=\"color:#b6b8ba;; padding:15px; \" class=\"ult_a  \">\n\t\t\t\t\t     <span class=\"ult_tab_main Both \">\n\t\t\t\t\t \t\t <span class=\"ult_tab_section\">\n\t\t\t\t\t   \t\t\t<span  data-ultimate-target='#advanced-tabs-wrap-6388 .ult-span-text'  data-responsive-json-new='{\"font-size\":\"desktop:14px;\",\"line-height\":\"\"}'  class=\"ult-span-text no_icon ult_tab_display_text ult-responsive\" style=\"font-weight:bold;;\">DESCRIPTION<\/span>\n\t\t\t\t\t   \t\t<\/span>\n\t\t\t\t\t\t<\/span>\n\t\t\t\t\t<\/a>\n\t\t\t\t\t<\/li><\/ul><div  data-ultimate-target='#advanced-tabs-desc-wrap-5000 .ult_tabcontent .ult_tab_min_contain  p'  data-responsive-json-new='{\"font-size\":\"\",\"line-height\":\"\"}' class=\"ult_tabcontent ult-responsive style1\" style=\"color:#74777b;\"><div class=\"ult_tab_min_contain \" >\n\t\t\t<div  class=\"ult_tabitemname\"  >\n\t\t\t\t[vc_column_text]Meie sekret\u00e4r vastab k\u00f5nedele kokkulepitud tervitusega t\u00f6\u00f6p\u00e4eviti 8.00-16.00.<\/p>\n<p><strong>Hinnas sisaldub:<\/strong><\/p>\n<ul>\n<li>Teenuse t\u00e4pne sisu ja maht s\u00f5ltuvad kliendi vajadustest ja eelnevast kokkuleppest.<\/li>\n<\/ul>\n<p><strong>Populaarseimateks teenusteks on:<\/strong><\/p>\n<ul>\n<li>Isiklik telefoninumber<\/li>\n<li>Sinu ettev\u00f5tte nimel k\u00f5nedele vastamine soome, inglise ja\/v\u00f5i eesti keeles<\/li>\n<li>S\u00f5numite v\u00f5tmine ja nende edastamine e-maili teel koos helistaja kontaktandmetega<\/li>\n<\/ul>\n<p><strong>Saadaval lisatasu eest:<\/strong><\/p>\n<ul>\n<li><a href=\"https:\/\/1office.co\/finland\/et\/toode\/ariaadress-helsingi-kesklinnas-urho-kekkosen-katu-4-6e-00100-helsingi\/\" target=\"_blank\" rel=\"noopener\">\u00c4riaadress<\/a><\/li>\n<li><a href=\"https:\/\/1office.co\/finland\/et\/toode\/sekretariteenused\/\" target=\"_blank\" rel=\"noopener\">Sekret\u00e4riteenused<\/a><\/li>\n<li><a href=\"https:\/\/1office.co\/finland\/et\/toode\/koosolekuruum-kuni-6-inimesele\/\" target=\"_blank\" rel=\"noopener\">Koosolekuruumi rent<\/a><\/li>\n<\/ul>\n<p>[\/vc_column_text]\n\t\t\t<\/div><\/div><\/div><\/div><div class=\"ult_acord advanced-tabs-desc-wrap-5000\">\n   <div class=\"ult-tabto-accordion \" style=\"width:;\"\n    data-titlecolor=\"#b6b8ba\"  data-titlebg=\"#ffffff\"\n     data-titlehoverbg=\"#ffffff\" data-titlehovercolor=\"#1d1e23\" data-animation=\"Slide\"\n     data-activetitle=\"#1d1e23\" data-activeicon=\"\" data-activebg=\"#ffffff\" data-scroll = \"on\" data-activeindex=\"1\" >\n     <dl><dt class=\"\">\n\t        \t<a class=\"ult-tabto-actitle withBorder ult_a \" id=\"1512642751410-8466b-4efe\" style=\"color:#b6b8ba;;background-color:#ffffff;border-bottom-color:transparent;border-bottom-width:0px;border-bottom-style:solid;\" href=\"#1512642751410-8466b-4efe\">\n\t        \t\t<i class=\"accordion-icon\"><\/i>\n\t        \t\t\t<span class=\"ult_tab_main ult_ac_main ult_noacordicnBoth\">\n\n\t\t\t\t\t\t<span  data-ultimate-target='#advanced-tabs-wrap-6388 .ult-span-text'  data-responsive-json-new='{\"font-size\":\"desktop:14px;\",\"line-height\":\"\"}'  class=\"ult-span-text no_icon ult_acordian-text ult-responsive\" style=\"font-weight:bold;;color:inherit \" >DESCRIPTION<\/span>\n\t\t\t\t\t\t<\/span><\/a><\/dt>\n\t            \t\t<dd class=\"ult-tabto-accordionItem ult-tabto-accolapsed\">\n\t\t\t\t            <div class=\"ult-tabto-acontent\" style=\"color:#74777b;\">\n\t\t\t\t               [vc_column_text]Meie sekret\u00e4r vastab k\u00f5nedele kokkulepitud tervitusega t\u00f6\u00f6p\u00e4eviti 8.00-16.00.<\/p>\n<p><strong>Hinnas sisaldub:<\/strong><\/p>\n<ul>\n<li>Teenuse t\u00e4pne sisu ja maht s\u00f5ltuvad kliendi vajadustest ja eelnevast kokkuleppest.<\/li>\n<\/ul>\n<p><strong>Populaarseimateks teenusteks on:<\/strong><\/p>\n<ul>\n<li>Isiklik telefoninumber<\/li>\n<li>Sinu ettev\u00f5tte nimel k\u00f5nedele vastamine soome, inglise ja\/v\u00f5i eesti keeles<\/li>\n<li>S\u00f5numite v\u00f5tmine ja nende edastamine e-maili teel koos helistaja kontaktandmetega<\/li>\n<\/ul>\n<p><strong>Saadaval lisatasu eest:<\/strong><\/p>\n<ul>\n<li><a href=\"https:\/\/1office.co\/finland\/et\/toode\/ariaadress-helsingi-kesklinnas-urho-kekkosen-katu-4-6e-00100-helsingi\/\" target=\"_blank\" rel=\"noopener\">\u00c4riaadress<\/a><\/li>\n<li><a href=\"https:\/\/1office.co\/finland\/et\/toode\/sekretariteenused\/\" target=\"_blank\" rel=\"noopener\">Sekret\u00e4riteenused<\/a><\/li>\n<li><a href=\"https:\/\/1office.co\/finland\/et\/toode\/koosolekuruum-kuni-6-inimesele\/\" target=\"_blank\" rel=\"noopener\">Koosolekuruumi rent<\/a><\/li>\n<\/ul>\n<p>[\/vc_column_text]\n\t\t\t\t            <\/div>\n\t        \t\t\t<\/dd>\n    \t<\/dl>\n    <!--<div class=\"extraborder\" style=\"background-color:#ffffff\"><\/div>-->\n<\/div>\n\n<\/div>[\/vc_column][\/vc_row]<\/p>\n<\/div>","protected":false},"excerpt":{"rendered":"<p>Isiklik Soome telefoninumber koos vastamisega Sinu ettev\u00f5tte nimel. Sobiv lahendus ettev\u00f5tetele, kel pole m\u00f5istlik t\u00e4isajaga sekret\u00e4ri palgata v\u00f5i v\u00e4lismaistele ettev\u00f5tetele, kes soovivad, et nende k\u00f5nedele vastataks soome keeles.<\/p>\n","protected":false},"featured_media":58135,"template":"","meta":{"_acf_changed":false,"inline_featured_image":false},"product_brand":[],"product_cat":[444],"product_tag":[312],"class_list":{"0":"post-57691","1":"product","2":"type-product","3":"status-publish","4":"has-post-thumbnail","6":"product_cat-uncategorized-et","7":"product_tag-soome","8":"description-off","10":"first","11":"instock","12":"taxable","13":"shipping-taxable","14":"purchasable","15":"product-type-simple"},"bundled_by":[],"bundle_stock_status":"instock","bundle_stock_quantity":null,"bundle_virtual":false,"bundle_layout":"","bundle_add_to_cart_form_location":"","bundle_editable_in_cart":false,"bundle_sold_individually_context":"","bundle_item_grouping":"","bundle_min_size":"","bundle_max_size":"","bundle_price":[],"bundled_items":[],"bundle_sell_ids":[],"acf":[],"yoast_head":"<!-- This site is optimized with the Yoast SEO Premium plugin v22.1 (Yoast SEO v27.0) - https:\/\/yoast.com\/product\/yoast-seo-premium-wordpress\/ -->\n<title>K\u00f5nede haldus \u00fcheks kuuks | 1Office Finland<\/title>\n<meta name=\"description\" content=\"Isiklik telefoninumber koos vastamisega sinu ettev\u00f5tte nimel. Sobiv lahendus ettev\u00f5ttele, kel pole m\u00f5istlik t\u00e4isajaga sekret\u00e4ri palgata v\u00f5i v\u00e4lismaistele ettev\u00f5tetele, kes soovivad, et nende k\u00f5nedele vastataks soome keeles.\" \/>\n<meta name=\"robots\" content=\"noindex, follow\" \/>\n<meta property=\"og:locale\" content=\"et_EE\" \/>\n<meta property=\"og:type\" content=\"article\" \/>\n<meta property=\"og:title\" content=\"K\u00f5nede haldus \u00fcheks kuuks\" \/>\n<meta property=\"og:description\" content=\"Isiklik telefoninumber koos vastamisega sinu ettev\u00f5tte nimel. Sobiv lahendus ettev\u00f5ttele, kel pole m\u00f5istlik t\u00e4isajaga sekret\u00e4ri palgata v\u00f5i v\u00e4lismaistele ettev\u00f5tetele, kes soovivad, et nende k\u00f5nedele vastataks soome keeles.\" \/>\n<meta property=\"og:url\" content=\"https:\/\/1office.co\/finland\/et\/toode\/konede-haldus\/\" \/>\n<meta property=\"og:site_name\" content=\"1Office Finland\" \/>\n<meta property=\"article:modified_time\" content=\"2021-02-01T12:46:22+00:00\" \/>\n<meta property=\"og:image\" content=\"https:\/\/1office.co\/finland\/wp-content\/uploads\/sites\/10\/2017\/08\/pexels-photo-210647.jpeg\" \/>\n\t<meta property=\"og:image:width\" content=\"1800\" \/>\n\t<meta property=\"og:image:height\" content=\"1200\" \/>\n\t<meta property=\"og:image:type\" content=\"image\/jpeg\" \/>\n<meta name=\"twitter:card\" content=\"summary_large_image\" \/>\n<meta name=\"twitter:label1\" content=\"Est. reading time\" \/>\n\t<meta name=\"twitter:data1\" content=\"1 minut\" \/>\n<script type=\"application\/ld+json\" class=\"yoast-schema-graph\">{\"@context\":\"https:\/\/schema.org\",\"@graph\":[{\"@type\":\"WebPage\",\"@id\":\"https:\/\/1office.co\/finland\/et\/toode\/konede-haldus\/\",\"url\":\"https:\/\/1office.co\/finland\/et\/toode\/konede-haldus\/\",\"name\":\"K\u00f5nede haldus \u00fcheks kuuks | 1Office Finland\",\"isPartOf\":{\"@id\":\"https:\/\/1office.co\/finland\/fi\/#website\"},\"primaryImageOfPage\":{\"@id\":\"https:\/\/1office.co\/finland\/et\/toode\/konede-haldus\/#primaryimage\"},\"image\":{\"@id\":\"https:\/\/1office.co\/finland\/et\/toode\/konede-haldus\/#primaryimage\"},\"thumbnailUrl\":\"https:\/\/1office.co\/finland\/wp-content\/uploads\/sites\/10\/2017\/08\/pexels-photo-210647.jpeg\",\"datePublished\":\"2017-08-10T08:34:10+00:00\",\"dateModified\":\"2021-02-01T12:46:22+00:00\",\"description\":\"Isiklik telefoninumber koos vastamisega sinu ettev\u00f5tte nimel. Sobiv lahendus ettev\u00f5ttele, kel pole m\u00f5istlik t\u00e4isajaga sekret\u00e4ri palgata v\u00f5i v\u00e4lismaistele ettev\u00f5tetele, kes soovivad, et nende k\u00f5nedele vastataks soome keeles.\",\"breadcrumb\":{\"@id\":\"https:\/\/1office.co\/finland\/et\/toode\/konede-haldus\/#breadcrumb\"},\"inLanguage\":\"et\",\"potentialAction\":[{\"@type\":\"ReadAction\",\"target\":[\"https:\/\/1office.co\/finland\/et\/toode\/konede-haldus\/\"]}]},{\"@type\":\"ImageObject\",\"inLanguage\":\"et\",\"@id\":\"https:\/\/1office.co\/finland\/et\/toode\/konede-haldus\/#primaryimage\",\"url\":\"https:\/\/1office.co\/finland\/wp-content\/uploads\/sites\/10\/2017\/08\/pexels-photo-210647.jpeg\",\"contentUrl\":\"https:\/\/1office.co\/finland\/wp-content\/uploads\/sites\/10\/2017\/08\/pexels-photo-210647.jpeg\",\"width\":1800,\"height\":1200},{\"@type\":\"BreadcrumbList\",\"@id\":\"https:\/\/1office.co\/finland\/et\/toode\/konede-haldus\/#breadcrumb\",\"itemListElement\":[{\"@type\":\"ListItem\",\"position\":1,\"name\":\"Home\",\"item\":\"https:\/\/1office.co\/finland\/et\/\"},{\"@type\":\"ListItem\",\"position\":2,\"name\":\"Services Shop\",\"item\":\"https:\/\/1office.co\/finland\/services-shop\/\"},{\"@type\":\"ListItem\",\"position\":3,\"name\":\"K\u00f5nede haldus \u00fcheks kuuks\"}]},{\"@type\":\"WebSite\",\"@id\":\"https:\/\/1office.co\/finland\/fi\/#website\",\"url\":\"https:\/\/1office.co\/finland\/fi\/\",\"name\":\"1Office Finland\",\"description\":\"Making Business Simple\",\"potentialAction\":[{\"@type\":\"SearchAction\",\"target\":{\"@type\":\"EntryPoint\",\"urlTemplate\":\"https:\/\/1office.co\/finland\/fi\/?s={search_term_string}\"},\"query-input\":{\"@type\":\"PropertyValueSpecification\",\"valueRequired\":true,\"valueName\":\"search_term_string\"}}],\"inLanguage\":\"et\"}]}<\/script>\n<!-- \/ Yoast SEO Premium plugin. -->","yoast_head_json":{"title":"K\u00f5nede haldus \u00fcheks kuuks | 1Office Finland","description":"Isiklik telefoninumber koos vastamisega sinu ettev\u00f5tte nimel. Sobiv lahendus ettev\u00f5ttele, kel pole m\u00f5istlik t\u00e4isajaga sekret\u00e4ri palgata v\u00f5i v\u00e4lismaistele ettev\u00f5tetele, kes soovivad, et nende k\u00f5nedele vastataks soome keeles.","robots":{"index":"noindex","follow":"follow"},"og_locale":"et_EE","og_type":"article","og_title":"K\u00f5nede haldus \u00fcheks kuuks","og_description":"Isiklik telefoninumber koos vastamisega sinu ettev\u00f5tte nimel. Sobiv lahendus ettev\u00f5ttele, kel pole m\u00f5istlik t\u00e4isajaga sekret\u00e4ri palgata v\u00f5i v\u00e4lismaistele ettev\u00f5tetele, kes soovivad, et nende k\u00f5nedele vastataks soome keeles.","og_url":"https:\/\/1office.co\/finland\/et\/toode\/konede-haldus\/","og_site_name":"1Office Finland","article_modified_time":"2021-02-01T12:46:22+00:00","og_image":[{"width":1800,"height":1200,"url":"https:\/\/1office.co\/finland\/wp-content\/uploads\/sites\/10\/2017\/08\/pexels-photo-210647.jpeg","type":"image\/jpeg"}],"twitter_card":"summary_large_image","twitter_misc":{"Est. reading time":"1 minut"},"schema":{"@context":"https:\/\/schema.org","@graph":[{"@type":"WebPage","@id":"https:\/\/1office.co\/finland\/et\/toode\/konede-haldus\/","url":"https:\/\/1office.co\/finland\/et\/toode\/konede-haldus\/","name":"K\u00f5nede haldus \u00fcheks kuuks | 1Office Finland","isPartOf":{"@id":"https:\/\/1office.co\/finland\/fi\/#website"},"primaryImageOfPage":{"@id":"https:\/\/1office.co\/finland\/et\/toode\/konede-haldus\/#primaryimage"},"image":{"@id":"https:\/\/1office.co\/finland\/et\/toode\/konede-haldus\/#primaryimage"},"thumbnailUrl":"https:\/\/1office.co\/finland\/wp-content\/uploads\/sites\/10\/2017\/08\/pexels-photo-210647.jpeg","datePublished":"2017-08-10T08:34:10+00:00","dateModified":"2021-02-01T12:46:22+00:00","description":"Isiklik telefoninumber koos vastamisega sinu ettev\u00f5tte nimel. Sobiv lahendus ettev\u00f5ttele, kel pole m\u00f5istlik t\u00e4isajaga sekret\u00e4ri palgata v\u00f5i v\u00e4lismaistele ettev\u00f5tetele, kes soovivad, et nende k\u00f5nedele vastataks soome keeles.","breadcrumb":{"@id":"https:\/\/1office.co\/finland\/et\/toode\/konede-haldus\/#breadcrumb"},"inLanguage":"et","potentialAction":[{"@type":"ReadAction","target":["https:\/\/1office.co\/finland\/et\/toode\/konede-haldus\/"]}]},{"@type":"ImageObject","inLanguage":"et","@id":"https:\/\/1office.co\/finland\/et\/toode\/konede-haldus\/#primaryimage","url":"https:\/\/1office.co\/finland\/wp-content\/uploads\/sites\/10\/2017\/08\/pexels-photo-210647.jpeg","contentUrl":"https:\/\/1office.co\/finland\/wp-content\/uploads\/sites\/10\/2017\/08\/pexels-photo-210647.jpeg","width":1800,"height":1200},{"@type":"BreadcrumbList","@id":"https:\/\/1office.co\/finland\/et\/toode\/konede-haldus\/#breadcrumb","itemListElement":[{"@type":"ListItem","position":1,"name":"Home","item":"https:\/\/1office.co\/finland\/et\/"},{"@type":"ListItem","position":2,"name":"Services Shop","item":"https:\/\/1office.co\/finland\/services-shop\/"},{"@type":"ListItem","position":3,"name":"K\u00f5nede haldus \u00fcheks kuuks"}]},{"@type":"WebSite","@id":"https:\/\/1office.co\/finland\/fi\/#website","url":"https:\/\/1office.co\/finland\/fi\/","name":"1Office Finland","description":"Making Business Simple","potentialAction":[{"@type":"SearchAction","target":{"@type":"EntryPoint","urlTemplate":"https:\/\/1office.co\/finland\/fi\/?s={search_term_string}"},"query-input":{"@type":"PropertyValueSpecification","valueRequired":true,"valueName":"search_term_string"}}],"inLanguage":"et"}]}},"_links":{"self":[{"href":"https:\/\/1office.co\/finland\/et\/wp-json\/wp\/v2\/product\/57691","targetHints":{"allow":["GET"]}}],"collection":[{"href":"https:\/\/1office.co\/finland\/et\/wp-json\/wp\/v2\/product"}],"about":[{"href":"https:\/\/1office.co\/finland\/et\/wp-json\/wp\/v2\/types\/product"}],"wp:featuredmedia":[{"embeddable":true,"href":"https:\/\/1office.co\/finland\/et\/wp-json\/wp\/v2\/media\/58135"}],"wp:attachment":[{"href":"https:\/\/1office.co\/finland\/et\/wp-json\/wp\/v2\/media?parent=57691"}],"wp:term":[{"taxonomy":"product_brand","embeddable":true,"href":"https:\/\/1office.co\/finland\/et\/wp-json\/wp\/v2\/product_brand?post=57691"},{"taxonomy":"product_cat","embeddable":true,"href":"https:\/\/1office.co\/finland\/et\/wp-json\/wp\/v2\/product_cat?post=57691"},{"taxonomy":"product_tag","embeddable":true,"href":"https:\/\/1office.co\/finland\/et\/wp-json\/wp\/v2\/product_tag?post=57691"}],"curies":[{"name":"wp","href":"https:\/\/api.w.org\/{rel}","templated":true}]}}