{"id":57738,"date":"2017-08-10T10:40:14","date_gmt":"2017-08-10T10:40:14","guid":{"rendered":"https:\/\/1office.co\/finland\/product\/annual-report\/"},"modified":"2025-09-16T07:49:55","modified_gmt":"2025-09-16T07:49:55","slug":"majandusaasta-aruanne-soomes","status":"publish","type":"product","link":"https:\/\/1office.co\/finland\/et\/toode\/majandusaasta-aruanne-soomes\/","title":{"rendered":"Majandusaasta aruanne Soomes"},"content":{"rendered":"<div class=\"wpb-content-wrapper\"><p>[vc_row][vc_column]<div id=\"advanced-tabs-desc-wrap-8890\" class=\"ult_tabs product_tabs\" style=\" \" data-tabsstyle=\"style1\"\n data-titlebg=\"#ffffff\" data-titlecolor=\"#b6b8ba\" data-fullheight=\"off\"\n data-titlehoverbg=\"#ffffff\" data-titlehovercolor=\"#1d1e23\"\n data-rotatetabs=\"0\" data-responsivemode=\"Both\" data-animation=\"Slide\"\ndata-activetitle=\"#1d1e23\" data-activeicon=\"\" data-activebg=\"#ffffff\"  data-respmode=\"Tabs\" data-respwidth=\"400\" data-scroll = \"on\" data-activeindex=\"1\"><ul id=advanced-tabs-wrap-9743 class=\"ult_tabmenu style1 \" style=\"\"><li class=\"ult_tab_li  \" data-iconcolor=\"#74777b\" data-iconhover=\"#ffffff\" style=\"background-color:#ffffff;border-color:transparent;border-width:0px;border-style:solid;border-top-right-radius:8px;\">\n\t\t\t\t\t<a href=\"#1512642751410-8cbfe-4c64\"  id=\"1512642751410-8cbfe-4c64\"  style=\"color:#b6b8ba;; padding:15px; \" class=\"ult_a  \">\n\t\t\t\t\t     <span class=\"ult_tab_main Both \">\n\t\t\t\t\t \t\t <span class=\"ult_tab_section\">\n\t\t\t\t\t   \t\t\t<span  data-ultimate-target='#advanced-tabs-wrap-9743 .ult-span-text'  data-responsive-json-new='{\"font-size\":\"desktop:14px;\",\"line-height\":\"\"}'  class=\"ult-span-text no_icon ult_tab_display_text ult-responsive\" style=\"font-weight:bold;;\">Kirjeldus<\/span>\n\t\t\t\t\t   \t\t<\/span>\n\t\t\t\t\t\t<\/span>\n\t\t\t\t\t<\/a>\n\t\t\t\t\t<\/li><\/ul><div  data-ultimate-target='#advanced-tabs-desc-wrap-8890 .ult_tabcontent .ult_tab_min_contain  p'  data-responsive-json-new='{\"font-size\":\"\",\"line-height\":\"\"}' class=\"ult_tabcontent ult-responsive style1\" style=\"color:#74777b;\"><div class=\"ult_tab_min_contain \" >\n\t\t\t<div  class=\"ult_tabitemname\"  >\n\t\t\t\t[vc_column_text]Majandusaasta aruande esitamine on kohustuslik k\u00f5ikidele Soomes registreeritud ettev\u00f5tetele, ka siis kui ettev\u00f5ttel on aasta jooksul olnud minimaalne \u00e4ritegevus (n\u00e4iteks pangakonto teenustasu). Kogu raamatupidamine peab olema enne majandusaasta aruande koostamist l\u00f5petatud.<\/p>\n<p>Majandusaasta aruanne on avalik info, mida saab iga\u00fcks Soome statistikaametist (Tilastokeskus) osta. Samuti v\u00f5ib majandusaasta aruannet k\u00fcsida pank.<\/p>\n<p>Majandusaasta tuludeklaratsioon ei ole aastaaruande osa, kuid ka selle esitamine on kohustuslik samaks t\u00e4htajaks. Teatud juhtudel v\u00f5ib vajalik olla ka audiitori arvamus. Saame aidata audiitori leidmisel.<\/p>\n<p><strong>Hinnas sisaldub:<\/strong><\/p>\n<ul>\n<li>Majandusaasta aruandeks vajalike dokumentide koostamine (bilanss ning selle spetsifikatsioonid, kasumiaruanne, amortisatsiooniarvestus, varude arvestus, pearaamat, avatud m\u00fc\u00fcgi- ja ostuarvete raport, lisad)<\/li>\n<li>Andmete esitamine Soome statistikaametile<\/li>\n<\/ul>\n<p><strong>Saadaval lisatasu eest:<\/strong><\/p>\n<ul>\n<li>Raamatupidamine juhul kui finantsaasta raamatupidamine ei ole tehtud<\/li>\n<li>Majandusaasta tuludeklaratsioon<\/li>\n<li>Suhtlus audiitoriga<\/li>\n<\/ul>\n<p><strong>T\u00e4htis informatsioon:<\/strong><\/p>\n<ul>\n<li>Majandusaasta aruande esitamine on kohustuslik isegi siis, kui ettev\u00f5ttel pole aasta jooksul mingit \u00e4ritegevust olnud.<\/li>\n<li>Majandusaasta aruandega koos on kohustuslik esitada ka majandusaasta tuludeklaratsioon.<\/li>\n<li>Aastaaruande mitte\u00f5igeagse esitamisega kaasnevad trahvid.<\/li>\n<\/ul>\n<p>[\/vc_column_text]\n\t\t\t<\/div><\/div><\/div><\/div><div class=\"ult_acord advanced-tabs-desc-wrap-8890\">\n   <div class=\"ult-tabto-accordion \" style=\"width:;\"\n    data-titlecolor=\"#b6b8ba\"  data-titlebg=\"#ffffff\"\n     data-titlehoverbg=\"#ffffff\" data-titlehovercolor=\"#1d1e23\" data-animation=\"Slide\"\n     data-activetitle=\"#1d1e23\" data-activeicon=\"\" data-activebg=\"#ffffff\" data-scroll = \"on\" data-activeindex=\"1\" >\n     <dl><dt class=\"\">\n\t        \t<a class=\"ult-tabto-actitle withBorder ult_a \" id=\"1512642751410-8cbfe-4c64\" style=\"color:#b6b8ba;;background-color:#ffffff;border-bottom-color:transparent;border-bottom-width:0px;border-bottom-style:solid;\" href=\"#1512642751410-8cbfe-4c64\">\n\t        \t\t<i class=\"accordion-icon\"><\/i>\n\t        \t\t\t<span class=\"ult_tab_main ult_ac_main ult_noacordicnBoth\">\n\n\t\t\t\t\t\t<span  data-ultimate-target='#advanced-tabs-wrap-9743 .ult-span-text'  data-responsive-json-new='{\"font-size\":\"desktop:14px;\",\"line-height\":\"\"}'  class=\"ult-span-text no_icon ult_acordian-text ult-responsive\" style=\"font-weight:bold;;color:inherit \" >Kirjeldus<\/span>\n\t\t\t\t\t\t<\/span><\/a><\/dt>\n\t            \t\t<dd class=\"ult-tabto-accordionItem ult-tabto-accolapsed\">\n\t\t\t\t            <div class=\"ult-tabto-acontent\" style=\"color:#74777b;\">\n\t\t\t\t               [vc_column_text]Majandusaasta aruande esitamine on kohustuslik k\u00f5ikidele Soomes registreeritud ettev\u00f5tetele, ka siis kui ettev\u00f5ttel on aasta jooksul olnud minimaalne \u00e4ritegevus (n\u00e4iteks pangakonto teenustasu). Kogu raamatupidamine peab olema enne majandusaasta aruande koostamist l\u00f5petatud.<\/p>\n<p>Majandusaasta aruanne on avalik info, mida saab iga\u00fcks Soome statistikaametist (Tilastokeskus) osta. Samuti v\u00f5ib majandusaasta aruannet k\u00fcsida pank.<\/p>\n<p>Majandusaasta tuludeklaratsioon ei ole aastaaruande osa, kuid ka selle esitamine on kohustuslik samaks t\u00e4htajaks. Teatud juhtudel v\u00f5ib vajalik olla ka audiitori arvamus. Saame aidata audiitori leidmisel.<\/p>\n<p><strong>Hinnas sisaldub:<\/strong><\/p>\n<ul>\n<li>Majandusaasta aruandeks vajalike dokumentide koostamine (bilanss ning selle spetsifikatsioonid, kasumiaruanne, amortisatsiooniarvestus, varude arvestus, pearaamat, avatud m\u00fc\u00fcgi- ja ostuarvete raport, lisad)<\/li>\n<li>Andmete esitamine Soome statistikaametile<\/li>\n<\/ul>\n<p><strong>Saadaval lisatasu eest:<\/strong><\/p>\n<ul>\n<li>Raamatupidamine juhul kui finantsaasta raamatupidamine ei ole tehtud<\/li>\n<li>Majandusaasta tuludeklaratsioon<\/li>\n<li>Suhtlus audiitoriga<\/li>\n<\/ul>\n<p><strong>T\u00e4htis informatsioon:<\/strong><\/p>\n<ul>\n<li>Majandusaasta aruande esitamine on kohustuslik isegi siis, kui ettev\u00f5ttel pole aasta jooksul mingit \u00e4ritegevust olnud.<\/li>\n<li>Majandusaasta aruandega koos on kohustuslik esitada ka majandusaasta tuludeklaratsioon.<\/li>\n<li>Aastaaruande mitte\u00f5igeagse esitamisega kaasnevad trahvid.<\/li>\n<\/ul>\n<p>[\/vc_column_text]\n\t\t\t\t            <\/div>\n\t        \t\t\t<\/dd>\n    \t<\/dl>\n    <!--<div class=\"extraborder\" style=\"background-color:#ffffff\"><\/div>-->\n<\/div>\n\n<\/div>[\/vc_column][\/vc_row]<\/p>\n<\/div>","protected":false},"excerpt":{"rendered":"<p>Iga Soomes registreeritud ettev\u00f5te peab kohalikule \u00e4riregistrile esitama majandusaasta aruande hiljemalt neli kuud p\u00e4rast majandusaasta l\u00f5ppu. See peab olema soome keeles ja kohalikus valuutas (EUR).<\/p>\n","protected":false},"featured_media":57437,"template":"","meta":{"_acf_changed":false,"inline_featured_image":false},"product_brand":[],"product_cat":[307],"product_tag":[312],"class_list":{"0":"post-57738","1":"product","2":"type-product","3":"status-publish","4":"has-post-thumbnail","6":"product_cat-raamatupidamine","7":"product_tag-soome","8":"description-off","10":"first","11":"instock","12":"virtual","13":"taxable","14":"purchasable","15":"product-type-simple"},"bundled_by":[],"bundle_stock_status":"instock","bundle_stock_quantity":null,"bundle_virtual":false,"bundle_layout":"","bundle_add_to_cart_form_location":"","bundle_editable_in_cart":false,"bundle_sold_individually_context":"","bundle_item_grouping":"","bundle_min_size":"","bundle_max_size":"","bundle_price":[],"bundled_items":[],"bundle_sell_ids":[],"acf":[],"yoast_head":"<!-- This site is optimized with the Yoast SEO Premium plugin v22.1 (Yoast SEO v27.0) - https:\/\/yoast.com\/product\/yoast-seo-premium-wordpress\/ -->\n<title>Majandusaasta aruanne Soomes | 1Office Finland<\/title>\n<meta name=\"description\" content=\"Majandusaasta aruande esitamine on kohustuslik k\u00f5igile Soomes registreeritud ettev\u00f5tetele. Aruanne kuvatakse avalikes andmetes nig seda saab iga\u00fcks vaadata Soome statistikaametist. See tuleb esitada nelja kuu jooksul majandusaasta l\u00f5ppemisest soome keeles ning ametlikult kasutusel olevas valuutas (EUR).\" \/>\n<meta name=\"robots\" content=\"index, follow, max-snippet:-1, max-image-preview:large, max-video-preview:-1\" \/>\n<link rel=\"canonical\" href=\"https:\/\/1office.co\/finland\/et\/toode\/majandusaasta-aruanne-soomes\/\" \/>\n<meta property=\"og:locale\" content=\"et_EE\" \/>\n<meta property=\"og:type\" content=\"article\" \/>\n<meta property=\"og:title\" content=\"Majandusaasta aruanne Soomes\" \/>\n<meta property=\"og:description\" content=\"Majandusaasta aruande esitamine on kohustuslik k\u00f5igile Soomes registreeritud ettev\u00f5tetele. Aruanne kuvatakse avalikes andmetes nig seda saab iga\u00fcks vaadata Soome statistikaametist. See tuleb esitada nelja kuu jooksul majandusaasta l\u00f5ppemisest soome keeles ning ametlikult kasutusel olevas valuutas (EUR).\" \/>\n<meta property=\"og:url\" content=\"https:\/\/1office.co\/finland\/et\/toode\/majandusaasta-aruanne-soomes\/\" \/>\n<meta property=\"og:site_name\" content=\"1Office Finland\" \/>\n<meta property=\"article:modified_time\" content=\"2025-09-16T07:49:55+00:00\" \/>\n<meta property=\"og:image\" content=\"https:\/\/1office.co\/finland\/wp-content\/uploads\/sites\/10\/2017\/08\/pexels-photo-442574.jpeg\" \/>\n\t<meta property=\"og:image:width\" content=\"1920\" \/>\n\t<meta property=\"og:image:height\" content=\"1280\" \/>\n\t<meta property=\"og:image:type\" content=\"image\/jpeg\" \/>\n<meta name=\"twitter:card\" content=\"summary_large_image\" \/>\n<meta name=\"twitter:label1\" content=\"Est. reading time\" \/>\n\t<meta name=\"twitter:data1\" content=\"1 minut\" \/>\n<script type=\"application\/ld+json\" class=\"yoast-schema-graph\">{\"@context\":\"https:\/\/schema.org\",\"@graph\":[{\"@type\":\"WebPage\",\"@id\":\"https:\/\/1office.co\/finland\/et\/toode\/majandusaasta-aruanne-soomes\/\",\"url\":\"https:\/\/1office.co\/finland\/et\/toode\/majandusaasta-aruanne-soomes\/\",\"name\":\"Majandusaasta aruanne Soomes | 1Office Finland\",\"isPartOf\":{\"@id\":\"https:\/\/1office.co\/finland\/fi\/#website\"},\"primaryImageOfPage\":{\"@id\":\"https:\/\/1office.co\/finland\/et\/toode\/majandusaasta-aruanne-soomes\/#primaryimage\"},\"image\":{\"@id\":\"https:\/\/1office.co\/finland\/et\/toode\/majandusaasta-aruanne-soomes\/#primaryimage\"},\"thumbnailUrl\":\"https:\/\/1office.co\/finland\/wp-content\/uploads\/sites\/10\/2017\/08\/pexels-photo-442574.jpeg\",\"datePublished\":\"2017-08-10T10:40:14+00:00\",\"dateModified\":\"2025-09-16T07:49:55+00:00\",\"description\":\"Majandusaasta aruande esitamine on kohustuslik k\u00f5igile Soomes registreeritud ettev\u00f5tetele. Aruanne kuvatakse avalikes andmetes nig seda saab iga\u00fcks vaadata Soome statistikaametist. See tuleb esitada nelja kuu jooksul majandusaasta l\u00f5ppemisest soome keeles ning ametlikult kasutusel olevas valuutas (EUR).\",\"breadcrumb\":{\"@id\":\"https:\/\/1office.co\/finland\/et\/toode\/majandusaasta-aruanne-soomes\/#breadcrumb\"},\"inLanguage\":\"et\",\"potentialAction\":[{\"@type\":\"ReadAction\",\"target\":[\"https:\/\/1office.co\/finland\/et\/toode\/majandusaasta-aruanne-soomes\/\"]}]},{\"@type\":\"ImageObject\",\"inLanguage\":\"et\",\"@id\":\"https:\/\/1office.co\/finland\/et\/toode\/majandusaasta-aruanne-soomes\/#primaryimage\",\"url\":\"https:\/\/1office.co\/finland\/wp-content\/uploads\/sites\/10\/2017\/08\/pexels-photo-442574.jpeg\",\"contentUrl\":\"https:\/\/1office.co\/finland\/wp-content\/uploads\/sites\/10\/2017\/08\/pexels-photo-442574.jpeg\",\"width\":1920,\"height\":1280},{\"@type\":\"BreadcrumbList\",\"@id\":\"https:\/\/1office.co\/finland\/et\/toode\/majandusaasta-aruanne-soomes\/#breadcrumb\",\"itemListElement\":[{\"@type\":\"ListItem\",\"position\":1,\"name\":\"Home\",\"item\":\"https:\/\/1office.co\/finland\/et\/\"},{\"@type\":\"ListItem\",\"position\":2,\"name\":\"Services Shop\",\"item\":\"https:\/\/1office.co\/finland\/services-shop\/\"},{\"@type\":\"ListItem\",\"position\":3,\"name\":\"Majandusaasta aruanne Soomes\"}]},{\"@type\":\"WebSite\",\"@id\":\"https:\/\/1office.co\/finland\/fi\/#website\",\"url\":\"https:\/\/1office.co\/finland\/fi\/\",\"name\":\"1Office Finland\",\"description\":\"Making Business Simple\",\"potentialAction\":[{\"@type\":\"SearchAction\",\"target\":{\"@type\":\"EntryPoint\",\"urlTemplate\":\"https:\/\/1office.co\/finland\/fi\/?s={search_term_string}\"},\"query-input\":{\"@type\":\"PropertyValueSpecification\",\"valueRequired\":true,\"valueName\":\"search_term_string\"}}],\"inLanguage\":\"et\"}]}<\/script>\n<!-- \/ Yoast SEO Premium plugin. -->","yoast_head_json":{"title":"Majandusaasta aruanne Soomes | 1Office Finland","description":"Majandusaasta aruande esitamine on kohustuslik k\u00f5igile Soomes registreeritud ettev\u00f5tetele. Aruanne kuvatakse avalikes andmetes nig seda saab iga\u00fcks vaadata Soome statistikaametist. See tuleb esitada nelja kuu jooksul majandusaasta l\u00f5ppemisest soome keeles ning ametlikult kasutusel olevas valuutas (EUR).","robots":{"index":"index","follow":"follow","max-snippet":"max-snippet:-1","max-image-preview":"max-image-preview:large","max-video-preview":"max-video-preview:-1"},"canonical":"https:\/\/1office.co\/finland\/et\/toode\/majandusaasta-aruanne-soomes\/","og_locale":"et_EE","og_type":"article","og_title":"Majandusaasta aruanne Soomes","og_description":"Majandusaasta aruande esitamine on kohustuslik k\u00f5igile Soomes registreeritud ettev\u00f5tetele. Aruanne kuvatakse avalikes andmetes nig seda saab iga\u00fcks vaadata Soome statistikaametist. See tuleb esitada nelja kuu jooksul majandusaasta l\u00f5ppemisest soome keeles ning ametlikult kasutusel olevas valuutas (EUR).","og_url":"https:\/\/1office.co\/finland\/et\/toode\/majandusaasta-aruanne-soomes\/","og_site_name":"1Office Finland","article_modified_time":"2025-09-16T07:49:55+00:00","og_image":[{"width":1920,"height":1280,"url":"https:\/\/1office.co\/finland\/wp-content\/uploads\/sites\/10\/2017\/08\/pexels-photo-442574.jpeg","type":"image\/jpeg"}],"twitter_card":"summary_large_image","twitter_misc":{"Est. reading time":"1 minut"},"schema":{"@context":"https:\/\/schema.org","@graph":[{"@type":"WebPage","@id":"https:\/\/1office.co\/finland\/et\/toode\/majandusaasta-aruanne-soomes\/","url":"https:\/\/1office.co\/finland\/et\/toode\/majandusaasta-aruanne-soomes\/","name":"Majandusaasta aruanne Soomes | 1Office Finland","isPartOf":{"@id":"https:\/\/1office.co\/finland\/fi\/#website"},"primaryImageOfPage":{"@id":"https:\/\/1office.co\/finland\/et\/toode\/majandusaasta-aruanne-soomes\/#primaryimage"},"image":{"@id":"https:\/\/1office.co\/finland\/et\/toode\/majandusaasta-aruanne-soomes\/#primaryimage"},"thumbnailUrl":"https:\/\/1office.co\/finland\/wp-content\/uploads\/sites\/10\/2017\/08\/pexels-photo-442574.jpeg","datePublished":"2017-08-10T10:40:14+00:00","dateModified":"2025-09-16T07:49:55+00:00","description":"Majandusaasta aruande esitamine on kohustuslik k\u00f5igile Soomes registreeritud ettev\u00f5tetele. Aruanne kuvatakse avalikes andmetes nig seda saab iga\u00fcks vaadata Soome statistikaametist. See tuleb esitada nelja kuu jooksul majandusaasta l\u00f5ppemisest soome keeles ning ametlikult kasutusel olevas valuutas (EUR).","breadcrumb":{"@id":"https:\/\/1office.co\/finland\/et\/toode\/majandusaasta-aruanne-soomes\/#breadcrumb"},"inLanguage":"et","potentialAction":[{"@type":"ReadAction","target":["https:\/\/1office.co\/finland\/et\/toode\/majandusaasta-aruanne-soomes\/"]}]},{"@type":"ImageObject","inLanguage":"et","@id":"https:\/\/1office.co\/finland\/et\/toode\/majandusaasta-aruanne-soomes\/#primaryimage","url":"https:\/\/1office.co\/finland\/wp-content\/uploads\/sites\/10\/2017\/08\/pexels-photo-442574.jpeg","contentUrl":"https:\/\/1office.co\/finland\/wp-content\/uploads\/sites\/10\/2017\/08\/pexels-photo-442574.jpeg","width":1920,"height":1280},{"@type":"BreadcrumbList","@id":"https:\/\/1office.co\/finland\/et\/toode\/majandusaasta-aruanne-soomes\/#breadcrumb","itemListElement":[{"@type":"ListItem","position":1,"name":"Home","item":"https:\/\/1office.co\/finland\/et\/"},{"@type":"ListItem","position":2,"name":"Services Shop","item":"https:\/\/1office.co\/finland\/services-shop\/"},{"@type":"ListItem","position":3,"name":"Majandusaasta aruanne Soomes"}]},{"@type":"WebSite","@id":"https:\/\/1office.co\/finland\/fi\/#website","url":"https:\/\/1office.co\/finland\/fi\/","name":"1Office Finland","description":"Making Business Simple","potentialAction":[{"@type":"SearchAction","target":{"@type":"EntryPoint","urlTemplate":"https:\/\/1office.co\/finland\/fi\/?s={search_term_string}"},"query-input":{"@type":"PropertyValueSpecification","valueRequired":true,"valueName":"search_term_string"}}],"inLanguage":"et"}]}},"_links":{"self":[{"href":"https:\/\/1office.co\/finland\/et\/wp-json\/wp\/v2\/product\/57738","targetHints":{"allow":["GET"]}}],"collection":[{"href":"https:\/\/1office.co\/finland\/et\/wp-json\/wp\/v2\/product"}],"about":[{"href":"https:\/\/1office.co\/finland\/et\/wp-json\/wp\/v2\/types\/product"}],"wp:featuredmedia":[{"embeddable":true,"href":"https:\/\/1office.co\/finland\/et\/wp-json\/wp\/v2\/media\/57437"}],"wp:attachment":[{"href":"https:\/\/1office.co\/finland\/et\/wp-json\/wp\/v2\/media?parent=57738"}],"wp:term":[{"taxonomy":"product_brand","embeddable":true,"href":"https:\/\/1office.co\/finland\/et\/wp-json\/wp\/v2\/product_brand?post=57738"},{"taxonomy":"product_cat","embeddable":true,"href":"https:\/\/1office.co\/finland\/et\/wp-json\/wp\/v2\/product_cat?post=57738"},{"taxonomy":"product_tag","embeddable":true,"href":"https:\/\/1office.co\/finland\/et\/wp-json\/wp\/v2\/product_tag?post=57738"}],"curies":[{"name":"wp","href":"https:\/\/api.w.org\/{rel}","templated":true}]}}