{"id":57818,"date":"2018-03-27T14:38:17","date_gmt":"2018-03-27T14:38:18","guid":{"rendered":"https:\/\/1office.co\/finland\/?post_type=product&#038;p=57818"},"modified":"2026-01-13T07:21:19","modified_gmt":"2026-01-13T07:21:19","slug":"ettevotte-avamine-soomes","status":"publish","type":"product","link":"https:\/\/1office.co\/finland\/et\/toode\/ettevotte-avamine-soomes\/","title":{"rendered":"Alusta ettev\u00f5tte Soomes -stardipakket"},"content":{"rendered":"<div class=\"wpb-content-wrapper\"><p>[vc_row][vc_column]<div id=\"advanced-tabs-desc-wrap-7665\" class=\"ult_tabs product_tabs\" style=\" \" data-tabsstyle=\"style1\"\n data-titlebg=\"#ffffff\" data-titlecolor=\"#b6b8ba\" data-fullheight=\"off\"\n data-titlehoverbg=\"#ffffff\" data-titlehovercolor=\"#1d1e23\"\n data-rotatetabs=\"0\" data-responsivemode=\"Both\" data-animation=\"Slide\"\ndata-activetitle=\"#1d1e23\" data-activeicon=\"\" data-activebg=\"#ffffff\"  data-respmode=\"Tabs\" data-respwidth=\"400\" data-scroll = \"on\" data-activeindex=\"1\"><ul id=advanced-tabs-wrap-2097 class=\"ult_tabmenu style1 \" style=\"\"><li class=\"ult_tab_li  \" data-iconcolor=\"#74777b\" data-iconhover=\"#ffffff\" style=\"background-color:#ffffff;border-color:transparent;border-width:0px;border-style:solid;border-top-right-radius:8px;\">\n\t\t\t\t\t<a href=\"#1512642751410-8d7ab-c11d\"  id=\"1512642751410-8d7ab-c11d\"  style=\"color:#b6b8ba;; padding:15px; \" class=\"ult_a  \">\n\t\t\t\t\t     <span class=\"ult_tab_main Both \">\n\t\t\t\t\t \t\t <span class=\"ult_tab_section\">\n\t\t\t\t\t   \t\t\t<span  data-ultimate-target='#advanced-tabs-wrap-2097 .ult-span-text'  data-responsive-json-new='{\"font-size\":\"desktop:14px;\",\"line-height\":\"\"}'  class=\"ult-span-text no_icon ult_tab_display_text ult-responsive\" style=\"font-weight:bold;;\">Kirjeldus<\/span>\n\t\t\t\t\t   \t\t<\/span>\n\t\t\t\t\t\t<\/span>\n\t\t\t\t\t<\/a>\n\t\t\t\t\t<\/li><\/ul><div  data-ultimate-target='#advanced-tabs-desc-wrap-7665 .ult_tabcontent .ult_tab_min_contain  p'  data-responsive-json-new='{\"font-size\":\"\",\"line-height\":\"\"}' class=\"ult_tabcontent ult-responsive style1\" style=\"color:#74777b;\"><div class=\"ult_tab_min_contain \" >\n\t\t\t<div  class=\"ult_tabitemname\"  >\n\t\t\t\t[vc_column_text]Ettev\u00f5tte asutamine Soomes on n\u00fc\u00fcd lihtsam kui kunagi varem. 1. juulist 2019 on Soome ettev\u00f5tte osakapitali sissemakse n\u00f5ue 0 \u20ac. See teeb ettev\u00f5tte asutamise v\u00e4ga lihtsaks, sest enam pole vaja kohale tulla, et pangas stardikonto avada ning osakapital sisse maksta.<\/p>\n<p>Meie stardipakett on ideaalne alustavatele ettev\u00f5tjatele, kes soovivad tegeleda \u00e4riga Soomes. Terviklahendusega pakett t\u00e4hendab, et meie hoolitseme ettev\u00f5tte registreerimise, riigil\u00f5ivude ja maksuregistreeringute eest. Nii saad t\u00e4ielikult keskenduda oma ettev\u00f5tte \u00fcles ehitamisele.<\/p>\n<p>&nbsp;<\/p>\n<p><strong>Hinnas sisaldub:<\/strong><\/p>\n<ul>\n<li>Ettev\u00f5tte registreerimine \u00e4riregistris (Kaupparekisteri)<\/li>\n<li>Maksuregistreeringud<\/li>\n<li>\u00c4riaadress koos postiteenusega \u00fcheks aastaks<\/li>\n<li>Riigil\u00f5iv<\/li>\n<li>Tehniline tugi<\/li>\n<li>Tegeliku kasusaaja registreerimine<\/li>\n<li><a href=\"https:\/\/1office.co\/finland\/et\/toode\/suomi-fi-taotlus\/\">Registreerimine Suomi.fi portaalis<\/a><\/li>\n<li>Ligip\u00e4\u00e4s <a href=\"http:\/\/www.1office.co\/my1office\">my1Office<\/a> keskkonda<\/li>\n<\/ul>\n<p>&nbsp;<\/p>\n<p><strong>Saadaval lisatasu eest:<\/strong><\/p>\n<ul>\n<li><a href=\"https:\/\/1office.co\/finland\/et\/toode\/konsultatsioon-ari-alustamine-soomes\/\" target=\"_blank\" rel=\"noopener noreferrer\">Konsultatsioon \u00c4ri alustamine Soomes<\/a><\/li>\n<li><a href=\"https:\/\/1office.co\/finland\/et\/toode\/raamatupidamise-teenuse-alustustasu\/\" target=\"_blank\" rel=\"noopener noreferrer\">Raamatupidamisteenus<\/a><\/li>\n<li>Kindlustus<\/li>\n<li>Wise\u2019i v\u00f5i Payoneeri pangakonto<\/li>\n<\/ul>\n<p>&nbsp;<\/p>\n<p><strong>T\u00e4htis informatsioon:<\/strong><\/p>\n<ul>\n<li>Soomes \u00e4ritegevuse alustamiseks on vajalik ka eelnev maksuregistreeringute taotlemine.<\/li>\n<li>Soome ettev\u00f5ttel peab olema v\u00e4hemalt \u00fcks juhatuse liige ja \u00fcks asendusliige. V\u00e4hemalt \u00fcks juhatuse liikmetest ning \u00fcks asendusliikmetest peab olema Euroopa Majanduspiirkonna resident.<\/li>\n<li>Pea meeles, et igal Soome ettev\u00f5ttel peab olema \u00e4riaadress. \u00c4riaadressi kuvatakse \u00e4riregistris ning sellele saadetakse ka k\u00f5ik ametlikud kirjad.<\/li>\n<li>Iga Soomes registreeritud ettev\u00f5te peab esitama majandusaasta aruande. Kui ettev\u00f5ttel on igakuised maksed, arved ja k\u00e4ibemaksunumber, on samuti kohustuslik esitada deklaratsioone iga kuu.\u00a0Kui aga endal pole aega v\u00f5i oskusi nende esitamiseks, tasub tellida eraldi\u00a0raamatupidamisteenus.<\/li>\n<\/ul>\n<p>[\/vc_column_text]\n\t\t\t<\/div><\/div><\/div><\/div><div class=\"ult_acord advanced-tabs-desc-wrap-7665\">\n   <div class=\"ult-tabto-accordion \" style=\"width:;\"\n    data-titlecolor=\"#b6b8ba\"  data-titlebg=\"#ffffff\"\n     data-titlehoverbg=\"#ffffff\" data-titlehovercolor=\"#1d1e23\" data-animation=\"Slide\"\n     data-activetitle=\"#1d1e23\" data-activeicon=\"\" data-activebg=\"#ffffff\" data-scroll = \"on\" data-activeindex=\"1\" >\n     <dl><dt class=\"\">\n\t        \t<a class=\"ult-tabto-actitle withBorder ult_a \" id=\"1512642751410-8d7ab-c11d\" style=\"color:#b6b8ba;;background-color:#ffffff;border-bottom-color:transparent;border-bottom-width:0px;border-bottom-style:solid;\" href=\"#1512642751410-8d7ab-c11d\">\n\t        \t\t<i class=\"accordion-icon\"><\/i>\n\t        \t\t\t<span class=\"ult_tab_main ult_ac_main ult_noacordicnBoth\">\n\n\t\t\t\t\t\t<span  data-ultimate-target='#advanced-tabs-wrap-2097 .ult-span-text'  data-responsive-json-new='{\"font-size\":\"desktop:14px;\",\"line-height\":\"\"}'  class=\"ult-span-text no_icon ult_acordian-text ult-responsive\" style=\"font-weight:bold;;color:inherit \" >Kirjeldus<\/span>\n\t\t\t\t\t\t<\/span><\/a><\/dt>\n\t            \t\t<dd class=\"ult-tabto-accordionItem ult-tabto-accolapsed\">\n\t\t\t\t            <div class=\"ult-tabto-acontent\" style=\"color:#74777b;\">\n\t\t\t\t               [vc_column_text]Ettev\u00f5tte asutamine Soomes on n\u00fc\u00fcd lihtsam kui kunagi varem. 1. juulist 2019 on Soome ettev\u00f5tte osakapitali sissemakse n\u00f5ue 0 \u20ac. See teeb ettev\u00f5tte asutamise v\u00e4ga lihtsaks, sest enam pole vaja kohale tulla, et pangas stardikonto avada ning osakapital sisse maksta.<\/p>\n<p>Meie stardipakett on ideaalne alustavatele ettev\u00f5tjatele, kes soovivad tegeleda \u00e4riga Soomes. Terviklahendusega pakett t\u00e4hendab, et meie hoolitseme ettev\u00f5tte registreerimise, riigil\u00f5ivude ja maksuregistreeringute eest. Nii saad t\u00e4ielikult keskenduda oma ettev\u00f5tte \u00fcles ehitamisele.<\/p>\n<p>&nbsp;<\/p>\n<p><strong>Hinnas sisaldub:<\/strong><\/p>\n<ul>\n<li>Ettev\u00f5tte registreerimine \u00e4riregistris (Kaupparekisteri)<\/li>\n<li>Maksuregistreeringud<\/li>\n<li>\u00c4riaadress koos postiteenusega \u00fcheks aastaks<\/li>\n<li>Riigil\u00f5iv<\/li>\n<li>Tehniline tugi<\/li>\n<li>Tegeliku kasusaaja registreerimine<\/li>\n<li><a href=\"https:\/\/1office.co\/finland\/et\/toode\/suomi-fi-taotlus\/\">Registreerimine Suomi.fi portaalis<\/a><\/li>\n<li>Ligip\u00e4\u00e4s <a href=\"http:\/\/www.1office.co\/my1office\">my1Office<\/a> keskkonda<\/li>\n<\/ul>\n<p>&nbsp;<\/p>\n<p><strong>Saadaval lisatasu eest:<\/strong><\/p>\n<ul>\n<li><a href=\"https:\/\/1office.co\/finland\/et\/toode\/konsultatsioon-ari-alustamine-soomes\/\" target=\"_blank\" rel=\"noopener noreferrer\">Konsultatsioon \u00c4ri alustamine Soomes<\/a><\/li>\n<li><a href=\"https:\/\/1office.co\/finland\/et\/toode\/raamatupidamise-teenuse-alustustasu\/\" target=\"_blank\" rel=\"noopener noreferrer\">Raamatupidamisteenus<\/a><\/li>\n<li>Kindlustus<\/li>\n<li>Wise\u2019i v\u00f5i Payoneeri pangakonto<\/li>\n<\/ul>\n<p>&nbsp;<\/p>\n<p><strong>T\u00e4htis informatsioon:<\/strong><\/p>\n<ul>\n<li>Soomes \u00e4ritegevuse alustamiseks on vajalik ka eelnev maksuregistreeringute taotlemine.<\/li>\n<li>Soome ettev\u00f5ttel peab olema v\u00e4hemalt \u00fcks juhatuse liige ja \u00fcks asendusliige. V\u00e4hemalt \u00fcks juhatuse liikmetest ning \u00fcks asendusliikmetest peab olema Euroopa Majanduspiirkonna resident.<\/li>\n<li>Pea meeles, et igal Soome ettev\u00f5ttel peab olema \u00e4riaadress. \u00c4riaadressi kuvatakse \u00e4riregistris ning sellele saadetakse ka k\u00f5ik ametlikud kirjad.<\/li>\n<li>Iga Soomes registreeritud ettev\u00f5te peab esitama majandusaasta aruande. Kui ettev\u00f5ttel on igakuised maksed, arved ja k\u00e4ibemaksunumber, on samuti kohustuslik esitada deklaratsioone iga kuu.\u00a0Kui aga endal pole aega v\u00f5i oskusi nende esitamiseks, tasub tellida eraldi\u00a0raamatupidamisteenus.<\/li>\n<\/ul>\n<p>[\/vc_column_text]\n\t\t\t\t            <\/div>\n\t        \t\t\t<\/dd>\n    \t<\/dl>\n    <!--<div class=\"extraborder\" style=\"background-color:#ffffff\"><\/div>-->\n<\/div>\n\n<\/div>[\/vc_column][\/vc_row]<\/p>\n<\/div>","protected":false},"excerpt":{"rendered":"<div class=\"woocommerce-product-details__short-description\">\n<p>Oleme aidanud Soomes ettev\u00f5tlusega alustada sadadel ettev\u00f5tetel. Soome OY asutamine on t\u00f5eliselt lihtne ning meie abiga t\u00e4ielikult veebi teel tehtav.<\/p>\n<p>Esimene makse paketi eest on 1610 + 840 = <strong>2450 \u20ac<\/strong> ja korduv makse p\u00e4rast esimest aastat on 840 \u20ac \/ aastas.<\/p>\n<p><strong>Pakett sisaldab ettev\u00f5tte asutamist ja j\u00e4rgnevaid teenuseid:<\/strong><\/p>\n<\/div>\n","protected":false},"featured_media":58129,"template":"","meta":{"_acf_changed":false,"inline_featured_image":false},"product_brand":[],"product_cat":[472],"product_tag":[312],"class_list":{"0":"post-57818","1":"product","2":"type-product","3":"status-publish","4":"has-post-thumbnail","6":"product_cat-paketid","7":"product_tag-soome","8":"description-off","10":"first","11":"instock","12":"virtual","13":"taxable","14":"purchasable","15":"product-type-bundle"},"bundled_by":[],"bundle_stock_status":"instock","bundle_stock_quantity":"","bundle_virtual":false,"bundle_layout":"default","bundle_add_to_cart_form_location":"default","bundle_editable_in_cart":false,"bundle_sold_individually_context":"product","bundle_item_grouping":"parent","bundle_min_size":"","bundle_max_size":"","bundle_price":{"price":{"min":{"incl_tax":"2020.55","excl_tax":"1610"},"max":{"incl_tax":"2020.55","excl_tax":"1610"}},"regular_price":{"min":{"incl_tax":"2020.55","excl_tax":"1610"},"max":{"incl_tax":"2020.55","excl_tax":"1610"}}},"bundled_items":[{"bundled_item_id":5,"product_id":59154,"menu_order":0,"quantity_min":1,"quantity_max":1,"quantity_default":1,"priced_individually":true,"shipped_individually":true,"override_title":false,"title":"\u00c4riaadress Helsingi kesklinnas","override_description":false,"description":"\u00c4riaadress Helsingi kesklinnas","optional":false,"hide_thumbnail":false,"discount":"","override_variations":false,"allowed_variations":[""],"override_default_variation_attributes":false,"default_variation_attributes":[],"single_product_visibility":"visible","cart_visibility":"visible","order_visibility":"visible","single_product_price_visibility":"hidden","cart_price_visibility":"hidden","order_price_visibility":"hidden","stock_status":"in_stock"},{"bundled_item_id":6,"product_id":59703,"menu_order":1,"quantity_min":1,"quantity_max":1,"quantity_default":1,"priced_individually":true,"shipped_individually":true,"override_title":false,"title":"Suomi.fi taotlus","override_description":false,"description":"Suomi.fi taotlus","optional":false,"hide_thumbnail":false,"discount":"","override_variations":false,"allowed_variations":[""],"override_default_variation_attributes":false,"default_variation_attributes":[],"single_product_visibility":"visible","cart_visibility":"visible","order_visibility":"visible","single_product_price_visibility":"hidden","cart_price_visibility":"hidden","order_price_visibility":"hidden","stock_status":"in_stock"},{"bundled_item_id":7,"product_id":59923,"menu_order":2,"quantity_min":1,"quantity_max":1,"quantity_default":1,"priced_individually":true,"shipped_individually":true,"override_title":false,"title":"Tegeliku kasusaaja registreerimine","override_description":false,"description":"Tegeliku kasusaaja registreerimine","optional":false,"hide_thumbnail":false,"discount":"","override_variations":false,"allowed_variations":[""],"override_default_variation_attributes":false,"default_variation_attributes":[],"single_product_visibility":"visible","cart_visibility":"visible","order_visibility":"visible","single_product_price_visibility":"hidden","cart_price_visibility":"hidden","order_price_visibility":"hidden","stock_status":"in_stock"},{"bundled_item_id":8,"product_id":57723,"menu_order":3,"quantity_min":1,"quantity_max":1,"quantity_default":1,"priced_individually":true,"shipped_individually":true,"override_title":false,"title":"Maksuregistreeringud Soome ettev\u00f5ttele","override_description":false,"description":"Maksuregistreeringud Soome ettev\u00f5ttele","optional":false,"hide_thumbnail":false,"discount":"","override_variations":false,"allowed_variations":[""],"override_default_variation_attributes":false,"default_variation_attributes":[],"single_product_visibility":"visible","cart_visibility":"visible","order_visibility":"visible","single_product_price_visibility":"hidden","cart_price_visibility":"hidden","order_price_visibility":"hidden","stock_status":"in_stock"},{"bundled_item_id":17,"product_id":57545,"menu_order":4,"quantity_min":1,"quantity_max":1,"quantity_default":1,"priced_individually":true,"shipped_individually":true,"override_title":false,"title":"Raamatupidamise alustustasu Soomes","override_description":false,"description":"Raamatupidamise alustustasu","optional":false,"hide_thumbnail":false,"discount":"","override_variations":false,"allowed_variations":[""],"override_default_variation_attributes":false,"default_variation_attributes":[],"single_product_visibility":"visible","cart_visibility":"visible","order_visibility":"visible","single_product_price_visibility":"hidden","cart_price_visibility":"hidden","order_price_visibility":"hidden","stock_status":"in_stock"}],"bundle_sell_ids":[],"acf":[],"yoast_head":"<!-- This site is optimized with the Yoast SEO Premium plugin v22.1 (Yoast SEO v27.0) - https:\/\/yoast.com\/product\/yoast-seo-premium-wordpress\/ -->\n<title>Alusta ettev\u00f5tte Soomes -stardipakket | 1Office Finland<\/title>\n<meta name=\"description\" content=\"Me oleme aidanud Soomes ettev\u00f5tlusega alustada sadadel ettev\u00f5tetel. Oleme sellesse paketti koondanud k\u00f5ik teenused, mida Soomes \u00e4ri alustamiseks tarvis on.\" \/>\n<meta name=\"robots\" content=\"index, follow, max-snippet:-1, max-image-preview:large, max-video-preview:-1\" \/>\n<link rel=\"canonical\" href=\"https:\/\/1office.co\/finland\/et\/toode\/ettevotte-avamine-soomes\/\" \/>\n<meta property=\"og:locale\" content=\"et_EE\" \/>\n<meta property=\"og:type\" content=\"article\" \/>\n<meta property=\"og:title\" content=\"Alusta ettev\u00f5tte Soomes -stardipakket\" \/>\n<meta property=\"og:description\" content=\"Me oleme aidanud Soomes ettev\u00f5tlusega alustada sadadel ettev\u00f5tetel. Oleme sellesse paketti koondanud k\u00f5ik teenused, mida Soomes \u00e4ri alustamiseks tarvis on.\" \/>\n<meta property=\"og:url\" content=\"https:\/\/1office.co\/finland\/et\/toode\/ettevotte-avamine-soomes\/\" \/>\n<meta property=\"og:site_name\" content=\"1Office Finland\" \/>\n<meta property=\"article:modified_time\" content=\"2026-01-13T07:21:19+00:00\" \/>\n<meta property=\"og:image\" content=\"https:\/\/1office.co\/finland\/wp-content\/uploads\/sites\/10\/2018\/03\/istock-183996236-e1594810665644.jpg\" \/>\n\t<meta property=\"og:image:width\" content=\"800\" \/>\n\t<meta property=\"og:image:height\" content=\"600\" \/>\n\t<meta property=\"og:image:type\" content=\"image\/jpeg\" \/>\n<meta name=\"twitter:card\" content=\"summary_large_image\" \/>\n<meta name=\"twitter:label1\" content=\"Est. reading time\" \/>\n\t<meta name=\"twitter:data1\" content=\"2 minutit\" \/>\n<script type=\"application\/ld+json\" class=\"yoast-schema-graph\">{\"@context\":\"https:\/\/schema.org\",\"@graph\":[{\"@type\":\"WebPage\",\"@id\":\"https:\/\/1office.co\/finland\/et\/toode\/ettevotte-avamine-soomes\/\",\"url\":\"https:\/\/1office.co\/finland\/et\/toode\/ettevotte-avamine-soomes\/\",\"name\":\"Alusta ettev\u00f5tte Soomes -stardipakket | 1Office Finland\",\"isPartOf\":{\"@id\":\"https:\/\/1office.co\/finland\/fi\/#website\"},\"primaryImageOfPage\":{\"@id\":\"https:\/\/1office.co\/finland\/et\/toode\/ettevotte-avamine-soomes\/#primaryimage\"},\"image\":{\"@id\":\"https:\/\/1office.co\/finland\/et\/toode\/ettevotte-avamine-soomes\/#primaryimage\"},\"thumbnailUrl\":\"https:\/\/1office.co\/finland\/wp-content\/uploads\/sites\/10\/2018\/03\/istock-183996236-e1594810665644.jpg\",\"datePublished\":\"2018-03-27T14:38:18+00:00\",\"dateModified\":\"2026-01-13T07:21:19+00:00\",\"description\":\"Me oleme aidanud Soomes ettev\u00f5tlusega alustada sadadel ettev\u00f5tetel. Oleme sellesse paketti koondanud k\u00f5ik teenused, mida Soomes \u00e4ri alustamiseks tarvis on.\",\"breadcrumb\":{\"@id\":\"https:\/\/1office.co\/finland\/et\/toode\/ettevotte-avamine-soomes\/#breadcrumb\"},\"inLanguage\":\"et\",\"potentialAction\":[{\"@type\":\"ReadAction\",\"target\":[\"https:\/\/1office.co\/finland\/et\/toode\/ettevotte-avamine-soomes\/\"]}]},{\"@type\":\"ImageObject\",\"inLanguage\":\"et\",\"@id\":\"https:\/\/1office.co\/finland\/et\/toode\/ettevotte-avamine-soomes\/#primaryimage\",\"url\":\"https:\/\/1office.co\/finland\/wp-content\/uploads\/sites\/10\/2018\/03\/istock-183996236-e1594810665644.jpg\",\"contentUrl\":\"https:\/\/1office.co\/finland\/wp-content\/uploads\/sites\/10\/2018\/03\/istock-183996236-e1594810665644.jpg\",\"width\":800,\"height\":600},{\"@type\":\"BreadcrumbList\",\"@id\":\"https:\/\/1office.co\/finland\/et\/toode\/ettevotte-avamine-soomes\/#breadcrumb\",\"itemListElement\":[{\"@type\":\"ListItem\",\"position\":1,\"name\":\"Home\",\"item\":\"https:\/\/1office.co\/finland\/et\/\"},{\"@type\":\"ListItem\",\"position\":2,\"name\":\"Services Shop\",\"item\":\"https:\/\/1office.co\/finland\/services-shop\/\"},{\"@type\":\"ListItem\",\"position\":3,\"name\":\"Alusta ettev\u00f5tte Soomes -stardipakket\"}]},{\"@type\":\"WebSite\",\"@id\":\"https:\/\/1office.co\/finland\/fi\/#website\",\"url\":\"https:\/\/1office.co\/finland\/fi\/\",\"name\":\"1Office Finland\",\"description\":\"Making Business Simple\",\"potentialAction\":[{\"@type\":\"SearchAction\",\"target\":{\"@type\":\"EntryPoint\",\"urlTemplate\":\"https:\/\/1office.co\/finland\/fi\/?s={search_term_string}\"},\"query-input\":{\"@type\":\"PropertyValueSpecification\",\"valueRequired\":true,\"valueName\":\"search_term_string\"}}],\"inLanguage\":\"et\"}]}<\/script>\n<!-- \/ Yoast SEO Premium plugin. -->","yoast_head_json":{"title":"Alusta ettev\u00f5tte Soomes -stardipakket | 1Office Finland","description":"Me oleme aidanud Soomes ettev\u00f5tlusega alustada sadadel ettev\u00f5tetel. Oleme sellesse paketti koondanud k\u00f5ik teenused, mida Soomes \u00e4ri alustamiseks tarvis on.","robots":{"index":"index","follow":"follow","max-snippet":"max-snippet:-1","max-image-preview":"max-image-preview:large","max-video-preview":"max-video-preview:-1"},"canonical":"https:\/\/1office.co\/finland\/et\/toode\/ettevotte-avamine-soomes\/","og_locale":"et_EE","og_type":"article","og_title":"Alusta ettev\u00f5tte Soomes -stardipakket","og_description":"Me oleme aidanud Soomes ettev\u00f5tlusega alustada sadadel ettev\u00f5tetel. Oleme sellesse paketti koondanud k\u00f5ik teenused, mida Soomes \u00e4ri alustamiseks tarvis on.","og_url":"https:\/\/1office.co\/finland\/et\/toode\/ettevotte-avamine-soomes\/","og_site_name":"1Office Finland","article_modified_time":"2026-01-13T07:21:19+00:00","og_image":[{"width":800,"height":600,"url":"https:\/\/1office.co\/finland\/wp-content\/uploads\/sites\/10\/2018\/03\/istock-183996236-e1594810665644.jpg","type":"image\/jpeg"}],"twitter_card":"summary_large_image","twitter_misc":{"Est. reading time":"2 minutit"},"schema":{"@context":"https:\/\/schema.org","@graph":[{"@type":"WebPage","@id":"https:\/\/1office.co\/finland\/et\/toode\/ettevotte-avamine-soomes\/","url":"https:\/\/1office.co\/finland\/et\/toode\/ettevotte-avamine-soomes\/","name":"Alusta ettev\u00f5tte Soomes -stardipakket | 1Office Finland","isPartOf":{"@id":"https:\/\/1office.co\/finland\/fi\/#website"},"primaryImageOfPage":{"@id":"https:\/\/1office.co\/finland\/et\/toode\/ettevotte-avamine-soomes\/#primaryimage"},"image":{"@id":"https:\/\/1office.co\/finland\/et\/toode\/ettevotte-avamine-soomes\/#primaryimage"},"thumbnailUrl":"https:\/\/1office.co\/finland\/wp-content\/uploads\/sites\/10\/2018\/03\/istock-183996236-e1594810665644.jpg","datePublished":"2018-03-27T14:38:18+00:00","dateModified":"2026-01-13T07:21:19+00:00","description":"Me oleme aidanud Soomes ettev\u00f5tlusega alustada sadadel ettev\u00f5tetel. Oleme sellesse paketti koondanud k\u00f5ik teenused, mida Soomes \u00e4ri alustamiseks tarvis on.","breadcrumb":{"@id":"https:\/\/1office.co\/finland\/et\/toode\/ettevotte-avamine-soomes\/#breadcrumb"},"inLanguage":"et","potentialAction":[{"@type":"ReadAction","target":["https:\/\/1office.co\/finland\/et\/toode\/ettevotte-avamine-soomes\/"]}]},{"@type":"ImageObject","inLanguage":"et","@id":"https:\/\/1office.co\/finland\/et\/toode\/ettevotte-avamine-soomes\/#primaryimage","url":"https:\/\/1office.co\/finland\/wp-content\/uploads\/sites\/10\/2018\/03\/istock-183996236-e1594810665644.jpg","contentUrl":"https:\/\/1office.co\/finland\/wp-content\/uploads\/sites\/10\/2018\/03\/istock-183996236-e1594810665644.jpg","width":800,"height":600},{"@type":"BreadcrumbList","@id":"https:\/\/1office.co\/finland\/et\/toode\/ettevotte-avamine-soomes\/#breadcrumb","itemListElement":[{"@type":"ListItem","position":1,"name":"Home","item":"https:\/\/1office.co\/finland\/et\/"},{"@type":"ListItem","position":2,"name":"Services Shop","item":"https:\/\/1office.co\/finland\/services-shop\/"},{"@type":"ListItem","position":3,"name":"Alusta ettev\u00f5tte Soomes -stardipakket"}]},{"@type":"WebSite","@id":"https:\/\/1office.co\/finland\/fi\/#website","url":"https:\/\/1office.co\/finland\/fi\/","name":"1Office Finland","description":"Making Business Simple","potentialAction":[{"@type":"SearchAction","target":{"@type":"EntryPoint","urlTemplate":"https:\/\/1office.co\/finland\/fi\/?s={search_term_string}"},"query-input":{"@type":"PropertyValueSpecification","valueRequired":true,"valueName":"search_term_string"}}],"inLanguage":"et"}]}},"_links":{"self":[{"href":"https:\/\/1office.co\/finland\/et\/wp-json\/wp\/v2\/product\/57818","targetHints":{"allow":["GET"]}}],"collection":[{"href":"https:\/\/1office.co\/finland\/et\/wp-json\/wp\/v2\/product"}],"about":[{"href":"https:\/\/1office.co\/finland\/et\/wp-json\/wp\/v2\/types\/product"}],"wp:featuredmedia":[{"embeddable":true,"href":"https:\/\/1office.co\/finland\/et\/wp-json\/wp\/v2\/media\/58129"}],"wp:attachment":[{"href":"https:\/\/1office.co\/finland\/et\/wp-json\/wp\/v2\/media?parent=57818"}],"wp:term":[{"taxonomy":"product_brand","embeddable":true,"href":"https:\/\/1office.co\/finland\/et\/wp-json\/wp\/v2\/product_brand?post=57818"},{"taxonomy":"product_cat","embeddable":true,"href":"https:\/\/1office.co\/finland\/et\/wp-json\/wp\/v2\/product_cat?post=57818"},{"taxonomy":"product_tag","embeddable":true,"href":"https:\/\/1office.co\/finland\/et\/wp-json\/wp\/v2\/product_tag?post=57818"}],"curies":[{"name":"wp","href":"https:\/\/api.w.org\/{rel}","templated":true}]}}