{"id":58040,"date":"2018-07-12T06:40:31","date_gmt":"2018-07-12T06:40:31","guid":{"rendered":"https:\/\/1office.co\/finland\/?post_type=product&#038;p=58040"},"modified":"2023-06-07T08:51:07","modified_gmt":"2023-06-07T08:51:07","slug":"konsultatsioon-ari-alustamine-soomes","status":"publish","type":"product","link":"https:\/\/1office.co\/finland\/et\/toode\/konsultatsioon-ari-alustamine-soomes\/","title":{"rendered":"Rahvusvaheline maksukonsultatsioon v\u00e4lismaistele ehitusettev\u00f5tjatele"},"content":{"rendered":"<div class=\"wpb-content-wrapper\"><p>[vc_row][vc_column]<div id=\"advanced-tabs-desc-wrap-3922\" class=\"ult_tabs product_tabs\" style=\" \" data-tabsstyle=\"style1\"\n data-titlebg=\"#ffffff\" data-titlecolor=\"#b6b8ba\" data-fullheight=\"off\"\n data-titlehoverbg=\"#ffffff\" data-titlehovercolor=\"#1d1e23\"\n data-rotatetabs=\"0\" data-responsivemode=\"Both\" data-animation=\"Slide\"\ndata-activetitle=\"#1d1e23\" data-activeicon=\"\" data-activebg=\"#ffffff\"  data-respmode=\"Tabs\" data-respwidth=\"400\" data-scroll = \"on\" data-activeindex=\"1\"><ul id=advanced-tabs-wrap-9478 class=\"ult_tabmenu style1 \" style=\"\"><li class=\"ult_tab_li  \" data-iconcolor=\"#74777b\" data-iconhover=\"#ffffff\" style=\"background-color:#ffffff;border-color:transparent;border-width:0px;border-style:solid;border-top-left-radius:8px;\">\n\t\t\t\t\t<a href=\"#1512642751410-84e8b-6fc5\"  id=\"1512642751410-84e8b-6fc5\"  style=\"color:#b6b8ba;; padding:15px; \" class=\"ult_a  \">\n\t\t\t\t\t     <span class=\"ult_tab_main Both \">\n\t\t\t\t\t \t\t <span class=\"ult_tab_section\">\n\t\t\t\t\t   \t\t\t<span  data-ultimate-target='#advanced-tabs-wrap-9478 .ult-span-text'  data-responsive-json-new='{\"font-size\":\"desktop:14px;\",\"line-height\":\"\"}'  class=\"ult-span-text no_icon ult_tab_display_text ult-responsive\" style=\"font-weight:bold;;\">Kirjeldus<\/span>\n\t\t\t\t\t   \t\t<\/span>\n\t\t\t\t\t\t<\/span>\n\t\t\t\t\t<\/a>\n\t\t\t\t\t<\/li><li class=\"ult_tab_li  \" data-iconcolor=\"#74777b\" data-iconhover=\"#ffffff\" style=\"background-color:#ffffff;border-color:transparent;border-width:0px;border-style:solid;border-top-right-radius:8px;\">\n\t\t\t\t\t<a href=\"#1516979540310-1-8\"  id=\"1516979540310-1-8\"  style=\"color:#b6b8ba;; padding:15px; \" class=\"ult_a  \">\n\t\t\t\t\t     <span class=\"ult_tab_main Both \">\n\t\t\t\t\t \t\t <span class=\"ult_tab_section\">\n\t\t\t\t\t   \t\t\t<span  data-ultimate-target='#advanced-tabs-wrap-9478 .ult-span-text'  data-responsive-json-new='{\"font-size\":\"desktop:14px;\",\"line-height\":\"\"}'  class=\"ult-span-text no_icon ult_tab_display_text ult-responsive\" style=\"font-weight:bold;;\">KKK<\/span>\n\t\t\t\t\t   \t\t<\/span>\n\t\t\t\t\t\t<\/span>\n\t\t\t\t\t<\/a>\n\t\t\t\t\t<\/li><\/ul><div  data-ultimate-target='#advanced-tabs-desc-wrap-3922 .ult_tabcontent .ult_tab_min_contain  p'  data-responsive-json-new='{\"font-size\":\"\",\"line-height\":\"\"}' class=\"ult_tabcontent ult-responsive style1\" style=\"color:#74777b;\"><div class=\"ult_tab_min_contain \" >\n\t\t\t<div  class=\"ult_tabitemname\"  >\n\t\t\t\t[vc_column_text]<\/p>\n<p>See konsultatsioon on spetsiaalselt loodud v\u00e4lismaistele ettev\u00f5tetele, kes soovivad siseneda Soome ehitusturule.<\/p>\n<p><strong>Hinnas sisaldub:<\/strong><\/p>\n<p>\u00dclevaade j\u00e4rgnevatest teemadest:<\/p>\n<ul>\n<li>V\u00e4lismaise ettev\u00f5tte kohustused Soomes tegutsedes<\/li>\n<li>P\u00fcsiv tegevuskoht Soomes<\/li>\n<li>Soome maksuregistritesse saamine<\/li>\n<li>Ettev\u00f5tte maksustamine<\/li>\n<li>T\u00f6\u00f6tajate maksud<\/li>\n<li>L\u00e4hetatud t\u00f6\u00f6tajad ja t\u00f6\u00f6tajate rentimine<\/li>\n<li>T\u00f6\u00f6andja kohustused<\/li>\n<li>Deklareerimine ja t\u00e4htajad<\/li>\n<li>Soome ehitus\u00e4ri ameti\u00fchingud<\/li>\n<\/ul>\n<p><strong>Saadaval lisatasu eest:<\/strong><\/p>\n<ul>\n<li><a href=\"https:\/\/1office.co\/finland\/et\/toode\/maksuregistreeringud-soome-maksuametis-vero\/\" target=\"_blank\" rel=\"noopener\">Maksuregistreeringud v\u00e4lismaisele ettev\u00f5ttele<\/a><\/li>\n<li><a href=\"https:\/\/1office.co\/finland\/et\/toode\/valismaine-ehitusettevotja-soomes-taislahendusega-pakett\" target=\"_blank\" rel=\"noopener\">V\u00e4lismaine ehitusettev\u00f5tja Soomes &#8211; t\u00e4islahendusega pakett<\/a><\/li>\n<\/ul>\n<p><strong>Oluline informatsioon:<\/strong><\/p>\n<ul>\n<li>Aja t\u00fchistamiseks tuleb meid sellest v\u00e4hemalt 48 tundi enne konsultatsiooni algust teavitada. Vastasel juhul konsultatsiooni eest tasutud raha ei tagastata.<\/li>\n<\/ul>\n<p>[\/vc_column_text]\n\t\t\t<\/div>\n\t\t\t<div  class=\"ult_tabitemname\"  >\n\t\t\t\t[vc_toggle title=&#8221;1. Milliseid makse pean ma maksma?&#8221; style=&#8221;arrow&#8221; open=&#8221;true&#8221; custom_font_container=&#8221;tag:h5|text_align:left|color:%230c0c0c&#8221; custom_use_theme_fonts=&#8221;yes&#8221; use_custom_heading=&#8221;true&#8221;]Iga isiku ja iga ettev\u00f5tte maksukohustuse don erinevad ning s\u00f5ltuvad paljudest teguritest. Saamaks \u00fclevaade oma maksukohustustest soovitame tellida maksukonsultatsioon.[\/vc_toggle]\n\t\t\t<\/div><\/div><\/div><\/div><div class=\"ult_acord advanced-tabs-desc-wrap-3922\">\n   <div class=\"ult-tabto-accordion \" style=\"width:;\"\n    data-titlecolor=\"#b6b8ba\"  data-titlebg=\"#ffffff\"\n     data-titlehoverbg=\"#ffffff\" data-titlehovercolor=\"#1d1e23\" data-animation=\"Slide\"\n     data-activetitle=\"#1d1e23\" data-activeicon=\"\" data-activebg=\"#ffffff\" data-scroll = \"on\" data-activeindex=\"1\" >\n     <dl><dt class=\"\">\n\t        \t<a class=\"ult-tabto-actitle withBorder ult_a \" id=\"1512642751410-84e8b-6fc5\" style=\"color:#b6b8ba;;background-color:#ffffff;border-bottom-color:transparent;border-bottom-width:0px;border-bottom-style:solid;\" href=\"#1512642751410-84e8b-6fc5\">\n\t        \t\t<i class=\"accordion-icon\"><\/i>\n\t        \t\t\t<span class=\"ult_tab_main ult_ac_main ult_noacordicnBoth\">\n\n\t\t\t\t\t\t<span  data-ultimate-target='#advanced-tabs-wrap-9478 .ult-span-text'  data-responsive-json-new='{\"font-size\":\"desktop:14px;\",\"line-height\":\"\"}'  class=\"ult-span-text no_icon ult_acordian-text ult-responsive\" style=\"font-weight:bold;;color:inherit \" >Kirjeldus<\/span>\n\t\t\t\t\t\t<\/span><\/a><\/dt>\n\t            \t\t<dd class=\"ult-tabto-accordionItem ult-tabto-accolapsed\">\n\t\t\t\t            <div class=\"ult-tabto-acontent\" style=\"color:#74777b;\">\n\t\t\t\t               [vc_column_text]<\/p>\n<p>See konsultatsioon on spetsiaalselt loodud v\u00e4lismaistele ettev\u00f5tetele, kes soovivad siseneda Soome ehitusturule.<\/p>\n<p><strong>Hinnas sisaldub:<\/strong><\/p>\n<p>\u00dclevaade j\u00e4rgnevatest teemadest:<\/p>\n<ul>\n<li>V\u00e4lismaise ettev\u00f5tte kohustused Soomes tegutsedes<\/li>\n<li>P\u00fcsiv tegevuskoht Soomes<\/li>\n<li>Soome maksuregistritesse saamine<\/li>\n<li>Ettev\u00f5tte maksustamine<\/li>\n<li>T\u00f6\u00f6tajate maksud<\/li>\n<li>L\u00e4hetatud t\u00f6\u00f6tajad ja t\u00f6\u00f6tajate rentimine<\/li>\n<li>T\u00f6\u00f6andja kohustused<\/li>\n<li>Deklareerimine ja t\u00e4htajad<\/li>\n<li>Soome ehitus\u00e4ri ameti\u00fchingud<\/li>\n<\/ul>\n<p><strong>Saadaval lisatasu eest:<\/strong><\/p>\n<ul>\n<li><a href=\"https:\/\/1office.co\/finland\/et\/toode\/maksuregistreeringud-soome-maksuametis-vero\/\" target=\"_blank\" rel=\"noopener\">Maksuregistreeringud v\u00e4lismaisele ettev\u00f5ttele<\/a><\/li>\n<li><a href=\"https:\/\/1office.co\/finland\/et\/toode\/valismaine-ehitusettevotja-soomes-taislahendusega-pakett\" target=\"_blank\" rel=\"noopener\">V\u00e4lismaine ehitusettev\u00f5tja Soomes &#8211; t\u00e4islahendusega pakett<\/a><\/li>\n<\/ul>\n<p><strong>Oluline informatsioon:<\/strong><\/p>\n<ul>\n<li>Aja t\u00fchistamiseks tuleb meid sellest v\u00e4hemalt 48 tundi enne konsultatsiooni algust teavitada. Vastasel juhul konsultatsiooni eest tasutud raha ei tagastata.<\/li>\n<\/ul>\n<p>[\/vc_column_text]\n\t\t\t\t            <\/div>\n\t        \t\t\t<\/dd><dt class=\"\">\n\t        \t<a class=\"ult-tabto-actitle withBorder ult_a \" id=\"1516979540310-1-8\" style=\"color:#b6b8ba;;background-color:#ffffff;border-bottom-color:transparent;border-bottom-width:0px;border-bottom-style:solid;border-bottom-color:transparent;border-bottom-width:0px;border-bottom-style:solid;\" href=\"#1516979540310-1-8\">\n\t        \t\t<i class=\"accordion-icon\"><\/i>\n\t        \t\t\t<span class=\"ult_tab_main ult_ac_main ult_noacordicnBoth\">\n\n\t\t\t\t\t\t<span  data-ultimate-target='#advanced-tabs-wrap-9478 .ult-span-text'  data-responsive-json-new='{\"font-size\":\"desktop:14px;\",\"line-height\":\"\"}'  class=\"ult-span-text no_icon ult_acordian-text ult-responsive\" style=\"font-weight:bold;;color:inherit \" >KKK<\/span>\n\t\t\t\t\t\t<\/span><\/a><\/dt>\n\t            \t\t<dd class=\"ult-tabto-accordionItem ult-tabto-accolapsed\">\n\t\t\t\t            <div class=\"ult-tabto-acontent\" style=\"color:#74777b;\">\n\t\t\t\t               [vc_toggle title=&#8221;1. Milliseid makse pean ma maksma?&#8221; style=&#8221;arrow&#8221; open=&#8221;true&#8221; custom_font_container=&#8221;tag:h5|text_align:left|color:%230c0c0c&#8221; custom_use_theme_fonts=&#8221;yes&#8221; use_custom_heading=&#8221;true&#8221;]Iga isiku ja iga ettev\u00f5tte maksukohustuse don erinevad ning s\u00f5ltuvad paljudest teguritest. Saamaks \u00fclevaade oma maksukohustustest soovitame tellida maksukonsultatsioon.[\/vc_toggle]\n\t\t\t\t            <\/div>\n\t        \t\t\t<\/dd>\n    \t<\/dl>\n    <!--<div class=\"extraborder\" style=\"background-color:#ffffff\"><\/div>-->\n<\/div>\n\n<\/div>[\/vc_column][\/vc_row]<\/p>\n<\/div>","protected":false},"excerpt":{"rendered":"<p>Kui Sa pole kindel, millisel viisil enda \u00e4ritegevusega Soomes alustada, on antud konsultatsioon just Sinu jaoks. Me katame k\u00f5ik vajalikud teemad &#8211; sobivad alustamise v\u00f5imalused, ettev\u00f5tte struktuur, kohustused, t\u00e4htajad, maksustamine ja seadused Soomes.<\/p>\n<div class=\"woocommerce-product-details__short-description\">\n<p>&nbsp;<\/p>\n<\/div>\n","protected":false},"featured_media":58123,"template":"","meta":{"_acf_changed":false,"inline_featured_image":false},"product_brand":[],"product_cat":[308,309],"product_tag":[312],"class_list":{"0":"post-58040","1":"product","2":"type-product","3":"status-publish","4":"has-post-thumbnail","6":"product_cat-ettevotte-alustamine","7":"product_cat-juriidilised-teenused","8":"product_tag-soome","9":"description-off","11":"first","12":"instock","13":"virtual","14":"taxable","15":"purchasable","16":"product-type-simple"},"bundled_by":["60336"],"bundle_stock_status":"instock","bundle_stock_quantity":null,"bundle_virtual":false,"bundle_layout":"","bundle_add_to_cart_form_location":"","bundle_editable_in_cart":false,"bundle_sold_individually_context":"","bundle_item_grouping":"","bundle_min_size":"","bundle_max_size":"","bundle_price":[],"bundled_items":[],"bundle_sell_ids":[],"acf":[],"yoast_head":"<!-- This site is optimized with the Yoast SEO Premium plugin v22.1 (Yoast SEO v27.0) - https:\/\/yoast.com\/product\/yoast-seo-premium-wordpress\/ -->\n<title>Rahvusvaheline maksukonsultatsioon v\u00e4lismaistele ehitusettev\u00f5tjatele | 1Office Finland<\/title>\n<meta name=\"robots\" content=\"index, follow, max-snippet:-1, max-image-preview:large, max-video-preview:-1\" \/>\n<link rel=\"canonical\" href=\"https:\/\/1office.co\/finland\/et\/toode\/konsultatsioon-ari-alustamine-soomes\/\" \/>\n<meta property=\"og:locale\" content=\"et_EE\" \/>\n<meta property=\"og:type\" content=\"article\" \/>\n<meta property=\"og:title\" content=\"Rahvusvaheline maksukonsultatsioon v\u00e4lismaistele ehitusettev\u00f5tjatele\" \/>\n<meta property=\"og:description\" content=\"Kui Sa pole kindel, millisel viisil enda \u00e4ritegevusega Soomes alustada, on antud konsultatsioon just Sinu jaoks. Me katame k\u00f5ik vajalikud teemad - sobivad alustamise v\u00f5imalused, ettev\u00f5tte struktuur, kohustused, t\u00e4htajad, maksustamine ja seadused Soomes.   &nbsp;\" \/>\n<meta property=\"og:url\" content=\"https:\/\/1office.co\/finland\/et\/toode\/konsultatsioon-ari-alustamine-soomes\/\" \/>\n<meta property=\"og:site_name\" content=\"1Office Finland\" \/>\n<meta property=\"article:modified_time\" content=\"2023-06-07T08:51:07+00:00\" \/>\n<meta property=\"og:image\" content=\"https:\/\/1office.co\/finland\/wp-content\/uploads\/sites\/10\/2018\/07\/small-meetings-e1594812453921.jpg\" \/>\n\t<meta property=\"og:image:width\" content=\"1200\" \/>\n\t<meta property=\"og:image:height\" content=\"857\" \/>\n\t<meta property=\"og:image:type\" content=\"image\/jpeg\" \/>\n<meta name=\"twitter:card\" content=\"summary_large_image\" \/>\n<meta name=\"twitter:label1\" content=\"Est. reading time\" \/>\n\t<meta name=\"twitter:data1\" content=\"1 minut\" \/>\n<script type=\"application\/ld+json\" class=\"yoast-schema-graph\">{\"@context\":\"https:\/\/schema.org\",\"@graph\":[{\"@type\":\"WebPage\",\"@id\":\"https:\/\/1office.co\/finland\/et\/toode\/konsultatsioon-ari-alustamine-soomes\/\",\"url\":\"https:\/\/1office.co\/finland\/et\/toode\/konsultatsioon-ari-alustamine-soomes\/\",\"name\":\"Rahvusvaheline maksukonsultatsioon v\u00e4lismaistele ehitusettev\u00f5tjatele | 1Office Finland\",\"isPartOf\":{\"@id\":\"https:\/\/1office.co\/finland\/fi\/#website\"},\"primaryImageOfPage\":{\"@id\":\"https:\/\/1office.co\/finland\/et\/toode\/konsultatsioon-ari-alustamine-soomes\/#primaryimage\"},\"image\":{\"@id\":\"https:\/\/1office.co\/finland\/et\/toode\/konsultatsioon-ari-alustamine-soomes\/#primaryimage\"},\"thumbnailUrl\":\"https:\/\/1office.co\/finland\/wp-content\/uploads\/sites\/10\/2018\/07\/small-meetings-e1594812453921.jpg\",\"datePublished\":\"2018-07-12T06:40:31+00:00\",\"dateModified\":\"2023-06-07T08:51:07+00:00\",\"breadcrumb\":{\"@id\":\"https:\/\/1office.co\/finland\/et\/toode\/konsultatsioon-ari-alustamine-soomes\/#breadcrumb\"},\"inLanguage\":\"et\",\"potentialAction\":[{\"@type\":\"ReadAction\",\"target\":[\"https:\/\/1office.co\/finland\/et\/toode\/konsultatsioon-ari-alustamine-soomes\/\"]}]},{\"@type\":\"ImageObject\",\"inLanguage\":\"et\",\"@id\":\"https:\/\/1office.co\/finland\/et\/toode\/konsultatsioon-ari-alustamine-soomes\/#primaryimage\",\"url\":\"https:\/\/1office.co\/finland\/wp-content\/uploads\/sites\/10\/2018\/07\/small-meetings-e1594812453921.jpg\",\"contentUrl\":\"https:\/\/1office.co\/finland\/wp-content\/uploads\/sites\/10\/2018\/07\/small-meetings-e1594812453921.jpg\",\"width\":1200,\"height\":857},{\"@type\":\"BreadcrumbList\",\"@id\":\"https:\/\/1office.co\/finland\/et\/toode\/konsultatsioon-ari-alustamine-soomes\/#breadcrumb\",\"itemListElement\":[{\"@type\":\"ListItem\",\"position\":1,\"name\":\"Home\",\"item\":\"https:\/\/1office.co\/finland\/et\/\"},{\"@type\":\"ListItem\",\"position\":2,\"name\":\"Services Shop\",\"item\":\"https:\/\/1office.co\/finland\/services-shop\/\"},{\"@type\":\"ListItem\",\"position\":3,\"name\":\"Rahvusvaheline maksukonsultatsioon v\u00e4lismaistele ehitusettev\u00f5tjatele\"}]},{\"@type\":\"WebSite\",\"@id\":\"https:\/\/1office.co\/finland\/fi\/#website\",\"url\":\"https:\/\/1office.co\/finland\/fi\/\",\"name\":\"1Office Finland\",\"description\":\"Making Business Simple\",\"potentialAction\":[{\"@type\":\"SearchAction\",\"target\":{\"@type\":\"EntryPoint\",\"urlTemplate\":\"https:\/\/1office.co\/finland\/fi\/?s={search_term_string}\"},\"query-input\":{\"@type\":\"PropertyValueSpecification\",\"valueRequired\":true,\"valueName\":\"search_term_string\"}}],\"inLanguage\":\"et\"}]}<\/script>\n<!-- \/ Yoast SEO Premium plugin. -->","yoast_head_json":{"title":"Rahvusvaheline maksukonsultatsioon v\u00e4lismaistele ehitusettev\u00f5tjatele | 1Office Finland","robots":{"index":"index","follow":"follow","max-snippet":"max-snippet:-1","max-image-preview":"max-image-preview:large","max-video-preview":"max-video-preview:-1"},"canonical":"https:\/\/1office.co\/finland\/et\/toode\/konsultatsioon-ari-alustamine-soomes\/","og_locale":"et_EE","og_type":"article","og_title":"Rahvusvaheline maksukonsultatsioon v\u00e4lismaistele ehitusettev\u00f5tjatele","og_description":"Kui Sa pole kindel, millisel viisil enda \u00e4ritegevusega Soomes alustada, on antud konsultatsioon just Sinu jaoks. Me katame k\u00f5ik vajalikud teemad - sobivad alustamise v\u00f5imalused, ettev\u00f5tte struktuur, kohustused, t\u00e4htajad, maksustamine ja seadused Soomes.   &nbsp;","og_url":"https:\/\/1office.co\/finland\/et\/toode\/konsultatsioon-ari-alustamine-soomes\/","og_site_name":"1Office Finland","article_modified_time":"2023-06-07T08:51:07+00:00","og_image":[{"width":1200,"height":857,"url":"https:\/\/1office.co\/finland\/wp-content\/uploads\/sites\/10\/2018\/07\/small-meetings-e1594812453921.jpg","type":"image\/jpeg"}],"twitter_card":"summary_large_image","twitter_misc":{"Est. reading time":"1 minut"},"schema":{"@context":"https:\/\/schema.org","@graph":[{"@type":"WebPage","@id":"https:\/\/1office.co\/finland\/et\/toode\/konsultatsioon-ari-alustamine-soomes\/","url":"https:\/\/1office.co\/finland\/et\/toode\/konsultatsioon-ari-alustamine-soomes\/","name":"Rahvusvaheline maksukonsultatsioon v\u00e4lismaistele ehitusettev\u00f5tjatele | 1Office Finland","isPartOf":{"@id":"https:\/\/1office.co\/finland\/fi\/#website"},"primaryImageOfPage":{"@id":"https:\/\/1office.co\/finland\/et\/toode\/konsultatsioon-ari-alustamine-soomes\/#primaryimage"},"image":{"@id":"https:\/\/1office.co\/finland\/et\/toode\/konsultatsioon-ari-alustamine-soomes\/#primaryimage"},"thumbnailUrl":"https:\/\/1office.co\/finland\/wp-content\/uploads\/sites\/10\/2018\/07\/small-meetings-e1594812453921.jpg","datePublished":"2018-07-12T06:40:31+00:00","dateModified":"2023-06-07T08:51:07+00:00","breadcrumb":{"@id":"https:\/\/1office.co\/finland\/et\/toode\/konsultatsioon-ari-alustamine-soomes\/#breadcrumb"},"inLanguage":"et","potentialAction":[{"@type":"ReadAction","target":["https:\/\/1office.co\/finland\/et\/toode\/konsultatsioon-ari-alustamine-soomes\/"]}]},{"@type":"ImageObject","inLanguage":"et","@id":"https:\/\/1office.co\/finland\/et\/toode\/konsultatsioon-ari-alustamine-soomes\/#primaryimage","url":"https:\/\/1office.co\/finland\/wp-content\/uploads\/sites\/10\/2018\/07\/small-meetings-e1594812453921.jpg","contentUrl":"https:\/\/1office.co\/finland\/wp-content\/uploads\/sites\/10\/2018\/07\/small-meetings-e1594812453921.jpg","width":1200,"height":857},{"@type":"BreadcrumbList","@id":"https:\/\/1office.co\/finland\/et\/toode\/konsultatsioon-ari-alustamine-soomes\/#breadcrumb","itemListElement":[{"@type":"ListItem","position":1,"name":"Home","item":"https:\/\/1office.co\/finland\/et\/"},{"@type":"ListItem","position":2,"name":"Services Shop","item":"https:\/\/1office.co\/finland\/services-shop\/"},{"@type":"ListItem","position":3,"name":"Rahvusvaheline maksukonsultatsioon v\u00e4lismaistele ehitusettev\u00f5tjatele"}]},{"@type":"WebSite","@id":"https:\/\/1office.co\/finland\/fi\/#website","url":"https:\/\/1office.co\/finland\/fi\/","name":"1Office Finland","description":"Making Business Simple","potentialAction":[{"@type":"SearchAction","target":{"@type":"EntryPoint","urlTemplate":"https:\/\/1office.co\/finland\/fi\/?s={search_term_string}"},"query-input":{"@type":"PropertyValueSpecification","valueRequired":true,"valueName":"search_term_string"}}],"inLanguage":"et"}]}},"_links":{"self":[{"href":"https:\/\/1office.co\/finland\/et\/wp-json\/wp\/v2\/product\/58040","targetHints":{"allow":["GET"]}}],"collection":[{"href":"https:\/\/1office.co\/finland\/et\/wp-json\/wp\/v2\/product"}],"about":[{"href":"https:\/\/1office.co\/finland\/et\/wp-json\/wp\/v2\/types\/product"}],"wp:featuredmedia":[{"embeddable":true,"href":"https:\/\/1office.co\/finland\/et\/wp-json\/wp\/v2\/media\/58123"}],"wp:attachment":[{"href":"https:\/\/1office.co\/finland\/et\/wp-json\/wp\/v2\/media?parent=58040"}],"wp:term":[{"taxonomy":"product_brand","embeddable":true,"href":"https:\/\/1office.co\/finland\/et\/wp-json\/wp\/v2\/product_brand?post=58040"},{"taxonomy":"product_cat","embeddable":true,"href":"https:\/\/1office.co\/finland\/et\/wp-json\/wp\/v2\/product_cat?post=58040"},{"taxonomy":"product_tag","embeddable":true,"href":"https:\/\/1office.co\/finland\/et\/wp-json\/wp\/v2\/product_tag?post=58040"}],"curies":[{"name":"wp","href":"https:\/\/api.w.org\/{rel}","templated":true}]}}