{"id":58640,"date":"2019-02-20T07:49:43","date_gmt":"2019-02-20T07:49:43","guid":{"rendered":"https:\/\/1office.co\/finland\/product\/liquidation-of-finnish-company\/"},"modified":"2025-09-16T07:51:36","modified_gmt":"2025-09-16T07:51:36","slug":"ettevotte-likvideerimine-soomes","status":"publish","type":"product","link":"https:\/\/1office.co\/finland\/et\/toode\/ettevotte-likvideerimine-soomes\/","title":{"rendered":"Ettev\u00f5tte likvideerimine Soomes"},"content":{"rendered":"<div class=\"wpb-content-wrapper\"><p>[vc_row][vc_column]<div id=\"advanced-tabs-desc-wrap-1255\" class=\"ult_tabs product_tabs\" style=\" \" data-tabsstyle=\"style1\"\n data-titlebg=\"#ffffff\" data-titlecolor=\"#b6b8ba\" data-fullheight=\"off\"\n data-titlehoverbg=\"#ffffff\" data-titlehovercolor=\"#1d1e23\"\n data-rotatetabs=\"0\" data-responsivemode=\"Both\" data-animation=\"Slide\"\ndata-activetitle=\"#1d1e23\" data-activeicon=\"\" data-activebg=\"#ffffff\"  data-respmode=\"Tabs\" data-respwidth=\"400\" data-scroll = \"on\" data-activeindex=\"1\"><ul id=advanced-tabs-wrap-2555 class=\"ult_tabmenu style1 \" style=\"\"><li class=\"ult_tab_li  \" data-iconcolor=\"#74777b\" data-iconhover=\"#ffffff\" style=\"background-color:#ffffff;border-color:transparent;border-width:0px;border-style:solid;border-top-right-radius:8px;\">\n\t\t\t\t\t<a href=\"#1512642751410-8c334-5893\"  id=\"1512642751410-8c334-5893\"  style=\"color:#b6b8ba;; padding:15px; \" class=\"ult_a  \">\n\t\t\t\t\t     <span class=\"ult_tab_main Both \">\n\t\t\t\t\t \t\t <span class=\"ult_tab_section\">\n\t\t\t\t\t   \t\t\t<span  data-ultimate-target='#advanced-tabs-wrap-2555 .ult-span-text'  data-responsive-json-new='{\"font-size\":\"desktop:14px;\",\"line-height\":\"\"}'  class=\"ult-span-text no_icon ult_tab_display_text ult-responsive\" style=\"font-weight:bold;;\">DESCRIPTION<\/span>\n\t\t\t\t\t   \t\t<\/span>\n\t\t\t\t\t\t<\/span>\n\t\t\t\t\t<\/a>\n\t\t\t\t\t<\/li><\/ul><div  data-ultimate-target='#advanced-tabs-desc-wrap-1255 .ult_tabcontent .ult_tab_min_contain  p'  data-responsive-json-new='{\"font-size\":\"\",\"line-height\":\"\"}' class=\"ult_tabcontent ult-responsive style1\" style=\"color:#74777b;\"><div class=\"ult_tab_min_contain \" >\n\t\t\t<div  class=\"ult_tabitemname\"  >\n\t\t\t\t[vc_column_text]Kui oled otsustanud enda Soome ettev\u00f5tte tegevuse l\u00f5petada, tuleb ettev\u00f5te sulgeda vabatahtliku likvideerimisega. Likvideerimisprotsess v\u00f5tab aega 7 kuud ja see tuleb l\u00e4bi viia likvideerija poolt. Sulgemine v\u00f5tab k\u00fcll palju rohkem aega kui ettev\u00f5tte asutamine, kuid ettev\u00f5tte juhatuse jaoks on see passiivne periood ja likvideerija hoolitseb k\u00f5ige vajaliku eest.<\/p>\n<p>Pea meeles, et kogu raamatupidamine peab likvideerimise alguseks olema tehtud.<\/p>\n<p><strong>Hinnas sisaldub:<\/strong><\/p>\n<ul>\n<li>Juriidiliste dokumentide koostamine<\/li>\n<li>Ettev\u00f5tte kustutamine kohalikust \u00e4riregistrist<\/li>\n<\/ul>\n<p><strong>Saadaval lisatasu eest:<\/strong><\/p>\n<ul>\n<li>Raamatupidamine (tunnitasu 65\u20ac)<\/li>\n<li>Raamatupidamise likvideerimisaruanded<\/li>\n<\/ul>\n<p>Likvideerimisaruannete ettevalmistamise tasu s\u00f5ltub ettev\u00f5tte suurusest ja tehingute arvust. Me anname omapoolsed soovitused, kuidas j\u00e4tkata, p\u00e4rast ettev\u00f5tte bilansiaruande \u00fclevaatamist ja saadame enne t\u00f6\u00f6 alustamist hinnapakkumise.<\/p>\n<p><strong>Protsessi k\u00e4ik:<\/strong><\/p>\n<ul>\n<li>Saada meile ettev\u00f5tte pangav\u00e4ljav\u00f5te ja bilanss<\/li>\n<li>Me saadame Sulle hinnapakkumise kogu protsessi l\u00e4biviimiseks<\/li>\n<li>Me valmistame ette juriidilised dokumendid ja muu vajaliku protsessi l\u00e4biviimiseks<\/li>\n<li>Likvidaator esitab l\u00f5plikud aruanded aktsion\u00e4ride \u00fcldkoosolekul ja teavitab \u00e4riregistrit k\u00f5ikidest toimingutest<\/li>\n<li>Sinul tuleb lihtsalt raportid kinnitada ning oodata kuni ettev\u00f5te \u00e4riregistrist kustutatakse<\/li>\n<\/ul>\n<p><strong>T\u00e4htis informatsioon:<\/strong><\/p>\n<ul>\n<li>Vabatahtlik likvideerimine saab toimuda ainult siis, kui ettev\u00f5te on maksev\u00f5imeline ning suudab tasuda k\u00f5ik v\u00f5lad. Kui ettev\u00f5te ei ole maksej\u00f5uline, tuleb v\u00e4lja kuulutada pankrotiprotsess, mida saab teha ettev\u00f5tte juhatus.<\/li>\n<li>Lisaks ettev\u00f5tte likvideerimisele on ka teisi variante ettev\u00f5tte tegevuse l\u00f5petamiseks: ettev\u00f5tte \u00e4ritegevuse ajutine peatmine v\u00f5i ettev\u00f5tte m\u00fc\u00fcmine. Nende teenuste tellimiseks v\u00f5i t\u00e4psema informatsiooni saamiseks v\u00f5ta meiega \u00fchendust: <a href=\"mailto:sales@1office.co\" target=\"_blank\" rel=\"noopener\">sales@1office.co<\/a><\/li>\n<\/ul>\n<p>[\/vc_column_text]\n\t\t\t<\/div><\/div><\/div><\/div><div class=\"ult_acord advanced-tabs-desc-wrap-1255\">\n   <div class=\"ult-tabto-accordion \" style=\"width:;\"\n    data-titlecolor=\"#b6b8ba\"  data-titlebg=\"#ffffff\"\n     data-titlehoverbg=\"#ffffff\" data-titlehovercolor=\"#1d1e23\" data-animation=\"Slide\"\n     data-activetitle=\"#1d1e23\" data-activeicon=\"\" data-activebg=\"#ffffff\" data-scroll = \"on\" data-activeindex=\"1\" >\n     <dl><dt class=\"\">\n\t        \t<a class=\"ult-tabto-actitle withBorder ult_a \" id=\"1512642751410-8c334-5893\" style=\"color:#b6b8ba;;background-color:#ffffff;border-bottom-color:transparent;border-bottom-width:0px;border-bottom-style:solid;\" href=\"#1512642751410-8c334-5893\">\n\t        \t\t<i class=\"accordion-icon\"><\/i>\n\t        \t\t\t<span class=\"ult_tab_main ult_ac_main ult_noacordicnBoth\">\n\n\t\t\t\t\t\t<span  data-ultimate-target='#advanced-tabs-wrap-2555 .ult-span-text'  data-responsive-json-new='{\"font-size\":\"desktop:14px;\",\"line-height\":\"\"}'  class=\"ult-span-text no_icon ult_acordian-text ult-responsive\" style=\"font-weight:bold;;color:inherit \" >DESCRIPTION<\/span>\n\t\t\t\t\t\t<\/span><\/a><\/dt>\n\t            \t\t<dd class=\"ult-tabto-accordionItem ult-tabto-accolapsed\">\n\t\t\t\t            <div class=\"ult-tabto-acontent\" style=\"color:#74777b;\">\n\t\t\t\t               [vc_column_text]Kui oled otsustanud enda Soome ettev\u00f5tte tegevuse l\u00f5petada, tuleb ettev\u00f5te sulgeda vabatahtliku likvideerimisega. Likvideerimisprotsess v\u00f5tab aega 7 kuud ja see tuleb l\u00e4bi viia likvideerija poolt. Sulgemine v\u00f5tab k\u00fcll palju rohkem aega kui ettev\u00f5tte asutamine, kuid ettev\u00f5tte juhatuse jaoks on see passiivne periood ja likvideerija hoolitseb k\u00f5ige vajaliku eest.<\/p>\n<p>Pea meeles, et kogu raamatupidamine peab likvideerimise alguseks olema tehtud.<\/p>\n<p><strong>Hinnas sisaldub:<\/strong><\/p>\n<ul>\n<li>Juriidiliste dokumentide koostamine<\/li>\n<li>Ettev\u00f5tte kustutamine kohalikust \u00e4riregistrist<\/li>\n<\/ul>\n<p><strong>Saadaval lisatasu eest:<\/strong><\/p>\n<ul>\n<li>Raamatupidamine (tunnitasu 65\u20ac)<\/li>\n<li>Raamatupidamise likvideerimisaruanded<\/li>\n<\/ul>\n<p>Likvideerimisaruannete ettevalmistamise tasu s\u00f5ltub ettev\u00f5tte suurusest ja tehingute arvust. Me anname omapoolsed soovitused, kuidas j\u00e4tkata, p\u00e4rast ettev\u00f5tte bilansiaruande \u00fclevaatamist ja saadame enne t\u00f6\u00f6 alustamist hinnapakkumise.<\/p>\n<p><strong>Protsessi k\u00e4ik:<\/strong><\/p>\n<ul>\n<li>Saada meile ettev\u00f5tte pangav\u00e4ljav\u00f5te ja bilanss<\/li>\n<li>Me saadame Sulle hinnapakkumise kogu protsessi l\u00e4biviimiseks<\/li>\n<li>Me valmistame ette juriidilised dokumendid ja muu vajaliku protsessi l\u00e4biviimiseks<\/li>\n<li>Likvidaator esitab l\u00f5plikud aruanded aktsion\u00e4ride \u00fcldkoosolekul ja teavitab \u00e4riregistrit k\u00f5ikidest toimingutest<\/li>\n<li>Sinul tuleb lihtsalt raportid kinnitada ning oodata kuni ettev\u00f5te \u00e4riregistrist kustutatakse<\/li>\n<\/ul>\n<p><strong>T\u00e4htis informatsioon:<\/strong><\/p>\n<ul>\n<li>Vabatahtlik likvideerimine saab toimuda ainult siis, kui ettev\u00f5te on maksev\u00f5imeline ning suudab tasuda k\u00f5ik v\u00f5lad. Kui ettev\u00f5te ei ole maksej\u00f5uline, tuleb v\u00e4lja kuulutada pankrotiprotsess, mida saab teha ettev\u00f5tte juhatus.<\/li>\n<li>Lisaks ettev\u00f5tte likvideerimisele on ka teisi variante ettev\u00f5tte tegevuse l\u00f5petamiseks: ettev\u00f5tte \u00e4ritegevuse ajutine peatmine v\u00f5i ettev\u00f5tte m\u00fc\u00fcmine. Nende teenuste tellimiseks v\u00f5i t\u00e4psema informatsiooni saamiseks v\u00f5ta meiega \u00fchendust: <a href=\"mailto:sales@1office.co\" target=\"_blank\" rel=\"noopener\">sales@1office.co<\/a><\/li>\n<\/ul>\n<p>[\/vc_column_text]\n\t\t\t\t            <\/div>\n\t        \t\t\t<\/dd>\n    \t<\/dl>\n    <!--<div class=\"extraborder\" style=\"background-color:#ffffff\"><\/div>-->\n<\/div>\n\n<\/div>[\/vc_column][\/vc_row]<\/p>\n<\/div>","protected":false},"excerpt":{"rendered":"<p>1Office teenust kasutades on ettev\u00f5tte likvideerimine Soomes v\u00e4ga lihtne. M\u00e4\u00e4rata tuleb likvideerija. Protsess v\u00f5tab aega, kuid meie hoolitseme kogu protsessi eest.<\/p>\n","protected":false},"featured_media":58635,"template":"","meta":{"_acf_changed":false,"inline_featured_image":false},"product_brand":[],"product_cat":[309],"product_tag":[312],"class_list":{"0":"post-58640","1":"product","2":"type-product","3":"status-publish","4":"has-post-thumbnail","6":"product_cat-juriidilised-teenused","7":"product_tag-soome","8":"description-off","10":"first","11":"instock","12":"virtual","13":"taxable","14":"purchasable","15":"product-type-simple"},"bundled_by":[],"bundle_stock_status":"instock","bundle_stock_quantity":null,"bundle_virtual":false,"bundle_layout":"","bundle_add_to_cart_form_location":"","bundle_editable_in_cart":false,"bundle_sold_individually_context":"","bundle_item_grouping":"","bundle_min_size":"","bundle_max_size":"","bundle_price":[],"bundled_items":[],"bundle_sell_ids":[],"acf":[],"yoast_head":"<!-- This site is optimized with the Yoast SEO Premium plugin v22.1 (Yoast SEO v27.0) - https:\/\/yoast.com\/product\/yoast-seo-premium-wordpress\/ -->\n<title>Ettev\u00f5tte likvideerimine Soomes | 1Office Finland<\/title>\n<meta name=\"robots\" content=\"index, follow, max-snippet:-1, max-image-preview:large, max-video-preview:-1\" \/>\n<link rel=\"canonical\" href=\"https:\/\/1office.co\/finland\/et\/toode\/ettevotte-likvideerimine-soomes\/\" \/>\n<meta property=\"og:locale\" content=\"et_EE\" \/>\n<meta property=\"og:type\" content=\"article\" \/>\n<meta property=\"og:title\" content=\"Ettev\u00f5tte likvideerimine Soomes\" \/>\n<meta property=\"og:description\" content=\"1Office teenust kasutades on ettev\u00f5tte likvideerimine Soomes v\u00e4ga lihtne. M\u00e4\u00e4rata tuleb likvideerija. Protsess v\u00f5tab aega, kuid meie hoolitseme kogu protsessi eest.\" \/>\n<meta property=\"og:url\" content=\"https:\/\/1office.co\/finland\/et\/toode\/ettevotte-likvideerimine-soomes\/\" \/>\n<meta property=\"og:site_name\" content=\"1Office Finland\" \/>\n<meta property=\"article:modified_time\" content=\"2025-09-16T07:51:36+00:00\" \/>\n<meta property=\"og:image\" content=\"https:\/\/1office.co\/finland\/wp-content\/uploads\/sites\/10\/2019\/02\/pexels-photo-277670.jpeg\" \/>\n\t<meta property=\"og:image:width\" content=\"640\" \/>\n\t<meta property=\"og:image:height\" content=\"426\" \/>\n\t<meta property=\"og:image:type\" content=\"image\/jpeg\" \/>\n<meta name=\"twitter:card\" content=\"summary_large_image\" \/>\n<meta name=\"twitter:label1\" content=\"Est. reading time\" \/>\n\t<meta name=\"twitter:data1\" content=\"2 minutit\" \/>\n<script type=\"application\/ld+json\" class=\"yoast-schema-graph\">{\"@context\":\"https:\/\/schema.org\",\"@graph\":[{\"@type\":\"WebPage\",\"@id\":\"https:\/\/1office.co\/finland\/et\/toode\/ettevotte-likvideerimine-soomes\/\",\"url\":\"https:\/\/1office.co\/finland\/et\/toode\/ettevotte-likvideerimine-soomes\/\",\"name\":\"Ettev\u00f5tte likvideerimine Soomes | 1Office Finland\",\"isPartOf\":{\"@id\":\"https:\/\/1office.co\/finland\/fi\/#website\"},\"primaryImageOfPage\":{\"@id\":\"https:\/\/1office.co\/finland\/et\/toode\/ettevotte-likvideerimine-soomes\/#primaryimage\"},\"image\":{\"@id\":\"https:\/\/1office.co\/finland\/et\/toode\/ettevotte-likvideerimine-soomes\/#primaryimage\"},\"thumbnailUrl\":\"https:\/\/1office.co\/finland\/wp-content\/uploads\/sites\/10\/2019\/02\/pexels-photo-277670.jpeg\",\"datePublished\":\"2019-02-20T07:49:43+00:00\",\"dateModified\":\"2025-09-16T07:51:36+00:00\",\"breadcrumb\":{\"@id\":\"https:\/\/1office.co\/finland\/et\/toode\/ettevotte-likvideerimine-soomes\/#breadcrumb\"},\"inLanguage\":\"et\",\"potentialAction\":[{\"@type\":\"ReadAction\",\"target\":[\"https:\/\/1office.co\/finland\/et\/toode\/ettevotte-likvideerimine-soomes\/\"]}]},{\"@type\":\"ImageObject\",\"inLanguage\":\"et\",\"@id\":\"https:\/\/1office.co\/finland\/et\/toode\/ettevotte-likvideerimine-soomes\/#primaryimage\",\"url\":\"https:\/\/1office.co\/finland\/wp-content\/uploads\/sites\/10\/2019\/02\/pexels-photo-277670.jpeg\",\"contentUrl\":\"https:\/\/1office.co\/finland\/wp-content\/uploads\/sites\/10\/2019\/02\/pexels-photo-277670.jpeg\",\"width\":640,\"height\":426},{\"@type\":\"BreadcrumbList\",\"@id\":\"https:\/\/1office.co\/finland\/et\/toode\/ettevotte-likvideerimine-soomes\/#breadcrumb\",\"itemListElement\":[{\"@type\":\"ListItem\",\"position\":1,\"name\":\"Home\",\"item\":\"https:\/\/1office.co\/finland\/et\/\"},{\"@type\":\"ListItem\",\"position\":2,\"name\":\"Services Shop\",\"item\":\"https:\/\/1office.co\/finland\/services-shop\/\"},{\"@type\":\"ListItem\",\"position\":3,\"name\":\"Ettev\u00f5tte likvideerimine Soomes\"}]},{\"@type\":\"WebSite\",\"@id\":\"https:\/\/1office.co\/finland\/fi\/#website\",\"url\":\"https:\/\/1office.co\/finland\/fi\/\",\"name\":\"1Office Finland\",\"description\":\"Making Business Simple\",\"potentialAction\":[{\"@type\":\"SearchAction\",\"target\":{\"@type\":\"EntryPoint\",\"urlTemplate\":\"https:\/\/1office.co\/finland\/fi\/?s={search_term_string}\"},\"query-input\":{\"@type\":\"PropertyValueSpecification\",\"valueRequired\":true,\"valueName\":\"search_term_string\"}}],\"inLanguage\":\"et\"}]}<\/script>\n<!-- \/ Yoast SEO Premium plugin. -->","yoast_head_json":{"title":"Ettev\u00f5tte likvideerimine Soomes | 1Office Finland","robots":{"index":"index","follow":"follow","max-snippet":"max-snippet:-1","max-image-preview":"max-image-preview:large","max-video-preview":"max-video-preview:-1"},"canonical":"https:\/\/1office.co\/finland\/et\/toode\/ettevotte-likvideerimine-soomes\/","og_locale":"et_EE","og_type":"article","og_title":"Ettev\u00f5tte likvideerimine Soomes","og_description":"1Office teenust kasutades on ettev\u00f5tte likvideerimine Soomes v\u00e4ga lihtne. M\u00e4\u00e4rata tuleb likvideerija. Protsess v\u00f5tab aega, kuid meie hoolitseme kogu protsessi eest.","og_url":"https:\/\/1office.co\/finland\/et\/toode\/ettevotte-likvideerimine-soomes\/","og_site_name":"1Office Finland","article_modified_time":"2025-09-16T07:51:36+00:00","og_image":[{"width":640,"height":426,"url":"https:\/\/1office.co\/finland\/wp-content\/uploads\/sites\/10\/2019\/02\/pexels-photo-277670.jpeg","type":"image\/jpeg"}],"twitter_card":"summary_large_image","twitter_misc":{"Est. reading time":"2 minutit"},"schema":{"@context":"https:\/\/schema.org","@graph":[{"@type":"WebPage","@id":"https:\/\/1office.co\/finland\/et\/toode\/ettevotte-likvideerimine-soomes\/","url":"https:\/\/1office.co\/finland\/et\/toode\/ettevotte-likvideerimine-soomes\/","name":"Ettev\u00f5tte likvideerimine Soomes | 1Office Finland","isPartOf":{"@id":"https:\/\/1office.co\/finland\/fi\/#website"},"primaryImageOfPage":{"@id":"https:\/\/1office.co\/finland\/et\/toode\/ettevotte-likvideerimine-soomes\/#primaryimage"},"image":{"@id":"https:\/\/1office.co\/finland\/et\/toode\/ettevotte-likvideerimine-soomes\/#primaryimage"},"thumbnailUrl":"https:\/\/1office.co\/finland\/wp-content\/uploads\/sites\/10\/2019\/02\/pexels-photo-277670.jpeg","datePublished":"2019-02-20T07:49:43+00:00","dateModified":"2025-09-16T07:51:36+00:00","breadcrumb":{"@id":"https:\/\/1office.co\/finland\/et\/toode\/ettevotte-likvideerimine-soomes\/#breadcrumb"},"inLanguage":"et","potentialAction":[{"@type":"ReadAction","target":["https:\/\/1office.co\/finland\/et\/toode\/ettevotte-likvideerimine-soomes\/"]}]},{"@type":"ImageObject","inLanguage":"et","@id":"https:\/\/1office.co\/finland\/et\/toode\/ettevotte-likvideerimine-soomes\/#primaryimage","url":"https:\/\/1office.co\/finland\/wp-content\/uploads\/sites\/10\/2019\/02\/pexels-photo-277670.jpeg","contentUrl":"https:\/\/1office.co\/finland\/wp-content\/uploads\/sites\/10\/2019\/02\/pexels-photo-277670.jpeg","width":640,"height":426},{"@type":"BreadcrumbList","@id":"https:\/\/1office.co\/finland\/et\/toode\/ettevotte-likvideerimine-soomes\/#breadcrumb","itemListElement":[{"@type":"ListItem","position":1,"name":"Home","item":"https:\/\/1office.co\/finland\/et\/"},{"@type":"ListItem","position":2,"name":"Services Shop","item":"https:\/\/1office.co\/finland\/services-shop\/"},{"@type":"ListItem","position":3,"name":"Ettev\u00f5tte likvideerimine Soomes"}]},{"@type":"WebSite","@id":"https:\/\/1office.co\/finland\/fi\/#website","url":"https:\/\/1office.co\/finland\/fi\/","name":"1Office Finland","description":"Making Business Simple","potentialAction":[{"@type":"SearchAction","target":{"@type":"EntryPoint","urlTemplate":"https:\/\/1office.co\/finland\/fi\/?s={search_term_string}"},"query-input":{"@type":"PropertyValueSpecification","valueRequired":true,"valueName":"search_term_string"}}],"inLanguage":"et"}]}},"_links":{"self":[{"href":"https:\/\/1office.co\/finland\/et\/wp-json\/wp\/v2\/product\/58640","targetHints":{"allow":["GET"]}}],"collection":[{"href":"https:\/\/1office.co\/finland\/et\/wp-json\/wp\/v2\/product"}],"about":[{"href":"https:\/\/1office.co\/finland\/et\/wp-json\/wp\/v2\/types\/product"}],"wp:featuredmedia":[{"embeddable":true,"href":"https:\/\/1office.co\/finland\/et\/wp-json\/wp\/v2\/media\/58635"}],"wp:attachment":[{"href":"https:\/\/1office.co\/finland\/et\/wp-json\/wp\/v2\/media?parent=58640"}],"wp:term":[{"taxonomy":"product_brand","embeddable":true,"href":"https:\/\/1office.co\/finland\/et\/wp-json\/wp\/v2\/product_brand?post=58640"},{"taxonomy":"product_cat","embeddable":true,"href":"https:\/\/1office.co\/finland\/et\/wp-json\/wp\/v2\/product_cat?post=58640"},{"taxonomy":"product_tag","embeddable":true,"href":"https:\/\/1office.co\/finland\/et\/wp-json\/wp\/v2\/product_tag?post=58640"}],"curies":[{"name":"wp","href":"https:\/\/api.w.org\/{rel}","templated":true}]}}