{"id":58724,"date":"2019-04-30T08:59:49","date_gmt":"2019-04-30T08:59:49","guid":{"rendered":"https:\/\/1office.co\/finland\/product\/starting-package-for-a-foreign-company\/"},"modified":"2025-09-16T07:44:52","modified_gmt":"2025-09-16T07:44:52","slug":"maksuregistreeringute-pakett-valismaa-ettevottele","status":"publish","type":"product","link":"https:\/\/1office.co\/finland\/et\/toode\/maksuregistreeringute-pakett-valismaa-ettevottele\/","title":{"rendered":"Maksuregistreeringute pakett v\u00e4lismaa ettev\u00f5ttele Soomes"},"content":{"rendered":"<div class=\"wpb-content-wrapper\"><p class=\"p1\">[vc_row][vc_column]<div id=\"advanced-tabs-desc-wrap-8705\" class=\"ult_tabs product_tabs\" style=\" \" data-tabsstyle=\"style1\"\n data-titlebg=\"#ffffff\" data-titlecolor=\"#b6b8ba\" data-fullheight=\"off\"\n data-titlehoverbg=\"#ffffff\" data-titlehovercolor=\"#1d1e23\"\n data-rotatetabs=\"0\" data-responsivemode=\"Both\" data-animation=\"Slide\"\ndata-activetitle=\"#1d1e23\" data-activeicon=\"\" data-activebg=\"#ffffff\"  data-respmode=\"Tabs\" data-respwidth=\"400\" data-scroll = \"on\" data-activeindex=\"1\"><ul id=advanced-tabs-wrap-8688 class=\"ult_tabmenu style1 \" style=\"\"><li class=\"ult_tab_li  \" data-iconcolor=\"#74777b\" data-iconhover=\"#ffffff\" style=\"background-color:#ffffff;border-color:transparent;border-width:0px;border-style:solid;border-top-right-radius:8px;\">\n\t\t\t\t\t<a href=\"#1512642751410-8d7ab-c11d\"  id=\"1512642751410-8d7ab-c11d\"  style=\"color:#b6b8ba;; padding:15px; \" class=\"ult_a  \">\n\t\t\t\t\t     <span class=\"ult_tab_main Both \">\n\t\t\t\t\t \t\t <span class=\"ult_tab_section\">\n\t\t\t\t\t   \t\t\t<span  data-ultimate-target='#advanced-tabs-wrap-8688 .ult-span-text'  data-responsive-json-new='{\"font-size\":\"desktop:14px;\",\"line-height\":\"\"}'  class=\"ult-span-text no_icon ult_tab_display_text ult-responsive\" style=\"font-weight:bold;;\">DESCRIPTION<\/span>\n\t\t\t\t\t   \t\t<\/span>\n\t\t\t\t\t\t<\/span>\n\t\t\t\t\t<\/a>\n\t\t\t\t\t<\/li><\/ul><div  data-ultimate-target='#advanced-tabs-desc-wrap-8705 .ult_tabcontent .ult_tab_min_contain  p'  data-responsive-json-new='{\"font-size\":\"\",\"line-height\":\"\"}' class=\"ult_tabcontent ult-responsive style1\" style=\"color:#74777b;\"><div class=\"ult_tab_min_contain \" >\n\t\t\t<div  class=\"ult_tabitemname\"  >\n\t\t\t\t[vc_column_text]<b>Miks valida stardipakett?<\/b><\/p>\n<ul class=\"ul1\">\n<li class=\"li1\">V\u00e4lismaa ettev\u00f5ttena Soomes \u00e4ritegevusega alustades tekib enamasti kohustus registreerida ettev\u00f5te maksuametis ja taotleda mitmeid maksuregistreeringuid. Aitame teid k\u00f5igi vajalike registreeringutega nagu ettemaksuregistri, k\u00e4ibemaksunumbri ja t\u00f6\u00f6andjaks registreerimise taotlemistega.<\/li>\n<li class=\"li1\">Paketis sisaldub ka Soome \u00e4riaadress koos postiteenusega. Soome \u00e4riaadressi omamine t\u00f5stab ettev\u00f5tte usaldusv\u00e4\u00e4rsust ning k\u00f5ik Soome ametiasutustest saabuvad kirjad j\u00f5uavad ilma viivituse ja probleemideta teieni, kuna postiteenus sisaldab kirjade vastuv\u00f5tmist ning edastamist.<\/li>\n<li class=\"li1\">Paketis sisaldub ka <a href=\"https:\/\/1office.co\/finland\/et\/toode\/suomi-fi-taotlus\/\"><span class=\"s2\">Suomi.fi registreeringu<\/span><\/a> taotluse tegemine ja esitamine. See v\u00f5imaldab ligip\u00e4\u00e4su kohalikesse ametiasutustesse, n\u00e4teks maksuametisse ja Kelasse.<\/li>\n<\/ul>\n<p class=\"p1\"><b>Hinnas sisaldub:<\/b><\/p>\n<ul class=\"ul1\">\n<li class=\"li1\">Maksuregistreeringud v\u00e4lismaise taustaga ettev\u00f5ttele 560 EUR<\/li>\n<li class=\"li1\">\u00c4riaadress koos postiteenusega \u00fcheks aastaks 84<span class=\"s3\">0 EUR asemel<\/span> <b>420 EUR<\/b>\u00a0&#8211; paketi ostmisel rakendub \u00e4riaadressi teenusele 50%-line soodustus<\/li>\n<li class=\"li1\">Suomi.fi registreering 150 \u20ac<\/li>\n<li class=\"li1\">Ligip\u00e4\u00e4s <a href=\"http:\/\/www.1office.co\/my1office\"><span class=\"s2\">my1Office<\/span><\/a> keskkonda<\/li>\n<\/ul>\n<p class=\"p1\">[\/vc_column_text]\n\t\t\t<\/div><\/div><\/div><\/div><div class=\"ult_acord advanced-tabs-desc-wrap-8705\">\n   <div class=\"ult-tabto-accordion \" style=\"width:;\"\n    data-titlecolor=\"#b6b8ba\"  data-titlebg=\"#ffffff\"\n     data-titlehoverbg=\"#ffffff\" data-titlehovercolor=\"#1d1e23\" data-animation=\"Slide\"\n     data-activetitle=\"#1d1e23\" data-activeicon=\"\" data-activebg=\"#ffffff\" data-scroll = \"on\" data-activeindex=\"1\" >\n     <dl><dt class=\"\">\n\t        \t<a class=\"ult-tabto-actitle withBorder ult_a \" id=\"1512642751410-8d7ab-c11d\" style=\"color:#b6b8ba;;background-color:#ffffff;border-bottom-color:transparent;border-bottom-width:0px;border-bottom-style:solid;\" href=\"#1512642751410-8d7ab-c11d\">\n\t        \t\t<i class=\"accordion-icon\"><\/i>\n\t        \t\t\t<span class=\"ult_tab_main ult_ac_main ult_noacordicnBoth\">\n\n\t\t\t\t\t\t<span  data-ultimate-target='#advanced-tabs-wrap-8688 .ult-span-text'  data-responsive-json-new='{\"font-size\":\"desktop:14px;\",\"line-height\":\"\"}'  class=\"ult-span-text no_icon ult_acordian-text ult-responsive\" style=\"font-weight:bold;;color:inherit \" >DESCRIPTION<\/span>\n\t\t\t\t\t\t<\/span><\/a><\/dt>\n\t            \t\t<dd class=\"ult-tabto-accordionItem ult-tabto-accolapsed\">\n\t\t\t\t            <div class=\"ult-tabto-acontent\" style=\"color:#74777b;\">\n\t\t\t\t               [vc_column_text]<b>Miks valida stardipakett?<\/b><\/p>\n<ul class=\"ul1\">\n<li class=\"li1\">V\u00e4lismaa ettev\u00f5ttena Soomes \u00e4ritegevusega alustades tekib enamasti kohustus registreerida ettev\u00f5te maksuametis ja taotleda mitmeid maksuregistreeringuid. Aitame teid k\u00f5igi vajalike registreeringutega nagu ettemaksuregistri, k\u00e4ibemaksunumbri ja t\u00f6\u00f6andjaks registreerimise taotlemistega.<\/li>\n<li class=\"li1\">Paketis sisaldub ka Soome \u00e4riaadress koos postiteenusega. Soome \u00e4riaadressi omamine t\u00f5stab ettev\u00f5tte usaldusv\u00e4\u00e4rsust ning k\u00f5ik Soome ametiasutustest saabuvad kirjad j\u00f5uavad ilma viivituse ja probleemideta teieni, kuna postiteenus sisaldab kirjade vastuv\u00f5tmist ning edastamist.<\/li>\n<li class=\"li1\">Paketis sisaldub ka <a href=\"https:\/\/1office.co\/finland\/et\/toode\/suomi-fi-taotlus\/\"><span class=\"s2\">Suomi.fi registreeringu<\/span><\/a> taotluse tegemine ja esitamine. See v\u00f5imaldab ligip\u00e4\u00e4su kohalikesse ametiasutustesse, n\u00e4teks maksuametisse ja Kelasse.<\/li>\n<\/ul>\n<p class=\"p1\"><b>Hinnas sisaldub:<\/b><\/p>\n<ul class=\"ul1\">\n<li class=\"li1\">Maksuregistreeringud v\u00e4lismaise taustaga ettev\u00f5ttele 560 EUR<\/li>\n<li class=\"li1\">\u00c4riaadress koos postiteenusega \u00fcheks aastaks 84<span class=\"s3\">0 EUR asemel<\/span> <b>420 EUR<\/b>\u00a0&#8211; paketi ostmisel rakendub \u00e4riaadressi teenusele 50%-line soodustus<\/li>\n<li class=\"li1\">Suomi.fi registreering 150 \u20ac<\/li>\n<li class=\"li1\">Ligip\u00e4\u00e4s <a href=\"http:\/\/www.1office.co\/my1office\"><span class=\"s2\">my1Office<\/span><\/a> keskkonda<\/li>\n<\/ul>\n<p class=\"p1\">[\/vc_column_text]\n\t\t\t\t            <\/div>\n\t        \t\t\t<\/dd>\n    \t<\/dl>\n    <!--<div class=\"extraborder\" style=\"background-color:#ffffff\"><\/div>-->\n<\/div>\n\n<\/div>[\/vc_column][\/vc_row]<\/p>\n<\/div>","protected":false},"excerpt":{"rendered":"<p class=\"p1\">Kui soovid alustada \u00e4ri Soomes enda olemasoleva v\u00e4lismaise taustaga ettev\u00f5ttega, on see pakett t\u00e4iuslik. Stardipaketti on kokku koondatud k\u00f5ik vajalikud teenused, mida \u00fchel v\u00e4lismaisel ettev\u00f5ttel Soomes \u00e4riga alustamiseks vaja on.<\/p>\n","protected":false},"featured_media":60434,"template":"","meta":{"_acf_changed":false,"inline_featured_image":false},"product_brand":[],"product_cat":[472],"product_tag":[312],"class_list":{"0":"post-58724","1":"product","2":"type-product","3":"status-publish","4":"has-post-thumbnail","6":"product_cat-paketid","7":"product_tag-soome","8":"description-off","10":"first","11":"instock","12":"taxable","13":"shipping-taxable","14":"purchasable","15":"product-type-bundle"},"bundled_by":[],"bundle_stock_status":"instock","bundle_stock_quantity":"","bundle_virtual":false,"bundle_layout":"default","bundle_add_to_cart_form_location":"default","bundle_editable_in_cart":false,"bundle_sold_individually_context":"product","bundle_item_grouping":"parent","bundle_min_size":"","bundle_max_size":"","bundle_price":{"price":{"min":{"incl_tax":"1129.5","excl_tax":"900"},"max":{"incl_tax":"1129.5","excl_tax":"900"}},"regular_price":{"min":{"incl_tax":"1129.5","excl_tax":"900"},"max":{"incl_tax":"1129.5","excl_tax":"900"}}},"bundled_items":[{"bundled_item_id":13,"product_id":59154,"menu_order":0,"quantity_min":1,"quantity_max":1,"quantity_default":1,"priced_individually":true,"shipped_individually":true,"override_title":false,"title":"\u00c4riaadress Helsingi kesklinnas","override_description":false,"description":"\u00c4riaadress Helsingi kesklinnas","optional":false,"hide_thumbnail":false,"discount":"","override_variations":false,"allowed_variations":[""],"override_default_variation_attributes":false,"default_variation_attributes":[],"single_product_visibility":"visible","cart_visibility":"visible","order_visibility":"visible","single_product_price_visibility":"hidden","cart_price_visibility":"hidden","order_price_visibility":"hidden","stock_status":"in_stock"},{"bundled_item_id":14,"product_id":59703,"menu_order":1,"quantity_min":1,"quantity_max":1,"quantity_default":1,"priced_individually":true,"shipped_individually":true,"override_title":false,"title":"Suomi.fi taotlus","override_description":false,"description":"Suomi.fi taotlus","optional":false,"hide_thumbnail":false,"discount":"","override_variations":false,"allowed_variations":[""],"override_default_variation_attributes":false,"default_variation_attributes":[],"single_product_visibility":"visible","cart_visibility":"visible","order_visibility":"visible","single_product_price_visibility":"hidden","cart_price_visibility":"hidden","order_price_visibility":"hidden","stock_status":"in_stock"},{"bundled_item_id":20,"product_id":57545,"menu_order":2,"quantity_min":1,"quantity_max":1,"quantity_default":1,"priced_individually":true,"shipped_individually":true,"override_title":false,"title":"Raamatupidamise alustustasu","override_description":false,"description":"Raamatupidamise alustustasu","optional":false,"hide_thumbnail":false,"discount":"","override_variations":false,"allowed_variations":[""],"override_default_variation_attributes":false,"default_variation_attributes":[],"single_product_visibility":"visible","cart_visibility":"visible","order_visibility":"visible","single_product_price_visibility":"hidden","cart_price_visibility":"hidden","order_price_visibility":"hidden","stock_status":"in_stock"}],"bundle_sell_ids":[],"acf":[],"yoast_head":"<!-- This site is optimized with the Yoast SEO Premium plugin v22.1 (Yoast SEO v27.0) - https:\/\/yoast.com\/product\/yoast-seo-premium-wordpress\/ -->\n<title>Maksuregistreeringute pakett v\u00e4lismaa ettev\u00f5ttele Soomes | 1Office Finland<\/title>\n<meta name=\"robots\" content=\"index, follow, max-snippet:-1, max-image-preview:large, max-video-preview:-1\" \/>\n<link rel=\"canonical\" href=\"https:\/\/1office.co\/finland\/et\/toode\/maksuregistreeringute-pakett-valismaa-ettevottele\/\" \/>\n<meta property=\"og:locale\" content=\"et_EE\" \/>\n<meta property=\"og:type\" content=\"article\" \/>\n<meta property=\"og:title\" content=\"Maksuregistreeringute pakett v\u00e4lismaa ettev\u00f5ttele Soomes\" \/>\n<meta property=\"og:description\" content=\"Kui soovid alustada \u00e4ri Soomes enda olemasoleva v\u00e4lismaise taustaga ettev\u00f5ttega, on see pakett t\u00e4iuslik. Stardipaketti on kokku koondatud k\u00f5ik vajalikud teenused, mida \u00fchel v\u00e4lismaisel ettev\u00f5ttel Soomes \u00e4riga alustamiseks vaja on.\" \/>\n<meta property=\"og:url\" content=\"https:\/\/1office.co\/finland\/et\/toode\/maksuregistreeringute-pakett-valismaa-ettevottele\/\" \/>\n<meta property=\"og:site_name\" content=\"1Office Finland\" \/>\n<meta property=\"article:modified_time\" content=\"2025-09-16T07:44:52+00:00\" \/>\n<meta property=\"og:image\" content=\"https:\/\/1office.co\/finland\/wp-content\/uploads\/sites\/10\/2019\/04\/building.png\" \/>\n\t<meta property=\"og:image:width\" content=\"1200\" \/>\n\t<meta property=\"og:image:height\" content=\"800\" \/>\n\t<meta property=\"og:image:type\" content=\"image\/png\" \/>\n<meta name=\"twitter:card\" content=\"summary_large_image\" \/>\n<meta name=\"twitter:label1\" content=\"Est. reading time\" \/>\n\t<meta name=\"twitter:data1\" content=\"1 minut\" \/>\n<script type=\"application\/ld+json\" class=\"yoast-schema-graph\">{\"@context\":\"https:\/\/schema.org\",\"@graph\":[{\"@type\":\"WebPage\",\"@id\":\"https:\/\/1office.co\/finland\/et\/toode\/maksuregistreeringute-pakett-valismaa-ettevottele\/\",\"url\":\"https:\/\/1office.co\/finland\/et\/toode\/maksuregistreeringute-pakett-valismaa-ettevottele\/\",\"name\":\"Maksuregistreeringute pakett v\u00e4lismaa ettev\u00f5ttele Soomes | 1Office Finland\",\"isPartOf\":{\"@id\":\"https:\/\/1office.co\/finland\/fi\/#website\"},\"primaryImageOfPage\":{\"@id\":\"https:\/\/1office.co\/finland\/et\/toode\/maksuregistreeringute-pakett-valismaa-ettevottele\/#primaryimage\"},\"image\":{\"@id\":\"https:\/\/1office.co\/finland\/et\/toode\/maksuregistreeringute-pakett-valismaa-ettevottele\/#primaryimage\"},\"thumbnailUrl\":\"https:\/\/1office.co\/finland\/wp-content\/uploads\/sites\/10\/2019\/04\/building.png\",\"datePublished\":\"2019-04-30T08:59:49+00:00\",\"dateModified\":\"2025-09-16T07:44:52+00:00\",\"breadcrumb\":{\"@id\":\"https:\/\/1office.co\/finland\/et\/toode\/maksuregistreeringute-pakett-valismaa-ettevottele\/#breadcrumb\"},\"inLanguage\":\"et\",\"potentialAction\":[{\"@type\":\"ReadAction\",\"target\":[\"https:\/\/1office.co\/finland\/et\/toode\/maksuregistreeringute-pakett-valismaa-ettevottele\/\"]}]},{\"@type\":\"ImageObject\",\"inLanguage\":\"et\",\"@id\":\"https:\/\/1office.co\/finland\/et\/toode\/maksuregistreeringute-pakett-valismaa-ettevottele\/#primaryimage\",\"url\":\"https:\/\/1office.co\/finland\/wp-content\/uploads\/sites\/10\/2019\/04\/building.png\",\"contentUrl\":\"https:\/\/1office.co\/finland\/wp-content\/uploads\/sites\/10\/2019\/04\/building.png\",\"width\":1200,\"height\":800,\"caption\":\"Company formations in Finland\"},{\"@type\":\"BreadcrumbList\",\"@id\":\"https:\/\/1office.co\/finland\/et\/toode\/maksuregistreeringute-pakett-valismaa-ettevottele\/#breadcrumb\",\"itemListElement\":[{\"@type\":\"ListItem\",\"position\":1,\"name\":\"Home\",\"item\":\"https:\/\/1office.co\/finland\/et\/\"},{\"@type\":\"ListItem\",\"position\":2,\"name\":\"Services Shop\",\"item\":\"https:\/\/1office.co\/finland\/services-shop\/\"},{\"@type\":\"ListItem\",\"position\":3,\"name\":\"Maksuregistreeringute pakett v\u00e4lismaa ettev\u00f5ttele Soomes\"}]},{\"@type\":\"WebSite\",\"@id\":\"https:\/\/1office.co\/finland\/fi\/#website\",\"url\":\"https:\/\/1office.co\/finland\/fi\/\",\"name\":\"1Office Finland\",\"description\":\"Making Business Simple\",\"potentialAction\":[{\"@type\":\"SearchAction\",\"target\":{\"@type\":\"EntryPoint\",\"urlTemplate\":\"https:\/\/1office.co\/finland\/fi\/?s={search_term_string}\"},\"query-input\":{\"@type\":\"PropertyValueSpecification\",\"valueRequired\":true,\"valueName\":\"search_term_string\"}}],\"inLanguage\":\"et\"}]}<\/script>\n<!-- \/ Yoast SEO Premium plugin. -->","yoast_head_json":{"title":"Maksuregistreeringute pakett v\u00e4lismaa ettev\u00f5ttele Soomes | 1Office Finland","robots":{"index":"index","follow":"follow","max-snippet":"max-snippet:-1","max-image-preview":"max-image-preview:large","max-video-preview":"max-video-preview:-1"},"canonical":"https:\/\/1office.co\/finland\/et\/toode\/maksuregistreeringute-pakett-valismaa-ettevottele\/","og_locale":"et_EE","og_type":"article","og_title":"Maksuregistreeringute pakett v\u00e4lismaa ettev\u00f5ttele Soomes","og_description":"Kui soovid alustada \u00e4ri Soomes enda olemasoleva v\u00e4lismaise taustaga ettev\u00f5ttega, on see pakett t\u00e4iuslik. Stardipaketti on kokku koondatud k\u00f5ik vajalikud teenused, mida \u00fchel v\u00e4lismaisel ettev\u00f5ttel Soomes \u00e4riga alustamiseks vaja on.","og_url":"https:\/\/1office.co\/finland\/et\/toode\/maksuregistreeringute-pakett-valismaa-ettevottele\/","og_site_name":"1Office Finland","article_modified_time":"2025-09-16T07:44:52+00:00","og_image":[{"width":1200,"height":800,"url":"https:\/\/1office.co\/finland\/wp-content\/uploads\/sites\/10\/2019\/04\/building.png","type":"image\/png"}],"twitter_card":"summary_large_image","twitter_misc":{"Est. reading time":"1 minut"},"schema":{"@context":"https:\/\/schema.org","@graph":[{"@type":"WebPage","@id":"https:\/\/1office.co\/finland\/et\/toode\/maksuregistreeringute-pakett-valismaa-ettevottele\/","url":"https:\/\/1office.co\/finland\/et\/toode\/maksuregistreeringute-pakett-valismaa-ettevottele\/","name":"Maksuregistreeringute pakett v\u00e4lismaa ettev\u00f5ttele Soomes | 1Office Finland","isPartOf":{"@id":"https:\/\/1office.co\/finland\/fi\/#website"},"primaryImageOfPage":{"@id":"https:\/\/1office.co\/finland\/et\/toode\/maksuregistreeringute-pakett-valismaa-ettevottele\/#primaryimage"},"image":{"@id":"https:\/\/1office.co\/finland\/et\/toode\/maksuregistreeringute-pakett-valismaa-ettevottele\/#primaryimage"},"thumbnailUrl":"https:\/\/1office.co\/finland\/wp-content\/uploads\/sites\/10\/2019\/04\/building.png","datePublished":"2019-04-30T08:59:49+00:00","dateModified":"2025-09-16T07:44:52+00:00","breadcrumb":{"@id":"https:\/\/1office.co\/finland\/et\/toode\/maksuregistreeringute-pakett-valismaa-ettevottele\/#breadcrumb"},"inLanguage":"et","potentialAction":[{"@type":"ReadAction","target":["https:\/\/1office.co\/finland\/et\/toode\/maksuregistreeringute-pakett-valismaa-ettevottele\/"]}]},{"@type":"ImageObject","inLanguage":"et","@id":"https:\/\/1office.co\/finland\/et\/toode\/maksuregistreeringute-pakett-valismaa-ettevottele\/#primaryimage","url":"https:\/\/1office.co\/finland\/wp-content\/uploads\/sites\/10\/2019\/04\/building.png","contentUrl":"https:\/\/1office.co\/finland\/wp-content\/uploads\/sites\/10\/2019\/04\/building.png","width":1200,"height":800,"caption":"Company formations in Finland"},{"@type":"BreadcrumbList","@id":"https:\/\/1office.co\/finland\/et\/toode\/maksuregistreeringute-pakett-valismaa-ettevottele\/#breadcrumb","itemListElement":[{"@type":"ListItem","position":1,"name":"Home","item":"https:\/\/1office.co\/finland\/et\/"},{"@type":"ListItem","position":2,"name":"Services Shop","item":"https:\/\/1office.co\/finland\/services-shop\/"},{"@type":"ListItem","position":3,"name":"Maksuregistreeringute pakett v\u00e4lismaa ettev\u00f5ttele Soomes"}]},{"@type":"WebSite","@id":"https:\/\/1office.co\/finland\/fi\/#website","url":"https:\/\/1office.co\/finland\/fi\/","name":"1Office Finland","description":"Making Business Simple","potentialAction":[{"@type":"SearchAction","target":{"@type":"EntryPoint","urlTemplate":"https:\/\/1office.co\/finland\/fi\/?s={search_term_string}"},"query-input":{"@type":"PropertyValueSpecification","valueRequired":true,"valueName":"search_term_string"}}],"inLanguage":"et"}]}},"_links":{"self":[{"href":"https:\/\/1office.co\/finland\/et\/wp-json\/wp\/v2\/product\/58724","targetHints":{"allow":["GET"]}}],"collection":[{"href":"https:\/\/1office.co\/finland\/et\/wp-json\/wp\/v2\/product"}],"about":[{"href":"https:\/\/1office.co\/finland\/et\/wp-json\/wp\/v2\/types\/product"}],"wp:featuredmedia":[{"embeddable":true,"href":"https:\/\/1office.co\/finland\/et\/wp-json\/wp\/v2\/media\/60434"}],"wp:attachment":[{"href":"https:\/\/1office.co\/finland\/et\/wp-json\/wp\/v2\/media?parent=58724"}],"wp:term":[{"taxonomy":"product_brand","embeddable":true,"href":"https:\/\/1office.co\/finland\/et\/wp-json\/wp\/v2\/product_brand?post=58724"},{"taxonomy":"product_cat","embeddable":true,"href":"https:\/\/1office.co\/finland\/et\/wp-json\/wp\/v2\/product_cat?post=58724"},{"taxonomy":"product_tag","embeddable":true,"href":"https:\/\/1office.co\/finland\/et\/wp-json\/wp\/v2\/product_tag?post=58724"}],"curies":[{"name":"wp","href":"https:\/\/api.w.org\/{rel}","templated":true}]}}