{"id":59337,"date":"2020-09-23T08:08:47","date_gmt":"2020-09-23T08:08:48","guid":{"rendered":"https:\/\/1office.co\/finland\/?post_type=product&#038;p=59337"},"modified":"2026-01-13T07:49:06","modified_gmt":"2026-01-13T07:49:06","slug":"ettevotte-asutamine-oy-riigiloiv-hinna-sees","status":"publish","type":"product","link":"https:\/\/1office.co\/finland\/et\/toode\/ettevotte-asutamine-oy-riigiloiv-hinna-sees\/","title":{"rendered":"Ettev\u00f5tte asutamine OY"},"content":{"rendered":"<div class=\"wpb-content-wrapper\"><p>[vc_row][vc_column]<div id=\"advanced-tabs-desc-wrap-6241\" class=\"ult_tabs product_tabs\" style=\" \" data-tabsstyle=\"style1\"\n data-titlebg=\"#ffffff\" data-titlecolor=\"#b6b8ba\" data-fullheight=\"off\"\n data-titlehoverbg=\"#ffffff\" data-titlehovercolor=\"#1d1e23\"\n data-rotatetabs=\"0\" data-responsivemode=\"Both\" data-animation=\"Slide\"\ndata-activetitle=\"#1d1e23\" data-activeicon=\"\" data-activebg=\"#ffffff\"  data-respmode=\"Tabs\" data-respwidth=\"400\" data-scroll = \"on\" data-activeindex=\"1\"><ul id=advanced-tabs-wrap-2204 class=\"ult_tabmenu style1 \" style=\"\"><li class=\"ult_tab_li  \" data-iconcolor=\"#74777b\" data-iconhover=\"#ffffff\" style=\"background-color:#ffffff;border-color:transparent;border-width:0px;border-style:solid;border-top-right-radius:8px;\">\n\t\t\t\t\t<a href=\"#1512642751410-8ee0b-c3ff\"  id=\"1512642751410-8ee0b-c3ff\"  style=\"color:#b6b8ba;; padding:15px; \" class=\"ult_a  \">\n\t\t\t\t\t     <span class=\"ult_tab_main Both \">\n\t\t\t\t\t \t\t <span class=\"ult_tab_section\">\n\t\t\t\t\t   \t\t\t<span  data-ultimate-target='#advanced-tabs-wrap-2204 .ult-span-text'  data-responsive-json-new='{\"font-size\":\"desktop:14px;\",\"line-height\":\"\"}'  class=\"ult-span-text no_icon ult_tab_display_text ult-responsive\" style=\"font-weight:bold;;\">Kirjeldus<\/span>\n\t\t\t\t\t   \t\t<\/span>\n\t\t\t\t\t\t<\/span>\n\t\t\t\t\t<\/a>\n\t\t\t\t\t<\/li><\/ul><div  data-ultimate-target='#advanced-tabs-desc-wrap-6241 .ult_tabcontent .ult_tab_min_contain  p'  data-responsive-json-new='{\"font-size\":\"\",\"line-height\":\"\"}' class=\"ult_tabcontent ult-responsive style1\" style=\"color:#74777b;\"><div class=\"ult_tab_min_contain \" >\n\t\t\t<div  class=\"ult_tabitemname\"  >\n\t\t\t\t[vc_column_text css=&#8221;&#8221;]Ettev\u00f5tte asutamine Soomes on n\u00fc\u00fcd lihtsam kui kunagi varem. 1. juulist 2019 on Soome ettev\u00f5tte osakapitali sissemakse n\u00f5udeks 0\u20ac. See teeb ettev\u00f5tte asutamise v\u00e4ga lihtsaks, sest enam pole vaja kohale tulla, et pangas stardikonto avada ning osakapital sisse maksta.<\/p>\n<p>Ettev\u00f5tte registreerimine v\u00f5tab meie Portaalis aega k\u00f5igest 20 minutit. Selleks tuleb Portaali konto luua ning t\u00e4ita avaldus enda ja ettev\u00f5tte andmetega. Protsess on t\u00e4ielikult veebi teel tehtav ning paari klikiga saab ettev\u00f5ttele tellida ka lisateenuseid nagu Wise&#8217;i v\u00f5i Payoneeri pangakonto, maksuregistreeringud, kindlustus, raamatupidamine ja aadress.<\/p>\n<p><strong>Hinnas sisaldub:<\/strong><\/p>\n<ul>\n<li>Mugav iseteenindusplatvorm avalduse esitamiseks<\/li>\n<li>Tehniline tugi<\/li>\n<li>Ettev\u00f5tte registreerimine \u00e4riregistris (Kaupparekisteri)<\/li>\n<li>Ligip\u00e4\u00e4s <a href=\"http:\/\/www.1office.co\/my1office\">my1Office<\/a> keskkonda<\/li>\n<\/ul>\n<p>&nbsp;<\/p>\n<p><strong>Saadaval lisatasu eest:<\/strong><\/p>\n<ul>\n<li><a href=\"https:\/\/1office.co\/finland\/et\/toode\/konsultatsioon-ari-alustamine-soomes\/\" target=\"_blank\" rel=\"noopener noreferrer\">Konsultatsioon \u00c4ri alustamine Soomes<\/a><\/li>\n<li><a href=\"https:\/\/1office.co\/finland\/et\/toode\/ariaadress-helsingi-kesklinnas\/\" target=\"_blank\" rel=\"noopener noreferrer\">\u00c4riaadress<\/a><\/li>\n<li><a href=\"https:\/\/1office.co\/finland\/et\/toode\/maksuregistreeringud-soome-ettevottele\/\" target=\"_blank\" rel=\"noopener noreferrer\">Maksuregistreeringud<\/a><\/li>\n<li><a href=\"https:\/\/1office.co\/finland\/et\/toode\/raamatupidamise-teenuse-alustustasu\/\" target=\"_blank\" rel=\"noopener noreferrer\">Raamatupidamisteenus<\/a><\/li>\n<li>Kindlustus<\/li>\n<li>Wise&#8217;i v\u00f5i Payoneeri pangakonto<\/li>\n<\/ul>\n<p>&nbsp;<\/p>\n<p><strong>Protsessi k\u00e4ik:<\/strong><\/p>\n<ul>\n<li>Loo konto ja logi sisse<\/li>\n<li>Alusta avalduse t\u00e4itmist<\/li>\n<li>Soovi korral vali lisateenused k\u00f5igest m\u00f5ne klikiga &#8211; Wise&#8217;i v\u00f5i Payoneeri pangakonto, kindlustus, maksuregistreeringud, raamatupidamine, aadress.<\/li>\n<li>Vaatame esitatud informatsiooni \u00fcle ning saadame teavituse, kui avaldus on allkirjastamiseks valmis. Palun prindi see v\u00e4lja, allkirjasta, tee pilt ning lae pilt \u00fcles Portaali.<\/li>\n<li>K\u00f5ik vajalikud dokumendid edastatakse registrisse.<\/li>\n<li>Registri hinnangulist t\u00f6\u00f6tlemisaega (tavaliselt 8-10 n\u00e4dalat) saab j\u00e4lgida <a href=\"https:\/\/www.prh.fi\/en\/kaupparekisteri\/kasittelyajat.html\" target=\"_blank\" rel=\"noopener noreferrer\">\u00e4riregistri veebist,<\/a> registri v\u00e4ljav\u00f5te saadetakse posti teel ettev\u00f5tte \u00e4riaadressile.<\/li>\n<li>Saadame Sulle kogu info ettev\u00f5tte, maksuregistreeringute ja raamatupidamise kohta (kui antud teenused valiti). Panganduspartner ja kindlustuspakkuja v\u00f5tavad Sinuga eraldi \u00fchendust.<\/li>\n<li>V\u00f5id alustada enda \u00e4ritegevusega<\/li>\n<\/ul>\n<p>&nbsp;<\/p>\n<p><strong>T\u00e4htis informatsioon:<\/strong><\/p>\n<ul>\n<li>Soomes \u00e4ritegevuse alustamiseks on vajalik ka eelnev maksuregistreeringute taotlemine.<\/li>\n<li>Soome ettev\u00f5ttel peab olema v\u00e4hemalt \u00fcks juhatuse liige ja \u00fcks asendusliige. V\u00e4hemalt \u00fcks juhatuse liikmetest ning \u00fcks asendusliikmetest peab olema Euroopa Majanduspiirkonna resident.<\/li>\n<li>Pea meeles, et igal Soome ettev\u00f5ttel peab olema \u00e4riaadress. \u00c4riaadressi kuvatakse \u00e4riregistris ning sellele saadetakse ka k\u00f5ik ametlikud kirjad.<\/li>\n<li>Iga Soomes registreeritud ettev\u00f5te peab esitama majandusaasta aruande. Kui ettev\u00f5ttel on igakuised maksed, arved ja k\u00e4ibemaksunumber, on samuti kohustuslik esitada deklaratsioone iga kuu.\u00a0Kui aga endal pole aega v\u00f5i oskusi nende esitamiseks, tasub tellida eraldi\u00a0raamatupidamisteenus.<\/li>\n<li>Ettev\u00f5tte asutamise riigil\u00f5iv summas \u20ac400 tuleb tasuda eraldi<\/li>\n<\/ul>\n<p>[\/vc_column_text]\n\t\t\t<\/div><\/div><\/div><\/div><div class=\"ult_acord advanced-tabs-desc-wrap-6241\">\n   <div class=\"ult-tabto-accordion \" style=\"width:;\"\n    data-titlecolor=\"#b6b8ba\"  data-titlebg=\"#ffffff\"\n     data-titlehoverbg=\"#ffffff\" data-titlehovercolor=\"#1d1e23\" data-animation=\"Slide\"\n     data-activetitle=\"#1d1e23\" data-activeicon=\"\" data-activebg=\"#ffffff\" data-scroll = \"on\" data-activeindex=\"1\" >\n     <dl><dt class=\"\">\n\t        \t<a class=\"ult-tabto-actitle withBorder ult_a \" id=\"1512642751410-8ee0b-c3ff\" style=\"color:#b6b8ba;;background-color:#ffffff;border-bottom-color:transparent;border-bottom-width:0px;border-bottom-style:solid;\" href=\"#1512642751410-8ee0b-c3ff\">\n\t        \t\t<i class=\"accordion-icon\"><\/i>\n\t        \t\t\t<span class=\"ult_tab_main ult_ac_main ult_noacordicnBoth\">\n\n\t\t\t\t\t\t<span  data-ultimate-target='#advanced-tabs-wrap-2204 .ult-span-text'  data-responsive-json-new='{\"font-size\":\"desktop:14px;\",\"line-height\":\"\"}'  class=\"ult-span-text no_icon ult_acordian-text ult-responsive\" style=\"font-weight:bold;;color:inherit \" >Kirjeldus<\/span>\n\t\t\t\t\t\t<\/span><\/a><\/dt>\n\t            \t\t<dd class=\"ult-tabto-accordionItem ult-tabto-accolapsed\">\n\t\t\t\t            <div class=\"ult-tabto-acontent\" style=\"color:#74777b;\">\n\t\t\t\t               [vc_column_text css=&#8221;&#8221;]Ettev\u00f5tte asutamine Soomes on n\u00fc\u00fcd lihtsam kui kunagi varem. 1. juulist 2019 on Soome ettev\u00f5tte osakapitali sissemakse n\u00f5udeks 0\u20ac. See teeb ettev\u00f5tte asutamise v\u00e4ga lihtsaks, sest enam pole vaja kohale tulla, et pangas stardikonto avada ning osakapital sisse maksta.<\/p>\n<p>Ettev\u00f5tte registreerimine v\u00f5tab meie Portaalis aega k\u00f5igest 20 minutit. Selleks tuleb Portaali konto luua ning t\u00e4ita avaldus enda ja ettev\u00f5tte andmetega. Protsess on t\u00e4ielikult veebi teel tehtav ning paari klikiga saab ettev\u00f5ttele tellida ka lisateenuseid nagu Wise&#8217;i v\u00f5i Payoneeri pangakonto, maksuregistreeringud, kindlustus, raamatupidamine ja aadress.<\/p>\n<p><strong>Hinnas sisaldub:<\/strong><\/p>\n<ul>\n<li>Mugav iseteenindusplatvorm avalduse esitamiseks<\/li>\n<li>Tehniline tugi<\/li>\n<li>Ettev\u00f5tte registreerimine \u00e4riregistris (Kaupparekisteri)<\/li>\n<li>Ligip\u00e4\u00e4s <a href=\"http:\/\/www.1office.co\/my1office\">my1Office<\/a> keskkonda<\/li>\n<\/ul>\n<p>&nbsp;<\/p>\n<p><strong>Saadaval lisatasu eest:<\/strong><\/p>\n<ul>\n<li><a href=\"https:\/\/1office.co\/finland\/et\/toode\/konsultatsioon-ari-alustamine-soomes\/\" target=\"_blank\" rel=\"noopener noreferrer\">Konsultatsioon \u00c4ri alustamine Soomes<\/a><\/li>\n<li><a href=\"https:\/\/1office.co\/finland\/et\/toode\/ariaadress-helsingi-kesklinnas\/\" target=\"_blank\" rel=\"noopener noreferrer\">\u00c4riaadress<\/a><\/li>\n<li><a href=\"https:\/\/1office.co\/finland\/et\/toode\/maksuregistreeringud-soome-ettevottele\/\" target=\"_blank\" rel=\"noopener noreferrer\">Maksuregistreeringud<\/a><\/li>\n<li><a href=\"https:\/\/1office.co\/finland\/et\/toode\/raamatupidamise-teenuse-alustustasu\/\" target=\"_blank\" rel=\"noopener noreferrer\">Raamatupidamisteenus<\/a><\/li>\n<li>Kindlustus<\/li>\n<li>Wise&#8217;i v\u00f5i Payoneeri pangakonto<\/li>\n<\/ul>\n<p>&nbsp;<\/p>\n<p><strong>Protsessi k\u00e4ik:<\/strong><\/p>\n<ul>\n<li>Loo konto ja logi sisse<\/li>\n<li>Alusta avalduse t\u00e4itmist<\/li>\n<li>Soovi korral vali lisateenused k\u00f5igest m\u00f5ne klikiga &#8211; Wise&#8217;i v\u00f5i Payoneeri pangakonto, kindlustus, maksuregistreeringud, raamatupidamine, aadress.<\/li>\n<li>Vaatame esitatud informatsiooni \u00fcle ning saadame teavituse, kui avaldus on allkirjastamiseks valmis. Palun prindi see v\u00e4lja, allkirjasta, tee pilt ning lae pilt \u00fcles Portaali.<\/li>\n<li>K\u00f5ik vajalikud dokumendid edastatakse registrisse.<\/li>\n<li>Registri hinnangulist t\u00f6\u00f6tlemisaega (tavaliselt 8-10 n\u00e4dalat) saab j\u00e4lgida <a href=\"https:\/\/www.prh.fi\/en\/kaupparekisteri\/kasittelyajat.html\" target=\"_blank\" rel=\"noopener noreferrer\">\u00e4riregistri veebist,<\/a> registri v\u00e4ljav\u00f5te saadetakse posti teel ettev\u00f5tte \u00e4riaadressile.<\/li>\n<li>Saadame Sulle kogu info ettev\u00f5tte, maksuregistreeringute ja raamatupidamise kohta (kui antud teenused valiti). Panganduspartner ja kindlustuspakkuja v\u00f5tavad Sinuga eraldi \u00fchendust.<\/li>\n<li>V\u00f5id alustada enda \u00e4ritegevusega<\/li>\n<\/ul>\n<p>&nbsp;<\/p>\n<p><strong>T\u00e4htis informatsioon:<\/strong><\/p>\n<ul>\n<li>Soomes \u00e4ritegevuse alustamiseks on vajalik ka eelnev maksuregistreeringute taotlemine.<\/li>\n<li>Soome ettev\u00f5ttel peab olema v\u00e4hemalt \u00fcks juhatuse liige ja \u00fcks asendusliige. V\u00e4hemalt \u00fcks juhatuse liikmetest ning \u00fcks asendusliikmetest peab olema Euroopa Majanduspiirkonna resident.<\/li>\n<li>Pea meeles, et igal Soome ettev\u00f5ttel peab olema \u00e4riaadress. \u00c4riaadressi kuvatakse \u00e4riregistris ning sellele saadetakse ka k\u00f5ik ametlikud kirjad.<\/li>\n<li>Iga Soomes registreeritud ettev\u00f5te peab esitama majandusaasta aruande. Kui ettev\u00f5ttel on igakuised maksed, arved ja k\u00e4ibemaksunumber, on samuti kohustuslik esitada deklaratsioone iga kuu.\u00a0Kui aga endal pole aega v\u00f5i oskusi nende esitamiseks, tasub tellida eraldi\u00a0raamatupidamisteenus.<\/li>\n<li>Ettev\u00f5tte asutamise riigil\u00f5iv summas \u20ac400 tuleb tasuda eraldi<\/li>\n<\/ul>\n<p>[\/vc_column_text]\n\t\t\t\t            <\/div>\n\t        \t\t\t<\/dd>\n    \t<\/dl>\n    <!--<div class=\"extraborder\" style=\"background-color:#ffffff\"><\/div>-->\n<\/div>\n\n<\/div>[\/vc_column][\/vc_row]<\/p>\n<\/div>","protected":false},"excerpt":{"rendered":"<p>Soome OY asutamine on t\u00f5eliselt lihtne ning t\u00e4ielikult veebi teel tehtav t\u00e4nu 1Office&#8217;i portaalile. Lihtsalt t\u00e4ida interneti teel 20 minutiga meie portaalis avaldus ning ettev\u00f5te saab registrisse registreeritud juba umbes 2 n\u00e4dalaga.<\/p>\n","protected":false},"featured_media":58117,"template":"","meta":{"_acf_changed":false,"inline_featured_image":false},"product_brand":[],"product_cat":[308],"product_tag":[312],"class_list":{"0":"post-59337","1":"product","2":"type-product","3":"status-publish","4":"has-post-thumbnail","6":"product_cat-ettevotte-alustamine","7":"product_tag-soome","8":"description-off","10":"first","11":"instock","12":"taxable","13":"shipping-taxable","14":"product-type-external"},"bundled_by":[],"bundle_stock_status":"instock","bundle_stock_quantity":null,"bundle_virtual":false,"bundle_layout":"","bundle_add_to_cart_form_location":"","bundle_editable_in_cart":false,"bundle_sold_individually_context":"","bundle_item_grouping":"","bundle_min_size":"","bundle_max_size":"","bundle_price":[],"bundled_items":[],"bundle_sell_ids":[],"acf":[],"yoast_head":"<!-- This site is optimized with the Yoast SEO Premium plugin v22.1 (Yoast SEO v27.0) - https:\/\/yoast.com\/product\/yoast-seo-premium-wordpress\/ -->\n<title>Ettev\u00f5tte asutamine OY | 1Office Finland<\/title>\n<meta name=\"description\" content=\"Ettev\u00f5tte asutamine Soomes v\u00f5ib olla aegan\u00f5udev protsess.\" \/>\n<meta name=\"robots\" content=\"index, follow, max-snippet:-1, max-image-preview:large, max-video-preview:-1\" \/>\n<link rel=\"canonical\" href=\"https:\/\/1office.co\/finland\/et\/toode\/ettevotte-asutamine-oy-riigiloiv-hinna-sees\/\" \/>\n<meta property=\"og:locale\" content=\"et_EE\" \/>\n<meta property=\"og:type\" content=\"article\" \/>\n<meta property=\"og:title\" content=\"Ettev\u00f5tte asutamine OY\" \/>\n<meta property=\"og:description\" content=\"Ettev\u00f5tte asutamine Soomes v\u00f5ib olla aegan\u00f5udev protsess.\" \/>\n<meta property=\"og:url\" content=\"https:\/\/1office.co\/finland\/et\/toode\/ettevotte-asutamine-oy-riigiloiv-hinna-sees\/\" \/>\n<meta property=\"og:site_name\" content=\"1Office Finland\" \/>\n<meta property=\"article:modified_time\" content=\"2026-01-13T07:49:06+00:00\" \/>\n<meta property=\"og:image\" content=\"https:\/\/1office.co\/finland\/wp-content\/uploads\/sites\/10\/2017\/12\/101693631-notarys-public-pen-and-stamp-on-testament-and-last-will-.jpg\" \/>\n\t<meta property=\"og:image:width\" content=\"450\" \/>\n\t<meta property=\"og:image:height\" content=\"300\" \/>\n\t<meta property=\"og:image:type\" content=\"image\/jpeg\" \/>\n<meta name=\"twitter:card\" content=\"summary_large_image\" \/>\n<meta name=\"twitter:label1\" content=\"Est. reading time\" \/>\n\t<meta name=\"twitter:data1\" content=\"2 minutit\" \/>\n<script type=\"application\/ld+json\" class=\"yoast-schema-graph\">{\"@context\":\"https:\/\/schema.org\",\"@graph\":[{\"@type\":\"WebPage\",\"@id\":\"https:\/\/1office.co\/finland\/et\/toode\/ettevotte-asutamine-oy-riigiloiv-hinna-sees\/\",\"url\":\"https:\/\/1office.co\/finland\/et\/toode\/ettevotte-asutamine-oy-riigiloiv-hinna-sees\/\",\"name\":\"Ettev\u00f5tte asutamine OY | 1Office Finland\",\"isPartOf\":{\"@id\":\"https:\/\/1office.co\/finland\/fi\/#website\"},\"primaryImageOfPage\":{\"@id\":\"https:\/\/1office.co\/finland\/et\/toode\/ettevotte-asutamine-oy-riigiloiv-hinna-sees\/#primaryimage\"},\"image\":{\"@id\":\"https:\/\/1office.co\/finland\/et\/toode\/ettevotte-asutamine-oy-riigiloiv-hinna-sees\/#primaryimage\"},\"thumbnailUrl\":\"https:\/\/1office.co\/finland\/wp-content\/uploads\/sites\/10\/2017\/12\/101693631-notarys-public-pen-and-stamp-on-testament-and-last-will-.jpg\",\"datePublished\":\"2020-09-23T08:08:48+00:00\",\"dateModified\":\"2026-01-13T07:49:06+00:00\",\"description\":\"Ettev\u00f5tte asutamine Soomes v\u00f5ib olla aegan\u00f5udev protsess.\",\"breadcrumb\":{\"@id\":\"https:\/\/1office.co\/finland\/et\/toode\/ettevotte-asutamine-oy-riigiloiv-hinna-sees\/#breadcrumb\"},\"inLanguage\":\"et\",\"potentialAction\":[{\"@type\":\"ReadAction\",\"target\":[\"https:\/\/1office.co\/finland\/et\/toode\/ettevotte-asutamine-oy-riigiloiv-hinna-sees\/\"]}]},{\"@type\":\"ImageObject\",\"inLanguage\":\"et\",\"@id\":\"https:\/\/1office.co\/finland\/et\/toode\/ettevotte-asutamine-oy-riigiloiv-hinna-sees\/#primaryimage\",\"url\":\"https:\/\/1office.co\/finland\/wp-content\/uploads\/sites\/10\/2017\/12\/101693631-notarys-public-pen-and-stamp-on-testament-and-last-will-.jpg\",\"contentUrl\":\"https:\/\/1office.co\/finland\/wp-content\/uploads\/sites\/10\/2017\/12\/101693631-notarys-public-pen-and-stamp-on-testament-and-last-will-.jpg\",\"width\":450,\"height\":300},{\"@type\":\"BreadcrumbList\",\"@id\":\"https:\/\/1office.co\/finland\/et\/toode\/ettevotte-asutamine-oy-riigiloiv-hinna-sees\/#breadcrumb\",\"itemListElement\":[{\"@type\":\"ListItem\",\"position\":1,\"name\":\"Home\",\"item\":\"https:\/\/1office.co\/finland\/et\/\"},{\"@type\":\"ListItem\",\"position\":2,\"name\":\"Services Shop\",\"item\":\"https:\/\/1office.co\/finland\/services-shop\/\"},{\"@type\":\"ListItem\",\"position\":3,\"name\":\"Ettev\u00f5tte asutamine OY\"}]},{\"@type\":\"WebSite\",\"@id\":\"https:\/\/1office.co\/finland\/fi\/#website\",\"url\":\"https:\/\/1office.co\/finland\/fi\/\",\"name\":\"1Office Finland\",\"description\":\"Making Business Simple\",\"potentialAction\":[{\"@type\":\"SearchAction\",\"target\":{\"@type\":\"EntryPoint\",\"urlTemplate\":\"https:\/\/1office.co\/finland\/fi\/?s={search_term_string}\"},\"query-input\":{\"@type\":\"PropertyValueSpecification\",\"valueRequired\":true,\"valueName\":\"search_term_string\"}}],\"inLanguage\":\"et\"}]}<\/script>\n<!-- \/ Yoast SEO Premium plugin. -->","yoast_head_json":{"title":"Ettev\u00f5tte asutamine OY | 1Office Finland","description":"Ettev\u00f5tte asutamine Soomes v\u00f5ib olla aegan\u00f5udev protsess.","robots":{"index":"index","follow":"follow","max-snippet":"max-snippet:-1","max-image-preview":"max-image-preview:large","max-video-preview":"max-video-preview:-1"},"canonical":"https:\/\/1office.co\/finland\/et\/toode\/ettevotte-asutamine-oy-riigiloiv-hinna-sees\/","og_locale":"et_EE","og_type":"article","og_title":"Ettev\u00f5tte asutamine OY","og_description":"Ettev\u00f5tte asutamine Soomes v\u00f5ib olla aegan\u00f5udev protsess.","og_url":"https:\/\/1office.co\/finland\/et\/toode\/ettevotte-asutamine-oy-riigiloiv-hinna-sees\/","og_site_name":"1Office Finland","article_modified_time":"2026-01-13T07:49:06+00:00","og_image":[{"width":450,"height":300,"url":"https:\/\/1office.co\/finland\/wp-content\/uploads\/sites\/10\/2017\/12\/101693631-notarys-public-pen-and-stamp-on-testament-and-last-will-.jpg","type":"image\/jpeg"}],"twitter_card":"summary_large_image","twitter_misc":{"Est. reading time":"2 minutit"},"schema":{"@context":"https:\/\/schema.org","@graph":[{"@type":"WebPage","@id":"https:\/\/1office.co\/finland\/et\/toode\/ettevotte-asutamine-oy-riigiloiv-hinna-sees\/","url":"https:\/\/1office.co\/finland\/et\/toode\/ettevotte-asutamine-oy-riigiloiv-hinna-sees\/","name":"Ettev\u00f5tte asutamine OY | 1Office Finland","isPartOf":{"@id":"https:\/\/1office.co\/finland\/fi\/#website"},"primaryImageOfPage":{"@id":"https:\/\/1office.co\/finland\/et\/toode\/ettevotte-asutamine-oy-riigiloiv-hinna-sees\/#primaryimage"},"image":{"@id":"https:\/\/1office.co\/finland\/et\/toode\/ettevotte-asutamine-oy-riigiloiv-hinna-sees\/#primaryimage"},"thumbnailUrl":"https:\/\/1office.co\/finland\/wp-content\/uploads\/sites\/10\/2017\/12\/101693631-notarys-public-pen-and-stamp-on-testament-and-last-will-.jpg","datePublished":"2020-09-23T08:08:48+00:00","dateModified":"2026-01-13T07:49:06+00:00","description":"Ettev\u00f5tte asutamine Soomes v\u00f5ib olla aegan\u00f5udev protsess.","breadcrumb":{"@id":"https:\/\/1office.co\/finland\/et\/toode\/ettevotte-asutamine-oy-riigiloiv-hinna-sees\/#breadcrumb"},"inLanguage":"et","potentialAction":[{"@type":"ReadAction","target":["https:\/\/1office.co\/finland\/et\/toode\/ettevotte-asutamine-oy-riigiloiv-hinna-sees\/"]}]},{"@type":"ImageObject","inLanguage":"et","@id":"https:\/\/1office.co\/finland\/et\/toode\/ettevotte-asutamine-oy-riigiloiv-hinna-sees\/#primaryimage","url":"https:\/\/1office.co\/finland\/wp-content\/uploads\/sites\/10\/2017\/12\/101693631-notarys-public-pen-and-stamp-on-testament-and-last-will-.jpg","contentUrl":"https:\/\/1office.co\/finland\/wp-content\/uploads\/sites\/10\/2017\/12\/101693631-notarys-public-pen-and-stamp-on-testament-and-last-will-.jpg","width":450,"height":300},{"@type":"BreadcrumbList","@id":"https:\/\/1office.co\/finland\/et\/toode\/ettevotte-asutamine-oy-riigiloiv-hinna-sees\/#breadcrumb","itemListElement":[{"@type":"ListItem","position":1,"name":"Home","item":"https:\/\/1office.co\/finland\/et\/"},{"@type":"ListItem","position":2,"name":"Services Shop","item":"https:\/\/1office.co\/finland\/services-shop\/"},{"@type":"ListItem","position":3,"name":"Ettev\u00f5tte asutamine OY"}]},{"@type":"WebSite","@id":"https:\/\/1office.co\/finland\/fi\/#website","url":"https:\/\/1office.co\/finland\/fi\/","name":"1Office Finland","description":"Making Business Simple","potentialAction":[{"@type":"SearchAction","target":{"@type":"EntryPoint","urlTemplate":"https:\/\/1office.co\/finland\/fi\/?s={search_term_string}"},"query-input":{"@type":"PropertyValueSpecification","valueRequired":true,"valueName":"search_term_string"}}],"inLanguage":"et"}]}},"_links":{"self":[{"href":"https:\/\/1office.co\/finland\/et\/wp-json\/wp\/v2\/product\/59337","targetHints":{"allow":["GET"]}}],"collection":[{"href":"https:\/\/1office.co\/finland\/et\/wp-json\/wp\/v2\/product"}],"about":[{"href":"https:\/\/1office.co\/finland\/et\/wp-json\/wp\/v2\/types\/product"}],"wp:featuredmedia":[{"embeddable":true,"href":"https:\/\/1office.co\/finland\/et\/wp-json\/wp\/v2\/media\/58117"}],"wp:attachment":[{"href":"https:\/\/1office.co\/finland\/et\/wp-json\/wp\/v2\/media?parent=59337"}],"wp:term":[{"taxonomy":"product_brand","embeddable":true,"href":"https:\/\/1office.co\/finland\/et\/wp-json\/wp\/v2\/product_brand?post=59337"},{"taxonomy":"product_cat","embeddable":true,"href":"https:\/\/1office.co\/finland\/et\/wp-json\/wp\/v2\/product_cat?post=59337"},{"taxonomy":"product_tag","embeddable":true,"href":"https:\/\/1office.co\/finland\/et\/wp-json\/wp\/v2\/product_tag?post=59337"}],"curies":[{"name":"wp","href":"https:\/\/api.w.org\/{rel}","templated":true}]}}