{"id":59703,"date":"2021-03-31T08:27:57","date_gmt":"2021-03-31T09:09:08","guid":{"rendered":"https:\/\/1office.co\/finland\/?post_type=product&#038;p=59703"},"modified":"2022-09-13T10:54:02","modified_gmt":"2022-09-13T10:54:02","slug":"suomi-fi-taotlus","status":"publish","type":"product","link":"https:\/\/1office.co\/finland\/et\/toode\/suomi-fi-taotlus\/","title":{"rendered":"Suomi.fi taotlus"},"content":{"rendered":"<div class=\"wpb-content-wrapper\"><p>[vc_row][vc_column]<div id=\"advanced-tabs-desc-wrap-4986\" class=\"ult_tabs product_tabs\" style=\" \" data-tabsstyle=\"style1\"\n data-titlebg=\"#ffffff\" data-titlecolor=\"#b6b8ba\" data-fullheight=\"off\"\n data-titlehoverbg=\"#ffffff\" data-titlehovercolor=\"#1d1e23\"\n data-rotatetabs=\"0\" data-responsivemode=\"Both\" data-animation=\"Slide\"\ndata-activetitle=\"#1d1e23\" data-activeicon=\"\" data-activebg=\"#ffffff\"  data-respmode=\"Tabs\" data-respwidth=\"400\" data-scroll = \"on\" data-activeindex=\"1\"><ul id=advanced-tabs-wrap-1019 class=\"ult_tabmenu style1 \" style=\"\"><li class=\"ult_tab_li  \" data-iconcolor=\"#74777b\" data-iconhover=\"#ffffff\" style=\"background-color:#ffffff;border-color:transparent;border-width:0px;border-style:solid;border-top-right-radius:8px;\">\n\t\t\t\t\t<a href=\"#1512642751410-84e8b-6fc5\"  id=\"1512642751410-84e8b-6fc5\"  style=\"color:#b6b8ba;; padding:15px; \" class=\"ult_a  \">\n\t\t\t\t\t     <span class=\"ult_tab_main Both \">\n\t\t\t\t\t \t\t <span class=\"ult_tab_section\">\n\t\t\t\t\t   \t\t\t<span  data-ultimate-target='#advanced-tabs-wrap-1019 .ult-span-text'  data-responsive-json-new='{\"font-size\":\"desktop:14px;\",\"line-height\":\"\"}'  class=\"ult-span-text no_icon ult_tab_display_text ult-responsive\" style=\"font-weight:bold;;\">Kirjeldus<\/span>\n\t\t\t\t\t   \t\t<\/span>\n\t\t\t\t\t\t<\/span>\n\t\t\t\t\t<\/a>\n\t\t\t\t\t<\/li><\/ul><div  data-ultimate-target='#advanced-tabs-desc-wrap-4986 .ult_tabcontent .ult_tab_min_contain  p'  data-responsive-json-new='{\"font-size\":\"\",\"line-height\":\"\"}' class=\"ult_tabcontent ult-responsive style1\" style=\"color:#74777b;\"><div class=\"ult_tab_min_contain \" >\n\t\t\t<div  class=\"ult_tabitemname\"  >\n\t\t\t\t[vc_column_text]1Office pakub abi Suomi.fi taotluse esitamisel. Varasemalt on eraisikul olnud v\u00f5imalusel esindada ettev\u00f5tet Soome panga kasutajaga v\u00f5i Katso autentimise kaudu. Katso teenus l\u00f5peb 30. aprillil 2021.<\/p>\n<p>&nbsp;<\/p>\n<p>NB! Katso teenuse kaudu antud volitused kaotavad samuti samal kuup\u00e4eval kehtivuse. Seega tuleb ettev\u00f5tte esindajal anda uued volitused Suomi.fi v\u00f5i Soome panga paroolidega. Kui ettev\u00f5tte esindajal ei ole v\u00f5imalik Soome panga kaudu volitusi anda, tuleb taotleda Suomi.fi kasutaja.<\/p>\n<p>&nbsp;<\/p>\n<p>Suomi.fi volituste andmine on 2-etapiline. Esimese etapis toimub isikutuvastus kasutades finnish authenticator \u00e4ppi ning teises etapis \u00fchendatakse eraisiku Suomi.fi kasutaja ettev\u00f5ttega.<a href=\"mailto:sales@1office.co\">V\u00f5tke meiega \u00fchendust<\/a> ja k\u00fcsige lisa.<\/p>\n<p>&nbsp;<\/p>\n<p><strong>Hinnas sisaldub:<\/strong><\/p>\n<ul>\n<li>N\u00f5ustamine<\/li>\n<li>Taotluse t\u00e4itmine ja juhendamine<\/li>\n<li>Vajadusel suhtlus ametiasutusega<\/li>\n<\/ul>\n<p><strong>Saadaval lisatasu eest:<\/strong><\/p>\n<ul>\n<li>Konsultatsioon<\/li>\n<\/ul>\n<p><strong>Protsessi k\u00e4ik:<\/strong><\/p>\n<ul>\n<li>Kogume kokku vajaliku informatsiooni ja notariseeritud dokumendid;<\/li>\n<li>T\u00e4idame vajaliku taotluse;<\/li>\n<li>Vahendame suhtlust Soome maksuameti ja kliendi vahel.<\/li>\n<\/ul>\n<p><strong>T\u00e4htis informatsioon:<\/strong><\/p>\n<ul>\n<li>Menetlusaeg 4-6 n\u00e4dalat.<\/li>\n<\/ul>\n<p>\n\t\t\t<\/div><\/div><\/div><\/div><div class=\"ult_acord advanced-tabs-desc-wrap-4986\">\n   <div class=\"ult-tabto-accordion \" style=\"width:;\"\n    data-titlecolor=\"#b6b8ba\"  data-titlebg=\"#ffffff\"\n     data-titlehoverbg=\"#ffffff\" data-titlehovercolor=\"#1d1e23\" data-animation=\"Slide\"\n     data-activetitle=\"#1d1e23\" data-activeicon=\"\" data-activebg=\"#ffffff\" data-scroll = \"on\" data-activeindex=\"1\" >\n     <dl><dt class=\"\">\n\t        \t<a class=\"ult-tabto-actitle withBorder ult_a \" id=\"1512642751410-84e8b-6fc5\" style=\"color:#b6b8ba;;background-color:#ffffff;border-bottom-color:transparent;border-bottom-width:0px;border-bottom-style:solid;\" href=\"#1512642751410-84e8b-6fc5\">\n\t        \t\t<i class=\"accordion-icon\"><\/i>\n\t        \t\t\t<span class=\"ult_tab_main ult_ac_main ult_noacordicnBoth\">\n\n\t\t\t\t\t\t<span  data-ultimate-target='#advanced-tabs-wrap-1019 .ult-span-text'  data-responsive-json-new='{\"font-size\":\"desktop:14px;\",\"line-height\":\"\"}'  class=\"ult-span-text no_icon ult_acordian-text ult-responsive\" style=\"font-weight:bold;;color:inherit \" >Kirjeldus<\/span>\n\t\t\t\t\t\t<\/span><\/a><\/dt>\n\t            \t\t<dd class=\"ult-tabto-accordionItem ult-tabto-accolapsed\">\n\t\t\t\t            <div class=\"ult-tabto-acontent\" style=\"color:#74777b;\">\n\t\t\t\t               [vc_column_text]1Office pakub abi Suomi.fi taotluse esitamisel. Varasemalt on eraisikul olnud v\u00f5imalusel esindada ettev\u00f5tet Soome panga kasutajaga v\u00f5i Katso autentimise kaudu. Katso teenus l\u00f5peb 30. aprillil 2021.<\/p>\n<p>&nbsp;<\/p>\n<p>NB! Katso teenuse kaudu antud volitused kaotavad samuti samal kuup\u00e4eval kehtivuse. Seega tuleb ettev\u00f5tte esindajal anda uued volitused Suomi.fi v\u00f5i Soome panga paroolidega. Kui ettev\u00f5tte esindajal ei ole v\u00f5imalik Soome panga kaudu volitusi anda, tuleb taotleda Suomi.fi kasutaja.<\/p>\n<p>&nbsp;<\/p>\n<p>Suomi.fi volituste andmine on 2-etapiline. Esimese etapis toimub isikutuvastus kasutades finnish authenticator \u00e4ppi ning teises etapis \u00fchendatakse eraisiku Suomi.fi kasutaja ettev\u00f5ttega.<a href=\"mailto:sales@1office.co\">V\u00f5tke meiega \u00fchendust<\/a> ja k\u00fcsige lisa.<\/p>\n<p>&nbsp;<\/p>\n<p><strong>Hinnas sisaldub:<\/strong><\/p>\n<ul>\n<li>N\u00f5ustamine<\/li>\n<li>Taotluse t\u00e4itmine ja juhendamine<\/li>\n<li>Vajadusel suhtlus ametiasutusega<\/li>\n<\/ul>\n<p><strong>Saadaval lisatasu eest:<\/strong><\/p>\n<ul>\n<li>Konsultatsioon<\/li>\n<\/ul>\n<p><strong>Protsessi k\u00e4ik:<\/strong><\/p>\n<ul>\n<li>Kogume kokku vajaliku informatsiooni ja notariseeritud dokumendid;<\/li>\n<li>T\u00e4idame vajaliku taotluse;<\/li>\n<li>Vahendame suhtlust Soome maksuameti ja kliendi vahel.<\/li>\n<\/ul>\n<p><strong>T\u00e4htis informatsioon:<\/strong><\/p>\n<ul>\n<li>Menetlusaeg 4-6 n\u00e4dalat.<\/li>\n<\/ul>\n<p>\n\t\t\t\t            <\/div>\n\t        \t\t\t<\/dd>\n    \t<\/dl>\n    <!--<div class=\"extraborder\" style=\"background-color:#ffffff\"><\/div>-->\n<\/div>\n\n<\/div>[\/vc_column][\/vc_row]<\/p>\n<\/div>","protected":false},"excerpt":{"rendered":"<p>Aitame teid Suomi.fi taotluse esitamisega. Suomi.fi autentimisvahend on muuhulgas vajalik ettev\u00f5tte esindamiseks Soome maksuametis ja Sotsiaalkindlustusametis siis, kui tal puudub Soome panga isiklik ligip\u00e4\u00e4sukasutaja.<\/p>\n","protected":false},"featured_media":59708,"template":"","meta":{"_acf_changed":false,"inline_featured_image":false},"product_brand":[],"product_cat":[309],"product_tag":[312],"class_list":{"0":"post-59703","1":"product","2":"type-product","3":"status-publish","4":"has-post-thumbnail","6":"product_cat-juriidilised-teenused","7":"product_tag-soome","8":"description-off","10":"first","11":"instock","12":"virtual","13":"taxable","14":"purchasable","15":"product-type-simple"},"bundled_by":["57818","58724","60336"],"bundle_stock_status":"instock","bundle_stock_quantity":null,"bundle_virtual":false,"bundle_layout":"","bundle_add_to_cart_form_location":"","bundle_editable_in_cart":false,"bundle_sold_individually_context":"","bundle_item_grouping":"","bundle_min_size":"","bundle_max_size":"","bundle_price":[],"bundled_items":[],"bundle_sell_ids":[],"acf":[],"yoast_head":"<!-- This site is optimized with the Yoast SEO Premium plugin v22.1 (Yoast SEO v27.0) - https:\/\/yoast.com\/product\/yoast-seo-premium-wordpress\/ -->\n<title>Suomi.fi taotlus | 1Office Finland<\/title>\n<meta name=\"description\" content=\"Aitame teid Suomi.fi taotluse esitamisega, mis on vajalik ettev\u00f5tte esindamiseks Soome maksuametis ja Sotsiaalkindlustusametis.\" \/>\n<meta name=\"robots\" content=\"index, follow, max-snippet:-1, max-image-preview:large, max-video-preview:-1\" \/>\n<link rel=\"canonical\" href=\"https:\/\/1office.co\/finland\/et\/toode\/suomi-fi-taotlus\/\" \/>\n<meta property=\"og:locale\" content=\"et_EE\" \/>\n<meta property=\"og:type\" content=\"article\" \/>\n<meta property=\"og:title\" content=\"Suomi.fi taotlus\" \/>\n<meta property=\"og:description\" content=\"Aitame teid Suomi.fi taotluse esitamisega, mis on vajalik ettev\u00f5tte esindamiseks Soome maksuametis ja Sotsiaalkindlustusametis.\" \/>\n<meta property=\"og:url\" content=\"https:\/\/1office.co\/finland\/et\/toode\/suomi-fi-taotlus\/\" \/>\n<meta property=\"og:site_name\" content=\"1Office Finland\" \/>\n<meta property=\"article:modified_time\" content=\"2022-09-13T10:54:02+00:00\" \/>\n<meta property=\"og:image\" content=\"https:\/\/1office.co\/finland\/wp-content\/uploads\/sites\/10\/2021\/03\/pexels-pixabay-209224-1-1-scaled.jpg\" \/>\n\t<meta property=\"og:image:width\" content=\"2560\" \/>\n\t<meta property=\"og:image:height\" content=\"1707\" \/>\n\t<meta property=\"og:image:type\" content=\"image\/jpeg\" \/>\n<meta name=\"twitter:card\" content=\"summary_large_image\" \/>\n<meta name=\"twitter:label1\" content=\"Est. reading time\" \/>\n\t<meta name=\"twitter:data1\" content=\"1 minut\" \/>\n<script type=\"application\/ld+json\" class=\"yoast-schema-graph\">{\"@context\":\"https:\/\/schema.org\",\"@graph\":[{\"@type\":\"WebPage\",\"@id\":\"https:\/\/1office.co\/finland\/et\/toode\/suomi-fi-taotlus\/\",\"url\":\"https:\/\/1office.co\/finland\/et\/toode\/suomi-fi-taotlus\/\",\"name\":\"Suomi.fi taotlus | 1Office Finland\",\"isPartOf\":{\"@id\":\"https:\/\/1office.co\/finland\/fi\/#website\"},\"primaryImageOfPage\":{\"@id\":\"https:\/\/1office.co\/finland\/et\/toode\/suomi-fi-taotlus\/#primaryimage\"},\"image\":{\"@id\":\"https:\/\/1office.co\/finland\/et\/toode\/suomi-fi-taotlus\/#primaryimage\"},\"thumbnailUrl\":\"https:\/\/1office.co\/finland\/wp-content\/uploads\/sites\/10\/2021\/03\/pexels-pixabay-209224-1-1-scaled.jpg\",\"datePublished\":\"2021-03-31T09:09:08+00:00\",\"dateModified\":\"2022-09-13T10:54:02+00:00\",\"description\":\"Aitame teid Suomi.fi taotluse esitamisega, mis on vajalik ettev\u00f5tte esindamiseks Soome maksuametis ja Sotsiaalkindlustusametis.\",\"breadcrumb\":{\"@id\":\"https:\/\/1office.co\/finland\/et\/toode\/suomi-fi-taotlus\/#breadcrumb\"},\"inLanguage\":\"et\",\"potentialAction\":[{\"@type\":\"ReadAction\",\"target\":[\"https:\/\/1office.co\/finland\/et\/toode\/suomi-fi-taotlus\/\"]}]},{\"@type\":\"ImageObject\",\"inLanguage\":\"et\",\"@id\":\"https:\/\/1office.co\/finland\/et\/toode\/suomi-fi-taotlus\/#primaryimage\",\"url\":\"https:\/\/1office.co\/finland\/wp-content\/uploads\/sites\/10\/2021\/03\/pexels-pixabay-209224-1-1-scaled.jpg\",\"contentUrl\":\"https:\/\/1office.co\/finland\/wp-content\/uploads\/sites\/10\/2021\/03\/pexels-pixabay-209224-1-1-scaled.jpg\",\"width\":2560,\"height\":1707,\"caption\":\"Suomi.fi taotlus\"},{\"@type\":\"BreadcrumbList\",\"@id\":\"https:\/\/1office.co\/finland\/et\/toode\/suomi-fi-taotlus\/#breadcrumb\",\"itemListElement\":[{\"@type\":\"ListItem\",\"position\":1,\"name\":\"Home\",\"item\":\"https:\/\/1office.co\/finland\/et\/\"},{\"@type\":\"ListItem\",\"position\":2,\"name\":\"Services Shop\",\"item\":\"https:\/\/1office.co\/finland\/services-shop\/\"},{\"@type\":\"ListItem\",\"position\":3,\"name\":\"Suomi.fi taotlus\"}]},{\"@type\":\"WebSite\",\"@id\":\"https:\/\/1office.co\/finland\/fi\/#website\",\"url\":\"https:\/\/1office.co\/finland\/fi\/\",\"name\":\"1Office Finland\",\"description\":\"Making Business Simple\",\"potentialAction\":[{\"@type\":\"SearchAction\",\"target\":{\"@type\":\"EntryPoint\",\"urlTemplate\":\"https:\/\/1office.co\/finland\/fi\/?s={search_term_string}\"},\"query-input\":{\"@type\":\"PropertyValueSpecification\",\"valueRequired\":true,\"valueName\":\"search_term_string\"}}],\"inLanguage\":\"et\"}]}<\/script>\n<!-- \/ Yoast SEO Premium plugin. -->","yoast_head_json":{"title":"Suomi.fi taotlus | 1Office Finland","description":"Aitame teid Suomi.fi taotluse esitamisega, mis on vajalik ettev\u00f5tte esindamiseks Soome maksuametis ja Sotsiaalkindlustusametis.","robots":{"index":"index","follow":"follow","max-snippet":"max-snippet:-1","max-image-preview":"max-image-preview:large","max-video-preview":"max-video-preview:-1"},"canonical":"https:\/\/1office.co\/finland\/et\/toode\/suomi-fi-taotlus\/","og_locale":"et_EE","og_type":"article","og_title":"Suomi.fi taotlus","og_description":"Aitame teid Suomi.fi taotluse esitamisega, mis on vajalik ettev\u00f5tte esindamiseks Soome maksuametis ja Sotsiaalkindlustusametis.","og_url":"https:\/\/1office.co\/finland\/et\/toode\/suomi-fi-taotlus\/","og_site_name":"1Office Finland","article_modified_time":"2022-09-13T10:54:02+00:00","og_image":[{"width":2560,"height":1707,"url":"https:\/\/1office.co\/finland\/wp-content\/uploads\/sites\/10\/2021\/03\/pexels-pixabay-209224-1-1-scaled.jpg","type":"image\/jpeg"}],"twitter_card":"summary_large_image","twitter_misc":{"Est. reading time":"1 minut"},"schema":{"@context":"https:\/\/schema.org","@graph":[{"@type":"WebPage","@id":"https:\/\/1office.co\/finland\/et\/toode\/suomi-fi-taotlus\/","url":"https:\/\/1office.co\/finland\/et\/toode\/suomi-fi-taotlus\/","name":"Suomi.fi taotlus | 1Office Finland","isPartOf":{"@id":"https:\/\/1office.co\/finland\/fi\/#website"},"primaryImageOfPage":{"@id":"https:\/\/1office.co\/finland\/et\/toode\/suomi-fi-taotlus\/#primaryimage"},"image":{"@id":"https:\/\/1office.co\/finland\/et\/toode\/suomi-fi-taotlus\/#primaryimage"},"thumbnailUrl":"https:\/\/1office.co\/finland\/wp-content\/uploads\/sites\/10\/2021\/03\/pexels-pixabay-209224-1-1-scaled.jpg","datePublished":"2021-03-31T09:09:08+00:00","dateModified":"2022-09-13T10:54:02+00:00","description":"Aitame teid Suomi.fi taotluse esitamisega, mis on vajalik ettev\u00f5tte esindamiseks Soome maksuametis ja Sotsiaalkindlustusametis.","breadcrumb":{"@id":"https:\/\/1office.co\/finland\/et\/toode\/suomi-fi-taotlus\/#breadcrumb"},"inLanguage":"et","potentialAction":[{"@type":"ReadAction","target":["https:\/\/1office.co\/finland\/et\/toode\/suomi-fi-taotlus\/"]}]},{"@type":"ImageObject","inLanguage":"et","@id":"https:\/\/1office.co\/finland\/et\/toode\/suomi-fi-taotlus\/#primaryimage","url":"https:\/\/1office.co\/finland\/wp-content\/uploads\/sites\/10\/2021\/03\/pexels-pixabay-209224-1-1-scaled.jpg","contentUrl":"https:\/\/1office.co\/finland\/wp-content\/uploads\/sites\/10\/2021\/03\/pexels-pixabay-209224-1-1-scaled.jpg","width":2560,"height":1707,"caption":"Suomi.fi taotlus"},{"@type":"BreadcrumbList","@id":"https:\/\/1office.co\/finland\/et\/toode\/suomi-fi-taotlus\/#breadcrumb","itemListElement":[{"@type":"ListItem","position":1,"name":"Home","item":"https:\/\/1office.co\/finland\/et\/"},{"@type":"ListItem","position":2,"name":"Services Shop","item":"https:\/\/1office.co\/finland\/services-shop\/"},{"@type":"ListItem","position":3,"name":"Suomi.fi taotlus"}]},{"@type":"WebSite","@id":"https:\/\/1office.co\/finland\/fi\/#website","url":"https:\/\/1office.co\/finland\/fi\/","name":"1Office Finland","description":"Making Business Simple","potentialAction":[{"@type":"SearchAction","target":{"@type":"EntryPoint","urlTemplate":"https:\/\/1office.co\/finland\/fi\/?s={search_term_string}"},"query-input":{"@type":"PropertyValueSpecification","valueRequired":true,"valueName":"search_term_string"}}],"inLanguage":"et"}]}},"_links":{"self":[{"href":"https:\/\/1office.co\/finland\/et\/wp-json\/wp\/v2\/product\/59703","targetHints":{"allow":["GET"]}}],"collection":[{"href":"https:\/\/1office.co\/finland\/et\/wp-json\/wp\/v2\/product"}],"about":[{"href":"https:\/\/1office.co\/finland\/et\/wp-json\/wp\/v2\/types\/product"}],"wp:featuredmedia":[{"embeddable":true,"href":"https:\/\/1office.co\/finland\/et\/wp-json\/wp\/v2\/media\/59708"}],"wp:attachment":[{"href":"https:\/\/1office.co\/finland\/et\/wp-json\/wp\/v2\/media?parent=59703"}],"wp:term":[{"taxonomy":"product_brand","embeddable":true,"href":"https:\/\/1office.co\/finland\/et\/wp-json\/wp\/v2\/product_brand?post=59703"},{"taxonomy":"product_cat","embeddable":true,"href":"https:\/\/1office.co\/finland\/et\/wp-json\/wp\/v2\/product_cat?post=59703"},{"taxonomy":"product_tag","embeddable":true,"href":"https:\/\/1office.co\/finland\/et\/wp-json\/wp\/v2\/product_tag?post=59703"}],"curies":[{"name":"wp","href":"https:\/\/api.w.org\/{rel}","templated":true}]}}