{"id":59923,"date":"2021-09-06T10:25:30","date_gmt":"2021-09-06T10:25:31","guid":{"rendered":"https:\/\/1office.co\/finland\/?post_type=product&#038;p=59923"},"modified":"2023-06-07T09:04:58","modified_gmt":"2023-06-07T09:04:58","slug":"tegeliku-kasusaaja-registreerimine","status":"publish","type":"product","link":"https:\/\/1office.co\/finland\/et\/toode\/tegeliku-kasusaaja-registreerimine\/","title":{"rendered":"Tegeliku kasusaaja registreerimine"},"content":{"rendered":"<div class=\"wpb-content-wrapper\"><p>[vc_row][vc_column]<div id=\"advanced-tabs-desc-wrap-5594\" class=\"ult_tabs product_tabs\" style=\" \" data-tabsstyle=\"style1\"\n data-titlebg=\"#ffffff\" data-titlecolor=\"#b6b8ba\" data-fullheight=\"off\"\n data-titlehoverbg=\"#ffffff\" data-titlehovercolor=\"#1d1e23\"\n data-rotatetabs=\"0\" data-responsivemode=\"Both\" data-animation=\"Slide\"\ndata-activetitle=\"#1d1e23\" data-activeicon=\"\" data-activebg=\"#ffffff\"  data-respmode=\"Tabs\" data-respwidth=\"400\" data-scroll = \"on\" data-activeindex=\"1\"><ul id=advanced-tabs-wrap-2591 class=\"ult_tabmenu style1 \" style=\"\"><li class=\"ult_tab_li  \" data-iconcolor=\"#74777b\" data-iconhover=\"#ffffff\" style=\"background-color:#ffffff;border-color:transparent;border-width:0px;border-style:solid;border-top-right-radius:8px;\">\n\t\t\t\t\t<a href=\"#1512642751410-84e8b-6fc5\"  id=\"1512642751410-84e8b-6fc5\"  style=\"color:#b6b8ba;; padding:15px; \" class=\"ult_a  \">\n\t\t\t\t\t     <span class=\"ult_tab_main Both \">\n\t\t\t\t\t \t\t <span class=\"ult_tab_section\">\n\t\t\t\t\t   \t\t\t<span  data-ultimate-target='#advanced-tabs-wrap-2591 .ult-span-text'  data-responsive-json-new='{\"font-size\":\"desktop:14px;\",\"line-height\":\"\"}'  class=\"ult-span-text no_icon ult_tab_display_text ult-responsive\" style=\"font-weight:bold;;\">Kirjeldus<\/span>\n\t\t\t\t\t   \t\t<\/span>\n\t\t\t\t\t\t<\/span>\n\t\t\t\t\t<\/a>\n\t\t\t\t\t<\/li><\/ul><div  data-ultimate-target='#advanced-tabs-desc-wrap-5594 .ult_tabcontent .ult_tab_min_contain  p'  data-responsive-json-new='{\"font-size\":\"\",\"line-height\":\"\"}' class=\"ult_tabcontent ult-responsive style1\" style=\"color:#74777b;\"><div class=\"ult_tab_min_contain \" >\n\t\t\t<div  class=\"ult_tabitemname\"  >\n\t\t\t\t[vc_column_text]<\/p>\n<p>Alates 2019. aastast on k\u00f5ik Soome osa\u00fchingud kohustatud Soome \u00e4riregistrile teatama andmed tegeliku kasusaaja kohta. Tegelik kasusaaja on eraisik, kes omab otseselt v\u00f5i kaudselt ettev\u00f5tte osakuid, h\u00e4\u00e4letus\u00f5igust v\u00f5i muud kontrolli ettev\u00f5tte \u00fcle. Teavitus tegeliku kasusaaja kohta tuleb esitada isegi juhul, kui ettev\u00f5ttel pole otsest omanikku v\u00f5i isikut, kes omab ettev\u00f5tte \u00fcle kontrolli.<\/p>\n<p>&nbsp;<\/p>\n<p><strong>Hinnas sisaldub:<\/strong><\/p>\n<ul>\n<li>Informatsiooni kogumine ja abi ettev\u00f5tte tegeliku kasusaaja m\u00e4\u00e4ramisel<\/li>\n<li>Tegeliku kasusaaja registreerimisdokumentide koostamine ja Soome \u00e4riregistrisse esitamine<\/li>\n<li>Suhtlus Soome \u00e4riregistriga<\/li>\n<li>Tegeliku kasusaaja registreerimiskinnituse koopia<\/li>\n<\/ul>\n<p>&nbsp;<\/p>\n<p><strong>Saadaval lisatasu eest:<\/strong><\/p>\n<ul>\n<li>Konsultatsioon<\/li>\n<\/ul>\n<p>&nbsp;<\/p>\n<p><strong>Oluline informatsioon:<\/strong><\/p>\n<ul>\n<li>Teavituse esitamine paberkandjal on v\u00f5imalik ainult siis, kui ettev\u00f5tte allkirja\u00f5iguslikel isikutel ei ole Soome isikukoodi. Teised ettev\u00f5tted peavad teavituse esitama elektrooniliselt.<\/li>\n<li>Soome rahapesu ja terrorismi rahastamise t\u00f5kestamise seadus ja sellega seotud ELi direktiivid n\u00f5uavad, et ettev\u00f5te identifitseeriks tegeliku kasusaaja, edastaks informatsiooni tegeliku kasusaaja kohta ning uuendaks andmeid vastavalt n\u00f5uetele.<\/li>\n<li>Info tegeliku kasusaaja kohta ei ole avalik informatsioon.<\/li>\n<li>K\u00f5ik pangad, raamatupidamist ja juriidilisi teenuseid pakkuvad ettev\u00f5tted on kohustatud oma kliente identifitseerima ja tegeliku kasusaaja andmeid kontrollima. Teenusepakkujad v\u00f5ivad keelduda kliendile teenuse pakkumisest, kui ta ei ole tegelikku kasusaajat registreerinud. Samuti on teenusepakkujad kohustatud v\u00f5imudele teada andma tegeliku kasusaaja infoga seotud puudustest v\u00f5i ebak\u00f5ladest.<\/li>\n<\/ul>\n<p>\n\t\t\t<\/div><\/div><\/div><\/div><div class=\"ult_acord advanced-tabs-desc-wrap-5594\">\n   <div class=\"ult-tabto-accordion \" style=\"width:;\"\n    data-titlecolor=\"#b6b8ba\"  data-titlebg=\"#ffffff\"\n     data-titlehoverbg=\"#ffffff\" data-titlehovercolor=\"#1d1e23\" data-animation=\"Slide\"\n     data-activetitle=\"#1d1e23\" data-activeicon=\"\" data-activebg=\"#ffffff\" data-scroll = \"on\" data-activeindex=\"1\" >\n     <dl><dt class=\"\">\n\t        \t<a class=\"ult-tabto-actitle withBorder ult_a \" id=\"1512642751410-84e8b-6fc5\" style=\"color:#b6b8ba;;background-color:#ffffff;border-bottom-color:transparent;border-bottom-width:0px;border-bottom-style:solid;\" href=\"#1512642751410-84e8b-6fc5\">\n\t        \t\t<i class=\"accordion-icon\"><\/i>\n\t        \t\t\t<span class=\"ult_tab_main ult_ac_main ult_noacordicnBoth\">\n\n\t\t\t\t\t\t<span  data-ultimate-target='#advanced-tabs-wrap-2591 .ult-span-text'  data-responsive-json-new='{\"font-size\":\"desktop:14px;\",\"line-height\":\"\"}'  class=\"ult-span-text no_icon ult_acordian-text ult-responsive\" style=\"font-weight:bold;;color:inherit \" >Kirjeldus<\/span>\n\t\t\t\t\t\t<\/span><\/a><\/dt>\n\t            \t\t<dd class=\"ult-tabto-accordionItem ult-tabto-accolapsed\">\n\t\t\t\t            <div class=\"ult-tabto-acontent\" style=\"color:#74777b;\">\n\t\t\t\t               [vc_column_text]<\/p>\n<p>Alates 2019. aastast on k\u00f5ik Soome osa\u00fchingud kohustatud Soome \u00e4riregistrile teatama andmed tegeliku kasusaaja kohta. Tegelik kasusaaja on eraisik, kes omab otseselt v\u00f5i kaudselt ettev\u00f5tte osakuid, h\u00e4\u00e4letus\u00f5igust v\u00f5i muud kontrolli ettev\u00f5tte \u00fcle. Teavitus tegeliku kasusaaja kohta tuleb esitada isegi juhul, kui ettev\u00f5ttel pole otsest omanikku v\u00f5i isikut, kes omab ettev\u00f5tte \u00fcle kontrolli.<\/p>\n<p>&nbsp;<\/p>\n<p><strong>Hinnas sisaldub:<\/strong><\/p>\n<ul>\n<li>Informatsiooni kogumine ja abi ettev\u00f5tte tegeliku kasusaaja m\u00e4\u00e4ramisel<\/li>\n<li>Tegeliku kasusaaja registreerimisdokumentide koostamine ja Soome \u00e4riregistrisse esitamine<\/li>\n<li>Suhtlus Soome \u00e4riregistriga<\/li>\n<li>Tegeliku kasusaaja registreerimiskinnituse koopia<\/li>\n<\/ul>\n<p>&nbsp;<\/p>\n<p><strong>Saadaval lisatasu eest:<\/strong><\/p>\n<ul>\n<li>Konsultatsioon<\/li>\n<\/ul>\n<p>&nbsp;<\/p>\n<p><strong>Oluline informatsioon:<\/strong><\/p>\n<ul>\n<li>Teavituse esitamine paberkandjal on v\u00f5imalik ainult siis, kui ettev\u00f5tte allkirja\u00f5iguslikel isikutel ei ole Soome isikukoodi. Teised ettev\u00f5tted peavad teavituse esitama elektrooniliselt.<\/li>\n<li>Soome rahapesu ja terrorismi rahastamise t\u00f5kestamise seadus ja sellega seotud ELi direktiivid n\u00f5uavad, et ettev\u00f5te identifitseeriks tegeliku kasusaaja, edastaks informatsiooni tegeliku kasusaaja kohta ning uuendaks andmeid vastavalt n\u00f5uetele.<\/li>\n<li>Info tegeliku kasusaaja kohta ei ole avalik informatsioon.<\/li>\n<li>K\u00f5ik pangad, raamatupidamist ja juriidilisi teenuseid pakkuvad ettev\u00f5tted on kohustatud oma kliente identifitseerima ja tegeliku kasusaaja andmeid kontrollima. Teenusepakkujad v\u00f5ivad keelduda kliendile teenuse pakkumisest, kui ta ei ole tegelikku kasusaajat registreerinud. Samuti on teenusepakkujad kohustatud v\u00f5imudele teada andma tegeliku kasusaaja infoga seotud puudustest v\u00f5i ebak\u00f5ladest.<\/li>\n<\/ul>\n<p>\n\t\t\t\t            <\/div>\n\t        \t\t\t<\/dd>\n    \t<\/dl>\n    <!--<div class=\"extraborder\" style=\"background-color:#ffffff\"><\/div>-->\n<\/div>\n\n<\/div>[\/vc_column][\/vc_row]<\/p>\n<\/div>","protected":false},"excerpt":{"rendered":"<p>K\u00f5ik Soome osa\u00fchingud on kohustatud registreerima oma ettev\u00f5tte tegeliku kasusaaja Soome \u00e4riregistris. Aitame Sind tegeliku kasusaaja v\u00e4ljaselgitamise ning dokumentide ettevalmistamise ja esitamisega Soome \u00e4riregistrisse.<\/p>\n","protected":false},"featured_media":59925,"template":"","meta":{"_acf_changed":false,"inline_featured_image":false},"product_brand":[],"product_cat":[309],"product_tag":[312],"class_list":{"0":"post-59923","1":"product","2":"type-product","3":"status-publish","4":"has-post-thumbnail","6":"product_cat-juriidilised-teenused","7":"product_tag-soome","8":"description-off","10":"first","11":"instock","12":"virtual","13":"taxable","14":"purchasable","15":"product-type-simple"},"bundled_by":["57818"],"bundle_stock_status":"instock","bundle_stock_quantity":null,"bundle_virtual":false,"bundle_layout":"","bundle_add_to_cart_form_location":"","bundle_editable_in_cart":false,"bundle_sold_individually_context":"","bundle_item_grouping":"","bundle_min_size":"","bundle_max_size":"","bundle_price":[],"bundled_items":[],"bundle_sell_ids":[],"acf":[],"yoast_head":"<!-- This site is optimized with the Yoast SEO Premium plugin v22.1 (Yoast SEO v27.0) - https:\/\/yoast.com\/product\/yoast-seo-premium-wordpress\/ -->\n<title>Tegeliku kasusaaja registreerimine | 1Office Finland<\/title>\n<meta name=\"description\" content=\"K\u00f5ik Soome osa\u00fchingud on kohustatud registreerima oma ettev\u00f5tte tegeliku kasusaaja Soome \u00e4riregistris. Aitame Sind vajalike dokumentide koostamise ja esitamisega.\" \/>\n<meta name=\"robots\" content=\"index, follow, max-snippet:-1, max-image-preview:large, max-video-preview:-1\" \/>\n<link rel=\"canonical\" href=\"https:\/\/1office.co\/finland\/et\/toode\/tegeliku-kasusaaja-registreerimine\/\" \/>\n<meta property=\"og:locale\" content=\"et_EE\" \/>\n<meta property=\"og:type\" content=\"article\" \/>\n<meta property=\"og:title\" content=\"Tegeliku kasusaaja registreerimine\" \/>\n<meta property=\"og:description\" content=\"K\u00f5ik Soome osa\u00fchingud on kohustatud registreerima oma ettev\u00f5tte tegeliku kasusaaja Soome \u00e4riregistris. Aitame Sind vajalike dokumentide koostamise ja esitamisega.\" \/>\n<meta property=\"og:url\" content=\"https:\/\/1office.co\/finland\/et\/toode\/tegeliku-kasusaaja-registreerimine\/\" \/>\n<meta property=\"og:site_name\" content=\"1Office Finland\" \/>\n<meta property=\"article:modified_time\" content=\"2023-06-07T09:04:58+00:00\" \/>\n<meta property=\"og:image\" content=\"https:\/\/1office.co\/finland\/wp-content\/uploads\/sites\/10\/2021\/09\/thomas-lefebvre-gp8BLyaTaA0-unsplash-1.jpg\" \/>\n\t<meta property=\"og:image:width\" content=\"640\" \/>\n\t<meta property=\"og:image:height\" content=\"427\" \/>\n\t<meta property=\"og:image:type\" content=\"image\/jpeg\" \/>\n<meta name=\"twitter:card\" content=\"summary_large_image\" \/>\n<meta name=\"twitter:label1\" content=\"Est. reading time\" \/>\n\t<meta name=\"twitter:data1\" content=\"1 minut\" \/>\n<script type=\"application\/ld+json\" class=\"yoast-schema-graph\">{\"@context\":\"https:\/\/schema.org\",\"@graph\":[{\"@type\":\"WebPage\",\"@id\":\"https:\/\/1office.co\/finland\/et\/toode\/tegeliku-kasusaaja-registreerimine\/\",\"url\":\"https:\/\/1office.co\/finland\/et\/toode\/tegeliku-kasusaaja-registreerimine\/\",\"name\":\"Tegeliku kasusaaja registreerimine | 1Office Finland\",\"isPartOf\":{\"@id\":\"https:\/\/1office.co\/finland\/fi\/#website\"},\"primaryImageOfPage\":{\"@id\":\"https:\/\/1office.co\/finland\/et\/toode\/tegeliku-kasusaaja-registreerimine\/#primaryimage\"},\"image\":{\"@id\":\"https:\/\/1office.co\/finland\/et\/toode\/tegeliku-kasusaaja-registreerimine\/#primaryimage\"},\"thumbnailUrl\":\"https:\/\/1office.co\/finland\/wp-content\/uploads\/sites\/10\/2021\/09\/thomas-lefebvre-gp8BLyaTaA0-unsplash-1.jpg\",\"datePublished\":\"2021-09-06T10:25:31+00:00\",\"dateModified\":\"2023-06-07T09:04:58+00:00\",\"description\":\"K\u00f5ik Soome osa\u00fchingud on kohustatud registreerima oma ettev\u00f5tte tegeliku kasusaaja Soome \u00e4riregistris. Aitame Sind vajalike dokumentide koostamise ja esitamisega.\",\"breadcrumb\":{\"@id\":\"https:\/\/1office.co\/finland\/et\/toode\/tegeliku-kasusaaja-registreerimine\/#breadcrumb\"},\"inLanguage\":\"et\",\"potentialAction\":[{\"@type\":\"ReadAction\",\"target\":[\"https:\/\/1office.co\/finland\/et\/toode\/tegeliku-kasusaaja-registreerimine\/\"]}]},{\"@type\":\"ImageObject\",\"inLanguage\":\"et\",\"@id\":\"https:\/\/1office.co\/finland\/et\/toode\/tegeliku-kasusaaja-registreerimine\/#primaryimage\",\"url\":\"https:\/\/1office.co\/finland\/wp-content\/uploads\/sites\/10\/2021\/09\/thomas-lefebvre-gp8BLyaTaA0-unsplash-1.jpg\",\"contentUrl\":\"https:\/\/1office.co\/finland\/wp-content\/uploads\/sites\/10\/2021\/09\/thomas-lefebvre-gp8BLyaTaA0-unsplash-1.jpg\",\"width\":640,\"height\":427,\"caption\":\"Registration of beneficial owner\"},{\"@type\":\"BreadcrumbList\",\"@id\":\"https:\/\/1office.co\/finland\/et\/toode\/tegeliku-kasusaaja-registreerimine\/#breadcrumb\",\"itemListElement\":[{\"@type\":\"ListItem\",\"position\":1,\"name\":\"Home\",\"item\":\"https:\/\/1office.co\/finland\/et\/\"},{\"@type\":\"ListItem\",\"position\":2,\"name\":\"Services Shop\",\"item\":\"https:\/\/1office.co\/finland\/services-shop\/\"},{\"@type\":\"ListItem\",\"position\":3,\"name\":\"Tegeliku kasusaaja registreerimine\"}]},{\"@type\":\"WebSite\",\"@id\":\"https:\/\/1office.co\/finland\/fi\/#website\",\"url\":\"https:\/\/1office.co\/finland\/fi\/\",\"name\":\"1Office Finland\",\"description\":\"Making Business Simple\",\"potentialAction\":[{\"@type\":\"SearchAction\",\"target\":{\"@type\":\"EntryPoint\",\"urlTemplate\":\"https:\/\/1office.co\/finland\/fi\/?s={search_term_string}\"},\"query-input\":{\"@type\":\"PropertyValueSpecification\",\"valueRequired\":true,\"valueName\":\"search_term_string\"}}],\"inLanguage\":\"et\"}]}<\/script>\n<!-- \/ Yoast SEO Premium plugin. -->","yoast_head_json":{"title":"Tegeliku kasusaaja registreerimine | 1Office Finland","description":"K\u00f5ik Soome osa\u00fchingud on kohustatud registreerima oma ettev\u00f5tte tegeliku kasusaaja Soome \u00e4riregistris. Aitame Sind vajalike dokumentide koostamise ja esitamisega.","robots":{"index":"index","follow":"follow","max-snippet":"max-snippet:-1","max-image-preview":"max-image-preview:large","max-video-preview":"max-video-preview:-1"},"canonical":"https:\/\/1office.co\/finland\/et\/toode\/tegeliku-kasusaaja-registreerimine\/","og_locale":"et_EE","og_type":"article","og_title":"Tegeliku kasusaaja registreerimine","og_description":"K\u00f5ik Soome osa\u00fchingud on kohustatud registreerima oma ettev\u00f5tte tegeliku kasusaaja Soome \u00e4riregistris. Aitame Sind vajalike dokumentide koostamise ja esitamisega.","og_url":"https:\/\/1office.co\/finland\/et\/toode\/tegeliku-kasusaaja-registreerimine\/","og_site_name":"1Office Finland","article_modified_time":"2023-06-07T09:04:58+00:00","og_image":[{"width":640,"height":427,"url":"https:\/\/1office.co\/finland\/wp-content\/uploads\/sites\/10\/2021\/09\/thomas-lefebvre-gp8BLyaTaA0-unsplash-1.jpg","type":"image\/jpeg"}],"twitter_card":"summary_large_image","twitter_misc":{"Est. reading time":"1 minut"},"schema":{"@context":"https:\/\/schema.org","@graph":[{"@type":"WebPage","@id":"https:\/\/1office.co\/finland\/et\/toode\/tegeliku-kasusaaja-registreerimine\/","url":"https:\/\/1office.co\/finland\/et\/toode\/tegeliku-kasusaaja-registreerimine\/","name":"Tegeliku kasusaaja registreerimine | 1Office Finland","isPartOf":{"@id":"https:\/\/1office.co\/finland\/fi\/#website"},"primaryImageOfPage":{"@id":"https:\/\/1office.co\/finland\/et\/toode\/tegeliku-kasusaaja-registreerimine\/#primaryimage"},"image":{"@id":"https:\/\/1office.co\/finland\/et\/toode\/tegeliku-kasusaaja-registreerimine\/#primaryimage"},"thumbnailUrl":"https:\/\/1office.co\/finland\/wp-content\/uploads\/sites\/10\/2021\/09\/thomas-lefebvre-gp8BLyaTaA0-unsplash-1.jpg","datePublished":"2021-09-06T10:25:31+00:00","dateModified":"2023-06-07T09:04:58+00:00","description":"K\u00f5ik Soome osa\u00fchingud on kohustatud registreerima oma ettev\u00f5tte tegeliku kasusaaja Soome \u00e4riregistris. Aitame Sind vajalike dokumentide koostamise ja esitamisega.","breadcrumb":{"@id":"https:\/\/1office.co\/finland\/et\/toode\/tegeliku-kasusaaja-registreerimine\/#breadcrumb"},"inLanguage":"et","potentialAction":[{"@type":"ReadAction","target":["https:\/\/1office.co\/finland\/et\/toode\/tegeliku-kasusaaja-registreerimine\/"]}]},{"@type":"ImageObject","inLanguage":"et","@id":"https:\/\/1office.co\/finland\/et\/toode\/tegeliku-kasusaaja-registreerimine\/#primaryimage","url":"https:\/\/1office.co\/finland\/wp-content\/uploads\/sites\/10\/2021\/09\/thomas-lefebvre-gp8BLyaTaA0-unsplash-1.jpg","contentUrl":"https:\/\/1office.co\/finland\/wp-content\/uploads\/sites\/10\/2021\/09\/thomas-lefebvre-gp8BLyaTaA0-unsplash-1.jpg","width":640,"height":427,"caption":"Registration of beneficial owner"},{"@type":"BreadcrumbList","@id":"https:\/\/1office.co\/finland\/et\/toode\/tegeliku-kasusaaja-registreerimine\/#breadcrumb","itemListElement":[{"@type":"ListItem","position":1,"name":"Home","item":"https:\/\/1office.co\/finland\/et\/"},{"@type":"ListItem","position":2,"name":"Services Shop","item":"https:\/\/1office.co\/finland\/services-shop\/"},{"@type":"ListItem","position":3,"name":"Tegeliku kasusaaja registreerimine"}]},{"@type":"WebSite","@id":"https:\/\/1office.co\/finland\/fi\/#website","url":"https:\/\/1office.co\/finland\/fi\/","name":"1Office Finland","description":"Making Business Simple","potentialAction":[{"@type":"SearchAction","target":{"@type":"EntryPoint","urlTemplate":"https:\/\/1office.co\/finland\/fi\/?s={search_term_string}"},"query-input":{"@type":"PropertyValueSpecification","valueRequired":true,"valueName":"search_term_string"}}],"inLanguage":"et"}]}},"_links":{"self":[{"href":"https:\/\/1office.co\/finland\/et\/wp-json\/wp\/v2\/product\/59923","targetHints":{"allow":["GET"]}}],"collection":[{"href":"https:\/\/1office.co\/finland\/et\/wp-json\/wp\/v2\/product"}],"about":[{"href":"https:\/\/1office.co\/finland\/et\/wp-json\/wp\/v2\/types\/product"}],"wp:featuredmedia":[{"embeddable":true,"href":"https:\/\/1office.co\/finland\/et\/wp-json\/wp\/v2\/media\/59925"}],"wp:attachment":[{"href":"https:\/\/1office.co\/finland\/et\/wp-json\/wp\/v2\/media?parent=59923"}],"wp:term":[{"taxonomy":"product_brand","embeddable":true,"href":"https:\/\/1office.co\/finland\/et\/wp-json\/wp\/v2\/product_brand?post=59923"},{"taxonomy":"product_cat","embeddable":true,"href":"https:\/\/1office.co\/finland\/et\/wp-json\/wp\/v2\/product_cat?post=59923"},{"taxonomy":"product_tag","embeddable":true,"href":"https:\/\/1office.co\/finland\/et\/wp-json\/wp\/v2\/product_tag?post=59923"}],"curies":[{"name":"wp","href":"https:\/\/api.w.org\/{rel}","templated":true}]}}