{"id":59942,"date":"2021-09-16T08:27:02","date_gmt":"2021-09-16T08:27:03","guid":{"rendered":"https:\/\/1office.co\/finland\/?post_type=product&#038;p=59942"},"modified":"2023-01-17T13:58:46","modified_gmt":"2023-01-17T13:58:46","slug":"osade-muuk","status":"publish","type":"product","link":"https:\/\/1office.co\/finland\/et\/toode\/osade-muuk\/","title":{"rendered":"Osakute m\u00fc\u00fck"},"content":{"rendered":"<div class=\"wpb-content-wrapper\"><p>[vc_row][vc_column]<div id=\"advanced-tabs-desc-wrap-8138\" class=\"ult_tabs product_tabs\" style=\" \" data-tabsstyle=\"style1\"\n data-titlebg=\"#ffffff\" data-titlecolor=\"#b6b8ba\" data-fullheight=\"off\"\n data-titlehoverbg=\"#ffffff\" data-titlehovercolor=\"#1d1e23\"\n data-rotatetabs=\"0\" data-responsivemode=\"Both\" data-animation=\"Slide\"\ndata-activetitle=\"#1d1e23\" data-activeicon=\"\" data-activebg=\"#ffffff\"  data-respmode=\"Tabs\" data-respwidth=\"400\" data-scroll = \"on\" data-activeindex=\"1\"><ul id=advanced-tabs-wrap-6309 class=\"ult_tabmenu style1 \" style=\"\"><li class=\"ult_tab_li  \" data-iconcolor=\"#74777b\" data-iconhover=\"#ffffff\" style=\"background-color:#ffffff;border-color:transparent;border-width:0px;border-style:solid;border-top-right-radius:8px;\">\n\t\t\t\t\t<a href=\"#1512642751410-8cbfe-4c64\"  id=\"1512642751410-8cbfe-4c64\"  style=\"color:#b6b8ba;; padding:15px; \" class=\"ult_a  \">\n\t\t\t\t\t     <span class=\"ult_tab_main Both \">\n\t\t\t\t\t \t\t <span class=\"ult_tab_section\">\n\t\t\t\t\t   \t\t\t<span  data-ultimate-target='#advanced-tabs-wrap-6309 .ult-span-text'  data-responsive-json-new='{\"font-size\":\"desktop:14px;\",\"line-height\":\"\"}'  class=\"ult-span-text no_icon ult_tab_display_text ult-responsive\" style=\"font-weight:bold;;\">Kirjeldus<\/span>\n\t\t\t\t\t   \t\t<\/span>\n\t\t\t\t\t\t<\/span>\n\t\t\t\t\t<\/a>\n\t\t\t\t\t<\/li><\/ul><div  data-ultimate-target='#advanced-tabs-desc-wrap-8138 .ult_tabcontent .ult_tab_min_contain  p'  data-responsive-json-new='{\"font-size\":\"\",\"line-height\":\"\"}' class=\"ult_tabcontent ult-responsive style1\" style=\"color:#74777b;\"><div class=\"ult_tab_min_contain \" >\n\t\t\t<div  class=\"ult_tabitemname\"  >\n\t\t\t\t[vc_column_text]<\/p>\n<p>Teenus sisaldab k\u00f5iki vajalikke dokumente ja protseduure, et tagada Soome ettev\u00f5tte osade seadusekohane m\u00fc\u00fck. Juhul, kui m\u00fc\u00fcgi tagaj\u00e4rjel muutub ettev\u00f5tte tegelik kasusaaja, saame aidata konultatsiooniga ning esitada Sinu eest vajaliku teavituse \u00e4riregistrisse.<strong>\u00a0\u00a0\u00a0\u00a0\u00a0\u00a0\u00a0\u00a0\u00a0\u00a0\u00a0\u00a0\u00a0\u00a0\u00a0\u00a0\u00a0\u00a0\u00a0\u00a0\u00a0\u00a0\u00a0\u00a0\u00a0\u00a0\u00a0\u00a0\u00a0\u00a0\u00a0\u00a0\u00a0\u00a0\u00a0\u00a0\u00a0\u00a0\u00a0\u00a0\u00a0\u00a0\u00a0\u00a0\u00a0\u00a0\u00a0\u00a0\u00a0\u00a0\u00a0\u00a0\u00a0\u00a0\u00a0\u00a0\u00a0\u00a0\u00a0\u00a0\u00a0\u00a0\u00a0\u00a0\u00a0\u00a0\u00a0\u00a0\u00a0\u00a0\u00a0\u00a0\u00a0\u00a0\u00a0\u00a0\u00a0\u00a0\u00a0\u00a0\u00a0\u00a0\u00a0\u00a0\u00a0\u00a0\u00a0\u00a0\u00a0\u00a0\u00a0\u00a0\u00a0\u00a0\u00a0\u00a0\u00a0\u00a0\u00a0\u00a0\u00a0\u00a0\u00a0\u00a0\u00a0\u00a0\u00a0\u00a0\u00a0\u00a0\u00a0\u00a0\u00a0\u00a0\u00a0\u00a0\u00a0\u00a0\u00a0\u00a0\u00a0\u00a0\u00a0\u00a0\u00a0\u00a0\u00a0\u00a0\u00a0\u00a0\u00a0\u00a0\u00a0\u00a0\u00a0 <\/strong><\/p>\n<p>&nbsp;<\/p>\n<p><strong>Hinnas sisaldub:<\/strong><\/p>\n<ul>\n<li>Osanike nimekirja koostamine enne m\u00fc\u00fcki<\/li>\n<li>Osade m\u00fc\u00fcgi lepingu koostamine<\/li>\n<li>M\u00fc\u00fcgij\u00e4rgse osanike nimekirja koostamine<\/li>\n<li>Ettev\u00f5tte registri v\u00e4ljav\u00f5tte koopia<\/li>\n<li>Tegeliku kasusaaja registreerimine \u00e4riregistris<\/li>\n<li>Suhtlus ametiasutustega<\/li>\n<\/ul>\n<p><strong>\u00a0<\/strong><\/p>\n<p><strong>Oluline informatsioon:<\/strong><\/p>\n<ul>\n<li>M\u00fc\u00fcja on kohustatud esitama kohalikule maksuametle vajalikud deklaratsioonid ja maksma \u00fclekande maksu.<\/li>\n<li>Soomes ei avaldata osade omandiinfot ettev\u00f5tte juhatusele. Seega on oluline juhatust osade m\u00fc\u00fcgist teavitada.<\/li>\n<li>Muudatused ettev\u00f5tte andmetes v\u00f5i juhatuses tuleb kinnitada koosoleku protokollis.<\/li>\n<\/ul>\n<p><strong>\u00a0<\/strong><\/p>\n<p><strong>Saadaval lisatasu eest:<\/strong><\/p>\n<ul>\n<li><a href=\"https:\/\/1office.co\/finland\/et\/toode\/ettevotte-andmete-muutmine-soome-ariregistris\/\">Ettev\u00f5tte andmete muutmine Soome \u00e4riregistris<\/a><\/li>\n<li><a href=\"https:\/\/1office.co\/finland\/et\/toode\/juhatuse-koosoleku-protokoll\/\">Juhatuse koosoleku protokoll<\/a><\/li>\n<\/ul>\n<p>[\/vc_column_text]\n\t\t\t<\/div><\/div><\/div><\/div><div class=\"ult_acord advanced-tabs-desc-wrap-8138\">\n   <div class=\"ult-tabto-accordion \" style=\"width:;\"\n    data-titlecolor=\"#b6b8ba\"  data-titlebg=\"#ffffff\"\n     data-titlehoverbg=\"#ffffff\" data-titlehovercolor=\"#1d1e23\" data-animation=\"Slide\"\n     data-activetitle=\"#1d1e23\" data-activeicon=\"\" data-activebg=\"#ffffff\" data-scroll = \"on\" data-activeindex=\"1\" >\n     <dl><dt class=\"\">\n\t        \t<a class=\"ult-tabto-actitle withBorder ult_a \" id=\"1512642751410-8cbfe-4c64\" style=\"color:#b6b8ba;;background-color:#ffffff;border-bottom-color:transparent;border-bottom-width:0px;border-bottom-style:solid;\" href=\"#1512642751410-8cbfe-4c64\">\n\t        \t\t<i class=\"accordion-icon\"><\/i>\n\t        \t\t\t<span class=\"ult_tab_main ult_ac_main ult_noacordicnBoth\">\n\n\t\t\t\t\t\t<span  data-ultimate-target='#advanced-tabs-wrap-6309 .ult-span-text'  data-responsive-json-new='{\"font-size\":\"desktop:14px;\",\"line-height\":\"\"}'  class=\"ult-span-text no_icon ult_acordian-text ult-responsive\" style=\"font-weight:bold;;color:inherit \" >Kirjeldus<\/span>\n\t\t\t\t\t\t<\/span><\/a><\/dt>\n\t            \t\t<dd class=\"ult-tabto-accordionItem ult-tabto-accolapsed\">\n\t\t\t\t            <div class=\"ult-tabto-acontent\" style=\"color:#74777b;\">\n\t\t\t\t               [vc_column_text]<\/p>\n<p>Teenus sisaldab k\u00f5iki vajalikke dokumente ja protseduure, et tagada Soome ettev\u00f5tte osade seadusekohane m\u00fc\u00fck. Juhul, kui m\u00fc\u00fcgi tagaj\u00e4rjel muutub ettev\u00f5tte tegelik kasusaaja, saame aidata konultatsiooniga ning esitada Sinu eest vajaliku teavituse \u00e4riregistrisse.<strong>\u00a0\u00a0\u00a0\u00a0\u00a0\u00a0\u00a0\u00a0\u00a0\u00a0\u00a0\u00a0\u00a0\u00a0\u00a0\u00a0\u00a0\u00a0\u00a0\u00a0\u00a0\u00a0\u00a0\u00a0\u00a0\u00a0\u00a0\u00a0\u00a0\u00a0\u00a0\u00a0\u00a0\u00a0\u00a0\u00a0\u00a0\u00a0\u00a0\u00a0\u00a0\u00a0\u00a0\u00a0\u00a0\u00a0\u00a0\u00a0\u00a0\u00a0\u00a0\u00a0\u00a0\u00a0\u00a0\u00a0\u00a0\u00a0\u00a0\u00a0\u00a0\u00a0\u00a0\u00a0\u00a0\u00a0\u00a0\u00a0\u00a0\u00a0\u00a0\u00a0\u00a0\u00a0\u00a0\u00a0\u00a0\u00a0\u00a0\u00a0\u00a0\u00a0\u00a0\u00a0\u00a0\u00a0\u00a0\u00a0\u00a0\u00a0\u00a0\u00a0\u00a0\u00a0\u00a0\u00a0\u00a0\u00a0\u00a0\u00a0\u00a0\u00a0\u00a0\u00a0\u00a0\u00a0\u00a0\u00a0\u00a0\u00a0\u00a0\u00a0\u00a0\u00a0\u00a0\u00a0\u00a0\u00a0\u00a0\u00a0\u00a0\u00a0\u00a0\u00a0\u00a0\u00a0\u00a0\u00a0\u00a0\u00a0\u00a0\u00a0\u00a0\u00a0\u00a0 <\/strong><\/p>\n<p>&nbsp;<\/p>\n<p><strong>Hinnas sisaldub:<\/strong><\/p>\n<ul>\n<li>Osanike nimekirja koostamine enne m\u00fc\u00fcki<\/li>\n<li>Osade m\u00fc\u00fcgi lepingu koostamine<\/li>\n<li>M\u00fc\u00fcgij\u00e4rgse osanike nimekirja koostamine<\/li>\n<li>Ettev\u00f5tte registri v\u00e4ljav\u00f5tte koopia<\/li>\n<li>Tegeliku kasusaaja registreerimine \u00e4riregistris<\/li>\n<li>Suhtlus ametiasutustega<\/li>\n<\/ul>\n<p><strong>\u00a0<\/strong><\/p>\n<p><strong>Oluline informatsioon:<\/strong><\/p>\n<ul>\n<li>M\u00fc\u00fcja on kohustatud esitama kohalikule maksuametle vajalikud deklaratsioonid ja maksma \u00fclekande maksu.<\/li>\n<li>Soomes ei avaldata osade omandiinfot ettev\u00f5tte juhatusele. Seega on oluline juhatust osade m\u00fc\u00fcgist teavitada.<\/li>\n<li>Muudatused ettev\u00f5tte andmetes v\u00f5i juhatuses tuleb kinnitada koosoleku protokollis.<\/li>\n<\/ul>\n<p><strong>\u00a0<\/strong><\/p>\n<p><strong>Saadaval lisatasu eest:<\/strong><\/p>\n<ul>\n<li><a href=\"https:\/\/1office.co\/finland\/et\/toode\/ettevotte-andmete-muutmine-soome-ariregistris\/\">Ettev\u00f5tte andmete muutmine Soome \u00e4riregistris<\/a><\/li>\n<li><a href=\"https:\/\/1office.co\/finland\/et\/toode\/juhatuse-koosoleku-protokoll\/\">Juhatuse koosoleku protokoll<\/a><\/li>\n<\/ul>\n<p>[\/vc_column_text]\n\t\t\t\t            <\/div>\n\t        \t\t\t<\/dd>\n    \t<\/dl>\n    <!--<div class=\"extraborder\" style=\"background-color:#ffffff\"><\/div>-->\n<\/div>\n\n<\/div>[\/vc_column][\/vc_row]<\/p>\n<\/div>","protected":false},"excerpt":{"rendered":"<p>Aitame Sind Soome ettev\u00f5tte osade m\u00fc\u00fcgiga. Koostame ja esitame n\u00f5uetekohaselt k\u00f5ik vajalikud dokumendid, et protsess kulgeks v\u00f5imalikult efektiivselt.<\/p>\n","protected":false},"featured_media":59945,"template":"","meta":{"_acf_changed":false,"inline_featured_image":false},"product_brand":[],"product_cat":[309],"product_tag":[312],"class_list":{"0":"post-59942","1":"product","2":"type-product","3":"status-publish","4":"has-post-thumbnail","6":"product_cat-juriidilised-teenused","7":"product_tag-soome","8":"description-off","10":"first","11":"instock","12":"virtual","13":"taxable","14":"purchasable","15":"product-type-simple"},"bundled_by":[],"bundle_stock_status":"instock","bundle_stock_quantity":null,"bundle_virtual":false,"bundle_layout":"","bundle_add_to_cart_form_location":"","bundle_editable_in_cart":false,"bundle_sold_individually_context":"","bundle_item_grouping":"","bundle_min_size":"","bundle_max_size":"","bundle_price":[],"bundled_items":[],"bundle_sell_ids":[],"acf":[],"yoast_head":"<!-- This site is optimized with the Yoast SEO Premium plugin v22.1 (Yoast SEO v27.0) - https:\/\/yoast.com\/product\/yoast-seo-premium-wordpress\/ -->\n<title>Osakute m\u00fc\u00fck | 1Office Finland<\/title>\n<meta name=\"description\" content=\"Aitame Sind Soome ettev\u00f5tte osade m\u00fc\u00fcgiga. Koostame ja esitame n\u00f5uetekohaselt k\u00f5ik vajalikud dokumendid, et protsess kulgeks v\u00f5imalikult efektiivselt.\" \/>\n<meta name=\"robots\" content=\"index, follow, max-snippet:-1, max-image-preview:large, max-video-preview:-1\" \/>\n<link rel=\"canonical\" href=\"https:\/\/1office.co\/finland\/et\/toode\/osade-muuk\/\" \/>\n<meta property=\"og:locale\" content=\"et_EE\" \/>\n<meta property=\"og:type\" content=\"article\" \/>\n<meta property=\"og:title\" content=\"Osakute m\u00fc\u00fck\" \/>\n<meta property=\"og:description\" content=\"Aitame Sind Soome ettev\u00f5tte osade m\u00fc\u00fcgiga. Koostame ja esitame n\u00f5uetekohaselt k\u00f5ik vajalikud dokumendid, et protsess kulgeks v\u00f5imalikult efektiivselt.\" \/>\n<meta property=\"og:url\" content=\"https:\/\/1office.co\/finland\/et\/toode\/osade-muuk\/\" \/>\n<meta property=\"og:site_name\" content=\"1Office Finland\" \/>\n<meta property=\"article:modified_time\" content=\"2023-01-17T13:58:46+00:00\" \/>\n<meta property=\"og:image\" content=\"https:\/\/1office.co\/finland\/wp-content\/uploads\/sites\/10\/2021\/09\/burst-kUqqaRjJuw0-unsplash-1.jpg\" \/>\n\t<meta property=\"og:image:width\" content=\"2400\" \/>\n\t<meta property=\"og:image:height\" content=\"1600\" \/>\n\t<meta property=\"og:image:type\" content=\"image\/jpeg\" \/>\n<meta name=\"twitter:card\" content=\"summary_large_image\" \/>\n<meta name=\"twitter:label1\" content=\"Est. reading time\" \/>\n\t<meta name=\"twitter:data1\" content=\"1 minut\" \/>\n<script type=\"application\/ld+json\" class=\"yoast-schema-graph\">{\"@context\":\"https:\/\/schema.org\",\"@graph\":[{\"@type\":\"WebPage\",\"@id\":\"https:\/\/1office.co\/finland\/et\/toode\/osade-muuk\/\",\"url\":\"https:\/\/1office.co\/finland\/et\/toode\/osade-muuk\/\",\"name\":\"Osakute m\u00fc\u00fck | 1Office Finland\",\"isPartOf\":{\"@id\":\"https:\/\/1office.co\/finland\/fi\/#website\"},\"primaryImageOfPage\":{\"@id\":\"https:\/\/1office.co\/finland\/et\/toode\/osade-muuk\/#primaryimage\"},\"image\":{\"@id\":\"https:\/\/1office.co\/finland\/et\/toode\/osade-muuk\/#primaryimage\"},\"thumbnailUrl\":\"https:\/\/1office.co\/finland\/wp-content\/uploads\/sites\/10\/2021\/09\/burst-kUqqaRjJuw0-unsplash-1.jpg\",\"datePublished\":\"2021-09-16T08:27:03+00:00\",\"dateModified\":\"2023-01-17T13:58:46+00:00\",\"description\":\"Aitame Sind Soome ettev\u00f5tte osade m\u00fc\u00fcgiga. Koostame ja esitame n\u00f5uetekohaselt k\u00f5ik vajalikud dokumendid, et protsess kulgeks v\u00f5imalikult efektiivselt.\",\"breadcrumb\":{\"@id\":\"https:\/\/1office.co\/finland\/et\/toode\/osade-muuk\/#breadcrumb\"},\"inLanguage\":\"et\",\"potentialAction\":[{\"@type\":\"ReadAction\",\"target\":[\"https:\/\/1office.co\/finland\/et\/toode\/osade-muuk\/\"]}]},{\"@type\":\"ImageObject\",\"inLanguage\":\"et\",\"@id\":\"https:\/\/1office.co\/finland\/et\/toode\/osade-muuk\/#primaryimage\",\"url\":\"https:\/\/1office.co\/finland\/wp-content\/uploads\/sites\/10\/2021\/09\/burst-kUqqaRjJuw0-unsplash-1.jpg\",\"contentUrl\":\"https:\/\/1office.co\/finland\/wp-content\/uploads\/sites\/10\/2021\/09\/burst-kUqqaRjJuw0-unsplash-1.jpg\",\"width\":2400,\"height\":1600,\"caption\":\"Share sale\"},{\"@type\":\"BreadcrumbList\",\"@id\":\"https:\/\/1office.co\/finland\/et\/toode\/osade-muuk\/#breadcrumb\",\"itemListElement\":[{\"@type\":\"ListItem\",\"position\":1,\"name\":\"Home\",\"item\":\"https:\/\/1office.co\/finland\/et\/\"},{\"@type\":\"ListItem\",\"position\":2,\"name\":\"Services Shop\",\"item\":\"https:\/\/1office.co\/finland\/services-shop\/\"},{\"@type\":\"ListItem\",\"position\":3,\"name\":\"Osakute m\u00fc\u00fck\"}]},{\"@type\":\"WebSite\",\"@id\":\"https:\/\/1office.co\/finland\/fi\/#website\",\"url\":\"https:\/\/1office.co\/finland\/fi\/\",\"name\":\"1Office Finland\",\"description\":\"Making Business Simple\",\"potentialAction\":[{\"@type\":\"SearchAction\",\"target\":{\"@type\":\"EntryPoint\",\"urlTemplate\":\"https:\/\/1office.co\/finland\/fi\/?s={search_term_string}\"},\"query-input\":{\"@type\":\"PropertyValueSpecification\",\"valueRequired\":true,\"valueName\":\"search_term_string\"}}],\"inLanguage\":\"et\"}]}<\/script>\n<!-- \/ Yoast SEO Premium plugin. -->","yoast_head_json":{"title":"Osakute m\u00fc\u00fck | 1Office Finland","description":"Aitame Sind Soome ettev\u00f5tte osade m\u00fc\u00fcgiga. Koostame ja esitame n\u00f5uetekohaselt k\u00f5ik vajalikud dokumendid, et protsess kulgeks v\u00f5imalikult efektiivselt.","robots":{"index":"index","follow":"follow","max-snippet":"max-snippet:-1","max-image-preview":"max-image-preview:large","max-video-preview":"max-video-preview:-1"},"canonical":"https:\/\/1office.co\/finland\/et\/toode\/osade-muuk\/","og_locale":"et_EE","og_type":"article","og_title":"Osakute m\u00fc\u00fck","og_description":"Aitame Sind Soome ettev\u00f5tte osade m\u00fc\u00fcgiga. Koostame ja esitame n\u00f5uetekohaselt k\u00f5ik vajalikud dokumendid, et protsess kulgeks v\u00f5imalikult efektiivselt.","og_url":"https:\/\/1office.co\/finland\/et\/toode\/osade-muuk\/","og_site_name":"1Office Finland","article_modified_time":"2023-01-17T13:58:46+00:00","og_image":[{"width":2400,"height":1600,"url":"https:\/\/1office.co\/finland\/wp-content\/uploads\/sites\/10\/2021\/09\/burst-kUqqaRjJuw0-unsplash-1.jpg","type":"image\/jpeg"}],"twitter_card":"summary_large_image","twitter_misc":{"Est. reading time":"1 minut"},"schema":{"@context":"https:\/\/schema.org","@graph":[{"@type":"WebPage","@id":"https:\/\/1office.co\/finland\/et\/toode\/osade-muuk\/","url":"https:\/\/1office.co\/finland\/et\/toode\/osade-muuk\/","name":"Osakute m\u00fc\u00fck | 1Office Finland","isPartOf":{"@id":"https:\/\/1office.co\/finland\/fi\/#website"},"primaryImageOfPage":{"@id":"https:\/\/1office.co\/finland\/et\/toode\/osade-muuk\/#primaryimage"},"image":{"@id":"https:\/\/1office.co\/finland\/et\/toode\/osade-muuk\/#primaryimage"},"thumbnailUrl":"https:\/\/1office.co\/finland\/wp-content\/uploads\/sites\/10\/2021\/09\/burst-kUqqaRjJuw0-unsplash-1.jpg","datePublished":"2021-09-16T08:27:03+00:00","dateModified":"2023-01-17T13:58:46+00:00","description":"Aitame Sind Soome ettev\u00f5tte osade m\u00fc\u00fcgiga. Koostame ja esitame n\u00f5uetekohaselt k\u00f5ik vajalikud dokumendid, et protsess kulgeks v\u00f5imalikult efektiivselt.","breadcrumb":{"@id":"https:\/\/1office.co\/finland\/et\/toode\/osade-muuk\/#breadcrumb"},"inLanguage":"et","potentialAction":[{"@type":"ReadAction","target":["https:\/\/1office.co\/finland\/et\/toode\/osade-muuk\/"]}]},{"@type":"ImageObject","inLanguage":"et","@id":"https:\/\/1office.co\/finland\/et\/toode\/osade-muuk\/#primaryimage","url":"https:\/\/1office.co\/finland\/wp-content\/uploads\/sites\/10\/2021\/09\/burst-kUqqaRjJuw0-unsplash-1.jpg","contentUrl":"https:\/\/1office.co\/finland\/wp-content\/uploads\/sites\/10\/2021\/09\/burst-kUqqaRjJuw0-unsplash-1.jpg","width":2400,"height":1600,"caption":"Share sale"},{"@type":"BreadcrumbList","@id":"https:\/\/1office.co\/finland\/et\/toode\/osade-muuk\/#breadcrumb","itemListElement":[{"@type":"ListItem","position":1,"name":"Home","item":"https:\/\/1office.co\/finland\/et\/"},{"@type":"ListItem","position":2,"name":"Services Shop","item":"https:\/\/1office.co\/finland\/services-shop\/"},{"@type":"ListItem","position":3,"name":"Osakute m\u00fc\u00fck"}]},{"@type":"WebSite","@id":"https:\/\/1office.co\/finland\/fi\/#website","url":"https:\/\/1office.co\/finland\/fi\/","name":"1Office Finland","description":"Making Business Simple","potentialAction":[{"@type":"SearchAction","target":{"@type":"EntryPoint","urlTemplate":"https:\/\/1office.co\/finland\/fi\/?s={search_term_string}"},"query-input":{"@type":"PropertyValueSpecification","valueRequired":true,"valueName":"search_term_string"}}],"inLanguage":"et"}]}},"_links":{"self":[{"href":"https:\/\/1office.co\/finland\/et\/wp-json\/wp\/v2\/product\/59942","targetHints":{"allow":["GET"]}}],"collection":[{"href":"https:\/\/1office.co\/finland\/et\/wp-json\/wp\/v2\/product"}],"about":[{"href":"https:\/\/1office.co\/finland\/et\/wp-json\/wp\/v2\/types\/product"}],"wp:featuredmedia":[{"embeddable":true,"href":"https:\/\/1office.co\/finland\/et\/wp-json\/wp\/v2\/media\/59945"}],"wp:attachment":[{"href":"https:\/\/1office.co\/finland\/et\/wp-json\/wp\/v2\/media?parent=59942"}],"wp:term":[{"taxonomy":"product_brand","embeddable":true,"href":"https:\/\/1office.co\/finland\/et\/wp-json\/wp\/v2\/product_brand?post=59942"},{"taxonomy":"product_cat","embeddable":true,"href":"https:\/\/1office.co\/finland\/et\/wp-json\/wp\/v2\/product_cat?post=59942"},{"taxonomy":"product_tag","embeddable":true,"href":"https:\/\/1office.co\/finland\/et\/wp-json\/wp\/v2\/product_tag?post=59942"}],"curies":[{"name":"wp","href":"https:\/\/api.w.org\/{rel}","templated":true}]}}