{"id":59975,"date":"2021-09-16T11:03:00","date_gmt":"2021-09-16T11:03:00","guid":{"rendered":"https:\/\/1office.co\/finland\/?post_type=product&#038;p=59975"},"modified":"2026-01-13T07:46:06","modified_gmt":"2026-01-13T07:46:06","slug":"tutarettevotte-asutamine-soomes","status":"publish","type":"product","link":"https:\/\/1office.co\/finland\/et\/toode\/tutarettevotte-asutamine-soomes\/","title":{"rendered":"Filiaali registreerimine"},"content":{"rendered":"<div class=\"wpb-content-wrapper\"><p>[vc_row][vc_column]<div id=\"advanced-tabs-desc-wrap-2142\" class=\"ult_tabs product_tabs\" style=\" \" data-tabsstyle=\"style1\"\n data-titlebg=\"#ffffff\" data-titlecolor=\"#b6b8ba\" data-fullheight=\"off\"\n data-titlehoverbg=\"#ffffff\" data-titlehovercolor=\"#1d1e23\"\n data-rotatetabs=\"0\" data-responsivemode=\"Both\" data-animation=\"Slide\"\ndata-activetitle=\"#1d1e23\" data-activeicon=\"\" data-activebg=\"#ffffff\"  data-respmode=\"Tabs\" data-respwidth=\"400\" data-scroll = \"on\" data-activeindex=\"1\"><ul id=advanced-tabs-wrap-9981 class=\"ult_tabmenu style1 \" style=\"\"><li class=\"ult_tab_li  \" data-iconcolor=\"#74777b\" data-iconhover=\"#ffffff\" style=\"background-color:#ffffff;border-color:transparent;border-width:0px;border-style:solid;border-top-right-radius:8px;\">\n\t\t\t\t\t<a href=\"#1512642751410-8cbfe-4c64\"  id=\"1512642751410-8cbfe-4c64\"  style=\"color:#b6b8ba;; padding:15px; \" class=\"ult_a  \">\n\t\t\t\t\t     <span class=\"ult_tab_main Both \">\n\t\t\t\t\t \t\t <span class=\"ult_tab_section\">\n\t\t\t\t\t   \t\t\t<span  data-ultimate-target='#advanced-tabs-wrap-9981 .ult-span-text'  data-responsive-json-new='{\"font-size\":\"desktop:14px;\",\"line-height\":\"\"}'  class=\"ult-span-text no_icon ult_tab_display_text ult-responsive\" style=\"font-weight:bold;;\">Kirjeldus<\/span>\n\t\t\t\t\t   \t\t<\/span>\n\t\t\t\t\t\t<\/span>\n\t\t\t\t\t<\/a>\n\t\t\t\t\t<\/li><\/ul><div  data-ultimate-target='#advanced-tabs-desc-wrap-2142 .ult_tabcontent .ult_tab_min_contain  p'  data-responsive-json-new='{\"font-size\":\"\",\"line-height\":\"\"}' class=\"ult_tabcontent ult-responsive style1\" style=\"color:#74777b;\"><div class=\"ult_tab_min_contain \" >\n\t\t\t<div  class=\"ult_tabitemname\"  >\n\t\t\t\t[vc_column_text css=&#8221;&#8221;]Filiaal on eraldiseisev all\u00fcksus, mis ei ole eraldi juriidiline isik. Filiaali registreerimine registreeritakse \u00e4riregistris 6-8 n\u00e4dalat. Filiaali registreerimiseks on vajalik \u00e4riaadress Soomes, mida on v\u00f5imalik tellida <a href=\"https:\/\/1office.co\/finland\/et\/toode\/ariaadress-helsingi-kesklinnas\/\">siit<\/a>. V\u00e4lismaa \u00e4ri\u00fching peab m\u00e4\u00e4rama filiaalile eraldi esindaja.<span class=\"Apple-converted-space\">\u00a0<\/span><\/p>\n<p>&nbsp;<\/p>\n<h2>Filiaali registreerimine Soomes sisaldab:<\/h2>\n<ul>\n<li>Filiaali registreerimine ja t\u00e4ielik meiepoolne tugi<\/li>\n<li>Filiaali registreerimise dokumentide koostamine<\/li>\n<li>Suhtlus \u00e4riregistriga<\/li>\n<\/ul>\n<p><strong>\u00a0<\/strong><\/p>\n<h2>Oluline informatsioon:<\/h2>\n<ul>\n<li>Sobib v\u00e4lismaisele ettev\u00f6ttele, mis registreeritud EEA piirkonnas<\/li>\n<li>Filiaalile tuleb m\u00e4\u00e4rata esindaja v\u00f6i esindajad, kes oleks EEA residentsusega.<\/li>\n<li>Juhul kui esindajaks m\u00e4\u00e4ratud isik ei ela Euroopa Majanduspiirkonnas, on v\u00f5imalus taotleda \u00e4riregistrist eriluba.<\/li>\n<li>Ettev\u00f5tte p\u00f5hikiri ja registriv\u00e4ljav\u00f5te peab olema t\u00f5lgitud Soome v\u00f5i Rootsi keelede.<\/li>\n<li>Filiaali raamatupidamist tuleb korraldada vastavalt Soome raamatupidamise seaduse n\u00f5uetele ja tavadele. Kui vajad sellega abi, uuri l\u00e4hemalt meie raamatupidamisteenuse kohta.<\/li>\n<li>Soomes on \u00e4ritegevuse alustamiseks vajalik maksuregistreeringute taotlemine.<\/li>\n<li><strong>Riigil\u00f5iv summas \u20ac400 eurot tuleb tasuda eraldi<\/strong><\/li>\n<\/ul>\n<p>&nbsp;<\/p>\n<h2>Saadaval lisatasu eest:<\/h2>\n<ul>\n<li><a href=\"https:\/\/1office.co\/finland\/et\/toode\/konsultatsioon-ari-alustamine-soomes\/\">Soome ettev\u00f5tte asutamise konsultatsioon<\/a><\/li>\n<li><a href=\"https:\/\/1office.co\/finland\/et\/toode\/ariaadress-helsingi-kesklinnas\/\">\u00c4riaadress<\/a><\/li>\n<li><a href=\"https:\/\/1office.co\/finland\/et\/toode\/maksuregistreeringud-valismaisele-ettevottele\/\">Maksuregistreeringud<\/a><\/li>\n<li><a href=\"https:\/\/1office.co\/finland\/et\/toode\/raamatupidamise-teenuse-alustustasu\/\">Raamatupidamisteenus<\/a><\/li>\n<li>Kindlustus<\/li>\n<li>Pangakonto v\u00f5imalused<\/li>\n<li>T\u00f5lketeenused<\/li>\n<\/ul>\n<p>[\/vc_column_text]\n\t\t\t<\/div><\/div><\/div><\/div><div class=\"ult_acord advanced-tabs-desc-wrap-2142\">\n   <div class=\"ult-tabto-accordion \" style=\"width:;\"\n    data-titlecolor=\"#b6b8ba\"  data-titlebg=\"#ffffff\"\n     data-titlehoverbg=\"#ffffff\" data-titlehovercolor=\"#1d1e23\" data-animation=\"Slide\"\n     data-activetitle=\"#1d1e23\" data-activeicon=\"\" data-activebg=\"#ffffff\" data-scroll = \"on\" data-activeindex=\"1\" >\n     <dl><dt class=\"\">\n\t        \t<a class=\"ult-tabto-actitle withBorder ult_a \" id=\"1512642751410-8cbfe-4c64\" style=\"color:#b6b8ba;;background-color:#ffffff;border-bottom-color:transparent;border-bottom-width:0px;border-bottom-style:solid;\" href=\"#1512642751410-8cbfe-4c64\">\n\t        \t\t<i class=\"accordion-icon\"><\/i>\n\t        \t\t\t<span class=\"ult_tab_main ult_ac_main ult_noacordicnBoth\">\n\n\t\t\t\t\t\t<span  data-ultimate-target='#advanced-tabs-wrap-9981 .ult-span-text'  data-responsive-json-new='{\"font-size\":\"desktop:14px;\",\"line-height\":\"\"}'  class=\"ult-span-text no_icon ult_acordian-text ult-responsive\" style=\"font-weight:bold;;color:inherit \" >Kirjeldus<\/span>\n\t\t\t\t\t\t<\/span><\/a><\/dt>\n\t            \t\t<dd class=\"ult-tabto-accordionItem ult-tabto-accolapsed\">\n\t\t\t\t            <div class=\"ult-tabto-acontent\" style=\"color:#74777b;\">\n\t\t\t\t               [vc_column_text css=&#8221;&#8221;]Filiaal on eraldiseisev all\u00fcksus, mis ei ole eraldi juriidiline isik. Filiaali registreerimine registreeritakse \u00e4riregistris 6-8 n\u00e4dalat. Filiaali registreerimiseks on vajalik \u00e4riaadress Soomes, mida on v\u00f5imalik tellida <a href=\"https:\/\/1office.co\/finland\/et\/toode\/ariaadress-helsingi-kesklinnas\/\">siit<\/a>. V\u00e4lismaa \u00e4ri\u00fching peab m\u00e4\u00e4rama filiaalile eraldi esindaja.<span class=\"Apple-converted-space\">\u00a0<\/span><\/p>\n<p>&nbsp;<\/p>\n<h2>Filiaali registreerimine Soomes sisaldab:<\/h2>\n<ul>\n<li>Filiaali registreerimine ja t\u00e4ielik meiepoolne tugi<\/li>\n<li>Filiaali registreerimise dokumentide koostamine<\/li>\n<li>Suhtlus \u00e4riregistriga<\/li>\n<\/ul>\n<p><strong>\u00a0<\/strong><\/p>\n<h2>Oluline informatsioon:<\/h2>\n<ul>\n<li>Sobib v\u00e4lismaisele ettev\u00f6ttele, mis registreeritud EEA piirkonnas<\/li>\n<li>Filiaalile tuleb m\u00e4\u00e4rata esindaja v\u00f6i esindajad, kes oleks EEA residentsusega.<\/li>\n<li>Juhul kui esindajaks m\u00e4\u00e4ratud isik ei ela Euroopa Majanduspiirkonnas, on v\u00f5imalus taotleda \u00e4riregistrist eriluba.<\/li>\n<li>Ettev\u00f5tte p\u00f5hikiri ja registriv\u00e4ljav\u00f5te peab olema t\u00f5lgitud Soome v\u00f5i Rootsi keelede.<\/li>\n<li>Filiaali raamatupidamist tuleb korraldada vastavalt Soome raamatupidamise seaduse n\u00f5uetele ja tavadele. Kui vajad sellega abi, uuri l\u00e4hemalt meie raamatupidamisteenuse kohta.<\/li>\n<li>Soomes on \u00e4ritegevuse alustamiseks vajalik maksuregistreeringute taotlemine.<\/li>\n<li><strong>Riigil\u00f5iv summas \u20ac400 eurot tuleb tasuda eraldi<\/strong><\/li>\n<\/ul>\n<p>&nbsp;<\/p>\n<h2>Saadaval lisatasu eest:<\/h2>\n<ul>\n<li><a href=\"https:\/\/1office.co\/finland\/et\/toode\/konsultatsioon-ari-alustamine-soomes\/\">Soome ettev\u00f5tte asutamise konsultatsioon<\/a><\/li>\n<li><a href=\"https:\/\/1office.co\/finland\/et\/toode\/ariaadress-helsingi-kesklinnas\/\">\u00c4riaadress<\/a><\/li>\n<li><a href=\"https:\/\/1office.co\/finland\/et\/toode\/maksuregistreeringud-valismaisele-ettevottele\/\">Maksuregistreeringud<\/a><\/li>\n<li><a href=\"https:\/\/1office.co\/finland\/et\/toode\/raamatupidamise-teenuse-alustustasu\/\">Raamatupidamisteenus<\/a><\/li>\n<li>Kindlustus<\/li>\n<li>Pangakonto v\u00f5imalused<\/li>\n<li>T\u00f5lketeenused<\/li>\n<\/ul>\n<p>[\/vc_column_text]\n\t\t\t\t            <\/div>\n\t        \t\t\t<\/dd>\n    \t<\/dl>\n    <!--<div class=\"extraborder\" style=\"background-color:#ffffff\"><\/div>-->\n<\/div>\n\n<\/div>[\/vc_column][\/vc_row]<\/p>\n<\/div>","protected":false},"excerpt":{"rendered":"<p>Filiaali registreerimine on paindlik v\u00f5imalus v\u00e4lismaa ettev\u00f5tetele, kes soovivad Soomes tegutseda p\u00fcsivalt ja pikemaajaliselt.<\/p>\n","protected":false},"featured_media":59978,"template":"","meta":{"_acf_changed":false,"inline_featured_image":false},"product_brand":[],"product_cat":[308],"product_tag":[312],"class_list":{"0":"post-59975","1":"product","2":"type-product","3":"status-publish","4":"has-post-thumbnail","6":"product_cat-ettevotte-alustamine","7":"product_tag-soome","8":"description-off","10":"first","11":"instock","12":"virtual","13":"taxable","14":"purchasable","15":"product-type-simple"},"bundled_by":[],"bundle_stock_status":"instock","bundle_stock_quantity":null,"bundle_virtual":false,"bundle_layout":"","bundle_add_to_cart_form_location":"","bundle_editable_in_cart":false,"bundle_sold_individually_context":"","bundle_item_grouping":"","bundle_min_size":"","bundle_max_size":"","bundle_price":[],"bundled_items":[],"bundle_sell_ids":[],"acf":[],"yoast_head":"<!-- This site is optimized with the Yoast SEO Premium plugin v22.1 (Yoast SEO v27.0) - https:\/\/yoast.com\/product\/yoast-seo-premium-wordpress\/ -->\n<title>Filiaali registreerimine Soomes | 1Office<\/title>\n<meta name=\"description\" content=\"Rahvusvahelise kogemusega tiim asutab Sinu filiaali Soomes kodust lahkumata \u00fche v\u00f5i mitme asutajaga. V\u00f5ta meiega \u00fchendust ja uuri l\u00e4hemalt!\" \/>\n<meta name=\"robots\" content=\"index, follow, max-snippet:-1, max-image-preview:large, max-video-preview:-1\" \/>\n<link rel=\"canonical\" href=\"https:\/\/1office.co\/finland\/et\/toode\/tutarettevotte-asutamine-soomes\/\" \/>\n<meta property=\"og:locale\" content=\"et_EE\" \/>\n<meta property=\"og:type\" content=\"article\" \/>\n<meta property=\"og:title\" content=\"Filiaali registreerimine\" \/>\n<meta property=\"og:description\" content=\"Rahvusvahelise kogemusega tiim asutab Sinu filiaali Soomes kodust lahkumata \u00fche v\u00f5i mitme asutajaga. V\u00f5ta meiega \u00fchendust ja uuri l\u00e4hemalt!\" \/>\n<meta property=\"og:url\" content=\"https:\/\/1office.co\/finland\/et\/toode\/tutarettevotte-asutamine-soomes\/\" \/>\n<meta property=\"og:site_name\" content=\"1Office Finland\" \/>\n<meta property=\"article:modified_time\" content=\"2026-01-13T07:46:06+00:00\" \/>\n<meta property=\"og:image\" content=\"https:\/\/1office.co\/finland\/wp-content\/uploads\/sites\/10\/2021\/09\/tyler-franta-iusJ25iYu1c-unsplash-1.jpg\" \/>\n\t<meta property=\"og:image:width\" content=\"1920\" \/>\n\t<meta property=\"og:image:height\" content=\"1282\" \/>\n\t<meta property=\"og:image:type\" content=\"image\/jpeg\" \/>\n<meta name=\"twitter:card\" content=\"summary_large_image\" \/>\n<meta name=\"twitter:label1\" content=\"Est. reading time\" \/>\n\t<meta name=\"twitter:data1\" content=\"1 minut\" \/>\n<script type=\"application\/ld+json\" class=\"yoast-schema-graph\">{\"@context\":\"https:\/\/schema.org\",\"@graph\":[{\"@type\":\"WebPage\",\"@id\":\"https:\/\/1office.co\/finland\/et\/toode\/tutarettevotte-asutamine-soomes\/\",\"url\":\"https:\/\/1office.co\/finland\/et\/toode\/tutarettevotte-asutamine-soomes\/\",\"name\":\"Filiaali registreerimine Soomes | 1Office\",\"isPartOf\":{\"@id\":\"https:\/\/1office.co\/finland\/fi\/#website\"},\"primaryImageOfPage\":{\"@id\":\"https:\/\/1office.co\/finland\/et\/toode\/tutarettevotte-asutamine-soomes\/#primaryimage\"},\"image\":{\"@id\":\"https:\/\/1office.co\/finland\/et\/toode\/tutarettevotte-asutamine-soomes\/#primaryimage\"},\"thumbnailUrl\":\"https:\/\/1office.co\/finland\/wp-content\/uploads\/sites\/10\/2021\/09\/tyler-franta-iusJ25iYu1c-unsplash-1.jpg\",\"datePublished\":\"2021-09-16T11:03:00+00:00\",\"dateModified\":\"2026-01-13T07:46:06+00:00\",\"description\":\"Rahvusvahelise kogemusega tiim asutab Sinu filiaali Soomes kodust lahkumata \u00fche v\u00f5i mitme asutajaga. V\u00f5ta meiega \u00fchendust ja uuri l\u00e4hemalt!\",\"breadcrumb\":{\"@id\":\"https:\/\/1office.co\/finland\/et\/toode\/tutarettevotte-asutamine-soomes\/#breadcrumb\"},\"inLanguage\":\"et\",\"potentialAction\":[{\"@type\":\"ReadAction\",\"target\":[\"https:\/\/1office.co\/finland\/et\/toode\/tutarettevotte-asutamine-soomes\/\"]}]},{\"@type\":\"ImageObject\",\"inLanguage\":\"et\",\"@id\":\"https:\/\/1office.co\/finland\/et\/toode\/tutarettevotte-asutamine-soomes\/#primaryimage\",\"url\":\"https:\/\/1office.co\/finland\/wp-content\/uploads\/sites\/10\/2021\/09\/tyler-franta-iusJ25iYu1c-unsplash-1.jpg\",\"contentUrl\":\"https:\/\/1office.co\/finland\/wp-content\/uploads\/sites\/10\/2021\/09\/tyler-franta-iusJ25iYu1c-unsplash-1.jpg\",\"width\":1920,\"height\":1282,\"caption\":\"T\u00fctarettev\u00f5tte asutamine\"},{\"@type\":\"BreadcrumbList\",\"@id\":\"https:\/\/1office.co\/finland\/et\/toode\/tutarettevotte-asutamine-soomes\/#breadcrumb\",\"itemListElement\":[{\"@type\":\"ListItem\",\"position\":1,\"name\":\"Home\",\"item\":\"https:\/\/1office.co\/finland\/et\/\"},{\"@type\":\"ListItem\",\"position\":2,\"name\":\"Services Shop\",\"item\":\"https:\/\/1office.co\/finland\/services-shop\/\"},{\"@type\":\"ListItem\",\"position\":3,\"name\":\"Filiaali registreerimine\"}]},{\"@type\":\"WebSite\",\"@id\":\"https:\/\/1office.co\/finland\/fi\/#website\",\"url\":\"https:\/\/1office.co\/finland\/fi\/\",\"name\":\"1Office Finland\",\"description\":\"Making Business Simple\",\"potentialAction\":[{\"@type\":\"SearchAction\",\"target\":{\"@type\":\"EntryPoint\",\"urlTemplate\":\"https:\/\/1office.co\/finland\/fi\/?s={search_term_string}\"},\"query-input\":{\"@type\":\"PropertyValueSpecification\",\"valueRequired\":true,\"valueName\":\"search_term_string\"}}],\"inLanguage\":\"et\"}]}<\/script>\n<!-- \/ Yoast SEO Premium plugin. -->","yoast_head_json":{"title":"Filiaali registreerimine Soomes | 1Office","description":"Rahvusvahelise kogemusega tiim asutab Sinu filiaali Soomes kodust lahkumata \u00fche v\u00f5i mitme asutajaga. V\u00f5ta meiega \u00fchendust ja uuri l\u00e4hemalt!","robots":{"index":"index","follow":"follow","max-snippet":"max-snippet:-1","max-image-preview":"max-image-preview:large","max-video-preview":"max-video-preview:-1"},"canonical":"https:\/\/1office.co\/finland\/et\/toode\/tutarettevotte-asutamine-soomes\/","og_locale":"et_EE","og_type":"article","og_title":"Filiaali registreerimine","og_description":"Rahvusvahelise kogemusega tiim asutab Sinu filiaali Soomes kodust lahkumata \u00fche v\u00f5i mitme asutajaga. V\u00f5ta meiega \u00fchendust ja uuri l\u00e4hemalt!","og_url":"https:\/\/1office.co\/finland\/et\/toode\/tutarettevotte-asutamine-soomes\/","og_site_name":"1Office Finland","article_modified_time":"2026-01-13T07:46:06+00:00","og_image":[{"width":1920,"height":1282,"url":"https:\/\/1office.co\/finland\/wp-content\/uploads\/sites\/10\/2021\/09\/tyler-franta-iusJ25iYu1c-unsplash-1.jpg","type":"image\/jpeg"}],"twitter_card":"summary_large_image","twitter_misc":{"Est. reading time":"1 minut"},"schema":{"@context":"https:\/\/schema.org","@graph":[{"@type":"WebPage","@id":"https:\/\/1office.co\/finland\/et\/toode\/tutarettevotte-asutamine-soomes\/","url":"https:\/\/1office.co\/finland\/et\/toode\/tutarettevotte-asutamine-soomes\/","name":"Filiaali registreerimine Soomes | 1Office","isPartOf":{"@id":"https:\/\/1office.co\/finland\/fi\/#website"},"primaryImageOfPage":{"@id":"https:\/\/1office.co\/finland\/et\/toode\/tutarettevotte-asutamine-soomes\/#primaryimage"},"image":{"@id":"https:\/\/1office.co\/finland\/et\/toode\/tutarettevotte-asutamine-soomes\/#primaryimage"},"thumbnailUrl":"https:\/\/1office.co\/finland\/wp-content\/uploads\/sites\/10\/2021\/09\/tyler-franta-iusJ25iYu1c-unsplash-1.jpg","datePublished":"2021-09-16T11:03:00+00:00","dateModified":"2026-01-13T07:46:06+00:00","description":"Rahvusvahelise kogemusega tiim asutab Sinu filiaali Soomes kodust lahkumata \u00fche v\u00f5i mitme asutajaga. V\u00f5ta meiega \u00fchendust ja uuri l\u00e4hemalt!","breadcrumb":{"@id":"https:\/\/1office.co\/finland\/et\/toode\/tutarettevotte-asutamine-soomes\/#breadcrumb"},"inLanguage":"et","potentialAction":[{"@type":"ReadAction","target":["https:\/\/1office.co\/finland\/et\/toode\/tutarettevotte-asutamine-soomes\/"]}]},{"@type":"ImageObject","inLanguage":"et","@id":"https:\/\/1office.co\/finland\/et\/toode\/tutarettevotte-asutamine-soomes\/#primaryimage","url":"https:\/\/1office.co\/finland\/wp-content\/uploads\/sites\/10\/2021\/09\/tyler-franta-iusJ25iYu1c-unsplash-1.jpg","contentUrl":"https:\/\/1office.co\/finland\/wp-content\/uploads\/sites\/10\/2021\/09\/tyler-franta-iusJ25iYu1c-unsplash-1.jpg","width":1920,"height":1282,"caption":"T\u00fctarettev\u00f5tte asutamine"},{"@type":"BreadcrumbList","@id":"https:\/\/1office.co\/finland\/et\/toode\/tutarettevotte-asutamine-soomes\/#breadcrumb","itemListElement":[{"@type":"ListItem","position":1,"name":"Home","item":"https:\/\/1office.co\/finland\/et\/"},{"@type":"ListItem","position":2,"name":"Services Shop","item":"https:\/\/1office.co\/finland\/services-shop\/"},{"@type":"ListItem","position":3,"name":"Filiaali registreerimine"}]},{"@type":"WebSite","@id":"https:\/\/1office.co\/finland\/fi\/#website","url":"https:\/\/1office.co\/finland\/fi\/","name":"1Office Finland","description":"Making Business Simple","potentialAction":[{"@type":"SearchAction","target":{"@type":"EntryPoint","urlTemplate":"https:\/\/1office.co\/finland\/fi\/?s={search_term_string}"},"query-input":{"@type":"PropertyValueSpecification","valueRequired":true,"valueName":"search_term_string"}}],"inLanguage":"et"}]}},"_links":{"self":[{"href":"https:\/\/1office.co\/finland\/et\/wp-json\/wp\/v2\/product\/59975","targetHints":{"allow":["GET"]}}],"collection":[{"href":"https:\/\/1office.co\/finland\/et\/wp-json\/wp\/v2\/product"}],"about":[{"href":"https:\/\/1office.co\/finland\/et\/wp-json\/wp\/v2\/types\/product"}],"wp:featuredmedia":[{"embeddable":true,"href":"https:\/\/1office.co\/finland\/et\/wp-json\/wp\/v2\/media\/59978"}],"wp:attachment":[{"href":"https:\/\/1office.co\/finland\/et\/wp-json\/wp\/v2\/media?parent=59975"}],"wp:term":[{"taxonomy":"product_brand","embeddable":true,"href":"https:\/\/1office.co\/finland\/et\/wp-json\/wp\/v2\/product_brand?post=59975"},{"taxonomy":"product_cat","embeddable":true,"href":"https:\/\/1office.co\/finland\/et\/wp-json\/wp\/v2\/product_cat?post=59975"},{"taxonomy":"product_tag","embeddable":true,"href":"https:\/\/1office.co\/finland\/et\/wp-json\/wp\/v2\/product_tag?post=59975"}],"curies":[{"name":"wp","href":"https:\/\/api.w.org\/{rel}","templated":true}]}}