{"id":57837,"date":"2017-08-10T10:40:23","date_gmt":"2018-04-19T09:41:22","guid":{"rendered":"https:\/\/1office.co\/finland\/?post_type=product&#038;p=57837"},"modified":"2024-07-03T08:29:33","modified_gmt":"2024-07-03T08:29:33","slug":"kirjanpidon-aloitusmaksu","status":"publish","type":"product","link":"https:\/\/1office.co\/finland\/fi\/tuote\/kirjanpidon-aloitusmaksu\/","title":{"rendered":"Kirjanpitopalvelut aloitusmaksu"},"content":{"rendered":"<div class=\"wpb-content-wrapper\"><p>[vc_row][vc_column]<div id=\"advanced-tabs-desc-wrap-4361\" class=\"ult_tabs product_tabs\" style=\" \" data-tabsstyle=\"style1\"\n data-titlebg=\"#ffffff\" data-titlecolor=\"#b6b8ba\" data-fullheight=\"off\"\n data-titlehoverbg=\"#ffffff\" data-titlehovercolor=\"#1d1e23\"\n data-rotatetabs=\"0\" data-responsivemode=\"Both\" data-animation=\"Slide\"\ndata-activetitle=\"#1d1e23\" data-activeicon=\"\" data-activebg=\"#ffffff\"  data-respmode=\"Tabs\" data-respwidth=\"400\" data-scroll = \"on\" data-activeindex=\"1\"><ul id=advanced-tabs-wrap-9057 class=\"ult_tabmenu style1 \" style=\"\"><li class=\"ult_tab_li  \" data-iconcolor=\"#74777b\" data-iconhover=\"#ffffff\" style=\"background-color:#ffffff;border-color:transparent;border-width:0px;border-style:solid;border-top-right-radius:8px;\">\n\t\t\t\t\t<a href=\"#1512642751410-8d7ab-c11d\"  id=\"1512642751410-8d7ab-c11d\"  style=\"color:#b6b8ba;; padding:15px; \" class=\"ult_a  \">\n\t\t\t\t\t     <span class=\"ult_tab_main Both \">\n\t\t\t\t\t \t\t <span class=\"ult_tab_section\">\n\t\t\t\t\t   \t\t\t<span  data-ultimate-target='#advanced-tabs-wrap-9057 .ult-span-text'  data-responsive-json-new='{\"font-size\":\"desktop:14px;\",\"line-height\":\"\"}'  class=\"ult-span-text no_icon ult_tab_display_text ult-responsive\" style=\"font-weight:bold;;\">KUVAUS<\/span>\n\t\t\t\t\t   \t\t<\/span>\n\t\t\t\t\t\t<\/span>\n\t\t\t\t\t<\/a>\n\t\t\t\t\t<\/li><\/ul><div  data-ultimate-target='#advanced-tabs-desc-wrap-4361 .ult_tabcontent .ult_tab_min_contain  p'  data-responsive-json-new='{\"font-size\":\"\",\"line-height\":\"\"}' class=\"ult_tabcontent ult-responsive style1\" style=\"color:#74777b;\"><div class=\"ult_tab_min_contain \" >\n\t\t\t<div  class=\"ult_tabitemname\"  >\n\t\t\t\t[vc_column_text]Nopea ja tehokas kirjanpito tekee sinun el\u00e4m\u00e4si helpommaksi. Tarkka kirjanpidon m\u00e4\u00e4r\u00e4 ja toiminnot sovitaan jokaisen asiakkaan kanssa erikseen.<\/p>\n<p><strong>T\u00e4rkeimm\u00e4t mahdollisuudet ja aspektit, mit\u00e4 meid\u00e4n palvelu sis\u00e4lt\u00e4\u00e4:<\/strong><\/p>\n<ul>\n<li><strong>Juokseva kirjanpito<\/strong><\/li>\n<li><strong>Sijainnistasi riippumaton p\u00e4\u00e4sy nettipohjaiselle kirjanpito ohjelmalle<\/strong><\/li>\n<li><strong>Mahdollisuus luoda itse myyntilaskuja.<\/strong><br \/>\nMyyntilaskujen luominen ja l\u00e4hett\u00e4minen on nyt helpompaa kuin koskaan aikaisemmin. Tee ne itse valmiiksi ja l\u00e4het\u00e4 suoraan asiakkaille tai anna kirjanpit\u00e4j\u00e4mme tehd\u00e4 sen sinun puolestasi.<\/li>\n<li><strong>Yleiskatsaus yrityksen tuloksesta ja rahallisista varoista reaali ajassa<\/strong><br \/>\nTilille tulematta j\u00e4\u00e4nyt tai maksamattomat laskut, viimeisen 12 kuukauden tulokset, informaatio enimm\u00e4ismyydyist\u00e4 tuotteista ja paljon muuta. Kaikki yleiskatsaukset kuvataan my\u00f6s visuaalisten kaavioiden muodossa.<\/li>\n<li><strong>Helppo kuludokmenttien l\u00e4hett\u00e4minen<\/strong><br \/>\nYksinkertaisesti tee omista kuludokumenteista kuva ja l\u00e4het\u00e4 se omalle kirjanpit\u00e4j\u00e4llesi mobiili\u00e4pin v\u00e4lityksell\u00e4. Dokumenttej\u00e4 on mahdollisa l\u00e4hett\u00e4\u00e4 my\u00f6s s\u00e4hk\u00f6postitse.<\/li>\n<li><strong>Mahdollisuus e-laskujen k\u00e4ytt\u00e4miseksi<\/strong><\/li>\n<li><strong>Ostolaskujen vahvistus<\/strong><br \/>\nSinulla on mahdollisuus vahvistaa kaikki ostolaskut ennen kuin ne tallennetaan kirjanpitoon ja l\u00e4hetet\u00e4\u00e4n pankkiin maksettaviksi. Laskuja voi vahvistaa suoraan ohjelmassa tai \u00e4pin v\u00e4lityksell\u00e4.<\/li>\n<li><strong>Automaattinen yhteys pankkien kanssa<\/strong><\/li>\n<\/ul>\n<p><strong>Hintaan sis\u00e4ltyy: <\/strong>.<\/p>\n<ul>\n<li>P\u00e4ivitt\u00e4inen kirjanpito edell\u00e4mainituilla mahdollisuuksilla<\/li>\n<li>Arvonlis\u00e4veroilmoitukset<\/li>\n<li>Veroilmoitukset sek\u00e4 ilmoitukset viranomaisille<\/li>\n<li>Yhteydenpito viranomaisten kanssa<\/li>\n<li>Tarkka ty\u00f6n m\u00e4\u00e4r\u00e4, proseduurit, sek\u00e4 mahdollisuudet sovitaan jokaisen asiakkaan kanssa erikseen.<\/li>\n<\/ul>\n<p><strong>Saatavilla lis\u00e4maksusta:<\/strong><\/p>\n<ul>\n<li><a href=\"https:\/\/1office.co\/finland\/fi\/tuote\/tilinpaatos\/\" target=\"_blank\" rel=\"noopener\">Tilinp\u00e4\u00e4t\u00f6s<\/a> ja <a href=\"https:\/\/1office.co\/finland\/fi\/tuote\/veroilmoitukset\/\" target=\"_blank\" rel=\"noopener\">veroilmoitus<\/a> (jos toisin ei ole sovittu)<\/li>\n<\/ul>\n<p><strong>T\u00e4rke\u00e4\u00e4 tietoa:<\/strong><\/p>\n<ul>\n<li>Ensimm\u00e4inen maksu 150 \u20ac on aloitusmaksu, joka sis\u00e4lt\u00e4\u00e4 1-tunnin koulutuksen, miten kirjanpito-ohjelmaa k\u00e4ytet\u00e4\u00e4n, miten k\u00e4ytt\u00e4\u00e4 maksimaalisesti hyv\u00e4kseen ohjelman eri toimintoja ja mahdollisuuksia ja miten saada kaikki sopimaan juuri omaan yritys alaasi. Me teemme my\u00f6s kaikki sinun yrityksellesi sopivat ohjelmiston asennukset. KIrjanpitopalveluiden tarkka kuukausimaksu sovitaan tapahtumien m\u00e4\u00e4r\u00e4n ja liiketoiminta-alueen mukaan. Minimaalinen kuukausimaksu on 75 \u20ac, ja laskut l\u00e4hetet\u00e4\u00e4n kuukausittain.<\/li>\n<li>Kirjanpitod alkudokumentteja hyv\u00e4ksymme eestiksi, suomeksi ja englanniksi.<\/li>\n<li>Jokaisella Suomessa rekister\u00f6idyll\u00e4 yrityksell\u00e4 on pakollista esitt\u00e4\u00e4 tilinp\u00e4\u00e4t\u00f6s kerran vuodessa. T\u00e4m\u00e4 my\u00f6s silloin, kun yrityksell\u00e4 ei ole koko tilinp\u00e4\u00e4t\u00f6s vuonna ollut mink\u00e4\u00e4nlaista toimintaa.<\/li>\n<li>Lis\u00e4maksusta teemme my\u00f6s jokavuotisia veroilmoituksia, verorekister\u00f6intej\u00e4 ja vuosikertomuksia. Jotta kaikki ilmoitukset olisi tehtyn\u00e4 oikea-aikaiesti pit\u00e4\u00e4 dokumenttien olla l\u00e4hetettyin\u00e4 kirjanpit\u00e4j\u00e4ll\u00e4 niin aikaisin kuin mahdollista, mutta ei my\u00f6hemmin kuin seuraavan kuukauden 5. kuukauden p\u00e4iv\u00e4n\u00e4. My\u00f6h\u00e4stuneet ilmoitukset tuovat mukanaan sakot verotukselta.<\/li>\n<li>Jos sinulla on yritystoimintaa niin Eestiss\u00e4 kuin Suomessa, voimme tarjota sinulle molemman yrityksen kirjanpitoa yhdest\u00e4 paikasta. Se tarkoittaa sinulle yht\u00e4 kontaktihenkil\u00f6\u00e4, mik\u00e4 auttaa s\u00e4\u00e4st\u00e4m\u00e4\u00e4n aikaa ja rahaa. Tarjouksen esitt\u00e4miseksi ota yhteytt\u00e4: <a href=\"mailto:sales@1office.co\" target=\"_blank\" rel=\"noopener\">sales@1office.co<\/a><\/li>\n<\/ul>\n<p>[\/vc_column_text]\n\t\t\t<\/div><\/div><\/div><\/div><div class=\"ult_acord advanced-tabs-desc-wrap-4361\">\n   <div class=\"ult-tabto-accordion \" style=\"width:;\"\n    data-titlecolor=\"#b6b8ba\"  data-titlebg=\"#ffffff\"\n     data-titlehoverbg=\"#ffffff\" data-titlehovercolor=\"#1d1e23\" data-animation=\"Slide\"\n     data-activetitle=\"#1d1e23\" data-activeicon=\"\" data-activebg=\"#ffffff\" data-scroll = \"on\" data-activeindex=\"1\" >\n     <dl><dt class=\"\">\n\t        \t<a class=\"ult-tabto-actitle withBorder ult_a \" id=\"1512642751410-8d7ab-c11d\" style=\"color:#b6b8ba;;background-color:#ffffff;border-bottom-color:transparent;border-bottom-width:0px;border-bottom-style:solid;\" href=\"#1512642751410-8d7ab-c11d\">\n\t        \t\t<i class=\"accordion-icon\"><\/i>\n\t        \t\t\t<span class=\"ult_tab_main ult_ac_main ult_noacordicnBoth\">\n\n\t\t\t\t\t\t<span  data-ultimate-target='#advanced-tabs-wrap-9057 .ult-span-text'  data-responsive-json-new='{\"font-size\":\"desktop:14px;\",\"line-height\":\"\"}'  class=\"ult-span-text no_icon ult_acordian-text ult-responsive\" style=\"font-weight:bold;;color:inherit \" >KUVAUS<\/span>\n\t\t\t\t\t\t<\/span><\/a><\/dt>\n\t            \t\t<dd class=\"ult-tabto-accordionItem ult-tabto-accolapsed\">\n\t\t\t\t            <div class=\"ult-tabto-acontent\" style=\"color:#74777b;\">\n\t\t\t\t               [vc_column_text]Nopea ja tehokas kirjanpito tekee sinun el\u00e4m\u00e4si helpommaksi. Tarkka kirjanpidon m\u00e4\u00e4r\u00e4 ja toiminnot sovitaan jokaisen asiakkaan kanssa erikseen.<\/p>\n<p><strong>T\u00e4rkeimm\u00e4t mahdollisuudet ja aspektit, mit\u00e4 meid\u00e4n palvelu sis\u00e4lt\u00e4\u00e4:<\/strong><\/p>\n<ul>\n<li><strong>Juokseva kirjanpito<\/strong><\/li>\n<li><strong>Sijainnistasi riippumaton p\u00e4\u00e4sy nettipohjaiselle kirjanpito ohjelmalle<\/strong><\/li>\n<li><strong>Mahdollisuus luoda itse myyntilaskuja.<\/strong><br \/>\nMyyntilaskujen luominen ja l\u00e4hett\u00e4minen on nyt helpompaa kuin koskaan aikaisemmin. Tee ne itse valmiiksi ja l\u00e4het\u00e4 suoraan asiakkaille tai anna kirjanpit\u00e4j\u00e4mme tehd\u00e4 sen sinun puolestasi.<\/li>\n<li><strong>Yleiskatsaus yrityksen tuloksesta ja rahallisista varoista reaali ajassa<\/strong><br \/>\nTilille tulematta j\u00e4\u00e4nyt tai maksamattomat laskut, viimeisen 12 kuukauden tulokset, informaatio enimm\u00e4ismyydyist\u00e4 tuotteista ja paljon muuta. Kaikki yleiskatsaukset kuvataan my\u00f6s visuaalisten kaavioiden muodossa.<\/li>\n<li><strong>Helppo kuludokmenttien l\u00e4hett\u00e4minen<\/strong><br \/>\nYksinkertaisesti tee omista kuludokumenteista kuva ja l\u00e4het\u00e4 se omalle kirjanpit\u00e4j\u00e4llesi mobiili\u00e4pin v\u00e4lityksell\u00e4. Dokumenttej\u00e4 on mahdollisa l\u00e4hett\u00e4\u00e4 my\u00f6s s\u00e4hk\u00f6postitse.<\/li>\n<li><strong>Mahdollisuus e-laskujen k\u00e4ytt\u00e4miseksi<\/strong><\/li>\n<li><strong>Ostolaskujen vahvistus<\/strong><br \/>\nSinulla on mahdollisuus vahvistaa kaikki ostolaskut ennen kuin ne tallennetaan kirjanpitoon ja l\u00e4hetet\u00e4\u00e4n pankkiin maksettaviksi. Laskuja voi vahvistaa suoraan ohjelmassa tai \u00e4pin v\u00e4lityksell\u00e4.<\/li>\n<li><strong>Automaattinen yhteys pankkien kanssa<\/strong><\/li>\n<\/ul>\n<p><strong>Hintaan sis\u00e4ltyy: <\/strong>.<\/p>\n<ul>\n<li>P\u00e4ivitt\u00e4inen kirjanpito edell\u00e4mainituilla mahdollisuuksilla<\/li>\n<li>Arvonlis\u00e4veroilmoitukset<\/li>\n<li>Veroilmoitukset sek\u00e4 ilmoitukset viranomaisille<\/li>\n<li>Yhteydenpito viranomaisten kanssa<\/li>\n<li>Tarkka ty\u00f6n m\u00e4\u00e4r\u00e4, proseduurit, sek\u00e4 mahdollisuudet sovitaan jokaisen asiakkaan kanssa erikseen.<\/li>\n<\/ul>\n<p><strong>Saatavilla lis\u00e4maksusta:<\/strong><\/p>\n<ul>\n<li><a href=\"https:\/\/1office.co\/finland\/fi\/tuote\/tilinpaatos\/\" target=\"_blank\" rel=\"noopener\">Tilinp\u00e4\u00e4t\u00f6s<\/a> ja <a href=\"https:\/\/1office.co\/finland\/fi\/tuote\/veroilmoitukset\/\" target=\"_blank\" rel=\"noopener\">veroilmoitus<\/a> (jos toisin ei ole sovittu)<\/li>\n<\/ul>\n<p><strong>T\u00e4rke\u00e4\u00e4 tietoa:<\/strong><\/p>\n<ul>\n<li>Ensimm\u00e4inen maksu 150 \u20ac on aloitusmaksu, joka sis\u00e4lt\u00e4\u00e4 1-tunnin koulutuksen, miten kirjanpito-ohjelmaa k\u00e4ytet\u00e4\u00e4n, miten k\u00e4ytt\u00e4\u00e4 maksimaalisesti hyv\u00e4kseen ohjelman eri toimintoja ja mahdollisuuksia ja miten saada kaikki sopimaan juuri omaan yritys alaasi. Me teemme my\u00f6s kaikki sinun yrityksellesi sopivat ohjelmiston asennukset. KIrjanpitopalveluiden tarkka kuukausimaksu sovitaan tapahtumien m\u00e4\u00e4r\u00e4n ja liiketoiminta-alueen mukaan. Minimaalinen kuukausimaksu on 75 \u20ac, ja laskut l\u00e4hetet\u00e4\u00e4n kuukausittain.<\/li>\n<li>Kirjanpitod alkudokumentteja hyv\u00e4ksymme eestiksi, suomeksi ja englanniksi.<\/li>\n<li>Jokaisella Suomessa rekister\u00f6idyll\u00e4 yrityksell\u00e4 on pakollista esitt\u00e4\u00e4 tilinp\u00e4\u00e4t\u00f6s kerran vuodessa. T\u00e4m\u00e4 my\u00f6s silloin, kun yrityksell\u00e4 ei ole koko tilinp\u00e4\u00e4t\u00f6s vuonna ollut mink\u00e4\u00e4nlaista toimintaa.<\/li>\n<li>Lis\u00e4maksusta teemme my\u00f6s jokavuotisia veroilmoituksia, verorekister\u00f6intej\u00e4 ja vuosikertomuksia. Jotta kaikki ilmoitukset olisi tehtyn\u00e4 oikea-aikaiesti pit\u00e4\u00e4 dokumenttien olla l\u00e4hetettyin\u00e4 kirjanpit\u00e4j\u00e4ll\u00e4 niin aikaisin kuin mahdollista, mutta ei my\u00f6hemmin kuin seuraavan kuukauden 5. kuukauden p\u00e4iv\u00e4n\u00e4. My\u00f6h\u00e4stuneet ilmoitukset tuovat mukanaan sakot verotukselta.<\/li>\n<li>Jos sinulla on yritystoimintaa niin Eestiss\u00e4 kuin Suomessa, voimme tarjota sinulle molemman yrityksen kirjanpitoa yhdest\u00e4 paikasta. Se tarkoittaa sinulle yht\u00e4 kontaktihenkil\u00f6\u00e4, mik\u00e4 auttaa s\u00e4\u00e4st\u00e4m\u00e4\u00e4n aikaa ja rahaa. Tarjouksen esitt\u00e4miseksi ota yhteytt\u00e4: <a href=\"mailto:sales@1office.co\" target=\"_blank\" rel=\"noopener\">sales@1office.co<\/a><\/li>\n<\/ul>\n<p>[\/vc_column_text]\n\t\t\t\t            <\/div>\n\t        \t\t\t<\/dd>\n    \t<\/dl>\n    <!--<div class=\"extraborder\" style=\"background-color:#ffffff\"><\/div>-->\n<\/div>\n\n<\/div>[\/vc_column][\/vc_row]<\/p>\n<\/div>","protected":false},"excerpt":{"rendered":"<p>T\u00e4ysin automatisoitu palvelu, joka seuraa tuloksia reaaliajassa ja antaa p\u00e4\u00e4syn kaikelle, mist\u00e4 v\u00e4h\u00e4nkin osaat unelmoida ja tarjoaa t\u00e4ytt\u00e4 tukea ammattilaistiimilt\u00e4mme.<\/p>\n","protected":false},"featured_media":57350,"template":"","meta":{"_acf_changed":false,"inline_featured_image":false},"product_brand":[],"product_cat":[353],"product_tag":[347],"class_list":{"0":"post-57837","1":"product","2":"type-product","3":"status-publish","4":"has-post-thumbnail","6":"product_cat-accounting-fi","7":"product_tag-finland-fi","8":"description-off","10":"first","11":"instock","12":"virtual","13":"taxable","14":"purchasable","15":"product-type-simple"},"bundled_by":["58745","58753","60337"],"bundle_stock_status":"instock","bundle_stock_quantity":null,"bundle_virtual":false,"bundle_layout":"","bundle_add_to_cart_form_location":"","bundle_editable_in_cart":false,"bundle_sold_individually_context":"","bundle_item_grouping":"","bundle_min_size":"","bundle_max_size":"","bundle_price":[],"bundled_items":[],"bundle_sell_ids":[],"acf":[],"yoast_head":"<!-- This site is optimized with the Yoast SEO Premium plugin v22.1 (Yoast SEO v27.0) - https:\/\/yoast.com\/product\/yoast-seo-premium-wordpress\/ -->\n<title>Kirjanpitopalvelut aloitusmaksu | 1Office Finland<\/title>\n<meta name=\"robots\" content=\"index, follow, max-snippet:-1, max-image-preview:large, max-video-preview:-1\" \/>\n<link rel=\"canonical\" href=\"https:\/\/1office.co\/finland\/fi\/tuote\/kirjanpidon-aloitusmaksu\/\" \/>\n<meta property=\"og:locale\" content=\"fi_FI\" \/>\n<meta property=\"og:type\" content=\"article\" \/>\n<meta property=\"og:title\" content=\"Kirjanpitopalvelut aloitusmaksu\" \/>\n<meta property=\"og:description\" content=\"T\u00e4ysin automatisoitu palvelu, joka seuraa tuloksia reaaliajassa ja antaa p\u00e4\u00e4syn kaikelle, mist\u00e4 v\u00e4h\u00e4nkin osaat unelmoida ja tarjoaa t\u00e4ytt\u00e4 tukea ammattilaistiimilt\u00e4mme.\" \/>\n<meta property=\"og:url\" content=\"https:\/\/1office.co\/finland\/fi\/tuote\/kirjanpidon-aloitusmaksu\/\" \/>\n<meta property=\"og:site_name\" content=\"1Office Finland\" \/>\n<meta property=\"article:modified_time\" content=\"2024-07-03T08:29:33+00:00\" \/>\n<meta property=\"og:image\" content=\"https:\/\/1office.co\/finland\/wp-content\/uploads\/sites\/10\/2017\/08\/coins-currency-investment-insurance-128867-1.jpeg\" \/>\n\t<meta property=\"og:image:width\" content=\"640\" \/>\n\t<meta property=\"og:image:height\" content=\"426\" \/>\n\t<meta property=\"og:image:type\" content=\"image\/jpeg\" \/>\n<meta name=\"twitter:card\" content=\"summary_large_image\" \/>\n<meta name=\"twitter:label1\" content=\"Arvioitu lukuaika\" \/>\n\t<meta name=\"twitter:data1\" content=\"2 minuuttia\" \/>\n<script type=\"application\/ld+json\" class=\"yoast-schema-graph\">{\"@context\":\"https:\/\/schema.org\",\"@graph\":[{\"@type\":\"WebPage\",\"@id\":\"https:\/\/1office.co\/finland\/fi\/tuote\/kirjanpidon-aloitusmaksu\/\",\"url\":\"https:\/\/1office.co\/finland\/fi\/tuote\/kirjanpidon-aloitusmaksu\/\",\"name\":\"Kirjanpitopalvelut aloitusmaksu | 1Office Finland\",\"isPartOf\":{\"@id\":\"https:\/\/1office.co\/finland\/fi\/#website\"},\"primaryImageOfPage\":{\"@id\":\"https:\/\/1office.co\/finland\/fi\/tuote\/kirjanpidon-aloitusmaksu\/#primaryimage\"},\"image\":{\"@id\":\"https:\/\/1office.co\/finland\/fi\/tuote\/kirjanpidon-aloitusmaksu\/#primaryimage\"},\"thumbnailUrl\":\"https:\/\/1office.co\/finland\/wp-content\/uploads\/sites\/10\/2017\/08\/coins-currency-investment-insurance-128867-1.jpeg\",\"datePublished\":\"2018-04-19T09:41:22+00:00\",\"dateModified\":\"2024-07-03T08:29:33+00:00\",\"breadcrumb\":{\"@id\":\"https:\/\/1office.co\/finland\/fi\/tuote\/kirjanpidon-aloitusmaksu\/#breadcrumb\"},\"inLanguage\":\"fi\",\"potentialAction\":[{\"@type\":\"ReadAction\",\"target\":[\"https:\/\/1office.co\/finland\/fi\/tuote\/kirjanpidon-aloitusmaksu\/\"]}]},{\"@type\":\"ImageObject\",\"inLanguage\":\"fi\",\"@id\":\"https:\/\/1office.co\/finland\/fi\/tuote\/kirjanpidon-aloitusmaksu\/#primaryimage\",\"url\":\"https:\/\/1office.co\/finland\/wp-content\/uploads\/sites\/10\/2017\/08\/coins-currency-investment-insurance-128867-1.jpeg\",\"contentUrl\":\"https:\/\/1office.co\/finland\/wp-content\/uploads\/sites\/10\/2017\/08\/coins-currency-investment-insurance-128867-1.jpeg\",\"width\":640,\"height\":426},{\"@type\":\"BreadcrumbList\",\"@id\":\"https:\/\/1office.co\/finland\/fi\/tuote\/kirjanpidon-aloitusmaksu\/#breadcrumb\",\"itemListElement\":[{\"@type\":\"ListItem\",\"position\":1,\"name\":\"Home\",\"item\":\"https:\/\/1office.co\/finland\/fi\/\"},{\"@type\":\"ListItem\",\"position\":2,\"name\":\"Services Shop\",\"item\":\"https:\/\/1office.co\/finland\/services-shop\/\"},{\"@type\":\"ListItem\",\"position\":3,\"name\":\"Kirjanpitopalvelut aloitusmaksu\"}]},{\"@type\":\"WebSite\",\"@id\":\"https:\/\/1office.co\/finland\/fi\/#website\",\"url\":\"https:\/\/1office.co\/finland\/fi\/\",\"name\":\"1Office Finland\",\"description\":\"Making Business Simple\",\"potentialAction\":[{\"@type\":\"SearchAction\",\"target\":{\"@type\":\"EntryPoint\",\"urlTemplate\":\"https:\/\/1office.co\/finland\/fi\/?s={search_term_string}\"},\"query-input\":{\"@type\":\"PropertyValueSpecification\",\"valueRequired\":true,\"valueName\":\"search_term_string\"}}],\"inLanguage\":\"fi\"}]}<\/script>\n<!-- \/ Yoast SEO Premium plugin. -->","yoast_head_json":{"title":"Kirjanpitopalvelut aloitusmaksu | 1Office Finland","robots":{"index":"index","follow":"follow","max-snippet":"max-snippet:-1","max-image-preview":"max-image-preview:large","max-video-preview":"max-video-preview:-1"},"canonical":"https:\/\/1office.co\/finland\/fi\/tuote\/kirjanpidon-aloitusmaksu\/","og_locale":"fi_FI","og_type":"article","og_title":"Kirjanpitopalvelut aloitusmaksu","og_description":"T\u00e4ysin automatisoitu palvelu, joka seuraa tuloksia reaaliajassa ja antaa p\u00e4\u00e4syn kaikelle, mist\u00e4 v\u00e4h\u00e4nkin osaat unelmoida ja tarjoaa t\u00e4ytt\u00e4 tukea ammattilaistiimilt\u00e4mme.","og_url":"https:\/\/1office.co\/finland\/fi\/tuote\/kirjanpidon-aloitusmaksu\/","og_site_name":"1Office Finland","article_modified_time":"2024-07-03T08:29:33+00:00","og_image":[{"width":640,"height":426,"url":"https:\/\/1office.co\/finland\/wp-content\/uploads\/sites\/10\/2017\/08\/coins-currency-investment-insurance-128867-1.jpeg","type":"image\/jpeg"}],"twitter_card":"summary_large_image","twitter_misc":{"Arvioitu lukuaika":"2 minuuttia"},"schema":{"@context":"https:\/\/schema.org","@graph":[{"@type":"WebPage","@id":"https:\/\/1office.co\/finland\/fi\/tuote\/kirjanpidon-aloitusmaksu\/","url":"https:\/\/1office.co\/finland\/fi\/tuote\/kirjanpidon-aloitusmaksu\/","name":"Kirjanpitopalvelut aloitusmaksu | 1Office Finland","isPartOf":{"@id":"https:\/\/1office.co\/finland\/fi\/#website"},"primaryImageOfPage":{"@id":"https:\/\/1office.co\/finland\/fi\/tuote\/kirjanpidon-aloitusmaksu\/#primaryimage"},"image":{"@id":"https:\/\/1office.co\/finland\/fi\/tuote\/kirjanpidon-aloitusmaksu\/#primaryimage"},"thumbnailUrl":"https:\/\/1office.co\/finland\/wp-content\/uploads\/sites\/10\/2017\/08\/coins-currency-investment-insurance-128867-1.jpeg","datePublished":"2018-04-19T09:41:22+00:00","dateModified":"2024-07-03T08:29:33+00:00","breadcrumb":{"@id":"https:\/\/1office.co\/finland\/fi\/tuote\/kirjanpidon-aloitusmaksu\/#breadcrumb"},"inLanguage":"fi","potentialAction":[{"@type":"ReadAction","target":["https:\/\/1office.co\/finland\/fi\/tuote\/kirjanpidon-aloitusmaksu\/"]}]},{"@type":"ImageObject","inLanguage":"fi","@id":"https:\/\/1office.co\/finland\/fi\/tuote\/kirjanpidon-aloitusmaksu\/#primaryimage","url":"https:\/\/1office.co\/finland\/wp-content\/uploads\/sites\/10\/2017\/08\/coins-currency-investment-insurance-128867-1.jpeg","contentUrl":"https:\/\/1office.co\/finland\/wp-content\/uploads\/sites\/10\/2017\/08\/coins-currency-investment-insurance-128867-1.jpeg","width":640,"height":426},{"@type":"BreadcrumbList","@id":"https:\/\/1office.co\/finland\/fi\/tuote\/kirjanpidon-aloitusmaksu\/#breadcrumb","itemListElement":[{"@type":"ListItem","position":1,"name":"Home","item":"https:\/\/1office.co\/finland\/fi\/"},{"@type":"ListItem","position":2,"name":"Services Shop","item":"https:\/\/1office.co\/finland\/services-shop\/"},{"@type":"ListItem","position":3,"name":"Kirjanpitopalvelut aloitusmaksu"}]},{"@type":"WebSite","@id":"https:\/\/1office.co\/finland\/fi\/#website","url":"https:\/\/1office.co\/finland\/fi\/","name":"1Office Finland","description":"Making Business Simple","potentialAction":[{"@type":"SearchAction","target":{"@type":"EntryPoint","urlTemplate":"https:\/\/1office.co\/finland\/fi\/?s={search_term_string}"},"query-input":{"@type":"PropertyValueSpecification","valueRequired":true,"valueName":"search_term_string"}}],"inLanguage":"fi"}]}},"_links":{"self":[{"href":"https:\/\/1office.co\/finland\/fi\/wp-json\/wp\/v2\/product\/57837","targetHints":{"allow":["GET"]}}],"collection":[{"href":"https:\/\/1office.co\/finland\/fi\/wp-json\/wp\/v2\/product"}],"about":[{"href":"https:\/\/1office.co\/finland\/fi\/wp-json\/wp\/v2\/types\/product"}],"wp:featuredmedia":[{"embeddable":true,"href":"https:\/\/1office.co\/finland\/fi\/wp-json\/wp\/v2\/media\/57350"}],"wp:attachment":[{"href":"https:\/\/1office.co\/finland\/fi\/wp-json\/wp\/v2\/media?parent=57837"}],"wp:term":[{"taxonomy":"product_brand","embeddable":true,"href":"https:\/\/1office.co\/finland\/fi\/wp-json\/wp\/v2\/product_brand?post=57837"},{"taxonomy":"product_cat","embeddable":true,"href":"https:\/\/1office.co\/finland\/fi\/wp-json\/wp\/v2\/product_cat?post=57837"},{"taxonomy":"product_tag","embeddable":true,"href":"https:\/\/1office.co\/finland\/fi\/wp-json\/wp\/v2\/product_tag?post=57837"}],"curies":[{"name":"wp","href":"https:\/\/api.w.org\/{rel}","templated":true}]}}