{"id":57845,"date":"2017-08-10T10:40:14","date_gmt":"2017-08-10T10:40:14","guid":{"rendered":"https:\/\/1office.co\/finland\/product\/annual-report\/"},"modified":"2021-06-16T11:24:56","modified_gmt":"2021-06-16T11:24:56","slug":"tilinpaatos","status":"publish","type":"product","link":"https:\/\/1office.co\/finland\/fi\/tuote\/tilinpaatos\/","title":{"rendered":"Tilinp\u00e4\u00e4t\u00f6s"},"content":{"rendered":"<div class=\"wpb-content-wrapper\"><p>[vc_row][vc_column]<div id=\"advanced-tabs-desc-wrap-7328\" class=\"ult_tabs product_tabs\" style=\" \" data-tabsstyle=\"style1\"\n data-titlebg=\"#ffffff\" data-titlecolor=\"#b6b8ba\" data-fullheight=\"off\"\n data-titlehoverbg=\"#ffffff\" data-titlehovercolor=\"#1d1e23\"\n data-rotatetabs=\"0\" data-responsivemode=\"Both\" data-animation=\"Slide\"\ndata-activetitle=\"#1d1e23\" data-activeicon=\"\" data-activebg=\"#ffffff\"  data-respmode=\"Tabs\" data-respwidth=\"400\" data-scroll = \"on\" data-activeindex=\"1\"><ul id=advanced-tabs-wrap-1094 class=\"ult_tabmenu style1 \" style=\"\"><li class=\"ult_tab_li  \" data-iconcolor=\"#74777b\" data-iconhover=\"#ffffff\" style=\"background-color:#ffffff;border-color:transparent;border-width:0px;border-style:solid;border-top-right-radius:8px;\">\n\t\t\t\t\t<a href=\"#1512642751410-8cbfe-4c64\"  id=\"1512642751410-8cbfe-4c64\"  style=\"color:#b6b8ba;; padding:15px; \" class=\"ult_a  \">\n\t\t\t\t\t     <span class=\"ult_tab_main Both \">\n\t\t\t\t\t \t\t <span class=\"ult_tab_section\">\n\t\t\t\t\t   \t\t\t<span  data-ultimate-target='#advanced-tabs-wrap-1094 .ult-span-text'  data-responsive-json-new='{\"font-size\":\"desktop:14px;\",\"line-height\":\"\"}'  class=\"ult-span-text no_icon ult_tab_display_text ult-responsive\" style=\"font-weight:bold;;\">KUVAUS<\/span>\n\t\t\t\t\t   \t\t<\/span>\n\t\t\t\t\t\t<\/span>\n\t\t\t\t\t<\/a>\n\t\t\t\t\t<\/li><\/ul><div  data-ultimate-target='#advanced-tabs-desc-wrap-7328 .ult_tabcontent .ult_tab_min_contain  p'  data-responsive-json-new='{\"font-size\":\"\",\"line-height\":\"\"}' class=\"ult_tabcontent ult-responsive style1\" style=\"color:#74777b;\"><div class=\"ult_tab_min_contain \" >\n\t\t\t<div  class=\"ult_tabitemname\"  >\n\t\t\t\t[vc_column_text]Kaikki Suomen yritykset ovat tilinp\u00e4\u00e4t\u00f6svelvollisia, vaikka maksuliikenne olisikin ollut v\u00e4h\u00e4ist\u00e4 (esim pankin palvelumaksut). Yrityksen kirjanpito t\u00e4ytyy olla ajan tasalla ennen tilinp\u00e4\u00e4t\u00f6ksen laatimista.<\/p>\n<p>Tilinp\u00e4\u00e4t\u00f6s on julkista tietoa, mit\u00e4 voi ostaa jokainen Suomen Tilastokeskuksesta. My\u00f6s pankit saattavat pyyt\u00e4\u00e4 tilinp\u00e4\u00e4t\u00f6stietoja.<\/p>\n<p>Vaikka veroilmoitus ei ole tilinp\u00e4\u00e4t\u00f6ksen osa, my\u00f6s t\u00e4m\u00e4n esitt\u00e4minen on pakollista samalle m\u00e4\u00e4r\u00e4ajalle.<\/p>\n<p>Tietyiss\u00e4 tilanteissa tarvitaan my\u00f6s tilintarkastajan mielipidett\u00e4. Voimme auttaa tilintarkastajan l\u00f6yt\u00e4misess\u00e4.<\/p>\n<p><strong>Hintaan sis\u00e4ltyy:<\/strong><\/p>\n<ul>\n<li>Tilinp\u00e4\u00e4t\u00f6st\u00e4 varten tarvittavien pakollisten asiakirjojen laatiminen (tasekirja ja sen spesifikaatiot, tuloslaskelma, arvonalennus laskelma, p\u00e4\u00e4kirja, avoin myynti- ja ostolaskujen raportti, lis\u00e4t)<\/li>\n<li>Tilinp\u00e4\u00e4t\u00f6ksen esitt\u00e4minen Suomen Tilastokeskukselle<\/li>\n<\/ul>\n<p><strong>Saatavilla lis\u00e4maksusta:<\/strong><\/p>\n<ul>\n<li><a href=\"https:\/\/1office.co\/finland\/fi\/tuote\/kirjanpidon-aloitusmaksu\/\" target=\"_blank\" rel=\"noopener noreferrer\">Kirjanpitopalvelu<\/a> mik\u00e4li yrityksen tilikauden kirjanpitoa ei ole tehtyn\u00e4<\/li>\n<li><a href=\"https:\/\/1office.co\/finland\/fi\/tuote\/veroilmoitukset\/\" target=\"_blank\" rel=\"noopener noreferrer\">Tilikauden veroilmoitus<\/a><\/li>\n<li>Yhteydenpito tilitarkastajan kanssa<\/li>\n<\/ul>\n<p><strong>T\u00e4rke\u00e4\u00e4 tietoa:<\/strong><\/p>\n<ul>\n<li>Tlinp\u00e4\u00e4t\u00f6ksen esitt\u00e4minen on pakollista, vaikka yrityksell\u00e4 ei olisi ollut mit\u00e4\u00e4n toimintaa vuoden aikana.<\/li>\n<li>Tilinp\u00e4\u00e4t\u00f6ksen mukaan pit\u00e4\u00e4 esitt\u00e4\u00e4 my\u00f6s veroilmoitus.<\/li>\n<li>Mik\u00e4li tilinp\u00e4\u00e4t\u00f6st\u00e4 ei esitet\u00e4 ajallaan, siit\u00e4 seuraa sakko.<\/li>\n<\/ul>\n<p>[\/vc_column_text]\n\t\t\t<\/div><\/div><\/div><\/div><div class=\"ult_acord advanced-tabs-desc-wrap-7328\">\n   <div class=\"ult-tabto-accordion \" style=\"width:;\"\n    data-titlecolor=\"#b6b8ba\"  data-titlebg=\"#ffffff\"\n     data-titlehoverbg=\"#ffffff\" data-titlehovercolor=\"#1d1e23\" data-animation=\"Slide\"\n     data-activetitle=\"#1d1e23\" data-activeicon=\"\" data-activebg=\"#ffffff\" data-scroll = \"on\" data-activeindex=\"1\" >\n     <dl><dt class=\"\">\n\t        \t<a class=\"ult-tabto-actitle withBorder ult_a \" id=\"1512642751410-8cbfe-4c64\" style=\"color:#b6b8ba;;background-color:#ffffff;border-bottom-color:transparent;border-bottom-width:0px;border-bottom-style:solid;\" href=\"#1512642751410-8cbfe-4c64\">\n\t        \t\t<i class=\"accordion-icon\"><\/i>\n\t        \t\t\t<span class=\"ult_tab_main ult_ac_main ult_noacordicnBoth\">\n\n\t\t\t\t\t\t<span  data-ultimate-target='#advanced-tabs-wrap-1094 .ult-span-text'  data-responsive-json-new='{\"font-size\":\"desktop:14px;\",\"line-height\":\"\"}'  class=\"ult-span-text no_icon ult_acordian-text ult-responsive\" style=\"font-weight:bold;;color:inherit \" >KUVAUS<\/span>\n\t\t\t\t\t\t<\/span><\/a><\/dt>\n\t            \t\t<dd class=\"ult-tabto-accordionItem ult-tabto-accolapsed\">\n\t\t\t\t            <div class=\"ult-tabto-acontent\" style=\"color:#74777b;\">\n\t\t\t\t               [vc_column_text]Kaikki Suomen yritykset ovat tilinp\u00e4\u00e4t\u00f6svelvollisia, vaikka maksuliikenne olisikin ollut v\u00e4h\u00e4ist\u00e4 (esim pankin palvelumaksut). Yrityksen kirjanpito t\u00e4ytyy olla ajan tasalla ennen tilinp\u00e4\u00e4t\u00f6ksen laatimista.<\/p>\n<p>Tilinp\u00e4\u00e4t\u00f6s on julkista tietoa, mit\u00e4 voi ostaa jokainen Suomen Tilastokeskuksesta. My\u00f6s pankit saattavat pyyt\u00e4\u00e4 tilinp\u00e4\u00e4t\u00f6stietoja.<\/p>\n<p>Vaikka veroilmoitus ei ole tilinp\u00e4\u00e4t\u00f6ksen osa, my\u00f6s t\u00e4m\u00e4n esitt\u00e4minen on pakollista samalle m\u00e4\u00e4r\u00e4ajalle.<\/p>\n<p>Tietyiss\u00e4 tilanteissa tarvitaan my\u00f6s tilintarkastajan mielipidett\u00e4. Voimme auttaa tilintarkastajan l\u00f6yt\u00e4misess\u00e4.<\/p>\n<p><strong>Hintaan sis\u00e4ltyy:<\/strong><\/p>\n<ul>\n<li>Tilinp\u00e4\u00e4t\u00f6st\u00e4 varten tarvittavien pakollisten asiakirjojen laatiminen (tasekirja ja sen spesifikaatiot, tuloslaskelma, arvonalennus laskelma, p\u00e4\u00e4kirja, avoin myynti- ja ostolaskujen raportti, lis\u00e4t)<\/li>\n<li>Tilinp\u00e4\u00e4t\u00f6ksen esitt\u00e4minen Suomen Tilastokeskukselle<\/li>\n<\/ul>\n<p><strong>Saatavilla lis\u00e4maksusta:<\/strong><\/p>\n<ul>\n<li><a href=\"https:\/\/1office.co\/finland\/fi\/tuote\/kirjanpidon-aloitusmaksu\/\" target=\"_blank\" rel=\"noopener noreferrer\">Kirjanpitopalvelu<\/a> mik\u00e4li yrityksen tilikauden kirjanpitoa ei ole tehtyn\u00e4<\/li>\n<li><a href=\"https:\/\/1office.co\/finland\/fi\/tuote\/veroilmoitukset\/\" target=\"_blank\" rel=\"noopener noreferrer\">Tilikauden veroilmoitus<\/a><\/li>\n<li>Yhteydenpito tilitarkastajan kanssa<\/li>\n<\/ul>\n<p><strong>T\u00e4rke\u00e4\u00e4 tietoa:<\/strong><\/p>\n<ul>\n<li>Tlinp\u00e4\u00e4t\u00f6ksen esitt\u00e4minen on pakollista, vaikka yrityksell\u00e4 ei olisi ollut mit\u00e4\u00e4n toimintaa vuoden aikana.<\/li>\n<li>Tilinp\u00e4\u00e4t\u00f6ksen mukaan pit\u00e4\u00e4 esitt\u00e4\u00e4 my\u00f6s veroilmoitus.<\/li>\n<li>Mik\u00e4li tilinp\u00e4\u00e4t\u00f6st\u00e4 ei esitet\u00e4 ajallaan, siit\u00e4 seuraa sakko.<\/li>\n<\/ul>\n<p>[\/vc_column_text]\n\t\t\t\t            <\/div>\n\t        \t\t\t<\/dd>\n    \t<\/dl>\n    <!--<div class=\"extraborder\" style=\"background-color:#ffffff\"><\/div>-->\n<\/div>\n\n<\/div>[\/vc_column][\/vc_row]<\/p>\n<\/div>","protected":false},"excerpt":{"rendered":"<p>Tilinp\u00e4\u00e4t\u00f6ksen esitt\u00e4minen on pakollinen k\u00e4yt\u00e4nt\u00f6 kaikille Suomessa rekister\u00f6ityneille yrityksille. Tilinp\u00e4\u00e4t\u00f6s on teht\u00e4v\u00e4 4 kuukauden kuluessa tilikauden p\u00e4\u00e4ttymisen j\u00e4lkeen Suomen kielell\u00e4 ja paikallisessa valuutassa (EUR).<\/p>\n","protected":false},"featured_media":57438,"template":"","meta":{"_acf_changed":false,"inline_featured_image":false},"product_brand":[],"product_cat":[353],"product_tag":[347],"class_list":{"0":"post-57845","1":"product","2":"type-product","3":"status-publish","4":"has-post-thumbnail","6":"product_cat-accounting-fi","7":"product_tag-finland-fi","8":"description-off","10":"first","11":"instock","12":"virtual","13":"taxable","14":"purchasable","15":"product-type-simple"},"bundled_by":[],"bundle_stock_status":"instock","bundle_stock_quantity":null,"bundle_virtual":false,"bundle_layout":"","bundle_add_to_cart_form_location":"","bundle_editable_in_cart":false,"bundle_sold_individually_context":"","bundle_item_grouping":"","bundle_min_size":"","bundle_max_size":"","bundle_price":[],"bundled_items":[],"bundle_sell_ids":[],"acf":[],"yoast_head":"<!-- This site is optimized with the Yoast SEO Premium plugin v22.1 (Yoast SEO v27.0) - https:\/\/yoast.com\/product\/yoast-seo-premium-wordpress\/ -->\n<title>Tilinp\u00e4\u00e4t\u00f6s | 1Office Finland<\/title>\n<meta name=\"description\" content=\"Every company registered in Finland has to prepare Annual Report. This report is public information and can be checked from Statistics Finland (Tilastokeskus). It has to be prepared within four months of the end of the financial year in Finnish and in the currency officially applicable in Finland (EUR).\" \/>\n<meta name=\"robots\" content=\"index, follow, max-snippet:-1, max-image-preview:large, max-video-preview:-1\" \/>\n<link rel=\"canonical\" href=\"https:\/\/1office.co\/finland\/fi\/tuote\/tilinpaatos\/\" \/>\n<meta property=\"og:locale\" content=\"fi_FI\" \/>\n<meta property=\"og:type\" content=\"article\" \/>\n<meta property=\"og:title\" content=\"Tilinp\u00e4\u00e4t\u00f6s\" \/>\n<meta property=\"og:description\" content=\"Every company registered in Finland has to prepare Annual Report. This report is public information and can be checked from Statistics Finland (Tilastokeskus). It has to be prepared within four months of the end of the financial year in Finnish and in the currency officially applicable in Finland (EUR).\" \/>\n<meta property=\"og:url\" content=\"https:\/\/1office.co\/finland\/fi\/tuote\/tilinpaatos\/\" \/>\n<meta property=\"og:site_name\" content=\"1Office Finland\" \/>\n<meta property=\"article:modified_time\" content=\"2021-06-16T11:24:56+00:00\" \/>\n<meta property=\"og:image\" content=\"https:\/\/1office.co\/finland\/wp-content\/uploads\/sites\/10\/2017\/08\/pexels-photo-442574.jpeg\" \/>\n\t<meta property=\"og:image:width\" content=\"1920\" \/>\n\t<meta property=\"og:image:height\" content=\"1280\" \/>\n\t<meta property=\"og:image:type\" content=\"image\/jpeg\" \/>\n<meta name=\"twitter:card\" content=\"summary_large_image\" \/>\n<meta name=\"twitter:label1\" content=\"Arvioitu lukuaika\" \/>\n\t<meta name=\"twitter:data1\" content=\"1 minuutti\" \/>\n<script type=\"application\/ld+json\" class=\"yoast-schema-graph\">{\"@context\":\"https:\/\/schema.org\",\"@graph\":[{\"@type\":\"WebPage\",\"@id\":\"https:\/\/1office.co\/finland\/fi\/tuote\/tilinpaatos\/\",\"url\":\"https:\/\/1office.co\/finland\/fi\/tuote\/tilinpaatos\/\",\"name\":\"Tilinp\u00e4\u00e4t\u00f6s | 1Office Finland\",\"isPartOf\":{\"@id\":\"https:\/\/1office.co\/finland\/fi\/#website\"},\"primaryImageOfPage\":{\"@id\":\"https:\/\/1office.co\/finland\/fi\/tuote\/tilinpaatos\/#primaryimage\"},\"image\":{\"@id\":\"https:\/\/1office.co\/finland\/fi\/tuote\/tilinpaatos\/#primaryimage\"},\"thumbnailUrl\":\"https:\/\/1office.co\/finland\/wp-content\/uploads\/sites\/10\/2017\/08\/pexels-photo-442574.jpeg\",\"datePublished\":\"2017-08-10T10:40:14+00:00\",\"dateModified\":\"2021-06-16T11:24:56+00:00\",\"description\":\"Every company registered in Finland has to prepare Annual Report. This report is public information and can be checked from Statistics Finland (Tilastokeskus). It has to be prepared within four months of the end of the financial year in Finnish and in the currency officially applicable in Finland (EUR).\",\"breadcrumb\":{\"@id\":\"https:\/\/1office.co\/finland\/fi\/tuote\/tilinpaatos\/#breadcrumb\"},\"inLanguage\":\"fi\",\"potentialAction\":[{\"@type\":\"ReadAction\",\"target\":[\"https:\/\/1office.co\/finland\/fi\/tuote\/tilinpaatos\/\"]}]},{\"@type\":\"ImageObject\",\"inLanguage\":\"fi\",\"@id\":\"https:\/\/1office.co\/finland\/fi\/tuote\/tilinpaatos\/#primaryimage\",\"url\":\"https:\/\/1office.co\/finland\/wp-content\/uploads\/sites\/10\/2017\/08\/pexels-photo-442574.jpeg\",\"contentUrl\":\"https:\/\/1office.co\/finland\/wp-content\/uploads\/sites\/10\/2017\/08\/pexels-photo-442574.jpeg\",\"width\":1920,\"height\":1280},{\"@type\":\"BreadcrumbList\",\"@id\":\"https:\/\/1office.co\/finland\/fi\/tuote\/tilinpaatos\/#breadcrumb\",\"itemListElement\":[{\"@type\":\"ListItem\",\"position\":1,\"name\":\"Home\",\"item\":\"https:\/\/1office.co\/finland\/fi\/\"},{\"@type\":\"ListItem\",\"position\":2,\"name\":\"Services Shop\",\"item\":\"https:\/\/1office.co\/finland\/services-shop\/\"},{\"@type\":\"ListItem\",\"position\":3,\"name\":\"Tilinp\u00e4\u00e4t\u00f6s\"}]},{\"@type\":\"WebSite\",\"@id\":\"https:\/\/1office.co\/finland\/fi\/#website\",\"url\":\"https:\/\/1office.co\/finland\/fi\/\",\"name\":\"1Office Finland\",\"description\":\"Making Business Simple\",\"potentialAction\":[{\"@type\":\"SearchAction\",\"target\":{\"@type\":\"EntryPoint\",\"urlTemplate\":\"https:\/\/1office.co\/finland\/fi\/?s={search_term_string}\"},\"query-input\":{\"@type\":\"PropertyValueSpecification\",\"valueRequired\":true,\"valueName\":\"search_term_string\"}}],\"inLanguage\":\"fi\"}]}<\/script>\n<!-- \/ Yoast SEO Premium plugin. -->","yoast_head_json":{"title":"Tilinp\u00e4\u00e4t\u00f6s | 1Office Finland","description":"Every company registered in Finland has to prepare Annual Report. This report is public information and can be checked from Statistics Finland (Tilastokeskus). It has to be prepared within four months of the end of the financial year in Finnish and in the currency officially applicable in Finland (EUR).","robots":{"index":"index","follow":"follow","max-snippet":"max-snippet:-1","max-image-preview":"max-image-preview:large","max-video-preview":"max-video-preview:-1"},"canonical":"https:\/\/1office.co\/finland\/fi\/tuote\/tilinpaatos\/","og_locale":"fi_FI","og_type":"article","og_title":"Tilinp\u00e4\u00e4t\u00f6s","og_description":"Every company registered in Finland has to prepare Annual Report. This report is public information and can be checked from Statistics Finland (Tilastokeskus). It has to be prepared within four months of the end of the financial year in Finnish and in the currency officially applicable in Finland (EUR).","og_url":"https:\/\/1office.co\/finland\/fi\/tuote\/tilinpaatos\/","og_site_name":"1Office Finland","article_modified_time":"2021-06-16T11:24:56+00:00","og_image":[{"width":1920,"height":1280,"url":"https:\/\/1office.co\/finland\/wp-content\/uploads\/sites\/10\/2017\/08\/pexels-photo-442574.jpeg","type":"image\/jpeg"}],"twitter_card":"summary_large_image","twitter_misc":{"Arvioitu lukuaika":"1 minuutti"},"schema":{"@context":"https:\/\/schema.org","@graph":[{"@type":"WebPage","@id":"https:\/\/1office.co\/finland\/fi\/tuote\/tilinpaatos\/","url":"https:\/\/1office.co\/finland\/fi\/tuote\/tilinpaatos\/","name":"Tilinp\u00e4\u00e4t\u00f6s | 1Office Finland","isPartOf":{"@id":"https:\/\/1office.co\/finland\/fi\/#website"},"primaryImageOfPage":{"@id":"https:\/\/1office.co\/finland\/fi\/tuote\/tilinpaatos\/#primaryimage"},"image":{"@id":"https:\/\/1office.co\/finland\/fi\/tuote\/tilinpaatos\/#primaryimage"},"thumbnailUrl":"https:\/\/1office.co\/finland\/wp-content\/uploads\/sites\/10\/2017\/08\/pexels-photo-442574.jpeg","datePublished":"2017-08-10T10:40:14+00:00","dateModified":"2021-06-16T11:24:56+00:00","description":"Every company registered in Finland has to prepare Annual Report. This report is public information and can be checked from Statistics Finland (Tilastokeskus). It has to be prepared within four months of the end of the financial year in Finnish and in the currency officially applicable in Finland (EUR).","breadcrumb":{"@id":"https:\/\/1office.co\/finland\/fi\/tuote\/tilinpaatos\/#breadcrumb"},"inLanguage":"fi","potentialAction":[{"@type":"ReadAction","target":["https:\/\/1office.co\/finland\/fi\/tuote\/tilinpaatos\/"]}]},{"@type":"ImageObject","inLanguage":"fi","@id":"https:\/\/1office.co\/finland\/fi\/tuote\/tilinpaatos\/#primaryimage","url":"https:\/\/1office.co\/finland\/wp-content\/uploads\/sites\/10\/2017\/08\/pexels-photo-442574.jpeg","contentUrl":"https:\/\/1office.co\/finland\/wp-content\/uploads\/sites\/10\/2017\/08\/pexels-photo-442574.jpeg","width":1920,"height":1280},{"@type":"BreadcrumbList","@id":"https:\/\/1office.co\/finland\/fi\/tuote\/tilinpaatos\/#breadcrumb","itemListElement":[{"@type":"ListItem","position":1,"name":"Home","item":"https:\/\/1office.co\/finland\/fi\/"},{"@type":"ListItem","position":2,"name":"Services Shop","item":"https:\/\/1office.co\/finland\/services-shop\/"},{"@type":"ListItem","position":3,"name":"Tilinp\u00e4\u00e4t\u00f6s"}]},{"@type":"WebSite","@id":"https:\/\/1office.co\/finland\/fi\/#website","url":"https:\/\/1office.co\/finland\/fi\/","name":"1Office Finland","description":"Making Business Simple","potentialAction":[{"@type":"SearchAction","target":{"@type":"EntryPoint","urlTemplate":"https:\/\/1office.co\/finland\/fi\/?s={search_term_string}"},"query-input":{"@type":"PropertyValueSpecification","valueRequired":true,"valueName":"search_term_string"}}],"inLanguage":"fi"}]}},"_links":{"self":[{"href":"https:\/\/1office.co\/finland\/fi\/wp-json\/wp\/v2\/product\/57845","targetHints":{"allow":["GET"]}}],"collection":[{"href":"https:\/\/1office.co\/finland\/fi\/wp-json\/wp\/v2\/product"}],"about":[{"href":"https:\/\/1office.co\/finland\/fi\/wp-json\/wp\/v2\/types\/product"}],"wp:featuredmedia":[{"embeddable":true,"href":"https:\/\/1office.co\/finland\/fi\/wp-json\/wp\/v2\/media\/57438"}],"wp:attachment":[{"href":"https:\/\/1office.co\/finland\/fi\/wp-json\/wp\/v2\/media?parent=57845"}],"wp:term":[{"taxonomy":"product_brand","embeddable":true,"href":"https:\/\/1office.co\/finland\/fi\/wp-json\/wp\/v2\/product_brand?post=57845"},{"taxonomy":"product_cat","embeddable":true,"href":"https:\/\/1office.co\/finland\/fi\/wp-json\/wp\/v2\/product_cat?post=57845"},{"taxonomy":"product_tag","embeddable":true,"href":"https:\/\/1office.co\/finland\/fi\/wp-json\/wp\/v2\/product_tag?post=57845"}],"curies":[{"name":"wp","href":"https:\/\/api.w.org\/{rel}","templated":true}]}}