{"id":57853,"date":"2017-08-10T08:34:07","date_gmt":"2017-08-10T08:34:07","guid":{"rendered":"https:\/\/1office.co\/finland\/product\/annual-tax-declarations\/"},"modified":"2024-04-12T08:40:00","modified_gmt":"2024-04-12T08:40:00","slug":"veroilmoitukset","status":"publish","type":"product","link":"https:\/\/1office.co\/finland\/fi\/tuote\/veroilmoitukset\/","title":{"rendered":"Vuosittainen veroilmoitus"},"content":{"rendered":"<div class=\"wpb-content-wrapper\"><p>[vc_row][vc_column]<div id=\"advanced-tabs-desc-wrap-8982\" class=\"ult_tabs product_tabs\" style=\" \" data-tabsstyle=\"style1\"\n data-titlebg=\"#ffffff\" data-titlecolor=\"#b6b8ba\" data-fullheight=\"off\"\n data-titlehoverbg=\"#ffffff\" data-titlehovercolor=\"#1d1e23\"\n data-rotatetabs=\"0\" data-responsivemode=\"Both\" data-animation=\"Slide\"\ndata-activetitle=\"#1d1e23\" data-activeicon=\"\" data-activebg=\"#ffffff\"  data-respmode=\"Tabs\" data-respwidth=\"400\" data-scroll = \"on\" data-activeindex=\"1\"><ul id=advanced-tabs-wrap-9618 class=\"ult_tabmenu style1 \" style=\"\"><li class=\"ult_tab_li  \" data-iconcolor=\"#74777b\" data-iconhover=\"#ffffff\" style=\"background-color:#ffffff;border-color:transparent;border-width:0px;border-style:solid;border-top-right-radius:8px;\">\n\t\t\t\t\t<a href=\"#1512642751410-8cd24-3a01\"  id=\"1512642751410-8cd24-3a01\"  style=\"color:#b6b8ba;; padding:15px; \" class=\"ult_a  \">\n\t\t\t\t\t     <span class=\"ult_tab_main Both \">\n\t\t\t\t\t \t\t <span class=\"ult_tab_section\">\n\t\t\t\t\t   \t\t\t<span  data-ultimate-target='#advanced-tabs-wrap-9618 .ult-span-text'  data-responsive-json-new='{\"font-size\":\"desktop:14px;\",\"line-height\":\"\"}'  class=\"ult-span-text no_icon ult_tab_display_text ult-responsive\" style=\"font-weight:bold;;\">KUVAUS<\/span>\n\t\t\t\t\t   \t\t<\/span>\n\t\t\t\t\t\t<\/span>\n\t\t\t\t\t<\/a>\n\t\t\t\t\t<\/li><\/ul><div  data-ultimate-target='#advanced-tabs-desc-wrap-8982 .ult_tabcontent .ult_tab_min_contain  p'  data-responsive-json-new='{\"font-size\":\"\",\"line-height\":\"\"}' class=\"ult_tabcontent ult-responsive style1\" style=\"color:#74777b;\"><div class=\"ult_tab_min_contain \" >\n\t\t\t<div  class=\"ult_tabitemname\"  >\n\t\t\t\t[vc_column_text]Veroilmoituksen esitt\u00e4minen on pakollista kaikille Suomen yrityksille my\u00f6s silloin kun yrityksell\u00e4 ei ollut yritystoimintaa t\u00e4ll\u00e4 periodilla. Riippuen toimialasta sek\u00e4 yrityksen koosta lis\u00e4raportit voivat olla tarpeelliia. Veroilmoituksen mukana verohallinnolle pit\u00e4\u00e4 l\u00e4hett\u00e4\u00e4 my\u00f6s <a href=\"https:\/\/1office.co\/finland\/fi\/tuote\/varsinaisen-yhtiokokouksen-poytakirja\/\" target=\"_blank\" rel=\"noopener noreferrer\">varsinaisen yhti\u00f6kokouksen p\u00f6yt\u00e4kirja.<\/a><\/p>\n<p><strong>Hintaan sis\u00e4ltyy:<\/strong><\/p>\n<ul>\n<li>Kaikki pakolliset ilmoitukset<\/li>\n<li>6B<\/li>\n<li>62 (tarvittavat, jos yrityksell\u00e4 on arvonalennus)<\/li>\n<li>63<\/li>\n<li>Virallinen tase<\/li>\n<li>Virallinen veroilmoitus<\/li>\n<li>Dokumenttien l\u00e4hett\u00e4minen verohallintoon<\/li>\n<\/ul>\n<p><strong>Saatavilla lis\u00e4maksusta:<\/strong><\/p>\n<ul>\n<li><a href=\"https:\/\/1office.co\/finland\/fi\/tuote\/varsinaisen-yhtiokokouksen-poytakirja\/\" target=\"_blank\" rel=\"noopener noreferrer\">Varsinaisen yhti\u00f6kokouksen p\u00f6yt\u00e4kirja<\/a><\/li>\n<li><a href=\"https:\/\/1office.co\/finland\/fi\/tuote\/kansainvalinen-veroneuvonta\/\" target=\"_blank\" rel=\"noopener noreferrer\">Kansainv\u00e4linen veroneuvonta<\/a><\/li>\n<\/ul>\n<p><strong>T\u00e4rke\u00e4\u00e4 tietoa:<\/strong><\/p>\n<ul>\n<li>Samat ilmoitukset tulee esitt\u00e4\u00e4 my\u00f6s Ty\u00f6tt\u00f6myys vakuutus rahastoon TVR-palveluun sek\u00e4 vakuutusyhti\u00f6lle.<\/li>\n<\/ul>\n<p>[\/vc_column_text]\n\t\t\t<\/div><\/div><\/div><\/div><div class=\"ult_acord advanced-tabs-desc-wrap-8982\">\n   <div class=\"ult-tabto-accordion \" style=\"width:;\"\n    data-titlecolor=\"#b6b8ba\"  data-titlebg=\"#ffffff\"\n     data-titlehoverbg=\"#ffffff\" data-titlehovercolor=\"#1d1e23\" data-animation=\"Slide\"\n     data-activetitle=\"#1d1e23\" data-activeicon=\"\" data-activebg=\"#ffffff\" data-scroll = \"on\" data-activeindex=\"1\" >\n     <dl><dt class=\"\">\n\t        \t<a class=\"ult-tabto-actitle withBorder ult_a \" id=\"1512642751410-8cd24-3a01\" style=\"color:#b6b8ba;;background-color:#ffffff;border-bottom-color:transparent;border-bottom-width:0px;border-bottom-style:solid;\" href=\"#1512642751410-8cd24-3a01\">\n\t        \t\t<i class=\"accordion-icon\"><\/i>\n\t        \t\t\t<span class=\"ult_tab_main ult_ac_main ult_noacordicnBoth\">\n\n\t\t\t\t\t\t<span  data-ultimate-target='#advanced-tabs-wrap-9618 .ult-span-text'  data-responsive-json-new='{\"font-size\":\"desktop:14px;\",\"line-height\":\"\"}'  class=\"ult-span-text no_icon ult_acordian-text ult-responsive\" style=\"font-weight:bold;;color:inherit \" >KUVAUS<\/span>\n\t\t\t\t\t\t<\/span><\/a><\/dt>\n\t            \t\t<dd class=\"ult-tabto-accordionItem ult-tabto-accolapsed\">\n\t\t\t\t            <div class=\"ult-tabto-acontent\" style=\"color:#74777b;\">\n\t\t\t\t               [vc_column_text]Veroilmoituksen esitt\u00e4minen on pakollista kaikille Suomen yrityksille my\u00f6s silloin kun yrityksell\u00e4 ei ollut yritystoimintaa t\u00e4ll\u00e4 periodilla. Riippuen toimialasta sek\u00e4 yrityksen koosta lis\u00e4raportit voivat olla tarpeelliia. Veroilmoituksen mukana verohallinnolle pit\u00e4\u00e4 l\u00e4hett\u00e4\u00e4 my\u00f6s <a href=\"https:\/\/1office.co\/finland\/fi\/tuote\/varsinaisen-yhtiokokouksen-poytakirja\/\" target=\"_blank\" rel=\"noopener noreferrer\">varsinaisen yhti\u00f6kokouksen p\u00f6yt\u00e4kirja.<\/a><\/p>\n<p><strong>Hintaan sis\u00e4ltyy:<\/strong><\/p>\n<ul>\n<li>Kaikki pakolliset ilmoitukset<\/li>\n<li>6B<\/li>\n<li>62 (tarvittavat, jos yrityksell\u00e4 on arvonalennus)<\/li>\n<li>63<\/li>\n<li>Virallinen tase<\/li>\n<li>Virallinen veroilmoitus<\/li>\n<li>Dokumenttien l\u00e4hett\u00e4minen verohallintoon<\/li>\n<\/ul>\n<p><strong>Saatavilla lis\u00e4maksusta:<\/strong><\/p>\n<ul>\n<li><a href=\"https:\/\/1office.co\/finland\/fi\/tuote\/varsinaisen-yhtiokokouksen-poytakirja\/\" target=\"_blank\" rel=\"noopener noreferrer\">Varsinaisen yhti\u00f6kokouksen p\u00f6yt\u00e4kirja<\/a><\/li>\n<li><a href=\"https:\/\/1office.co\/finland\/fi\/tuote\/kansainvalinen-veroneuvonta\/\" target=\"_blank\" rel=\"noopener noreferrer\">Kansainv\u00e4linen veroneuvonta<\/a><\/li>\n<\/ul>\n<p><strong>T\u00e4rke\u00e4\u00e4 tietoa:<\/strong><\/p>\n<ul>\n<li>Samat ilmoitukset tulee esitt\u00e4\u00e4 my\u00f6s Ty\u00f6tt\u00f6myys vakuutus rahastoon TVR-palveluun sek\u00e4 vakuutusyhti\u00f6lle.<\/li>\n<\/ul>\n<p>[\/vc_column_text]\n\t\t\t\t            <\/div>\n\t        \t\t\t<\/dd>\n    \t<\/dl>\n    <!--<div class=\"extraborder\" style=\"background-color:#ffffff\"><\/div>-->\n<\/div>\n\n<\/div>[\/vc_column][\/vc_row]<\/p>\n<\/div>","protected":false},"excerpt":{"rendered":"<p>Jokainen Suomessa toimiva yritys on velvollinen esitt\u00e4m\u00e4\u00e4n vuosittaisen veroilmoituksen nelj\u00e4n kuukauden sis\u00e4ll\u00e4 tilikauden loppumisesta.<\/p>\n","protected":false},"featured_media":58148,"template":"","meta":{"_acf_changed":false,"inline_featured_image":false},"product_brand":[],"product_cat":[353],"product_tag":[347],"class_list":{"0":"post-57853","1":"product","2":"type-product","3":"status-publish","4":"has-post-thumbnail","6":"product_cat-accounting-fi","7":"product_tag-finland-fi","8":"description-off","10":"first","11":"instock","12":"virtual","13":"taxable","14":"purchasable","15":"product-type-simple"},"bundled_by":[],"bundle_stock_status":"instock","bundle_stock_quantity":null,"bundle_virtual":false,"bundle_layout":"","bundle_add_to_cart_form_location":"","bundle_editable_in_cart":false,"bundle_sold_individually_context":"","bundle_item_grouping":"","bundle_min_size":"","bundle_max_size":"","bundle_price":[],"bundled_items":[],"bundle_sell_ids":[],"acf":[],"yoast_head":"<!-- This site is optimized with the Yoast SEO Premium plugin v22.1 (Yoast SEO v27.0) - https:\/\/yoast.com\/product\/yoast-seo-premium-wordpress\/ -->\n<title>Vuosittainen veroilmoitus | 1Office Finland<\/title>\n<meta name=\"description\" content=\"Every company operating in Finland needs to submit the Annual tax declaration to Tax Office four months after the end of financial year.\" \/>\n<meta name=\"robots\" content=\"index, follow, max-snippet:-1, max-image-preview:large, max-video-preview:-1\" \/>\n<link rel=\"canonical\" href=\"https:\/\/1office.co\/finland\/fi\/tuote\/veroilmoitukset\/\" \/>\n<meta property=\"og:locale\" content=\"fi_FI\" \/>\n<meta property=\"og:type\" content=\"article\" \/>\n<meta property=\"og:title\" content=\"Vuosittainen veroilmoitus\" \/>\n<meta property=\"og:description\" content=\"Every company operating in Finland needs to submit the Annual tax declaration to Tax Office four months after the end of financial year.\" \/>\n<meta property=\"og:url\" content=\"https:\/\/1office.co\/finland\/fi\/tuote\/veroilmoitukset\/\" \/>\n<meta property=\"og:site_name\" content=\"1Office Finland\" \/>\n<meta property=\"article:modified_time\" content=\"2024-04-12T08:40:00+00:00\" \/>\n<meta property=\"og:image\" content=\"https:\/\/1office.co\/finland\/wp-content\/uploads\/sites\/10\/2017\/08\/7-005.jpg\" \/>\n\t<meta property=\"og:image:width\" content=\"1500\" \/>\n\t<meta property=\"og:image:height\" content=\"1000\" \/>\n\t<meta property=\"og:image:type\" content=\"image\/jpeg\" \/>\n<meta name=\"twitter:card\" content=\"summary_large_image\" \/>\n<meta name=\"twitter:label1\" content=\"Arvioitu lukuaika\" \/>\n\t<meta name=\"twitter:data1\" content=\"1 minuutti\" \/>\n<script type=\"application\/ld+json\" class=\"yoast-schema-graph\">{\"@context\":\"https:\/\/schema.org\",\"@graph\":[{\"@type\":\"WebPage\",\"@id\":\"https:\/\/1office.co\/finland\/fi\/tuote\/veroilmoitukset\/\",\"url\":\"https:\/\/1office.co\/finland\/fi\/tuote\/veroilmoitukset\/\",\"name\":\"Vuosittainen veroilmoitus | 1Office Finland\",\"isPartOf\":{\"@id\":\"https:\/\/1office.co\/finland\/fi\/#website\"},\"primaryImageOfPage\":{\"@id\":\"https:\/\/1office.co\/finland\/fi\/tuote\/veroilmoitukset\/#primaryimage\"},\"image\":{\"@id\":\"https:\/\/1office.co\/finland\/fi\/tuote\/veroilmoitukset\/#primaryimage\"},\"thumbnailUrl\":\"https:\/\/1office.co\/finland\/wp-content\/uploads\/sites\/10\/2017\/08\/7-005.jpg\",\"datePublished\":\"2017-08-10T08:34:07+00:00\",\"dateModified\":\"2024-04-12T08:40:00+00:00\",\"description\":\"Every company operating in Finland needs to submit the Annual tax declaration to Tax Office four months after the end of financial year.\",\"breadcrumb\":{\"@id\":\"https:\/\/1office.co\/finland\/fi\/tuote\/veroilmoitukset\/#breadcrumb\"},\"inLanguage\":\"fi\",\"potentialAction\":[{\"@type\":\"ReadAction\",\"target\":[\"https:\/\/1office.co\/finland\/fi\/tuote\/veroilmoitukset\/\"]}]},{\"@type\":\"ImageObject\",\"inLanguage\":\"fi\",\"@id\":\"https:\/\/1office.co\/finland\/fi\/tuote\/veroilmoitukset\/#primaryimage\",\"url\":\"https:\/\/1office.co\/finland\/wp-content\/uploads\/sites\/10\/2017\/08\/7-005.jpg\",\"contentUrl\":\"https:\/\/1office.co\/finland\/wp-content\/uploads\/sites\/10\/2017\/08\/7-005.jpg\",\"width\":1500,\"height\":1000},{\"@type\":\"BreadcrumbList\",\"@id\":\"https:\/\/1office.co\/finland\/fi\/tuote\/veroilmoitukset\/#breadcrumb\",\"itemListElement\":[{\"@type\":\"ListItem\",\"position\":1,\"name\":\"Home\",\"item\":\"https:\/\/1office.co\/finland\/fi\/\"},{\"@type\":\"ListItem\",\"position\":2,\"name\":\"Services Shop\",\"item\":\"https:\/\/1office.co\/finland\/services-shop\/\"},{\"@type\":\"ListItem\",\"position\":3,\"name\":\"Vuosittainen veroilmoitus\"}]},{\"@type\":\"WebSite\",\"@id\":\"https:\/\/1office.co\/finland\/fi\/#website\",\"url\":\"https:\/\/1office.co\/finland\/fi\/\",\"name\":\"1Office Finland\",\"description\":\"Making Business Simple\",\"potentialAction\":[{\"@type\":\"SearchAction\",\"target\":{\"@type\":\"EntryPoint\",\"urlTemplate\":\"https:\/\/1office.co\/finland\/fi\/?s={search_term_string}\"},\"query-input\":{\"@type\":\"PropertyValueSpecification\",\"valueRequired\":true,\"valueName\":\"search_term_string\"}}],\"inLanguage\":\"fi\"}]}<\/script>\n<!-- \/ Yoast SEO Premium plugin. -->","yoast_head_json":{"title":"Vuosittainen veroilmoitus | 1Office Finland","description":"Every company operating in Finland needs to submit the Annual tax declaration to Tax Office four months after the end of financial year.","robots":{"index":"index","follow":"follow","max-snippet":"max-snippet:-1","max-image-preview":"max-image-preview:large","max-video-preview":"max-video-preview:-1"},"canonical":"https:\/\/1office.co\/finland\/fi\/tuote\/veroilmoitukset\/","og_locale":"fi_FI","og_type":"article","og_title":"Vuosittainen veroilmoitus","og_description":"Every company operating in Finland needs to submit the Annual tax declaration to Tax Office four months after the end of financial year.","og_url":"https:\/\/1office.co\/finland\/fi\/tuote\/veroilmoitukset\/","og_site_name":"1Office Finland","article_modified_time":"2024-04-12T08:40:00+00:00","og_image":[{"width":1500,"height":1000,"url":"https:\/\/1office.co\/finland\/wp-content\/uploads\/sites\/10\/2017\/08\/7-005.jpg","type":"image\/jpeg"}],"twitter_card":"summary_large_image","twitter_misc":{"Arvioitu lukuaika":"1 minuutti"},"schema":{"@context":"https:\/\/schema.org","@graph":[{"@type":"WebPage","@id":"https:\/\/1office.co\/finland\/fi\/tuote\/veroilmoitukset\/","url":"https:\/\/1office.co\/finland\/fi\/tuote\/veroilmoitukset\/","name":"Vuosittainen veroilmoitus | 1Office Finland","isPartOf":{"@id":"https:\/\/1office.co\/finland\/fi\/#website"},"primaryImageOfPage":{"@id":"https:\/\/1office.co\/finland\/fi\/tuote\/veroilmoitukset\/#primaryimage"},"image":{"@id":"https:\/\/1office.co\/finland\/fi\/tuote\/veroilmoitukset\/#primaryimage"},"thumbnailUrl":"https:\/\/1office.co\/finland\/wp-content\/uploads\/sites\/10\/2017\/08\/7-005.jpg","datePublished":"2017-08-10T08:34:07+00:00","dateModified":"2024-04-12T08:40:00+00:00","description":"Every company operating in Finland needs to submit the Annual tax declaration to Tax Office four months after the end of financial year.","breadcrumb":{"@id":"https:\/\/1office.co\/finland\/fi\/tuote\/veroilmoitukset\/#breadcrumb"},"inLanguage":"fi","potentialAction":[{"@type":"ReadAction","target":["https:\/\/1office.co\/finland\/fi\/tuote\/veroilmoitukset\/"]}]},{"@type":"ImageObject","inLanguage":"fi","@id":"https:\/\/1office.co\/finland\/fi\/tuote\/veroilmoitukset\/#primaryimage","url":"https:\/\/1office.co\/finland\/wp-content\/uploads\/sites\/10\/2017\/08\/7-005.jpg","contentUrl":"https:\/\/1office.co\/finland\/wp-content\/uploads\/sites\/10\/2017\/08\/7-005.jpg","width":1500,"height":1000},{"@type":"BreadcrumbList","@id":"https:\/\/1office.co\/finland\/fi\/tuote\/veroilmoitukset\/#breadcrumb","itemListElement":[{"@type":"ListItem","position":1,"name":"Home","item":"https:\/\/1office.co\/finland\/fi\/"},{"@type":"ListItem","position":2,"name":"Services Shop","item":"https:\/\/1office.co\/finland\/services-shop\/"},{"@type":"ListItem","position":3,"name":"Vuosittainen veroilmoitus"}]},{"@type":"WebSite","@id":"https:\/\/1office.co\/finland\/fi\/#website","url":"https:\/\/1office.co\/finland\/fi\/","name":"1Office Finland","description":"Making Business Simple","potentialAction":[{"@type":"SearchAction","target":{"@type":"EntryPoint","urlTemplate":"https:\/\/1office.co\/finland\/fi\/?s={search_term_string}"},"query-input":{"@type":"PropertyValueSpecification","valueRequired":true,"valueName":"search_term_string"}}],"inLanguage":"fi"}]}},"_links":{"self":[{"href":"https:\/\/1office.co\/finland\/fi\/wp-json\/wp\/v2\/product\/57853","targetHints":{"allow":["GET"]}}],"collection":[{"href":"https:\/\/1office.co\/finland\/fi\/wp-json\/wp\/v2\/product"}],"about":[{"href":"https:\/\/1office.co\/finland\/fi\/wp-json\/wp\/v2\/types\/product"}],"wp:featuredmedia":[{"embeddable":true,"href":"https:\/\/1office.co\/finland\/fi\/wp-json\/wp\/v2\/media\/58148"}],"wp:attachment":[{"href":"https:\/\/1office.co\/finland\/fi\/wp-json\/wp\/v2\/media?parent=57853"}],"wp:term":[{"taxonomy":"product_brand","embeddable":true,"href":"https:\/\/1office.co\/finland\/fi\/wp-json\/wp\/v2\/product_brand?post=57853"},{"taxonomy":"product_cat","embeddable":true,"href":"https:\/\/1office.co\/finland\/fi\/wp-json\/wp\/v2\/product_cat?post=57853"},{"taxonomy":"product_tag","embeddable":true,"href":"https:\/\/1office.co\/finland\/fi\/wp-json\/wp\/v2\/product_tag?post=57853"}],"curies":[{"name":"wp","href":"https:\/\/api.w.org\/{rel}","templated":true}]}}