{"id":57859,"date":"2017-08-10T08:34:10","date_gmt":"2017-08-10T08:34:10","guid":{"rendered":"https:\/\/1office.co\/finland\/product\/tax-registrations-for-finnish-company\/"},"modified":"2021-09-30T11:37:17","modified_gmt":"2021-09-30T11:37:17","slug":"rekisteroinnit-kotimaiselle-yhtiolle","status":"publish","type":"product","link":"https:\/\/1office.co\/finland\/fi\/tuote\/rekisteroinnit-kotimaiselle-yhtiolle\/","title":{"rendered":"Rekister\u00f6innit suomalaiselle yritykselle"},"content":{"rendered":"<div class=\"wpb-content-wrapper\"><p>[vc_row][vc_column]<div id=\"advanced-tabs-desc-wrap-2690\" class=\"ult_tabs product_tabs\" style=\" \" data-tabsstyle=\"style1\"\n data-titlebg=\"#ffffff\" data-titlecolor=\"#b6b8ba\" data-fullheight=\"off\"\n data-titlehoverbg=\"#ffffff\" data-titlehovercolor=\"#1d1e23\"\n data-rotatetabs=\"0\" data-responsivemode=\"Both\" data-animation=\"Slide\"\ndata-activetitle=\"#1d1e23\" data-activeicon=\"\" data-activebg=\"#ffffff\"  data-respmode=\"Tabs\" data-respwidth=\"400\" data-scroll = \"on\" data-activeindex=\"1\"><ul id=advanced-tabs-wrap-3692 class=\"ult_tabmenu style1 \" style=\"\"><li class=\"ult_tab_li  \" data-iconcolor=\"#74777b\" data-iconhover=\"#ffffff\" style=\"background-color:#ffffff;border-color:transparent;border-width:0px;border-style:solid;border-top-right-radius:8px;\">\n\t\t\t\t\t<a href=\"#1512642751410-8ee0b-c3ff\"  id=\"1512642751410-8ee0b-c3ff\"  style=\"color:#b6b8ba;; padding:15px; \" class=\"ult_a  \">\n\t\t\t\t\t     <span class=\"ult_tab_main Both \">\n\t\t\t\t\t \t\t <span class=\"ult_tab_section\">\n\t\t\t\t\t   \t\t\t<span  data-ultimate-target='#advanced-tabs-wrap-3692 .ult-span-text'  data-responsive-json-new='{\"font-size\":\"desktop:14px;\",\"line-height\":\"\"}'  class=\"ult-span-text no_icon ult_tab_display_text ult-responsive\" style=\"font-weight:bold;;\">KUVAUS<\/span>\n\t\t\t\t\t   \t\t<\/span>\n\t\t\t\t\t\t<\/span>\n\t\t\t\t\t<\/a>\n\t\t\t\t\t<\/li><\/ul><div  data-ultimate-target='#advanced-tabs-desc-wrap-2690 .ult_tabcontent .ult_tab_min_contain  p'  data-responsive-json-new='{\"font-size\":\"\",\"line-height\":\"\"}' class=\"ult_tabcontent ult-responsive style1\" style=\"color:#74777b;\"><div class=\"ult_tab_min_contain \" >\n\t\t\t<div  class=\"ult_tabitemname\"  >\n\t\t\t\t[vc_column_text]Ennen aktiivisen toiminnan aloittamista Suomessa yrityksen tulee hakea monia verorekister\u00f6intej\u00e4 Suomen Verossa. Me autamme p\u00e4\u00e4tt\u00e4m\u00e4\u00e4n millaiset rekister\u00f6innit ovat yritykselle tarpeelliset ja millaisessa j\u00e4rjestyksess\u00e4 on kaikkein j\u00e4rkevint\u00e4 esitt\u00e4\u00e4 hakemukset.<\/p>\n<p><strong>Hintaan sis\u00e4ltyy:<\/strong><\/p>\n<ul>\n<li>Hakemuksen t\u00e4ytt\u00e4minen<\/li>\n<li>Hakemuksen esitt\u00e4minen verohallinnolle<\/li>\n<li>Mahdollisiin tiedusteluihin vastaaminen<\/li>\n<li>Kommunikaatio verohallinnon kanssa.<\/li>\n<\/ul>\n<p><strong>Autamme seuraaviin rekistereihin hakeutumisen:<\/strong><\/p>\n<ul>\n<li>Ty\u00f6nantajaksi rekister\u00f6ityminen<\/li>\n<li>Arvonlis\u00e4verovelvolliseksi rekister\u00f6ityminen<\/li>\n<li>Ennakkoperint\u00e4rekisteri<\/li>\n<\/ul>\n<p><strong>Saatavilla lis\u00e4maksusta:<\/strong><\/p>\n<ul>\n<li><a href=\"https:\/\/1office.co\/finland\/fi\/kirjanpitopalvelut\/\" target=\"_blank\" rel=\"noopener\">Kirjanpitopalvelu<\/a><\/li>\n<\/ul>\n<p>[\/vc_column_text]\n\t\t\t<\/div><\/div><\/div><\/div><div class=\"ult_acord advanced-tabs-desc-wrap-2690\">\n   <div class=\"ult-tabto-accordion \" style=\"width:;\"\n    data-titlecolor=\"#b6b8ba\"  data-titlebg=\"#ffffff\"\n     data-titlehoverbg=\"#ffffff\" data-titlehovercolor=\"#1d1e23\" data-animation=\"Slide\"\n     data-activetitle=\"#1d1e23\" data-activeicon=\"\" data-activebg=\"#ffffff\" data-scroll = \"on\" data-activeindex=\"1\" >\n     <dl><dt class=\"\">\n\t        \t<a class=\"ult-tabto-actitle withBorder ult_a \" id=\"1512642751410-8ee0b-c3ff\" style=\"color:#b6b8ba;;background-color:#ffffff;border-bottom-color:transparent;border-bottom-width:0px;border-bottom-style:solid;\" href=\"#1512642751410-8ee0b-c3ff\">\n\t        \t\t<i class=\"accordion-icon\"><\/i>\n\t        \t\t\t<span class=\"ult_tab_main ult_ac_main ult_noacordicnBoth\">\n\n\t\t\t\t\t\t<span  data-ultimate-target='#advanced-tabs-wrap-3692 .ult-span-text'  data-responsive-json-new='{\"font-size\":\"desktop:14px;\",\"line-height\":\"\"}'  class=\"ult-span-text no_icon ult_acordian-text ult-responsive\" style=\"font-weight:bold;;color:inherit \" >KUVAUS<\/span>\n\t\t\t\t\t\t<\/span><\/a><\/dt>\n\t            \t\t<dd class=\"ult-tabto-accordionItem ult-tabto-accolapsed\">\n\t\t\t\t            <div class=\"ult-tabto-acontent\" style=\"color:#74777b;\">\n\t\t\t\t               [vc_column_text]Ennen aktiivisen toiminnan aloittamista Suomessa yrityksen tulee hakea monia verorekister\u00f6intej\u00e4 Suomen Verossa. Me autamme p\u00e4\u00e4tt\u00e4m\u00e4\u00e4n millaiset rekister\u00f6innit ovat yritykselle tarpeelliset ja millaisessa j\u00e4rjestyksess\u00e4 on kaikkein j\u00e4rkevint\u00e4 esitt\u00e4\u00e4 hakemukset.<\/p>\n<p><strong>Hintaan sis\u00e4ltyy:<\/strong><\/p>\n<ul>\n<li>Hakemuksen t\u00e4ytt\u00e4minen<\/li>\n<li>Hakemuksen esitt\u00e4minen verohallinnolle<\/li>\n<li>Mahdollisiin tiedusteluihin vastaaminen<\/li>\n<li>Kommunikaatio verohallinnon kanssa.<\/li>\n<\/ul>\n<p><strong>Autamme seuraaviin rekistereihin hakeutumisen:<\/strong><\/p>\n<ul>\n<li>Ty\u00f6nantajaksi rekister\u00f6ityminen<\/li>\n<li>Arvonlis\u00e4verovelvolliseksi rekister\u00f6ityminen<\/li>\n<li>Ennakkoperint\u00e4rekisteri<\/li>\n<\/ul>\n<p><strong>Saatavilla lis\u00e4maksusta:<\/strong><\/p>\n<ul>\n<li><a href=\"https:\/\/1office.co\/finland\/fi\/kirjanpitopalvelut\/\" target=\"_blank\" rel=\"noopener\">Kirjanpitopalvelu<\/a><\/li>\n<\/ul>\n<p>[\/vc_column_text]\n\t\t\t\t            <\/div>\n\t        \t\t\t<\/dd>\n    \t<\/dl>\n    <!--<div class=\"extraborder\" style=\"background-color:#ffffff\"><\/div>-->\n<\/div>\n\n<\/div>[\/vc_column][\/vc_row]<\/p>\n<\/div>","protected":false},"excerpt":{"rendered":"<p>Jotta yritys voisi aloittaa yritystoiminnan Suomessa sen t\u00e4ytyy ensin hakea monia verorekister\u00f6intej\u00e4. Me autamme selvitt\u00e4m\u00e4\u00e4n millaisiin rekistereihin yrityksen tarvitsee hakea ja hoidamme my\u00f6s hakemusten laatimisen.<\/p>\n","protected":false},"featured_media":58339,"template":"","meta":{"_acf_changed":false,"inline_featured_image":false},"product_brand":[],"product_cat":[354,353],"product_tag":[347],"class_list":{"0":"post-57859","1":"product","2":"type-product","3":"status-publish","4":"has-post-thumbnail","6":"product_cat-legal-services-fi","7":"product_cat-accounting-fi","8":"product_tag-finland-fi","9":"description-off","11":"first","12":"instock","13":"virtual","14":"taxable","15":"purchasable","16":"product-type-simple"},"bundled_by":["58745"],"bundle_stock_status":"instock","bundle_stock_quantity":null,"bundle_virtual":false,"bundle_layout":"","bundle_add_to_cart_form_location":"","bundle_editable_in_cart":false,"bundle_sold_individually_context":"","bundle_item_grouping":"","bundle_min_size":"","bundle_max_size":"","bundle_price":[],"bundled_items":[],"bundle_sell_ids":[],"acf":[],"yoast_head":"<!-- This site is optimized with the Yoast SEO Premium plugin v22.1 (Yoast SEO v27.0) - https:\/\/yoast.com\/product\/yoast-seo-premium-wordpress\/ -->\n<title>Rekister\u00f6innit suomalaiselle yritykselle | 1Office Finland<\/title>\n<meta name=\"description\" content=\"To start business in Finland, several registrations need to be applied for. We will help to figure out, which registrations you need and help you through the process.\" \/>\n<meta name=\"robots\" content=\"index, follow, max-snippet:-1, max-image-preview:large, max-video-preview:-1\" \/>\n<link rel=\"canonical\" href=\"https:\/\/1office.co\/finland\/fi\/tuote\/rekisteroinnit-kotimaiselle-yhtiolle\/\" \/>\n<meta property=\"og:locale\" content=\"fi_FI\" \/>\n<meta property=\"og:type\" content=\"article\" \/>\n<meta property=\"og:title\" content=\"Rekister\u00f6innit suomalaiselle yritykselle\" \/>\n<meta property=\"og:description\" content=\"To start business in Finland, several registrations need to be applied for. We will help to figure out, which registrations you need and help you through the process.\" \/>\n<meta property=\"og:url\" content=\"https:\/\/1office.co\/finland\/fi\/tuote\/rekisteroinnit-kotimaiselle-yhtiolle\/\" \/>\n<meta property=\"og:site_name\" content=\"1Office Finland\" \/>\n<meta property=\"article:modified_time\" content=\"2021-09-30T11:37:17+00:00\" \/>\n<meta property=\"og:image\" content=\"https:\/\/1office.co\/finland\/wp-content\/uploads\/sites\/10\/2018\/10\/LS3-1-e1594812371688.png\" \/>\n\t<meta property=\"og:image:width\" content=\"856\" \/>\n\t<meta property=\"og:image:height\" content=\"570\" \/>\n\t<meta property=\"og:image:type\" content=\"image\/png\" \/>\n<meta name=\"twitter:card\" content=\"summary_large_image\" \/>\n<meta name=\"twitter:label1\" content=\"Arvioitu lukuaika\" \/>\n\t<meta name=\"twitter:data1\" content=\"1 minuutti\" \/>\n<script type=\"application\/ld+json\" class=\"yoast-schema-graph\">{\"@context\":\"https:\/\/schema.org\",\"@graph\":[{\"@type\":\"WebPage\",\"@id\":\"https:\/\/1office.co\/finland\/fi\/tuote\/rekisteroinnit-kotimaiselle-yhtiolle\/\",\"url\":\"https:\/\/1office.co\/finland\/fi\/tuote\/rekisteroinnit-kotimaiselle-yhtiolle\/\",\"name\":\"Rekister\u00f6innit suomalaiselle yritykselle | 1Office Finland\",\"isPartOf\":{\"@id\":\"https:\/\/1office.co\/finland\/fi\/#website\"},\"primaryImageOfPage\":{\"@id\":\"https:\/\/1office.co\/finland\/fi\/tuote\/rekisteroinnit-kotimaiselle-yhtiolle\/#primaryimage\"},\"image\":{\"@id\":\"https:\/\/1office.co\/finland\/fi\/tuote\/rekisteroinnit-kotimaiselle-yhtiolle\/#primaryimage\"},\"thumbnailUrl\":\"https:\/\/1office.co\/finland\/wp-content\/uploads\/sites\/10\/2018\/10\/LS3-1-e1594812371688.png\",\"datePublished\":\"2017-08-10T08:34:10+00:00\",\"dateModified\":\"2021-09-30T11:37:17+00:00\",\"description\":\"To start business in Finland, several registrations need to be applied for. We will help to figure out, which registrations you need and help you through the process.\",\"breadcrumb\":{\"@id\":\"https:\/\/1office.co\/finland\/fi\/tuote\/rekisteroinnit-kotimaiselle-yhtiolle\/#breadcrumb\"},\"inLanguage\":\"fi\",\"potentialAction\":[{\"@type\":\"ReadAction\",\"target\":[\"https:\/\/1office.co\/finland\/fi\/tuote\/rekisteroinnit-kotimaiselle-yhtiolle\/\"]}]},{\"@type\":\"ImageObject\",\"inLanguage\":\"fi\",\"@id\":\"https:\/\/1office.co\/finland\/fi\/tuote\/rekisteroinnit-kotimaiselle-yhtiolle\/#primaryimage\",\"url\":\"https:\/\/1office.co\/finland\/wp-content\/uploads\/sites\/10\/2018\/10\/LS3-1-e1594812371688.png\",\"contentUrl\":\"https:\/\/1office.co\/finland\/wp-content\/uploads\/sites\/10\/2018\/10\/LS3-1-e1594812371688.png\",\"width\":856,\"height\":570},{\"@type\":\"BreadcrumbList\",\"@id\":\"https:\/\/1office.co\/finland\/fi\/tuote\/rekisteroinnit-kotimaiselle-yhtiolle\/#breadcrumb\",\"itemListElement\":[{\"@type\":\"ListItem\",\"position\":1,\"name\":\"Home\",\"item\":\"https:\/\/1office.co\/finland\/fi\/\"},{\"@type\":\"ListItem\",\"position\":2,\"name\":\"Services Shop\",\"item\":\"https:\/\/1office.co\/finland\/services-shop\/\"},{\"@type\":\"ListItem\",\"position\":3,\"name\":\"Rekister\u00f6innit suomalaiselle yritykselle\"}]},{\"@type\":\"WebSite\",\"@id\":\"https:\/\/1office.co\/finland\/fi\/#website\",\"url\":\"https:\/\/1office.co\/finland\/fi\/\",\"name\":\"1Office Finland\",\"description\":\"Making Business Simple\",\"potentialAction\":[{\"@type\":\"SearchAction\",\"target\":{\"@type\":\"EntryPoint\",\"urlTemplate\":\"https:\/\/1office.co\/finland\/fi\/?s={search_term_string}\"},\"query-input\":{\"@type\":\"PropertyValueSpecification\",\"valueRequired\":true,\"valueName\":\"search_term_string\"}}],\"inLanguage\":\"fi\"}]}<\/script>\n<!-- \/ Yoast SEO Premium plugin. -->","yoast_head_json":{"title":"Rekister\u00f6innit suomalaiselle yritykselle | 1Office Finland","description":"To start business in Finland, several registrations need to be applied for. We will help to figure out, which registrations you need and help you through the process.","robots":{"index":"index","follow":"follow","max-snippet":"max-snippet:-1","max-image-preview":"max-image-preview:large","max-video-preview":"max-video-preview:-1"},"canonical":"https:\/\/1office.co\/finland\/fi\/tuote\/rekisteroinnit-kotimaiselle-yhtiolle\/","og_locale":"fi_FI","og_type":"article","og_title":"Rekister\u00f6innit suomalaiselle yritykselle","og_description":"To start business in Finland, several registrations need to be applied for. We will help to figure out, which registrations you need and help you through the process.","og_url":"https:\/\/1office.co\/finland\/fi\/tuote\/rekisteroinnit-kotimaiselle-yhtiolle\/","og_site_name":"1Office Finland","article_modified_time":"2021-09-30T11:37:17+00:00","og_image":[{"width":856,"height":570,"url":"https:\/\/1office.co\/finland\/wp-content\/uploads\/sites\/10\/2018\/10\/LS3-1-e1594812371688.png","type":"image\/png"}],"twitter_card":"summary_large_image","twitter_misc":{"Arvioitu lukuaika":"1 minuutti"},"schema":{"@context":"https:\/\/schema.org","@graph":[{"@type":"WebPage","@id":"https:\/\/1office.co\/finland\/fi\/tuote\/rekisteroinnit-kotimaiselle-yhtiolle\/","url":"https:\/\/1office.co\/finland\/fi\/tuote\/rekisteroinnit-kotimaiselle-yhtiolle\/","name":"Rekister\u00f6innit suomalaiselle yritykselle | 1Office Finland","isPartOf":{"@id":"https:\/\/1office.co\/finland\/fi\/#website"},"primaryImageOfPage":{"@id":"https:\/\/1office.co\/finland\/fi\/tuote\/rekisteroinnit-kotimaiselle-yhtiolle\/#primaryimage"},"image":{"@id":"https:\/\/1office.co\/finland\/fi\/tuote\/rekisteroinnit-kotimaiselle-yhtiolle\/#primaryimage"},"thumbnailUrl":"https:\/\/1office.co\/finland\/wp-content\/uploads\/sites\/10\/2018\/10\/LS3-1-e1594812371688.png","datePublished":"2017-08-10T08:34:10+00:00","dateModified":"2021-09-30T11:37:17+00:00","description":"To start business in Finland, several registrations need to be applied for. We will help to figure out, which registrations you need and help you through the process.","breadcrumb":{"@id":"https:\/\/1office.co\/finland\/fi\/tuote\/rekisteroinnit-kotimaiselle-yhtiolle\/#breadcrumb"},"inLanguage":"fi","potentialAction":[{"@type":"ReadAction","target":["https:\/\/1office.co\/finland\/fi\/tuote\/rekisteroinnit-kotimaiselle-yhtiolle\/"]}]},{"@type":"ImageObject","inLanguage":"fi","@id":"https:\/\/1office.co\/finland\/fi\/tuote\/rekisteroinnit-kotimaiselle-yhtiolle\/#primaryimage","url":"https:\/\/1office.co\/finland\/wp-content\/uploads\/sites\/10\/2018\/10\/LS3-1-e1594812371688.png","contentUrl":"https:\/\/1office.co\/finland\/wp-content\/uploads\/sites\/10\/2018\/10\/LS3-1-e1594812371688.png","width":856,"height":570},{"@type":"BreadcrumbList","@id":"https:\/\/1office.co\/finland\/fi\/tuote\/rekisteroinnit-kotimaiselle-yhtiolle\/#breadcrumb","itemListElement":[{"@type":"ListItem","position":1,"name":"Home","item":"https:\/\/1office.co\/finland\/fi\/"},{"@type":"ListItem","position":2,"name":"Services Shop","item":"https:\/\/1office.co\/finland\/services-shop\/"},{"@type":"ListItem","position":3,"name":"Rekister\u00f6innit suomalaiselle yritykselle"}]},{"@type":"WebSite","@id":"https:\/\/1office.co\/finland\/fi\/#website","url":"https:\/\/1office.co\/finland\/fi\/","name":"1Office Finland","description":"Making Business Simple","potentialAction":[{"@type":"SearchAction","target":{"@type":"EntryPoint","urlTemplate":"https:\/\/1office.co\/finland\/fi\/?s={search_term_string}"},"query-input":{"@type":"PropertyValueSpecification","valueRequired":true,"valueName":"search_term_string"}}],"inLanguage":"fi"}]}},"_links":{"self":[{"href":"https:\/\/1office.co\/finland\/fi\/wp-json\/wp\/v2\/product\/57859","targetHints":{"allow":["GET"]}}],"collection":[{"href":"https:\/\/1office.co\/finland\/fi\/wp-json\/wp\/v2\/product"}],"about":[{"href":"https:\/\/1office.co\/finland\/fi\/wp-json\/wp\/v2\/types\/product"}],"wp:featuredmedia":[{"embeddable":true,"href":"https:\/\/1office.co\/finland\/fi\/wp-json\/wp\/v2\/media\/58339"}],"wp:attachment":[{"href":"https:\/\/1office.co\/finland\/fi\/wp-json\/wp\/v2\/media?parent=57859"}],"wp:term":[{"taxonomy":"product_brand","embeddable":true,"href":"https:\/\/1office.co\/finland\/fi\/wp-json\/wp\/v2\/product_brand?post=57859"},{"taxonomy":"product_cat","embeddable":true,"href":"https:\/\/1office.co\/finland\/fi\/wp-json\/wp\/v2\/product_cat?post=57859"},{"taxonomy":"product_tag","embeddable":true,"href":"https:\/\/1office.co\/finland\/fi\/wp-json\/wp\/v2\/product_tag?post=57859"}],"curies":[{"name":"wp","href":"https:\/\/api.w.org\/{rel}","templated":true}]}}