{"id":57863,"date":"2017-08-10T10:40:21","date_gmt":"2017-08-10T10:40:21","guid":{"rendered":"https:\/\/1office.co\/finland\/product\/international-tax-consultation\/"},"modified":"2023-03-29T12:14:15","modified_gmt":"2023-03-29T12:14:15","slug":"kansainvalinen-veroneuvonta","status":"publish","type":"product","link":"https:\/\/1office.co\/finland\/fi\/tuote\/kansainvalinen-veroneuvonta\/","title":{"rendered":"Kansainv\u00e4linen veroneuvonta"},"content":{"rendered":"<div class=\"wpb-content-wrapper\"><p>[vc_row][vc_column]<div id=\"advanced-tabs-desc-wrap-9104\" class=\"ult_tabs product_tabs\" style=\" \" data-tabsstyle=\"style1\"\n data-titlebg=\"#ffffff\" data-titlecolor=\"#b6b8ba\" data-fullheight=\"off\"\n data-titlehoverbg=\"#ffffff\" data-titlehovercolor=\"#1d1e23\"\n data-rotatetabs=\"0\" data-responsivemode=\"Both\" data-animation=\"Slide\"\ndata-activetitle=\"#1d1e23\" data-activeicon=\"\" data-activebg=\"#ffffff\"  data-respmode=\"Tabs\" data-respwidth=\"400\" data-scroll = \"on\" data-activeindex=\"1\"><ul id=advanced-tabs-wrap-2847 class=\"ult_tabmenu style1 \" style=\"\"><li class=\"ult_tab_li  \" data-iconcolor=\"#74777b\" data-iconhover=\"#ffffff\" style=\"background-color:#ffffff;border-color:transparent;border-width:0px;border-style:solid;border-top-left-radius:8px;\">\n\t\t\t\t\t<a href=\"#1512642751410-84e8b-6fc5\"  id=\"1512642751410-84e8b-6fc5\"  style=\"color:#b6b8ba;; padding:15px; \" class=\"ult_a  \">\n\t\t\t\t\t     <span class=\"ult_tab_main Both \">\n\t\t\t\t\t \t\t <span class=\"ult_tab_section\">\n\t\t\t\t\t   \t\t\t<span  data-ultimate-target='#advanced-tabs-wrap-2847 .ult-span-text'  data-responsive-json-new='{\"font-size\":\"desktop:14px;\",\"line-height\":\"\"}'  class=\"ult-span-text no_icon ult_tab_display_text ult-responsive\" style=\"font-weight:bold;;\">KUVAUS<\/span>\n\t\t\t\t\t   \t\t<\/span>\n\t\t\t\t\t\t<\/span>\n\t\t\t\t\t<\/a>\n\t\t\t\t\t<\/li><li class=\"ult_tab_li  \" data-iconcolor=\"#74777b\" data-iconhover=\"#ffffff\" style=\"background-color:#ffffff;border-color:transparent;border-width:0px;border-style:solid;border-top-right-radius:8px;\">\n\t\t\t\t\t<a href=\"#1516979540310-1-8\"  id=\"1516979540310-1-8\"  style=\"color:#b6b8ba;; padding:15px; \" class=\"ult_a  \">\n\t\t\t\t\t     <span class=\"ult_tab_main Both \">\n\t\t\t\t\t \t\t <span class=\"ult_tab_section\">\n\t\t\t\t\t   \t\t\t<span  data-ultimate-target='#advanced-tabs-wrap-2847 .ult-span-text'  data-responsive-json-new='{\"font-size\":\"desktop:14px;\",\"line-height\":\"\"}'  class=\"ult-span-text no_icon ult_tab_display_text ult-responsive\" style=\"font-weight:bold;;\">USEIN KYSYTYT<\/span>\n\t\t\t\t\t   \t\t<\/span>\n\t\t\t\t\t\t<\/span>\n\t\t\t\t\t<\/a>\n\t\t\t\t\t<\/li><\/ul><div  data-ultimate-target='#advanced-tabs-desc-wrap-9104 .ult_tabcontent .ult_tab_min_contain  p'  data-responsive-json-new='{\"font-size\":\"\",\"line-height\":\"\"}' class=\"ult_tabcontent ult-responsive style1\" style=\"color:#74777b;\"><div class=\"ult_tab_min_contain \" >\n\t\t\t<div  class=\"ult_tabitemname\"  >\n\t\t\t\t[vc_column_text]Kansainv\u00e4linen yritystoiminta vaatii tietoja eri maiden verotuksesta ja lains\u00e4\u00e4d\u00e4nn\u00f6st\u00e4. Me annamme neuvoja verotukseen, verotus sopimuksiin ja potentiaalisiin riskeihin liittyen.<\/p>\n<p><strong>Hintaan sis\u00e4ltyy:<\/strong><\/p>\n<ul>\n<li>Konsultaation tarkka sis\u00e4lt\u00f6 ja m\u00e4\u00e4r\u00e4 riippuvat kyseisen asiakkaan tarpeista ja kysymyksist\u00e4.<\/li>\n<\/ul>\n<p><strong>Konsultaatiossa heijastuvat aihealueet ovat usein seuraavat:<\/strong><\/p>\n<ul>\n<li>Suomalaisen yrityksen verotus<\/li>\n<li>Kiinte\u00e4 toimipaikka ja sen verotus<\/li>\n<li>Verotussopimukset Suomen ja muiden maiden v\u00e4lill\u00e4<\/li>\n<li>Tilanneanalyysi mahdollisten riskien selvitt\u00e4miseksi<\/li>\n<li>Osinkojen ja muiden tulojen verotus<\/li>\n<li>Rajoja ylitt\u00e4v\u00e4 arvonlis\u00e4verotus<\/li>\n<\/ul>\n<p><strong>Saatavilla lis\u00e4maksusta:<\/strong><\/p>\n<ul>\n<li><a href=\"https:\/\/1office.co\/finland\/fi\/tuote\/aloittavan-yrityksen-konsultaatio\/\" target=\"_blank\" rel=\"noopener\">Konsultaatio &#8211; Yrityksen aloittaminen Suomessa<\/a><\/li>\n<\/ul>\n<p><strong>Prosessikuvaus: <\/strong><\/p>\n<ul>\n<li>L\u00e4het\u00e4 meille kysymyksesi, jotta voimme arvioida konsultaation m\u00e4\u00e4r\u00e4n.<\/li>\n<li>L\u00e4het\u00e4mme sinulle hintatarjouksen ja sovitaan ty\u00f6n m\u00e4\u00e4r\u00e4st\u00e4.<\/li>\n<li>Konsultaatio tehd\u00e4\u00e4n puhelimitse, skype-puheluna tai kirjallisesti.<\/li>\n<\/ul>\n<p><strong>T\u00e4rke\u00e4\u00e4 tietoa:<\/strong><\/p>\n<ul>\n<li>Koska konsultaation sis\u00e4lt\u00f6 ja m\u00e4\u00e4r\u00e4 riippuvat kyseisen asiakkaan tarpeista, sovimme aina konsultaation m\u00e4\u00e4r\u00e4st\u00e4 etuk\u00e4teen.<\/li>\n<li>Ole valmis selitttt\u00e4m\u00e4\u00e4n meille liiketoimintasuunnitelmasi ja l\u00e4hett\u00e4m\u00e4\u00e4n t\u00e4rkeimm\u00e4t kysymyksesi ja huolen aiheesi liittyen suunniteltavaan yritystoimintaan.<\/li>\n<\/ul>\n<p>[\/vc_column_text]\n\t\t\t<\/div>\n\t\t\t<div  class=\"ult_tabitemname\"  >\n\t\t\t\t[vc_toggle title=&#8221;1. Mit\u00e4 veroja on maksettava?&#8221; style=&#8221;arrow&#8221; open=&#8221;true&#8221; custom_font_container=&#8221;tag:h5|text_align:left|color:%230c0c0c&#8221; custom_use_theme_fonts=&#8221;yes&#8221; use_custom_heading=&#8221;true&#8221;]Yksityishenkil\u00f6n tai yhti\u00f6n verotuksesta ei voida antaa t\u00e4ydellist\u00e4 vastausta ilman taustatietoja. Pyyd\u00e4mme tilamaan konsultaation ja esitt\u00e4m\u00e4\u00e4n kysymykset kirjallisesti, jotta voimme teid\u00e4n tapaukseen perehty\u00e4.[\/vc_toggle]\n\t\t\t<\/div><\/div><\/div><\/div><div class=\"ult_acord advanced-tabs-desc-wrap-9104\">\n   <div class=\"ult-tabto-accordion \" style=\"width:;\"\n    data-titlecolor=\"#b6b8ba\"  data-titlebg=\"#ffffff\"\n     data-titlehoverbg=\"#ffffff\" data-titlehovercolor=\"#1d1e23\" data-animation=\"Slide\"\n     data-activetitle=\"#1d1e23\" data-activeicon=\"\" data-activebg=\"#ffffff\" data-scroll = \"on\" data-activeindex=\"1\" >\n     <dl><dt class=\"\">\n\t        \t<a class=\"ult-tabto-actitle withBorder ult_a \" id=\"1512642751410-84e8b-6fc5\" style=\"color:#b6b8ba;;background-color:#ffffff;border-bottom-color:transparent;border-bottom-width:0px;border-bottom-style:solid;\" href=\"#1512642751410-84e8b-6fc5\">\n\t        \t\t<i class=\"accordion-icon\"><\/i>\n\t        \t\t\t<span class=\"ult_tab_main ult_ac_main ult_noacordicnBoth\">\n\n\t\t\t\t\t\t<span  data-ultimate-target='#advanced-tabs-wrap-2847 .ult-span-text'  data-responsive-json-new='{\"font-size\":\"desktop:14px;\",\"line-height\":\"\"}'  class=\"ult-span-text no_icon ult_acordian-text ult-responsive\" style=\"font-weight:bold;;color:inherit \" >KUVAUS<\/span>\n\t\t\t\t\t\t<\/span><\/a><\/dt>\n\t            \t\t<dd class=\"ult-tabto-accordionItem ult-tabto-accolapsed\">\n\t\t\t\t            <div class=\"ult-tabto-acontent\" style=\"color:#74777b;\">\n\t\t\t\t               [vc_column_text]Kansainv\u00e4linen yritystoiminta vaatii tietoja eri maiden verotuksesta ja lains\u00e4\u00e4d\u00e4nn\u00f6st\u00e4. Me annamme neuvoja verotukseen, verotus sopimuksiin ja potentiaalisiin riskeihin liittyen.<\/p>\n<p><strong>Hintaan sis\u00e4ltyy:<\/strong><\/p>\n<ul>\n<li>Konsultaation tarkka sis\u00e4lt\u00f6 ja m\u00e4\u00e4r\u00e4 riippuvat kyseisen asiakkaan tarpeista ja kysymyksist\u00e4.<\/li>\n<\/ul>\n<p><strong>Konsultaatiossa heijastuvat aihealueet ovat usein seuraavat:<\/strong><\/p>\n<ul>\n<li>Suomalaisen yrityksen verotus<\/li>\n<li>Kiinte\u00e4 toimipaikka ja sen verotus<\/li>\n<li>Verotussopimukset Suomen ja muiden maiden v\u00e4lill\u00e4<\/li>\n<li>Tilanneanalyysi mahdollisten riskien selvitt\u00e4miseksi<\/li>\n<li>Osinkojen ja muiden tulojen verotus<\/li>\n<li>Rajoja ylitt\u00e4v\u00e4 arvonlis\u00e4verotus<\/li>\n<\/ul>\n<p><strong>Saatavilla lis\u00e4maksusta:<\/strong><\/p>\n<ul>\n<li><a href=\"https:\/\/1office.co\/finland\/fi\/tuote\/aloittavan-yrityksen-konsultaatio\/\" target=\"_blank\" rel=\"noopener\">Konsultaatio &#8211; Yrityksen aloittaminen Suomessa<\/a><\/li>\n<\/ul>\n<p><strong>Prosessikuvaus: <\/strong><\/p>\n<ul>\n<li>L\u00e4het\u00e4 meille kysymyksesi, jotta voimme arvioida konsultaation m\u00e4\u00e4r\u00e4n.<\/li>\n<li>L\u00e4het\u00e4mme sinulle hintatarjouksen ja sovitaan ty\u00f6n m\u00e4\u00e4r\u00e4st\u00e4.<\/li>\n<li>Konsultaatio tehd\u00e4\u00e4n puhelimitse, skype-puheluna tai kirjallisesti.<\/li>\n<\/ul>\n<p><strong>T\u00e4rke\u00e4\u00e4 tietoa:<\/strong><\/p>\n<ul>\n<li>Koska konsultaation sis\u00e4lt\u00f6 ja m\u00e4\u00e4r\u00e4 riippuvat kyseisen asiakkaan tarpeista, sovimme aina konsultaation m\u00e4\u00e4r\u00e4st\u00e4 etuk\u00e4teen.<\/li>\n<li>Ole valmis selitttt\u00e4m\u00e4\u00e4n meille liiketoimintasuunnitelmasi ja l\u00e4hett\u00e4m\u00e4\u00e4n t\u00e4rkeimm\u00e4t kysymyksesi ja huolen aiheesi liittyen suunniteltavaan yritystoimintaan.<\/li>\n<\/ul>\n<p>[\/vc_column_text]\n\t\t\t\t            <\/div>\n\t        \t\t\t<\/dd><dt class=\"\">\n\t        \t<a class=\"ult-tabto-actitle withBorder ult_a \" id=\"1516979540310-1-8\" style=\"color:#b6b8ba;;background-color:#ffffff;border-bottom-color:transparent;border-bottom-width:0px;border-bottom-style:solid;border-bottom-color:transparent;border-bottom-width:0px;border-bottom-style:solid;\" href=\"#1516979540310-1-8\">\n\t        \t\t<i class=\"accordion-icon\"><\/i>\n\t        \t\t\t<span class=\"ult_tab_main ult_ac_main ult_noacordicnBoth\">\n\n\t\t\t\t\t\t<span  data-ultimate-target='#advanced-tabs-wrap-2847 .ult-span-text'  data-responsive-json-new='{\"font-size\":\"desktop:14px;\",\"line-height\":\"\"}'  class=\"ult-span-text no_icon ult_acordian-text ult-responsive\" style=\"font-weight:bold;;color:inherit \" >USEIN KYSYTYT<\/span>\n\t\t\t\t\t\t<\/span><\/a><\/dt>\n\t            \t\t<dd class=\"ult-tabto-accordionItem ult-tabto-accolapsed\">\n\t\t\t\t            <div class=\"ult-tabto-acontent\" style=\"color:#74777b;\">\n\t\t\t\t               [vc_toggle title=&#8221;1. Mit\u00e4 veroja on maksettava?&#8221; style=&#8221;arrow&#8221; open=&#8221;true&#8221; custom_font_container=&#8221;tag:h5|text_align:left|color:%230c0c0c&#8221; custom_use_theme_fonts=&#8221;yes&#8221; use_custom_heading=&#8221;true&#8221;]Yksityishenkil\u00f6n tai yhti\u00f6n verotuksesta ei voida antaa t\u00e4ydellist\u00e4 vastausta ilman taustatietoja. Pyyd\u00e4mme tilamaan konsultaation ja esitt\u00e4m\u00e4\u00e4n kysymykset kirjallisesti, jotta voimme teid\u00e4n tapaukseen perehty\u00e4.[\/vc_toggle]\n\t\t\t\t            <\/div>\n\t        \t\t\t<\/dd>\n    \t<\/dl>\n    <!--<div class=\"extraborder\" style=\"background-color:#ffffff\"><\/div>-->\n<\/div>\n\n<\/div>[\/vc_column][\/vc_row]<\/p>\n<\/div>","protected":false},"excerpt":{"rendered":"<p>Konsultaatio antaa hyv\u00e4n yleiskatsauksen rajoja ylitt\u00e4v\u00e4st\u00e4 yritystoiminnasta ja tapahtumien verotuksesta. Konsultaation tarkka sis\u00e4lt\u00f6 riippuu kyseisen asiakkaan kysymyksist\u00e4.<\/p>\n","protected":false},"featured_media":57424,"template":"","meta":{"_acf_changed":false,"inline_featured_image":false},"product_brand":[],"product_cat":[354,353],"product_tag":[347],"class_list":{"0":"post-57863","1":"product","2":"type-product","3":"status-publish","4":"has-post-thumbnail","6":"product_cat-legal-services-fi","7":"product_cat-accounting-fi","8":"product_tag-finland-fi","9":"description-off","11":"first","12":"instock","13":"virtual","14":"taxable","15":"purchasable","16":"product-type-simple"},"bundled_by":[],"bundle_stock_status":"instock","bundle_stock_quantity":null,"bundle_virtual":false,"bundle_layout":"","bundle_add_to_cart_form_location":"","bundle_editable_in_cart":false,"bundle_sold_individually_context":"","bundle_item_grouping":"","bundle_min_size":"","bundle_max_size":"","bundle_price":[],"bundled_items":[],"bundle_sell_ids":[],"acf":[],"yoast_head":"<!-- This site is optimized with the Yoast SEO Premium plugin v22.1 (Yoast SEO v27.0) - https:\/\/yoast.com\/product\/yoast-seo-premium-wordpress\/ -->\n<title>Kansainv\u00e4linen veroneuvonta | 1Office Finland<\/title>\n<meta name=\"description\" content=\"International business requires knowledge about taxation and laws in different countries. We provide consultations for business planning in Estonia, Sweden, Finland, UK, Latvia and Lithuania.\" \/>\n<meta name=\"robots\" content=\"index, follow, max-snippet:-1, max-image-preview:large, max-video-preview:-1\" \/>\n<link rel=\"canonical\" href=\"https:\/\/1office.co\/finland\/fi\/tuote\/kansainvalinen-veroneuvonta\/\" \/>\n<meta property=\"og:locale\" content=\"fi_FI\" \/>\n<meta property=\"og:type\" content=\"article\" \/>\n<meta property=\"og:title\" content=\"Kansainv\u00e4linen veroneuvonta\" \/>\n<meta property=\"og:description\" content=\"International business requires knowledge about taxation and laws in different countries. We provide consultations for business planning in Estonia, Sweden, Finland, UK, Latvia and Lithuania.\" \/>\n<meta property=\"og:url\" content=\"https:\/\/1office.co\/finland\/fi\/tuote\/kansainvalinen-veroneuvonta\/\" \/>\n<meta property=\"og:site_name\" content=\"1Office Finland\" \/>\n<meta property=\"article:modified_time\" content=\"2023-03-29T12:14:15+00:00\" \/>\n<meta property=\"og:image\" content=\"https:\/\/1office.co\/finland\/wp-content\/uploads\/sites\/10\/2017\/08\/calculator-calculation-insurance-finance-53621.jpeg\" \/>\n\t<meta property=\"og:image:width\" content=\"1920\" \/>\n\t<meta property=\"og:image:height\" content=\"1131\" \/>\n\t<meta property=\"og:image:type\" content=\"image\/jpeg\" \/>\n<meta name=\"twitter:card\" content=\"summary_large_image\" \/>\n<meta name=\"twitter:label1\" content=\"Arvioitu lukuaika\" \/>\n\t<meta name=\"twitter:data1\" content=\"1 minuutti\" \/>\n<script type=\"application\/ld+json\" class=\"yoast-schema-graph\">{\"@context\":\"https:\/\/schema.org\",\"@graph\":[{\"@type\":\"WebPage\",\"@id\":\"https:\/\/1office.co\/finland\/fi\/tuote\/kansainvalinen-veroneuvonta\/\",\"url\":\"https:\/\/1office.co\/finland\/fi\/tuote\/kansainvalinen-veroneuvonta\/\",\"name\":\"Kansainv\u00e4linen veroneuvonta | 1Office Finland\",\"isPartOf\":{\"@id\":\"https:\/\/1office.co\/finland\/fi\/#website\"},\"primaryImageOfPage\":{\"@id\":\"https:\/\/1office.co\/finland\/fi\/tuote\/kansainvalinen-veroneuvonta\/#primaryimage\"},\"image\":{\"@id\":\"https:\/\/1office.co\/finland\/fi\/tuote\/kansainvalinen-veroneuvonta\/#primaryimage\"},\"thumbnailUrl\":\"https:\/\/1office.co\/finland\/wp-content\/uploads\/sites\/10\/2017\/08\/calculator-calculation-insurance-finance-53621.jpeg\",\"datePublished\":\"2017-08-10T10:40:21+00:00\",\"dateModified\":\"2023-03-29T12:14:15+00:00\",\"description\":\"International business requires knowledge about taxation and laws in different countries. We provide consultations for business planning in Estonia, Sweden, Finland, UK, Latvia and Lithuania.\",\"breadcrumb\":{\"@id\":\"https:\/\/1office.co\/finland\/fi\/tuote\/kansainvalinen-veroneuvonta\/#breadcrumb\"},\"inLanguage\":\"fi\",\"potentialAction\":[{\"@type\":\"ReadAction\",\"target\":[\"https:\/\/1office.co\/finland\/fi\/tuote\/kansainvalinen-veroneuvonta\/\"]}]},{\"@type\":\"ImageObject\",\"inLanguage\":\"fi\",\"@id\":\"https:\/\/1office.co\/finland\/fi\/tuote\/kansainvalinen-veroneuvonta\/#primaryimage\",\"url\":\"https:\/\/1office.co\/finland\/wp-content\/uploads\/sites\/10\/2017\/08\/calculator-calculation-insurance-finance-53621.jpeg\",\"contentUrl\":\"https:\/\/1office.co\/finland\/wp-content\/uploads\/sites\/10\/2017\/08\/calculator-calculation-insurance-finance-53621.jpeg\",\"width\":1920,\"height\":1131},{\"@type\":\"BreadcrumbList\",\"@id\":\"https:\/\/1office.co\/finland\/fi\/tuote\/kansainvalinen-veroneuvonta\/#breadcrumb\",\"itemListElement\":[{\"@type\":\"ListItem\",\"position\":1,\"name\":\"Home\",\"item\":\"https:\/\/1office.co\/finland\/fi\/\"},{\"@type\":\"ListItem\",\"position\":2,\"name\":\"Services Shop\",\"item\":\"https:\/\/1office.co\/finland\/services-shop\/\"},{\"@type\":\"ListItem\",\"position\":3,\"name\":\"Kansainv\u00e4linen veroneuvonta\"}]},{\"@type\":\"WebSite\",\"@id\":\"https:\/\/1office.co\/finland\/fi\/#website\",\"url\":\"https:\/\/1office.co\/finland\/fi\/\",\"name\":\"1Office Finland\",\"description\":\"Making Business Simple\",\"potentialAction\":[{\"@type\":\"SearchAction\",\"target\":{\"@type\":\"EntryPoint\",\"urlTemplate\":\"https:\/\/1office.co\/finland\/fi\/?s={search_term_string}\"},\"query-input\":{\"@type\":\"PropertyValueSpecification\",\"valueRequired\":true,\"valueName\":\"search_term_string\"}}],\"inLanguage\":\"fi\"}]}<\/script>\n<!-- \/ Yoast SEO Premium plugin. -->","yoast_head_json":{"title":"Kansainv\u00e4linen veroneuvonta | 1Office Finland","description":"International business requires knowledge about taxation and laws in different countries. We provide consultations for business planning in Estonia, Sweden, Finland, UK, Latvia and Lithuania.","robots":{"index":"index","follow":"follow","max-snippet":"max-snippet:-1","max-image-preview":"max-image-preview:large","max-video-preview":"max-video-preview:-1"},"canonical":"https:\/\/1office.co\/finland\/fi\/tuote\/kansainvalinen-veroneuvonta\/","og_locale":"fi_FI","og_type":"article","og_title":"Kansainv\u00e4linen veroneuvonta","og_description":"International business requires knowledge about taxation and laws in different countries. We provide consultations for business planning in Estonia, Sweden, Finland, UK, Latvia and Lithuania.","og_url":"https:\/\/1office.co\/finland\/fi\/tuote\/kansainvalinen-veroneuvonta\/","og_site_name":"1Office Finland","article_modified_time":"2023-03-29T12:14:15+00:00","og_image":[{"width":1920,"height":1131,"url":"https:\/\/1office.co\/finland\/wp-content\/uploads\/sites\/10\/2017\/08\/calculator-calculation-insurance-finance-53621.jpeg","type":"image\/jpeg"}],"twitter_card":"summary_large_image","twitter_misc":{"Arvioitu lukuaika":"1 minuutti"},"schema":{"@context":"https:\/\/schema.org","@graph":[{"@type":"WebPage","@id":"https:\/\/1office.co\/finland\/fi\/tuote\/kansainvalinen-veroneuvonta\/","url":"https:\/\/1office.co\/finland\/fi\/tuote\/kansainvalinen-veroneuvonta\/","name":"Kansainv\u00e4linen veroneuvonta | 1Office Finland","isPartOf":{"@id":"https:\/\/1office.co\/finland\/fi\/#website"},"primaryImageOfPage":{"@id":"https:\/\/1office.co\/finland\/fi\/tuote\/kansainvalinen-veroneuvonta\/#primaryimage"},"image":{"@id":"https:\/\/1office.co\/finland\/fi\/tuote\/kansainvalinen-veroneuvonta\/#primaryimage"},"thumbnailUrl":"https:\/\/1office.co\/finland\/wp-content\/uploads\/sites\/10\/2017\/08\/calculator-calculation-insurance-finance-53621.jpeg","datePublished":"2017-08-10T10:40:21+00:00","dateModified":"2023-03-29T12:14:15+00:00","description":"International business requires knowledge about taxation and laws in different countries. We provide consultations for business planning in Estonia, Sweden, Finland, UK, Latvia and Lithuania.","breadcrumb":{"@id":"https:\/\/1office.co\/finland\/fi\/tuote\/kansainvalinen-veroneuvonta\/#breadcrumb"},"inLanguage":"fi","potentialAction":[{"@type":"ReadAction","target":["https:\/\/1office.co\/finland\/fi\/tuote\/kansainvalinen-veroneuvonta\/"]}]},{"@type":"ImageObject","inLanguage":"fi","@id":"https:\/\/1office.co\/finland\/fi\/tuote\/kansainvalinen-veroneuvonta\/#primaryimage","url":"https:\/\/1office.co\/finland\/wp-content\/uploads\/sites\/10\/2017\/08\/calculator-calculation-insurance-finance-53621.jpeg","contentUrl":"https:\/\/1office.co\/finland\/wp-content\/uploads\/sites\/10\/2017\/08\/calculator-calculation-insurance-finance-53621.jpeg","width":1920,"height":1131},{"@type":"BreadcrumbList","@id":"https:\/\/1office.co\/finland\/fi\/tuote\/kansainvalinen-veroneuvonta\/#breadcrumb","itemListElement":[{"@type":"ListItem","position":1,"name":"Home","item":"https:\/\/1office.co\/finland\/fi\/"},{"@type":"ListItem","position":2,"name":"Services Shop","item":"https:\/\/1office.co\/finland\/services-shop\/"},{"@type":"ListItem","position":3,"name":"Kansainv\u00e4linen veroneuvonta"}]},{"@type":"WebSite","@id":"https:\/\/1office.co\/finland\/fi\/#website","url":"https:\/\/1office.co\/finland\/fi\/","name":"1Office Finland","description":"Making Business Simple","potentialAction":[{"@type":"SearchAction","target":{"@type":"EntryPoint","urlTemplate":"https:\/\/1office.co\/finland\/fi\/?s={search_term_string}"},"query-input":{"@type":"PropertyValueSpecification","valueRequired":true,"valueName":"search_term_string"}}],"inLanguage":"fi"}]}},"_links":{"self":[{"href":"https:\/\/1office.co\/finland\/fi\/wp-json\/wp\/v2\/product\/57863","targetHints":{"allow":["GET"]}}],"collection":[{"href":"https:\/\/1office.co\/finland\/fi\/wp-json\/wp\/v2\/product"}],"about":[{"href":"https:\/\/1office.co\/finland\/fi\/wp-json\/wp\/v2\/types\/product"}],"wp:featuredmedia":[{"embeddable":true,"href":"https:\/\/1office.co\/finland\/fi\/wp-json\/wp\/v2\/media\/57424"}],"wp:attachment":[{"href":"https:\/\/1office.co\/finland\/fi\/wp-json\/wp\/v2\/media?parent=57863"}],"wp:term":[{"taxonomy":"product_brand","embeddable":true,"href":"https:\/\/1office.co\/finland\/fi\/wp-json\/wp\/v2\/product_brand?post=57863"},{"taxonomy":"product_cat","embeddable":true,"href":"https:\/\/1office.co\/finland\/fi\/wp-json\/wp\/v2\/product_cat?post=57863"},{"taxonomy":"product_tag","embeddable":true,"href":"https:\/\/1office.co\/finland\/fi\/wp-json\/wp\/v2\/product_tag?post=57863"}],"curies":[{"name":"wp","href":"https:\/\/api.w.org\/{rel}","templated":true}]}}