{"id":57877,"date":"2017-08-10T08:34:11","date_gmt":"2017-08-10T08:34:11","guid":{"rendered":"https:\/\/1office.co\/finland\/product\/ready-made-company-oy\/"},"modified":"2021-06-16T11:27:19","modified_gmt":"2021-06-16T11:27:19","slug":"valmisyritys","status":"publish","type":"product","link":"https:\/\/1office.co\/finland\/fi\/tuote\/valmisyritys\/","title":{"rendered":"Valmisyritys (sis\u00e4lt\u00e4\u00e4 PRH:n k\u00e4sittelymaksun)"},"content":{"rendered":"<div class=\"wpb-content-wrapper\"><p>[vc_row][vc_column]<div id=\"advanced-tabs-desc-wrap-3070\" class=\"ult_tabs product_tabs\" style=\" \" data-tabsstyle=\"style1\"\n data-titlebg=\"#ffffff\" data-titlecolor=\"#b6b8ba\" data-fullheight=\"off\"\n data-titlehoverbg=\"#ffffff\" data-titlehovercolor=\"#1d1e23\"\n data-rotatetabs=\"0\" data-responsivemode=\"Both\" data-animation=\"Slide\"\ndata-activetitle=\"#1d1e23\" data-activeicon=\"\" data-activebg=\"#ffffff\"  data-respmode=\"Tabs\" data-respwidth=\"400\" data-scroll = \"on\" data-activeindex=\"1\"><ul id=advanced-tabs-wrap-5546 class=\"ult_tabmenu style1 \" style=\"\"><li class=\"ult_tab_li  \" data-iconcolor=\"#74777b\" data-iconhover=\"#ffffff\" style=\"background-color:#ffffff;border-color:transparent;border-width:0px;border-style:solid;border-top-right-radius:8px;\">\n\t\t\t\t\t<a href=\"#1512642751410-807e9-673f\"  id=\"1512642751410-807e9-673f\"  style=\"color:#b6b8ba;; padding:15px; \" class=\"ult_a  \">\n\t\t\t\t\t     <span class=\"ult_tab_main Both \">\n\t\t\t\t\t \t\t <span class=\"ult_tab_section\">\n\t\t\t\t\t   \t\t\t<span  data-ultimate-target='#advanced-tabs-wrap-5546 .ult-span-text'  data-responsive-json-new='{\"font-size\":\"desktop:14px;\",\"line-height\":\"\"}'  class=\"ult-span-text no_icon ult_tab_display_text ult-responsive\" style=\"font-weight:bold;;\">KUVAUS<\/span>\n\t\t\t\t\t   \t\t<\/span>\n\t\t\t\t\t\t<\/span>\n\t\t\t\t\t<\/a>\n\t\t\t\t\t<\/li><\/ul><div  data-ultimate-target='#advanced-tabs-desc-wrap-3070 .ult_tabcontent .ult_tab_min_contain  p'  data-responsive-json-new='{\"font-size\":\"\",\"line-height\":\"\"}' class=\"ult_tabcontent ult-responsive style1\" style=\"color:#74777b;\"><div class=\"ult_tab_min_contain \" >\n\t\t\t<div  class=\"ult_tabitemname\"  >\n\t\t\t\t[vc_column_text]Valmisfirman osakep\u00e4\u00e4oma on tilap\u00e4isen pankkitilin kautta rekister\u00f6ity. Meid\u00e4n valmisyrityksill\u00e4 ei ole aikaisempaa yrityshistoriaa. Yrityksen omistajat vaihtuvat heti sopimuksen allekirjoituksen j\u00e4lkeen ja uusi hallitus rekister\u00f6id\u00e4\u00e4n 10-15 p\u00e4iv\u00e4n aikana alkaen muutosten esitt\u00e4misest\u00e4 Kaupparekisteriin.<\/p>\n<p>Muista, ett\u00e4 jokaisella yrityksell\u00e4 pit\u00e4\u00e4 olla <a href=\"https:\/\/1office.co\/finland\/fi\/tuote\/yritysosoite-helsingin-keskustassa-urho-kekkosen-katu-4-6e-00100-helsinki\/\" target=\"_blank\" rel=\"noopener noreferrer\">yritysosoite<\/a>. Yritysosoite l\u00f6ytyy yritysrekisterist\u00e4 ja siihen l\u00e4hetet\u00e4\u00e4n kaikki viralliset kirjeet.<\/p>\n<p>Suomessa yritystoiminnan aloittamisen edellytyksen\u00e4 yleens\u00e4 on my\u00f6s rekister\u00f6inti <a href=\"https:\/\/1office.co\/finland\/fi\/tuote\/rekisteroinnit-kotimaiselle-yhtiolle\/\" target=\"_blank\" rel=\"noopener noreferrer\">verovelvolliseksi<\/a>.<\/p>\n<p>Jokaisen Suomessa rekister\u00f6idyn yrityksen pit\u00e4\u00e4 esitt\u00e4\u00e4 tilinp\u00e4\u00e4t\u00f6s. Jos yrityksell\u00e4 on kuukausittain\u00a0 transaktioita esim. myynti- ja ostolaskuja ja on ALV-rekisteriss\u00e4, pit\u00e4\u00e4 my\u00f6s kuukausittain laatia ALV-ilmoitus. Jos itselt\u00e4 puuttuu aika ja osaaminen n\u00e4iden tekemiseksi, kannattaa tilata meilt\u00e4 erikseen <a href=\"https:\/\/1office.co\/finland\/fi\/tuote\/kirjanpidon-aloitusmaksu\/\" target=\"_blank\" rel=\"noopener noreferrer\">kirjanpitopalvelu<\/a>.<\/p>\n<p><strong>Hintaan sis\u00e4ltyy:<\/strong><\/p>\n<ul>\n<li>Katsaus yrityksen ostamisen menettelyst\u00e4 ja vaatimuksista<\/li>\n<li>Perustamisdokumenttien kokoaminen ja valmistelu<\/li>\n<li>Yrityksen tietojen muuttaminen Kaupparekisteriin<\/li>\n<li>PRH:n k\u00e4sittelymaksu<\/li>\n<\/ul>\n<p><strong>Saatavilla lis\u00e4maksusta:<\/strong><\/p>\n<ul>\n<li>Yrityksen nimen ja toimialan muttaminen (300 \u20ac)<\/li>\n<li><a href=\"https:\/\/1office.co\/finland\/fi\/tuote\/aloittavan-yrityksen-konsultaatio\/\" target=\"_blank\" rel=\"noopener noreferrer\">Aloittavan yrityksen konsultaatio<\/a><\/li>\n<li><a href=\"https:\/\/1office.co\/finland\/fi\/tuote\/yritysosoite-helsingin-keskustassa-urho-kekkosen-katu-4-6e-00100-helsinki\/\" target=\"_blank\" rel=\"noopener noreferrer\">Yritysosoite<\/a><\/li>\n<li><a href=\"https:\/\/1office.co\/finland\/fi\/tuote\/rekisteroinnit-kotimaiselle-yhtiolle\/\" target=\"_blank\" rel=\"noopener noreferrer\">Verorekister\u00f6innit<\/a><\/li>\n<li><a href=\"https:\/\/1office.co\/finland\/fi\/tuote\/kirjanpidon-aloitusmaksu\/\" target=\"_blank\" rel=\"noopener noreferrer\">Kirjanpitopalvelu<\/a><\/li>\n<li>Konsultaatio: Negatiivinen osakep\u00e4\u00e4oma<\/li>\n<li>Juridiset dokumentit esim. p\u00e4\u00e4omalainasopimus<\/li>\n<li>Hakemus PRH:lle osakep\u00e4\u00e4oma menett\u00e4misest\u00e4 tai ilmoitus osakep\u00e4\u00e4oman palautumisesta<\/li>\n<\/ul>\n<p><strong>Prosessikuvaus:<\/strong><\/p>\n<ul>\n<li>Valitse palvelut, joita haluat tilata (lis\u00e4ksi yrityksen perustamiselle voit tarvita my\u00f6s yritysosoitteen, verorekister\u00f6innit ja\/tai kirjanpitopalvelua).<\/li>\n<li>Vastaa kysymyksiin, jotka sinulle l\u00e4hetet\u00e4\u00e4n ostoksesi j\u00e4lkeen- ne ovat tarpeellisia dokumenttien valmistelua varten.<\/li>\n<li>T\u00e4yt\u00e4mme saatujen tietojen perusteella tarvittavat lomakkeet ja valmistelemme osto-myynti sopimuksen.<\/li>\n<li>L\u00e4het\u00e4mme Kaupparekisterille tarvittavat tiedot.<\/li>\n<li>Rekister\u00f6innin ennustettava aika (yleens\u00e4 3 viikkoa) voi seurata <a href=\"https:\/\/www.prh.fi\/en\/kaupparekisteri\/kasittelyajat.html\" target=\"_blank\" rel=\"noopener noreferrer\"><u>Kaupparekisterin webist\u00e4<\/u><\/a>. Rekisteriote l\u00e4hetet\u00e4\u00e4n postitse yrityksen yritysosoitteeseen.<\/li>\n<li>Osakep\u00e4\u00e4oman maksun suorittamiseksi on aikaa ensimm\u00e4isen tilikauden loppuun asti.<\/li>\n<\/ul>\n<p><strong>T\u00e4rke\u00e4\u00e4 tietoa:<\/strong><\/p>\n<ul>\n<li>Ensimm\u00e4isen tilikauden lopuksi t\u00e4ytyy avata yritykselle pankkitili ja maksaa siihen osakep\u00e4\u00e4oma 2500\u20ac.<\/li>\n<li>Suomessa yritystoiminnan aloittamisen edellytyksen\u00e4 yleens\u00e4 on my\u00f6s rekister\u00f6inti verovelvolliseksi.<\/li>\n<li>Suomen yrityksell\u00e4 pit\u00e4\u00e4 olla v\u00e4hint\u00e4\u00e4n yksi hallituksen j\u00e4sen ja yksi varaj\u00e4sen. V\u00e4hint\u00e4\u00e4n yhden hallituksen j\u00e4senist\u00e4 ja yksi varaj\u00e4senist\u00e4 pit\u00e4\u00e4 olla Euroopan Talousalueen asukas.<\/li>\n<li style=\"list-style-type: none;\"><\/li>\n<\/ul>\n<p>[\/vc_column_text]\n\t\t\t<\/div><\/div><\/div><\/div><div class=\"ult_acord advanced-tabs-desc-wrap-3070\">\n   <div class=\"ult-tabto-accordion \" style=\"width:;\"\n    data-titlecolor=\"#b6b8ba\"  data-titlebg=\"#ffffff\"\n     data-titlehoverbg=\"#ffffff\" data-titlehovercolor=\"#1d1e23\" data-animation=\"Slide\"\n     data-activetitle=\"#1d1e23\" data-activeicon=\"\" data-activebg=\"#ffffff\" data-scroll = \"on\" data-activeindex=\"1\" >\n     <dl><dt class=\"\">\n\t        \t<a class=\"ult-tabto-actitle withBorder ult_a \" id=\"1512642751410-807e9-673f\" style=\"color:#b6b8ba;;background-color:#ffffff;border-bottom-color:transparent;border-bottom-width:0px;border-bottom-style:solid;\" href=\"#1512642751410-807e9-673f\">\n\t        \t\t<i class=\"accordion-icon\"><\/i>\n\t        \t\t\t<span class=\"ult_tab_main ult_ac_main ult_noacordicnBoth\">\n\n\t\t\t\t\t\t<span  data-ultimate-target='#advanced-tabs-wrap-5546 .ult-span-text'  data-responsive-json-new='{\"font-size\":\"desktop:14px;\",\"line-height\":\"\"}'  class=\"ult-span-text no_icon ult_acordian-text ult-responsive\" style=\"font-weight:bold;;color:inherit \" >KUVAUS<\/span>\n\t\t\t\t\t\t<\/span><\/a><\/dt>\n\t            \t\t<dd class=\"ult-tabto-accordionItem ult-tabto-accolapsed\">\n\t\t\t\t            <div class=\"ult-tabto-acontent\" style=\"color:#74777b;\">\n\t\t\t\t               [vc_column_text]Valmisfirman osakep\u00e4\u00e4oma on tilap\u00e4isen pankkitilin kautta rekister\u00f6ity. Meid\u00e4n valmisyrityksill\u00e4 ei ole aikaisempaa yrityshistoriaa. Yrityksen omistajat vaihtuvat heti sopimuksen allekirjoituksen j\u00e4lkeen ja uusi hallitus rekister\u00f6id\u00e4\u00e4n 10-15 p\u00e4iv\u00e4n aikana alkaen muutosten esitt\u00e4misest\u00e4 Kaupparekisteriin.<\/p>\n<p>Muista, ett\u00e4 jokaisella yrityksell\u00e4 pit\u00e4\u00e4 olla <a href=\"https:\/\/1office.co\/finland\/fi\/tuote\/yritysosoite-helsingin-keskustassa-urho-kekkosen-katu-4-6e-00100-helsinki\/\" target=\"_blank\" rel=\"noopener noreferrer\">yritysosoite<\/a>. Yritysosoite l\u00f6ytyy yritysrekisterist\u00e4 ja siihen l\u00e4hetet\u00e4\u00e4n kaikki viralliset kirjeet.<\/p>\n<p>Suomessa yritystoiminnan aloittamisen edellytyksen\u00e4 yleens\u00e4 on my\u00f6s rekister\u00f6inti <a href=\"https:\/\/1office.co\/finland\/fi\/tuote\/rekisteroinnit-kotimaiselle-yhtiolle\/\" target=\"_blank\" rel=\"noopener noreferrer\">verovelvolliseksi<\/a>.<\/p>\n<p>Jokaisen Suomessa rekister\u00f6idyn yrityksen pit\u00e4\u00e4 esitt\u00e4\u00e4 tilinp\u00e4\u00e4t\u00f6s. Jos yrityksell\u00e4 on kuukausittain\u00a0 transaktioita esim. myynti- ja ostolaskuja ja on ALV-rekisteriss\u00e4, pit\u00e4\u00e4 my\u00f6s kuukausittain laatia ALV-ilmoitus. Jos itselt\u00e4 puuttuu aika ja osaaminen n\u00e4iden tekemiseksi, kannattaa tilata meilt\u00e4 erikseen <a href=\"https:\/\/1office.co\/finland\/fi\/tuote\/kirjanpidon-aloitusmaksu\/\" target=\"_blank\" rel=\"noopener noreferrer\">kirjanpitopalvelu<\/a>.<\/p>\n<p><strong>Hintaan sis\u00e4ltyy:<\/strong><\/p>\n<ul>\n<li>Katsaus yrityksen ostamisen menettelyst\u00e4 ja vaatimuksista<\/li>\n<li>Perustamisdokumenttien kokoaminen ja valmistelu<\/li>\n<li>Yrityksen tietojen muuttaminen Kaupparekisteriin<\/li>\n<li>PRH:n k\u00e4sittelymaksu<\/li>\n<\/ul>\n<p><strong>Saatavilla lis\u00e4maksusta:<\/strong><\/p>\n<ul>\n<li>Yrityksen nimen ja toimialan muttaminen (300 \u20ac)<\/li>\n<li><a href=\"https:\/\/1office.co\/finland\/fi\/tuote\/aloittavan-yrityksen-konsultaatio\/\" target=\"_blank\" rel=\"noopener noreferrer\">Aloittavan yrityksen konsultaatio<\/a><\/li>\n<li><a href=\"https:\/\/1office.co\/finland\/fi\/tuote\/yritysosoite-helsingin-keskustassa-urho-kekkosen-katu-4-6e-00100-helsinki\/\" target=\"_blank\" rel=\"noopener noreferrer\">Yritysosoite<\/a><\/li>\n<li><a href=\"https:\/\/1office.co\/finland\/fi\/tuote\/rekisteroinnit-kotimaiselle-yhtiolle\/\" target=\"_blank\" rel=\"noopener noreferrer\">Verorekister\u00f6innit<\/a><\/li>\n<li><a href=\"https:\/\/1office.co\/finland\/fi\/tuote\/kirjanpidon-aloitusmaksu\/\" target=\"_blank\" rel=\"noopener noreferrer\">Kirjanpitopalvelu<\/a><\/li>\n<li>Konsultaatio: Negatiivinen osakep\u00e4\u00e4oma<\/li>\n<li>Juridiset dokumentit esim. p\u00e4\u00e4omalainasopimus<\/li>\n<li>Hakemus PRH:lle osakep\u00e4\u00e4oma menett\u00e4misest\u00e4 tai ilmoitus osakep\u00e4\u00e4oman palautumisesta<\/li>\n<\/ul>\n<p><strong>Prosessikuvaus:<\/strong><\/p>\n<ul>\n<li>Valitse palvelut, joita haluat tilata (lis\u00e4ksi yrityksen perustamiselle voit tarvita my\u00f6s yritysosoitteen, verorekister\u00f6innit ja\/tai kirjanpitopalvelua).<\/li>\n<li>Vastaa kysymyksiin, jotka sinulle l\u00e4hetet\u00e4\u00e4n ostoksesi j\u00e4lkeen- ne ovat tarpeellisia dokumenttien valmistelua varten.<\/li>\n<li>T\u00e4yt\u00e4mme saatujen tietojen perusteella tarvittavat lomakkeet ja valmistelemme osto-myynti sopimuksen.<\/li>\n<li>L\u00e4het\u00e4mme Kaupparekisterille tarvittavat tiedot.<\/li>\n<li>Rekister\u00f6innin ennustettava aika (yleens\u00e4 3 viikkoa) voi seurata <a href=\"https:\/\/www.prh.fi\/en\/kaupparekisteri\/kasittelyajat.html\" target=\"_blank\" rel=\"noopener noreferrer\"><u>Kaupparekisterin webist\u00e4<\/u><\/a>. Rekisteriote l\u00e4hetet\u00e4\u00e4n postitse yrityksen yritysosoitteeseen.<\/li>\n<li>Osakep\u00e4\u00e4oman maksun suorittamiseksi on aikaa ensimm\u00e4isen tilikauden loppuun asti.<\/li>\n<\/ul>\n<p><strong>T\u00e4rke\u00e4\u00e4 tietoa:<\/strong><\/p>\n<ul>\n<li>Ensimm\u00e4isen tilikauden lopuksi t\u00e4ytyy avata yritykselle pankkitili ja maksaa siihen osakep\u00e4\u00e4oma 2500\u20ac.<\/li>\n<li>Suomessa yritystoiminnan aloittamisen edellytyksen\u00e4 yleens\u00e4 on my\u00f6s rekister\u00f6inti verovelvolliseksi.<\/li>\n<li>Suomen yrityksell\u00e4 pit\u00e4\u00e4 olla v\u00e4hint\u00e4\u00e4n yksi hallituksen j\u00e4sen ja yksi varaj\u00e4sen. V\u00e4hint\u00e4\u00e4n yhden hallituksen j\u00e4senist\u00e4 ja yksi varaj\u00e4senist\u00e4 pit\u00e4\u00e4 olla Euroopan Talousalueen asukas.<\/li>\n<li style=\"list-style-type: none;\"><\/li>\n<\/ul>\n<p>[\/vc_column_text]\n\t\t\t\t            <\/div>\n\t        \t\t\t<\/dd>\n    \t<\/dl>\n    <!--<div class=\"extraborder\" style=\"background-color:#ffffff\"><\/div>-->\n<\/div>\n\n<\/div>[\/vc_column][\/vc_row]<\/p>\n<\/div>","protected":false},"excerpt":{"rendered":"<p>Valmisfirman ostaminen on paras ratkaisu, kun haluat saada oman Suomalaisen yrityksen 2500-euron ennakkomaksulla, mutta et halua sen takia tulla paikan p\u00e4\u00e4lle Suomeen avataksesi aloitustilin pankissa.<\/p>\n","protected":false},"featured_media":54272,"template":"","meta":{"_acf_changed":false,"inline_featured_image":false},"product_brand":[],"product_cat":[445],"product_tag":[347],"class_list":{"0":"post-57877","1":"product","2":"type-product","3":"status-publish","4":"has-post-thumbnail","6":"product_cat-uncategorized-fi","7":"product_tag-finland-fi","8":"description-off","10":"first","11":"instock","12":"virtual","13":"taxable","14":"purchasable","15":"product-type-simple"},"bundled_by":[],"bundle_stock_status":"instock","bundle_stock_quantity":null,"bundle_virtual":false,"bundle_layout":"","bundle_add_to_cart_form_location":"","bundle_editable_in_cart":false,"bundle_sold_individually_context":"","bundle_item_grouping":"","bundle_min_size":"","bundle_max_size":"","bundle_price":[],"bundled_items":[],"bundle_sell_ids":[],"acf":[],"yoast_head":"<!-- This site is optimized with the Yoast SEO Premium plugin v22.1 (Yoast SEO v27.0) - https:\/\/yoast.com\/product\/yoast-seo-premium-wordpress\/ -->\n<title>Valmisyritys (sis\u00e4lt\u00e4\u00e4 PRH:n k\u00e4sittelymaksun) | 1Office Finland<\/title>\n<meta name=\"description\" content=\"Purchasing a ready-made limited liability company, named osakeyhti\u00f6 or Oy in Finnish, is suitable for private persons and legal entities, who want to take up business in Finland fast without the hassle of opening a local bank account first.\" \/>\n<meta name=\"robots\" content=\"index, follow, max-snippet:-1, max-image-preview:large, max-video-preview:-1\" \/>\n<link rel=\"canonical\" href=\"https:\/\/1office.co\/finland\/fi\/?post_type=product&p=57877\" \/>\n<meta property=\"og:locale\" content=\"fi_FI\" \/>\n<meta property=\"og:type\" content=\"article\" \/>\n<meta property=\"og:title\" content=\"Valmisyritys (sis\u00e4lt\u00e4\u00e4 PRH:n k\u00e4sittelymaksun)\" \/>\n<meta property=\"og:description\" content=\"Purchasing a ready-made limited liability company, named osakeyhti\u00f6 or Oy in Finnish, is suitable for private persons and legal entities, who want to take up business in Finland fast without the hassle of opening a local bank account first.\" \/>\n<meta property=\"og:url\" content=\"https:\/\/1office.co\/finland\/fi\/?post_type=product&amp;p=57877\" \/>\n<meta property=\"og:site_name\" content=\"1Office Finland\" \/>\n<meta property=\"article:modified_time\" content=\"2021-06-16T11:27:19+00:00\" \/>\n<meta property=\"og:image\" content=\"https:\/\/1office.co\/finland\/wp-content\/uploads\/sites\/10\/2017\/08\/company-formation.jpg\" \/>\n\t<meta property=\"og:image:width\" content=\"1200\" \/>\n\t<meta property=\"og:image:height\" content=\"800\" \/>\n\t<meta property=\"og:image:type\" content=\"image\/jpeg\" \/>\n<meta name=\"twitter:card\" content=\"summary_large_image\" \/>\n<meta name=\"twitter:label1\" content=\"Arvioitu lukuaika\" \/>\n\t<meta name=\"twitter:data1\" content=\"2 minuuttia\" \/>\n<script type=\"application\/ld+json\" class=\"yoast-schema-graph\">{\"@context\":\"https:\/\/schema.org\",\"@graph\":[{\"@type\":\"WebPage\",\"@id\":\"https:\/\/1office.co\/finland\/fi\/?post_type=product&p=57877\",\"url\":\"https:\/\/1office.co\/finland\/fi\/?post_type=product&p=57877\",\"name\":\"Valmisyritys (sis\u00e4lt\u00e4\u00e4 PRH:n k\u00e4sittelymaksun) | 1Office Finland\",\"isPartOf\":{\"@id\":\"https:\/\/1office.co\/finland\/fi\/#website\"},\"primaryImageOfPage\":{\"@id\":\"https:\/\/1office.co\/finland\/fi\/?post_type=product&p=57877#primaryimage\"},\"image\":{\"@id\":\"https:\/\/1office.co\/finland\/fi\/?post_type=product&p=57877#primaryimage\"},\"thumbnailUrl\":\"https:\/\/1office.co\/finland\/wp-content\/uploads\/sites\/10\/2017\/08\/company-formation.jpg\",\"datePublished\":\"2017-08-10T08:34:11+00:00\",\"dateModified\":\"2021-06-16T11:27:19+00:00\",\"description\":\"Purchasing a ready-made limited liability company, named osakeyhti\u00f6 or Oy in Finnish, is suitable for private persons and legal entities, who want to take up business in Finland fast without the hassle of opening a local bank account first.\",\"breadcrumb\":{\"@id\":\"https:\/\/1office.co\/finland\/fi\/?post_type=product&p=57877#breadcrumb\"},\"inLanguage\":\"fi\",\"potentialAction\":[{\"@type\":\"ReadAction\",\"target\":[\"https:\/\/1office.co\/finland\/fi\/?post_type=product&p=57877\"]}]},{\"@type\":\"ImageObject\",\"inLanguage\":\"fi\",\"@id\":\"https:\/\/1office.co\/finland\/fi\/?post_type=product&p=57877#primaryimage\",\"url\":\"https:\/\/1office.co\/finland\/wp-content\/uploads\/sites\/10\/2017\/08\/company-formation.jpg\",\"contentUrl\":\"https:\/\/1office.co\/finland\/wp-content\/uploads\/sites\/10\/2017\/08\/company-formation.jpg\",\"width\":1200,\"height\":800},{\"@type\":\"BreadcrumbList\",\"@id\":\"https:\/\/1office.co\/finland\/fi\/?post_type=product&p=57877#breadcrumb\",\"itemListElement\":[{\"@type\":\"ListItem\",\"position\":1,\"name\":\"Home\",\"item\":\"https:\/\/1office.co\/finland\/fi\/\"},{\"@type\":\"ListItem\",\"position\":2,\"name\":\"Services Shop\",\"item\":\"https:\/\/1office.co\/finland\/services-shop\/\"},{\"@type\":\"ListItem\",\"position\":3,\"name\":\"Yksityinen: Valmisyritys (sis\u00e4lt\u00e4\u00e4 PRH:n k\u00e4sittelymaksun)\"}]},{\"@type\":\"WebSite\",\"@id\":\"https:\/\/1office.co\/finland\/fi\/#website\",\"url\":\"https:\/\/1office.co\/finland\/fi\/\",\"name\":\"1Office Finland\",\"description\":\"Making Business Simple\",\"potentialAction\":[{\"@type\":\"SearchAction\",\"target\":{\"@type\":\"EntryPoint\",\"urlTemplate\":\"https:\/\/1office.co\/finland\/fi\/?s={search_term_string}\"},\"query-input\":{\"@type\":\"PropertyValueSpecification\",\"valueRequired\":true,\"valueName\":\"search_term_string\"}}],\"inLanguage\":\"fi\"}]}<\/script>\n<!-- \/ Yoast SEO Premium plugin. -->","yoast_head_json":{"title":"Valmisyritys (sis\u00e4lt\u00e4\u00e4 PRH:n k\u00e4sittelymaksun) | 1Office Finland","description":"Purchasing a ready-made limited liability company, named osakeyhti\u00f6 or Oy in Finnish, is suitable for private persons and legal entities, who want to take up business in Finland fast without the hassle of opening a local bank account first.","robots":{"index":"index","follow":"follow","max-snippet":"max-snippet:-1","max-image-preview":"max-image-preview:large","max-video-preview":"max-video-preview:-1"},"canonical":"https:\/\/1office.co\/finland\/fi\/?post_type=product&p=57877","og_locale":"fi_FI","og_type":"article","og_title":"Valmisyritys (sis\u00e4lt\u00e4\u00e4 PRH:n k\u00e4sittelymaksun)","og_description":"Purchasing a ready-made limited liability company, named osakeyhti\u00f6 or Oy in Finnish, is suitable for private persons and legal entities, who want to take up business in Finland fast without the hassle of opening a local bank account first.","og_url":"https:\/\/1office.co\/finland\/fi\/?post_type=product&p=57877","og_site_name":"1Office Finland","article_modified_time":"2021-06-16T11:27:19+00:00","og_image":[{"width":1200,"height":800,"url":"https:\/\/1office.co\/finland\/wp-content\/uploads\/sites\/10\/2017\/08\/company-formation.jpg","type":"image\/jpeg"}],"twitter_card":"summary_large_image","twitter_misc":{"Arvioitu lukuaika":"2 minuuttia"},"schema":{"@context":"https:\/\/schema.org","@graph":[{"@type":"WebPage","@id":"https:\/\/1office.co\/finland\/fi\/?post_type=product&p=57877","url":"https:\/\/1office.co\/finland\/fi\/?post_type=product&p=57877","name":"Valmisyritys (sis\u00e4lt\u00e4\u00e4 PRH:n k\u00e4sittelymaksun) | 1Office Finland","isPartOf":{"@id":"https:\/\/1office.co\/finland\/fi\/#website"},"primaryImageOfPage":{"@id":"https:\/\/1office.co\/finland\/fi\/?post_type=product&p=57877#primaryimage"},"image":{"@id":"https:\/\/1office.co\/finland\/fi\/?post_type=product&p=57877#primaryimage"},"thumbnailUrl":"https:\/\/1office.co\/finland\/wp-content\/uploads\/sites\/10\/2017\/08\/company-formation.jpg","datePublished":"2017-08-10T08:34:11+00:00","dateModified":"2021-06-16T11:27:19+00:00","description":"Purchasing a ready-made limited liability company, named osakeyhti\u00f6 or Oy in Finnish, is suitable for private persons and legal entities, who want to take up business in Finland fast without the hassle of opening a local bank account first.","breadcrumb":{"@id":"https:\/\/1office.co\/finland\/fi\/?post_type=product&p=57877#breadcrumb"},"inLanguage":"fi","potentialAction":[{"@type":"ReadAction","target":["https:\/\/1office.co\/finland\/fi\/?post_type=product&p=57877"]}]},{"@type":"ImageObject","inLanguage":"fi","@id":"https:\/\/1office.co\/finland\/fi\/?post_type=product&p=57877#primaryimage","url":"https:\/\/1office.co\/finland\/wp-content\/uploads\/sites\/10\/2017\/08\/company-formation.jpg","contentUrl":"https:\/\/1office.co\/finland\/wp-content\/uploads\/sites\/10\/2017\/08\/company-formation.jpg","width":1200,"height":800},{"@type":"BreadcrumbList","@id":"https:\/\/1office.co\/finland\/fi\/?post_type=product&p=57877#breadcrumb","itemListElement":[{"@type":"ListItem","position":1,"name":"Home","item":"https:\/\/1office.co\/finland\/fi\/"},{"@type":"ListItem","position":2,"name":"Services Shop","item":"https:\/\/1office.co\/finland\/services-shop\/"},{"@type":"ListItem","position":3,"name":"Yksityinen: Valmisyritys (sis\u00e4lt\u00e4\u00e4 PRH:n k\u00e4sittelymaksun)"}]},{"@type":"WebSite","@id":"https:\/\/1office.co\/finland\/fi\/#website","url":"https:\/\/1office.co\/finland\/fi\/","name":"1Office Finland","description":"Making Business Simple","potentialAction":[{"@type":"SearchAction","target":{"@type":"EntryPoint","urlTemplate":"https:\/\/1office.co\/finland\/fi\/?s={search_term_string}"},"query-input":{"@type":"PropertyValueSpecification","valueRequired":true,"valueName":"search_term_string"}}],"inLanguage":"fi"}]}},"_links":{"self":[{"href":"https:\/\/1office.co\/finland\/fi\/wp-json\/wp\/v2\/product\/57877","targetHints":{"allow":["GET"]}}],"collection":[{"href":"https:\/\/1office.co\/finland\/fi\/wp-json\/wp\/v2\/product"}],"about":[{"href":"https:\/\/1office.co\/finland\/fi\/wp-json\/wp\/v2\/types\/product"}],"wp:featuredmedia":[{"embeddable":true,"href":"https:\/\/1office.co\/finland\/fi\/wp-json\/wp\/v2\/media\/54272"}],"wp:attachment":[{"href":"https:\/\/1office.co\/finland\/fi\/wp-json\/wp\/v2\/media?parent=57877"}],"wp:term":[{"taxonomy":"product_brand","embeddable":true,"href":"https:\/\/1office.co\/finland\/fi\/wp-json\/wp\/v2\/product_brand?post=57877"},{"taxonomy":"product_cat","embeddable":true,"href":"https:\/\/1office.co\/finland\/fi\/wp-json\/wp\/v2\/product_cat?post=57877"},{"taxonomy":"product_tag","embeddable":true,"href":"https:\/\/1office.co\/finland\/fi\/wp-json\/wp\/v2\/product_tag?post=57877"}],"curies":[{"name":"wp","href":"https:\/\/api.w.org\/{rel}","templated":true}]}}