{"id":58745,"date":"2018-03-27T14:38:17","date_gmt":"2018-03-27T14:38:17","guid":{"rendered":"https:\/\/1office.co\/finland\/product\/starting-package-new-entrepreneurs\/"},"modified":"2025-08-05T07:14:46","modified_gmt":"2025-08-05T07:14:46","slug":"aloittavan-yrittajan-starttipaketti","status":"publish","type":"product","link":"https:\/\/1office.co\/finland\/fi\/tuote\/aloittavan-yrittajan-starttipaketti\/","title":{"rendered":"Aloittavan yritt\u00e4j\u00e4n starttipaketti"},"content":{"rendered":"<div class=\"wpb-content-wrapper\"><p>[vc_row][vc_column]<div id=\"advanced-tabs-desc-wrap-7738\" class=\"ult_tabs product_tabs\" style=\" \" data-tabsstyle=\"style1\"\n data-titlebg=\"#ffffff\" data-titlecolor=\"#b6b8ba\" data-fullheight=\"off\"\n data-titlehoverbg=\"#ffffff\" data-titlehovercolor=\"#1d1e23\"\n data-rotatetabs=\"0\" data-responsivemode=\"Both\" data-animation=\"Slide\"\ndata-activetitle=\"#1d1e23\" data-activeicon=\"\" data-activebg=\"#ffffff\"  data-respmode=\"Tabs\" data-respwidth=\"400\" data-scroll = \"on\" data-activeindex=\"1\"><ul id=advanced-tabs-wrap-3865 class=\"ult_tabmenu style1 \" style=\"\"><li class=\"ult_tab_li  \" data-iconcolor=\"#74777b\" data-iconhover=\"#ffffff\" style=\"background-color:#ffffff;border-color:transparent;border-width:0px;border-style:solid;border-top-right-radius:8px;\">\n\t\t\t\t\t<a href=\"#1512642751410-8d7ab-c11d\"  id=\"1512642751410-8d7ab-c11d\"  style=\"color:#b6b8ba;; padding:15px; \" class=\"ult_a  \">\n\t\t\t\t\t     <span class=\"ult_tab_main Both \">\n\t\t\t\t\t \t\t <span class=\"ult_tab_section\">\n\t\t\t\t\t   \t\t\t<span  data-ultimate-target='#advanced-tabs-wrap-3865 .ult-span-text'  data-responsive-json-new='{\"font-size\":\"desktop:14px;\",\"line-height\":\"\"}'  class=\"ult-span-text no_icon ult_tab_display_text ult-responsive\" style=\"font-weight:bold;;\">KUVAUS<\/span>\n\t\t\t\t\t   \t\t<\/span>\n\t\t\t\t\t\t<\/span>\n\t\t\t\t\t<\/a>\n\t\t\t\t\t<\/li><\/ul><div  data-ultimate-target='#advanced-tabs-desc-wrap-7738 .ult_tabcontent .ult_tab_min_contain  p'  data-responsive-json-new='{\"font-size\":\"\",\"line-height\":\"\"}' class=\"ult_tabcontent ult-responsive style1\" style=\"color:#74777b;\"><div class=\"ult_tab_min_contain \" >\n\t\t\t<div  class=\"ult_tabitemname\"  >\n\t\t\t\t[vc_column_text]<strong>Miksi valita aloittavan yritt\u00e4j\u00e4n aloituspaketti?<\/strong><\/p>\n<ul>\n<li>Autamme yrityksen perustamis prosessissa ja tehd\u00e4\u00e4n sen sinulle niin helpoksi kuin mahdollista.<\/li>\n<li>Pakettiin sis\u00e4ltyy my\u00f6s yritysosoite postipalveluineen. Yritysosoite on pakollinen jokaiselle Suomessa rekister\u00f6idylle yritykselle koko liiketoiminnan ajaksi ja postipalvelu sis\u00e4lt\u00e4\u00e4 kirjeiden vastaanottoa sek\u00e4 edelleen l\u00e4hetyst\u00e4.<\/li>\n<li>Suomessa yritystoiminnan aloittamisen edellytyksen\u00e4 yleens\u00e4 on my\u00f6s rekister\u00f6inti verovelvolliseksi. Pakettiin sis\u00e4ltyy tarvittavien rekister\u00f6intien hakeminen &#8211; ALV-rekisteri; ty\u00f6nantajarekisteri ja ennakkoperint\u00e4rekisteri.<\/li>\n<\/ul>\n<p><strong>Hintaan sis\u00e4ltyy:<\/strong><\/p>\n<ul>\n<li>Suomalaisen yrityksen perustaminen<\/li>\n<li>Verorekister\u00f6innit<\/li>\n<li>Yritysosoite yhdess\u00e4 postipalvelulla yhdeksi vuodeksi<\/li>\n<li>PRH:n k\u00e4sittelymaksu<\/li>\n<\/ul>\n<p>[\/vc_column_text]\n\t\t\t<\/div><\/div><\/div><\/div><div class=\"ult_acord advanced-tabs-desc-wrap-7738\">\n   <div class=\"ult-tabto-accordion \" style=\"width:;\"\n    data-titlecolor=\"#b6b8ba\"  data-titlebg=\"#ffffff\"\n     data-titlehoverbg=\"#ffffff\" data-titlehovercolor=\"#1d1e23\" data-animation=\"Slide\"\n     data-activetitle=\"#1d1e23\" data-activeicon=\"\" data-activebg=\"#ffffff\" data-scroll = \"on\" data-activeindex=\"1\" >\n     <dl><dt class=\"\">\n\t        \t<a class=\"ult-tabto-actitle withBorder ult_a \" id=\"1512642751410-8d7ab-c11d\" style=\"color:#b6b8ba;;background-color:#ffffff;border-bottom-color:transparent;border-bottom-width:0px;border-bottom-style:solid;\" href=\"#1512642751410-8d7ab-c11d\">\n\t        \t\t<i class=\"accordion-icon\"><\/i>\n\t        \t\t\t<span class=\"ult_tab_main ult_ac_main ult_noacordicnBoth\">\n\n\t\t\t\t\t\t<span  data-ultimate-target='#advanced-tabs-wrap-3865 .ult-span-text'  data-responsive-json-new='{\"font-size\":\"desktop:14px;\",\"line-height\":\"\"}'  class=\"ult-span-text no_icon ult_acordian-text ult-responsive\" style=\"font-weight:bold;;color:inherit \" >KUVAUS<\/span>\n\t\t\t\t\t\t<\/span><\/a><\/dt>\n\t            \t\t<dd class=\"ult-tabto-accordionItem ult-tabto-accolapsed\">\n\t\t\t\t            <div class=\"ult-tabto-acontent\" style=\"color:#74777b;\">\n\t\t\t\t               [vc_column_text]<strong>Miksi valita aloittavan yritt\u00e4j\u00e4n aloituspaketti?<\/strong><\/p>\n<ul>\n<li>Autamme yrityksen perustamis prosessissa ja tehd\u00e4\u00e4n sen sinulle niin helpoksi kuin mahdollista.<\/li>\n<li>Pakettiin sis\u00e4ltyy my\u00f6s yritysosoite postipalveluineen. Yritysosoite on pakollinen jokaiselle Suomessa rekister\u00f6idylle yritykselle koko liiketoiminnan ajaksi ja postipalvelu sis\u00e4lt\u00e4\u00e4 kirjeiden vastaanottoa sek\u00e4 edelleen l\u00e4hetyst\u00e4.<\/li>\n<li>Suomessa yritystoiminnan aloittamisen edellytyksen\u00e4 yleens\u00e4 on my\u00f6s rekister\u00f6inti verovelvolliseksi. Pakettiin sis\u00e4ltyy tarvittavien rekister\u00f6intien hakeminen &#8211; ALV-rekisteri; ty\u00f6nantajarekisteri ja ennakkoperint\u00e4rekisteri.<\/li>\n<\/ul>\n<p><strong>Hintaan sis\u00e4ltyy:<\/strong><\/p>\n<ul>\n<li>Suomalaisen yrityksen perustaminen<\/li>\n<li>Verorekister\u00f6innit<\/li>\n<li>Yritysosoite yhdess\u00e4 postipalvelulla yhdeksi vuodeksi<\/li>\n<li>PRH:n k\u00e4sittelymaksu<\/li>\n<\/ul>\n<p>[\/vc_column_text]\n\t\t\t\t            <\/div>\n\t        \t\t\t<\/dd>\n    \t<\/dl>\n    <!--<div class=\"extraborder\" style=\"background-color:#ffffff\"><\/div>-->\n<\/div>\n\n<\/div>[\/vc_column][\/vc_row]<\/p>\n<\/div>","protected":false},"excerpt":{"rendered":"<div class=\"woocommerce-product-details__short-description\">\n<p>Olemme auttaneet satoja yrityksi\u00e4 aloittamaan Suomessa liiketoimintaa. Olemme kooneet starttipakettiin kaikki palvelut, joita Suomessa yrityksen aloittamiseen tarvitaan.<\/p>\n<\/div>\n","protected":false},"featured_media":58130,"template":"","meta":{"_acf_changed":false,"inline_featured_image":false},"product_brand":[],"product_cat":[473],"product_tag":[347],"class_list":{"0":"post-58745","1":"product","2":"type-product","3":"status-publish","4":"has-post-thumbnail","6":"product_cat-paketit","7":"product_tag-finland-fi","8":"description-off","10":"first","11":"instock","12":"virtual","13":"taxable","14":"purchasable","15":"product-type-bundle"},"bundled_by":[],"bundle_stock_status":"instock","bundle_stock_quantity":"","bundle_virtual":false,"bundle_layout":"default","bundle_add_to_cart_form_location":"default","bundle_editable_in_cart":false,"bundle_sold_individually_context":"product","bundle_item_grouping":"parent","bundle_min_size":"","bundle_max_size":"","bundle_price":{"price":{"min":{"incl_tax":"1869.95","excl_tax":"1490"},"max":{"incl_tax":"1869.95","excl_tax":"1490"}},"regular_price":{"min":{"incl_tax":"1869.95","excl_tax":"1490"},"max":{"incl_tax":"1869.95","excl_tax":"1490"}}},"bundled_items":[{"bundled_item_id":9,"product_id":59155,"menu_order":0,"quantity_min":1,"quantity_max":1,"quantity_default":1,"priced_individually":true,"shipped_individually":true,"override_title":false,"title":"Yritysosoite Helsingin ydinkeskustassa","override_description":false,"description":"Yritysosoite Helsingin ydinkeskustassa","optional":false,"hide_thumbnail":false,"discount":"","override_variations":false,"allowed_variations":[""],"override_default_variation_attributes":false,"default_variation_attributes":[],"single_product_visibility":"visible","cart_visibility":"visible","order_visibility":"visible","single_product_price_visibility":"hidden","cart_price_visibility":"hidden","order_price_visibility":"hidden","stock_status":"in_stock"},{"bundled_item_id":10,"product_id":57859,"menu_order":1,"quantity_min":1,"quantity_max":1,"quantity_default":1,"priced_individually":true,"shipped_individually":true,"override_title":false,"title":"Rekister\u00f6innit suomalaiselle yritykselle","override_description":false,"description":"Rekister\u00f6innit suomalaiselle yritykselle","optional":false,"hide_thumbnail":false,"discount":"","override_variations":false,"allowed_variations":[""],"override_default_variation_attributes":false,"default_variation_attributes":[],"single_product_visibility":"visible","cart_visibility":"visible","order_visibility":"visible","single_product_price_visibility":"hidden","cart_price_visibility":"hidden","order_price_visibility":"hidden","stock_status":"in_stock"},{"bundled_item_id":102,"product_id":60360,"menu_order":2,"quantity_min":1,"quantity_max":1,"quantity_default":1,"priced_individually":true,"shipped_individually":true,"override_title":false,"title":"Suomi.fi hakemus","override_description":false,"description":"Suomi.fi hakemus","optional":false,"hide_thumbnail":false,"discount":"","override_variations":false,"allowed_variations":[""],"override_default_variation_attributes":false,"default_variation_attributes":[],"single_product_visibility":"visible","cart_visibility":"visible","order_visibility":"visible","single_product_price_visibility":"hidden","cart_price_visibility":"hidden","order_price_visibility":"hidden","stock_status":"in_stock"},{"bundled_item_id":18,"product_id":57837,"menu_order":3,"quantity_min":1,"quantity_max":1,"quantity_default":1,"priced_individually":true,"shipped_individually":true,"override_title":false,"title":"Kirjanpitopalvelut aloitusmaksu","override_description":false,"description":"Kirjanpitopalvelut aloitusmaksu","optional":false,"hide_thumbnail":false,"discount":"","override_variations":false,"allowed_variations":[""],"override_default_variation_attributes":false,"default_variation_attributes":[],"single_product_visibility":"visible","cart_visibility":"visible","order_visibility":"visible","single_product_price_visibility":"hidden","cart_price_visibility":"hidden","order_price_visibility":"hidden","stock_status":"in_stock"}],"bundle_sell_ids":[],"acf":[],"yoast_head":"<!-- This site is optimized with the Yoast SEO Premium plugin v22.1 (Yoast SEO v27.0) - https:\/\/yoast.com\/product\/yoast-seo-premium-wordpress\/ -->\n<title>Aloittavan yritt\u00e4j\u00e4n starttipaketti | 1Office Finland<\/title>\n<meta name=\"description\" content=\"We have helped hundreds of companies to start their business in Finland. In this package we have gathered together all the services necessary for taking up business in Finland.\" \/>\n<meta name=\"robots\" content=\"index, follow, max-snippet:-1, max-image-preview:large, max-video-preview:-1\" \/>\n<link rel=\"canonical\" href=\"https:\/\/1office.co\/finland\/fi\/tuote\/aloittavan-yrittajan-starttipaketti\/\" \/>\n<meta property=\"og:locale\" content=\"fi_FI\" \/>\n<meta property=\"og:type\" content=\"article\" \/>\n<meta property=\"og:title\" content=\"Aloittavan yritt\u00e4j\u00e4n starttipaketti\" \/>\n<meta property=\"og:description\" content=\"We have helped hundreds of companies to start their business in Finland. In this package we have gathered together all the services necessary for taking up business in Finland.\" \/>\n<meta property=\"og:url\" content=\"https:\/\/1office.co\/finland\/fi\/tuote\/aloittavan-yrittajan-starttipaketti\/\" \/>\n<meta property=\"og:site_name\" content=\"1Office Finland\" \/>\n<meta property=\"article:modified_time\" content=\"2025-08-05T07:14:46+00:00\" \/>\n<meta property=\"og:image\" content=\"https:\/\/1office.co\/finland\/wp-content\/uploads\/sites\/10\/2018\/03\/istock-183996236-e1594810665644.jpg\" \/>\n\t<meta property=\"og:image:width\" content=\"800\" \/>\n\t<meta property=\"og:image:height\" content=\"600\" \/>\n\t<meta property=\"og:image:type\" content=\"image\/jpeg\" \/>\n<meta name=\"twitter:card\" content=\"summary_large_image\" \/>\n<meta name=\"twitter:label1\" content=\"Arvioitu lukuaika\" \/>\n\t<meta name=\"twitter:data1\" content=\"1 minuutti\" \/>\n<script type=\"application\/ld+json\" class=\"yoast-schema-graph\">{\"@context\":\"https:\/\/schema.org\",\"@graph\":[{\"@type\":\"WebPage\",\"@id\":\"https:\/\/1office.co\/finland\/fi\/tuote\/aloittavan-yrittajan-starttipaketti\/\",\"url\":\"https:\/\/1office.co\/finland\/fi\/tuote\/aloittavan-yrittajan-starttipaketti\/\",\"name\":\"Aloittavan yritt\u00e4j\u00e4n starttipaketti | 1Office Finland\",\"isPartOf\":{\"@id\":\"https:\/\/1office.co\/finland\/fi\/#website\"},\"primaryImageOfPage\":{\"@id\":\"https:\/\/1office.co\/finland\/fi\/tuote\/aloittavan-yrittajan-starttipaketti\/#primaryimage\"},\"image\":{\"@id\":\"https:\/\/1office.co\/finland\/fi\/tuote\/aloittavan-yrittajan-starttipaketti\/#primaryimage\"},\"thumbnailUrl\":\"https:\/\/1office.co\/finland\/wp-content\/uploads\/sites\/10\/2018\/03\/istock-183996236-e1594810665644.jpg\",\"datePublished\":\"2018-03-27T14:38:17+00:00\",\"dateModified\":\"2025-08-05T07:14:46+00:00\",\"description\":\"We have helped hundreds of companies to start their business in Finland. In this package we have gathered together all the services necessary for taking up business in Finland.\",\"breadcrumb\":{\"@id\":\"https:\/\/1office.co\/finland\/fi\/tuote\/aloittavan-yrittajan-starttipaketti\/#breadcrumb\"},\"inLanguage\":\"fi\",\"potentialAction\":[{\"@type\":\"ReadAction\",\"target\":[\"https:\/\/1office.co\/finland\/fi\/tuote\/aloittavan-yrittajan-starttipaketti\/\"]}]},{\"@type\":\"ImageObject\",\"inLanguage\":\"fi\",\"@id\":\"https:\/\/1office.co\/finland\/fi\/tuote\/aloittavan-yrittajan-starttipaketti\/#primaryimage\",\"url\":\"https:\/\/1office.co\/finland\/wp-content\/uploads\/sites\/10\/2018\/03\/istock-183996236-e1594810665644.jpg\",\"contentUrl\":\"https:\/\/1office.co\/finland\/wp-content\/uploads\/sites\/10\/2018\/03\/istock-183996236-e1594810665644.jpg\",\"width\":800,\"height\":600},{\"@type\":\"BreadcrumbList\",\"@id\":\"https:\/\/1office.co\/finland\/fi\/tuote\/aloittavan-yrittajan-starttipaketti\/#breadcrumb\",\"itemListElement\":[{\"@type\":\"ListItem\",\"position\":1,\"name\":\"Home\",\"item\":\"https:\/\/1office.co\/finland\/fi\/\"},{\"@type\":\"ListItem\",\"position\":2,\"name\":\"Services Shop\",\"item\":\"https:\/\/1office.co\/finland\/services-shop\/\"},{\"@type\":\"ListItem\",\"position\":3,\"name\":\"Aloittavan yritt\u00e4j\u00e4n starttipaketti\"}]},{\"@type\":\"WebSite\",\"@id\":\"https:\/\/1office.co\/finland\/fi\/#website\",\"url\":\"https:\/\/1office.co\/finland\/fi\/\",\"name\":\"1Office Finland\",\"description\":\"Making Business Simple\",\"potentialAction\":[{\"@type\":\"SearchAction\",\"target\":{\"@type\":\"EntryPoint\",\"urlTemplate\":\"https:\/\/1office.co\/finland\/fi\/?s={search_term_string}\"},\"query-input\":{\"@type\":\"PropertyValueSpecification\",\"valueRequired\":true,\"valueName\":\"search_term_string\"}}],\"inLanguage\":\"fi\"}]}<\/script>\n<!-- \/ Yoast SEO Premium plugin. -->","yoast_head_json":{"title":"Aloittavan yritt\u00e4j\u00e4n starttipaketti | 1Office Finland","description":"We have helped hundreds of companies to start their business in Finland. In this package we have gathered together all the services necessary for taking up business in Finland.","robots":{"index":"index","follow":"follow","max-snippet":"max-snippet:-1","max-image-preview":"max-image-preview:large","max-video-preview":"max-video-preview:-1"},"canonical":"https:\/\/1office.co\/finland\/fi\/tuote\/aloittavan-yrittajan-starttipaketti\/","og_locale":"fi_FI","og_type":"article","og_title":"Aloittavan yritt\u00e4j\u00e4n starttipaketti","og_description":"We have helped hundreds of companies to start their business in Finland. In this package we have gathered together all the services necessary for taking up business in Finland.","og_url":"https:\/\/1office.co\/finland\/fi\/tuote\/aloittavan-yrittajan-starttipaketti\/","og_site_name":"1Office Finland","article_modified_time":"2025-08-05T07:14:46+00:00","og_image":[{"width":800,"height":600,"url":"https:\/\/1office.co\/finland\/wp-content\/uploads\/sites\/10\/2018\/03\/istock-183996236-e1594810665644.jpg","type":"image\/jpeg"}],"twitter_card":"summary_large_image","twitter_misc":{"Arvioitu lukuaika":"1 minuutti"},"schema":{"@context":"https:\/\/schema.org","@graph":[{"@type":"WebPage","@id":"https:\/\/1office.co\/finland\/fi\/tuote\/aloittavan-yrittajan-starttipaketti\/","url":"https:\/\/1office.co\/finland\/fi\/tuote\/aloittavan-yrittajan-starttipaketti\/","name":"Aloittavan yritt\u00e4j\u00e4n starttipaketti | 1Office Finland","isPartOf":{"@id":"https:\/\/1office.co\/finland\/fi\/#website"},"primaryImageOfPage":{"@id":"https:\/\/1office.co\/finland\/fi\/tuote\/aloittavan-yrittajan-starttipaketti\/#primaryimage"},"image":{"@id":"https:\/\/1office.co\/finland\/fi\/tuote\/aloittavan-yrittajan-starttipaketti\/#primaryimage"},"thumbnailUrl":"https:\/\/1office.co\/finland\/wp-content\/uploads\/sites\/10\/2018\/03\/istock-183996236-e1594810665644.jpg","datePublished":"2018-03-27T14:38:17+00:00","dateModified":"2025-08-05T07:14:46+00:00","description":"We have helped hundreds of companies to start their business in Finland. In this package we have gathered together all the services necessary for taking up business in Finland.","breadcrumb":{"@id":"https:\/\/1office.co\/finland\/fi\/tuote\/aloittavan-yrittajan-starttipaketti\/#breadcrumb"},"inLanguage":"fi","potentialAction":[{"@type":"ReadAction","target":["https:\/\/1office.co\/finland\/fi\/tuote\/aloittavan-yrittajan-starttipaketti\/"]}]},{"@type":"ImageObject","inLanguage":"fi","@id":"https:\/\/1office.co\/finland\/fi\/tuote\/aloittavan-yrittajan-starttipaketti\/#primaryimage","url":"https:\/\/1office.co\/finland\/wp-content\/uploads\/sites\/10\/2018\/03\/istock-183996236-e1594810665644.jpg","contentUrl":"https:\/\/1office.co\/finland\/wp-content\/uploads\/sites\/10\/2018\/03\/istock-183996236-e1594810665644.jpg","width":800,"height":600},{"@type":"BreadcrumbList","@id":"https:\/\/1office.co\/finland\/fi\/tuote\/aloittavan-yrittajan-starttipaketti\/#breadcrumb","itemListElement":[{"@type":"ListItem","position":1,"name":"Home","item":"https:\/\/1office.co\/finland\/fi\/"},{"@type":"ListItem","position":2,"name":"Services Shop","item":"https:\/\/1office.co\/finland\/services-shop\/"},{"@type":"ListItem","position":3,"name":"Aloittavan yritt\u00e4j\u00e4n starttipaketti"}]},{"@type":"WebSite","@id":"https:\/\/1office.co\/finland\/fi\/#website","url":"https:\/\/1office.co\/finland\/fi\/","name":"1Office Finland","description":"Making Business Simple","potentialAction":[{"@type":"SearchAction","target":{"@type":"EntryPoint","urlTemplate":"https:\/\/1office.co\/finland\/fi\/?s={search_term_string}"},"query-input":{"@type":"PropertyValueSpecification","valueRequired":true,"valueName":"search_term_string"}}],"inLanguage":"fi"}]}},"_links":{"self":[{"href":"https:\/\/1office.co\/finland\/fi\/wp-json\/wp\/v2\/product\/58745","targetHints":{"allow":["GET"]}}],"collection":[{"href":"https:\/\/1office.co\/finland\/fi\/wp-json\/wp\/v2\/product"}],"about":[{"href":"https:\/\/1office.co\/finland\/fi\/wp-json\/wp\/v2\/types\/product"}],"wp:featuredmedia":[{"embeddable":true,"href":"https:\/\/1office.co\/finland\/fi\/wp-json\/wp\/v2\/media\/58130"}],"wp:attachment":[{"href":"https:\/\/1office.co\/finland\/fi\/wp-json\/wp\/v2\/media?parent=58745"}],"wp:term":[{"taxonomy":"product_brand","embeddable":true,"href":"https:\/\/1office.co\/finland\/fi\/wp-json\/wp\/v2\/product_brand?post=58745"},{"taxonomy":"product_cat","embeddable":true,"href":"https:\/\/1office.co\/finland\/fi\/wp-json\/wp\/v2\/product_cat?post=58745"},{"taxonomy":"product_tag","embeddable":true,"href":"https:\/\/1office.co\/finland\/fi\/wp-json\/wp\/v2\/product_tag?post=58745"}],"curies":[{"name":"wp","href":"https:\/\/api.w.org\/{rel}","templated":true}]}}