{"id":58748,"date":"2019-02-20T07:49:43","date_gmt":"2019-02-20T07:49:43","guid":{"rendered":"https:\/\/1office.co\/finland\/product\/liquidation-of-finnish-company\/"},"modified":"2025-08-05T07:18:06","modified_gmt":"2025-08-05T07:18:06","slug":"osakeyhtion-purkaminen-alkaen","status":"publish","type":"product","link":"https:\/\/1office.co\/finland\/fi\/tuote\/osakeyhtion-purkaminen-alkaen\/","title":{"rendered":"Osakeyhti\u00f6n purkaminen alkaen"},"content":{"rendered":"<div class=\"wpb-content-wrapper\"><p>[vc_row][vc_column]<div id=\"advanced-tabs-desc-wrap-3121\" class=\"ult_tabs product_tabs\" style=\" \" data-tabsstyle=\"style1\"\n data-titlebg=\"#ffffff\" data-titlecolor=\"#b6b8ba\" data-fullheight=\"off\"\n data-titlehoverbg=\"#ffffff\" data-titlehovercolor=\"#1d1e23\"\n data-rotatetabs=\"0\" data-responsivemode=\"Both\" data-animation=\"Slide\"\ndata-activetitle=\"#1d1e23\" data-activeicon=\"\" data-activebg=\"#ffffff\"  data-respmode=\"Tabs\" data-respwidth=\"400\" data-scroll = \"on\" data-activeindex=\"1\"><ul id=advanced-tabs-wrap-6318 class=\"ult_tabmenu style1 \" style=\"\"><li class=\"ult_tab_li  \" data-iconcolor=\"#74777b\" data-iconhover=\"#ffffff\" style=\"background-color:#ffffff;border-color:transparent;border-width:0px;border-style:solid;border-top-right-radius:8px;\">\n\t\t\t\t\t<a href=\"#1512642751410-8c334-5893\"  id=\"1512642751410-8c334-5893\"  style=\"color:#b6b8ba;; padding:15px; \" class=\"ult_a  \">\n\t\t\t\t\t     <span class=\"ult_tab_main Both \">\n\t\t\t\t\t \t\t <span class=\"ult_tab_section\">\n\t\t\t\t\t   \t\t\t<span  data-ultimate-target='#advanced-tabs-wrap-6318 .ult-span-text'  data-responsive-json-new='{\"font-size\":\"desktop:14px;\",\"line-height\":\"\"}'  class=\"ult-span-text no_icon ult_tab_display_text ult-responsive\" style=\"font-weight:bold;;\">KUVAUS<\/span>\n\t\t\t\t\t   \t\t<\/span>\n\t\t\t\t\t\t<\/span>\n\t\t\t\t\t<\/a>\n\t\t\t\t\t<\/li><\/ul><div  data-ultimate-target='#advanced-tabs-desc-wrap-3121 .ult_tabcontent .ult_tab_min_contain  p'  data-responsive-json-new='{\"font-size\":\"\",\"line-height\":\"\"}' class=\"ult_tabcontent ult-responsive style1\" style=\"color:#74777b;\"><div class=\"ult_tab_min_contain \" >\n\t\t\t<div  class=\"ult_tabitemname\"  >\n\t\t\t\t[vc_column_text]Kun olet p\u00e4\u00e4tt\u00e4nyt lopettaa suomalaisen yritysesi toiminnan, yritys tulee lopettaa virallisella osakeyhti\u00f6n purkamisella. Yrityksen lopettaminen vie aikaa 7 kuukautta ja sen hoitaa selvitysmies. Yrityksen lopettaminen vie enemm\u00e4n aikaa kuin perustaminen, mutta yrityksen hallitukselle t\u00e4m\u00e4 on passiivinen aika ja selvitysmies hoitaa kaiken tarpeellisen.<\/p>\n<p>Muista, ett\u00e4 yrityksen kirjanpito t\u00e4ytyy olla tehtyn\u00e4 ennen lopettamisen aloittamista.<\/p>\n<p><strong>Hintaan sis\u00e4ltyy:<\/strong><\/p>\n<ul>\n<li>Juridisten asiakirjojen laatiminen<\/li>\n<li>Yrityksen poistaminen paikallisesta yritysietokannasta<\/li>\n<\/ul>\n<p><strong>Saatavilla lis\u00e4maksusta:<\/strong><\/p>\n<ul>\n<li>Kirjanpitopalvelu (65\u20ac+ALV per tunti)<\/li>\n<li>Kirjanpidon purkamisraportit<\/li>\n<\/ul>\n<p>Purkamisraporttien valmistelun hinta riippuu yrityksen koosta ja tapahtumien m\u00e4\u00e4r\u00e4st\u00e4. Me annamme suositukset, miten jatkaa yrityksen tasekirjan tarkistamisen j\u00e4lkeen ja l\u00e4het\u00e4mme hinta tarjouksen ennen ty\u00f6n aloittamista.<\/p>\n<p>The fee for preparing liquidation reports depends on the volume of transactions and size of the company. We will advise the client on how to proceed after reviewing the balance sheet and send a price offer before starting the work.<\/p>\n<p><strong>Prosessikuvaus:<\/strong><\/p>\n<ul>\n<li>L\u00e4het\u00e4 meille yrityksen yrityksen tiliote j tase<\/li>\n<li>L\u00e4het\u00e4mme sinulle hintatarjouksen koko prosessin l\u00e4pi viemiseksi<\/li>\n<li>Laadimme juridiset asiakirjat sek\u00e4 muu tarvittava prosessin l\u00e4pi viemiseksi<\/li>\n<li>Selvitysmies esitt\u00e4\u00e4 lopullisen tiedon osakkeenomistajien yhti\u00f6kokouksessa ja tiedottaa Kaupparekisteri\u00e4 kaikista toiminnoista<\/li>\n<li>Sinun t\u00e4ytyy vain vahvistaa raportit ja odottaa kunnes yritys on poistettu Kaupparekisterist\u00e4<\/li>\n<\/ul>\n<p><strong>T\u00e4rke\u00e4\u00e4 tietoa:<\/strong><\/p>\n<ul>\n<li>Vapaaehtoinen yhti\u00f6n purkaminen voi tapahtua vain, jos yritys pystyy maksamaan kaikki velat. Mik\u00e4li yritys ei ole maksukykyinen, pit\u00e4\u00e4 hallituksen julistaa yrityksen konkurssiprosessi, jonka voi tehd\u00e4 yrityksen johto.<\/li>\n<li>Purkamisen lis\u00e4ksi on saatavilla my\u00f6s muita vaihtoehtoja yritystoiminnan lopettamiseksi: yrityksen toiminnan tilap\u00e4inen keskeytt\u00e4minen tai yrityksen myynti. N\u00e4iden palveluiden tilaamieksi tai tarkempia tietoja varten ota meihin yhteytt\u00e4: <a href=\"mailto:sales@1office.co\" target=\"_blank\" rel=\"noopener\">sales@1office.co<\/a><\/li>\n<\/ul>\n<p>[\/vc_column_text]\n\t\t\t<\/div><\/div><\/div><\/div><div class=\"ult_acord advanced-tabs-desc-wrap-3121\">\n   <div class=\"ult-tabto-accordion \" style=\"width:;\"\n    data-titlecolor=\"#b6b8ba\"  data-titlebg=\"#ffffff\"\n     data-titlehoverbg=\"#ffffff\" data-titlehovercolor=\"#1d1e23\" data-animation=\"Slide\"\n     data-activetitle=\"#1d1e23\" data-activeicon=\"\" data-activebg=\"#ffffff\" data-scroll = \"on\" data-activeindex=\"1\" >\n     <dl><dt class=\"\">\n\t        \t<a class=\"ult-tabto-actitle withBorder ult_a \" id=\"1512642751410-8c334-5893\" style=\"color:#b6b8ba;;background-color:#ffffff;border-bottom-color:transparent;border-bottom-width:0px;border-bottom-style:solid;\" href=\"#1512642751410-8c334-5893\">\n\t        \t\t<i class=\"accordion-icon\"><\/i>\n\t        \t\t\t<span class=\"ult_tab_main ult_ac_main ult_noacordicnBoth\">\n\n\t\t\t\t\t\t<span  data-ultimate-target='#advanced-tabs-wrap-6318 .ult-span-text'  data-responsive-json-new='{\"font-size\":\"desktop:14px;\",\"line-height\":\"\"}'  class=\"ult-span-text no_icon ult_acordian-text ult-responsive\" style=\"font-weight:bold;;color:inherit \" >KUVAUS<\/span>\n\t\t\t\t\t\t<\/span><\/a><\/dt>\n\t            \t\t<dd class=\"ult-tabto-accordionItem ult-tabto-accolapsed\">\n\t\t\t\t            <div class=\"ult-tabto-acontent\" style=\"color:#74777b;\">\n\t\t\t\t               [vc_column_text]Kun olet p\u00e4\u00e4tt\u00e4nyt lopettaa suomalaisen yritysesi toiminnan, yritys tulee lopettaa virallisella osakeyhti\u00f6n purkamisella. Yrityksen lopettaminen vie aikaa 7 kuukautta ja sen hoitaa selvitysmies. Yrityksen lopettaminen vie enemm\u00e4n aikaa kuin perustaminen, mutta yrityksen hallitukselle t\u00e4m\u00e4 on passiivinen aika ja selvitysmies hoitaa kaiken tarpeellisen.<\/p>\n<p>Muista, ett\u00e4 yrityksen kirjanpito t\u00e4ytyy olla tehtyn\u00e4 ennen lopettamisen aloittamista.<\/p>\n<p><strong>Hintaan sis\u00e4ltyy:<\/strong><\/p>\n<ul>\n<li>Juridisten asiakirjojen laatiminen<\/li>\n<li>Yrityksen poistaminen paikallisesta yritysietokannasta<\/li>\n<\/ul>\n<p><strong>Saatavilla lis\u00e4maksusta:<\/strong><\/p>\n<ul>\n<li>Kirjanpitopalvelu (65\u20ac+ALV per tunti)<\/li>\n<li>Kirjanpidon purkamisraportit<\/li>\n<\/ul>\n<p>Purkamisraporttien valmistelun hinta riippuu yrityksen koosta ja tapahtumien m\u00e4\u00e4r\u00e4st\u00e4. Me annamme suositukset, miten jatkaa yrityksen tasekirjan tarkistamisen j\u00e4lkeen ja l\u00e4het\u00e4mme hinta tarjouksen ennen ty\u00f6n aloittamista.<\/p>\n<p>The fee for preparing liquidation reports depends on the volume of transactions and size of the company. We will advise the client on how to proceed after reviewing the balance sheet and send a price offer before starting the work.<\/p>\n<p><strong>Prosessikuvaus:<\/strong><\/p>\n<ul>\n<li>L\u00e4het\u00e4 meille yrityksen yrityksen tiliote j tase<\/li>\n<li>L\u00e4het\u00e4mme sinulle hintatarjouksen koko prosessin l\u00e4pi viemiseksi<\/li>\n<li>Laadimme juridiset asiakirjat sek\u00e4 muu tarvittava prosessin l\u00e4pi viemiseksi<\/li>\n<li>Selvitysmies esitt\u00e4\u00e4 lopullisen tiedon osakkeenomistajien yhti\u00f6kokouksessa ja tiedottaa Kaupparekisteri\u00e4 kaikista toiminnoista<\/li>\n<li>Sinun t\u00e4ytyy vain vahvistaa raportit ja odottaa kunnes yritys on poistettu Kaupparekisterist\u00e4<\/li>\n<\/ul>\n<p><strong>T\u00e4rke\u00e4\u00e4 tietoa:<\/strong><\/p>\n<ul>\n<li>Vapaaehtoinen yhti\u00f6n purkaminen voi tapahtua vain, jos yritys pystyy maksamaan kaikki velat. Mik\u00e4li yritys ei ole maksukykyinen, pit\u00e4\u00e4 hallituksen julistaa yrityksen konkurssiprosessi, jonka voi tehd\u00e4 yrityksen johto.<\/li>\n<li>Purkamisen lis\u00e4ksi on saatavilla my\u00f6s muita vaihtoehtoja yritystoiminnan lopettamiseksi: yrityksen toiminnan tilap\u00e4inen keskeytt\u00e4minen tai yrityksen myynti. N\u00e4iden palveluiden tilaamieksi tai tarkempia tietoja varten ota meihin yhteytt\u00e4: <a href=\"mailto:sales@1office.co\" target=\"_blank\" rel=\"noopener\">sales@1office.co<\/a><\/li>\n<\/ul>\n<p>[\/vc_column_text]\n\t\t\t\t            <\/div>\n\t        \t\t\t<\/dd>\n    \t<\/dl>\n    <!--<div class=\"extraborder\" style=\"background-color:#ffffff\"><\/div>-->\n<\/div>\n\n<\/div>[\/vc_column][\/vc_row]<\/p>\n<\/div>","protected":false},"excerpt":{"rendered":"<p>K\u00e4ytt\u00e4m\u00e4ll\u00e4 1Office palveluita on yrityksen purkaminen vaivatonta. Prosessia varten m\u00e4\u00e4r\u00e4t\u00e4\u00e4n selvitysmies. Yrityksen lopettaminen vie aikaa, mutta me hoidamme koko prosessin puolestasi.<\/p>\n","protected":false},"featured_media":58636,"template":"","meta":{"_acf_changed":false,"inline_featured_image":false},"product_brand":[],"product_cat":[354],"product_tag":[347],"class_list":{"0":"post-58748","1":"product","2":"type-product","3":"status-publish","4":"has-post-thumbnail","6":"product_cat-legal-services-fi","7":"product_tag-finland-fi","8":"description-off","10":"first","11":"instock","12":"virtual","13":"taxable","14":"purchasable","15":"product-type-simple"},"bundled_by":[],"bundle_stock_status":"instock","bundle_stock_quantity":null,"bundle_virtual":false,"bundle_layout":"","bundle_add_to_cart_form_location":"","bundle_editable_in_cart":false,"bundle_sold_individually_context":"","bundle_item_grouping":"","bundle_min_size":"","bundle_max_size":"","bundle_price":[],"bundled_items":[],"bundle_sell_ids":[],"acf":[],"yoast_head":"<!-- This site is optimized with the Yoast SEO Premium plugin v22.1 (Yoast SEO v27.0) - https:\/\/yoast.com\/product\/yoast-seo-premium-wordpress\/ -->\n<title>Osakeyhti\u00f6n purkaminen alkaen | 1Office Finland<\/title>\n<meta name=\"robots\" content=\"index, follow, max-snippet:-1, max-image-preview:large, max-video-preview:-1\" \/>\n<link rel=\"canonical\" href=\"https:\/\/1office.co\/finland\/fi\/tuote\/osakeyhtion-purkaminen-alkaen\/\" \/>\n<meta property=\"og:locale\" content=\"fi_FI\" \/>\n<meta property=\"og:type\" content=\"article\" \/>\n<meta property=\"og:title\" content=\"Osakeyhti\u00f6n purkaminen alkaen\" \/>\n<meta property=\"og:description\" content=\"K\u00e4ytt\u00e4m\u00e4ll\u00e4 1Office palveluita on yrityksen purkaminen vaivatonta. Prosessia varten m\u00e4\u00e4r\u00e4t\u00e4\u00e4n selvitysmies. Yrityksen lopettaminen vie aikaa, mutta me hoidamme koko prosessin puolestasi.\" \/>\n<meta property=\"og:url\" content=\"https:\/\/1office.co\/finland\/fi\/tuote\/osakeyhtion-purkaminen-alkaen\/\" \/>\n<meta property=\"og:site_name\" content=\"1Office Finland\" \/>\n<meta property=\"article:modified_time\" content=\"2025-08-05T07:18:06+00:00\" \/>\n<meta property=\"og:image\" content=\"https:\/\/1office.co\/finland\/wp-content\/uploads\/sites\/10\/2019\/02\/pexels-photo-277670.jpeg\" \/>\n\t<meta property=\"og:image:width\" content=\"640\" \/>\n\t<meta property=\"og:image:height\" content=\"426\" \/>\n\t<meta property=\"og:image:type\" content=\"image\/jpeg\" \/>\n<meta name=\"twitter:card\" content=\"summary_large_image\" \/>\n<meta name=\"twitter:label1\" content=\"Arvioitu lukuaika\" \/>\n\t<meta name=\"twitter:data1\" content=\"2 minuuttia\" \/>\n<script type=\"application\/ld+json\" class=\"yoast-schema-graph\">{\"@context\":\"https:\/\/schema.org\",\"@graph\":[{\"@type\":\"WebPage\",\"@id\":\"https:\/\/1office.co\/finland\/fi\/tuote\/osakeyhtion-purkaminen-alkaen\/\",\"url\":\"https:\/\/1office.co\/finland\/fi\/tuote\/osakeyhtion-purkaminen-alkaen\/\",\"name\":\"Osakeyhti\u00f6n purkaminen alkaen | 1Office Finland\",\"isPartOf\":{\"@id\":\"https:\/\/1office.co\/finland\/fi\/#website\"},\"primaryImageOfPage\":{\"@id\":\"https:\/\/1office.co\/finland\/fi\/tuote\/osakeyhtion-purkaminen-alkaen\/#primaryimage\"},\"image\":{\"@id\":\"https:\/\/1office.co\/finland\/fi\/tuote\/osakeyhtion-purkaminen-alkaen\/#primaryimage\"},\"thumbnailUrl\":\"https:\/\/1office.co\/finland\/wp-content\/uploads\/sites\/10\/2019\/02\/pexels-photo-277670.jpeg\",\"datePublished\":\"2019-02-20T07:49:43+00:00\",\"dateModified\":\"2025-08-05T07:18:06+00:00\",\"breadcrumb\":{\"@id\":\"https:\/\/1office.co\/finland\/fi\/tuote\/osakeyhtion-purkaminen-alkaen\/#breadcrumb\"},\"inLanguage\":\"fi\",\"potentialAction\":[{\"@type\":\"ReadAction\",\"target\":[\"https:\/\/1office.co\/finland\/fi\/tuote\/osakeyhtion-purkaminen-alkaen\/\"]}]},{\"@type\":\"ImageObject\",\"inLanguage\":\"fi\",\"@id\":\"https:\/\/1office.co\/finland\/fi\/tuote\/osakeyhtion-purkaminen-alkaen\/#primaryimage\",\"url\":\"https:\/\/1office.co\/finland\/wp-content\/uploads\/sites\/10\/2019\/02\/pexels-photo-277670.jpeg\",\"contentUrl\":\"https:\/\/1office.co\/finland\/wp-content\/uploads\/sites\/10\/2019\/02\/pexels-photo-277670.jpeg\",\"width\":640,\"height\":426},{\"@type\":\"BreadcrumbList\",\"@id\":\"https:\/\/1office.co\/finland\/fi\/tuote\/osakeyhtion-purkaminen-alkaen\/#breadcrumb\",\"itemListElement\":[{\"@type\":\"ListItem\",\"position\":1,\"name\":\"Home\",\"item\":\"https:\/\/1office.co\/finland\/fi\/\"},{\"@type\":\"ListItem\",\"position\":2,\"name\":\"Services Shop\",\"item\":\"https:\/\/1office.co\/finland\/services-shop\/\"},{\"@type\":\"ListItem\",\"position\":3,\"name\":\"Osakeyhti\u00f6n purkaminen alkaen\"}]},{\"@type\":\"WebSite\",\"@id\":\"https:\/\/1office.co\/finland\/fi\/#website\",\"url\":\"https:\/\/1office.co\/finland\/fi\/\",\"name\":\"1Office Finland\",\"description\":\"Making Business Simple\",\"potentialAction\":[{\"@type\":\"SearchAction\",\"target\":{\"@type\":\"EntryPoint\",\"urlTemplate\":\"https:\/\/1office.co\/finland\/fi\/?s={search_term_string}\"},\"query-input\":{\"@type\":\"PropertyValueSpecification\",\"valueRequired\":true,\"valueName\":\"search_term_string\"}}],\"inLanguage\":\"fi\"}]}<\/script>\n<!-- \/ Yoast SEO Premium plugin. -->","yoast_head_json":{"title":"Osakeyhti\u00f6n purkaminen alkaen | 1Office Finland","robots":{"index":"index","follow":"follow","max-snippet":"max-snippet:-1","max-image-preview":"max-image-preview:large","max-video-preview":"max-video-preview:-1"},"canonical":"https:\/\/1office.co\/finland\/fi\/tuote\/osakeyhtion-purkaminen-alkaen\/","og_locale":"fi_FI","og_type":"article","og_title":"Osakeyhti\u00f6n purkaminen alkaen","og_description":"K\u00e4ytt\u00e4m\u00e4ll\u00e4 1Office palveluita on yrityksen purkaminen vaivatonta. Prosessia varten m\u00e4\u00e4r\u00e4t\u00e4\u00e4n selvitysmies. Yrityksen lopettaminen vie aikaa, mutta me hoidamme koko prosessin puolestasi.","og_url":"https:\/\/1office.co\/finland\/fi\/tuote\/osakeyhtion-purkaminen-alkaen\/","og_site_name":"1Office Finland","article_modified_time":"2025-08-05T07:18:06+00:00","og_image":[{"width":640,"height":426,"url":"https:\/\/1office.co\/finland\/wp-content\/uploads\/sites\/10\/2019\/02\/pexels-photo-277670.jpeg","type":"image\/jpeg"}],"twitter_card":"summary_large_image","twitter_misc":{"Arvioitu lukuaika":"2 minuuttia"},"schema":{"@context":"https:\/\/schema.org","@graph":[{"@type":"WebPage","@id":"https:\/\/1office.co\/finland\/fi\/tuote\/osakeyhtion-purkaminen-alkaen\/","url":"https:\/\/1office.co\/finland\/fi\/tuote\/osakeyhtion-purkaminen-alkaen\/","name":"Osakeyhti\u00f6n purkaminen alkaen | 1Office Finland","isPartOf":{"@id":"https:\/\/1office.co\/finland\/fi\/#website"},"primaryImageOfPage":{"@id":"https:\/\/1office.co\/finland\/fi\/tuote\/osakeyhtion-purkaminen-alkaen\/#primaryimage"},"image":{"@id":"https:\/\/1office.co\/finland\/fi\/tuote\/osakeyhtion-purkaminen-alkaen\/#primaryimage"},"thumbnailUrl":"https:\/\/1office.co\/finland\/wp-content\/uploads\/sites\/10\/2019\/02\/pexels-photo-277670.jpeg","datePublished":"2019-02-20T07:49:43+00:00","dateModified":"2025-08-05T07:18:06+00:00","breadcrumb":{"@id":"https:\/\/1office.co\/finland\/fi\/tuote\/osakeyhtion-purkaminen-alkaen\/#breadcrumb"},"inLanguage":"fi","potentialAction":[{"@type":"ReadAction","target":["https:\/\/1office.co\/finland\/fi\/tuote\/osakeyhtion-purkaminen-alkaen\/"]}]},{"@type":"ImageObject","inLanguage":"fi","@id":"https:\/\/1office.co\/finland\/fi\/tuote\/osakeyhtion-purkaminen-alkaen\/#primaryimage","url":"https:\/\/1office.co\/finland\/wp-content\/uploads\/sites\/10\/2019\/02\/pexels-photo-277670.jpeg","contentUrl":"https:\/\/1office.co\/finland\/wp-content\/uploads\/sites\/10\/2019\/02\/pexels-photo-277670.jpeg","width":640,"height":426},{"@type":"BreadcrumbList","@id":"https:\/\/1office.co\/finland\/fi\/tuote\/osakeyhtion-purkaminen-alkaen\/#breadcrumb","itemListElement":[{"@type":"ListItem","position":1,"name":"Home","item":"https:\/\/1office.co\/finland\/fi\/"},{"@type":"ListItem","position":2,"name":"Services Shop","item":"https:\/\/1office.co\/finland\/services-shop\/"},{"@type":"ListItem","position":3,"name":"Osakeyhti\u00f6n purkaminen alkaen"}]},{"@type":"WebSite","@id":"https:\/\/1office.co\/finland\/fi\/#website","url":"https:\/\/1office.co\/finland\/fi\/","name":"1Office Finland","description":"Making Business Simple","potentialAction":[{"@type":"SearchAction","target":{"@type":"EntryPoint","urlTemplate":"https:\/\/1office.co\/finland\/fi\/?s={search_term_string}"},"query-input":{"@type":"PropertyValueSpecification","valueRequired":true,"valueName":"search_term_string"}}],"inLanguage":"fi"}]}},"_links":{"self":[{"href":"https:\/\/1office.co\/finland\/fi\/wp-json\/wp\/v2\/product\/58748","targetHints":{"allow":["GET"]}}],"collection":[{"href":"https:\/\/1office.co\/finland\/fi\/wp-json\/wp\/v2\/product"}],"about":[{"href":"https:\/\/1office.co\/finland\/fi\/wp-json\/wp\/v2\/types\/product"}],"wp:featuredmedia":[{"embeddable":true,"href":"https:\/\/1office.co\/finland\/fi\/wp-json\/wp\/v2\/media\/58636"}],"wp:attachment":[{"href":"https:\/\/1office.co\/finland\/fi\/wp-json\/wp\/v2\/media?parent=58748"}],"wp:term":[{"taxonomy":"product_brand","embeddable":true,"href":"https:\/\/1office.co\/finland\/fi\/wp-json\/wp\/v2\/product_brand?post=58748"},{"taxonomy":"product_cat","embeddable":true,"href":"https:\/\/1office.co\/finland\/fi\/wp-json\/wp\/v2\/product_cat?post=58748"},{"taxonomy":"product_tag","embeddable":true,"href":"https:\/\/1office.co\/finland\/fi\/wp-json\/wp\/v2\/product_tag?post=58748"}],"curies":[{"name":"wp","href":"https:\/\/api.w.org\/{rel}","templated":true}]}}