{"id":58753,"date":"2019-04-30T08:59:49","date_gmt":"2019-04-30T08:59:49","guid":{"rendered":"https:\/\/1office.co\/finland\/product\/starting-package-for-a-foreign-company\/"},"modified":"2025-08-05T07:15:44","modified_gmt":"2025-08-05T07:15:44","slug":"aloituspaketti-ulkomaiselle-yritykselle","status":"publish","type":"product","link":"https:\/\/1office.co\/finland\/fi\/tuote\/aloituspaketti-ulkomaiselle-yritykselle\/","title":{"rendered":"Aloituspaketti ulkomaiselle yritykselle"},"content":{"rendered":"<div class=\"wpb-content-wrapper\"><p>[vc_row][vc_column]<div id=\"advanced-tabs-desc-wrap-8404\" class=\"ult_tabs product_tabs\" style=\" \" data-tabsstyle=\"style1\"\n data-titlebg=\"#ffffff\" data-titlecolor=\"#b6b8ba\" data-fullheight=\"off\"\n data-titlehoverbg=\"#ffffff\" data-titlehovercolor=\"#1d1e23\"\n data-rotatetabs=\"0\" data-responsivemode=\"Both\" data-animation=\"Slide\"\ndata-activetitle=\"#1d1e23\" data-activeicon=\"\" data-activebg=\"#ffffff\"  data-respmode=\"Tabs\" data-respwidth=\"400\" data-scroll = \"on\" data-activeindex=\"1\"><ul id=advanced-tabs-wrap-6710 class=\"ult_tabmenu style1 \" style=\"\"><li class=\"ult_tab_li  \" data-iconcolor=\"#74777b\" data-iconhover=\"#ffffff\" style=\"background-color:#ffffff;border-color:transparent;border-width:0px;border-style:solid;border-top-right-radius:8px;\">\n\t\t\t\t\t<a href=\"#1512642751410-8d7ab-c11d\"  id=\"1512642751410-8d7ab-c11d\"  style=\"color:#b6b8ba;; padding:15px; \" class=\"ult_a  \">\n\t\t\t\t\t     <span class=\"ult_tab_main Both \">\n\t\t\t\t\t \t\t <span class=\"ult_tab_section\">\n\t\t\t\t\t   \t\t\t<span  data-ultimate-target='#advanced-tabs-wrap-6710 .ult-span-text'  data-responsive-json-new='{\"font-size\":\"desktop:14px;\",\"line-height\":\"\"}'  class=\"ult-span-text no_icon ult_tab_display_text ult-responsive\" style=\"font-weight:bold;;\">KUVAUS<\/span>\n\t\t\t\t\t   \t\t<\/span>\n\t\t\t\t\t\t<\/span>\n\t\t\t\t\t<\/a>\n\t\t\t\t\t<\/li><\/ul><div  data-ultimate-target='#advanced-tabs-desc-wrap-8404 .ult_tabcontent .ult_tab_min_contain  p'  data-responsive-json-new='{\"font-size\":\"\",\"line-height\":\"\"}' class=\"ult_tabcontent ult-responsive style1\" style=\"color:#74777b;\"><div class=\"ult_tab_min_contain \" >\n\t\t\t<div  class=\"ult_tabitemname\"  >\n\t\t\t\t[vc_column_text]<strong>Miksi valita aloituspaketti?<\/strong><\/p>\n<ul>\n<li>Ulkomaisena yrityksen\u00e4 Suomessa yritystoimintaa aloittaessa aiheutuu yleens\u00e4 velvollisuus rekister\u00f6id\u00e4 yritys verossa ja hakea useita vero rekister\u00f6intej\u00e4. Autamme teit\u00e4 kaikkien tarvittavien rekister\u00f6intien kuten ennakkovero rekisterin, alv-numeron ja ty\u00f6nantajaksi rekister\u00f6itymisen hakemusten kanssa.<\/li>\n<li>Paketti sis\u00e4lt\u00e4\u00e4 my\u00f6s Suomen yritysosoitteen postipalveluineen. Suomen yritysosoitteen omistus kasvattaa yrityksen luotettavuutta ja lis\u00e4ksi, koska postipalvelu sis\u00e4lt\u00e4\u00e4 kirjeiden vastaanottamisen sek\u00e4 edelleen l\u00e4hetyksen,\u00a0kaikki Suomen viranomaisilta saapuvat kirjeet tavoittavat teid\u00e4t ilman viiveit\u00e4 ja ongelmia.<\/li>\n<li>Tarjoamme lis\u00e4ksi kaikenkattavaa ja autmatisoitua Suomalaista kirjanpitopalvelua. Aloituspaketin hinta sis\u00e4lt\u00e4\u00e4 kirjanpidon palvelun aloitusmaksun. T\u00e4m\u00e4n j\u00e4lkeen l\u00e4hetet\u00e4\u00e4n laskut kuukausittain riippuen ty\u00f6n m\u00e4\u00e4r\u00e4st\u00e4, minimaalinen kuukausimaksu on 95 \u20ac. Voimme Tarjota ulkomaisille yrityksille erilaisia kirjanpitopalvelun ratkaisuja.<\/li>\n<\/ul>\n<p><strong>Hintaan sis\u00e4ltyy:<\/strong><\/p>\n<ul>\n<li>Verorekister\u00f6innit ulkomaisen taustan omaavalle yritykselle 560\u20ac<\/li>\n<li>Yritysosoite postipalveluineen yhdeksi vuodeksi <span style=\"text-decoration: line-through;\">840 EUR <\/span><strong>420 EUR<\/strong>\u00a0&#8211; 50% alennus p\u00e4tee yritysosoitetta ostettaessa<\/li>\n<li>Kirjanpitopalvelun aloitusmaksu 150\u20ac<\/li>\n<\/ul>\n<p>[\/vc_column_text]\n\t\t\t<\/div><\/div><\/div><\/div><div class=\"ult_acord advanced-tabs-desc-wrap-8404\">\n   <div class=\"ult-tabto-accordion \" style=\"width:;\"\n    data-titlecolor=\"#b6b8ba\"  data-titlebg=\"#ffffff\"\n     data-titlehoverbg=\"#ffffff\" data-titlehovercolor=\"#1d1e23\" data-animation=\"Slide\"\n     data-activetitle=\"#1d1e23\" data-activeicon=\"\" data-activebg=\"#ffffff\" data-scroll = \"on\" data-activeindex=\"1\" >\n     <dl><dt class=\"\">\n\t        \t<a class=\"ult-tabto-actitle withBorder ult_a \" id=\"1512642751410-8d7ab-c11d\" style=\"color:#b6b8ba;;background-color:#ffffff;border-bottom-color:transparent;border-bottom-width:0px;border-bottom-style:solid;\" href=\"#1512642751410-8d7ab-c11d\">\n\t        \t\t<i class=\"accordion-icon\"><\/i>\n\t        \t\t\t<span class=\"ult_tab_main ult_ac_main ult_noacordicnBoth\">\n\n\t\t\t\t\t\t<span  data-ultimate-target='#advanced-tabs-wrap-6710 .ult-span-text'  data-responsive-json-new='{\"font-size\":\"desktop:14px;\",\"line-height\":\"\"}'  class=\"ult-span-text no_icon ult_acordian-text ult-responsive\" style=\"font-weight:bold;;color:inherit \" >KUVAUS<\/span>\n\t\t\t\t\t\t<\/span><\/a><\/dt>\n\t            \t\t<dd class=\"ult-tabto-accordionItem ult-tabto-accolapsed\">\n\t\t\t\t            <div class=\"ult-tabto-acontent\" style=\"color:#74777b;\">\n\t\t\t\t               [vc_column_text]<strong>Miksi valita aloituspaketti?<\/strong><\/p>\n<ul>\n<li>Ulkomaisena yrityksen\u00e4 Suomessa yritystoimintaa aloittaessa aiheutuu yleens\u00e4 velvollisuus rekister\u00f6id\u00e4 yritys verossa ja hakea useita vero rekister\u00f6intej\u00e4. Autamme teit\u00e4 kaikkien tarvittavien rekister\u00f6intien kuten ennakkovero rekisterin, alv-numeron ja ty\u00f6nantajaksi rekister\u00f6itymisen hakemusten kanssa.<\/li>\n<li>Paketti sis\u00e4lt\u00e4\u00e4 my\u00f6s Suomen yritysosoitteen postipalveluineen. Suomen yritysosoitteen omistus kasvattaa yrityksen luotettavuutta ja lis\u00e4ksi, koska postipalvelu sis\u00e4lt\u00e4\u00e4 kirjeiden vastaanottamisen sek\u00e4 edelleen l\u00e4hetyksen,\u00a0kaikki Suomen viranomaisilta saapuvat kirjeet tavoittavat teid\u00e4t ilman viiveit\u00e4 ja ongelmia.<\/li>\n<li>Tarjoamme lis\u00e4ksi kaikenkattavaa ja autmatisoitua Suomalaista kirjanpitopalvelua. Aloituspaketin hinta sis\u00e4lt\u00e4\u00e4 kirjanpidon palvelun aloitusmaksun. T\u00e4m\u00e4n j\u00e4lkeen l\u00e4hetet\u00e4\u00e4n laskut kuukausittain riippuen ty\u00f6n m\u00e4\u00e4r\u00e4st\u00e4, minimaalinen kuukausimaksu on 95 \u20ac. Voimme Tarjota ulkomaisille yrityksille erilaisia kirjanpitopalvelun ratkaisuja.<\/li>\n<\/ul>\n<p><strong>Hintaan sis\u00e4ltyy:<\/strong><\/p>\n<ul>\n<li>Verorekister\u00f6innit ulkomaisen taustan omaavalle yritykselle 560\u20ac<\/li>\n<li>Yritysosoite postipalveluineen yhdeksi vuodeksi <span style=\"text-decoration: line-through;\">840 EUR <\/span><strong>420 EUR<\/strong>\u00a0&#8211; 50% alennus p\u00e4tee yritysosoitetta ostettaessa<\/li>\n<li>Kirjanpitopalvelun aloitusmaksu 150\u20ac<\/li>\n<\/ul>\n<p>[\/vc_column_text]\n\t\t\t\t            <\/div>\n\t        \t\t\t<\/dd>\n    \t<\/dl>\n    <!--<div class=\"extraborder\" style=\"background-color:#ffffff\"><\/div>-->\n<\/div>\n\n<\/div>[\/vc_column][\/vc_row]<\/p>\n<\/div>","protected":false},"excerpt":{"rendered":"<p>T\u00e4m\u00e4 paketti on t\u00e4ydellinen, jos haluat aloittaa yritystoiminnan Suomessa jo olemassa olevassa ulkomaalaistaustaisessa yrityksess\u00e4si. Aloituspakettiin on koottu kaikki tarvittavat palvelut, mit\u00e4 yhdell\u00e4 ulkomaisella yrityksell\u00e4 Suomessa yrityksen aloittamiseksi tarvitaan.<\/p>\n","protected":false},"featured_media":60435,"template":"","meta":{"_acf_changed":false,"inline_featured_image":false},"product_brand":[],"product_cat":[473],"product_tag":[347],"class_list":{"0":"post-58753","1":"product","2":"type-product","3":"status-publish","4":"has-post-thumbnail","6":"product_cat-paketit","7":"product_tag-finland-fi","8":"description-off","10":"first","11":"instock","12":"taxable","13":"shipping-taxable","14":"purchasable","15":"product-type-bundle"},"bundled_by":[],"bundle_stock_status":"instock","bundle_stock_quantity":"","bundle_virtual":false,"bundle_layout":"default","bundle_add_to_cart_form_location":"default","bundle_editable_in_cart":false,"bundle_sold_individually_context":"product","bundle_item_grouping":"parent","bundle_min_size":"","bundle_max_size":"","bundle_price":{"price":{"min":{"incl_tax":"1129.5","excl_tax":"900"},"max":{"incl_tax":"1129.5","excl_tax":"900"}},"regular_price":{"min":{"incl_tax":"1129.5","excl_tax":"900"},"max":{"incl_tax":"1129.5","excl_tax":"900"}}},"bundled_items":[{"bundled_item_id":15,"product_id":59155,"menu_order":0,"quantity_min":1,"quantity_max":1,"quantity_default":1,"priced_individually":true,"shipped_individually":true,"override_title":false,"title":"Yritysosoite Helsingin ydinkeskustassa","override_description":false,"description":"Yritysosoite Helsingin ydinkeskustassa","optional":false,"hide_thumbnail":false,"discount":"","override_variations":false,"allowed_variations":[""],"override_default_variation_attributes":false,"default_variation_attributes":[],"single_product_visibility":"visible","cart_visibility":"visible","order_visibility":"visible","single_product_price_visibility":"hidden","cart_price_visibility":"hidden","order_price_visibility":"hidden","stock_status":"in_stock"},{"bundled_item_id":21,"product_id":57837,"menu_order":1,"quantity_min":1,"quantity_max":1,"quantity_default":1,"priced_individually":true,"shipped_individually":true,"override_title":false,"title":"Kirjanpitopalvelut aloitusmaksu","override_description":false,"description":"Kirjanpitopalvelut aloitusmaksu","optional":false,"hide_thumbnail":false,"discount":"","override_variations":false,"allowed_variations":[""],"override_default_variation_attributes":false,"default_variation_attributes":[],"single_product_visibility":"visible","cart_visibility":"visible","order_visibility":"visible","single_product_price_visibility":"hidden","cart_price_visibility":"hidden","order_price_visibility":"hidden","stock_status":"in_stock"},{"bundled_item_id":103,"product_id":60360,"menu_order":2,"quantity_min":1,"quantity_max":1,"quantity_default":1,"priced_individually":true,"shipped_individually":true,"override_title":false,"title":"Suomi.fi hakemus","override_description":false,"description":"Suomi.fi hakemus","optional":false,"hide_thumbnail":false,"discount":"","override_variations":false,"allowed_variations":[""],"override_default_variation_attributes":false,"default_variation_attributes":[],"single_product_visibility":"visible","cart_visibility":"visible","order_visibility":"visible","single_product_price_visibility":"hidden","cart_price_visibility":"hidden","order_price_visibility":"hidden","stock_status":"in_stock"}],"bundle_sell_ids":[],"acf":[],"yoast_head":"<!-- This site is optimized with the Yoast SEO Premium plugin v22.1 (Yoast SEO v27.0) - https:\/\/yoast.com\/product\/yoast-seo-premium-wordpress\/ -->\n<title>Aloituspaketti ulkomaiselle yritykselle | 1Office Finland<\/title>\n<meta name=\"robots\" content=\"index, follow, max-snippet:-1, max-image-preview:large, max-video-preview:-1\" \/>\n<link rel=\"canonical\" href=\"https:\/\/1office.co\/finland\/fi\/tuote\/aloituspaketti-ulkomaiselle-yritykselle\/\" \/>\n<meta property=\"og:locale\" content=\"fi_FI\" \/>\n<meta property=\"og:type\" content=\"article\" \/>\n<meta property=\"og:title\" content=\"Aloituspaketti ulkomaiselle yritykselle\" \/>\n<meta property=\"og:description\" content=\"T\u00e4m\u00e4 paketti on t\u00e4ydellinen, jos haluat aloittaa yritystoiminnan Suomessa jo olemassa olevassa ulkomaalaistaustaisessa yrityksess\u00e4si. Aloituspakettiin on koottu kaikki tarvittavat palvelut, mit\u00e4 yhdell\u00e4 ulkomaisella yrityksell\u00e4 Suomessa yrityksen aloittamiseksi tarvitaan.\" \/>\n<meta property=\"og:url\" content=\"https:\/\/1office.co\/finland\/fi\/tuote\/aloituspaketti-ulkomaiselle-yritykselle\/\" \/>\n<meta property=\"og:site_name\" content=\"1Office Finland\" \/>\n<meta property=\"article:modified_time\" content=\"2025-08-05T07:15:44+00:00\" \/>\n<meta property=\"og:image\" content=\"https:\/\/1office.co\/finland\/wp-content\/uploads\/sites\/10\/2019\/04\/building.png\" \/>\n\t<meta property=\"og:image:width\" content=\"1200\" \/>\n\t<meta property=\"og:image:height\" content=\"800\" \/>\n\t<meta property=\"og:image:type\" content=\"image\/png\" \/>\n<meta name=\"twitter:card\" content=\"summary_large_image\" \/>\n<meta name=\"twitter:label1\" content=\"Arvioitu lukuaika\" \/>\n\t<meta name=\"twitter:data1\" content=\"1 minuutti\" \/>\n<script type=\"application\/ld+json\" class=\"yoast-schema-graph\">{\"@context\":\"https:\/\/schema.org\",\"@graph\":[{\"@type\":\"WebPage\",\"@id\":\"https:\/\/1office.co\/finland\/fi\/tuote\/aloituspaketti-ulkomaiselle-yritykselle\/\",\"url\":\"https:\/\/1office.co\/finland\/fi\/tuote\/aloituspaketti-ulkomaiselle-yritykselle\/\",\"name\":\"Aloituspaketti ulkomaiselle yritykselle | 1Office Finland\",\"isPartOf\":{\"@id\":\"https:\/\/1office.co\/finland\/fi\/#website\"},\"primaryImageOfPage\":{\"@id\":\"https:\/\/1office.co\/finland\/fi\/tuote\/aloituspaketti-ulkomaiselle-yritykselle\/#primaryimage\"},\"image\":{\"@id\":\"https:\/\/1office.co\/finland\/fi\/tuote\/aloituspaketti-ulkomaiselle-yritykselle\/#primaryimage\"},\"thumbnailUrl\":\"https:\/\/1office.co\/finland\/wp-content\/uploads\/sites\/10\/2019\/04\/building.png\",\"datePublished\":\"2019-04-30T08:59:49+00:00\",\"dateModified\":\"2025-08-05T07:15:44+00:00\",\"breadcrumb\":{\"@id\":\"https:\/\/1office.co\/finland\/fi\/tuote\/aloituspaketti-ulkomaiselle-yritykselle\/#breadcrumb\"},\"inLanguage\":\"fi\",\"potentialAction\":[{\"@type\":\"ReadAction\",\"target\":[\"https:\/\/1office.co\/finland\/fi\/tuote\/aloituspaketti-ulkomaiselle-yritykselle\/\"]}]},{\"@type\":\"ImageObject\",\"inLanguage\":\"fi\",\"@id\":\"https:\/\/1office.co\/finland\/fi\/tuote\/aloituspaketti-ulkomaiselle-yritykselle\/#primaryimage\",\"url\":\"https:\/\/1office.co\/finland\/wp-content\/uploads\/sites\/10\/2019\/04\/building.png\",\"contentUrl\":\"https:\/\/1office.co\/finland\/wp-content\/uploads\/sites\/10\/2019\/04\/building.png\",\"width\":1200,\"height\":800,\"caption\":\"Company formations in Finland\"},{\"@type\":\"BreadcrumbList\",\"@id\":\"https:\/\/1office.co\/finland\/fi\/tuote\/aloituspaketti-ulkomaiselle-yritykselle\/#breadcrumb\",\"itemListElement\":[{\"@type\":\"ListItem\",\"position\":1,\"name\":\"Home\",\"item\":\"https:\/\/1office.co\/finland\/fi\/\"},{\"@type\":\"ListItem\",\"position\":2,\"name\":\"Services Shop\",\"item\":\"https:\/\/1office.co\/finland\/services-shop\/\"},{\"@type\":\"ListItem\",\"position\":3,\"name\":\"Aloituspaketti ulkomaiselle yritykselle\"}]},{\"@type\":\"WebSite\",\"@id\":\"https:\/\/1office.co\/finland\/fi\/#website\",\"url\":\"https:\/\/1office.co\/finland\/fi\/\",\"name\":\"1Office Finland\",\"description\":\"Making Business Simple\",\"potentialAction\":[{\"@type\":\"SearchAction\",\"target\":{\"@type\":\"EntryPoint\",\"urlTemplate\":\"https:\/\/1office.co\/finland\/fi\/?s={search_term_string}\"},\"query-input\":{\"@type\":\"PropertyValueSpecification\",\"valueRequired\":true,\"valueName\":\"search_term_string\"}}],\"inLanguage\":\"fi\"}]}<\/script>\n<!-- \/ Yoast SEO Premium plugin. -->","yoast_head_json":{"title":"Aloituspaketti ulkomaiselle yritykselle | 1Office Finland","robots":{"index":"index","follow":"follow","max-snippet":"max-snippet:-1","max-image-preview":"max-image-preview:large","max-video-preview":"max-video-preview:-1"},"canonical":"https:\/\/1office.co\/finland\/fi\/tuote\/aloituspaketti-ulkomaiselle-yritykselle\/","og_locale":"fi_FI","og_type":"article","og_title":"Aloituspaketti ulkomaiselle yritykselle","og_description":"T\u00e4m\u00e4 paketti on t\u00e4ydellinen, jos haluat aloittaa yritystoiminnan Suomessa jo olemassa olevassa ulkomaalaistaustaisessa yrityksess\u00e4si. Aloituspakettiin on koottu kaikki tarvittavat palvelut, mit\u00e4 yhdell\u00e4 ulkomaisella yrityksell\u00e4 Suomessa yrityksen aloittamiseksi tarvitaan.","og_url":"https:\/\/1office.co\/finland\/fi\/tuote\/aloituspaketti-ulkomaiselle-yritykselle\/","og_site_name":"1Office Finland","article_modified_time":"2025-08-05T07:15:44+00:00","og_image":[{"width":1200,"height":800,"url":"https:\/\/1office.co\/finland\/wp-content\/uploads\/sites\/10\/2019\/04\/building.png","type":"image\/png"}],"twitter_card":"summary_large_image","twitter_misc":{"Arvioitu lukuaika":"1 minuutti"},"schema":{"@context":"https:\/\/schema.org","@graph":[{"@type":"WebPage","@id":"https:\/\/1office.co\/finland\/fi\/tuote\/aloituspaketti-ulkomaiselle-yritykselle\/","url":"https:\/\/1office.co\/finland\/fi\/tuote\/aloituspaketti-ulkomaiselle-yritykselle\/","name":"Aloituspaketti ulkomaiselle yritykselle | 1Office Finland","isPartOf":{"@id":"https:\/\/1office.co\/finland\/fi\/#website"},"primaryImageOfPage":{"@id":"https:\/\/1office.co\/finland\/fi\/tuote\/aloituspaketti-ulkomaiselle-yritykselle\/#primaryimage"},"image":{"@id":"https:\/\/1office.co\/finland\/fi\/tuote\/aloituspaketti-ulkomaiselle-yritykselle\/#primaryimage"},"thumbnailUrl":"https:\/\/1office.co\/finland\/wp-content\/uploads\/sites\/10\/2019\/04\/building.png","datePublished":"2019-04-30T08:59:49+00:00","dateModified":"2025-08-05T07:15:44+00:00","breadcrumb":{"@id":"https:\/\/1office.co\/finland\/fi\/tuote\/aloituspaketti-ulkomaiselle-yritykselle\/#breadcrumb"},"inLanguage":"fi","potentialAction":[{"@type":"ReadAction","target":["https:\/\/1office.co\/finland\/fi\/tuote\/aloituspaketti-ulkomaiselle-yritykselle\/"]}]},{"@type":"ImageObject","inLanguage":"fi","@id":"https:\/\/1office.co\/finland\/fi\/tuote\/aloituspaketti-ulkomaiselle-yritykselle\/#primaryimage","url":"https:\/\/1office.co\/finland\/wp-content\/uploads\/sites\/10\/2019\/04\/building.png","contentUrl":"https:\/\/1office.co\/finland\/wp-content\/uploads\/sites\/10\/2019\/04\/building.png","width":1200,"height":800,"caption":"Company formations in Finland"},{"@type":"BreadcrumbList","@id":"https:\/\/1office.co\/finland\/fi\/tuote\/aloituspaketti-ulkomaiselle-yritykselle\/#breadcrumb","itemListElement":[{"@type":"ListItem","position":1,"name":"Home","item":"https:\/\/1office.co\/finland\/fi\/"},{"@type":"ListItem","position":2,"name":"Services Shop","item":"https:\/\/1office.co\/finland\/services-shop\/"},{"@type":"ListItem","position":3,"name":"Aloituspaketti ulkomaiselle yritykselle"}]},{"@type":"WebSite","@id":"https:\/\/1office.co\/finland\/fi\/#website","url":"https:\/\/1office.co\/finland\/fi\/","name":"1Office Finland","description":"Making Business Simple","potentialAction":[{"@type":"SearchAction","target":{"@type":"EntryPoint","urlTemplate":"https:\/\/1office.co\/finland\/fi\/?s={search_term_string}"},"query-input":{"@type":"PropertyValueSpecification","valueRequired":true,"valueName":"search_term_string"}}],"inLanguage":"fi"}]}},"_links":{"self":[{"href":"https:\/\/1office.co\/finland\/fi\/wp-json\/wp\/v2\/product\/58753","targetHints":{"allow":["GET"]}}],"collection":[{"href":"https:\/\/1office.co\/finland\/fi\/wp-json\/wp\/v2\/product"}],"about":[{"href":"https:\/\/1office.co\/finland\/fi\/wp-json\/wp\/v2\/types\/product"}],"wp:featuredmedia":[{"embeddable":true,"href":"https:\/\/1office.co\/finland\/fi\/wp-json\/wp\/v2\/media\/60435"}],"wp:attachment":[{"href":"https:\/\/1office.co\/finland\/fi\/wp-json\/wp\/v2\/media?parent=58753"}],"wp:term":[{"taxonomy":"product_brand","embeddable":true,"href":"https:\/\/1office.co\/finland\/fi\/wp-json\/wp\/v2\/product_brand?post=58753"},{"taxonomy":"product_cat","embeddable":true,"href":"https:\/\/1office.co\/finland\/fi\/wp-json\/wp\/v2\/product_cat?post=58753"},{"taxonomy":"product_tag","embeddable":true,"href":"https:\/\/1office.co\/finland\/fi\/wp-json\/wp\/v2\/product_tag?post=58753"}],"curies":[{"name":"wp","href":"https:\/\/api.w.org\/{rel}","templated":true}]}}