{"id":57465,"date":"2018-01-03T09:55:11","date_gmt":"2018-01-03T09:55:11","guid":{"rendered":"https:\/\/1office.co\/latvia\/meie-teenused-eestis\/"},"modified":"2025-08-18T15:12:39","modified_gmt":"2025-08-18T15:12:39","slug":"meie-teenused-latis","status":"publish","type":"page","link":"https:\/\/1office.co\/latvia\/et\/","title":{"rendered":"Meie teenused L\u00e4tis"},"content":{"rendered":"<div class=\"wpb-content-wrapper\"><p>[vc_row full_width=&#8221;stretch_row&#8221; bg_type=&#8221;image&#8221; parallax_style=&#8221;vcpb-default&#8221; bg_image_new=&#8221;id^60767|url^https:\/\/1office.co\/wp-content\/uploads\/2017\/05\/pexels-photo-3.jpg|caption^null|alt^null|title^pexels-photo (3)|description^null&#8221; bg_image_repeat=&#8221;no-repeat&#8221; bg_img_attach=&#8221;fixed&#8221; bg_image_posiiton=&#8221;0 10%&#8221; seperator_enable=&#8221;seperator_enable_value&#8221; seperator_type=&#8221;tilt_left_seperator&#8221; seperator_position=&#8221;bottom_seperator&#8221; el_class=&#8221;one-blog-head&#8221;][vc_column]<div id=\"ultimate-heading-419169e36ae9899ae\" class=\"uvc-heading ult-adjust-bottom-margin ultimate-heading-419169e36ae9899ae uvc-4399 \" data-hspacer=\"no_spacer\"  data-halign=\"left\" style=\"text-align:left\"><div class=\"uvc-heading-spacer no_spacer\" style=\"top\"><\/div><div class=\"uvc-main-heading ult-responsive\"  data-ultimate-target='.uvc-heading.ultimate-heading-419169e36ae9899ae h1'  data-responsive-json-new='{\"font-size\":\"desktop:42px;\",\"line-height\":\"\"}' ><h1 style=\"--font-weight:theme;color:#ffffff;\">Meie teenused L\u00e4tis<\/h1><\/div><div class=\"uvc-sub-heading ult-responsive\"  data-ultimate-target='.uvc-heading.ultimate-heading-419169e36ae9899ae .uvc-sub-heading '  data-responsive-json-new='{\"font-size\":\"desktop:22px;\",\"line-height\":\"\"}'  style=\"font-weight:normal;color:#98c93c;\">Vaata k\u00f5iki v\u00f5i vali kindel kategooria<\/div><\/div>[\/vc_column][\/vc_row][vc_row full_width=&#8221;stretch_row&#8221; equal_height=&#8221;yes&#8221;][vc_column][vc_column_text]<form data-sf-form-id='57552' data-is-rtl='0' data-maintain-state='' data-results-url='https:\/\/1office.co\/latvia\/et\/' data-ajax-url='https:\/\/1office.co\/latvia\/et\/?sfid=57552&amp;sf_action=get_data&amp;sf_data=all' data-ajax-form-url='https:\/\/1office.co\/latvia\/et\/?sfid=57552&amp;sf_action=get_data&amp;sf_data=form' data-display-result-method='shortcode' data-use-history-api='1' data-template-loaded='0' data-lang-code='et' data-ajax='1' data-ajax-data-type='json' data-ajax-links-selector='.pagination a' data-ajax-target='#search-filter-results-57552' data-ajax-pagination-type='normal' data-update-ajax-url='1' data-only-results-ajax='1' data-scroll-to-pos='0' data-init-paged='1' data-auto-update='1' data-auto-count='1' data-auto-count-refresh-mode='1' action='https:\/\/1office.co\/latvia\/et\/' method='post' class='searchandfilter' id='search-filter-form-57552' autocomplete='off' data-instance-count='1'><ul><li class=\"sf-field-taxonomy-product_cat\" data-sf-field-name=\"_sft_product_cat\" data-sf-field-type=\"taxonomy\" data-sf-field-input-type=\"checkbox\"><h4>Teenused<\/h4>\t\t<ul data-operator=\"or\" class=\"\">\n\t\t\t\t\t  <li class=\"sf-level-0 sf-item-308\" data-sf-count=\"2\" data-sf-depth=\"0\"><input  class=\"sf-input-checkbox\" type=\"checkbox\" value=\"ettevotte-alustamine\" name=\"_sft_product_cat[]\" id=\"sf-input-186ddbe71b173aa862d66f548c80f1e4\"><label class=\"sf-label-checkbox\" for=\"sf-input-186ddbe71b173aa862d66f548c80f1e4\">Ettev\u00f5tte alustamine<span class=\"sf-count\">(2)<\/span><\/label><\/li><li class=\"sf-level-0 sf-item-309\" data-sf-count=\"1\" data-sf-depth=\"0\"><input  class=\"sf-input-checkbox\" type=\"checkbox\" value=\"juriidilised-teenused\" name=\"_sft_product_cat[]\" id=\"sf-input-74db4fc1ebb47c97d04c0f19ed4d1603\"><label class=\"sf-label-checkbox\" for=\"sf-input-74db4fc1ebb47c97d04c0f19ed4d1603\">Juriidilised teenused<span class=\"sf-count\">(1)<\/span><\/label><\/li><li class=\"sf-level-0 sf-item-307\" data-sf-count=\"1\" data-sf-depth=\"0\"><input  class=\"sf-input-checkbox\" type=\"checkbox\" value=\"raamatupidamine\" name=\"_sft_product_cat[]\" id=\"sf-input-c8fbcd186faa9aed8280abebc09ba183\"><label class=\"sf-label-checkbox\" for=\"sf-input-c8fbcd186faa9aed8280abebc09ba183\">Raamatupidamine<span class=\"sf-count\">(1)<\/span><\/label><\/li><li class=\"sf-level-0 sf-item-310\" data-sf-count=\"1\" data-sf-depth=\"0\"><input  class=\"sf-input-checkbox\" type=\"checkbox\" value=\"virtuaalkontor\" name=\"_sft_product_cat[]\" id=\"sf-input-e1665198296339682450bd29abf50fa8\"><label class=\"sf-label-checkbox\" for=\"sf-input-e1665198296339682450bd29abf50fa8\">Virtuaalkontor<span class=\"sf-count\">(1)<\/span><\/label><\/li>\t\t<\/ul>\n\t\t<\/li><\/ul><\/form>[\/vc_column_text][vc_column_text]<div class=\"search-filter-results\" id=\"search-filter-results-57552\">\n\t<div class=\"one-blog-pagination\">\n\n\t\t<span>1 - 1 | 4 tulemust<\/span>\n\t\t<div class=\"pagi-next\"><\/div>\n\t\t\t\t<div class=\"pagi-prev\"><\/div>\n\n\t<\/div>\n\n\t\t<div class=\"one-blog-filter one-products\">\n\t\t\t\t\t\t\t\t\t\t<div class=\"blog-shortcode scale-img one-product\">\n\t\t\t\t\t\t\t\t<div class=\"post-thumbnail woo-buttons-on-img cart-btn-on-img\">\n\t\t\t\t\t\t\t\t\t\t\t<a href=\"https:\/\/1office.co\/latvia\/et\/toode\/ettevotte-asutamine-sia-notaris\/\" title=\"Ettev\u00f5tte asutamine SIA notaris\" class=\"post-thumbnail-rollover\">\n\t\t\t\t\t\t\t<img loading=\"lazy\" decoding=\"async\" width=\"450\" height=\"300\" src=\"https:\/\/1office.co\/latvia\/wp-content\/uploads\/sites\/11\/2017\/08\/101693631-notarys-public-pen-and-stamp-on-testament-and-last-will-.jpg\" class=\"attachment-medium_large size-medium_large wp-post-image\" alt=\"\" srcset=\"https:\/\/1office.co\/latvia\/wp-content\/uploads\/sites\/11\/2017\/08\/101693631-notarys-public-pen-and-stamp-on-testament-and-last-will-.jpg 450w, https:\/\/1office.co\/latvia\/wp-content\/uploads\/sites\/11\/2017\/08\/101693631-notarys-public-pen-and-stamp-on-testament-and-last-will--300x200.jpg 300w\" sizes=\"auto, (max-width: 450px) 100vw, 450px\" \/>\t\t\t\t\t\t<\/a>\n\t\t\t\t\t\t\t\t\t<\/div>\n\t\t\t\t<div class=\"one-blog-content\">\n\t\t\t\t\t<div>\n\t\t\t\t\t\t\t\t\t\t\t\t\t<h2><a href=\"https:\/\/1office.co\/latvia\/et\/toode\/ettevotte-asutamine-sia-notaris\/\">Ettev\u00f5tte asutamine SIA notaris<\/a><\/h2>\n\t\t\t\t\t\t\t\t\t\t\t\t\t\t\t<p class=\"description\">Ettev\u00f5tte asutamine notaris on sobilik klientidele, kes ei soovi ettev\u00f5tet asutades ise l\u00e4tikeelseid dokumente t\u00e4ita ning neid erinevatele ametiasutustele esitada.<\/p>\n\t\t\t\t\t\t\t\t\t\t\t\t<\/div>\n\t\t\t\t\t\t\t\t\t<\/div>\n\n\t\t\t\t\t\t\t\t\t\t<div class=\"woo-buttons\">\n\t\t\t\t\t\t\t<span class=\"price\"><span class=\"woocommerce-Price-amount amount\"><bdi>1,190.00&nbsp;<span class=\"woocommerce-Price-currencySymbol\">&euro;<\/span><\/bdi><\/span><\/span><a href=\"\/latvia\/et\/wp-json\/wp\/v2\/pages\/57465?add-to-cart=57584\" data-quantity=\"1\" class=\"button product_type_simple add_to_cart_button ajax_add_to_cart\" data-product_id=\"57584\" data-product_sku=\"19\" aria-label=\"Add to cart: &ldquo;Ettev\u00f5tte asutamine SIA notaris&rdquo;\" rel=\"nofollow\" data-success_message=\"&ldquo;Ettev\u00f5tte asutamine SIA notaris&rdquo; has been added to your cart\" role=\"button\"><span class=\"filter-popup\">Lisa ostukorvi<\/span><\/a>\t\t\t\t\t\t<\/div>\t\t\t<\/div>\n\t\t\t\t\t\t\t\t<div class=\"blog-shortcode scale-img one-product\">\n\t\t\t\t\t\t\t\t<div class=\"post-thumbnail woo-buttons-on-img cart-btn-on-img\">\n\t\t\t\t\t\t\t\t\t\t\t<a href=\"https:\/\/1office.co\/latvia\/et\/toode\/ariaadress-riia-kesklinnas\/\" title=\"\u00c4riaadress Riia kesklinnas\" class=\"post-thumbnail-rollover\">\n\t\t\t\t\t\t\t<img loading=\"lazy\" decoding=\"async\" width=\"768\" height=\"512\" src=\"https:\/\/1office.co\/latvia\/wp-content\/uploads\/sites\/11\/2017\/08\/virtual-office-768x512.jpg\" class=\"attachment-medium_large size-medium_large wp-post-image\" alt=\"\" srcset=\"https:\/\/1office.co\/latvia\/wp-content\/uploads\/sites\/11\/2017\/08\/virtual-office-768x512.jpg 768w, https:\/\/1office.co\/latvia\/wp-content\/uploads\/sites\/11\/2017\/08\/virtual-office-300x200.jpg 300w, https:\/\/1office.co\/latvia\/wp-content\/uploads\/sites\/11\/2017\/08\/virtual-office.jpg 800w\" sizes=\"auto, (max-width: 768px) 100vw, 768px\" \/>\t\t\t\t\t\t<\/a>\n\t\t\t\t\t\t\t\t\t<\/div>\n\t\t\t\t<div class=\"one-blog-content\">\n\t\t\t\t\t<div>\n\t\t\t\t\t\t\t\t\t\t\t\t\t<h2><a href=\"https:\/\/1office.co\/latvia\/et\/toode\/ariaadress-riia-kesklinnas\/\">\u00c4riaadress Riia kesklinnas<\/a><\/h2>\n\t\t\t\t\t\t\t\t\t\t\t\t\t\t\t<p class=\"description\">Iga L\u00e4tis registreeritud ettev\u00f5te vajab kohalikku \u00e4riaadressi. See teenus sisaldab ka m\u00fc\u00fcgiarvete moodulit, mis v\u00f5imaldab mugavalt m\u00fc\u00fcgiarveid koostada ja v\u00e4lja saata.<\/p>\n\t\t\t\t\t\t\t\t\t\t\t\t<\/div>\n\t\t\t\t\t\t\t\t\t<\/div>\n\n\t\t\t\t\t\t\t\t\t\t<div class=\"woo-buttons\">\n\t\t\t\t\t\t\t<span class=\"price\"><span class=\"woocommerce-Price-amount amount\"><bdi>590.00&nbsp;<span class=\"woocommerce-Price-currencySymbol\">&euro;<\/span><\/bdi><\/span> <span class=\"subscription-details\"> \/ year<\/span><\/span><a href=\"\/latvia\/et\/wp-json\/wp\/v2\/pages\/57465?add-to-cart=58257\" data-quantity=\"1\" class=\"button product_type_subscription add_to_cart_button ajax_add_to_cart\" data-product_id=\"58257\" data-product_sku=\"36-1\" aria-label=\"Sign up now: &ldquo;\u00c4riaadress Riia kesklinnas&rdquo;\" rel=\"nofollow\" data-success_message=\"&ldquo;\u00c4riaadress Riia kesklinnas&rdquo; has been added to your cart\" role=\"button\"><span class=\"filter-popup\">Sign up now<\/span><\/a>\t\t\t\t\t\t<\/div>\t\t\t<\/div>\n\t\t\t\t\t\t\t\t<div class=\"blog-shortcode scale-img one-product\">\n\t\t\t\t\t\t\t\t<div class=\"post-thumbnail woo-buttons-on-img cart-btn-on-img\">\n\t\t\t\t\t\t\t\t\t\t\t<a href=\"https:\/\/1office.co\/latvia\/et\/toode\/majandusaasta-aruanne\/\" title=\"Majandusaasta aruanne\" class=\"post-thumbnail-rollover\">\n\t\t\t\t\t\t\t<img loading=\"lazy\" decoding=\"async\" width=\"768\" height=\"512\" src=\"https:\/\/1office.co\/latvia\/wp-content\/uploads\/sites\/11\/2017\/08\/pexels-photo-442574-768x512.jpeg\" class=\"attachment-medium_large size-medium_large wp-post-image\" alt=\"\" srcset=\"https:\/\/1office.co\/latvia\/wp-content\/uploads\/sites\/11\/2017\/08\/pexels-photo-442574-768x512.jpeg 768w, https:\/\/1office.co\/latvia\/wp-content\/uploads\/sites\/11\/2017\/08\/pexels-photo-442574-300x200.jpeg 300w, https:\/\/1office.co\/latvia\/wp-content\/uploads\/sites\/11\/2017\/08\/pexels-photo-442574-1024x683.jpeg 1024w, https:\/\/1office.co\/latvia\/wp-content\/uploads\/sites\/11\/2017\/08\/pexels-photo-442574.jpeg 1920w\" sizes=\"auto, (max-width: 768px) 100vw, 768px\" \/>\t\t\t\t\t\t<\/a>\n\t\t\t\t\t\t\t\t\t<\/div>\n\t\t\t\t<div class=\"one-blog-content\">\n\t\t\t\t\t<div>\n\t\t\t\t\t\t\t\t\t\t\t\t\t<h2><a href=\"https:\/\/1office.co\/latvia\/et\/toode\/majandusaasta-aruanne\/\">Majandusaasta aruanne<\/a><\/h2>\n\t\t\t\t\t\t\t\t\t\t\t\t\t\t\t<p class=\"description\">Majandusaasta aruande esitamine \u00e4riregistrile (State Revenue Service) on kohustuslik k\u00f5igile L\u00e4tis registreeritud ettev\u00f5tetele. See tuleb esitada l\u00e4ti keeles ning ametlikult kasutusel olevas valuutas (euro).<\/p>\n\t\t\t\t\t\t\t\t\t\t\t\t<\/div>\n\t\t\t\t\t\t\t\t\t<\/div>\n\n\t\t\t\t\t\t\t\t\t\t<div class=\"woo-buttons\">\n\t\t\t\t\t\t\t<span class=\"price\"><span class=\"woocommerce-Price-amount amount\"><bdi>150.00&nbsp;<span class=\"woocommerce-Price-currencySymbol\">&euro;<\/span><\/bdi><\/span><\/span>\t\t\t\t\t\t\t\t<a class=\"anchor-link button\" href=\"https:\/\/1office.co\/latvia\/et\/toode\/majandusaasta-aruanne\/#!\/request-quote\">K\u00fcsi pakkumist<\/a>\t\t\t\t\t\t<\/div>\t\t\t<\/div>\n\t\t\t\t\t\t\t\t<div class=\"blog-shortcode scale-img one-product\">\n\t\t\t\t\t\t\t\t<div class=\"post-thumbnail woo-buttons-on-img cart-btn-on-img\">\n\t\t\t\t\t\t\t\t\t\t\t<a href=\"https:\/\/1office.co\/latvia\/et\/toode\/volikirja-alusel-esindamine\/\" title=\"Volikirja alusel esindamine\" class=\"post-thumbnail-rollover\">\n\t\t\t\t\t\t\t<img loading=\"lazy\" decoding=\"async\" width=\"600\" height=\"375\" src=\"https:\/\/1office.co\/latvia\/wp-content\/uploads\/sites\/11\/2017\/08\/homepg_our-impact.jpg\" class=\"attachment-medium_large size-medium_large wp-post-image\" alt=\"\" srcset=\"https:\/\/1office.co\/latvia\/wp-content\/uploads\/sites\/11\/2017\/08\/homepg_our-impact.jpg 600w, https:\/\/1office.co\/latvia\/wp-content\/uploads\/sites\/11\/2017\/08\/homepg_our-impact-300x188.jpg 300w\" sizes=\"auto, (max-width: 600px) 100vw, 600px\" \/>\t\t\t\t\t\t<\/a>\n\t\t\t\t\t\t\t\t\t<\/div>\n\t\t\t\t<div class=\"one-blog-content\">\n\t\t\t\t\t<div>\n\t\t\t\t\t\t\t\t\t\t\t\t\t<h2><a href=\"https:\/\/1office.co\/latvia\/et\/toode\/volikirja-alusel-esindamine\/\">Volikirja alusel esindamine<\/a><\/h2>\n\t\t\t\t\t\t\t\t\t\t\t\t\t\t\t<p class=\"description\">1Office esindab kliente volikirja alusel era- ning riigiasutustes L\u00e4tis. Teenus sobib klientidele, kel ei ole v\u00f5imalik vajalik toimingute jaoks endal L\u00e4tti reisida.<\/p>\n\t\t\t\t\t\t\t\t\t\t\t\t<\/div>\n\t\t\t\t\t\t\t\t\t<\/div>\n\n\t\t\t\t\t\t\t\t\t\t<div class=\"woo-buttons\">\n\t\t\t\t\t\t\t<span class=\"price\"><span class=\"woocommerce-Price-amount amount\"><bdi>275.00&nbsp;<span class=\"woocommerce-Price-currencySymbol\">&euro;<\/span><\/bdi><\/span><\/span><a href=\"\/latvia\/et\/wp-json\/wp\/v2\/pages\/57465?add-to-cart=57570\" data-quantity=\"1\" class=\"button product_type_simple add_to_cart_button ajax_add_to_cart\" data-product_id=\"57570\" data-product_sku=\"45\" aria-label=\"Add to cart: &ldquo;Volikirja alusel esindamine&rdquo;\" rel=\"nofollow\" data-success_message=\"&ldquo;Volikirja alusel esindamine&rdquo; has been added to your cart\" role=\"button\"><span class=\"filter-popup\">Lisa ostukorvi<\/span><\/a>\t\t\t\t\t\t<\/div>\t\t\t<\/div>\n\t\t\t<\/div>\n\n\t<div class=\"one-blog-pagination\">\n\n\t\t<div class=\"pagi-next\"><\/div>\n\t\t\t\t<div class=\"pagi-prev\"><\/div>\n\n\t<\/div>\n\t<\/div>[\/vc_column_text][\/vc_column][\/vc_row]<\/p>\n<\/div>","protected":false},"excerpt":{"rendered":"<p>[vc_row full_width=&#8221;stretch_row&#8221; bg_type=&#8221;image&#8221; parallax_style=&#8221;vcpb-default&#8221; bg_image_new=&#8221;id^60767|url^https:\/\/1office.co\/wp-content\/uploads\/2017\/05\/pexels-photo-3.jpg|caption^null|alt^null|title^pexels-photo (3)|description^null&#8221; bg_image_repeat=&#8221;no-repeat&#8221; bg_img_attach=&#8221;fixed&#8221; bg_image_posiiton=&#8221;0 10%&#8221; seperator_enable=&#8221;seperator_enable_value&#8221; seperator_type=&#8221;tilt_left_seperator&#8221; seperator_position=&#8221;bottom_seperator&#8221; el_class=&#8221;one-blog-head&#8221;][vc_column][\/vc_column][\/vc_row][vc_row full_width=&#8221;stretch_row&#8221; equal_height=&#8221;yes&#8221;][vc_column][vc_column_text][\/vc_column_text][vc_column_text][\/vc_column_text][\/vc_column][\/vc_row]<\/p>\n","protected":false},"author":1,"featured_media":0,"parent":0,"menu_order":10,"comment_status":"closed","ping_status":"closed","template":"","meta":{"_acf_changed":false,"inline_featured_image":false,"footnotes":"","_wp_rev_ctl_limit":""},"class_list":["post-57465","page","type-page","status-publish","hentry","description-off"],"acf":[],"yoast_head":"<!-- This site is optimized with the Yoast SEO Premium plugin v22.1 (Yoast SEO v27.0) - https:\/\/yoast.com\/product\/yoast-seo-premium-wordpress\/ -->\n<title>Meie teenused L\u00e4tis - 1Office Latvia<\/title>\n<meta name=\"description\" content=\"Pakume \u00e4riteenuste t\u00e4ispaketti, et meie kliendid saaksid t\u00e4iel m\u00e4\u00e4ral oma p\u00f5hitegevusele keskenduda. Maksa t\u00e4pselt selle eest, mis sulle vajalik \u2013 olgu selleks ainult \u00fcks konsultatsioon v\u00f5i terve teenuste pakett.\" \/>\n<meta name=\"robots\" content=\"index, follow, max-snippet:-1, max-image-preview:large, max-video-preview:-1\" \/>\n<link rel=\"canonical\" href=\"https:\/\/1office.co\/latvia\/et\/\" \/>\n<meta property=\"og:locale\" content=\"et_EE\" \/>\n<meta property=\"og:type\" content=\"article\" \/>\n<meta property=\"og:title\" content=\"Meie teenused L\u00e4tis\" \/>\n<meta property=\"og:description\" content=\"Pakume \u00e4riteenuste t\u00e4ispaketti, et meie kliendid saaksid t\u00e4iel m\u00e4\u00e4ral oma p\u00f5hitegevusele keskenduda. Maksa t\u00e4pselt selle eest, mis sulle vajalik \u2013 olgu selleks ainult \u00fcks konsultatsioon v\u00f5i terve teenuste pakett.\" \/>\n<meta property=\"og:url\" content=\"https:\/\/1office.co\/latvia\/et\/\" \/>\n<meta property=\"og:site_name\" content=\"1Office Latvia\" \/>\n<meta property=\"article:modified_time\" content=\"2025-08-18T15:12:39+00:00\" \/>\n<meta name=\"twitter:card\" content=\"summary_large_image\" \/>\n<meta name=\"twitter:label1\" content=\"Est. reading time\" \/>\n\t<meta name=\"twitter:data1\" content=\"1 minut\" \/>\n<script type=\"application\/ld+json\" class=\"yoast-schema-graph\">{\"@context\":\"https:\/\/schema.org\",\"@graph\":[{\"@type\":\"WebPage\",\"@id\":\"https:\/\/1office.co\/latvia\/et\/\",\"url\":\"https:\/\/1office.co\/latvia\/et\/\",\"name\":\"Meie teenused L\u00e4tis - 1Office Latvia\",\"isPartOf\":{\"@id\":\"https:\/\/1office.co\/latvia\/et\/#website\"},\"datePublished\":\"2018-01-03T09:55:11+00:00\",\"dateModified\":\"2025-08-18T15:12:39+00:00\",\"description\":\"Pakume \u00e4riteenuste t\u00e4ispaketti, et meie kliendid saaksid t\u00e4iel m\u00e4\u00e4ral oma p\u00f5hitegevusele keskenduda. Maksa t\u00e4pselt selle eest, mis sulle vajalik \u2013 olgu selleks ainult \u00fcks konsultatsioon v\u00f5i terve teenuste pakett.\",\"breadcrumb\":{\"@id\":\"https:\/\/1office.co\/latvia\/et\/#breadcrumb\"},\"inLanguage\":\"et\",\"potentialAction\":[{\"@type\":\"ReadAction\",\"target\":[\"https:\/\/1office.co\/latvia\/et\/\"]}]},{\"@type\":\"BreadcrumbList\",\"@id\":\"https:\/\/1office.co\/latvia\/et\/#breadcrumb\",\"itemListElement\":[{\"@type\":\"ListItem\",\"position\":1,\"name\":\"Home\",\"item\":\"https:\/\/1office.co\/latvia\/et\/\"},{\"@type\":\"ListItem\",\"position\":2,\"name\":\"Meie teenused L\u00e4tis\"}]},{\"@type\":\"WebSite\",\"@id\":\"https:\/\/1office.co\/latvia\/et\/#website\",\"url\":\"https:\/\/1office.co\/latvia\/et\/\",\"name\":\"1Office Latvia\",\"description\":\"Making Business Simple\",\"potentialAction\":[{\"@type\":\"SearchAction\",\"target\":{\"@type\":\"EntryPoint\",\"urlTemplate\":\"https:\/\/1office.co\/latvia\/et\/?s={search_term_string}\"},\"query-input\":{\"@type\":\"PropertyValueSpecification\",\"valueRequired\":true,\"valueName\":\"search_term_string\"}}],\"inLanguage\":\"et\"}]}<\/script>\n<!-- \/ Yoast SEO Premium plugin. -->","yoast_head_json":{"title":"Meie teenused L\u00e4tis - 1Office Latvia","description":"Pakume \u00e4riteenuste t\u00e4ispaketti, et meie kliendid saaksid t\u00e4iel m\u00e4\u00e4ral oma p\u00f5hitegevusele keskenduda. Maksa t\u00e4pselt selle eest, mis sulle vajalik \u2013 olgu selleks ainult \u00fcks konsultatsioon v\u00f5i terve teenuste pakett.","robots":{"index":"index","follow":"follow","max-snippet":"max-snippet:-1","max-image-preview":"max-image-preview:large","max-video-preview":"max-video-preview:-1"},"canonical":"https:\/\/1office.co\/latvia\/et\/","og_locale":"et_EE","og_type":"article","og_title":"Meie teenused L\u00e4tis","og_description":"Pakume \u00e4riteenuste t\u00e4ispaketti, et meie kliendid saaksid t\u00e4iel m\u00e4\u00e4ral oma p\u00f5hitegevusele keskenduda. Maksa t\u00e4pselt selle eest, mis sulle vajalik \u2013 olgu selleks ainult \u00fcks konsultatsioon v\u00f5i terve teenuste pakett.","og_url":"https:\/\/1office.co\/latvia\/et\/","og_site_name":"1Office Latvia","article_modified_time":"2025-08-18T15:12:39+00:00","twitter_card":"summary_large_image","twitter_misc":{"Est. reading time":"1 minut"},"schema":{"@context":"https:\/\/schema.org","@graph":[{"@type":"WebPage","@id":"https:\/\/1office.co\/latvia\/et\/","url":"https:\/\/1office.co\/latvia\/et\/","name":"Meie teenused L\u00e4tis - 1Office Latvia","isPartOf":{"@id":"https:\/\/1office.co\/latvia\/et\/#website"},"datePublished":"2018-01-03T09:55:11+00:00","dateModified":"2025-08-18T15:12:39+00:00","description":"Pakume \u00e4riteenuste t\u00e4ispaketti, et meie kliendid saaksid t\u00e4iel m\u00e4\u00e4ral oma p\u00f5hitegevusele keskenduda. Maksa t\u00e4pselt selle eest, mis sulle vajalik \u2013 olgu selleks ainult \u00fcks konsultatsioon v\u00f5i terve teenuste pakett.","breadcrumb":{"@id":"https:\/\/1office.co\/latvia\/et\/#breadcrumb"},"inLanguage":"et","potentialAction":[{"@type":"ReadAction","target":["https:\/\/1office.co\/latvia\/et\/"]}]},{"@type":"BreadcrumbList","@id":"https:\/\/1office.co\/latvia\/et\/#breadcrumb","itemListElement":[{"@type":"ListItem","position":1,"name":"Home","item":"https:\/\/1office.co\/latvia\/et\/"},{"@type":"ListItem","position":2,"name":"Meie teenused L\u00e4tis"}]},{"@type":"WebSite","@id":"https:\/\/1office.co\/latvia\/et\/#website","url":"https:\/\/1office.co\/latvia\/et\/","name":"1Office Latvia","description":"Making Business Simple","potentialAction":[{"@type":"SearchAction","target":{"@type":"EntryPoint","urlTemplate":"https:\/\/1office.co\/latvia\/et\/?s={search_term_string}"},"query-input":{"@type":"PropertyValueSpecification","valueRequired":true,"valueName":"search_term_string"}}],"inLanguage":"et"}]}},"_links":{"self":[{"href":"https:\/\/1office.co\/latvia\/et\/wp-json\/wp\/v2\/pages\/57465","targetHints":{"allow":["GET"]}}],"collection":[{"href":"https:\/\/1office.co\/latvia\/et\/wp-json\/wp\/v2\/pages"}],"about":[{"href":"https:\/\/1office.co\/latvia\/et\/wp-json\/wp\/v2\/types\/page"}],"author":[{"embeddable":true,"href":"https:\/\/1office.co\/latvia\/et\/wp-json\/wp\/v2\/users\/1"}],"replies":[{"embeddable":true,"href":"https:\/\/1office.co\/latvia\/et\/wp-json\/wp\/v2\/comments?post=57465"}],"version-history":[{"count":7,"href":"https:\/\/1office.co\/latvia\/et\/wp-json\/wp\/v2\/pages\/57465\/revisions"}],"predecessor-version":[{"id":58752,"href":"https:\/\/1office.co\/latvia\/et\/wp-json\/wp\/v2\/pages\/57465\/revisions\/58752"}],"wp:attachment":[{"href":"https:\/\/1office.co\/latvia\/et\/wp-json\/wp\/v2\/media?parent=57465"}],"curies":[{"name":"wp","href":"https:\/\/api.w.org\/{rel}","templated":true}]}}