{"id":57584,"date":"2017-08-10T08:34:10","date_gmt":"2017-08-10T08:34:10","guid":{"rendered":"https:\/\/1office.co\/latvia\/product\/company-formation-sia-in-notarys-office\/"},"modified":"2023-05-19T09:46:19","modified_gmt":"2023-05-19T09:46:19","slug":"ettevotte-asutamine-sia-notaris","status":"publish","type":"product","link":"https:\/\/1office.co\/latvia\/et\/toode\/ettevotte-asutamine-sia-notaris\/","title":{"rendered":"Ettev\u00f5tte asutamine SIA notaris"},"content":{"rendered":"<div class=\"wpb-content-wrapper\"><p>[vc_row][vc_column]<div id=\"advanced-tabs-desc-wrap-8749\" class=\"ult_tabs product_tabs\" style=\" \" data-tabsstyle=\"style1\"\n data-titlebg=\"#ffffff\" data-titlecolor=\"#b6b8ba\" data-fullheight=\"off\"\n data-titlehoverbg=\"#ffffff\" data-titlehovercolor=\"#1d1e23\"\n data-rotatetabs=\"0\" data-responsivemode=\"Both\" data-animation=\"Slide\"\ndata-activetitle=\"#1d1e23\" data-activeicon=\"\" data-activebg=\"#ffffff\"  data-respmode=\"Tabs\" data-respwidth=\"400\" data-scroll = \"on\" data-activeindex=\"1\"><ul id=advanced-tabs-wrap-3108 class=\"ult_tabmenu style1 \" style=\"\"><li class=\"ult_tab_li  \" data-iconcolor=\"#74777b\" data-iconhover=\"#ffffff\" style=\"background-color:#ffffff;border-color:transparent;border-width:0px;border-style:solid;border-top-right-radius:8px;\">\n\t\t\t\t\t<a href=\"#1512642751410-8ee0b-c3ff\"  id=\"1512642751410-8ee0b-c3ff\"  style=\"color:#b6b8ba;; padding:15px; \" class=\"ult_a  \">\n\t\t\t\t\t     <span class=\"ult_tab_main Both \">\n\t\t\t\t\t \t\t <span class=\"ult_tab_section\">\n\t\t\t\t\t   \t\t\t<span  data-ultimate-target='#advanced-tabs-wrap-3108 .ult-span-text'  data-responsive-json-new='{\"font-size\":\"desktop:14px;\",\"line-height\":\"\"}'  class=\"ult-span-text no_icon ult_tab_display_text ult-responsive\" style=\"font-weight:bold;;\">Kirjeldus<\/span>\n\t\t\t\t\t   \t\t<\/span>\n\t\t\t\t\t\t<\/span>\n\t\t\t\t\t<\/a>\n\t\t\t\t\t<\/li><\/ul><div  data-ultimate-target='#advanced-tabs-desc-wrap-8749 .ult_tabcontent .ult_tab_min_contain  p'  data-responsive-json-new='{\"font-size\":\"\",\"line-height\":\"\"}' class=\"ult_tabcontent ult-responsive style1\" style=\"color:#74777b;\"><div class=\"ult_tab_min_contain \" >\n\t\t\t<div  class=\"ult_tabitemname\"  >\n\t\t\t\t[vc_column_text]Ettev\u00f5tte asutamine notaris 1Office esindaja kaasabil. Alternatiivse v\u00f5imalusena on v\u00f5imalik asutamisdokumendid allkirjastada ka m\u00f5nes muus riigis asuvas notaris ning originaaldokumendid postiga L\u00e4tti saata.<\/p>\n<p>V\u00e4ikekapitali\u00fching, l\u00e4ti keeles sabiedr\u012bba ar ierobe\u017eotu atbild\u012bbu ehk SIA, registreeritakse 5 t\u00f6\u00f6p\u00e4eva jooksul p\u00e4rast dokumentide esitamist \u00e4riregistrile.<\/p>\n<p>Ettev\u00f5tte aadressiks on v\u00f5imalik kasutada meie\u00a0<a href=\"https:\/\/1office.co\/latvia\/et\/toode\/ariaadress-riia-kesklinnas\/\" target=\"_blank\" rel=\"noopener noreferrer\">\u00e4riaadressi<\/a>.<\/p>\n<p><strong>Hinnas sisaldub:<\/strong><\/p>\n<ul>\n<li>V\u00e4ikekapitali\u00fchingu registreerimine<\/li>\n<li>asutamisdokumentide ette valmistamine<\/li>\n<li>notariaja broneerimine Riias<\/li>\n<li>riigil\u00f5iv<\/li>\n<li>notaritasud<\/li>\n<li>asutamisdokumentide \u00e4riregistrile esitamine<\/li>\n<\/ul>\n<p><strong>Protsessikirjeldus:<\/strong><\/p>\n<ul>\n<li>P\u00e4rast ostu sooritamist valmistame kliendi info p\u00f5hjal \u00fche t\u00f6\u00f6p\u00e4eva jooksul ette vajalikud dokumendid ning saadame need e-maili teel kliendile.<\/li>\n<li>Klient allkirjastab dokumendid notari juures oma kodumaal (v\u00f5i Riias) ning saadab originaaldokumendid postiga 1Office-le tagasi.<\/li>\n<li>Juhul, kui dokumente ei legaliseeritud l\u00e4ti keeles on vajalik tellida lisatasu eest sertifitseeritud t\u00f5lge.<\/li>\n<li>Esitame dokumendid \u00e4riregistrile. Ettev\u00f5tte registreerimiseks v\u00f5ib kuluda kuni 5 t\u00f6\u00f6p\u00e4eva.<\/li>\n<\/ul>\n<p>P\u00e4rast ettev\u00f5tte registreerimist saame soovitada ettev\u00f5tte konto avamiseks sobivat panka ning klienti volikirja alusel esindada, kuid me ei saa garanteerida pangakonto avamist, sest selle otsuse teeb pank.[\/vc_column_text]\n\t\t\t<\/div><\/div><\/div><\/div><div class=\"ult_acord advanced-tabs-desc-wrap-8749\">\n   <div class=\"ult-tabto-accordion \" style=\"width:;\"\n    data-titlecolor=\"#b6b8ba\"  data-titlebg=\"#ffffff\"\n     data-titlehoverbg=\"#ffffff\" data-titlehovercolor=\"#1d1e23\" data-animation=\"Slide\"\n     data-activetitle=\"#1d1e23\" data-activeicon=\"\" data-activebg=\"#ffffff\" data-scroll = \"on\" data-activeindex=\"1\" >\n     <dl><dt class=\"\">\n\t        \t<a class=\"ult-tabto-actitle withBorder ult_a \" id=\"1512642751410-8ee0b-c3ff\" style=\"color:#b6b8ba;;background-color:#ffffff;border-bottom-color:transparent;border-bottom-width:0px;border-bottom-style:solid;\" href=\"#1512642751410-8ee0b-c3ff\">\n\t        \t\t<i class=\"accordion-icon\"><\/i>\n\t        \t\t\t<span class=\"ult_tab_main ult_ac_main ult_noacordicnBoth\">\n\n\t\t\t\t\t\t<span  data-ultimate-target='#advanced-tabs-wrap-3108 .ult-span-text'  data-responsive-json-new='{\"font-size\":\"desktop:14px;\",\"line-height\":\"\"}'  class=\"ult-span-text no_icon ult_acordian-text ult-responsive\" style=\"font-weight:bold;;color:inherit \" >Kirjeldus<\/span>\n\t\t\t\t\t\t<\/span><\/a><\/dt>\n\t            \t\t<dd class=\"ult-tabto-accordionItem ult-tabto-accolapsed\">\n\t\t\t\t            <div class=\"ult-tabto-acontent\" style=\"color:#74777b;\">\n\t\t\t\t               [vc_column_text]Ettev\u00f5tte asutamine notaris 1Office esindaja kaasabil. Alternatiivse v\u00f5imalusena on v\u00f5imalik asutamisdokumendid allkirjastada ka m\u00f5nes muus riigis asuvas notaris ning originaaldokumendid postiga L\u00e4tti saata.<\/p>\n<p>V\u00e4ikekapitali\u00fching, l\u00e4ti keeles sabiedr\u012bba ar ierobe\u017eotu atbild\u012bbu ehk SIA, registreeritakse 5 t\u00f6\u00f6p\u00e4eva jooksul p\u00e4rast dokumentide esitamist \u00e4riregistrile.<\/p>\n<p>Ettev\u00f5tte aadressiks on v\u00f5imalik kasutada meie\u00a0<a href=\"https:\/\/1office.co\/latvia\/et\/toode\/ariaadress-riia-kesklinnas\/\" target=\"_blank\" rel=\"noopener noreferrer\">\u00e4riaadressi<\/a>.<\/p>\n<p><strong>Hinnas sisaldub:<\/strong><\/p>\n<ul>\n<li>V\u00e4ikekapitali\u00fchingu registreerimine<\/li>\n<li>asutamisdokumentide ette valmistamine<\/li>\n<li>notariaja broneerimine Riias<\/li>\n<li>riigil\u00f5iv<\/li>\n<li>notaritasud<\/li>\n<li>asutamisdokumentide \u00e4riregistrile esitamine<\/li>\n<\/ul>\n<p><strong>Protsessikirjeldus:<\/strong><\/p>\n<ul>\n<li>P\u00e4rast ostu sooritamist valmistame kliendi info p\u00f5hjal \u00fche t\u00f6\u00f6p\u00e4eva jooksul ette vajalikud dokumendid ning saadame need e-maili teel kliendile.<\/li>\n<li>Klient allkirjastab dokumendid notari juures oma kodumaal (v\u00f5i Riias) ning saadab originaaldokumendid postiga 1Office-le tagasi.<\/li>\n<li>Juhul, kui dokumente ei legaliseeritud l\u00e4ti keeles on vajalik tellida lisatasu eest sertifitseeritud t\u00f5lge.<\/li>\n<li>Esitame dokumendid \u00e4riregistrile. Ettev\u00f5tte registreerimiseks v\u00f5ib kuluda kuni 5 t\u00f6\u00f6p\u00e4eva.<\/li>\n<\/ul>\n<p>P\u00e4rast ettev\u00f5tte registreerimist saame soovitada ettev\u00f5tte konto avamiseks sobivat panka ning klienti volikirja alusel esindada, kuid me ei saa garanteerida pangakonto avamist, sest selle otsuse teeb pank.[\/vc_column_text]\n\t\t\t\t            <\/div>\n\t        \t\t\t<\/dd>\n    \t<\/dl>\n    <!--<div class=\"extraborder\" style=\"background-color:#ffffff\"><\/div>-->\n<\/div>\n\n<\/div>[\/vc_column][\/vc_row]<\/p>\n<\/div>","protected":false},"excerpt":{"rendered":"<p>Ettev\u00f5tte asutamine notaris on sobilik klientidele, kes ei soovi ettev\u00f5tet asutades ise l\u00e4tikeelseid dokumente t\u00e4ita ning neid erinevatele ametiasutustele esitada.<\/p>\n","protected":false},"featured_media":57892,"template":"","meta":{"_acf_changed":false,"inline_featured_image":false},"product_brand":[],"product_cat":[308],"product_tag":[313],"class_list":{"0":"post-57584","1":"product","2":"type-product","3":"status-publish","4":"has-post-thumbnail","6":"product_cat-ettevotte-alustamine","7":"product_tag-lati","8":"description-off","10":"first","11":"instock","12":"virtual","13":"taxable","14":"purchasable","15":"product-type-simple"},"bundled_by":[],"bundle_stock_status":"instock","bundle_stock_quantity":null,"bundle_virtual":false,"bundle_layout":"","bundle_add_to_cart_form_location":"","bundle_editable_in_cart":false,"bundle_sold_individually_context":"","bundle_item_grouping":"","bundle_min_size":"","bundle_max_size":"","bundle_price":[],"bundled_items":[],"bundle_sell_ids":[],"acf":[],"yoast_head":"<!-- This site is optimized with the Yoast SEO Premium plugin v22.1 (Yoast SEO v27.0) - https:\/\/yoast.com\/product\/yoast-seo-premium-wordpress\/ -->\n<title>Ettev\u00f5tte asutamine SIA notaris - 1Office Latvia<\/title>\n<meta name=\"description\" content=\"Ettev\u00f5tte asutamine notaris on sobilik klientidele, kes ei soovi ettev\u00f5tet asutades ise l\u00e4tikeelseid dokumente t\u00e4ita ning neid erinevatele ametiasutustele esitada.\" \/>\n<meta name=\"robots\" content=\"index, follow, max-snippet:-1, max-image-preview:large, max-video-preview:-1\" \/>\n<link rel=\"canonical\" href=\"https:\/\/1office.co\/latvia\/et\/toode\/ettevotte-asutamine-sia-notaris\/\" \/>\n<meta property=\"og:locale\" content=\"et_EE\" \/>\n<meta property=\"og:type\" content=\"article\" \/>\n<meta property=\"og:title\" content=\"Ettev\u00f5tte asutamine SIA notaris\" \/>\n<meta property=\"og:description\" content=\"Ettev\u00f5tte asutamine notaris on sobilik klientidele, kes ei soovi ettev\u00f5tet asutades ise l\u00e4tikeelseid dokumente t\u00e4ita ning neid erinevatele ametiasutustele esitada.\" \/>\n<meta property=\"og:url\" content=\"https:\/\/1office.co\/latvia\/et\/toode\/ettevotte-asutamine-sia-notaris\/\" \/>\n<meta property=\"og:site_name\" content=\"1Office Latvia\" \/>\n<meta property=\"article:modified_time\" content=\"2023-05-19T09:46:19+00:00\" \/>\n<meta property=\"og:image\" content=\"https:\/\/1office.co\/latvia\/wp-content\/uploads\/sites\/11\/2017\/08\/101693631-notarys-public-pen-and-stamp-on-testament-and-last-will-.jpg\" \/>\n\t<meta property=\"og:image:width\" content=\"450\" \/>\n\t<meta property=\"og:image:height\" content=\"300\" \/>\n\t<meta property=\"og:image:type\" content=\"image\/jpeg\" \/>\n<meta name=\"twitter:card\" content=\"summary_large_image\" \/>\n<meta name=\"twitter:label1\" content=\"Est. reading time\" \/>\n\t<meta name=\"twitter:data1\" content=\"1 minut\" \/>\n<script type=\"application\/ld+json\" class=\"yoast-schema-graph\">{\"@context\":\"https:\/\/schema.org\",\"@graph\":[{\"@type\":\"WebPage\",\"@id\":\"https:\/\/1office.co\/latvia\/et\/toode\/ettevotte-asutamine-sia-notaris\/\",\"url\":\"https:\/\/1office.co\/latvia\/et\/toode\/ettevotte-asutamine-sia-notaris\/\",\"name\":\"Ettev\u00f5tte asutamine SIA notaris - 1Office Latvia\",\"isPartOf\":{\"@id\":\"https:\/\/1office.co\/latvia\/et\/#website\"},\"primaryImageOfPage\":{\"@id\":\"https:\/\/1office.co\/latvia\/et\/toode\/ettevotte-asutamine-sia-notaris\/#primaryimage\"},\"image\":{\"@id\":\"https:\/\/1office.co\/latvia\/et\/toode\/ettevotte-asutamine-sia-notaris\/#primaryimage\"},\"thumbnailUrl\":\"https:\/\/1office.co\/latvia\/wp-content\/uploads\/sites\/11\/2017\/08\/101693631-notarys-public-pen-and-stamp-on-testament-and-last-will-.jpg\",\"datePublished\":\"2017-08-10T08:34:10+00:00\",\"dateModified\":\"2023-05-19T09:46:19+00:00\",\"description\":\"Ettev\u00f5tte asutamine notaris on sobilik klientidele, kes ei soovi ettev\u00f5tet asutades ise l\u00e4tikeelseid dokumente t\u00e4ita ning neid erinevatele ametiasutustele esitada.\",\"breadcrumb\":{\"@id\":\"https:\/\/1office.co\/latvia\/et\/toode\/ettevotte-asutamine-sia-notaris\/#breadcrumb\"},\"inLanguage\":\"et\",\"potentialAction\":[{\"@type\":\"ReadAction\",\"target\":[\"https:\/\/1office.co\/latvia\/et\/toode\/ettevotte-asutamine-sia-notaris\/\"]}]},{\"@type\":\"ImageObject\",\"inLanguage\":\"et\",\"@id\":\"https:\/\/1office.co\/latvia\/et\/toode\/ettevotte-asutamine-sia-notaris\/#primaryimage\",\"url\":\"https:\/\/1office.co\/latvia\/wp-content\/uploads\/sites\/11\/2017\/08\/101693631-notarys-public-pen-and-stamp-on-testament-and-last-will-.jpg\",\"contentUrl\":\"https:\/\/1office.co\/latvia\/wp-content\/uploads\/sites\/11\/2017\/08\/101693631-notarys-public-pen-and-stamp-on-testament-and-last-will-.jpg\",\"width\":450,\"height\":300},{\"@type\":\"BreadcrumbList\",\"@id\":\"https:\/\/1office.co\/latvia\/et\/toode\/ettevotte-asutamine-sia-notaris\/#breadcrumb\",\"itemListElement\":[{\"@type\":\"ListItem\",\"position\":1,\"name\":\"Home\",\"item\":\"https:\/\/1office.co\/latvia\/et\/\"},{\"@type\":\"ListItem\",\"position\":2,\"name\":\"Services Shop\",\"item\":\"https:\/\/1office.co\/latvia\/services-shop\/\"},{\"@type\":\"ListItem\",\"position\":3,\"name\":\"Ettev\u00f5tte asutamine SIA notaris\"}]},{\"@type\":\"WebSite\",\"@id\":\"https:\/\/1office.co\/latvia\/et\/#website\",\"url\":\"https:\/\/1office.co\/latvia\/et\/\",\"name\":\"1Office Latvia\",\"description\":\"Making Business Simple\",\"potentialAction\":[{\"@type\":\"SearchAction\",\"target\":{\"@type\":\"EntryPoint\",\"urlTemplate\":\"https:\/\/1office.co\/latvia\/et\/?s={search_term_string}\"},\"query-input\":{\"@type\":\"PropertyValueSpecification\",\"valueRequired\":true,\"valueName\":\"search_term_string\"}}],\"inLanguage\":\"et\"}]}<\/script>\n<!-- \/ Yoast SEO Premium plugin. -->","yoast_head_json":{"title":"Ettev\u00f5tte asutamine SIA notaris - 1Office Latvia","description":"Ettev\u00f5tte asutamine notaris on sobilik klientidele, kes ei soovi ettev\u00f5tet asutades ise l\u00e4tikeelseid dokumente t\u00e4ita ning neid erinevatele ametiasutustele esitada.","robots":{"index":"index","follow":"follow","max-snippet":"max-snippet:-1","max-image-preview":"max-image-preview:large","max-video-preview":"max-video-preview:-1"},"canonical":"https:\/\/1office.co\/latvia\/et\/toode\/ettevotte-asutamine-sia-notaris\/","og_locale":"et_EE","og_type":"article","og_title":"Ettev\u00f5tte asutamine SIA notaris","og_description":"Ettev\u00f5tte asutamine notaris on sobilik klientidele, kes ei soovi ettev\u00f5tet asutades ise l\u00e4tikeelseid dokumente t\u00e4ita ning neid erinevatele ametiasutustele esitada.","og_url":"https:\/\/1office.co\/latvia\/et\/toode\/ettevotte-asutamine-sia-notaris\/","og_site_name":"1Office Latvia","article_modified_time":"2023-05-19T09:46:19+00:00","og_image":[{"width":450,"height":300,"url":"https:\/\/1office.co\/latvia\/wp-content\/uploads\/sites\/11\/2017\/08\/101693631-notarys-public-pen-and-stamp-on-testament-and-last-will-.jpg","type":"image\/jpeg"}],"twitter_card":"summary_large_image","twitter_misc":{"Est. reading time":"1 minut"},"schema":{"@context":"https:\/\/schema.org","@graph":[{"@type":"WebPage","@id":"https:\/\/1office.co\/latvia\/et\/toode\/ettevotte-asutamine-sia-notaris\/","url":"https:\/\/1office.co\/latvia\/et\/toode\/ettevotte-asutamine-sia-notaris\/","name":"Ettev\u00f5tte asutamine SIA notaris - 1Office Latvia","isPartOf":{"@id":"https:\/\/1office.co\/latvia\/et\/#website"},"primaryImageOfPage":{"@id":"https:\/\/1office.co\/latvia\/et\/toode\/ettevotte-asutamine-sia-notaris\/#primaryimage"},"image":{"@id":"https:\/\/1office.co\/latvia\/et\/toode\/ettevotte-asutamine-sia-notaris\/#primaryimage"},"thumbnailUrl":"https:\/\/1office.co\/latvia\/wp-content\/uploads\/sites\/11\/2017\/08\/101693631-notarys-public-pen-and-stamp-on-testament-and-last-will-.jpg","datePublished":"2017-08-10T08:34:10+00:00","dateModified":"2023-05-19T09:46:19+00:00","description":"Ettev\u00f5tte asutamine notaris on sobilik klientidele, kes ei soovi ettev\u00f5tet asutades ise l\u00e4tikeelseid dokumente t\u00e4ita ning neid erinevatele ametiasutustele esitada.","breadcrumb":{"@id":"https:\/\/1office.co\/latvia\/et\/toode\/ettevotte-asutamine-sia-notaris\/#breadcrumb"},"inLanguage":"et","potentialAction":[{"@type":"ReadAction","target":["https:\/\/1office.co\/latvia\/et\/toode\/ettevotte-asutamine-sia-notaris\/"]}]},{"@type":"ImageObject","inLanguage":"et","@id":"https:\/\/1office.co\/latvia\/et\/toode\/ettevotte-asutamine-sia-notaris\/#primaryimage","url":"https:\/\/1office.co\/latvia\/wp-content\/uploads\/sites\/11\/2017\/08\/101693631-notarys-public-pen-and-stamp-on-testament-and-last-will-.jpg","contentUrl":"https:\/\/1office.co\/latvia\/wp-content\/uploads\/sites\/11\/2017\/08\/101693631-notarys-public-pen-and-stamp-on-testament-and-last-will-.jpg","width":450,"height":300},{"@type":"BreadcrumbList","@id":"https:\/\/1office.co\/latvia\/et\/toode\/ettevotte-asutamine-sia-notaris\/#breadcrumb","itemListElement":[{"@type":"ListItem","position":1,"name":"Home","item":"https:\/\/1office.co\/latvia\/et\/"},{"@type":"ListItem","position":2,"name":"Services Shop","item":"https:\/\/1office.co\/latvia\/services-shop\/"},{"@type":"ListItem","position":3,"name":"Ettev\u00f5tte asutamine SIA notaris"}]},{"@type":"WebSite","@id":"https:\/\/1office.co\/latvia\/et\/#website","url":"https:\/\/1office.co\/latvia\/et\/","name":"1Office Latvia","description":"Making Business Simple","potentialAction":[{"@type":"SearchAction","target":{"@type":"EntryPoint","urlTemplate":"https:\/\/1office.co\/latvia\/et\/?s={search_term_string}"},"query-input":{"@type":"PropertyValueSpecification","valueRequired":true,"valueName":"search_term_string"}}],"inLanguage":"et"}]}},"_links":{"self":[{"href":"https:\/\/1office.co\/latvia\/et\/wp-json\/wp\/v2\/product\/57584","targetHints":{"allow":["GET"]}}],"collection":[{"href":"https:\/\/1office.co\/latvia\/et\/wp-json\/wp\/v2\/product"}],"about":[{"href":"https:\/\/1office.co\/latvia\/et\/wp-json\/wp\/v2\/types\/product"}],"wp:featuredmedia":[{"embeddable":true,"href":"https:\/\/1office.co\/latvia\/et\/wp-json\/wp\/v2\/media\/57892"}],"wp:attachment":[{"href":"https:\/\/1office.co\/latvia\/et\/wp-json\/wp\/v2\/media?parent=57584"}],"wp:term":[{"taxonomy":"product_brand","embeddable":true,"href":"https:\/\/1office.co\/latvia\/et\/wp-json\/wp\/v2\/product_brand?post=57584"},{"taxonomy":"product_cat","embeddable":true,"href":"https:\/\/1office.co\/latvia\/et\/wp-json\/wp\/v2\/product_cat?post=57584"},{"taxonomy":"product_tag","embeddable":true,"href":"https:\/\/1office.co\/latvia\/et\/wp-json\/wp\/v2\/product_tag?post=57584"}],"curies":[{"name":"wp","href":"https:\/\/api.w.org\/{rel}","templated":true}]}}