{"id":57596,"date":"2017-08-10T10:40:14","date_gmt":"2017-08-10T10:40:14","guid":{"rendered":"https:\/\/1office.co\/latvia\/product\/annual-report\/"},"modified":"2020-02-04T12:08:01","modified_gmt":"2020-02-04T12:08:01","slug":"majandusaasta-aruanne","status":"publish","type":"product","link":"https:\/\/1office.co\/latvia\/et\/toode\/majandusaasta-aruanne\/","title":{"rendered":"Majandusaasta aruanne"},"content":{"rendered":"<div class=\"wpb-content-wrapper\"><p>[vc_row][vc_column]<div id=\"advanced-tabs-desc-wrap-6383\" class=\"ult_tabs product_tabs\" style=\" \" data-tabsstyle=\"style1\"\n data-titlebg=\"#ffffff\" data-titlecolor=\"#b6b8ba\" data-fullheight=\"off\"\n data-titlehoverbg=\"#ffffff\" data-titlehovercolor=\"#1d1e23\"\n data-rotatetabs=\"0\" data-responsivemode=\"Both\" data-animation=\"Slide\"\ndata-activetitle=\"#1d1e23\" data-activeicon=\"\" data-activebg=\"#ffffff\"  data-respmode=\"Tabs\" data-respwidth=\"400\" data-scroll = \"on\" data-activeindex=\"1\"><ul id=advanced-tabs-wrap-3800 class=\"ult_tabmenu style1 \" style=\"\"><li class=\"ult_tab_li  \" data-iconcolor=\"#74777b\" data-iconhover=\"#ffffff\" style=\"background-color:#ffffff;border-color:transparent;border-width:0px;border-style:solid;border-top-left-radius:8px;\">\n\t\t\t\t\t<a href=\"#1512642751410-8cbfe-4c64\"  id=\"1512642751410-8cbfe-4c64\"  style=\"color:#b6b8ba;; padding:15px; \" class=\"ult_a  \">\n\t\t\t\t\t     <span class=\"ult_tab_main Both \">\n\t\t\t\t\t \t\t <span class=\"ult_tab_section\">\n\t\t\t\t\t   \t\t\t<span  data-ultimate-target='#advanced-tabs-wrap-3800 .ult-span-text'  data-responsive-json-new='{\"font-size\":\"desktop:14px;\",\"line-height\":\"\"}'  class=\"ult-span-text no_icon ult_tab_display_text ult-responsive\" style=\"font-weight:bold;;\">Kirjeldus<\/span>\n\t\t\t\t\t   \t\t<\/span>\n\t\t\t\t\t\t<\/span>\n\t\t\t\t\t<\/a>\n\t\t\t\t\t<\/li><li class=\"ult_tab_li  product-faq\" data-iconcolor=\"#74777b\" data-iconhover=\"#ffffff\" style=\"background-color:#ffffff;border-color:transparent;border-width:0px;border-style:solid;border-top-right-radius:8px;\">\n\t\t\t\t\t<a href=\"#1512642751435-8cbfe-4c64\"  id=\"1512642751435-8cbfe-4c64\"  style=\"color:#b6b8ba;; padding:15px; \" class=\"ult_a  \">\n\t\t\t\t\t     <span class=\"ult_tab_main Both \">\n\t\t\t\t\t \t\t <span class=\"ult_tab_section\">\n\t\t\t\t\t   \t\t\t<span  data-ultimate-target='#advanced-tabs-wrap-3800 .ult-span-text'  data-responsive-json-new='{\"font-size\":\"desktop:14px;\",\"line-height\":\"\"}'  class=\"ult-span-text no_icon ult_tab_display_text ult-responsive\" style=\"font-weight:bold;;\">KKK<\/span>\n\t\t\t\t\t   \t\t<\/span>\n\t\t\t\t\t\t<\/span>\n\t\t\t\t\t<\/a>\n\t\t\t\t\t<\/li><\/ul><div  data-ultimate-target='#advanced-tabs-desc-wrap-6383 .ult_tabcontent .ult_tab_min_contain  p'  data-responsive-json-new='{\"font-size\":\"\",\"line-height\":\"\"}' class=\"ult_tabcontent ult-responsive style1\" style=\"color:#74777b;\"><div class=\"ult_tab_min_contain \" >\n\t\t\t<div  class=\"ult_tabitemname\"  >\n\t\t\t\t[vc_column_text]Majandusaasta aruande esitamine on kohustuslik k\u00f5igile L\u00e4tis registreeritud ettev\u00f5tetele isegi juhul, kui ettev\u00f5ttel ei ole perioodi jooksul mingit \u00e4ritegevust olnud. Majandusaasta aruanne tuleb tavaliselt * esitada nelja kuu jooksul alates majandusaasta l\u00f5ppemisest, ehk juhul kui ettev\u00f5tte majandusaasta l\u00f5ppeb 31. detsembril, siis aruande esitamise t\u00e4htajaks on 30. aprill.<\/p>\n<p>Enne majandusaasta aruande koostamist peab kogu eelneva aasta igakuine raamatupidamine l\u00f5petatud olema.<\/p>\n<p><strong>Majandusaasta aruande hinnas sisaldub:<\/strong><\/p>\n<ul>\n<li>bilanss<\/li>\n<li>kasumiaruanne<\/li>\n<li>rahavoogude aruanne<\/li>\n<li>omakapitali muudatused<\/li>\n<li>lisad<\/li>\n<li>juhatuse tegevusaruanne<\/li>\n<li>Majandusaasta aruandeesitamine \u00e4riregistrile (selle esitamine on v\u00f5imalik elektrooniliselt kasutades \u00e4riregistri Elektrooniliste Deklaratsioonide S\u00fcsteemi (EDS). Kui klient annab 1Officele s\u00fcsteemi ligip\u00e4\u00e4su, siis saame selle ise \u00e4ra esitada).<\/li>\n<\/ul>\n<p>Kui eelneva majandusaasta raamatpidamine ei ole eelnevalt tehtud (v\u00f5i on tehtud valesti), siis lisandub hinnale raamatupidaja t\u00f6\u00f6 tavalise tunnitasu alusel. Aastaaruande t\u00e4pne sisu ning vorm s\u00f5ltub ettev\u00f5tte suurusest ning tegevusvaldkonnast.<\/p>\n<p><strong>Protsessikirjeldus:<\/strong><\/p>\n<ul>\n<li>Juhul, kui eelneva aasta raamatupidamine ei ole tehtud 1Office poolt, on vajalik meieni toimetada k\u00f5ik raamatupidamise algdokumendid (panga v\u00e4ljav\u00f5tted, ostu- ja m\u00fc\u00fcgiarved), et saaksime hinnapakkumise koostada.<\/li>\n<li>Lepime kokku vajaliku t\u00f6\u00f6 mahus, sisus ning t\u00e4pses hinnas<\/li>\n<li>Kui k\u00f5ik vajalikud dokumendid on meieni j\u00f5udnud, siis koostame nende p\u00f5hjal majandusaasta aruande<\/li>\n<li>Anname majandusaasta aruande registrisse toimetamiseks kliendile \u00fcle. Juhul, kui meile on antud ligip\u00e4\u00e4s \u00e4riregistrisse, teeme seda ise.<\/li>\n<\/ul>\n<p>* Teatud ettev\u00f5tetel on erandina lubatud esitada majandusaasta aruanne seitsme kuu jooksul p\u00e4rast majandusaasta l\u00f5ppu.[\/vc_column_text]\n\t\t\t<\/div>\n\t\t\t<div  class=\"ult_tabitemname\"  >\n\t\t\t\t[vc_toggle title=&#8221;1. Millised ettev\u00f5tted peavad majandusaasta aruande esitama?&#8221; style=&#8221;arrow&#8221; custom_font_container=&#8221;tag:h5|text_align:left&#8221; custom_use_theme_fonts=&#8221;yes&#8221; use_custom_heading=&#8221;true&#8221;]Majandusaasta aruande esitamine on kohustuslik k\u00f5igile L\u00e4tis registreeritud ettev\u00f5tetele.[\/vc_toggle][vc_toggle title=&#8221;2. Mis juhtub siis, kui ma aastaaruannet ei esita?&#8221; style=&#8221;arrow&#8221; custom_font_container=&#8221;tag:h5|text_align:left&#8221; custom_use_theme_fonts=&#8221;yes&#8221; use_custom_heading=&#8221;true&#8221;]Majandusaasta aruande esitamata j\u00e4tmine v\u00f5ib kaasa tuua trahvi. Samuti on ettev\u00f5tetel kes majandusaasta aruannete esitamisega hilinevad piiratud v\u00f5imalused riigihangetel osalemiseks.[\/vc_toggle]\n\t\t\t<\/div><\/div><\/div><\/div><div class=\"ult_acord advanced-tabs-desc-wrap-6383\">\n   <div class=\"ult-tabto-accordion \" style=\"width:;\"\n    data-titlecolor=\"#b6b8ba\"  data-titlebg=\"#ffffff\"\n     data-titlehoverbg=\"#ffffff\" data-titlehovercolor=\"#1d1e23\" data-animation=\"Slide\"\n     data-activetitle=\"#1d1e23\" data-activeicon=\"\" data-activebg=\"#ffffff\" data-scroll = \"on\" data-activeindex=\"1\" >\n     <dl><dt class=\"\">\n\t        \t<a class=\"ult-tabto-actitle withBorder ult_a \" id=\"1512642751410-8cbfe-4c64\" style=\"color:#b6b8ba;;background-color:#ffffff;border-bottom-color:transparent;border-bottom-width:0px;border-bottom-style:solid;\" href=\"#1512642751410-8cbfe-4c64\">\n\t        \t\t<i class=\"accordion-icon\"><\/i>\n\t        \t\t\t<span class=\"ult_tab_main ult_ac_main ult_noacordicnBoth\">\n\n\t\t\t\t\t\t<span  data-ultimate-target='#advanced-tabs-wrap-3800 .ult-span-text'  data-responsive-json-new='{\"font-size\":\"desktop:14px;\",\"line-height\":\"\"}'  class=\"ult-span-text no_icon ult_acordian-text ult-responsive\" style=\"font-weight:bold;;color:inherit \" >Kirjeldus<\/span>\n\t\t\t\t\t\t<\/span><\/a><\/dt>\n\t            \t\t<dd class=\"ult-tabto-accordionItem ult-tabto-accolapsed\">\n\t\t\t\t            <div class=\"ult-tabto-acontent\" style=\"color:#74777b;\">\n\t\t\t\t               [vc_column_text]Majandusaasta aruande esitamine on kohustuslik k\u00f5igile L\u00e4tis registreeritud ettev\u00f5tetele isegi juhul, kui ettev\u00f5ttel ei ole perioodi jooksul mingit \u00e4ritegevust olnud. Majandusaasta aruanne tuleb tavaliselt * esitada nelja kuu jooksul alates majandusaasta l\u00f5ppemisest, ehk juhul kui ettev\u00f5tte majandusaasta l\u00f5ppeb 31. detsembril, siis aruande esitamise t\u00e4htajaks on 30. aprill.<\/p>\n<p>Enne majandusaasta aruande koostamist peab kogu eelneva aasta igakuine raamatupidamine l\u00f5petatud olema.<\/p>\n<p><strong>Majandusaasta aruande hinnas sisaldub:<\/strong><\/p>\n<ul>\n<li>bilanss<\/li>\n<li>kasumiaruanne<\/li>\n<li>rahavoogude aruanne<\/li>\n<li>omakapitali muudatused<\/li>\n<li>lisad<\/li>\n<li>juhatuse tegevusaruanne<\/li>\n<li>Majandusaasta aruandeesitamine \u00e4riregistrile (selle esitamine on v\u00f5imalik elektrooniliselt kasutades \u00e4riregistri Elektrooniliste Deklaratsioonide S\u00fcsteemi (EDS). Kui klient annab 1Officele s\u00fcsteemi ligip\u00e4\u00e4su, siis saame selle ise \u00e4ra esitada).<\/li>\n<\/ul>\n<p>Kui eelneva majandusaasta raamatpidamine ei ole eelnevalt tehtud (v\u00f5i on tehtud valesti), siis lisandub hinnale raamatupidaja t\u00f6\u00f6 tavalise tunnitasu alusel. Aastaaruande t\u00e4pne sisu ning vorm s\u00f5ltub ettev\u00f5tte suurusest ning tegevusvaldkonnast.<\/p>\n<p><strong>Protsessikirjeldus:<\/strong><\/p>\n<ul>\n<li>Juhul, kui eelneva aasta raamatupidamine ei ole tehtud 1Office poolt, on vajalik meieni toimetada k\u00f5ik raamatupidamise algdokumendid (panga v\u00e4ljav\u00f5tted, ostu- ja m\u00fc\u00fcgiarved), et saaksime hinnapakkumise koostada.<\/li>\n<li>Lepime kokku vajaliku t\u00f6\u00f6 mahus, sisus ning t\u00e4pses hinnas<\/li>\n<li>Kui k\u00f5ik vajalikud dokumendid on meieni j\u00f5udnud, siis koostame nende p\u00f5hjal majandusaasta aruande<\/li>\n<li>Anname majandusaasta aruande registrisse toimetamiseks kliendile \u00fcle. Juhul, kui meile on antud ligip\u00e4\u00e4s \u00e4riregistrisse, teeme seda ise.<\/li>\n<\/ul>\n<p>* Teatud ettev\u00f5tetel on erandina lubatud esitada majandusaasta aruanne seitsme kuu jooksul p\u00e4rast majandusaasta l\u00f5ppu.[\/vc_column_text]\n\t\t\t\t            <\/div>\n\t        \t\t\t<\/dd><dt class=\"product-faq\">\n\t        \t<a class=\"ult-tabto-actitle withBorder ult_a \" id=\"1512642751435-8cbfe-4c64\" style=\"color:#b6b8ba;;background-color:#ffffff;border-bottom-color:transparent;border-bottom-width:0px;border-bottom-style:solid;border-bottom-color:transparent;border-bottom-width:0px;border-bottom-style:solid;\" href=\"#1512642751435-8cbfe-4c64\">\n\t        \t\t<i class=\"accordion-icon\"><\/i>\n\t        \t\t\t<span class=\"ult_tab_main ult_ac_main ult_noacordicnBoth\">\n\n\t\t\t\t\t\t<span  data-ultimate-target='#advanced-tabs-wrap-3800 .ult-span-text'  data-responsive-json-new='{\"font-size\":\"desktop:14px;\",\"line-height\":\"\"}'  class=\"ult-span-text no_icon ult_acordian-text ult-responsive\" style=\"font-weight:bold;;color:inherit \" >KKK<\/span>\n\t\t\t\t\t\t<\/span><\/a><\/dt>\n\t            \t\t<dd class=\"ult-tabto-accordionItem ult-tabto-accolapsed\">\n\t\t\t\t            <div class=\"ult-tabto-acontent\" style=\"color:#74777b;\">\n\t\t\t\t               [vc_toggle title=&#8221;1. Millised ettev\u00f5tted peavad majandusaasta aruande esitama?&#8221; style=&#8221;arrow&#8221; custom_font_container=&#8221;tag:h5|text_align:left&#8221; custom_use_theme_fonts=&#8221;yes&#8221; use_custom_heading=&#8221;true&#8221;]Majandusaasta aruande esitamine on kohustuslik k\u00f5igile L\u00e4tis registreeritud ettev\u00f5tetele.[\/vc_toggle][vc_toggle title=&#8221;2. Mis juhtub siis, kui ma aastaaruannet ei esita?&#8221; style=&#8221;arrow&#8221; custom_font_container=&#8221;tag:h5|text_align:left&#8221; custom_use_theme_fonts=&#8221;yes&#8221; use_custom_heading=&#8221;true&#8221;]Majandusaasta aruande esitamata j\u00e4tmine v\u00f5ib kaasa tuua trahvi. Samuti on ettev\u00f5tetel kes majandusaasta aruannete esitamisega hilinevad piiratud v\u00f5imalused riigihangetel osalemiseks.[\/vc_toggle]\n\t\t\t\t            <\/div>\n\t        \t\t\t<\/dd>\n    \t<\/dl>\n    <!--<div class=\"extraborder\" style=\"background-color:#ffffff\"><\/div>-->\n<\/div>\n\n<\/div>[\/vc_column][\/vc_row]<\/p>\n<\/div>","protected":false},"excerpt":{"rendered":"<p>Majandusaasta aruande esitamine \u00e4riregistrile (State Revenue Service) on kohustuslik k\u00f5igile L\u00e4tis registreeritud ettev\u00f5tetele. See tuleb esitada l\u00e4ti keeles ning ametlikult kasutusel olevas valuutas (euro).<\/p>\n","protected":false},"featured_media":57437,"template":"","meta":{"_acf_changed":false,"inline_featured_image":false},"product_brand":[],"product_cat":[307],"product_tag":[313],"class_list":{"0":"post-57596","1":"product","2":"type-product","3":"status-publish","4":"has-post-thumbnail","6":"product_cat-raamatupidamine","7":"product_tag-lati","8":"description-off","10":"first","11":"instock","12":"virtual","13":"taxable","14":"purchasable","15":"product-type-simple"},"bundled_by":[],"bundle_stock_status":"instock","bundle_stock_quantity":null,"bundle_virtual":false,"bundle_layout":"","bundle_add_to_cart_form_location":"","bundle_editable_in_cart":false,"bundle_sold_individually_context":"","bundle_item_grouping":"","bundle_min_size":"","bundle_max_size":"","bundle_price":[],"bundled_items":[],"bundle_sell_ids":[],"acf":[],"yoast_head":"<!-- This site is optimized with the Yoast SEO Premium plugin v22.1 (Yoast SEO v27.0) - https:\/\/yoast.com\/product\/yoast-seo-premium-wordpress\/ -->\n<title>Majandusaasta aruanne - 1Office Latvia<\/title>\n<meta name=\"description\" content=\"Majandusaasta aruande esitamine \u00e4riregistrile (State Revenue Service) on kohustuslik k\u00f5igile L\u00e4tis registreeritud ettev\u00f5tetele. See tuleb esitada l\u00e4ti keeles ning ametlikult kasutusel olevas valuutas (euro).\" \/>\n<meta name=\"robots\" content=\"index, follow, max-snippet:-1, max-image-preview:large, max-video-preview:-1\" \/>\n<link rel=\"canonical\" href=\"https:\/\/1office.co\/latvia\/et\/toode\/majandusaasta-aruanne\/\" \/>\n<meta property=\"og:locale\" content=\"et_EE\" \/>\n<meta property=\"og:type\" content=\"article\" \/>\n<meta property=\"og:title\" content=\"Majandusaasta aruanne\" \/>\n<meta property=\"og:description\" content=\"Majandusaasta aruande esitamine \u00e4riregistrile (State Revenue Service) on kohustuslik k\u00f5igile L\u00e4tis registreeritud ettev\u00f5tetele. See tuleb esitada l\u00e4ti keeles ning ametlikult kasutusel olevas valuutas (euro).\" \/>\n<meta property=\"og:url\" content=\"https:\/\/1office.co\/latvia\/et\/toode\/majandusaasta-aruanne\/\" \/>\n<meta property=\"og:site_name\" content=\"1Office Latvia\" \/>\n<meta property=\"article:modified_time\" content=\"2020-02-04T12:08:01+00:00\" \/>\n<meta property=\"og:image\" content=\"https:\/\/1office.co\/latvia\/wp-content\/uploads\/sites\/11\/2017\/08\/pexels-photo-442574.jpeg\" \/>\n\t<meta property=\"og:image:width\" content=\"1920\" \/>\n\t<meta property=\"og:image:height\" content=\"1280\" \/>\n\t<meta property=\"og:image:type\" content=\"image\/jpeg\" \/>\n<meta name=\"twitter:card\" content=\"summary_large_image\" \/>\n<meta name=\"twitter:label1\" content=\"Est. reading time\" \/>\n\t<meta name=\"twitter:data1\" content=\"2 minutit\" \/>\n<script type=\"application\/ld+json\" class=\"yoast-schema-graph\">{\"@context\":\"https:\/\/schema.org\",\"@graph\":[{\"@type\":\"WebPage\",\"@id\":\"https:\/\/1office.co\/latvia\/et\/toode\/majandusaasta-aruanne\/\",\"url\":\"https:\/\/1office.co\/latvia\/et\/toode\/majandusaasta-aruanne\/\",\"name\":\"Majandusaasta aruanne - 1Office Latvia\",\"isPartOf\":{\"@id\":\"https:\/\/1office.co\/latvia\/et\/#website\"},\"primaryImageOfPage\":{\"@id\":\"https:\/\/1office.co\/latvia\/et\/toode\/majandusaasta-aruanne\/#primaryimage\"},\"image\":{\"@id\":\"https:\/\/1office.co\/latvia\/et\/toode\/majandusaasta-aruanne\/#primaryimage\"},\"thumbnailUrl\":\"https:\/\/1office.co\/latvia\/wp-content\/uploads\/sites\/11\/2017\/08\/pexels-photo-442574.jpeg\",\"datePublished\":\"2017-08-10T10:40:14+00:00\",\"dateModified\":\"2020-02-04T12:08:01+00:00\",\"description\":\"Majandusaasta aruande esitamine \u00e4riregistrile (State Revenue Service) on kohustuslik k\u00f5igile L\u00e4tis registreeritud ettev\u00f5tetele. See tuleb esitada l\u00e4ti keeles ning ametlikult kasutusel olevas valuutas (euro).\",\"breadcrumb\":{\"@id\":\"https:\/\/1office.co\/latvia\/et\/toode\/majandusaasta-aruanne\/#breadcrumb\"},\"inLanguage\":\"et\",\"potentialAction\":[{\"@type\":\"ReadAction\",\"target\":[\"https:\/\/1office.co\/latvia\/et\/toode\/majandusaasta-aruanne\/\"]}]},{\"@type\":\"ImageObject\",\"inLanguage\":\"et\",\"@id\":\"https:\/\/1office.co\/latvia\/et\/toode\/majandusaasta-aruanne\/#primaryimage\",\"url\":\"https:\/\/1office.co\/latvia\/wp-content\/uploads\/sites\/11\/2017\/08\/pexels-photo-442574.jpeg\",\"contentUrl\":\"https:\/\/1office.co\/latvia\/wp-content\/uploads\/sites\/11\/2017\/08\/pexels-photo-442574.jpeg\",\"width\":1920,\"height\":1280},{\"@type\":\"BreadcrumbList\",\"@id\":\"https:\/\/1office.co\/latvia\/et\/toode\/majandusaasta-aruanne\/#breadcrumb\",\"itemListElement\":[{\"@type\":\"ListItem\",\"position\":1,\"name\":\"Home\",\"item\":\"https:\/\/1office.co\/latvia\/et\/\"},{\"@type\":\"ListItem\",\"position\":2,\"name\":\"Services Shop\",\"item\":\"https:\/\/1office.co\/latvia\/services-shop\/\"},{\"@type\":\"ListItem\",\"position\":3,\"name\":\"Majandusaasta aruanne\"}]},{\"@type\":\"WebSite\",\"@id\":\"https:\/\/1office.co\/latvia\/et\/#website\",\"url\":\"https:\/\/1office.co\/latvia\/et\/\",\"name\":\"1Office Latvia\",\"description\":\"Making Business Simple\",\"potentialAction\":[{\"@type\":\"SearchAction\",\"target\":{\"@type\":\"EntryPoint\",\"urlTemplate\":\"https:\/\/1office.co\/latvia\/et\/?s={search_term_string}\"},\"query-input\":{\"@type\":\"PropertyValueSpecification\",\"valueRequired\":true,\"valueName\":\"search_term_string\"}}],\"inLanguage\":\"et\"}]}<\/script>\n<!-- \/ Yoast SEO Premium plugin. -->","yoast_head_json":{"title":"Majandusaasta aruanne - 1Office Latvia","description":"Majandusaasta aruande esitamine \u00e4riregistrile (State Revenue Service) on kohustuslik k\u00f5igile L\u00e4tis registreeritud ettev\u00f5tetele. See tuleb esitada l\u00e4ti keeles ning ametlikult kasutusel olevas valuutas (euro).","robots":{"index":"index","follow":"follow","max-snippet":"max-snippet:-1","max-image-preview":"max-image-preview:large","max-video-preview":"max-video-preview:-1"},"canonical":"https:\/\/1office.co\/latvia\/et\/toode\/majandusaasta-aruanne\/","og_locale":"et_EE","og_type":"article","og_title":"Majandusaasta aruanne","og_description":"Majandusaasta aruande esitamine \u00e4riregistrile (State Revenue Service) on kohustuslik k\u00f5igile L\u00e4tis registreeritud ettev\u00f5tetele. See tuleb esitada l\u00e4ti keeles ning ametlikult kasutusel olevas valuutas (euro).","og_url":"https:\/\/1office.co\/latvia\/et\/toode\/majandusaasta-aruanne\/","og_site_name":"1Office Latvia","article_modified_time":"2020-02-04T12:08:01+00:00","og_image":[{"width":1920,"height":1280,"url":"https:\/\/1office.co\/latvia\/wp-content\/uploads\/sites\/11\/2017\/08\/pexels-photo-442574.jpeg","type":"image\/jpeg"}],"twitter_card":"summary_large_image","twitter_misc":{"Est. reading time":"2 minutit"},"schema":{"@context":"https:\/\/schema.org","@graph":[{"@type":"WebPage","@id":"https:\/\/1office.co\/latvia\/et\/toode\/majandusaasta-aruanne\/","url":"https:\/\/1office.co\/latvia\/et\/toode\/majandusaasta-aruanne\/","name":"Majandusaasta aruanne - 1Office Latvia","isPartOf":{"@id":"https:\/\/1office.co\/latvia\/et\/#website"},"primaryImageOfPage":{"@id":"https:\/\/1office.co\/latvia\/et\/toode\/majandusaasta-aruanne\/#primaryimage"},"image":{"@id":"https:\/\/1office.co\/latvia\/et\/toode\/majandusaasta-aruanne\/#primaryimage"},"thumbnailUrl":"https:\/\/1office.co\/latvia\/wp-content\/uploads\/sites\/11\/2017\/08\/pexels-photo-442574.jpeg","datePublished":"2017-08-10T10:40:14+00:00","dateModified":"2020-02-04T12:08:01+00:00","description":"Majandusaasta aruande esitamine \u00e4riregistrile (State Revenue Service) on kohustuslik k\u00f5igile L\u00e4tis registreeritud ettev\u00f5tetele. See tuleb esitada l\u00e4ti keeles ning ametlikult kasutusel olevas valuutas (euro).","breadcrumb":{"@id":"https:\/\/1office.co\/latvia\/et\/toode\/majandusaasta-aruanne\/#breadcrumb"},"inLanguage":"et","potentialAction":[{"@type":"ReadAction","target":["https:\/\/1office.co\/latvia\/et\/toode\/majandusaasta-aruanne\/"]}]},{"@type":"ImageObject","inLanguage":"et","@id":"https:\/\/1office.co\/latvia\/et\/toode\/majandusaasta-aruanne\/#primaryimage","url":"https:\/\/1office.co\/latvia\/wp-content\/uploads\/sites\/11\/2017\/08\/pexels-photo-442574.jpeg","contentUrl":"https:\/\/1office.co\/latvia\/wp-content\/uploads\/sites\/11\/2017\/08\/pexels-photo-442574.jpeg","width":1920,"height":1280},{"@type":"BreadcrumbList","@id":"https:\/\/1office.co\/latvia\/et\/toode\/majandusaasta-aruanne\/#breadcrumb","itemListElement":[{"@type":"ListItem","position":1,"name":"Home","item":"https:\/\/1office.co\/latvia\/et\/"},{"@type":"ListItem","position":2,"name":"Services Shop","item":"https:\/\/1office.co\/latvia\/services-shop\/"},{"@type":"ListItem","position":3,"name":"Majandusaasta aruanne"}]},{"@type":"WebSite","@id":"https:\/\/1office.co\/latvia\/et\/#website","url":"https:\/\/1office.co\/latvia\/et\/","name":"1Office Latvia","description":"Making Business Simple","potentialAction":[{"@type":"SearchAction","target":{"@type":"EntryPoint","urlTemplate":"https:\/\/1office.co\/latvia\/et\/?s={search_term_string}"},"query-input":{"@type":"PropertyValueSpecification","valueRequired":true,"valueName":"search_term_string"}}],"inLanguage":"et"}]}},"_links":{"self":[{"href":"https:\/\/1office.co\/latvia\/et\/wp-json\/wp\/v2\/product\/57596","targetHints":{"allow":["GET"]}}],"collection":[{"href":"https:\/\/1office.co\/latvia\/et\/wp-json\/wp\/v2\/product"}],"about":[{"href":"https:\/\/1office.co\/latvia\/et\/wp-json\/wp\/v2\/types\/product"}],"wp:featuredmedia":[{"embeddable":true,"href":"https:\/\/1office.co\/latvia\/et\/wp-json\/wp\/v2\/media\/57437"}],"wp:attachment":[{"href":"https:\/\/1office.co\/latvia\/et\/wp-json\/wp\/v2\/media?parent=57596"}],"wp:term":[{"taxonomy":"product_brand","embeddable":true,"href":"https:\/\/1office.co\/latvia\/et\/wp-json\/wp\/v2\/product_brand?post=57596"},{"taxonomy":"product_cat","embeddable":true,"href":"https:\/\/1office.co\/latvia\/et\/wp-json\/wp\/v2\/product_cat?post=57596"},{"taxonomy":"product_tag","embeddable":true,"href":"https:\/\/1office.co\/latvia\/et\/wp-json\/wp\/v2\/product_tag?post=57596"}],"curies":[{"name":"wp","href":"https:\/\/api.w.org\/{rel}","templated":true}]}}