{"id":58257,"date":"2020-06-26T08:11:13","date_gmt":"2020-06-26T08:11:14","guid":{"rendered":"https:\/\/1office.co\/latvia\/?post_type=product&#038;p=58257"},"modified":"2023-05-19T09:47:20","modified_gmt":"2023-05-19T09:47:20","slug":"ariaadress-riia-kesklinnas","status":"publish","type":"product","link":"https:\/\/1office.co\/latvia\/et\/toode\/ariaadress-riia-kesklinnas\/","title":{"rendered":"\u00c4riaadress Riia kesklinnas"},"content":{"rendered":"<div class=\"wpb-content-wrapper\"><p>[vc_row][vc_column]<div id=\"advanced-tabs-desc-wrap-8876\" class=\"ult_tabs product_tabs\" style=\" \" data-tabsstyle=\"style1\"\n data-titlebg=\"#ffffff\" data-titlecolor=\"#b6b8ba\" data-fullheight=\"off\"\n data-titlehoverbg=\"#ffffff\" data-titlehovercolor=\"#1d1e23\"\n data-rotatetabs=\"0\" data-responsivemode=\"Both\" data-animation=\"Slide\"\ndata-activetitle=\"#1d1e23\" data-activeicon=\"\" data-activebg=\"#ffffff\"  data-respmode=\"Tabs\" data-respwidth=\"400\" data-scroll = \"on\" data-activeindex=\"1\"><ul id=advanced-tabs-wrap-3863 class=\"ult_tabmenu style1 \" style=\"\"><li class=\"ult_tab_li  \" data-iconcolor=\"#74777b\" data-iconhover=\"#ffffff\" style=\"background-color:#ffffff;border-color:transparent;border-width:0px;border-style:solid;border-top-right-radius:8px;\">\n\t\t\t\t\t<a href=\"#1512642751410-8baea-301a\"  id=\"1512642751410-8baea-301a\"  style=\"color:#b6b8ba;; padding:15px; \" class=\"ult_a  \">\n\t\t\t\t\t     <span class=\"ult_tab_main Both \">\n\t\t\t\t\t \t\t <span class=\"ult_tab_section\">\n\t\t\t\t\t   \t\t\t<span  data-ultimate-target='#advanced-tabs-wrap-3863 .ult-span-text'  data-responsive-json-new='{\"font-size\":\"desktop:14px;\",\"line-height\":\"\"}'  class=\"ult-span-text no_icon ult_tab_display_text ult-responsive\" style=\"font-weight:bold;;\">Kirjeldus<\/span>\n\t\t\t\t\t   \t\t<\/span>\n\t\t\t\t\t\t<\/span>\n\t\t\t\t\t<\/a>\n\t\t\t\t\t<\/li><\/ul><div  data-ultimate-target='#advanced-tabs-desc-wrap-8876 .ult_tabcontent .ult_tab_min_contain  p'  data-responsive-json-new='{\"font-size\":\"\",\"line-height\":\"\"}' class=\"ult_tabcontent ult-responsive style1\" style=\"color:#74777b;\"><div class=\"ult_tab_min_contain \" >\n\t\t\t<div  class=\"ult_tabitemname\"  >\n\t\t\t\t[vc_column_text]<strong>Hinnas sisaldub:<\/strong><\/p>\n<ul>\n<li>Juriidiline aadress ettev\u00f5tte registreerimiseks<\/li>\n<li>Ettev\u00f5tte tegevusaadress posti k\u00e4tte saamiseks<\/li>\n<li>Posti sorteerimine ning edastamine e-posti\/avamata posti edasi saatmine (teenusele lisandub postikulu)<\/li>\n<li>M\u00fc\u00fcgiarvete moodul arvete koostamiseks ja v\u00e4ljasaatmiseks<\/li>\n<li>Hinnas ei sisaldu t\u00e4hitud kirjade vastuv\u00f5tmine, kuna nende v\u00e4ljastamine toimub volikirja alusel. T\u00e4hitud kirjade vastuv\u00f5tmise teenuse saate meilt tellida lisatasu eest 75 \u20ac + KM \u00fche kirja kohta.<\/li>\n<\/ul>\n<p><strong>T\u00e4htis informatsioon:<\/strong><\/p>\n<ul>\n<li>Teenus on perioodiline. Tasu j\u00e4rgmise aasta perioodi eest v\u00f5etakse krediitkaardilt automaatselt maha \u00fcks kuu enne uue perioodi algust.<\/li>\n<li>Aastane teenuseperiood algab sellest kuup\u00e4evast, millal teenus osteti.<\/li>\n<\/ul>\n<p>[\/vc_column_text]\n\t\t\t<\/div><\/div><\/div><\/div><div class=\"ult_acord advanced-tabs-desc-wrap-8876\">\n   <div class=\"ult-tabto-accordion \" style=\"width:;\"\n    data-titlecolor=\"#b6b8ba\"  data-titlebg=\"#ffffff\"\n     data-titlehoverbg=\"#ffffff\" data-titlehovercolor=\"#1d1e23\" data-animation=\"Slide\"\n     data-activetitle=\"#1d1e23\" data-activeicon=\"\" data-activebg=\"#ffffff\" data-scroll = \"on\" data-activeindex=\"1\" >\n     <dl><dt class=\"\">\n\t        \t<a class=\"ult-tabto-actitle withBorder ult_a \" id=\"1512642751410-8baea-301a\" style=\"color:#b6b8ba;;background-color:#ffffff;border-bottom-color:transparent;border-bottom-width:0px;border-bottom-style:solid;\" href=\"#1512642751410-8baea-301a\">\n\t        \t\t<i class=\"accordion-icon\"><\/i>\n\t        \t\t\t<span class=\"ult_tab_main ult_ac_main ult_noacordicnBoth\">\n\n\t\t\t\t\t\t<span  data-ultimate-target='#advanced-tabs-wrap-3863 .ult-span-text'  data-responsive-json-new='{\"font-size\":\"desktop:14px;\",\"line-height\":\"\"}'  class=\"ult-span-text no_icon ult_acordian-text ult-responsive\" style=\"font-weight:bold;;color:inherit \" >Kirjeldus<\/span>\n\t\t\t\t\t\t<\/span><\/a><\/dt>\n\t            \t\t<dd class=\"ult-tabto-accordionItem ult-tabto-accolapsed\">\n\t\t\t\t            <div class=\"ult-tabto-acontent\" style=\"color:#74777b;\">\n\t\t\t\t               [vc_column_text]<strong>Hinnas sisaldub:<\/strong><\/p>\n<ul>\n<li>Juriidiline aadress ettev\u00f5tte registreerimiseks<\/li>\n<li>Ettev\u00f5tte tegevusaadress posti k\u00e4tte saamiseks<\/li>\n<li>Posti sorteerimine ning edastamine e-posti\/avamata posti edasi saatmine (teenusele lisandub postikulu)<\/li>\n<li>M\u00fc\u00fcgiarvete moodul arvete koostamiseks ja v\u00e4ljasaatmiseks<\/li>\n<li>Hinnas ei sisaldu t\u00e4hitud kirjade vastuv\u00f5tmine, kuna nende v\u00e4ljastamine toimub volikirja alusel. T\u00e4hitud kirjade vastuv\u00f5tmise teenuse saate meilt tellida lisatasu eest 75 \u20ac + KM \u00fche kirja kohta.<\/li>\n<\/ul>\n<p><strong>T\u00e4htis informatsioon:<\/strong><\/p>\n<ul>\n<li>Teenus on perioodiline. Tasu j\u00e4rgmise aasta perioodi eest v\u00f5etakse krediitkaardilt automaatselt maha \u00fcks kuu enne uue perioodi algust.<\/li>\n<li>Aastane teenuseperiood algab sellest kuup\u00e4evast, millal teenus osteti.<\/li>\n<\/ul>\n<p>[\/vc_column_text]\n\t\t\t\t            <\/div>\n\t        \t\t\t<\/dd>\n    \t<\/dl>\n    <!--<div class=\"extraborder\" style=\"background-color:#ffffff\"><\/div>-->\n<\/div>\n\n<\/div>[\/vc_column][\/vc_row]<\/p>\n<\/div>","protected":false},"excerpt":{"rendered":"<p>Iga L\u00e4tis registreeritud ettev\u00f5te vajab kohalikku \u00e4riaadressi. See teenus sisaldab ka m\u00fc\u00fcgiarvete moodulit, mis v\u00f5imaldab mugavalt m\u00fc\u00fcgiarveid koostada ja v\u00e4lja saata.<\/p>\n","protected":false},"featured_media":53904,"template":"","meta":{"_acf_changed":false,"inline_featured_image":false},"product_brand":[],"product_cat":[308,310],"product_tag":[313],"class_list":{"0":"post-58257","1":"product","2":"type-product","3":"status-publish","4":"has-post-thumbnail","6":"product_cat-ettevotte-alustamine","7":"product_cat-virtuaalkontor","8":"product_tag-lati","9":"description-off","11":"first","12":"instock","13":"virtual","14":"taxable","15":"purchasable","16":"product-type-subscription"},"bundled_by":[],"bundle_stock_status":"instock","bundle_stock_quantity":null,"bundle_virtual":false,"bundle_layout":"","bundle_add_to_cart_form_location":"","bundle_editable_in_cart":false,"bundle_sold_individually_context":"","bundle_item_grouping":"","bundle_min_size":"","bundle_max_size":"","bundle_price":[],"bundled_items":[],"bundle_sell_ids":[],"acf":[],"yoast_head":"<!-- This site is optimized with the Yoast SEO Premium plugin v22.1 (Yoast SEO v27.0) - https:\/\/yoast.com\/product\/yoast-seo-premium-wordpress\/ -->\n<title>\u00c4riaadress Riia kesklinnas - 1Office Latvia<\/title>\n<meta name=\"description\" content=\"Iga L\u00e4tis registreeritud ettev\u00f5te vajab kohalikku \u00e4riaadressi\" \/>\n<meta name=\"robots\" content=\"index, follow, max-snippet:-1, max-image-preview:large, max-video-preview:-1\" \/>\n<link rel=\"canonical\" href=\"https:\/\/1office.co\/latvia\/et\/toode\/ariaadress-riia-kesklinnas\/\" \/>\n<meta property=\"og:locale\" content=\"et_EE\" \/>\n<meta property=\"og:type\" content=\"article\" \/>\n<meta property=\"og:title\" content=\"\u00c4riaadress Riia kesklinnas\" \/>\n<meta property=\"og:description\" content=\"Iga L\u00e4tis registreeritud ettev\u00f5te vajab kohalikku \u00e4riaadressi\" \/>\n<meta property=\"og:url\" content=\"https:\/\/1office.co\/latvia\/et\/toode\/ariaadress-riia-kesklinnas\/\" \/>\n<meta property=\"og:site_name\" content=\"1Office Latvia\" \/>\n<meta property=\"article:modified_time\" content=\"2023-05-19T09:47:20+00:00\" \/>\n<meta property=\"og:image\" content=\"https:\/\/1office.co\/latvia\/wp-content\/uploads\/sites\/11\/2017\/08\/virtual-office.jpg\" \/>\n\t<meta property=\"og:image:width\" content=\"800\" \/>\n\t<meta property=\"og:image:height\" content=\"533\" \/>\n\t<meta property=\"og:image:type\" content=\"image\/jpeg\" \/>\n<meta name=\"twitter:card\" content=\"summary_large_image\" \/>\n<meta name=\"twitter:label1\" content=\"Est. reading time\" \/>\n\t<meta name=\"twitter:data1\" content=\"1 minut\" \/>\n<script type=\"application\/ld+json\" class=\"yoast-schema-graph\">{\"@context\":\"https:\/\/schema.org\",\"@graph\":[{\"@type\":\"WebPage\",\"@id\":\"https:\/\/1office.co\/latvia\/et\/toode\/ariaadress-riia-kesklinnas\/\",\"url\":\"https:\/\/1office.co\/latvia\/et\/toode\/ariaadress-riia-kesklinnas\/\",\"name\":\"\u00c4riaadress Riia kesklinnas - 1Office Latvia\",\"isPartOf\":{\"@id\":\"https:\/\/1office.co\/latvia\/et\/#website\"},\"primaryImageOfPage\":{\"@id\":\"https:\/\/1office.co\/latvia\/et\/toode\/ariaadress-riia-kesklinnas\/#primaryimage\"},\"image\":{\"@id\":\"https:\/\/1office.co\/latvia\/et\/toode\/ariaadress-riia-kesklinnas\/#primaryimage\"},\"thumbnailUrl\":\"https:\/\/1office.co\/latvia\/wp-content\/uploads\/sites\/11\/2017\/08\/virtual-office.jpg\",\"datePublished\":\"2020-06-26T08:11:14+00:00\",\"dateModified\":\"2023-05-19T09:47:20+00:00\",\"description\":\"Iga L\u00e4tis registreeritud ettev\u00f5te vajab kohalikku \u00e4riaadressi\",\"breadcrumb\":{\"@id\":\"https:\/\/1office.co\/latvia\/et\/toode\/ariaadress-riia-kesklinnas\/#breadcrumb\"},\"inLanguage\":\"et\",\"potentialAction\":[{\"@type\":\"ReadAction\",\"target\":[\"https:\/\/1office.co\/latvia\/et\/toode\/ariaadress-riia-kesklinnas\/\"]}]},{\"@type\":\"ImageObject\",\"inLanguage\":\"et\",\"@id\":\"https:\/\/1office.co\/latvia\/et\/toode\/ariaadress-riia-kesklinnas\/#primaryimage\",\"url\":\"https:\/\/1office.co\/latvia\/wp-content\/uploads\/sites\/11\/2017\/08\/virtual-office.jpg\",\"contentUrl\":\"https:\/\/1office.co\/latvia\/wp-content\/uploads\/sites\/11\/2017\/08\/virtual-office.jpg\",\"width\":800,\"height\":533},{\"@type\":\"BreadcrumbList\",\"@id\":\"https:\/\/1office.co\/latvia\/et\/toode\/ariaadress-riia-kesklinnas\/#breadcrumb\",\"itemListElement\":[{\"@type\":\"ListItem\",\"position\":1,\"name\":\"Home\",\"item\":\"https:\/\/1office.co\/latvia\/et\/\"},{\"@type\":\"ListItem\",\"position\":2,\"name\":\"Services Shop\",\"item\":\"https:\/\/1office.co\/latvia\/services-shop\/\"},{\"@type\":\"ListItem\",\"position\":3,\"name\":\"\u00c4riaadress Riia kesklinnas\"}]},{\"@type\":\"WebSite\",\"@id\":\"https:\/\/1office.co\/latvia\/et\/#website\",\"url\":\"https:\/\/1office.co\/latvia\/et\/\",\"name\":\"1Office Latvia\",\"description\":\"Making Business Simple\",\"potentialAction\":[{\"@type\":\"SearchAction\",\"target\":{\"@type\":\"EntryPoint\",\"urlTemplate\":\"https:\/\/1office.co\/latvia\/et\/?s={search_term_string}\"},\"query-input\":{\"@type\":\"PropertyValueSpecification\",\"valueRequired\":true,\"valueName\":\"search_term_string\"}}],\"inLanguage\":\"et\"}]}<\/script>\n<!-- \/ Yoast SEO Premium plugin. -->","yoast_head_json":{"title":"\u00c4riaadress Riia kesklinnas - 1Office Latvia","description":"Iga L\u00e4tis registreeritud ettev\u00f5te vajab kohalikku \u00e4riaadressi","robots":{"index":"index","follow":"follow","max-snippet":"max-snippet:-1","max-image-preview":"max-image-preview:large","max-video-preview":"max-video-preview:-1"},"canonical":"https:\/\/1office.co\/latvia\/et\/toode\/ariaadress-riia-kesklinnas\/","og_locale":"et_EE","og_type":"article","og_title":"\u00c4riaadress Riia kesklinnas","og_description":"Iga L\u00e4tis registreeritud ettev\u00f5te vajab kohalikku \u00e4riaadressi","og_url":"https:\/\/1office.co\/latvia\/et\/toode\/ariaadress-riia-kesklinnas\/","og_site_name":"1Office Latvia","article_modified_time":"2023-05-19T09:47:20+00:00","og_image":[{"width":800,"height":533,"url":"https:\/\/1office.co\/latvia\/wp-content\/uploads\/sites\/11\/2017\/08\/virtual-office.jpg","type":"image\/jpeg"}],"twitter_card":"summary_large_image","twitter_misc":{"Est. reading time":"1 minut"},"schema":{"@context":"https:\/\/schema.org","@graph":[{"@type":"WebPage","@id":"https:\/\/1office.co\/latvia\/et\/toode\/ariaadress-riia-kesklinnas\/","url":"https:\/\/1office.co\/latvia\/et\/toode\/ariaadress-riia-kesklinnas\/","name":"\u00c4riaadress Riia kesklinnas - 1Office Latvia","isPartOf":{"@id":"https:\/\/1office.co\/latvia\/et\/#website"},"primaryImageOfPage":{"@id":"https:\/\/1office.co\/latvia\/et\/toode\/ariaadress-riia-kesklinnas\/#primaryimage"},"image":{"@id":"https:\/\/1office.co\/latvia\/et\/toode\/ariaadress-riia-kesklinnas\/#primaryimage"},"thumbnailUrl":"https:\/\/1office.co\/latvia\/wp-content\/uploads\/sites\/11\/2017\/08\/virtual-office.jpg","datePublished":"2020-06-26T08:11:14+00:00","dateModified":"2023-05-19T09:47:20+00:00","description":"Iga L\u00e4tis registreeritud ettev\u00f5te vajab kohalikku \u00e4riaadressi","breadcrumb":{"@id":"https:\/\/1office.co\/latvia\/et\/toode\/ariaadress-riia-kesklinnas\/#breadcrumb"},"inLanguage":"et","potentialAction":[{"@type":"ReadAction","target":["https:\/\/1office.co\/latvia\/et\/toode\/ariaadress-riia-kesklinnas\/"]}]},{"@type":"ImageObject","inLanguage":"et","@id":"https:\/\/1office.co\/latvia\/et\/toode\/ariaadress-riia-kesklinnas\/#primaryimage","url":"https:\/\/1office.co\/latvia\/wp-content\/uploads\/sites\/11\/2017\/08\/virtual-office.jpg","contentUrl":"https:\/\/1office.co\/latvia\/wp-content\/uploads\/sites\/11\/2017\/08\/virtual-office.jpg","width":800,"height":533},{"@type":"BreadcrumbList","@id":"https:\/\/1office.co\/latvia\/et\/toode\/ariaadress-riia-kesklinnas\/#breadcrumb","itemListElement":[{"@type":"ListItem","position":1,"name":"Home","item":"https:\/\/1office.co\/latvia\/et\/"},{"@type":"ListItem","position":2,"name":"Services Shop","item":"https:\/\/1office.co\/latvia\/services-shop\/"},{"@type":"ListItem","position":3,"name":"\u00c4riaadress Riia kesklinnas"}]},{"@type":"WebSite","@id":"https:\/\/1office.co\/latvia\/et\/#website","url":"https:\/\/1office.co\/latvia\/et\/","name":"1Office Latvia","description":"Making Business Simple","potentialAction":[{"@type":"SearchAction","target":{"@type":"EntryPoint","urlTemplate":"https:\/\/1office.co\/latvia\/et\/?s={search_term_string}"},"query-input":{"@type":"PropertyValueSpecification","valueRequired":true,"valueName":"search_term_string"}}],"inLanguage":"et"}]}},"_links":{"self":[{"href":"https:\/\/1office.co\/latvia\/et\/wp-json\/wp\/v2\/product\/58257","targetHints":{"allow":["GET"]}}],"collection":[{"href":"https:\/\/1office.co\/latvia\/et\/wp-json\/wp\/v2\/product"}],"about":[{"href":"https:\/\/1office.co\/latvia\/et\/wp-json\/wp\/v2\/types\/product"}],"wp:featuredmedia":[{"embeddable":true,"href":"https:\/\/1office.co\/latvia\/et\/wp-json\/wp\/v2\/media\/53904"}],"wp:attachment":[{"href":"https:\/\/1office.co\/latvia\/et\/wp-json\/wp\/v2\/media?parent=58257"}],"wp:term":[{"taxonomy":"product_brand","embeddable":true,"href":"https:\/\/1office.co\/latvia\/et\/wp-json\/wp\/v2\/product_brand?post=58257"},{"taxonomy":"product_cat","embeddable":true,"href":"https:\/\/1office.co\/latvia\/et\/wp-json\/wp\/v2\/product_cat?post=58257"},{"taxonomy":"product_tag","embeddable":true,"href":"https:\/\/1office.co\/latvia\/et\/wp-json\/wp\/v2\/product_tag?post=58257"}],"curies":[{"name":"wp","href":"https:\/\/api.w.org\/{rel}","templated":true}]}}