{"id":57687,"date":"2017-12-27T08:55:15","date_gmt":"2017-12-27T08:55:15","guid":{"rendered":"https:\/\/1office.co\/latvia\/latvian-services\/"},"modified":"2025-08-18T15:11:59","modified_gmt":"2025-08-18T15:11:59","slug":"latvian-services","status":"publish","type":"page","link":"https:\/\/1office.co\/latvia\/fi\/","title":{"rendered":"Latvian Services"},"content":{"rendered":"<div class=\"wpb-content-wrapper\"><p>[vc_row full_width=&#8221;stretch_row&#8221; bg_type=&#8221;image&#8221; parallax_style=&#8221;vcpb-default&#8221; bg_image_new=&#8221;id^60767|url^https:\/\/1office.co\/wp-content\/uploads\/2017\/05\/pexels-photo-3.jpg|caption^null|alt^null|title^pexels-photo (3)|description^null&#8221; bg_image_repeat=&#8221;no-repeat&#8221; bg_img_attach=&#8221;fixed&#8221; bg_image_posiiton=&#8221;0 10%&#8221; seperator_enable=&#8221;seperator_enable_value&#8221; seperator_type=&#8221;tilt_left_seperator&#8221; seperator_position=&#8221;bottom_seperator&#8221; el_class=&#8221;one-blog-head&#8221;][vc_column]<div id=\"ultimate-heading-510469e3bb7ccf056\" class=\"uvc-heading ult-adjust-bottom-margin ultimate-heading-510469e3bb7ccf056 uvc-4750 \" data-hspacer=\"no_spacer\"  data-halign=\"left\" style=\"text-align:left\"><div class=\"uvc-heading-spacer no_spacer\" style=\"top\"><\/div><div class=\"uvc-main-heading ult-responsive\"  data-ultimate-target='.uvc-heading.ultimate-heading-510469e3bb7ccf056 h1'  data-responsive-json-new='{\"font-size\":\"desktop:42px;\",\"line-height\":\"\"}' ><h1 style=\"--font-weight:theme;color:#ffffff;\">Palvelut Latviassa<\/h1><\/div><div class=\"uvc-sub-heading ult-responsive\"  data-ultimate-target='.uvc-heading.ultimate-heading-510469e3bb7ccf056 .uvc-sub-heading '  data-responsive-json-new='{\"font-size\":\"desktop:22px;\",\"line-height\":\"\"}'  style=\"font-weight:normal;color:#98c93c;\">Katso kaikkia palveluita tai valitse kategoria<\/div><\/div>[\/vc_column][\/vc_row][vc_row full_width=&#8221;stretch_row&#8221; equal_height=&#8221;yes&#8221;][vc_column][vc_column_text]<form data-sf-form-id='58500' data-is-rtl='0' data-maintain-state='' data-results-url='https:\/\/1office.co\/latvia\/fi\/' data-ajax-url='https:\/\/1office.co\/latvia\/fi\/?sfid=58500&amp;sf_action=get_data&amp;sf_data=all' data-ajax-form-url='https:\/\/1office.co\/latvia\/fi\/?sfid=58500&amp;sf_action=get_data&amp;sf_data=form' data-display-result-method='shortcode' data-use-history-api='1' data-template-loaded='0' data-lang-code='fi' data-ajax='1' data-ajax-data-type='json' data-ajax-links-selector='.pagination a' data-ajax-target='#search-filter-results-58500' data-ajax-pagination-type='normal' data-update-ajax-url='1' data-only-results-ajax='1' data-scroll-to-pos='0' data-init-paged='1' data-auto-update='1' data-auto-count='1' data-auto-count-refresh-mode='1' action='https:\/\/1office.co\/latvia\/fi\/' method='post' class='searchandfilter' id='search-filter-form-58500' autocomplete='off' data-instance-count='1'><ul><li class=\"sf-field-taxonomy-product_cat\" data-sf-field-name=\"_sft_product_cat\" data-sf-field-type=\"taxonomy\" data-sf-field-input-type=\"checkbox\"><h4>Services<\/h4>\t\t<ul data-operator=\"or\" class=\"\">\n\t\t\t\t\t  <li class=\"sf-level-0 sf-item-383\" data-sf-count=\"1\" data-sf-depth=\"0\"><input  class=\"sf-input-checkbox\" type=\"checkbox\" value=\"legal-services-fi\" name=\"_sft_product_cat[]\" id=\"sf-input-a6bfedd6bc823c06443882d13762c885\"><label class=\"sf-label-checkbox\" for=\"sf-input-a6bfedd6bc823c06443882d13762c885\">Juridiset palvelut<span class=\"sf-count\">(1)<\/span><\/label><\/li><li class=\"sf-level-0 sf-item-372\" data-sf-count=\"1\" data-sf-depth=\"0\"><input  class=\"sf-input-checkbox\" type=\"checkbox\" value=\"accounting-fi\" name=\"_sft_product_cat[]\" id=\"sf-input-91cd041216a4804cf56d4da317279ea0\"><label class=\"sf-label-checkbox\" for=\"sf-input-91cd041216a4804cf56d4da317279ea0\">Kirjanpito<span class=\"sf-count\">(1)<\/span><\/label><\/li><li class=\"sf-level-0 sf-item-379\" data-sf-count=\"1\" data-sf-depth=\"0\"><input  class=\"sf-input-checkbox\" type=\"checkbox\" value=\"virtual-office-fi\" name=\"_sft_product_cat[]\" id=\"sf-input-236c83a4cd9479e060626097c6ebca91\"><label class=\"sf-label-checkbox\" for=\"sf-input-236c83a4cd9479e060626097c6ebca91\">Virtuaalitoimisto<span class=\"sf-count\">(1)<\/span><\/label><\/li><li class=\"sf-level-0 sf-item-382\" data-sf-count=\"2\" data-sf-depth=\"0\"><input  class=\"sf-input-checkbox\" type=\"checkbox\" value=\"company-formation-fi\" name=\"_sft_product_cat[]\" id=\"sf-input-c0b8a82cd8d0b3f6ff68ebb1fdd4f3f7\"><label class=\"sf-label-checkbox\" for=\"sf-input-c0b8a82cd8d0b3f6ff68ebb1fdd4f3f7\">Yrityksen perustaminen<span class=\"sf-count\">(2)<\/span><\/label><\/li>\t\t<\/ul>\n\t\t<\/li><\/ul><\/form>[\/vc_column_text][vc_column_text]<div class=\"search-filter-results\" id=\"search-filter-results-58500\">\n\t<div class=\"one-blog-pagination\">\n\n\t\t<span>1 - 1 of 4 Tulokset<\/span>\n\t\t<div class=\"pagi-next\"><\/div>\n\t\t\t\t<div class=\"pagi-prev\"><\/div>\n\n\t<\/div>\n\n\t\t<div class=\"one-blog-filter one-products\">\n\t\t\t\t\t\t\t\t\t\t<div class=\"blog-shortcode scale-img one-product\">\n\t\t\t\t\t\t\t\t<div class=\"post-thumbnail woo-buttons-on-img cart-btn-on-img\">\n\t\t\t\t\t\t\t\t\t\t\t<a href=\"https:\/\/1office.co\/latvia\/fi\/tuote\/company-formation-sia-in-notarys-office\/\" title=\"Yrityksen perustaminen (SIA) yritys\" class=\"post-thumbnail-rollover\">\n\t\t\t\t\t\t\t<img loading=\"lazy\" decoding=\"async\" width=\"450\" height=\"300\" src=\"https:\/\/1office.co\/latvia\/wp-content\/uploads\/sites\/11\/2017\/08\/101693631-notarys-public-pen-and-stamp-on-testament-and-last-will-.jpg\" class=\"attachment-medium_large size-medium_large wp-post-image\" alt=\"\" srcset=\"https:\/\/1office.co\/latvia\/wp-content\/uploads\/sites\/11\/2017\/08\/101693631-notarys-public-pen-and-stamp-on-testament-and-last-will-.jpg 450w, https:\/\/1office.co\/latvia\/wp-content\/uploads\/sites\/11\/2017\/08\/101693631-notarys-public-pen-and-stamp-on-testament-and-last-will--300x200.jpg 300w\" sizes=\"auto, (max-width: 450px) 100vw, 450px\" \/>\t\t\t\t\t\t<\/a>\n\t\t\t\t\t\t\t\t\t<\/div>\n\t\t\t\t<div class=\"one-blog-content\">\n\t\t\t\t\t<div>\n\t\t\t\t\t\t\t\t\t\t\t\t\t<h2><a href=\"https:\/\/1office.co\/latvia\/fi\/tuote\/company-formation-sia-in-notarys-office\/\">Yrityksen perustaminen (SIA) yritys<\/a><\/h2>\n\t\t\t\t\t\t\t\t\t\t\t\t\t\t\t<p class=\"description\">Yrityksen perustaminen notaarin luona sopii yksityishenkil\u00f6ille ja yrityksille, jotka eiv\u00e4t halua yrityst\u00e4 perustaessaan itse t\u00e4ytt\u00e4\u00e4 latviankielisi\u00e4 asiakirjoja ja esitt\u00e4\u00e4 niit\u00e4 eri viranomaisille.<\/p>\n\t\t\t\t\t\t\t\t\t\t\t\t<\/div>\n\t\t\t\t\t\t\t\t\t<\/div>\n\n\t\t\t\t\t\t\t\t\t\t<div class=\"woo-buttons\">\n\t\t\t\t\t\t\t<span class=\"price\"><span class=\"woocommerce-Price-amount amount\"><bdi>1,190.00&nbsp;<span class=\"woocommerce-Price-currencySymbol\">&euro;<\/span><\/bdi><\/span><\/span><a href=\"\/latvia\/fi\/wp-json\/wp\/v2\/pages\/57687?add-to-cart=57850\" data-quantity=\"1\" class=\"button product_type_simple add_to_cart_button ajax_add_to_cart\" data-product_id=\"57850\" data-product_sku=\"19\" aria-label=\"Lis\u00e4\u00e4 ostoskoriin: &ldquo;Yrityksen perustaminen (SIA) yritys&rdquo;\" rel=\"nofollow\" data-success_message=\"&ldquo;Yrityksen perustaminen (SIA) yritys&rdquo; on lis\u00e4tty ostoskoriin\" role=\"button\"><span class=\"filter-popup\">Lis\u00e4\u00e4 ostoskoriin<\/span><\/a>\t\t\t\t\t\t<\/div>\t\t\t<\/div>\n\t\t\t\t\t\t\t\t<div class=\"blog-shortcode scale-img one-product\">\n\t\t\t\t\t\t\t\t<div class=\"post-thumbnail woo-buttons-on-img cart-btn-on-img\">\n\t\t\t\t\t\t\t\t\t\t\t<a href=\"https:\/\/1office.co\/latvia\/fi\/tuote\/yritysosoite-riian-keskustassa\/\" title=\"Yritysosoite Riian keskustassa\" class=\"post-thumbnail-rollover\">\n\t\t\t\t\t\t\t<img loading=\"lazy\" decoding=\"async\" width=\"768\" height=\"512\" src=\"https:\/\/1office.co\/latvia\/wp-content\/uploads\/sites\/11\/2017\/08\/virtual-office-768x512.jpg\" class=\"attachment-medium_large size-medium_large wp-post-image\" alt=\"\" srcset=\"https:\/\/1office.co\/latvia\/wp-content\/uploads\/sites\/11\/2017\/08\/virtual-office-768x512.jpg 768w, https:\/\/1office.co\/latvia\/wp-content\/uploads\/sites\/11\/2017\/08\/virtual-office-300x200.jpg 300w, https:\/\/1office.co\/latvia\/wp-content\/uploads\/sites\/11\/2017\/08\/virtual-office.jpg 800w\" sizes=\"auto, (max-width: 768px) 100vw, 768px\" \/>\t\t\t\t\t\t<\/a>\n\t\t\t\t\t\t\t\t\t<\/div>\n\t\t\t\t<div class=\"one-blog-content\">\n\t\t\t\t\t<div>\n\t\t\t\t\t\t\t\t\t\t\t\t\t<h2><a href=\"https:\/\/1office.co\/latvia\/fi\/tuote\/yritysosoite-riian-keskustassa\/\">Yritysosoite Riian keskustassa<\/a><\/h2>\n\t\t\t\t\t\t\t\t\t\t\t\t\t\t\t<p class=\"description\">Jokaisella Latviaan rekister\u00f6idyll\u00e4 yrityksell\u00e4 on oltava latvialainen yrityksen osoite.<\/p>\n\t\t\t\t\t\t\t\t\t\t\t\t<\/div>\n\t\t\t\t\t\t\t\t\t<\/div>\n\n\t\t\t\t\t\t\t\t\t\t<div class=\"woo-buttons\">\n\t\t\t\t\t\t\t<span class=\"price\"><span class=\"woocommerce-Price-amount amount\"><bdi>590.00&nbsp;<span class=\"woocommerce-Price-currencySymbol\">&euro;<\/span><\/bdi><\/span> <span class=\"subscription-details\"> \/ year<\/span><\/span><a href=\"\/latvia\/fi\/wp-json\/wp\/v2\/pages\/57687?add-to-cart=58258\" data-quantity=\"1\" class=\"button product_type_subscription add_to_cart_button ajax_add_to_cart\" data-product_id=\"58258\" data-product_sku=\"36-1\" aria-label=\"Sign up now: &ldquo;Yritysosoite Riian keskustassa&rdquo;\" rel=\"nofollow\" data-success_message=\"&ldquo;Yritysosoite Riian keskustassa&rdquo; on lis\u00e4tty ostoskoriin\" role=\"button\"><span class=\"filter-popup\">Sign up now<\/span><\/a>\t\t\t\t\t\t<\/div>\t\t\t<\/div>\n\t\t\t\t\t\t\t\t<div class=\"blog-shortcode scale-img one-product\">\n\t\t\t\t\t\t\t\t<div class=\"post-thumbnail woo-buttons-on-img cart-btn-on-img\">\n\t\t\t\t\t\t\t\t\t\t\t<a href=\"https:\/\/1office.co\/latvia\/fi\/tuote\/annual-report\/\" title=\"Tilinp\u00e4\u00e4t\u00f6s Alkaen\" class=\"post-thumbnail-rollover\">\n\t\t\t\t\t\t\t<img loading=\"lazy\" decoding=\"async\" width=\"768\" height=\"512\" src=\"https:\/\/1office.co\/latvia\/wp-content\/uploads\/sites\/11\/2017\/08\/pexels-photo-442574-768x512.jpeg\" class=\"attachment-medium_large size-medium_large wp-post-image\" alt=\"\" srcset=\"https:\/\/1office.co\/latvia\/wp-content\/uploads\/sites\/11\/2017\/08\/pexels-photo-442574-768x512.jpeg 768w, https:\/\/1office.co\/latvia\/wp-content\/uploads\/sites\/11\/2017\/08\/pexels-photo-442574-300x200.jpeg 300w, https:\/\/1office.co\/latvia\/wp-content\/uploads\/sites\/11\/2017\/08\/pexels-photo-442574-1024x683.jpeg 1024w, https:\/\/1office.co\/latvia\/wp-content\/uploads\/sites\/11\/2017\/08\/pexels-photo-442574.jpeg 1920w\" sizes=\"auto, (max-width: 768px) 100vw, 768px\" \/>\t\t\t\t\t\t<\/a>\n\t\t\t\t\t\t\t\t\t<\/div>\n\t\t\t\t<div class=\"one-blog-content\">\n\t\t\t\t\t<div>\n\t\t\t\t\t\t\t\t\t\t\t\t\t<h2><a href=\"https:\/\/1office.co\/latvia\/fi\/tuote\/annual-report\/\">Tilinp\u00e4\u00e4t\u00f6s Alkaen<\/a><\/h2>\n\t\t\t\t\t\t\t\t\t\t\t\t\t\t\t<p class=\"description\">Tilinp\u00e4\u00e4t\u00f6ksen esitt\u00e4minen kaupparekisterille (State Revenue Service) on pakollista kaikille Latviassa rekister\u00f6idyille yrityksille. Se on esitett\u00e4v\u00e4 latvian kielell\u00e4 ja virallisesti k\u00e4yt\u00f6ss\u00e4 olevassa valuutassa (euro).<\/p>\n\t\t\t\t\t\t\t\t\t\t\t\t<\/div>\n\t\t\t\t\t\t\t\t\t<\/div>\n\n\t\t\t\t\t\t\t\t\t\t<div class=\"woo-buttons\">\n\t\t\t\t\t\t\t<span class=\"price\"><span class=\"woocommerce-Price-amount amount\"><bdi>150.00&nbsp;<span class=\"woocommerce-Price-currencySymbol\">&euro;<\/span><\/bdi><\/span><\/span>\t\t\t\t\t\t\t\t<a class=\"anchor-link button\" href=\"https:\/\/1office.co\/latvia\/fi\/tuote\/annual-report\/#!\/request-quote\">Pyyd\u00e4 tarjousta<\/a>\t\t\t\t\t\t<\/div>\t\t\t<\/div>\n\t\t\t\t\t\t\t\t<div class=\"blog-shortcode scale-img one-product\">\n\t\t\t\t\t\t\t\t<div class=\"post-thumbnail woo-buttons-on-img cart-btn-on-img\">\n\t\t\t\t\t\t\t\t\t\t\t<a href=\"https:\/\/1office.co\/latvia\/fi\/tuote\/representation-by-power-of-attorney\/\" title=\"Valtakirjan perusteella edustaminen kerta\" class=\"post-thumbnail-rollover\">\n\t\t\t\t\t\t\t<img loading=\"lazy\" decoding=\"async\" width=\"600\" height=\"375\" src=\"https:\/\/1office.co\/latvia\/wp-content\/uploads\/sites\/11\/2017\/08\/homepg_our-impact.jpg\" class=\"attachment-medium_large size-medium_large wp-post-image\" alt=\"\" srcset=\"https:\/\/1office.co\/latvia\/wp-content\/uploads\/sites\/11\/2017\/08\/homepg_our-impact.jpg 600w, https:\/\/1office.co\/latvia\/wp-content\/uploads\/sites\/11\/2017\/08\/homepg_our-impact-300x188.jpg 300w\" sizes=\"auto, (max-width: 600px) 100vw, 600px\" \/>\t\t\t\t\t\t<\/a>\n\t\t\t\t\t\t\t\t\t<\/div>\n\t\t\t\t<div class=\"one-blog-content\">\n\t\t\t\t\t<div>\n\t\t\t\t\t\t\t\t\t\t\t\t\t<h2><a href=\"https:\/\/1office.co\/latvia\/fi\/tuote\/representation-by-power-of-attorney\/\">Valtakirjan perusteella edustaminen kerta<\/a><\/h2>\n\t\t\t\t\t\t\t\t\t\t\t\t\t\t\t<p class=\"description\">1Office edustaa asiakkaita valtakirjan perusteella yksityis- ja valtionvirastoissa Latviassa. Palvelu sopii asiakkaille, jotka eiv\u00e4t pysty matkustamaan Latviaan tarpeellisten toimintojen suorittamiseksi.<\/p>\n\t\t\t\t\t\t\t\t\t\t\t\t<\/div>\n\t\t\t\t\t\t\t\t\t<\/div>\n\n\t\t\t\t\t\t\t\t\t\t<div class=\"woo-buttons\">\n\t\t\t\t\t\t\t<span class=\"price\"><span class=\"woocommerce-Price-amount amount\"><bdi>275.00&nbsp;<span class=\"woocommerce-Price-currencySymbol\">&euro;<\/span><\/bdi><\/span><\/span><a href=\"\/latvia\/fi\/wp-json\/wp\/v2\/pages\/57687?add-to-cart=57856\" data-quantity=\"1\" class=\"button product_type_simple add_to_cart_button ajax_add_to_cart\" data-product_id=\"57856\" data-product_sku=\"45\" aria-label=\"Lis\u00e4\u00e4 ostoskoriin: &ldquo;Valtakirjan perusteella edustaminen kerta&rdquo;\" rel=\"nofollow\" data-success_message=\"&ldquo;Valtakirjan perusteella edustaminen kerta&rdquo; on lis\u00e4tty ostoskoriin\" role=\"button\"><span class=\"filter-popup\">Lis\u00e4\u00e4 ostoskoriin<\/span><\/a>\t\t\t\t\t\t<\/div>\t\t\t<\/div>\n\t\t\t<\/div>\n\n\t<div class=\"one-blog-pagination\">\n\n\t\t<div class=\"pagi-next\"><\/div>\n\t\t\t\t<div class=\"pagi-prev\"><\/div>\n\n\t<\/div>\n\t<\/div>[\/vc_column_text][\/vc_column][\/vc_row]<\/p>\n<\/div>","protected":false},"excerpt":{"rendered":"<p>[vc_row full_width=&#8221;stretch_row&#8221; bg_type=&#8221;image&#8221; parallax_style=&#8221;vcpb-default&#8221; bg_image_new=&#8221;id^60767|url^https:\/\/1office.co\/wp-content\/uploads\/2017\/05\/pexels-photo-3.jpg|caption^null|alt^null|title^pexels-photo (3)|description^null&#8221; bg_image_repeat=&#8221;no-repeat&#8221; bg_img_attach=&#8221;fixed&#8221; bg_image_posiiton=&#8221;0 10%&#8221; seperator_enable=&#8221;seperator_enable_value&#8221; seperator_type=&#8221;tilt_left_seperator&#8221; seperator_position=&#8221;bottom_seperator&#8221; el_class=&#8221;one-blog-head&#8221;][vc_column][\/vc_column][\/vc_row][vc_row full_width=&#8221;stretch_row&#8221; equal_height=&#8221;yes&#8221;][vc_column][vc_column_text][\/vc_column_text][vc_column_text][\/vc_column_text][\/vc_column][\/vc_row]<\/p>\n","protected":false},"author":1,"featured_media":0,"parent":0,"menu_order":10,"comment_status":"closed","ping_status":"closed","template":"","meta":{"_acf_changed":false,"inline_featured_image":false,"footnotes":"","_wp_rev_ctl_limit":""},"class_list":["post-57687","page","type-page","status-publish","hentry","description-off"],"acf":[],"yoast_head":"<!-- This site is optimized with the Yoast SEO Premium plugin v22.1 (Yoast SEO v27.0) - https:\/\/yoast.com\/product\/yoast-seo-premium-wordpress\/ -->\n<title>Latvian Services - 1Office Latvia<\/title>\n<meta name=\"description\" content=\"Please find a list of all our Latvian services we offer. All the Latvian services can be selected by categories.\" \/>\n<meta name=\"robots\" content=\"index, follow, max-snippet:-1, max-image-preview:large, max-video-preview:-1\" \/>\n<link rel=\"canonical\" href=\"https:\/\/1office.co\/latvia\/fi\/\" \/>\n<meta property=\"og:locale\" content=\"fi_FI\" \/>\n<meta property=\"og:type\" content=\"article\" \/>\n<meta property=\"og:title\" content=\"Latvian Services\" \/>\n<meta property=\"og:description\" content=\"Please find a list of all our Latvian services we offer. All the Latvian services can be selected by categories.\" \/>\n<meta property=\"og:url\" content=\"https:\/\/1office.co\/latvia\/fi\/\" \/>\n<meta property=\"og:site_name\" content=\"1Office Latvia\" \/>\n<meta property=\"article:modified_time\" content=\"2025-08-18T15:11:59+00:00\" \/>\n<meta name=\"twitter:card\" content=\"summary_large_image\" \/>\n<meta name=\"twitter:label1\" content=\"Arvioitu lukuaika\" \/>\n\t<meta name=\"twitter:data1\" content=\"1 minuutti\" \/>\n<script type=\"application\/ld+json\" class=\"yoast-schema-graph\">{\"@context\":\"https:\/\/schema.org\",\"@graph\":[{\"@type\":\"WebPage\",\"@id\":\"https:\/\/1office.co\/latvia\/fi\/\",\"url\":\"https:\/\/1office.co\/latvia\/fi\/\",\"name\":\"Latvian Services - 1Office Latvia\",\"isPartOf\":{\"@id\":\"https:\/\/1office.co\/latvia\/et\/#website\"},\"datePublished\":\"2017-12-27T08:55:15+00:00\",\"dateModified\":\"2025-08-18T15:11:59+00:00\",\"description\":\"Please find a list of all our Latvian services we offer. All the Latvian services can be selected by categories.\",\"breadcrumb\":{\"@id\":\"https:\/\/1office.co\/latvia\/fi\/#breadcrumb\"},\"inLanguage\":\"fi\",\"potentialAction\":[{\"@type\":\"ReadAction\",\"target\":[\"https:\/\/1office.co\/latvia\/fi\/\"]}]},{\"@type\":\"BreadcrumbList\",\"@id\":\"https:\/\/1office.co\/latvia\/fi\/#breadcrumb\",\"itemListElement\":[{\"@type\":\"ListItem\",\"position\":1,\"name\":\"Home\",\"item\":\"https:\/\/1office.co\/latvia\/fi\/\"},{\"@type\":\"ListItem\",\"position\":2,\"name\":\"Latvian Services\"}]},{\"@type\":\"WebSite\",\"@id\":\"https:\/\/1office.co\/latvia\/et\/#website\",\"url\":\"https:\/\/1office.co\/latvia\/et\/\",\"name\":\"1Office Latvia\",\"description\":\"Making Business Simple\",\"potentialAction\":[{\"@type\":\"SearchAction\",\"target\":{\"@type\":\"EntryPoint\",\"urlTemplate\":\"https:\/\/1office.co\/latvia\/et\/?s={search_term_string}\"},\"query-input\":{\"@type\":\"PropertyValueSpecification\",\"valueRequired\":true,\"valueName\":\"search_term_string\"}}],\"inLanguage\":\"fi\"}]}<\/script>\n<!-- \/ Yoast SEO Premium plugin. -->","yoast_head_json":{"title":"Latvian Services - 1Office Latvia","description":"Please find a list of all our Latvian services we offer. All the Latvian services can be selected by categories.","robots":{"index":"index","follow":"follow","max-snippet":"max-snippet:-1","max-image-preview":"max-image-preview:large","max-video-preview":"max-video-preview:-1"},"canonical":"https:\/\/1office.co\/latvia\/fi\/","og_locale":"fi_FI","og_type":"article","og_title":"Latvian Services","og_description":"Please find a list of all our Latvian services we offer. All the Latvian services can be selected by categories.","og_url":"https:\/\/1office.co\/latvia\/fi\/","og_site_name":"1Office Latvia","article_modified_time":"2025-08-18T15:11:59+00:00","twitter_card":"summary_large_image","twitter_misc":{"Arvioitu lukuaika":"1 minuutti"},"schema":{"@context":"https:\/\/schema.org","@graph":[{"@type":"WebPage","@id":"https:\/\/1office.co\/latvia\/fi\/","url":"https:\/\/1office.co\/latvia\/fi\/","name":"Latvian Services - 1Office Latvia","isPartOf":{"@id":"https:\/\/1office.co\/latvia\/et\/#website"},"datePublished":"2017-12-27T08:55:15+00:00","dateModified":"2025-08-18T15:11:59+00:00","description":"Please find a list of all our Latvian services we offer. All the Latvian services can be selected by categories.","breadcrumb":{"@id":"https:\/\/1office.co\/latvia\/fi\/#breadcrumb"},"inLanguage":"fi","potentialAction":[{"@type":"ReadAction","target":["https:\/\/1office.co\/latvia\/fi\/"]}]},{"@type":"BreadcrumbList","@id":"https:\/\/1office.co\/latvia\/fi\/#breadcrumb","itemListElement":[{"@type":"ListItem","position":1,"name":"Home","item":"https:\/\/1office.co\/latvia\/fi\/"},{"@type":"ListItem","position":2,"name":"Latvian Services"}]},{"@type":"WebSite","@id":"https:\/\/1office.co\/latvia\/et\/#website","url":"https:\/\/1office.co\/latvia\/et\/","name":"1Office Latvia","description":"Making Business Simple","potentialAction":[{"@type":"SearchAction","target":{"@type":"EntryPoint","urlTemplate":"https:\/\/1office.co\/latvia\/et\/?s={search_term_string}"},"query-input":{"@type":"PropertyValueSpecification","valueRequired":true,"valueName":"search_term_string"}}],"inLanguage":"fi"}]}},"_links":{"self":[{"href":"https:\/\/1office.co\/latvia\/fi\/wp-json\/wp\/v2\/pages\/57687","targetHints":{"allow":["GET"]}}],"collection":[{"href":"https:\/\/1office.co\/latvia\/fi\/wp-json\/wp\/v2\/pages"}],"about":[{"href":"https:\/\/1office.co\/latvia\/fi\/wp-json\/wp\/v2\/types\/page"}],"author":[{"embeddable":true,"href":"https:\/\/1office.co\/latvia\/fi\/wp-json\/wp\/v2\/users\/1"}],"replies":[{"embeddable":true,"href":"https:\/\/1office.co\/latvia\/fi\/wp-json\/wp\/v2\/comments?post=57687"}],"version-history":[{"count":2,"href":"https:\/\/1office.co\/latvia\/fi\/wp-json\/wp\/v2\/pages\/57687\/revisions"}],"predecessor-version":[{"id":58751,"href":"https:\/\/1office.co\/latvia\/fi\/wp-json\/wp\/v2\/pages\/57687\/revisions\/58751"}],"wp:attachment":[{"href":"https:\/\/1office.co\/latvia\/fi\/wp-json\/wp\/v2\/media?parent=57687"}],"curies":[{"name":"wp","href":"https:\/\/api.w.org\/{rel}","templated":true}]}}