{"id":57844,"date":"2017-08-10T10:40:14","date_gmt":"2017-08-10T10:40:14","guid":{"rendered":"https:\/\/1office.co\/latvia\/product\/annual-report\/"},"modified":"2021-02-02T11:34:39","modified_gmt":"2021-02-02T11:34:39","slug":"annual-report","status":"publish","type":"product","link":"https:\/\/1office.co\/latvia\/fi\/tuote\/annual-report\/","title":{"rendered":"Tilinp\u00e4\u00e4t\u00f6s Alkaen"},"content":{"rendered":"<div class=\"wpb-content-wrapper\"><p>[vc_row][vc_column]<div id=\"advanced-tabs-desc-wrap-9679\" class=\"ult_tabs product_tabs\" style=\" \" data-tabsstyle=\"style1\"\n data-titlebg=\"#ffffff\" data-titlecolor=\"#b6b8ba\" data-fullheight=\"off\"\n data-titlehoverbg=\"#ffffff\" data-titlehovercolor=\"#1d1e23\"\n data-rotatetabs=\"0\" data-responsivemode=\"Both\" data-animation=\"Slide\"\ndata-activetitle=\"#1d1e23\" data-activeicon=\"\" data-activebg=\"#ffffff\"  data-respmode=\"Tabs\" data-respwidth=\"400\" data-scroll = \"on\" data-activeindex=\"1\"><ul id=advanced-tabs-wrap-8873 class=\"ult_tabmenu style1 \" style=\"\"><li class=\"ult_tab_li  \" data-iconcolor=\"#74777b\" data-iconhover=\"#ffffff\" style=\"background-color:#ffffff;border-color:transparent;border-width:0px;border-style:solid;border-top-left-radius:8px;\">\n\t\t\t\t\t<a href=\"#1512642751410-8cbfe-4c64\"  id=\"1512642751410-8cbfe-4c64\"  style=\"color:#b6b8ba;; padding:15px; \" class=\"ult_a  \">\n\t\t\t\t\t     <span class=\"ult_tab_main Both \">\n\t\t\t\t\t \t\t <span class=\"ult_tab_section\">\n\t\t\t\t\t   \t\t\t<span  data-ultimate-target='#advanced-tabs-wrap-8873 .ult-span-text'  data-responsive-json-new='{\"font-size\":\"desktop:14px;\",\"line-height\":\"\"}'  class=\"ult-span-text no_icon ult_tab_display_text ult-responsive\" style=\"font-weight:bold;;\">KUVAUS<\/span>\n\t\t\t\t\t   \t\t<\/span>\n\t\t\t\t\t\t<\/span>\n\t\t\t\t\t<\/a>\n\t\t\t\t\t<\/li><li class=\"ult_tab_li  product-faq\" data-iconcolor=\"#74777b\" data-iconhover=\"#ffffff\" style=\"background-color:#ffffff;border-color:transparent;border-width:0px;border-style:solid;border-top-right-radius:8px;\">\n\t\t\t\t\t<a href=\"#1512642751435-8cbfe-4c64\"  id=\"1512642751435-8cbfe-4c64\"  style=\"color:#b6b8ba;; padding:15px; \" class=\"ult_a  \">\n\t\t\t\t\t     <span class=\"ult_tab_main Both \">\n\t\t\t\t\t \t\t <span class=\"ult_tab_section\">\n\t\t\t\t\t   \t\t\t<span  data-ultimate-target='#advanced-tabs-wrap-8873 .ult-span-text'  data-responsive-json-new='{\"font-size\":\"desktop:14px;\",\"line-height\":\"\"}'  class=\"ult-span-text no_icon ult_tab_display_text ult-responsive\" style=\"font-weight:bold;;\">USEIN KYSYTYT<\/span>\n\t\t\t\t\t   \t\t<\/span>\n\t\t\t\t\t\t<\/span>\n\t\t\t\t\t<\/a>\n\t\t\t\t\t<\/li><\/ul><div  data-ultimate-target='#advanced-tabs-desc-wrap-9679 .ult_tabcontent .ult_tab_min_contain  p'  data-responsive-json-new='{\"font-size\":\"\",\"line-height\":\"\"}' class=\"ult_tabcontent ult-responsive style1\" style=\"color:#74777b;\"><div class=\"ult_tab_min_contain \" >\n\t\t\t<div  class=\"ult_tabitemname\"  >\n\t\t\t\t[vc_column_text]Tilinp\u00e4\u00e4t\u00f6ksen esitt\u00e4minen on pakollista kaikille Latviassa rekister\u00f6idyille yrityksille my\u00f6s siin\u00e4 tapauksessa, ettei yrityksell\u00e4 ole ollut tilikauden aikana mit\u00e4\u00e4n liiketoimintaa. Tilinp\u00e4\u00e4t\u00f6s on tavallisesti* esitett\u00e4v\u00e4 nelj\u00e4n kuukauden kuluessa tilikauden p\u00e4\u00e4ttymisest\u00e4, eli mik\u00e4li yrityksen tilikausi p\u00e4\u00e4ttyy 31. joulukuuta, on tilinp\u00e4\u00e4t\u00f6ksen esitt\u00e4misen m\u00e4\u00e4r\u00e4aika 30. huhtikuuta.<\/p>\n<p>Ennen tilinp\u00e4\u00e4t\u00f6ksen koostamista on koko edellisen vuoden kuukausittainen kirjanpito oltava valmis.<\/p>\n<p><strong>Tilinp\u00e4\u00e4t\u00f6ksen hintaan sis\u00e4ltyy:<\/strong><\/p>\n<ul>\n<li>Tase<\/li>\n<li>Tuloslaskelma<\/li>\n<li>Selvitys rahavirroista<\/li>\n<li>Oman p\u00e4\u00e4oman muutokset<\/li>\n<li>Liitteet<\/li>\n<li>Hallituksen toimintakertomus<\/li>\n<li>Tilinp\u00e4\u00e4t\u00f6ksen esitt\u00e4minen kaupparekisterille (se on mahdollista esitt\u00e4\u00e4 s\u00e4hk\u00f6isesti k\u00e4ytt\u00e4m\u00e4ll\u00e4 kaupparekisterin s\u00e4hk\u00f6isten ilmoitusten j\u00e4rjestelm\u00e4\u00e4 EDS). Jos asiakas antaa 1Officelle p\u00e4\u00e4syn j\u00e4rjestelm\u00e4\u00e4n, voimme esitt\u00e4\u00e4 sen itse.<\/li>\n<\/ul>\n<p>Ellei edellisen vuoden kirjanpitoa ole ennalta tehty (tai se on tehty v\u00e4\u00e4rin), lis\u00e4\u00e4ntyy maksuun kirjanpit\u00e4j\u00e4n ty\u00f6 tuntitaksan mukaisesti. Tilinp\u00e4\u00e4t\u00f6ksen t\u00e4sm\u00e4llinen sis\u00e4lt\u00f6 ja muoto riippuvat yrityksen koosta ja toimialueesta.<\/p>\n<p><strong>Prosessin kuvaus:<\/strong><\/p>\n<ul>\n<li>Ellei edellisen vuoden kirjanpito ole tehty 1Officessa, on meille toimitettava kaikki kirjanpitotositteet (pankin tiliotteet, osto- ja myyntilaskut), jotta voisimme laatia hintatarjouksen<\/li>\n<li>Sovimme tarvittavasta ty\u00f6m\u00e4\u00e4r\u00e4st\u00e4, sis\u00e4ll\u00f6st\u00e4 ja t\u00e4sm\u00e4llisest\u00e4 hinnasta<\/li>\n<li>Kun olemme saaneet kaikki tarvittavat asiakirjat, laadimme niiden perusteella tilinp\u00e4\u00e4t\u00f6ksen<\/li>\n<li>Luovutamme tilinp\u00e4\u00e4t\u00f6ksen asiakkaalle rekisteriin toimittamista varten. Mik\u00e4li meille on annettu p\u00e4\u00e4sy kaupparekisteriin, teemme sen itse.<\/li>\n<li>Joillekin yrityksille on annettu poikkeuslupa esitt\u00e4\u00e4 tilinp\u00e4\u00e4t\u00f6s seitsem\u00e4n kuukauden kuluessa tilikauden p\u00e4\u00e4ttymisest\u00e4.<\/li>\n<\/ul>\n<p>[\/vc_column_text]\n\t\t\t<\/div>\n\t\t\t<div  class=\"ult_tabitemname\"  >\n\t\t\t\t[vc_toggle title=&#8221;1. Millaiset yritykset ovat velvollisia esitt\u00e4m\u00e4\u00e4n tilinp\u00e4\u00e4t\u00f6ksen?&#8221; style=&#8221;arrow&#8221; custom_font_container=&#8221;tag:h5|text_align:left&#8221; custom_use_theme_fonts=&#8221;yes&#8221; use_custom_heading=&#8221;true&#8221;]Tilinp\u00e4\u00e4t\u00f6ksen esitt\u00e4minen on pakollista kaikille Latviassa rekister\u00f6idyille yrityksille.[\/vc_toggle][vc_toggle title=&#8221;2. Mit\u00e4 tapahtuu, ellen esit\u00e4 tilinp\u00e4\u00e4t\u00f6st\u00e4?&#8221; style=&#8221;arrow&#8221; custom_font_container=&#8221;tag:h5|text_align:left&#8221; custom_use_theme_fonts=&#8221;yes&#8221; use_custom_heading=&#8221;true&#8221;]Tilinp\u00e4\u00e4t\u00f6ksen esitt\u00e4m\u00e4tt\u00e4 j\u00e4tt\u00e4misest\u00e4 voi saada sakot. Yrityksell\u00e4, joka on my\u00f6h\u00e4stynyt tilinp\u00e4\u00e4t\u00f6ksen esitt\u00e4misess\u00e4, on my\u00f6s rajoitetummat mahdollisuudet osallistua valtion hankkeisiin.[\/vc_toggle]\n\t\t\t<\/div><\/div><\/div><\/div><div class=\"ult_acord advanced-tabs-desc-wrap-9679\">\n   <div class=\"ult-tabto-accordion \" style=\"width:;\"\n    data-titlecolor=\"#b6b8ba\"  data-titlebg=\"#ffffff\"\n     data-titlehoverbg=\"#ffffff\" data-titlehovercolor=\"#1d1e23\" data-animation=\"Slide\"\n     data-activetitle=\"#1d1e23\" data-activeicon=\"\" data-activebg=\"#ffffff\" data-scroll = \"on\" data-activeindex=\"1\" >\n     <dl><dt class=\"\">\n\t        \t<a class=\"ult-tabto-actitle withBorder ult_a \" id=\"1512642751410-8cbfe-4c64\" style=\"color:#b6b8ba;;background-color:#ffffff;border-bottom-color:transparent;border-bottom-width:0px;border-bottom-style:solid;\" href=\"#1512642751410-8cbfe-4c64\">\n\t        \t\t<i class=\"accordion-icon\"><\/i>\n\t        \t\t\t<span class=\"ult_tab_main ult_ac_main ult_noacordicnBoth\">\n\n\t\t\t\t\t\t<span  data-ultimate-target='#advanced-tabs-wrap-8873 .ult-span-text'  data-responsive-json-new='{\"font-size\":\"desktop:14px;\",\"line-height\":\"\"}'  class=\"ult-span-text no_icon ult_acordian-text ult-responsive\" style=\"font-weight:bold;;color:inherit \" >KUVAUS<\/span>\n\t\t\t\t\t\t<\/span><\/a><\/dt>\n\t            \t\t<dd class=\"ult-tabto-accordionItem ult-tabto-accolapsed\">\n\t\t\t\t            <div class=\"ult-tabto-acontent\" style=\"color:#74777b;\">\n\t\t\t\t               [vc_column_text]Tilinp\u00e4\u00e4t\u00f6ksen esitt\u00e4minen on pakollista kaikille Latviassa rekister\u00f6idyille yrityksille my\u00f6s siin\u00e4 tapauksessa, ettei yrityksell\u00e4 ole ollut tilikauden aikana mit\u00e4\u00e4n liiketoimintaa. Tilinp\u00e4\u00e4t\u00f6s on tavallisesti* esitett\u00e4v\u00e4 nelj\u00e4n kuukauden kuluessa tilikauden p\u00e4\u00e4ttymisest\u00e4, eli mik\u00e4li yrityksen tilikausi p\u00e4\u00e4ttyy 31. joulukuuta, on tilinp\u00e4\u00e4t\u00f6ksen esitt\u00e4misen m\u00e4\u00e4r\u00e4aika 30. huhtikuuta.<\/p>\n<p>Ennen tilinp\u00e4\u00e4t\u00f6ksen koostamista on koko edellisen vuoden kuukausittainen kirjanpito oltava valmis.<\/p>\n<p><strong>Tilinp\u00e4\u00e4t\u00f6ksen hintaan sis\u00e4ltyy:<\/strong><\/p>\n<ul>\n<li>Tase<\/li>\n<li>Tuloslaskelma<\/li>\n<li>Selvitys rahavirroista<\/li>\n<li>Oman p\u00e4\u00e4oman muutokset<\/li>\n<li>Liitteet<\/li>\n<li>Hallituksen toimintakertomus<\/li>\n<li>Tilinp\u00e4\u00e4t\u00f6ksen esitt\u00e4minen kaupparekisterille (se on mahdollista esitt\u00e4\u00e4 s\u00e4hk\u00f6isesti k\u00e4ytt\u00e4m\u00e4ll\u00e4 kaupparekisterin s\u00e4hk\u00f6isten ilmoitusten j\u00e4rjestelm\u00e4\u00e4 EDS). Jos asiakas antaa 1Officelle p\u00e4\u00e4syn j\u00e4rjestelm\u00e4\u00e4n, voimme esitt\u00e4\u00e4 sen itse.<\/li>\n<\/ul>\n<p>Ellei edellisen vuoden kirjanpitoa ole ennalta tehty (tai se on tehty v\u00e4\u00e4rin), lis\u00e4\u00e4ntyy maksuun kirjanpit\u00e4j\u00e4n ty\u00f6 tuntitaksan mukaisesti. Tilinp\u00e4\u00e4t\u00f6ksen t\u00e4sm\u00e4llinen sis\u00e4lt\u00f6 ja muoto riippuvat yrityksen koosta ja toimialueesta.<\/p>\n<p><strong>Prosessin kuvaus:<\/strong><\/p>\n<ul>\n<li>Ellei edellisen vuoden kirjanpito ole tehty 1Officessa, on meille toimitettava kaikki kirjanpitotositteet (pankin tiliotteet, osto- ja myyntilaskut), jotta voisimme laatia hintatarjouksen<\/li>\n<li>Sovimme tarvittavasta ty\u00f6m\u00e4\u00e4r\u00e4st\u00e4, sis\u00e4ll\u00f6st\u00e4 ja t\u00e4sm\u00e4llisest\u00e4 hinnasta<\/li>\n<li>Kun olemme saaneet kaikki tarvittavat asiakirjat, laadimme niiden perusteella tilinp\u00e4\u00e4t\u00f6ksen<\/li>\n<li>Luovutamme tilinp\u00e4\u00e4t\u00f6ksen asiakkaalle rekisteriin toimittamista varten. Mik\u00e4li meille on annettu p\u00e4\u00e4sy kaupparekisteriin, teemme sen itse.<\/li>\n<li>Joillekin yrityksille on annettu poikkeuslupa esitt\u00e4\u00e4 tilinp\u00e4\u00e4t\u00f6s seitsem\u00e4n kuukauden kuluessa tilikauden p\u00e4\u00e4ttymisest\u00e4.<\/li>\n<\/ul>\n<p>[\/vc_column_text]\n\t\t\t\t            <\/div>\n\t        \t\t\t<\/dd><dt class=\"product-faq\">\n\t        \t<a class=\"ult-tabto-actitle withBorder ult_a \" id=\"1512642751435-8cbfe-4c64\" style=\"color:#b6b8ba;;background-color:#ffffff;border-bottom-color:transparent;border-bottom-width:0px;border-bottom-style:solid;border-bottom-color:transparent;border-bottom-width:0px;border-bottom-style:solid;\" href=\"#1512642751435-8cbfe-4c64\">\n\t        \t\t<i class=\"accordion-icon\"><\/i>\n\t        \t\t\t<span class=\"ult_tab_main ult_ac_main ult_noacordicnBoth\">\n\n\t\t\t\t\t\t<span  data-ultimate-target='#advanced-tabs-wrap-8873 .ult-span-text'  data-responsive-json-new='{\"font-size\":\"desktop:14px;\",\"line-height\":\"\"}'  class=\"ult-span-text no_icon ult_acordian-text ult-responsive\" style=\"font-weight:bold;;color:inherit \" >USEIN KYSYTYT<\/span>\n\t\t\t\t\t\t<\/span><\/a><\/dt>\n\t            \t\t<dd class=\"ult-tabto-accordionItem ult-tabto-accolapsed\">\n\t\t\t\t            <div class=\"ult-tabto-acontent\" style=\"color:#74777b;\">\n\t\t\t\t               [vc_toggle title=&#8221;1. Millaiset yritykset ovat velvollisia esitt\u00e4m\u00e4\u00e4n tilinp\u00e4\u00e4t\u00f6ksen?&#8221; style=&#8221;arrow&#8221; custom_font_container=&#8221;tag:h5|text_align:left&#8221; custom_use_theme_fonts=&#8221;yes&#8221; use_custom_heading=&#8221;true&#8221;]Tilinp\u00e4\u00e4t\u00f6ksen esitt\u00e4minen on pakollista kaikille Latviassa rekister\u00f6idyille yrityksille.[\/vc_toggle][vc_toggle title=&#8221;2. Mit\u00e4 tapahtuu, ellen esit\u00e4 tilinp\u00e4\u00e4t\u00f6st\u00e4?&#8221; style=&#8221;arrow&#8221; custom_font_container=&#8221;tag:h5|text_align:left&#8221; custom_use_theme_fonts=&#8221;yes&#8221; use_custom_heading=&#8221;true&#8221;]Tilinp\u00e4\u00e4t\u00f6ksen esitt\u00e4m\u00e4tt\u00e4 j\u00e4tt\u00e4misest\u00e4 voi saada sakot. Yrityksell\u00e4, joka on my\u00f6h\u00e4stynyt tilinp\u00e4\u00e4t\u00f6ksen esitt\u00e4misess\u00e4, on my\u00f6s rajoitetummat mahdollisuudet osallistua valtion hankkeisiin.[\/vc_toggle]\n\t\t\t\t            <\/div>\n\t        \t\t\t<\/dd>\n    \t<\/dl>\n    <!--<div class=\"extraborder\" style=\"background-color:#ffffff\"><\/div>-->\n<\/div>\n\n<\/div>[\/vc_column][\/vc_row]<\/p>\n<\/div>","protected":false},"excerpt":{"rendered":"<p>Tilinp\u00e4\u00e4t\u00f6ksen esitt\u00e4minen kaupparekisterille (State Revenue Service) on pakollista kaikille Latviassa rekister\u00f6idyille yrityksille. Se on esitett\u00e4v\u00e4 latvian kielell\u00e4 ja virallisesti k\u00e4yt\u00f6ss\u00e4 olevassa valuutassa (euro).<\/p>\n","protected":false},"featured_media":57438,"template":"","meta":{"_acf_changed":false,"inline_featured_image":false},"product_brand":[],"product_cat":[372],"product_tag":[373],"class_list":{"0":"post-57844","1":"product","2":"type-product","3":"status-publish","4":"has-post-thumbnail","6":"product_cat-accounting-fi","7":"product_tag-latvia-fi","8":"description-off","10":"first","11":"instock","12":"virtual","13":"taxable","14":"purchasable","15":"product-type-simple"},"bundled_by":[],"bundle_stock_status":"instock","bundle_stock_quantity":null,"bundle_virtual":false,"bundle_layout":"","bundle_add_to_cart_form_location":"","bundle_editable_in_cart":false,"bundle_sold_individually_context":"","bundle_item_grouping":"","bundle_min_size":"","bundle_max_size":"","bundle_price":[],"bundled_items":[],"bundle_sell_ids":[],"acf":[],"yoast_head":"<!-- This site is optimized with the Yoast SEO Premium plugin v22.1 (Yoast SEO v27.0) - https:\/\/yoast.com\/product\/yoast-seo-premium-wordpress\/ -->\n<title>Tilinp\u00e4\u00e4t\u00f6s Alkaen - 1Office Latvia<\/title>\n<meta name=\"description\" content=\"Every company registered in Latvia has to submit annual report to the State Revenue Service (SRS). It has to be prepared in Latvian and in the currency officially applicable in Latvia (EUR).\" \/>\n<meta name=\"robots\" content=\"index, follow, max-snippet:-1, max-image-preview:large, max-video-preview:-1\" \/>\n<link rel=\"canonical\" href=\"https:\/\/1office.co\/latvia\/fi\/tuote\/annual-report\/\" \/>\n<meta property=\"og:locale\" content=\"fi_FI\" \/>\n<meta property=\"og:type\" content=\"article\" \/>\n<meta property=\"og:title\" content=\"Tilinp\u00e4\u00e4t\u00f6s Alkaen\" \/>\n<meta property=\"og:description\" content=\"Every company registered in Latvia has to submit annual report to the State Revenue Service (SRS). It has to be prepared in Latvian and in the currency officially applicable in Latvia (EUR).\" \/>\n<meta property=\"og:url\" content=\"https:\/\/1office.co\/latvia\/fi\/tuote\/annual-report\/\" \/>\n<meta property=\"og:site_name\" content=\"1Office Latvia\" \/>\n<meta property=\"article:modified_time\" content=\"2021-02-02T11:34:39+00:00\" \/>\n<meta property=\"og:image\" content=\"https:\/\/1office.co\/latvia\/wp-content\/uploads\/sites\/11\/2017\/08\/pexels-photo-442574.jpeg\" \/>\n\t<meta property=\"og:image:width\" content=\"1920\" \/>\n\t<meta property=\"og:image:height\" content=\"1280\" \/>\n\t<meta property=\"og:image:type\" content=\"image\/jpeg\" \/>\n<meta name=\"twitter:card\" content=\"summary_large_image\" \/>\n<meta name=\"twitter:label1\" content=\"Arvioitu lukuaika\" \/>\n\t<meta name=\"twitter:data1\" content=\"2 minuuttia\" \/>\n<script type=\"application\/ld+json\" class=\"yoast-schema-graph\">{\"@context\":\"https:\/\/schema.org\",\"@graph\":[{\"@type\":\"WebPage\",\"@id\":\"https:\/\/1office.co\/latvia\/fi\/tuote\/annual-report\/\",\"url\":\"https:\/\/1office.co\/latvia\/fi\/tuote\/annual-report\/\",\"name\":\"Tilinp\u00e4\u00e4t\u00f6s Alkaen - 1Office Latvia\",\"isPartOf\":{\"@id\":\"https:\/\/1office.co\/latvia\/et\/#website\"},\"primaryImageOfPage\":{\"@id\":\"https:\/\/1office.co\/latvia\/fi\/tuote\/annual-report\/#primaryimage\"},\"image\":{\"@id\":\"https:\/\/1office.co\/latvia\/fi\/tuote\/annual-report\/#primaryimage\"},\"thumbnailUrl\":\"https:\/\/1office.co\/latvia\/wp-content\/uploads\/sites\/11\/2017\/08\/pexels-photo-442574.jpeg\",\"datePublished\":\"2017-08-10T10:40:14+00:00\",\"dateModified\":\"2021-02-02T11:34:39+00:00\",\"description\":\"Every company registered in Latvia has to submit annual report to the State Revenue Service (SRS). It has to be prepared in Latvian and in the currency officially applicable in Latvia (EUR).\",\"breadcrumb\":{\"@id\":\"https:\/\/1office.co\/latvia\/fi\/tuote\/annual-report\/#breadcrumb\"},\"inLanguage\":\"fi\",\"potentialAction\":[{\"@type\":\"ReadAction\",\"target\":[\"https:\/\/1office.co\/latvia\/fi\/tuote\/annual-report\/\"]}]},{\"@type\":\"ImageObject\",\"inLanguage\":\"fi\",\"@id\":\"https:\/\/1office.co\/latvia\/fi\/tuote\/annual-report\/#primaryimage\",\"url\":\"https:\/\/1office.co\/latvia\/wp-content\/uploads\/sites\/11\/2017\/08\/pexels-photo-442574.jpeg\",\"contentUrl\":\"https:\/\/1office.co\/latvia\/wp-content\/uploads\/sites\/11\/2017\/08\/pexels-photo-442574.jpeg\",\"width\":1920,\"height\":1280},{\"@type\":\"BreadcrumbList\",\"@id\":\"https:\/\/1office.co\/latvia\/fi\/tuote\/annual-report\/#breadcrumb\",\"itemListElement\":[{\"@type\":\"ListItem\",\"position\":1,\"name\":\"Home\",\"item\":\"https:\/\/1office.co\/latvia\/fi\/\"},{\"@type\":\"ListItem\",\"position\":2,\"name\":\"Services Shop\",\"item\":\"https:\/\/1office.co\/latvia\/services-shop\/\"},{\"@type\":\"ListItem\",\"position\":3,\"name\":\"Tilinp\u00e4\u00e4t\u00f6s Alkaen\"}]},{\"@type\":\"WebSite\",\"@id\":\"https:\/\/1office.co\/latvia\/et\/#website\",\"url\":\"https:\/\/1office.co\/latvia\/et\/\",\"name\":\"1Office Latvia\",\"description\":\"Making Business Simple\",\"potentialAction\":[{\"@type\":\"SearchAction\",\"target\":{\"@type\":\"EntryPoint\",\"urlTemplate\":\"https:\/\/1office.co\/latvia\/et\/?s={search_term_string}\"},\"query-input\":{\"@type\":\"PropertyValueSpecification\",\"valueRequired\":true,\"valueName\":\"search_term_string\"}}],\"inLanguage\":\"fi\"}]}<\/script>\n<!-- \/ Yoast SEO Premium plugin. -->","yoast_head_json":{"title":"Tilinp\u00e4\u00e4t\u00f6s Alkaen - 1Office Latvia","description":"Every company registered in Latvia has to submit annual report to the State Revenue Service (SRS). It has to be prepared in Latvian and in the currency officially applicable in Latvia (EUR).","robots":{"index":"index","follow":"follow","max-snippet":"max-snippet:-1","max-image-preview":"max-image-preview:large","max-video-preview":"max-video-preview:-1"},"canonical":"https:\/\/1office.co\/latvia\/fi\/tuote\/annual-report\/","og_locale":"fi_FI","og_type":"article","og_title":"Tilinp\u00e4\u00e4t\u00f6s Alkaen","og_description":"Every company registered in Latvia has to submit annual report to the State Revenue Service (SRS). It has to be prepared in Latvian and in the currency officially applicable in Latvia (EUR).","og_url":"https:\/\/1office.co\/latvia\/fi\/tuote\/annual-report\/","og_site_name":"1Office Latvia","article_modified_time":"2021-02-02T11:34:39+00:00","og_image":[{"width":1920,"height":1280,"url":"https:\/\/1office.co\/latvia\/wp-content\/uploads\/sites\/11\/2017\/08\/pexels-photo-442574.jpeg","type":"image\/jpeg"}],"twitter_card":"summary_large_image","twitter_misc":{"Arvioitu lukuaika":"2 minuuttia"},"schema":{"@context":"https:\/\/schema.org","@graph":[{"@type":"WebPage","@id":"https:\/\/1office.co\/latvia\/fi\/tuote\/annual-report\/","url":"https:\/\/1office.co\/latvia\/fi\/tuote\/annual-report\/","name":"Tilinp\u00e4\u00e4t\u00f6s Alkaen - 1Office Latvia","isPartOf":{"@id":"https:\/\/1office.co\/latvia\/et\/#website"},"primaryImageOfPage":{"@id":"https:\/\/1office.co\/latvia\/fi\/tuote\/annual-report\/#primaryimage"},"image":{"@id":"https:\/\/1office.co\/latvia\/fi\/tuote\/annual-report\/#primaryimage"},"thumbnailUrl":"https:\/\/1office.co\/latvia\/wp-content\/uploads\/sites\/11\/2017\/08\/pexels-photo-442574.jpeg","datePublished":"2017-08-10T10:40:14+00:00","dateModified":"2021-02-02T11:34:39+00:00","description":"Every company registered in Latvia has to submit annual report to the State Revenue Service (SRS). It has to be prepared in Latvian and in the currency officially applicable in Latvia (EUR).","breadcrumb":{"@id":"https:\/\/1office.co\/latvia\/fi\/tuote\/annual-report\/#breadcrumb"},"inLanguage":"fi","potentialAction":[{"@type":"ReadAction","target":["https:\/\/1office.co\/latvia\/fi\/tuote\/annual-report\/"]}]},{"@type":"ImageObject","inLanguage":"fi","@id":"https:\/\/1office.co\/latvia\/fi\/tuote\/annual-report\/#primaryimage","url":"https:\/\/1office.co\/latvia\/wp-content\/uploads\/sites\/11\/2017\/08\/pexels-photo-442574.jpeg","contentUrl":"https:\/\/1office.co\/latvia\/wp-content\/uploads\/sites\/11\/2017\/08\/pexels-photo-442574.jpeg","width":1920,"height":1280},{"@type":"BreadcrumbList","@id":"https:\/\/1office.co\/latvia\/fi\/tuote\/annual-report\/#breadcrumb","itemListElement":[{"@type":"ListItem","position":1,"name":"Home","item":"https:\/\/1office.co\/latvia\/fi\/"},{"@type":"ListItem","position":2,"name":"Services Shop","item":"https:\/\/1office.co\/latvia\/services-shop\/"},{"@type":"ListItem","position":3,"name":"Tilinp\u00e4\u00e4t\u00f6s Alkaen"}]},{"@type":"WebSite","@id":"https:\/\/1office.co\/latvia\/et\/#website","url":"https:\/\/1office.co\/latvia\/et\/","name":"1Office Latvia","description":"Making Business Simple","potentialAction":[{"@type":"SearchAction","target":{"@type":"EntryPoint","urlTemplate":"https:\/\/1office.co\/latvia\/et\/?s={search_term_string}"},"query-input":{"@type":"PropertyValueSpecification","valueRequired":true,"valueName":"search_term_string"}}],"inLanguage":"fi"}]}},"_links":{"self":[{"href":"https:\/\/1office.co\/latvia\/fi\/wp-json\/wp\/v2\/product\/57844","targetHints":{"allow":["GET"]}}],"collection":[{"href":"https:\/\/1office.co\/latvia\/fi\/wp-json\/wp\/v2\/product"}],"about":[{"href":"https:\/\/1office.co\/latvia\/fi\/wp-json\/wp\/v2\/types\/product"}],"wp:featuredmedia":[{"embeddable":true,"href":"https:\/\/1office.co\/latvia\/fi\/wp-json\/wp\/v2\/media\/57438"}],"wp:attachment":[{"href":"https:\/\/1office.co\/latvia\/fi\/wp-json\/wp\/v2\/media?parent=57844"}],"wp:term":[{"taxonomy":"product_brand","embeddable":true,"href":"https:\/\/1office.co\/latvia\/fi\/wp-json\/wp\/v2\/product_brand?post=57844"},{"taxonomy":"product_cat","embeddable":true,"href":"https:\/\/1office.co\/latvia\/fi\/wp-json\/wp\/v2\/product_cat?post=57844"},{"taxonomy":"product_tag","embeddable":true,"href":"https:\/\/1office.co\/latvia\/fi\/wp-json\/wp\/v2\/product_tag?post=57844"}],"curies":[{"name":"wp","href":"https:\/\/api.w.org\/{rel}","templated":true}]}}