{"id":57848,"date":"2017-08-10T10:40:19","date_gmt":"2017-08-10T10:40:19","guid":{"rendered":"https:\/\/1office.co\/latvia\/product\/legal-address-in-the-centre-of-riga-brivibas-iela-40-26a-riga-lv-1050\/"},"modified":"2020-02-04T12:43:35","modified_gmt":"2020-02-04T12:43:35","slug":"legal-address-in-the-centre-of-riga-brivibas-iela-40-26a-riga-lv-1050-2","status":"publish","type":"product","link":"https:\/\/1office.co\/latvia\/fi\/tuote\/legal-address-in-the-centre-of-riga-brivibas-iela-40-26a-riga-lv-1050-2\/","title":{"rendered":"Yrityksen osoite (Br\u012bv\u012bbas iela 40 \u2013 26A, Riika, LV-1050) vuotta"},"content":{"rendered":"<div class=\"wpb-content-wrapper\"><p>[vc_row][vc_column]<div id=\"advanced-tabs-desc-wrap-6502\" class=\"ult_tabs product_tabs\" style=\" \" data-tabsstyle=\"style1\"\n data-titlebg=\"#ffffff\" data-titlecolor=\"#b6b8ba\" data-fullheight=\"off\"\n data-titlehoverbg=\"#ffffff\" data-titlehovercolor=\"#1d1e23\"\n data-rotatetabs=\"0\" data-responsivemode=\"Both\" data-animation=\"Slide\"\ndata-activetitle=\"#1d1e23\" data-activeicon=\"\" data-activebg=\"#ffffff\"  data-respmode=\"Tabs\" data-respwidth=\"400\" data-scroll = \"on\" data-activeindex=\"1\"><ul id=advanced-tabs-wrap-9140 class=\"ult_tabmenu style1 \" style=\"\"><li class=\"ult_tab_li  \" data-iconcolor=\"#74777b\" data-iconhover=\"#ffffff\" style=\"background-color:#ffffff;border-color:transparent;border-width:0px;border-style:solid;border-top-right-radius:8px;\">\n\t\t\t\t\t<a href=\"#1512642751410-8baea-301a\"  id=\"1512642751410-8baea-301a\"  style=\"color:#b6b8ba;; padding:15px; \" class=\"ult_a  \">\n\t\t\t\t\t     <span class=\"ult_tab_main Both \">\n\t\t\t\t\t \t\t <span class=\"ult_tab_section\">\n\t\t\t\t\t   \t\t\t<span  data-ultimate-target='#advanced-tabs-wrap-9140 .ult-span-text'  data-responsive-json-new='{\"font-size\":\"desktop:14px;\",\"line-height\":\"\"}'  class=\"ult-span-text no_icon ult_tab_display_text ult-responsive\" style=\"font-weight:bold;;\">KUVAUS<\/span>\n\t\t\t\t\t   \t\t<\/span>\n\t\t\t\t\t\t<\/span>\n\t\t\t\t\t<\/a>\n\t\t\t\t\t<\/li><\/ul><div  data-ultimate-target='#advanced-tabs-desc-wrap-6502 .ult_tabcontent .ult_tab_min_contain  p'  data-responsive-json-new='{\"font-size\":\"\",\"line-height\":\"\"}' class=\"ult_tabcontent ult-responsive style1\" style=\"color:#74777b;\"><div class=\"ult_tab_min_contain \" >\n\t\t\t<div  class=\"ult_tabitemname\"  >\n\t\t\t\t[vc_column_text]Hintaan sis\u00e4ltyy:<\/p>\n<ul>\n<li>Juridinen osoite yrityksen rekister\u00f6inti\u00e4 varten<\/li>\n<li>Yritysosoite postin saamiseksi<\/li>\n<li>Postin lajittelu ja l\u00e4hett\u00e4minen s\u00e4hk\u00f6postiin \/ avaamattoman postin edelleen l\u00e4hett\u00e4minen (palveluun lis\u00e4\u00e4ntyv\u00e4t postituskulut)<\/li>\n<\/ul>\n<p>[\/vc_column_text]\n\t\t\t<\/div><\/div><\/div><\/div><div class=\"ult_acord advanced-tabs-desc-wrap-6502\">\n   <div class=\"ult-tabto-accordion \" style=\"width:;\"\n    data-titlecolor=\"#b6b8ba\"  data-titlebg=\"#ffffff\"\n     data-titlehoverbg=\"#ffffff\" data-titlehovercolor=\"#1d1e23\" data-animation=\"Slide\"\n     data-activetitle=\"#1d1e23\" data-activeicon=\"\" data-activebg=\"#ffffff\" data-scroll = \"on\" data-activeindex=\"1\" >\n     <dl><dt class=\"\">\n\t        \t<a class=\"ult-tabto-actitle withBorder ult_a \" id=\"1512642751410-8baea-301a\" style=\"color:#b6b8ba;;background-color:#ffffff;border-bottom-color:transparent;border-bottom-width:0px;border-bottom-style:solid;\" href=\"#1512642751410-8baea-301a\">\n\t        \t\t<i class=\"accordion-icon\"><\/i>\n\t        \t\t\t<span class=\"ult_tab_main ult_ac_main ult_noacordicnBoth\">\n\n\t\t\t\t\t\t<span  data-ultimate-target='#advanced-tabs-wrap-9140 .ult-span-text'  data-responsive-json-new='{\"font-size\":\"desktop:14px;\",\"line-height\":\"\"}'  class=\"ult-span-text no_icon ult_acordian-text ult-responsive\" style=\"font-weight:bold;;color:inherit \" >KUVAUS<\/span>\n\t\t\t\t\t\t<\/span><\/a><\/dt>\n\t            \t\t<dd class=\"ult-tabto-accordionItem ult-tabto-accolapsed\">\n\t\t\t\t            <div class=\"ult-tabto-acontent\" style=\"color:#74777b;\">\n\t\t\t\t               [vc_column_text]Hintaan sis\u00e4ltyy:<\/p>\n<ul>\n<li>Juridinen osoite yrityksen rekister\u00f6inti\u00e4 varten<\/li>\n<li>Yritysosoite postin saamiseksi<\/li>\n<li>Postin lajittelu ja l\u00e4hett\u00e4minen s\u00e4hk\u00f6postiin \/ avaamattoman postin edelleen l\u00e4hett\u00e4minen (palveluun lis\u00e4\u00e4ntyv\u00e4t postituskulut)<\/li>\n<\/ul>\n<p>[\/vc_column_text]\n\t\t\t\t            <\/div>\n\t        \t\t\t<\/dd>\n    \t<\/dl>\n    <!--<div class=\"extraborder\" style=\"background-color:#ffffff\"><\/div>-->\n<\/div>\n\n<\/div>[\/vc_column][\/vc_row]<\/p>\n<\/div>","protected":false},"excerpt":{"rendered":"<p>Jokaisella Latviaan rekister\u00f6idyll\u00e4 yrityksell\u00e4 on oltava latvialainen yrityksen osoite.<\/p>\n","protected":false},"featured_media":53905,"template":"","meta":{"_acf_changed":false,"inline_featured_image":false},"product_brand":[],"product_cat":[385],"product_tag":[373],"class_list":{"0":"post-57848","1":"product","2":"type-product","3":"status-publish","4":"has-post-thumbnail","6":"product_cat-uncategorized-fi","7":"product_tag-latvia-fi","8":"description-off","10":"first","11":"instock","12":"taxable","13":"shipping-taxable","14":"purchasable","15":"product-type-simple"},"bundled_by":[],"bundle_stock_status":"instock","bundle_stock_quantity":null,"bundle_virtual":false,"bundle_layout":"","bundle_add_to_cart_form_location":"","bundle_editable_in_cart":false,"bundle_sold_individually_context":"","bundle_item_grouping":"","bundle_min_size":"","bundle_max_size":"","bundle_price":[],"bundled_items":[],"bundle_sell_ids":[],"acf":[],"yoast_head":"<!-- This site is optimized with the Yoast SEO Premium plugin v22.1 (Yoast SEO v27.0) - https:\/\/yoast.com\/product\/yoast-seo-premium-wordpress\/ -->\n<title>Yrityksen osoite (Br\u012bv\u012bbas iela 40 \u2013 26A, Riika, LV-1050) vuotta - 1Office Latvia<\/title>\n<meta name=\"description\" content=\"Every company registered in Latvia needs to have a local legal address.\" \/>\n<meta name=\"robots\" content=\"noindex, follow\" \/>\n<meta property=\"og:locale\" content=\"fi_FI\" \/>\n<meta property=\"og:type\" content=\"article\" \/>\n<meta property=\"og:title\" content=\"Yrityksen osoite (Br\u012bv\u012bbas iela 40 \u2013 26A, Riika, LV-1050) vuotta\" \/>\n<meta property=\"og:description\" content=\"Every company registered in Latvia needs to have a local legal address.\" \/>\n<meta property=\"og:url\" content=\"https:\/\/1office.co\/latvia\/fi\/tuote\/legal-address-in-the-centre-of-riga-brivibas-iela-40-26a-riga-lv-1050-2\/\" \/>\n<meta property=\"og:site_name\" content=\"1Office Latvia\" \/>\n<meta property=\"article:modified_time\" content=\"2020-02-04T12:43:35+00:00\" \/>\n<meta property=\"og:image\" content=\"https:\/\/1office.co\/latvia\/wp-content\/uploads\/sites\/11\/2017\/08\/virtual-office.jpg\" \/>\n\t<meta property=\"og:image:width\" content=\"800\" \/>\n\t<meta property=\"og:image:height\" content=\"533\" \/>\n\t<meta property=\"og:image:type\" content=\"image\/jpeg\" \/>\n<meta name=\"twitter:card\" content=\"summary_large_image\" \/>\n<meta name=\"twitter:label1\" content=\"Arvioitu lukuaika\" \/>\n\t<meta name=\"twitter:data1\" content=\"1 minuutti\" \/>\n<script type=\"application\/ld+json\" class=\"yoast-schema-graph\">{\"@context\":\"https:\/\/schema.org\",\"@graph\":[{\"@type\":\"WebPage\",\"@id\":\"https:\/\/1office.co\/latvia\/fi\/tuote\/legal-address-in-the-centre-of-riga-brivibas-iela-40-26a-riga-lv-1050-2\/\",\"url\":\"https:\/\/1office.co\/latvia\/fi\/tuote\/legal-address-in-the-centre-of-riga-brivibas-iela-40-26a-riga-lv-1050-2\/\",\"name\":\"Yrityksen osoite (Br\u012bv\u012bbas iela 40 \u2013 26A, Riika, LV-1050) vuotta - 1Office Latvia\",\"isPartOf\":{\"@id\":\"https:\/\/1office.co\/latvia\/et\/#website\"},\"primaryImageOfPage\":{\"@id\":\"https:\/\/1office.co\/latvia\/fi\/tuote\/legal-address-in-the-centre-of-riga-brivibas-iela-40-26a-riga-lv-1050-2\/#primaryimage\"},\"image\":{\"@id\":\"https:\/\/1office.co\/latvia\/fi\/tuote\/legal-address-in-the-centre-of-riga-brivibas-iela-40-26a-riga-lv-1050-2\/#primaryimage\"},\"thumbnailUrl\":\"https:\/\/1office.co\/latvia\/wp-content\/uploads\/sites\/11\/2017\/08\/virtual-office.jpg\",\"datePublished\":\"2017-08-10T10:40:19+00:00\",\"dateModified\":\"2020-02-04T12:43:35+00:00\",\"description\":\"Every company registered in Latvia needs to have a local legal address.\",\"breadcrumb\":{\"@id\":\"https:\/\/1office.co\/latvia\/fi\/tuote\/legal-address-in-the-centre-of-riga-brivibas-iela-40-26a-riga-lv-1050-2\/#breadcrumb\"},\"inLanguage\":\"fi\",\"potentialAction\":[{\"@type\":\"ReadAction\",\"target\":[\"https:\/\/1office.co\/latvia\/fi\/tuote\/legal-address-in-the-centre-of-riga-brivibas-iela-40-26a-riga-lv-1050-2\/\"]}]},{\"@type\":\"ImageObject\",\"inLanguage\":\"fi\",\"@id\":\"https:\/\/1office.co\/latvia\/fi\/tuote\/legal-address-in-the-centre-of-riga-brivibas-iela-40-26a-riga-lv-1050-2\/#primaryimage\",\"url\":\"https:\/\/1office.co\/latvia\/wp-content\/uploads\/sites\/11\/2017\/08\/virtual-office.jpg\",\"contentUrl\":\"https:\/\/1office.co\/latvia\/wp-content\/uploads\/sites\/11\/2017\/08\/virtual-office.jpg\",\"width\":800,\"height\":533},{\"@type\":\"BreadcrumbList\",\"@id\":\"https:\/\/1office.co\/latvia\/fi\/tuote\/legal-address-in-the-centre-of-riga-brivibas-iela-40-26a-riga-lv-1050-2\/#breadcrumb\",\"itemListElement\":[{\"@type\":\"ListItem\",\"position\":1,\"name\":\"Home\",\"item\":\"https:\/\/1office.co\/latvia\/fi\/\"},{\"@type\":\"ListItem\",\"position\":2,\"name\":\"Services Shop\",\"item\":\"https:\/\/1office.co\/latvia\/services-shop\/\"},{\"@type\":\"ListItem\",\"position\":3,\"name\":\"Yrityksen osoite (Br\u012bv\u012bbas iela 40 \u2013 26A, Riika, LV-1050) vuotta\"}]},{\"@type\":\"WebSite\",\"@id\":\"https:\/\/1office.co\/latvia\/et\/#website\",\"url\":\"https:\/\/1office.co\/latvia\/et\/\",\"name\":\"1Office Latvia\",\"description\":\"Making Business Simple\",\"potentialAction\":[{\"@type\":\"SearchAction\",\"target\":{\"@type\":\"EntryPoint\",\"urlTemplate\":\"https:\/\/1office.co\/latvia\/et\/?s={search_term_string}\"},\"query-input\":{\"@type\":\"PropertyValueSpecification\",\"valueRequired\":true,\"valueName\":\"search_term_string\"}}],\"inLanguage\":\"fi\"}]}<\/script>\n<!-- \/ Yoast SEO Premium plugin. -->","yoast_head_json":{"title":"Yrityksen osoite (Br\u012bv\u012bbas iela 40 \u2013 26A, Riika, LV-1050) vuotta - 1Office Latvia","description":"Every company registered in Latvia needs to have a local legal address.","robots":{"index":"noindex","follow":"follow"},"og_locale":"fi_FI","og_type":"article","og_title":"Yrityksen osoite (Br\u012bv\u012bbas iela 40 \u2013 26A, Riika, LV-1050) vuotta","og_description":"Every company registered in Latvia needs to have a local legal address.","og_url":"https:\/\/1office.co\/latvia\/fi\/tuote\/legal-address-in-the-centre-of-riga-brivibas-iela-40-26a-riga-lv-1050-2\/","og_site_name":"1Office Latvia","article_modified_time":"2020-02-04T12:43:35+00:00","og_image":[{"width":800,"height":533,"url":"https:\/\/1office.co\/latvia\/wp-content\/uploads\/sites\/11\/2017\/08\/virtual-office.jpg","type":"image\/jpeg"}],"twitter_card":"summary_large_image","twitter_misc":{"Arvioitu lukuaika":"1 minuutti"},"schema":{"@context":"https:\/\/schema.org","@graph":[{"@type":"WebPage","@id":"https:\/\/1office.co\/latvia\/fi\/tuote\/legal-address-in-the-centre-of-riga-brivibas-iela-40-26a-riga-lv-1050-2\/","url":"https:\/\/1office.co\/latvia\/fi\/tuote\/legal-address-in-the-centre-of-riga-brivibas-iela-40-26a-riga-lv-1050-2\/","name":"Yrityksen osoite (Br\u012bv\u012bbas iela 40 \u2013 26A, Riika, LV-1050) vuotta - 1Office Latvia","isPartOf":{"@id":"https:\/\/1office.co\/latvia\/et\/#website"},"primaryImageOfPage":{"@id":"https:\/\/1office.co\/latvia\/fi\/tuote\/legal-address-in-the-centre-of-riga-brivibas-iela-40-26a-riga-lv-1050-2\/#primaryimage"},"image":{"@id":"https:\/\/1office.co\/latvia\/fi\/tuote\/legal-address-in-the-centre-of-riga-brivibas-iela-40-26a-riga-lv-1050-2\/#primaryimage"},"thumbnailUrl":"https:\/\/1office.co\/latvia\/wp-content\/uploads\/sites\/11\/2017\/08\/virtual-office.jpg","datePublished":"2017-08-10T10:40:19+00:00","dateModified":"2020-02-04T12:43:35+00:00","description":"Every company registered in Latvia needs to have a local legal address.","breadcrumb":{"@id":"https:\/\/1office.co\/latvia\/fi\/tuote\/legal-address-in-the-centre-of-riga-brivibas-iela-40-26a-riga-lv-1050-2\/#breadcrumb"},"inLanguage":"fi","potentialAction":[{"@type":"ReadAction","target":["https:\/\/1office.co\/latvia\/fi\/tuote\/legal-address-in-the-centre-of-riga-brivibas-iela-40-26a-riga-lv-1050-2\/"]}]},{"@type":"ImageObject","inLanguage":"fi","@id":"https:\/\/1office.co\/latvia\/fi\/tuote\/legal-address-in-the-centre-of-riga-brivibas-iela-40-26a-riga-lv-1050-2\/#primaryimage","url":"https:\/\/1office.co\/latvia\/wp-content\/uploads\/sites\/11\/2017\/08\/virtual-office.jpg","contentUrl":"https:\/\/1office.co\/latvia\/wp-content\/uploads\/sites\/11\/2017\/08\/virtual-office.jpg","width":800,"height":533},{"@type":"BreadcrumbList","@id":"https:\/\/1office.co\/latvia\/fi\/tuote\/legal-address-in-the-centre-of-riga-brivibas-iela-40-26a-riga-lv-1050-2\/#breadcrumb","itemListElement":[{"@type":"ListItem","position":1,"name":"Home","item":"https:\/\/1office.co\/latvia\/fi\/"},{"@type":"ListItem","position":2,"name":"Services Shop","item":"https:\/\/1office.co\/latvia\/services-shop\/"},{"@type":"ListItem","position":3,"name":"Yrityksen osoite (Br\u012bv\u012bbas iela 40 \u2013 26A, Riika, LV-1050) vuotta"}]},{"@type":"WebSite","@id":"https:\/\/1office.co\/latvia\/et\/#website","url":"https:\/\/1office.co\/latvia\/et\/","name":"1Office Latvia","description":"Making Business Simple","potentialAction":[{"@type":"SearchAction","target":{"@type":"EntryPoint","urlTemplate":"https:\/\/1office.co\/latvia\/et\/?s={search_term_string}"},"query-input":{"@type":"PropertyValueSpecification","valueRequired":true,"valueName":"search_term_string"}}],"inLanguage":"fi"}]}},"_links":{"self":[{"href":"https:\/\/1office.co\/latvia\/fi\/wp-json\/wp\/v2\/product\/57848","targetHints":{"allow":["GET"]}}],"collection":[{"href":"https:\/\/1office.co\/latvia\/fi\/wp-json\/wp\/v2\/product"}],"about":[{"href":"https:\/\/1office.co\/latvia\/fi\/wp-json\/wp\/v2\/types\/product"}],"wp:featuredmedia":[{"embeddable":true,"href":"https:\/\/1office.co\/latvia\/fi\/wp-json\/wp\/v2\/media\/53905"}],"wp:attachment":[{"href":"https:\/\/1office.co\/latvia\/fi\/wp-json\/wp\/v2\/media?parent=57848"}],"wp:term":[{"taxonomy":"product_brand","embeddable":true,"href":"https:\/\/1office.co\/latvia\/fi\/wp-json\/wp\/v2\/product_brand?post=57848"},{"taxonomy":"product_cat","embeddable":true,"href":"https:\/\/1office.co\/latvia\/fi\/wp-json\/wp\/v2\/product_cat?post=57848"},{"taxonomy":"product_tag","embeddable":true,"href":"https:\/\/1office.co\/latvia\/fi\/wp-json\/wp\/v2\/product_tag?post=57848"}],"curies":[{"name":"wp","href":"https:\/\/api.w.org\/{rel}","templated":true}]}}