{"id":57850,"date":"2017-08-10T08:34:10","date_gmt":"2017-08-10T08:34:10","guid":{"rendered":"https:\/\/1office.co\/latvia\/product\/company-formation-sia-in-notarys-office\/"},"modified":"2018-09-14T08:20:14","modified_gmt":"2018-09-14T08:20:14","slug":"company-formation-sia-in-notarys-office","status":"publish","type":"product","link":"https:\/\/1office.co\/latvia\/fi\/tuote\/company-formation-sia-in-notarys-office\/","title":{"rendered":"Yrityksen perustaminen (SIA) yritys"},"content":{"rendered":"<div class=\"wpb-content-wrapper\"><p>[vc_row][vc_column]<div id=\"advanced-tabs-desc-wrap-4890\" class=\"ult_tabs product_tabs\" style=\" \" data-tabsstyle=\"style1\"\n data-titlebg=\"#ffffff\" data-titlecolor=\"#b6b8ba\" data-fullheight=\"off\"\n data-titlehoverbg=\"#ffffff\" data-titlehovercolor=\"#1d1e23\"\n data-rotatetabs=\"0\" data-responsivemode=\"Both\" data-animation=\"Slide\"\ndata-activetitle=\"#1d1e23\" data-activeicon=\"\" data-activebg=\"#ffffff\"  data-respmode=\"Tabs\" data-respwidth=\"400\" data-scroll = \"on\" data-activeindex=\"1\"><ul id=advanced-tabs-wrap-5092 class=\"ult_tabmenu style1 \" style=\"\"><li class=\"ult_tab_li  \" data-iconcolor=\"#74777b\" data-iconhover=\"#ffffff\" style=\"background-color:#ffffff;border-color:transparent;border-width:0px;border-style:solid;border-top-right-radius:8px;\">\n\t\t\t\t\t<a href=\"#1512642751410-8ee0b-c3ff\"  id=\"1512642751410-8ee0b-c3ff\"  style=\"color:#b6b8ba;; padding:15px; \" class=\"ult_a  \">\n\t\t\t\t\t     <span class=\"ult_tab_main Both \">\n\t\t\t\t\t \t\t <span class=\"ult_tab_section\">\n\t\t\t\t\t   \t\t\t<span  data-ultimate-target='#advanced-tabs-wrap-5092 .ult-span-text'  data-responsive-json-new='{\"font-size\":\"desktop:14px;\",\"line-height\":\"\"}'  class=\"ult-span-text no_icon ult_tab_display_text ult-responsive\" style=\"font-weight:bold;;\">KUVAUS<\/span>\n\t\t\t\t\t   \t\t<\/span>\n\t\t\t\t\t\t<\/span>\n\t\t\t\t\t<\/a>\n\t\t\t\t\t<\/li><\/ul><div  data-ultimate-target='#advanced-tabs-desc-wrap-4890 .ult_tabcontent .ult_tab_min_contain  p'  data-responsive-json-new='{\"font-size\":\"\",\"line-height\":\"\"}' class=\"ult_tabcontent ult-responsive style1\" style=\"color:#74777b;\"><div class=\"ult_tab_min_contain \" >\n\t\t\t<div  class=\"ult_tabitemname\"  >\n\t\t\t\t[vc_column_text]Yrityksen perustaminen notaarin luona 1Officen edustajan avustamana. Vaihtoehtoisena mahdollisuutena on mahdollista allekirjoittaa perustamisasiakirjat my\u00f6s jossain muussa maassa sijaitsevan notaarin luona ja l\u00e4hett\u00e4\u00e4 alkuper\u00e4isasiakirjat postin kautta Latviaan.<\/p>\n<p><strong>Hintaan sis\u00e4ltyy:<\/strong><\/p>\n<ul>\n<li>Notaariajan varaaminen<\/li>\n<li>Perustamisasiakirjojen valmistelu<\/li>\n<li>Valtion leimavero<\/li>\n<li>Notaarin palkkiot<\/li>\n<li>Perustamisasiakirjojen esitt\u00e4minen kaupparekisteriin<\/li>\n<\/ul>\n<p>Palvelun k\u00e4ytt\u00e4mist\u00e4 varten on perustajan oltava itse l\u00e4sn\u00e4 notaarin luona tai valtuutettava 1Officen edustaja edustamaan itse\u00e4\u00e4n lis\u00e4maksua vastaan.<\/p>\n<p><strong>Prosessin kuvaus:<\/strong><\/p>\n<ul>\n<li>Oston suorittamisen j\u00e4lkeen valmistelemme asiakkaalta saatujen tietojen perusteella yhden ty\u00f6p\u00e4iv\u00e4n aikana tarvittavat asiakirjat ja l\u00e4het\u00e4mme ne s\u00e4hk\u00f6postitse asiakkaalle.<\/li>\n<li>Asiakas allekirjoittaa asiakirjat notaarin luona omassa kotimaassaan (tai Riiassa) ja l\u00e4hett\u00e4\u00e4 alkuper\u00e4isasiakirjat postilla 1Officeen takaisin.<\/li>\n<li>Mik\u00e4li asiakirjoja ei ole legalisoitu latvian kielell\u00e4, on tilattava lis\u00e4maksua vastaan sertifioitu k\u00e4\u00e4nn\u00f6s.<\/li>\n<li>Esit\u00e4mme asiakirjat kaupparekisteriin. Yrityksen rekister\u00f6imiseen saattaa kulua maks. 5 ty\u00f6p\u00e4iv\u00e4\u00e4.<\/li>\n<li>Yrityksen rekister\u00f6imisen j\u00e4lkeen voimme suositella yrityksen tilin avaamiseksi sopivaa pankkia ja asiakkaan valtakirjan perusteella edustaa h\u00e4nt\u00e4, mutta emme voi taata pankkitilin avaamista, koska p\u00e4\u00e4t\u00f6ksen tekee pankki.<\/li>\n<\/ul>\n<p>[\/vc_column_text]\n\t\t\t<\/div><\/div><\/div><\/div><div class=\"ult_acord advanced-tabs-desc-wrap-4890\">\n   <div class=\"ult-tabto-accordion \" style=\"width:;\"\n    data-titlecolor=\"#b6b8ba\"  data-titlebg=\"#ffffff\"\n     data-titlehoverbg=\"#ffffff\" data-titlehovercolor=\"#1d1e23\" data-animation=\"Slide\"\n     data-activetitle=\"#1d1e23\" data-activeicon=\"\" data-activebg=\"#ffffff\" data-scroll = \"on\" data-activeindex=\"1\" >\n     <dl><dt class=\"\">\n\t        \t<a class=\"ult-tabto-actitle withBorder ult_a \" id=\"1512642751410-8ee0b-c3ff\" style=\"color:#b6b8ba;;background-color:#ffffff;border-bottom-color:transparent;border-bottom-width:0px;border-bottom-style:solid;\" href=\"#1512642751410-8ee0b-c3ff\">\n\t        \t\t<i class=\"accordion-icon\"><\/i>\n\t        \t\t\t<span class=\"ult_tab_main ult_ac_main ult_noacordicnBoth\">\n\n\t\t\t\t\t\t<span  data-ultimate-target='#advanced-tabs-wrap-5092 .ult-span-text'  data-responsive-json-new='{\"font-size\":\"desktop:14px;\",\"line-height\":\"\"}'  class=\"ult-span-text no_icon ult_acordian-text ult-responsive\" style=\"font-weight:bold;;color:inherit \" >KUVAUS<\/span>\n\t\t\t\t\t\t<\/span><\/a><\/dt>\n\t            \t\t<dd class=\"ult-tabto-accordionItem ult-tabto-accolapsed\">\n\t\t\t\t            <div class=\"ult-tabto-acontent\" style=\"color:#74777b;\">\n\t\t\t\t               [vc_column_text]Yrityksen perustaminen notaarin luona 1Officen edustajan avustamana. Vaihtoehtoisena mahdollisuutena on mahdollista allekirjoittaa perustamisasiakirjat my\u00f6s jossain muussa maassa sijaitsevan notaarin luona ja l\u00e4hett\u00e4\u00e4 alkuper\u00e4isasiakirjat postin kautta Latviaan.<\/p>\n<p><strong>Hintaan sis\u00e4ltyy:<\/strong><\/p>\n<ul>\n<li>Notaariajan varaaminen<\/li>\n<li>Perustamisasiakirjojen valmistelu<\/li>\n<li>Valtion leimavero<\/li>\n<li>Notaarin palkkiot<\/li>\n<li>Perustamisasiakirjojen esitt\u00e4minen kaupparekisteriin<\/li>\n<\/ul>\n<p>Palvelun k\u00e4ytt\u00e4mist\u00e4 varten on perustajan oltava itse l\u00e4sn\u00e4 notaarin luona tai valtuutettava 1Officen edustaja edustamaan itse\u00e4\u00e4n lis\u00e4maksua vastaan.<\/p>\n<p><strong>Prosessin kuvaus:<\/strong><\/p>\n<ul>\n<li>Oston suorittamisen j\u00e4lkeen valmistelemme asiakkaalta saatujen tietojen perusteella yhden ty\u00f6p\u00e4iv\u00e4n aikana tarvittavat asiakirjat ja l\u00e4het\u00e4mme ne s\u00e4hk\u00f6postitse asiakkaalle.<\/li>\n<li>Asiakas allekirjoittaa asiakirjat notaarin luona omassa kotimaassaan (tai Riiassa) ja l\u00e4hett\u00e4\u00e4 alkuper\u00e4isasiakirjat postilla 1Officeen takaisin.<\/li>\n<li>Mik\u00e4li asiakirjoja ei ole legalisoitu latvian kielell\u00e4, on tilattava lis\u00e4maksua vastaan sertifioitu k\u00e4\u00e4nn\u00f6s.<\/li>\n<li>Esit\u00e4mme asiakirjat kaupparekisteriin. Yrityksen rekister\u00f6imiseen saattaa kulua maks. 5 ty\u00f6p\u00e4iv\u00e4\u00e4.<\/li>\n<li>Yrityksen rekister\u00f6imisen j\u00e4lkeen voimme suositella yrityksen tilin avaamiseksi sopivaa pankkia ja asiakkaan valtakirjan perusteella edustaa h\u00e4nt\u00e4, mutta emme voi taata pankkitilin avaamista, koska p\u00e4\u00e4t\u00f6ksen tekee pankki.<\/li>\n<\/ul>\n<p>[\/vc_column_text]\n\t\t\t\t            <\/div>\n\t        \t\t\t<\/dd>\n    \t<\/dl>\n    <!--<div class=\"extraborder\" style=\"background-color:#ffffff\"><\/div>-->\n<\/div>\n\n<\/div>[\/vc_column][\/vc_row]<\/p>\n<\/div>","protected":false},"excerpt":{"rendered":"<p>Yrityksen perustaminen notaarin luona sopii yksityishenkil\u00f6ille ja yrityksille, jotka eiv\u00e4t halua yrityst\u00e4 perustaessaan itse t\u00e4ytt\u00e4\u00e4 latviankielisi\u00e4 asiakirjoja ja esitt\u00e4\u00e4 niit\u00e4 eri viranomaisille.<\/p>\n","protected":false},"featured_media":57893,"template":"","meta":{"_acf_changed":false,"inline_featured_image":false},"product_brand":[],"product_cat":[382],"product_tag":[373],"class_list":{"0":"post-57850","1":"product","2":"type-product","3":"status-publish","4":"has-post-thumbnail","6":"product_cat-company-formation-fi","7":"product_tag-latvia-fi","8":"description-off","10":"first","11":"instock","12":"virtual","13":"taxable","14":"purchasable","15":"product-type-simple"},"bundled_by":[],"bundle_stock_status":"instock","bundle_stock_quantity":null,"bundle_virtual":false,"bundle_layout":"","bundle_add_to_cart_form_location":"","bundle_editable_in_cart":false,"bundle_sold_individually_context":"","bundle_item_grouping":"","bundle_min_size":"","bundle_max_size":"","bundle_price":[],"bundled_items":[],"bundle_sell_ids":[],"acf":[],"yoast_head":"<!-- This site is optimized with the Yoast SEO Premium plugin v22.1 (Yoast SEO v27.0) - https:\/\/yoast.com\/product\/yoast-seo-premium-wordpress\/ -->\n<title>Yrityksen perustaminen (SIA) yritys - 1Office Latvia<\/title>\n<meta name=\"description\" content=\"Company formation in notary\u2019s is a suitable option for clients who want to avoid the trouble of taking care of filling all necessary documents in Latvian to different offices themselves.\" \/>\n<meta name=\"robots\" content=\"index, follow, max-snippet:-1, max-image-preview:large, max-video-preview:-1\" \/>\n<link rel=\"canonical\" href=\"https:\/\/1office.co\/latvia\/fi\/tuote\/company-formation-sia-in-notarys-office\/\" \/>\n<meta property=\"og:locale\" content=\"fi_FI\" \/>\n<meta property=\"og:type\" content=\"article\" \/>\n<meta property=\"og:title\" content=\"Yrityksen perustaminen (SIA) yritys\" \/>\n<meta property=\"og:description\" content=\"Company formation in notary\u2019s is a suitable option for clients who want to avoid the trouble of taking care of filling all necessary documents in Latvian to different offices themselves.\" \/>\n<meta property=\"og:url\" content=\"https:\/\/1office.co\/latvia\/fi\/tuote\/company-formation-sia-in-notarys-office\/\" \/>\n<meta property=\"og:site_name\" content=\"1Office Latvia\" \/>\n<meta property=\"article:modified_time\" content=\"2018-09-14T08:20:14+00:00\" \/>\n<meta property=\"og:image\" content=\"https:\/\/1office.co\/latvia\/wp-content\/uploads\/sites\/11\/2017\/08\/101693631-notarys-public-pen-and-stamp-on-testament-and-last-will-.jpg\" \/>\n\t<meta property=\"og:image:width\" content=\"450\" \/>\n\t<meta property=\"og:image:height\" content=\"300\" \/>\n\t<meta property=\"og:image:type\" content=\"image\/jpeg\" \/>\n<meta name=\"twitter:card\" content=\"summary_large_image\" \/>\n<meta name=\"twitter:label1\" content=\"Arvioitu lukuaika\" \/>\n\t<meta name=\"twitter:data1\" content=\"1 minuutti\" \/>\n<script type=\"application\/ld+json\" class=\"yoast-schema-graph\">{\"@context\":\"https:\/\/schema.org\",\"@graph\":[{\"@type\":\"WebPage\",\"@id\":\"https:\/\/1office.co\/latvia\/fi\/tuote\/company-formation-sia-in-notarys-office\/\",\"url\":\"https:\/\/1office.co\/latvia\/fi\/tuote\/company-formation-sia-in-notarys-office\/\",\"name\":\"Yrityksen perustaminen (SIA) yritys - 1Office Latvia\",\"isPartOf\":{\"@id\":\"https:\/\/1office.co\/latvia\/et\/#website\"},\"primaryImageOfPage\":{\"@id\":\"https:\/\/1office.co\/latvia\/fi\/tuote\/company-formation-sia-in-notarys-office\/#primaryimage\"},\"image\":{\"@id\":\"https:\/\/1office.co\/latvia\/fi\/tuote\/company-formation-sia-in-notarys-office\/#primaryimage\"},\"thumbnailUrl\":\"https:\/\/1office.co\/latvia\/wp-content\/uploads\/sites\/11\/2017\/08\/101693631-notarys-public-pen-and-stamp-on-testament-and-last-will-.jpg\",\"datePublished\":\"2017-08-10T08:34:10+00:00\",\"dateModified\":\"2018-09-14T08:20:14+00:00\",\"description\":\"Company formation in notary\u2019s is a suitable option for clients who want to avoid the trouble of taking care of filling all necessary documents in Latvian to different offices themselves.\",\"breadcrumb\":{\"@id\":\"https:\/\/1office.co\/latvia\/fi\/tuote\/company-formation-sia-in-notarys-office\/#breadcrumb\"},\"inLanguage\":\"fi\",\"potentialAction\":[{\"@type\":\"ReadAction\",\"target\":[\"https:\/\/1office.co\/latvia\/fi\/tuote\/company-formation-sia-in-notarys-office\/\"]}]},{\"@type\":\"ImageObject\",\"inLanguage\":\"fi\",\"@id\":\"https:\/\/1office.co\/latvia\/fi\/tuote\/company-formation-sia-in-notarys-office\/#primaryimage\",\"url\":\"https:\/\/1office.co\/latvia\/wp-content\/uploads\/sites\/11\/2017\/08\/101693631-notarys-public-pen-and-stamp-on-testament-and-last-will-.jpg\",\"contentUrl\":\"https:\/\/1office.co\/latvia\/wp-content\/uploads\/sites\/11\/2017\/08\/101693631-notarys-public-pen-and-stamp-on-testament-and-last-will-.jpg\",\"width\":450,\"height\":300},{\"@type\":\"BreadcrumbList\",\"@id\":\"https:\/\/1office.co\/latvia\/fi\/tuote\/company-formation-sia-in-notarys-office\/#breadcrumb\",\"itemListElement\":[{\"@type\":\"ListItem\",\"position\":1,\"name\":\"Home\",\"item\":\"https:\/\/1office.co\/latvia\/fi\/\"},{\"@type\":\"ListItem\",\"position\":2,\"name\":\"Services Shop\",\"item\":\"https:\/\/1office.co\/latvia\/services-shop\/\"},{\"@type\":\"ListItem\",\"position\":3,\"name\":\"Yrityksen perustaminen (SIA) yritys\"}]},{\"@type\":\"WebSite\",\"@id\":\"https:\/\/1office.co\/latvia\/et\/#website\",\"url\":\"https:\/\/1office.co\/latvia\/et\/\",\"name\":\"1Office Latvia\",\"description\":\"Making Business Simple\",\"potentialAction\":[{\"@type\":\"SearchAction\",\"target\":{\"@type\":\"EntryPoint\",\"urlTemplate\":\"https:\/\/1office.co\/latvia\/et\/?s={search_term_string}\"},\"query-input\":{\"@type\":\"PropertyValueSpecification\",\"valueRequired\":true,\"valueName\":\"search_term_string\"}}],\"inLanguage\":\"fi\"}]}<\/script>\n<!-- \/ Yoast SEO Premium plugin. -->","yoast_head_json":{"title":"Yrityksen perustaminen (SIA) yritys - 1Office Latvia","description":"Company formation in notary\u2019s is a suitable option for clients who want to avoid the trouble of taking care of filling all necessary documents in Latvian to different offices themselves.","robots":{"index":"index","follow":"follow","max-snippet":"max-snippet:-1","max-image-preview":"max-image-preview:large","max-video-preview":"max-video-preview:-1"},"canonical":"https:\/\/1office.co\/latvia\/fi\/tuote\/company-formation-sia-in-notarys-office\/","og_locale":"fi_FI","og_type":"article","og_title":"Yrityksen perustaminen (SIA) yritys","og_description":"Company formation in notary\u2019s is a suitable option for clients who want to avoid the trouble of taking care of filling all necessary documents in Latvian to different offices themselves.","og_url":"https:\/\/1office.co\/latvia\/fi\/tuote\/company-formation-sia-in-notarys-office\/","og_site_name":"1Office Latvia","article_modified_time":"2018-09-14T08:20:14+00:00","og_image":[{"width":450,"height":300,"url":"https:\/\/1office.co\/latvia\/wp-content\/uploads\/sites\/11\/2017\/08\/101693631-notarys-public-pen-and-stamp-on-testament-and-last-will-.jpg","type":"image\/jpeg"}],"twitter_card":"summary_large_image","twitter_misc":{"Arvioitu lukuaika":"1 minuutti"},"schema":{"@context":"https:\/\/schema.org","@graph":[{"@type":"WebPage","@id":"https:\/\/1office.co\/latvia\/fi\/tuote\/company-formation-sia-in-notarys-office\/","url":"https:\/\/1office.co\/latvia\/fi\/tuote\/company-formation-sia-in-notarys-office\/","name":"Yrityksen perustaminen (SIA) yritys - 1Office Latvia","isPartOf":{"@id":"https:\/\/1office.co\/latvia\/et\/#website"},"primaryImageOfPage":{"@id":"https:\/\/1office.co\/latvia\/fi\/tuote\/company-formation-sia-in-notarys-office\/#primaryimage"},"image":{"@id":"https:\/\/1office.co\/latvia\/fi\/tuote\/company-formation-sia-in-notarys-office\/#primaryimage"},"thumbnailUrl":"https:\/\/1office.co\/latvia\/wp-content\/uploads\/sites\/11\/2017\/08\/101693631-notarys-public-pen-and-stamp-on-testament-and-last-will-.jpg","datePublished":"2017-08-10T08:34:10+00:00","dateModified":"2018-09-14T08:20:14+00:00","description":"Company formation in notary\u2019s is a suitable option for clients who want to avoid the trouble of taking care of filling all necessary documents in Latvian to different offices themselves.","breadcrumb":{"@id":"https:\/\/1office.co\/latvia\/fi\/tuote\/company-formation-sia-in-notarys-office\/#breadcrumb"},"inLanguage":"fi","potentialAction":[{"@type":"ReadAction","target":["https:\/\/1office.co\/latvia\/fi\/tuote\/company-formation-sia-in-notarys-office\/"]}]},{"@type":"ImageObject","inLanguage":"fi","@id":"https:\/\/1office.co\/latvia\/fi\/tuote\/company-formation-sia-in-notarys-office\/#primaryimage","url":"https:\/\/1office.co\/latvia\/wp-content\/uploads\/sites\/11\/2017\/08\/101693631-notarys-public-pen-and-stamp-on-testament-and-last-will-.jpg","contentUrl":"https:\/\/1office.co\/latvia\/wp-content\/uploads\/sites\/11\/2017\/08\/101693631-notarys-public-pen-and-stamp-on-testament-and-last-will-.jpg","width":450,"height":300},{"@type":"BreadcrumbList","@id":"https:\/\/1office.co\/latvia\/fi\/tuote\/company-formation-sia-in-notarys-office\/#breadcrumb","itemListElement":[{"@type":"ListItem","position":1,"name":"Home","item":"https:\/\/1office.co\/latvia\/fi\/"},{"@type":"ListItem","position":2,"name":"Services Shop","item":"https:\/\/1office.co\/latvia\/services-shop\/"},{"@type":"ListItem","position":3,"name":"Yrityksen perustaminen (SIA) yritys"}]},{"@type":"WebSite","@id":"https:\/\/1office.co\/latvia\/et\/#website","url":"https:\/\/1office.co\/latvia\/et\/","name":"1Office Latvia","description":"Making Business Simple","potentialAction":[{"@type":"SearchAction","target":{"@type":"EntryPoint","urlTemplate":"https:\/\/1office.co\/latvia\/et\/?s={search_term_string}"},"query-input":{"@type":"PropertyValueSpecification","valueRequired":true,"valueName":"search_term_string"}}],"inLanguage":"fi"}]}},"_links":{"self":[{"href":"https:\/\/1office.co\/latvia\/fi\/wp-json\/wp\/v2\/product\/57850","targetHints":{"allow":["GET"]}}],"collection":[{"href":"https:\/\/1office.co\/latvia\/fi\/wp-json\/wp\/v2\/product"}],"about":[{"href":"https:\/\/1office.co\/latvia\/fi\/wp-json\/wp\/v2\/types\/product"}],"wp:featuredmedia":[{"embeddable":true,"href":"https:\/\/1office.co\/latvia\/fi\/wp-json\/wp\/v2\/media\/57893"}],"wp:attachment":[{"href":"https:\/\/1office.co\/latvia\/fi\/wp-json\/wp\/v2\/media?parent=57850"}],"wp:term":[{"taxonomy":"product_brand","embeddable":true,"href":"https:\/\/1office.co\/latvia\/fi\/wp-json\/wp\/v2\/product_brand?post=57850"},{"taxonomy":"product_cat","embeddable":true,"href":"https:\/\/1office.co\/latvia\/fi\/wp-json\/wp\/v2\/product_cat?post=57850"},{"taxonomy":"product_tag","embeddable":true,"href":"https:\/\/1office.co\/latvia\/fi\/wp-json\/wp\/v2\/product_tag?post=57850"}],"curies":[{"name":"wp","href":"https:\/\/api.w.org\/{rel}","templated":true}]}}