{"id":57695,"date":"2017-12-27T08:55:15","date_gmt":"2017-12-27T08:55:15","guid":{"rendered":"https:\/\/1office.co\/latvia\/latvian-services\/"},"modified":"2025-08-18T15:13:55","modified_gmt":"2025-08-18T15:13:55","slug":"latvian-services","status":"publish","type":"page","link":"https:\/\/1office.co\/latvia\/lv\/","title":{"rendered":"Latvian Services"},"content":{"rendered":"<div class=\"wpb-content-wrapper\"><p>[vc_row full_width=&#8221;stretch_row&#8221; bg_type=&#8221;image&#8221; parallax_style=&#8221;vcpb-default&#8221; bg_image_new=&#8221;id^60767|url^https:\/\/1office.co\/wp-content\/uploads\/2017\/05\/pexels-photo-3.jpg|caption^null|alt^null|title^pexels-photo (3)|description^null&#8221; bg_image_repeat=&#8221;no-repeat&#8221; bg_img_attach=&#8221;fixed&#8221; bg_image_posiiton=&#8221;0 10%&#8221; seperator_enable=&#8221;seperator_enable_value&#8221; seperator_type=&#8221;tilt_left_seperator&#8221; seperator_position=&#8221;bottom_seperator&#8221; el_class=&#8221;one-blog-head&#8221;][vc_column]<div id=\"ultimate-heading-352169e3405444512\" class=\"uvc-heading ult-adjust-bottom-margin ultimate-heading-352169e3405444512 uvc-3256 \" data-hspacer=\"no_spacer\"  data-halign=\"left\" style=\"text-align:left\"><div class=\"uvc-heading-spacer no_spacer\" style=\"top\"><\/div><div class=\"uvc-main-heading ult-responsive\"  data-ultimate-target='.uvc-heading.ultimate-heading-352169e3405444512 h1'  data-responsive-json-new='{\"font-size\":\"desktop:42px;\",\"line-height\":\"\"}' ><h1 style=\"--font-weight:theme;color:#ffffff;\">Pakalpojumi Latvij\u0101<\/h1><\/div><div class=\"uvc-sub-heading ult-responsive\"  data-ultimate-target='.uvc-heading.ultimate-heading-352169e3405444512 .uvc-sub-heading '  data-responsive-json-new='{\"font-size\":\"desktop:22px;\",\"line-height\":\"\"}'  style=\"font-weight:normal;color:#98c93c;\">P\u0101rl\u016bkojiet visus pakalpojumus vai izv\u0113lieties pa kategorij\u0101m<\/div><\/div>[\/vc_column][\/vc_row][vc_row full_width=&#8221;stretch_row&#8221; equal_height=&#8221;yes&#8221;][vc_column][vc_empty_space][vc_column_text]<form data-sf-form-id='58501' data-is-rtl='0' data-maintain-state='' data-results-url='https:\/\/1office.co\/latvia\/lv\/' data-ajax-url='https:\/\/1office.co\/latvia\/lv\/?sfid=58501&amp;sf_action=get_data&amp;sf_data=all' data-ajax-form-url='https:\/\/1office.co\/latvia\/lv\/?sfid=58501&amp;sf_action=get_data&amp;sf_data=form' data-display-result-method='shortcode' data-use-history-api='1' data-template-loaded='0' data-lang-code='lv' data-ajax='1' data-ajax-data-type='json' data-ajax-links-selector='.pagination a' data-ajax-target='#search-filter-results-58501' data-ajax-pagination-type='normal' data-update-ajax-url='1' data-only-results-ajax='1' data-scroll-to-pos='0' data-init-paged='1' data-auto-update='1' data-auto-count='1' data-auto-count-refresh-mode='1' action='https:\/\/1office.co\/latvia\/lv\/' method='post' class='searchandfilter' id='search-filter-form-58501' autocomplete='off' data-instance-count='1'><ul><li class=\"sf-field-taxonomy-product_cat\" data-sf-field-name=\"_sft_product_cat\" data-sf-field-type=\"taxonomy\" data-sf-field-input-type=\"checkbox\"><h4>Pakalpojumi<\/h4>\t\t<ul data-operator=\"or\" class=\"\">\n\t\t\t\t\t  <li class=\"sf-level-0 sf-item-343\" data-sf-count=\"1\" data-sf-depth=\"0\"><input  class=\"sf-input-checkbox\" type=\"checkbox\" value=\"accounting-lv\" name=\"_sft_product_cat[]\" id=\"sf-input-51c2fc4884320a566fd9bed2d22d9bd7\"><label class=\"sf-label-checkbox\" for=\"sf-input-51c2fc4884320a566fd9bed2d22d9bd7\">Gr\u0101matved\u012bba<span class=\"sf-count\">(1)<\/span><\/label><\/li><li class=\"sf-level-0 sf-item-370\" data-sf-count=\"1\" data-sf-depth=\"0\"><input  class=\"sf-input-checkbox\" type=\"checkbox\" value=\"legal-services-lv\" name=\"_sft_product_cat[]\" id=\"sf-input-c08f0f8fa7754a557f07dd98c8f68216\"><label class=\"sf-label-checkbox\" for=\"sf-input-c08f0f8fa7754a557f07dd98c8f68216\">Juridiskie pakalpojumi<span class=\"sf-count\">(1)<\/span><\/label><\/li><li class=\"sf-level-0 sf-item-367\" data-sf-count=\"2\" data-sf-depth=\"0\"><input  class=\"sf-input-checkbox\" type=\"checkbox\" value=\"company-formation-lv\" name=\"_sft_product_cat[]\" id=\"sf-input-974947e2444e2a2a65588183ff460a9b\"><label class=\"sf-label-checkbox\" for=\"sf-input-974947e2444e2a2a65588183ff460a9b\">Uz\u0146\u0113muma dibin\u0101\u0161ana<span class=\"sf-count\">(2)<\/span><\/label><\/li><li class=\"sf-level-0 sf-item-360\" data-sf-count=\"1\" data-sf-depth=\"0\"><input  class=\"sf-input-checkbox\" type=\"checkbox\" value=\"virtual-office-lv\" name=\"_sft_product_cat[]\" id=\"sf-input-d60f6dc03f40066bef3fa82ac3212263\"><label class=\"sf-label-checkbox\" for=\"sf-input-d60f6dc03f40066bef3fa82ac3212263\">Virtu\u0101lais birojs<span class=\"sf-count\">(1)<\/span><\/label><\/li>\t\t<\/ul>\n\t\t<\/li><\/ul><\/form>[\/vc_column_text][vc_column_text]<div class=\"search-filter-results\" id=\"search-filter-results-58501\">\n\t<div class=\"one-blog-pagination\">\n\n\t\t<span>1 - 1 of 4 rezult\u0101ti<\/span>\n\t\t<div class=\"pagi-next\"><\/div>\n\t\t\t\t<div class=\"pagi-prev\"><\/div>\n\n\t<\/div>\n\n\t\t<div class=\"one-blog-filter one-products\">\n\t\t\t\t\t\t\t\t\t\t<div class=\"blog-shortcode scale-img one-product\">\n\t\t\t\t\t\t\t\t<div class=\"post-thumbnail woo-buttons-on-img cart-btn-on-img\">\n\t\t\t\t\t\t\t\t\t\t\t<a href=\"https:\/\/1office.co\/latvia\/lv\/product\/company-formation-sia-in-notarys-office\/\" title=\"Uz\u0146\u0113muma dibin\u0101\u0161ana (SIA) not\u0101ra biroj\u0101 uz\u0146\u0113mums\" class=\"post-thumbnail-rollover\">\n\t\t\t\t\t\t\t<img loading=\"lazy\" decoding=\"async\" width=\"450\" height=\"300\" src=\"https:\/\/1office.co\/latvia\/wp-content\/uploads\/sites\/11\/2017\/08\/101693631-notarys-public-pen-and-stamp-on-testament-and-last-will-.jpg\" class=\"attachment-medium_large size-medium_large wp-post-image\" alt=\"\" srcset=\"https:\/\/1office.co\/latvia\/wp-content\/uploads\/sites\/11\/2017\/08\/101693631-notarys-public-pen-and-stamp-on-testament-and-last-will-.jpg 450w, https:\/\/1office.co\/latvia\/wp-content\/uploads\/sites\/11\/2017\/08\/101693631-notarys-public-pen-and-stamp-on-testament-and-last-will--300x200.jpg 300w\" sizes=\"auto, (max-width: 450px) 100vw, 450px\" \/>\t\t\t\t\t\t<\/a>\n\t\t\t\t\t\t\t\t\t<\/div>\n\t\t\t\t<div class=\"one-blog-content\">\n\t\t\t\t\t<div>\n\t\t\t\t\t\t\t\t\t\t\t\t\t<h2><a href=\"https:\/\/1office.co\/latvia\/lv\/product\/company-formation-sia-in-notarys-office\/\">Uz\u0146\u0113muma dibin\u0101\u0161ana (SIA) not\u0101ra biroj\u0101 uz\u0146\u0113mums<\/a><\/h2>\n\t\t\t\t\t\t\t\t\t\t\t\t\t\t\t<p class=\"description\">Uz\u0146\u0113muma dibin\u0101\u0161ana not\u0101ra biroj\u0101 ir piem\u0113rots risin\u0101jums priv\u0101tperson\u0101m un juridisk\u0101m person\u0101m, kas v\u0113las aiztaup\u012bt sev raizes par visu uz\u0146\u0113muma re\u0123istr\u0101cijai nepiecie\u0161amo dokumentu aizpild\u012b\u0161anu latvie\u0161u valod\u0101 un to iesnieg\u0161anu da\u017e\u0101d\u0101s instit\u016bcij\u0101s.<\/p>\n\t\t\t\t\t\t\t\t\t\t\t\t<\/div>\n\t\t\t\t\t\t\t\t\t<\/div>\n\n\t\t\t\t\t\t\t\t\t\t<div class=\"woo-buttons\">\n\t\t\t\t\t\t\t<span class=\"price\"><span class=\"woocommerce-Price-amount amount\"><bdi>1,190.00&nbsp;<span class=\"woocommerce-Price-currencySymbol\">&euro;<\/span><\/bdi><\/span><\/span><a href=\"\/latvia\/lv\/wp-json\/wp\/v2\/pages\/57695?add-to-cart=57824\" data-quantity=\"1\" class=\"button product_type_simple add_to_cart_button ajax_add_to_cart\" data-product_id=\"57824\" data-product_sku=\"19\" aria-label=\"Add to cart: &ldquo;Uz\u0146\u0113muma dibin\u0101\u0161ana (SIA) not\u0101ra biroj\u0101 uz\u0146\u0113mums&rdquo;\" rel=\"nofollow\" data-success_message=\"&ldquo;Uz\u0146\u0113muma dibin\u0101\u0161ana (SIA) not\u0101ra biroj\u0101 uz\u0146\u0113mums&rdquo; has been added to your cart\" role=\"button\"><span class=\"filter-popup\">Pievienot pirkumu grozam<\/span><\/a>\t\t\t\t\t\t<\/div>\t\t\t<\/div>\n\t\t\t\t\t\t\t\t<div class=\"blog-shortcode scale-img one-product\">\n\t\t\t\t\t\t\t\t<div class=\"post-thumbnail woo-buttons-on-img cart-btn-on-img\">\n\t\t\t\t\t\t\t\t\t\t\t<a href=\"https:\/\/1office.co\/latvia\/lv\/product\/juridiska-adrese-rigas-centra\/\" title=\"Juridisk\u0101 adrese R\u012bgas centr\u0101\" class=\"post-thumbnail-rollover\">\n\t\t\t\t\t\t\t<img loading=\"lazy\" decoding=\"async\" width=\"768\" height=\"512\" src=\"https:\/\/1office.co\/latvia\/wp-content\/uploads\/sites\/11\/2017\/08\/virtual-office-768x512.jpg\" class=\"attachment-medium_large size-medium_large wp-post-image\" alt=\"\" srcset=\"https:\/\/1office.co\/latvia\/wp-content\/uploads\/sites\/11\/2017\/08\/virtual-office-768x512.jpg 768w, https:\/\/1office.co\/latvia\/wp-content\/uploads\/sites\/11\/2017\/08\/virtual-office-300x200.jpg 300w, https:\/\/1office.co\/latvia\/wp-content\/uploads\/sites\/11\/2017\/08\/virtual-office.jpg 800w\" sizes=\"auto, (max-width: 768px) 100vw, 768px\" \/>\t\t\t\t\t\t<\/a>\n\t\t\t\t\t\t\t\t\t<\/div>\n\t\t\t\t<div class=\"one-blog-content\">\n\t\t\t\t\t<div>\n\t\t\t\t\t\t\t\t\t\t\t\t\t<h2><a href=\"https:\/\/1office.co\/latvia\/lv\/product\/juridiska-adrese-rigas-centra\/\">Juridisk\u0101 adrese R\u012bgas centr\u0101<\/a><\/h2>\n\t\t\t\t\t\t\t\t\t\t\t\t\t\t\t<p class=\"description\">Katram Latvij\u0101 re\u0123istr\u0113tam uz\u0146\u0113mumam ir j\u0101b\u016bt juridiskajai adresei Latvij\u0101. \u0160im pakalpojumam ir pievienots p\u0101rdo\u0161anas r\u0113\u0137inu modulis (\u0113rta sist\u0113ma r\u0113\u0137inu sagatavo\u0161anai un izs\u016bt\u012b\u0161anai), lai jaunajiem uz\u0146\u0113m\u0113jiem b\u016btu viegl\u0101k uzs\u0101kt savu uz\u0146\u0113m\u0113jdarb\u012bbu.<\/p>\n\t\t\t\t\t\t\t\t\t\t\t\t<\/div>\n\t\t\t\t\t\t\t\t\t<\/div>\n\n\t\t\t\t\t\t\t\t\t\t<div class=\"woo-buttons\">\n\t\t\t\t\t\t\t<span class=\"price\"><span class=\"woocommerce-Price-amount amount\"><bdi>590.00&nbsp;<span class=\"woocommerce-Price-currencySymbol\">&euro;<\/span><\/bdi><\/span> <span class=\"subscription-details\"> \/ year<\/span><\/span><a href=\"\/latvia\/lv\/wp-json\/wp\/v2\/pages\/57695?add-to-cart=58259\" data-quantity=\"1\" class=\"button product_type_subscription add_to_cart_button ajax_add_to_cart\" data-product_id=\"58259\" data-product_sku=\"36-1\" aria-label=\"Sign up now: &ldquo;Juridisk\u0101 adrese R\u012bgas centr\u0101&rdquo;\" rel=\"nofollow\" data-success_message=\"&ldquo;Juridisk\u0101 adrese R\u012bgas centr\u0101&rdquo; has been added to your cart\" role=\"button\"><span class=\"filter-popup\">Sign up now<\/span><\/a>\t\t\t\t\t\t<\/div>\t\t\t<\/div>\n\t\t\t\t\t\t\t\t<div class=\"blog-shortcode scale-img one-product\">\n\t\t\t\t\t\t\t\t<div class=\"post-thumbnail woo-buttons-on-img cart-btn-on-img\">\n\t\t\t\t\t\t\t\t\t\t\t<a href=\"https:\/\/1office.co\/latvia\/lv\/product\/annual-report\/\" title=\"Gada p\u0101rskats\" class=\"post-thumbnail-rollover\">\n\t\t\t\t\t\t\t<img loading=\"lazy\" decoding=\"async\" width=\"768\" height=\"512\" src=\"https:\/\/1office.co\/latvia\/wp-content\/uploads\/sites\/11\/2017\/08\/pexels-photo-442574-768x512.jpeg\" class=\"attachment-medium_large size-medium_large wp-post-image\" alt=\"\" srcset=\"https:\/\/1office.co\/latvia\/wp-content\/uploads\/sites\/11\/2017\/08\/pexels-photo-442574-768x512.jpeg 768w, https:\/\/1office.co\/latvia\/wp-content\/uploads\/sites\/11\/2017\/08\/pexels-photo-442574-300x200.jpeg 300w, https:\/\/1office.co\/latvia\/wp-content\/uploads\/sites\/11\/2017\/08\/pexels-photo-442574-1024x683.jpeg 1024w, https:\/\/1office.co\/latvia\/wp-content\/uploads\/sites\/11\/2017\/08\/pexels-photo-442574.jpeg 1920w\" sizes=\"auto, (max-width: 768px) 100vw, 768px\" \/>\t\t\t\t\t\t<\/a>\n\t\t\t\t\t\t\t\t\t<\/div>\n\t\t\t\t<div class=\"one-blog-content\">\n\t\t\t\t\t<div>\n\t\t\t\t\t\t\t\t\t\t\t\t\t<h2><a href=\"https:\/\/1office.co\/latvia\/lv\/product\/annual-report\/\">Gada p\u0101rskats<\/a><\/h2>\n\t\t\t\t\t\t\t\t\t\t\t\t\t\t\t<p class=\"description\">Katram Latvij\u0101 re\u0123istr\u0113tam uz\u0146\u0113mumam ir j\u0101iesniedz gada p\u0101rskats Valsts ie\u0146\u0113mumu dienest\u0101 (VID). Tas j\u0101sagatavo latvie\u0161u valod\u0101 un Latvij\u0101 lietotaj\u0101 val\u016bt\u0101 (EUR).<\/p>\n\t\t\t\t\t\t\t\t\t\t\t\t<\/div>\n\t\t\t\t\t\t\t\t\t<\/div>\n\n\t\t\t\t\t\t\t\t\t\t<div class=\"woo-buttons\">\n\t\t\t\t\t\t\t<span class=\"price\"><span class=\"woocommerce-Price-amount amount\"><bdi>150.00&nbsp;<span class=\"woocommerce-Price-currencySymbol\">&euro;<\/span><\/bdi><\/span><\/span>\t\t\t\t\t\t\t\t<a class=\"anchor-link button\" href=\"https:\/\/1office.co\/latvia\/lv\/product\/annual-report\/#!\/request-quote\">Piepras\u012bt pied\u0101vajumu<\/a>\t\t\t\t\t\t<\/div>\t\t\t<\/div>\n\t\t\t\t\t\t\t\t<div class=\"blog-shortcode scale-img one-product\">\n\t\t\t\t\t\t\t\t<div class=\"post-thumbnail woo-buttons-on-img cart-btn-on-img\">\n\t\t\t\t\t\t\t\t\t\t\t<a href=\"https:\/\/1office.co\/latvia\/lv\/product\/representation-by-power-of-attorney\/\" title=\"Pilnvara viena reize\" class=\"post-thumbnail-rollover\">\n\t\t\t\t\t\t\t<img loading=\"lazy\" decoding=\"async\" width=\"600\" height=\"375\" src=\"https:\/\/1office.co\/latvia\/wp-content\/uploads\/sites\/11\/2017\/08\/homepg_our-impact.jpg\" class=\"attachment-medium_large size-medium_large wp-post-image\" alt=\"\" srcset=\"https:\/\/1office.co\/latvia\/wp-content\/uploads\/sites\/11\/2017\/08\/homepg_our-impact.jpg 600w, https:\/\/1office.co\/latvia\/wp-content\/uploads\/sites\/11\/2017\/08\/homepg_our-impact-300x188.jpg 300w\" sizes=\"auto, (max-width: 600px) 100vw, 600px\" \/>\t\t\t\t\t\t<\/a>\n\t\t\t\t\t\t\t\t\t<\/div>\n\t\t\t\t<div class=\"one-blog-content\">\n\t\t\t\t\t<div>\n\t\t\t\t\t\t\t\t\t\t\t\t\t<h2><a href=\"https:\/\/1office.co\/latvia\/lv\/product\/representation-by-power-of-attorney\/\">Pilnvara viena reize<\/a><\/h2>\n\t\t\t\t\t\t\t\t\t\t\t\t\t\t\t<p class=\"description\">1Office p\u0101rst\u0101v\u012bba priv\u0101t\u0101s un valsts instit\u016bcij\u0101s Latvij\u0101. Piem\u0113rots klientiem, kuriem nav iesp\u0113jas ierasies Latvij\u0101, lai veiktu nepiecie\u0161am\u0101s darb\u012bbas.<\/p>\n\t\t\t\t\t\t\t\t\t\t\t\t<\/div>\n\t\t\t\t\t\t\t\t\t<\/div>\n\n\t\t\t\t\t\t\t\t\t\t<div class=\"woo-buttons\">\n\t\t\t\t\t\t\t<span class=\"price\"><span class=\"woocommerce-Price-amount amount\"><bdi>275.00&nbsp;<span class=\"woocommerce-Price-currencySymbol\">&euro;<\/span><\/bdi><\/span><\/span><a href=\"\/latvia\/lv\/wp-json\/wp\/v2\/pages\/57695?add-to-cart=57837\" data-quantity=\"1\" class=\"button product_type_simple add_to_cart_button ajax_add_to_cart\" data-product_id=\"57837\" data-product_sku=\"45\" aria-label=\"Add to cart: &ldquo;Pilnvara viena reize&rdquo;\" rel=\"nofollow\" data-success_message=\"&ldquo;Pilnvara viena reize&rdquo; has been added to your cart\" role=\"button\"><span class=\"filter-popup\">Pievienot pirkumu grozam<\/span><\/a>\t\t\t\t\t\t<\/div>\t\t\t<\/div>\n\t\t\t<\/div>\n\n\t<div class=\"one-blog-pagination\">\n\n\t\t<div class=\"pagi-next\"><\/div>\n\t\t\t\t<div class=\"pagi-prev\"><\/div>\n\n\t<\/div>\n\t<\/div>[\/vc_column_text][\/vc_column][\/vc_row]<\/p>\n<\/div>","protected":false},"excerpt":{"rendered":"<p>[vc_row full_width=&#8221;stretch_row&#8221; bg_type=&#8221;image&#8221; parallax_style=&#8221;vcpb-default&#8221; bg_image_new=&#8221;id^60767|url^https:\/\/1office.co\/wp-content\/uploads\/2017\/05\/pexels-photo-3.jpg|caption^null|alt^null|title^pexels-photo (3)|description^null&#8221; bg_image_repeat=&#8221;no-repeat&#8221; bg_img_attach=&#8221;fixed&#8221; bg_image_posiiton=&#8221;0 10%&#8221; seperator_enable=&#8221;seperator_enable_value&#8221; seperator_type=&#8221;tilt_left_seperator&#8221; seperator_position=&#8221;bottom_seperator&#8221; el_class=&#8221;one-blog-head&#8221;][vc_column][\/vc_column][\/vc_row][vc_row full_width=&#8221;stretch_row&#8221; equal_height=&#8221;yes&#8221;][vc_column][vc_empty_space][vc_column_text][\/vc_column_text][vc_column_text][\/vc_column_text][\/vc_column][\/vc_row]<\/p>\n","protected":false},"author":1,"featured_media":0,"parent":0,"menu_order":10,"comment_status":"closed","ping_status":"closed","template":"","meta":{"_acf_changed":false,"inline_featured_image":false,"footnotes":"","_wp_rev_ctl_limit":""},"class_list":["post-57695","page","type-page","status-publish","hentry","description-off"],"acf":[],"yoast_head":"<!-- This site is optimized with the Yoast SEO Premium plugin v22.1 (Yoast SEO v27.0) - https:\/\/yoast.com\/product\/yoast-seo-premium-wordpress\/ -->\n<title>Latvian Services - 1Office Latvia<\/title>\n<meta name=\"description\" content=\"Please find a list of all our Latvian services we offer. All the Latvian services can be selected by categories.\" \/>\n<meta name=\"robots\" content=\"index, follow, max-snippet:-1, max-image-preview:large, max-video-preview:-1\" \/>\n<link rel=\"canonical\" href=\"https:\/\/1office.co\/latvia\/lv\/\" \/>\n<meta property=\"og:locale\" content=\"lv_LV\" \/>\n<meta property=\"og:type\" content=\"article\" \/>\n<meta property=\"og:title\" content=\"Latvian Services\" \/>\n<meta property=\"og:description\" content=\"Please find a list of all our Latvian services we offer. All the Latvian services can be selected by categories.\" \/>\n<meta property=\"og:url\" content=\"https:\/\/1office.co\/latvia\/lv\/\" \/>\n<meta property=\"og:site_name\" content=\"1Office Latvia\" \/>\n<meta property=\"article:modified_time\" content=\"2025-08-18T15:13:55+00:00\" \/>\n<meta name=\"twitter:card\" content=\"summary_large_image\" \/>\n<meta name=\"twitter:label1\" content=\"Est. reading time\" \/>\n\t<meta name=\"twitter:data1\" content=\"1 minute\" \/>\n<script type=\"application\/ld+json\" class=\"yoast-schema-graph\">{\"@context\":\"https:\/\/schema.org\",\"@graph\":[{\"@type\":\"WebPage\",\"@id\":\"https:\/\/1office.co\/latvia\/lv\/\",\"url\":\"https:\/\/1office.co\/latvia\/lv\/\",\"name\":\"Latvian Services - 1Office Latvia\",\"isPartOf\":{\"@id\":\"https:\/\/1office.co\/latvia\/et\/#website\"},\"datePublished\":\"2017-12-27T08:55:15+00:00\",\"dateModified\":\"2025-08-18T15:13:55+00:00\",\"description\":\"Please find a list of all our Latvian services we offer. All the Latvian services can be selected by categories.\",\"breadcrumb\":{\"@id\":\"https:\/\/1office.co\/latvia\/lv\/#breadcrumb\"},\"inLanguage\":\"lv-LV\",\"potentialAction\":[{\"@type\":\"ReadAction\",\"target\":[\"https:\/\/1office.co\/latvia\/lv\/\"]}]},{\"@type\":\"BreadcrumbList\",\"@id\":\"https:\/\/1office.co\/latvia\/lv\/#breadcrumb\",\"itemListElement\":[{\"@type\":\"ListItem\",\"position\":1,\"name\":\"Home\",\"item\":\"https:\/\/1office.co\/latvia\/lv\/\"},{\"@type\":\"ListItem\",\"position\":2,\"name\":\"Latvian Services\"}]},{\"@type\":\"WebSite\",\"@id\":\"https:\/\/1office.co\/latvia\/et\/#website\",\"url\":\"https:\/\/1office.co\/latvia\/et\/\",\"name\":\"1Office Latvia\",\"description\":\"Making Business Simple\",\"potentialAction\":[{\"@type\":\"SearchAction\",\"target\":{\"@type\":\"EntryPoint\",\"urlTemplate\":\"https:\/\/1office.co\/latvia\/et\/?s={search_term_string}\"},\"query-input\":{\"@type\":\"PropertyValueSpecification\",\"valueRequired\":true,\"valueName\":\"search_term_string\"}}],\"inLanguage\":\"lv-LV\"}]}<\/script>\n<!-- \/ Yoast SEO Premium plugin. -->","yoast_head_json":{"title":"Latvian Services - 1Office Latvia","description":"Please find a list of all our Latvian services we offer. All the Latvian services can be selected by categories.","robots":{"index":"index","follow":"follow","max-snippet":"max-snippet:-1","max-image-preview":"max-image-preview:large","max-video-preview":"max-video-preview:-1"},"canonical":"https:\/\/1office.co\/latvia\/lv\/","og_locale":"lv_LV","og_type":"article","og_title":"Latvian Services","og_description":"Please find a list of all our Latvian services we offer. All the Latvian services can be selected by categories.","og_url":"https:\/\/1office.co\/latvia\/lv\/","og_site_name":"1Office Latvia","article_modified_time":"2025-08-18T15:13:55+00:00","twitter_card":"summary_large_image","twitter_misc":{"Est. reading time":"1 minute"},"schema":{"@context":"https:\/\/schema.org","@graph":[{"@type":"WebPage","@id":"https:\/\/1office.co\/latvia\/lv\/","url":"https:\/\/1office.co\/latvia\/lv\/","name":"Latvian Services - 1Office Latvia","isPartOf":{"@id":"https:\/\/1office.co\/latvia\/et\/#website"},"datePublished":"2017-12-27T08:55:15+00:00","dateModified":"2025-08-18T15:13:55+00:00","description":"Please find a list of all our Latvian services we offer. All the Latvian services can be selected by categories.","breadcrumb":{"@id":"https:\/\/1office.co\/latvia\/lv\/#breadcrumb"},"inLanguage":"lv-LV","potentialAction":[{"@type":"ReadAction","target":["https:\/\/1office.co\/latvia\/lv\/"]}]},{"@type":"BreadcrumbList","@id":"https:\/\/1office.co\/latvia\/lv\/#breadcrumb","itemListElement":[{"@type":"ListItem","position":1,"name":"Home","item":"https:\/\/1office.co\/latvia\/lv\/"},{"@type":"ListItem","position":2,"name":"Latvian Services"}]},{"@type":"WebSite","@id":"https:\/\/1office.co\/latvia\/et\/#website","url":"https:\/\/1office.co\/latvia\/et\/","name":"1Office Latvia","description":"Making Business Simple","potentialAction":[{"@type":"SearchAction","target":{"@type":"EntryPoint","urlTemplate":"https:\/\/1office.co\/latvia\/et\/?s={search_term_string}"},"query-input":{"@type":"PropertyValueSpecification","valueRequired":true,"valueName":"search_term_string"}}],"inLanguage":"lv-LV"}]}},"_links":{"self":[{"href":"https:\/\/1office.co\/latvia\/lv\/wp-json\/wp\/v2\/pages\/57695","targetHints":{"allow":["GET"]}}],"collection":[{"href":"https:\/\/1office.co\/latvia\/lv\/wp-json\/wp\/v2\/pages"}],"about":[{"href":"https:\/\/1office.co\/latvia\/lv\/wp-json\/wp\/v2\/types\/page"}],"author":[{"embeddable":true,"href":"https:\/\/1office.co\/latvia\/lv\/wp-json\/wp\/v2\/users\/1"}],"replies":[{"embeddable":true,"href":"https:\/\/1office.co\/latvia\/lv\/wp-json\/wp\/v2\/comments?post=57695"}],"version-history":[{"count":3,"href":"https:\/\/1office.co\/latvia\/lv\/wp-json\/wp\/v2\/pages\/57695\/revisions"}],"predecessor-version":[{"id":58754,"href":"https:\/\/1office.co\/latvia\/lv\/wp-json\/wp\/v2\/pages\/57695\/revisions\/58754"}],"wp:attachment":[{"href":"https:\/\/1office.co\/latvia\/lv\/wp-json\/wp\/v2\/media?parent=57695"}],"curies":[{"name":"wp","href":"https:\/\/api.w.org\/{rel}","templated":true}]}}