{"id":57824,"date":"2017-08-10T08:34:10","date_gmt":"2017-08-10T08:34:10","guid":{"rendered":"https:\/\/1office.co\/latvia\/product\/company-formation-sia-in-notarys-office\/"},"modified":"2023-05-19T09:10:30","modified_gmt":"2023-05-19T09:10:30","slug":"company-formation-sia-in-notarys-office","status":"publish","type":"product","link":"https:\/\/1office.co\/latvia\/lv\/product\/company-formation-sia-in-notarys-office\/","title":{"rendered":"Uz\u0146\u0113muma dibin\u0101\u0161ana (SIA) not\u0101ra biroj\u0101 uz\u0146\u0113mums"},"content":{"rendered":"<div class=\"wpb-content-wrapper\"><p>[vc_row][vc_column]<div id=\"advanced-tabs-desc-wrap-9681\" class=\"ult_tabs product_tabs\" style=\" \" data-tabsstyle=\"style1\"\n data-titlebg=\"#ffffff\" data-titlecolor=\"#b6b8ba\" data-fullheight=\"off\"\n data-titlehoverbg=\"#ffffff\" data-titlehovercolor=\"#1d1e23\"\n data-rotatetabs=\"0\" data-responsivemode=\"Both\" data-animation=\"Slide\"\ndata-activetitle=\"#1d1e23\" data-activeicon=\"\" data-activebg=\"#ffffff\"  data-respmode=\"Tabs\" data-respwidth=\"400\" data-scroll = \"on\" data-activeindex=\"1\"><ul id=advanced-tabs-wrap-3606 class=\"ult_tabmenu style1 \" style=\"\"><li class=\"ult_tab_li  \" data-iconcolor=\"#74777b\" data-iconhover=\"#ffffff\" style=\"background-color:#ffffff;border-color:transparent;border-width:0px;border-style:solid;border-top-right-radius:8px;\">\n\t\t\t\t\t<a href=\"#1512642751410-8ee0b-c3ff\"  id=\"1512642751410-8ee0b-c3ff\"  style=\"color:#b6b8ba;; padding:15px; \" class=\"ult_a  \">\n\t\t\t\t\t     <span class=\"ult_tab_main Both \">\n\t\t\t\t\t \t\t <span class=\"ult_tab_section\">\n\t\t\t\t\t   \t\t\t<span  data-ultimate-target='#advanced-tabs-wrap-3606 .ult-span-text'  data-responsive-json-new='{\"font-size\":\"desktop:14px;\",\"line-height\":\"\"}'  class=\"ult-span-text no_icon ult_tab_display_text ult-responsive\" style=\"font-weight:bold;;\">APRAKSTS<\/span>\n\t\t\t\t\t   \t\t<\/span>\n\t\t\t\t\t\t<\/span>\n\t\t\t\t\t<\/a>\n\t\t\t\t\t<\/li><\/ul><div  data-ultimate-target='#advanced-tabs-desc-wrap-9681 .ult_tabcontent .ult_tab_min_contain  p'  data-responsive-json-new='{\"font-size\":\"\",\"line-height\":\"\"}' class=\"ult_tabcontent ult-responsive style1\" style=\"color:#74777b;\"><div class=\"ult_tab_min_contain \" >\n\t\t\t<div  class=\"ult_tabitemname\"  >\n\t\t\t\t[vc_column_text]Uz\u0146\u0113muma dibin\u0101\u0161ana not\u0101ra biroj\u0101, ar 1Office p\u0101rstavja pal\u012bdz\u012bbu. Alternat\u012bva iesp\u0113ja ir re\u0123istr\u0101cijas dokumentu parakst\u012b\u0161ana not\u0101ra biroj\u0101 \u0101rvalst\u012bs un to nos\u016bt\u012b\u0161ana uz Latviju pa pastu.<br \/>\nUz\u0146\u0113mums tiks re\u0123istr\u0113ts 5 darba dienu laik\u0101 p\u0113c dokumentu iesnieg\u0161anas Uz\u0146\u0113mumu re\u0123istr\u0101.<\/p>\n<p><strong>Pakalpojuma cen\u0101 iek\u013cauts:<\/strong><\/p>\n<ul>\n<li>Tik\u0161an\u0101s organiz\u0113\u0161ana not\u0101ra biroj\u0101 R\u012bg\u0101<\/li>\n<li>Uz\u0146\u0113muma re\u0123istr\u0101cijas dokumentu sagatavo\u0161ana<\/li>\n<li>Valsts nodevas<\/li>\n<li>Not\u0101ra izmaksas<\/li>\n<li>Dokumentu iesnieg\u0161ana Uz\u0146\u0113mumu re\u0123istr\u0101<\/li>\n<\/ul>\n<p>Ir nepiecie\u0161ams, lai uz\u0146\u0113muma dibin\u0101t\u0101js person\u012bgi apmekl\u0113 not\u0101ra biroju vai par papildus samaksu pilnvarotu 1Office p\u0101rst\u0101vi r\u012bkoties vi\u0146u v\u0101rd\u0101.<\/p>\n<p><strong>Procesa pl\u016bsma:<\/strong><\/p>\n<ul>\n<li>P\u0113c maks\u0101juma sa\u0146em\u0161anas, pamatojoties uz klienta sniegto inform\u0101ciju, m\u0113s sagatavojam dokumentus un elektroniski nos\u016bt\u0101m tos klientam 1 darba dienas laik\u0101<\/li>\n<li>Klientam j\u0101apmekl\u0113 not\u0101ra birojs sav\u0101 m\u012btnes valst\u012b (vai R\u012bg\u0101), lai parakst\u012btu dokumentus, un parakst\u012bto dokumentu ori\u0123in\u0101li j\u0101nos\u016bta mums pa pastu.<\/li>\n<li>Ja dokumenti nav notari\u0101li apliecin\u0101ti latvie\u0161u valod\u0101, mums par papildus samaksu nepiecie\u0161ams veikt sertific\u0113tu tulkojumu.<\/li>\n<li>M\u0113s re\u0123istr\u0113jam dokumentus Uz\u0146\u0113mumu re\u0123istr\u0101. Uz\u0146\u0113mums tiks re\u0123istr\u0113ts 5 darba dienu laik\u0101.<\/li>\n<li>P\u0113c uz\u0146\u0113muma re\u0123istr\u0113\u0161anas m\u0113s varam sniegt ieteikumus par banku, kur\u0101 klientam v\u0113rsties, lai atv\u0113rtu uz\u0146\u0113muma kontu, k\u0101 ar\u012b m\u0113s varam p\u0101rst\u0101v\u0113t J\u016bs uz pilnvaras pamata, ta\u010du m\u0113s nevaram garant\u0113t, ka konts tiks atv\u0113rts, jo \u0161is l\u0113mums tiek pie\u0146emts balstoties uz bankas individu\u0101liem ieskatiem.<\/li>\n<\/ul>\n<p>[\/vc_column_text]\n\t\t\t<\/div><\/div><\/div><\/div><div class=\"ult_acord advanced-tabs-desc-wrap-9681\">\n   <div class=\"ult-tabto-accordion \" style=\"width:;\"\n    data-titlecolor=\"#b6b8ba\"  data-titlebg=\"#ffffff\"\n     data-titlehoverbg=\"#ffffff\" data-titlehovercolor=\"#1d1e23\" data-animation=\"Slide\"\n     data-activetitle=\"#1d1e23\" data-activeicon=\"\" data-activebg=\"#ffffff\" data-scroll = \"on\" data-activeindex=\"1\" >\n     <dl><dt class=\"\">\n\t        \t<a class=\"ult-tabto-actitle withBorder ult_a \" id=\"1512642751410-8ee0b-c3ff\" style=\"color:#b6b8ba;;background-color:#ffffff;border-bottom-color:transparent;border-bottom-width:0px;border-bottom-style:solid;\" href=\"#1512642751410-8ee0b-c3ff\">\n\t        \t\t<i class=\"accordion-icon\"><\/i>\n\t        \t\t\t<span class=\"ult_tab_main ult_ac_main ult_noacordicnBoth\">\n\n\t\t\t\t\t\t<span  data-ultimate-target='#advanced-tabs-wrap-3606 .ult-span-text'  data-responsive-json-new='{\"font-size\":\"desktop:14px;\",\"line-height\":\"\"}'  class=\"ult-span-text no_icon ult_acordian-text ult-responsive\" style=\"font-weight:bold;;color:inherit \" >APRAKSTS<\/span>\n\t\t\t\t\t\t<\/span><\/a><\/dt>\n\t            \t\t<dd class=\"ult-tabto-accordionItem ult-tabto-accolapsed\">\n\t\t\t\t            <div class=\"ult-tabto-acontent\" style=\"color:#74777b;\">\n\t\t\t\t               [vc_column_text]Uz\u0146\u0113muma dibin\u0101\u0161ana not\u0101ra biroj\u0101, ar 1Office p\u0101rstavja pal\u012bdz\u012bbu. Alternat\u012bva iesp\u0113ja ir re\u0123istr\u0101cijas dokumentu parakst\u012b\u0161ana not\u0101ra biroj\u0101 \u0101rvalst\u012bs un to nos\u016bt\u012b\u0161ana uz Latviju pa pastu.<br \/>\nUz\u0146\u0113mums tiks re\u0123istr\u0113ts 5 darba dienu laik\u0101 p\u0113c dokumentu iesnieg\u0161anas Uz\u0146\u0113mumu re\u0123istr\u0101.<\/p>\n<p><strong>Pakalpojuma cen\u0101 iek\u013cauts:<\/strong><\/p>\n<ul>\n<li>Tik\u0161an\u0101s organiz\u0113\u0161ana not\u0101ra biroj\u0101 R\u012bg\u0101<\/li>\n<li>Uz\u0146\u0113muma re\u0123istr\u0101cijas dokumentu sagatavo\u0161ana<\/li>\n<li>Valsts nodevas<\/li>\n<li>Not\u0101ra izmaksas<\/li>\n<li>Dokumentu iesnieg\u0161ana Uz\u0146\u0113mumu re\u0123istr\u0101<\/li>\n<\/ul>\n<p>Ir nepiecie\u0161ams, lai uz\u0146\u0113muma dibin\u0101t\u0101js person\u012bgi apmekl\u0113 not\u0101ra biroju vai par papildus samaksu pilnvarotu 1Office p\u0101rst\u0101vi r\u012bkoties vi\u0146u v\u0101rd\u0101.<\/p>\n<p><strong>Procesa pl\u016bsma:<\/strong><\/p>\n<ul>\n<li>P\u0113c maks\u0101juma sa\u0146em\u0161anas, pamatojoties uz klienta sniegto inform\u0101ciju, m\u0113s sagatavojam dokumentus un elektroniski nos\u016bt\u0101m tos klientam 1 darba dienas laik\u0101<\/li>\n<li>Klientam j\u0101apmekl\u0113 not\u0101ra birojs sav\u0101 m\u012btnes valst\u012b (vai R\u012bg\u0101), lai parakst\u012btu dokumentus, un parakst\u012bto dokumentu ori\u0123in\u0101li j\u0101nos\u016bta mums pa pastu.<\/li>\n<li>Ja dokumenti nav notari\u0101li apliecin\u0101ti latvie\u0161u valod\u0101, mums par papildus samaksu nepiecie\u0161ams veikt sertific\u0113tu tulkojumu.<\/li>\n<li>M\u0113s re\u0123istr\u0113jam dokumentus Uz\u0146\u0113mumu re\u0123istr\u0101. Uz\u0146\u0113mums tiks re\u0123istr\u0113ts 5 darba dienu laik\u0101.<\/li>\n<li>P\u0113c uz\u0146\u0113muma re\u0123istr\u0113\u0161anas m\u0113s varam sniegt ieteikumus par banku, kur\u0101 klientam v\u0113rsties, lai atv\u0113rtu uz\u0146\u0113muma kontu, k\u0101 ar\u012b m\u0113s varam p\u0101rst\u0101v\u0113t J\u016bs uz pilnvaras pamata, ta\u010du m\u0113s nevaram garant\u0113t, ka konts tiks atv\u0113rts, jo \u0161is l\u0113mums tiek pie\u0146emts balstoties uz bankas individu\u0101liem ieskatiem.<\/li>\n<\/ul>\n<p>[\/vc_column_text]\n\t\t\t\t            <\/div>\n\t        \t\t\t<\/dd>\n    \t<\/dl>\n    <!--<div class=\"extraborder\" style=\"background-color:#ffffff\"><\/div>-->\n<\/div>\n\n<\/div>[\/vc_column][\/vc_row]<\/p>\n<\/div>","protected":false},"excerpt":{"rendered":"<p>Uz\u0146\u0113muma dibin\u0101\u0161ana not\u0101ra biroj\u0101 ir piem\u0113rots risin\u0101jums priv\u0101tperson\u0101m un juridisk\u0101m person\u0101m, kas v\u0113las aiztaup\u012bt sev raizes par visu uz\u0146\u0113muma re\u0123istr\u0101cijai nepiecie\u0161amo dokumentu aizpild\u012b\u0161anu latvie\u0161u valod\u0101 un to iesnieg\u0161anu da\u017e\u0101d\u0101s instit\u016bcij\u0101s.<\/p>\n","protected":false},"featured_media":57894,"template":"","meta":{"_acf_changed":false,"inline_featured_image":false},"product_brand":[],"product_cat":[367],"product_tag":[344],"class_list":{"0":"post-57824","1":"product","2":"type-product","3":"status-publish","4":"has-post-thumbnail","6":"product_cat-company-formation-lv","7":"product_tag-latvia-lv","8":"description-off","10":"first","11":"instock","12":"virtual","13":"taxable","14":"purchasable","15":"product-type-simple"},"bundled_by":[],"bundle_stock_status":"instock","bundle_stock_quantity":null,"bundle_virtual":false,"bundle_layout":"","bundle_add_to_cart_form_location":"","bundle_editable_in_cart":false,"bundle_sold_individually_context":"","bundle_item_grouping":"","bundle_min_size":"","bundle_max_size":"","bundle_price":[],"bundled_items":[],"bundle_sell_ids":[],"acf":[],"yoast_head":"<!-- This site is optimized with the Yoast SEO Premium plugin v22.1 (Yoast SEO v27.0) - https:\/\/yoast.com\/product\/yoast-seo-premium-wordpress\/ -->\n<title>Uz\u0146\u0113muma dibin\u0101\u0161ana (SIA) not\u0101ra biroj\u0101 uz\u0146\u0113mums - 1Office Latvia<\/title>\n<meta name=\"description\" content=\"Company formation in notary\u2019s is a suitable option for clients who want to avoid the trouble of taking care of filling all necessary documents in Latvian to different offices themselves.\" \/>\n<meta name=\"robots\" content=\"index, follow, max-snippet:-1, max-image-preview:large, max-video-preview:-1\" \/>\n<link rel=\"canonical\" href=\"https:\/\/1office.co\/latvia\/lv\/product\/company-formation-sia-in-notarys-office\/\" \/>\n<meta property=\"og:locale\" content=\"lv_LV\" \/>\n<meta property=\"og:type\" content=\"article\" \/>\n<meta property=\"og:title\" content=\"Uz\u0146\u0113muma dibin\u0101\u0161ana (SIA) not\u0101ra biroj\u0101 uz\u0146\u0113mums\" \/>\n<meta property=\"og:description\" content=\"Company formation in notary\u2019s is a suitable option for clients who want to avoid the trouble of taking care of filling all necessary documents in Latvian to different offices themselves.\" \/>\n<meta property=\"og:url\" content=\"https:\/\/1office.co\/latvia\/lv\/product\/company-formation-sia-in-notarys-office\/\" \/>\n<meta property=\"og:site_name\" content=\"1Office Latvia\" \/>\n<meta property=\"article:modified_time\" content=\"2023-05-19T09:10:30+00:00\" \/>\n<meta property=\"og:image\" content=\"https:\/\/1office.co\/latvia\/wp-content\/uploads\/sites\/11\/2017\/08\/101693631-notarys-public-pen-and-stamp-on-testament-and-last-will-.jpg\" \/>\n\t<meta property=\"og:image:width\" content=\"450\" \/>\n\t<meta property=\"og:image:height\" content=\"300\" \/>\n\t<meta property=\"og:image:type\" content=\"image\/jpeg\" \/>\n<meta name=\"twitter:card\" content=\"summary_large_image\" \/>\n<meta name=\"twitter:label1\" content=\"Est. reading time\" \/>\n\t<meta name=\"twitter:data1\" content=\"1 minute\" \/>\n<script type=\"application\/ld+json\" class=\"yoast-schema-graph\">{\"@context\":\"https:\/\/schema.org\",\"@graph\":[{\"@type\":\"WebPage\",\"@id\":\"https:\/\/1office.co\/latvia\/lv\/product\/company-formation-sia-in-notarys-office\/\",\"url\":\"https:\/\/1office.co\/latvia\/lv\/product\/company-formation-sia-in-notarys-office\/\",\"name\":\"Uz\u0146\u0113muma dibin\u0101\u0161ana (SIA) not\u0101ra biroj\u0101 uz\u0146\u0113mums - 1Office Latvia\",\"isPartOf\":{\"@id\":\"https:\/\/1office.co\/latvia\/et\/#website\"},\"primaryImageOfPage\":{\"@id\":\"https:\/\/1office.co\/latvia\/lv\/product\/company-formation-sia-in-notarys-office\/#primaryimage\"},\"image\":{\"@id\":\"https:\/\/1office.co\/latvia\/lv\/product\/company-formation-sia-in-notarys-office\/#primaryimage\"},\"thumbnailUrl\":\"https:\/\/1office.co\/latvia\/wp-content\/uploads\/sites\/11\/2017\/08\/101693631-notarys-public-pen-and-stamp-on-testament-and-last-will-.jpg\",\"datePublished\":\"2017-08-10T08:34:10+00:00\",\"dateModified\":\"2023-05-19T09:10:30+00:00\",\"description\":\"Company formation in notary\u2019s is a suitable option for clients who want to avoid the trouble of taking care of filling all necessary documents in Latvian to different offices themselves.\",\"breadcrumb\":{\"@id\":\"https:\/\/1office.co\/latvia\/lv\/product\/company-formation-sia-in-notarys-office\/#breadcrumb\"},\"inLanguage\":\"lv-LV\",\"potentialAction\":[{\"@type\":\"ReadAction\",\"target\":[\"https:\/\/1office.co\/latvia\/lv\/product\/company-formation-sia-in-notarys-office\/\"]}]},{\"@type\":\"ImageObject\",\"inLanguage\":\"lv-LV\",\"@id\":\"https:\/\/1office.co\/latvia\/lv\/product\/company-formation-sia-in-notarys-office\/#primaryimage\",\"url\":\"https:\/\/1office.co\/latvia\/wp-content\/uploads\/sites\/11\/2017\/08\/101693631-notarys-public-pen-and-stamp-on-testament-and-last-will-.jpg\",\"contentUrl\":\"https:\/\/1office.co\/latvia\/wp-content\/uploads\/sites\/11\/2017\/08\/101693631-notarys-public-pen-and-stamp-on-testament-and-last-will-.jpg\",\"width\":450,\"height\":300},{\"@type\":\"BreadcrumbList\",\"@id\":\"https:\/\/1office.co\/latvia\/lv\/product\/company-formation-sia-in-notarys-office\/#breadcrumb\",\"itemListElement\":[{\"@type\":\"ListItem\",\"position\":1,\"name\":\"Home\",\"item\":\"https:\/\/1office.co\/latvia\/lv\/\"},{\"@type\":\"ListItem\",\"position\":2,\"name\":\"Services Shop\",\"item\":\"https:\/\/1office.co\/latvia\/services-shop\/\"},{\"@type\":\"ListItem\",\"position\":3,\"name\":\"Uz\u0146\u0113muma dibin\u0101\u0161ana (SIA) not\u0101ra biroj\u0101 uz\u0146\u0113mums\"}]},{\"@type\":\"WebSite\",\"@id\":\"https:\/\/1office.co\/latvia\/et\/#website\",\"url\":\"https:\/\/1office.co\/latvia\/et\/\",\"name\":\"1Office Latvia\",\"description\":\"Making Business Simple\",\"potentialAction\":[{\"@type\":\"SearchAction\",\"target\":{\"@type\":\"EntryPoint\",\"urlTemplate\":\"https:\/\/1office.co\/latvia\/et\/?s={search_term_string}\"},\"query-input\":{\"@type\":\"PropertyValueSpecification\",\"valueRequired\":true,\"valueName\":\"search_term_string\"}}],\"inLanguage\":\"lv-LV\"}]}<\/script>\n<!-- \/ Yoast SEO Premium plugin. -->","yoast_head_json":{"title":"Uz\u0146\u0113muma dibin\u0101\u0161ana (SIA) not\u0101ra biroj\u0101 uz\u0146\u0113mums - 1Office Latvia","description":"Company formation in notary\u2019s is a suitable option for clients who want to avoid the trouble of taking care of filling all necessary documents in Latvian to different offices themselves.","robots":{"index":"index","follow":"follow","max-snippet":"max-snippet:-1","max-image-preview":"max-image-preview:large","max-video-preview":"max-video-preview:-1"},"canonical":"https:\/\/1office.co\/latvia\/lv\/product\/company-formation-sia-in-notarys-office\/","og_locale":"lv_LV","og_type":"article","og_title":"Uz\u0146\u0113muma dibin\u0101\u0161ana (SIA) not\u0101ra biroj\u0101 uz\u0146\u0113mums","og_description":"Company formation in notary\u2019s is a suitable option for clients who want to avoid the trouble of taking care of filling all necessary documents in Latvian to different offices themselves.","og_url":"https:\/\/1office.co\/latvia\/lv\/product\/company-formation-sia-in-notarys-office\/","og_site_name":"1Office Latvia","article_modified_time":"2023-05-19T09:10:30+00:00","og_image":[{"width":450,"height":300,"url":"https:\/\/1office.co\/latvia\/wp-content\/uploads\/sites\/11\/2017\/08\/101693631-notarys-public-pen-and-stamp-on-testament-and-last-will-.jpg","type":"image\/jpeg"}],"twitter_card":"summary_large_image","twitter_misc":{"Est. reading time":"1 minute"},"schema":{"@context":"https:\/\/schema.org","@graph":[{"@type":"WebPage","@id":"https:\/\/1office.co\/latvia\/lv\/product\/company-formation-sia-in-notarys-office\/","url":"https:\/\/1office.co\/latvia\/lv\/product\/company-formation-sia-in-notarys-office\/","name":"Uz\u0146\u0113muma dibin\u0101\u0161ana (SIA) not\u0101ra biroj\u0101 uz\u0146\u0113mums - 1Office Latvia","isPartOf":{"@id":"https:\/\/1office.co\/latvia\/et\/#website"},"primaryImageOfPage":{"@id":"https:\/\/1office.co\/latvia\/lv\/product\/company-formation-sia-in-notarys-office\/#primaryimage"},"image":{"@id":"https:\/\/1office.co\/latvia\/lv\/product\/company-formation-sia-in-notarys-office\/#primaryimage"},"thumbnailUrl":"https:\/\/1office.co\/latvia\/wp-content\/uploads\/sites\/11\/2017\/08\/101693631-notarys-public-pen-and-stamp-on-testament-and-last-will-.jpg","datePublished":"2017-08-10T08:34:10+00:00","dateModified":"2023-05-19T09:10:30+00:00","description":"Company formation in notary\u2019s is a suitable option for clients who want to avoid the trouble of taking care of filling all necessary documents in Latvian to different offices themselves.","breadcrumb":{"@id":"https:\/\/1office.co\/latvia\/lv\/product\/company-formation-sia-in-notarys-office\/#breadcrumb"},"inLanguage":"lv-LV","potentialAction":[{"@type":"ReadAction","target":["https:\/\/1office.co\/latvia\/lv\/product\/company-formation-sia-in-notarys-office\/"]}]},{"@type":"ImageObject","inLanguage":"lv-LV","@id":"https:\/\/1office.co\/latvia\/lv\/product\/company-formation-sia-in-notarys-office\/#primaryimage","url":"https:\/\/1office.co\/latvia\/wp-content\/uploads\/sites\/11\/2017\/08\/101693631-notarys-public-pen-and-stamp-on-testament-and-last-will-.jpg","contentUrl":"https:\/\/1office.co\/latvia\/wp-content\/uploads\/sites\/11\/2017\/08\/101693631-notarys-public-pen-and-stamp-on-testament-and-last-will-.jpg","width":450,"height":300},{"@type":"BreadcrumbList","@id":"https:\/\/1office.co\/latvia\/lv\/product\/company-formation-sia-in-notarys-office\/#breadcrumb","itemListElement":[{"@type":"ListItem","position":1,"name":"Home","item":"https:\/\/1office.co\/latvia\/lv\/"},{"@type":"ListItem","position":2,"name":"Services Shop","item":"https:\/\/1office.co\/latvia\/services-shop\/"},{"@type":"ListItem","position":3,"name":"Uz\u0146\u0113muma dibin\u0101\u0161ana (SIA) not\u0101ra biroj\u0101 uz\u0146\u0113mums"}]},{"@type":"WebSite","@id":"https:\/\/1office.co\/latvia\/et\/#website","url":"https:\/\/1office.co\/latvia\/et\/","name":"1Office Latvia","description":"Making Business Simple","potentialAction":[{"@type":"SearchAction","target":{"@type":"EntryPoint","urlTemplate":"https:\/\/1office.co\/latvia\/et\/?s={search_term_string}"},"query-input":{"@type":"PropertyValueSpecification","valueRequired":true,"valueName":"search_term_string"}}],"inLanguage":"lv-LV"}]}},"_links":{"self":[{"href":"https:\/\/1office.co\/latvia\/lv\/wp-json\/wp\/v2\/product\/57824","targetHints":{"allow":["GET"]}}],"collection":[{"href":"https:\/\/1office.co\/latvia\/lv\/wp-json\/wp\/v2\/product"}],"about":[{"href":"https:\/\/1office.co\/latvia\/lv\/wp-json\/wp\/v2\/types\/product"}],"wp:featuredmedia":[{"embeddable":true,"href":"https:\/\/1office.co\/latvia\/lv\/wp-json\/wp\/v2\/media\/57894"}],"wp:attachment":[{"href":"https:\/\/1office.co\/latvia\/lv\/wp-json\/wp\/v2\/media?parent=57824"}],"wp:term":[{"taxonomy":"product_brand","embeddable":true,"href":"https:\/\/1office.co\/latvia\/lv\/wp-json\/wp\/v2\/product_brand?post=57824"},{"taxonomy":"product_cat","embeddable":true,"href":"https:\/\/1office.co\/latvia\/lv\/wp-json\/wp\/v2\/product_cat?post=57824"},{"taxonomy":"product_tag","embeddable":true,"href":"https:\/\/1office.co\/latvia\/lv\/wp-json\/wp\/v2\/product_tag?post=57824"}],"curies":[{"name":"wp","href":"https:\/\/api.w.org\/{rel}","templated":true}]}}