{"id":58114,"date":"2019-11-13T08:00:13","date_gmt":"2019-11-13T08:00:13","guid":{"rendered":"https:\/\/1office.co\/latvia\/?post_type=product&#038;p=58114"},"modified":"2023-07-04T13:50:46","modified_gmt":"2023-07-04T13:50:46","slug":"id06-uznemuma-registracija-personas-identifikacija-un-instruesana","status":"publish","type":"product","link":"https:\/\/1office.co\/latvia\/lv\/product\/id06-uznemuma-registracija-personas-identifikacija-un-instruesana\/","title":{"rendered":"ID06 &#8211; Uz\u0146\u0113muma re\u0123istr\u0101cija, personas identifik\u0101cija un instru\u0113\u0161ana"},"content":{"rendered":"<div class=\"wpb-content-wrapper\"><p>[vc_row][vc_column]<div id=\"advanced-tabs-desc-wrap-3324\" class=\"ult_tabs product_tabs\" style=\" \" data-tabsstyle=\"style1\"\n data-titlebg=\"#ffffff\" data-titlecolor=\"#b6b8ba\" data-fullheight=\"off\"\n data-titlehoverbg=\"#ffffff\" data-titlehovercolor=\"#1d1e23\"\n data-rotatetabs=\"0\" data-responsivemode=\"Both\" data-animation=\"Slide\"\ndata-activetitle=\"#1d1e23\" data-activeicon=\"\" data-activebg=\"#ffffff\"  data-respmode=\"Tabs\" data-respwidth=\"400\" data-scroll = \"on\" data-activeindex=\"1\"><ul id=advanced-tabs-wrap-7040 class=\"ult_tabmenu style1 \" style=\"\"><li class=\"ult_tab_li  \" data-iconcolor=\"#74777b\" data-iconhover=\"#ffffff\" style=\"background-color:#ffffff;border-color:transparent;border-width:0px;border-style:solid;border-top-right-radius:8px;\">\n\t\t\t\t\t<a href=\"#1512642751410-8baea-301a\"  id=\"1512642751410-8baea-301a\"  style=\"color:#b6b8ba;; padding:15px; \" class=\"ult_a  \">\n\t\t\t\t\t     <span class=\"ult_tab_main Both \">\n\t\t\t\t\t \t\t <span class=\"ult_tab_section\">\n\t\t\t\t\t   \t\t\t<span  data-ultimate-target='#advanced-tabs-wrap-7040 .ult-span-text'  data-responsive-json-new='{\"font-size\":\"desktop:14px;\",\"line-height\":\"\"}'  class=\"ult-span-text no_icon ult_tab_display_text ult-responsive\" style=\"font-weight:bold;;\">APRAKSTS<\/span>\n\t\t\t\t\t   \t\t<\/span>\n\t\t\t\t\t\t<\/span>\n\t\t\t\t\t<\/a>\n\t\t\t\t\t<\/li><\/ul><div  data-ultimate-target='#advanced-tabs-desc-wrap-3324 .ult_tabcontent .ult_tab_min_contain  p'  data-responsive-json-new='{\"font-size\":\"\",\"line-height\":\"\"}' class=\"ult_tabcontent ult-responsive style1\" style=\"color:#74777b;\"><div class=\"ult_tab_min_contain \" >\n\t\t\t<div  class=\"ult_tabitemname\"  >\n\t\t\t\t[vc_column_text]Uz\u0146\u0113muma re\u0123istr\u0101cija ID06 port\u0101l\u0101 ar m\u0113r\u0137i pas\u016bt\u012bt jaunu ID06 2.0 karti.\u00a0 Manu\u0101lu personas identifik\u0101ciju gan uz\u0146\u0113muma p\u0101rst\u0101vjiem, gan ar\u012b darbiniekiem \u0113rti var izdar\u012bt R\u012bgas, \u201c1Office O\u00dc\u201d biroj\u0101 (Br\u012bv\u012bbas iela 40).<\/p>\n<p>No 2016. gada 1. novembra Zviedrij\u0101 vis\u0101m b\u016bvlaukum\u0101 eso\u0161aj\u0101m person\u0101m ir j\u0101b\u016bt ID06 kartei, lai izveidotu dro\u0161\u0101ku darba vidi un nov\u0113rstu neleg\u0101la darbasp\u0113ka izmanto\u0161anu. No 2020. gada 21. janv\u0101ra zaud\u0113 sp\u0113k\u0101 esam\u012bbu visas agr\u0101k izsniegt\u0101s ID06 kartes. Lai darbinieks var\u0113tu piek\u013c\u016bt objektam ar\u012b p\u0113c \u0161\u012b datuma, gan uz\u0146\u0113mumam, gan ar\u012b t\u0101 darbiniekiem ir j\u0101atjaunina karte un j\u0101p\u0101riet uz dro\u0161\u0101ku ID06 2.0 karti.<\/p>\n<p>B\u016bvlaukum\u0101 eso\u0161\u0101s personas (darbinieki, uz\u0146\u0113mumu p\u0101rst\u0101vji, praktikanti, studenti), tiek re\u0123istr\u0113tas ID06 sist\u0113m\u0101, un t\u0101m uz uztur\u0113\u0161an\u0101s laiku objekt\u0101 tiek izsniegta ID06 karte. Personai atrodoties b\u016bvlaukum\u0101 bez ID06 kartes, darba dev\u0113jam var piem\u0113rot sankcijas.<\/p>\n<p>Lai pas\u016bt\u012btu ID06 kartes, uz\u0146\u0113mums j\u0101re\u0123istr\u0113 ID06 port\u0101l\u0101, jo tikai ID06 port\u0101l\u0101 re\u0123istr\u0113ts uz\u0146\u0113mums var pas\u016bt\u012bt darbiniekiem ID06 kartes. Lai re\u0123istr\u0113tu uz\u0146\u0113mumus un pas\u016bt\u012btu ID06 kartes, darba dev\u0113ju p\u0101rst\u0101vji un darbinieki j\u0101identific\u0113 vai nu ar Zviedrijas banku identifikatoriem (BankID), vai, ja t\u0101da nav (\u0101rvalstu person\u0101m), ar manu\u0101lu personas identifik\u0101ciju, ko veic akredit\u0113ti ID06 partneri, izmantojot \u012bpa\u0161u dokumentu skeneri.<\/p>\n<p>Manu\u0101lu personas identifik\u0101ciju var izdar\u012bt tikai akredit\u0113ti ID06 partneri. \u201c1Office O\u00dc\u201d ir ID06 akredit\u0113ts partneris kop\u0161 2019. gada, un visu procesu var veikt m\u016bsu R\u012bgas biroj\u0101 (Br\u012bv\u012bbas iela 40).<\/p>\n<p>&nbsp;<\/p>\n<p><strong>Cen\u0101 ietilpst:<\/strong><\/p>\n<ul>\n<li>Uz\u0146\u0113muma re\u0123istr\u0101cija ID06 elektroniskaj\u0101 sist\u0113m\u0101<\/li>\n<li>P\u0101rst\u0101vju manu\u0101la personas identifik\u0101cija<\/li>\n<li>Sist\u0113mas lieto\u0161anas instrukcijas<\/li>\n<\/ul>\n<p><strong>Pieejams par papildu samaksu:<\/strong><\/p>\n<ul>\n<li><a href=\"https:\/\/1office.co\/latvia\/lv\/product\/id06-darbinieka-manuala-personas-identifikacija\/\">Darbinieku manu\u0101la personas identifik\u0101cija ID06 kartes pas\u016bt\u012b\u0161anai \u2013\u00a045 EUR par vienu darbinieku<\/a><\/li>\n<\/ul>\n<p><strong>Procesa gaita:<\/strong><\/p>\n<ul>\n<li>Pievienojiet grozam piem\u0113rotus pakalpojumus &#8211; papildus uz\u0146\u0113muma re\u0123istr\u0113\u0161anai jums, iesp\u0113jams, b\u016bs nepiecie\u0161ama ar\u012b <a href=\"https:\/\/1office.co\/latvia\/lv\/product\/id06-darbinieka-manuala-personas-identifikacija\/\"><strong>darbinieku manu\u0101la personas identifik\u0101cija<\/strong><\/a>. M\u016bsu speci\u0101lists sazin\u0101sies ar jums un vienosies par ID06 re\u0123istr\u0113\u0161anas laiku 1Office R\u012bgas biroj\u0101.<\/li>\n<li>Norun\u0101taj\u0101 laik\u0101 j\u016bs pie\u0146ems ID06 akredit\u0113ts speci\u0101lists, kura vad\u012bb\u0101 j\u016bsu uz\u0146\u0113mums tiks re\u0123istr\u0113ts ID06 port\u0101l\u0101, k\u0101 ar\u012b tiks izdar\u012bta p\u0101rst\u0101vju manu\u0101la personas identifik\u0101cija.<\/li>\n<li>P\u0113c veiksm\u012bgas uz\u0146\u0113muma ID06 re\u0123istr\u0101cijas m\u0113s instru\u0113sim j\u016bs, k\u0101 ID06 vid\u0113 administr\u0113t lietot\u0101jus un ties\u012bbas, k\u0101 ar\u012b, k\u0101 pas\u016bt\u012bt ID06 kartes darbiniekiem.<\/li>\n<li>Darbinieku manu\u0101lai personas identific\u0113\u0161anai m\u0113s rezerv\u0113jam laiku atsevi\u0161\u0137i. Tik\u0161an\u0101s reiz\u0113 tiks sken\u0113ts darbinieka(-u) personu apliecino\u0161s dokuments, uz vi\u0146u e-pastu tiks nos\u016bt\u012bts apstiprin\u0101jums un sms ar person\u0101lu kodu, kas j\u0101re\u0123istr\u0113 ID06 port\u0101l\u0101. P\u0113c tam darba dev\u0113ja izv\u0113l\u0113tais kar\u0161u izgatavot\u0101js nos\u016bt\u012bs ID06 karti uz nor\u0101d\u012bto adresi. P\u0113c kartes sa\u0146em\u0161anas darbiniekam ir ties\u012bbas doties uz objektu.<\/li>\n<\/ul>\n<p><strong>Svar\u012bga inform\u0101cija:<\/strong><\/p>\n<ul>\n<li>Lai ieg\u016btu papildinform\u0101ciju, l\u016bdzu, sazinieties ar mums sales@1office.co vai +372 664 5402 \/ +371 6616 3162<\/li>\n<li>Uz\u0146\u0113muma statusu (vai uz\u0146\u0113mumam ir der\u012bga ID06 2.0 vai n\u0113) var p\u0101rbaud\u012bt \u0161eit:\u00a0<a href=\"https:\/\/id06.se\/foretagskontroll\/\">https:\/\/id06.se\/foretagskontroll\/<\/a><\/li>\n<li>Visiem p\u0101rst\u0101vjiem ir j\u0101b\u016bt l\u012bdzi der\u012bgam personu apliecino\u0161am dokumentam<\/li>\n<li>Visiem p\u0101rst\u0101vjiem ir j\u0101b\u016bt der\u012bgai e-pasta adresei un t\u0101lru\u0146a numuram<\/li>\n<li>Darbinieku manu\u0101lai personas identific\u0113\u0161anai m\u0113s rezerv\u0113jam laiku atsevi\u0161\u0137i<\/li>\n<li>\u0100rvalstu uz\u0146\u0113mumiem vispirms ir nepiecie\u0161amas ar nodok\u013ciem saist\u012btas re\u0123istr\u0101cijas<\/li>\n<li>Cenai tiek pievienots PVN<\/li>\n<\/ul>\n<p><strong>\u00a0<\/strong>[\/vc_column_text]\n\t\t\t<\/div><\/div><\/div><\/div><div class=\"ult_acord advanced-tabs-desc-wrap-3324\">\n   <div class=\"ult-tabto-accordion \" style=\"width:;\"\n    data-titlecolor=\"#b6b8ba\"  data-titlebg=\"#ffffff\"\n     data-titlehoverbg=\"#ffffff\" data-titlehovercolor=\"#1d1e23\" data-animation=\"Slide\"\n     data-activetitle=\"#1d1e23\" data-activeicon=\"\" data-activebg=\"#ffffff\" data-scroll = \"on\" data-activeindex=\"1\" >\n     <dl><dt class=\"\">\n\t        \t<a class=\"ult-tabto-actitle withBorder ult_a \" id=\"1512642751410-8baea-301a\" style=\"color:#b6b8ba;;background-color:#ffffff;border-bottom-color:transparent;border-bottom-width:0px;border-bottom-style:solid;\" href=\"#1512642751410-8baea-301a\">\n\t        \t\t<i class=\"accordion-icon\"><\/i>\n\t        \t\t\t<span class=\"ult_tab_main ult_ac_main ult_noacordicnBoth\">\n\n\t\t\t\t\t\t<span  data-ultimate-target='#advanced-tabs-wrap-7040 .ult-span-text'  data-responsive-json-new='{\"font-size\":\"desktop:14px;\",\"line-height\":\"\"}'  class=\"ult-span-text no_icon ult_acordian-text ult-responsive\" style=\"font-weight:bold;;color:inherit \" >APRAKSTS<\/span>\n\t\t\t\t\t\t<\/span><\/a><\/dt>\n\t            \t\t<dd class=\"ult-tabto-accordionItem ult-tabto-accolapsed\">\n\t\t\t\t            <div class=\"ult-tabto-acontent\" style=\"color:#74777b;\">\n\t\t\t\t               [vc_column_text]Uz\u0146\u0113muma re\u0123istr\u0101cija ID06 port\u0101l\u0101 ar m\u0113r\u0137i pas\u016bt\u012bt jaunu ID06 2.0 karti.\u00a0 Manu\u0101lu personas identifik\u0101ciju gan uz\u0146\u0113muma p\u0101rst\u0101vjiem, gan ar\u012b darbiniekiem \u0113rti var izdar\u012bt R\u012bgas, \u201c1Office O\u00dc\u201d biroj\u0101 (Br\u012bv\u012bbas iela 40).<\/p>\n<p>No 2016. gada 1. novembra Zviedrij\u0101 vis\u0101m b\u016bvlaukum\u0101 eso\u0161aj\u0101m person\u0101m ir j\u0101b\u016bt ID06 kartei, lai izveidotu dro\u0161\u0101ku darba vidi un nov\u0113rstu neleg\u0101la darbasp\u0113ka izmanto\u0161anu. No 2020. gada 21. janv\u0101ra zaud\u0113 sp\u0113k\u0101 esam\u012bbu visas agr\u0101k izsniegt\u0101s ID06 kartes. Lai darbinieks var\u0113tu piek\u013c\u016bt objektam ar\u012b p\u0113c \u0161\u012b datuma, gan uz\u0146\u0113mumam, gan ar\u012b t\u0101 darbiniekiem ir j\u0101atjaunina karte un j\u0101p\u0101riet uz dro\u0161\u0101ku ID06 2.0 karti.<\/p>\n<p>B\u016bvlaukum\u0101 eso\u0161\u0101s personas (darbinieki, uz\u0146\u0113mumu p\u0101rst\u0101vji, praktikanti, studenti), tiek re\u0123istr\u0113tas ID06 sist\u0113m\u0101, un t\u0101m uz uztur\u0113\u0161an\u0101s laiku objekt\u0101 tiek izsniegta ID06 karte. Personai atrodoties b\u016bvlaukum\u0101 bez ID06 kartes, darba dev\u0113jam var piem\u0113rot sankcijas.<\/p>\n<p>Lai pas\u016bt\u012btu ID06 kartes, uz\u0146\u0113mums j\u0101re\u0123istr\u0113 ID06 port\u0101l\u0101, jo tikai ID06 port\u0101l\u0101 re\u0123istr\u0113ts uz\u0146\u0113mums var pas\u016bt\u012bt darbiniekiem ID06 kartes. Lai re\u0123istr\u0113tu uz\u0146\u0113mumus un pas\u016bt\u012btu ID06 kartes, darba dev\u0113ju p\u0101rst\u0101vji un darbinieki j\u0101identific\u0113 vai nu ar Zviedrijas banku identifikatoriem (BankID), vai, ja t\u0101da nav (\u0101rvalstu person\u0101m), ar manu\u0101lu personas identifik\u0101ciju, ko veic akredit\u0113ti ID06 partneri, izmantojot \u012bpa\u0161u dokumentu skeneri.<\/p>\n<p>Manu\u0101lu personas identifik\u0101ciju var izdar\u012bt tikai akredit\u0113ti ID06 partneri. \u201c1Office O\u00dc\u201d ir ID06 akredit\u0113ts partneris kop\u0161 2019. gada, un visu procesu var veikt m\u016bsu R\u012bgas biroj\u0101 (Br\u012bv\u012bbas iela 40).<\/p>\n<p>&nbsp;<\/p>\n<p><strong>Cen\u0101 ietilpst:<\/strong><\/p>\n<ul>\n<li>Uz\u0146\u0113muma re\u0123istr\u0101cija ID06 elektroniskaj\u0101 sist\u0113m\u0101<\/li>\n<li>P\u0101rst\u0101vju manu\u0101la personas identifik\u0101cija<\/li>\n<li>Sist\u0113mas lieto\u0161anas instrukcijas<\/li>\n<\/ul>\n<p><strong>Pieejams par papildu samaksu:<\/strong><\/p>\n<ul>\n<li><a href=\"https:\/\/1office.co\/latvia\/lv\/product\/id06-darbinieka-manuala-personas-identifikacija\/\">Darbinieku manu\u0101la personas identifik\u0101cija ID06 kartes pas\u016bt\u012b\u0161anai \u2013\u00a045 EUR par vienu darbinieku<\/a><\/li>\n<\/ul>\n<p><strong>Procesa gaita:<\/strong><\/p>\n<ul>\n<li>Pievienojiet grozam piem\u0113rotus pakalpojumus &#8211; papildus uz\u0146\u0113muma re\u0123istr\u0113\u0161anai jums, iesp\u0113jams, b\u016bs nepiecie\u0161ama ar\u012b <a href=\"https:\/\/1office.co\/latvia\/lv\/product\/id06-darbinieka-manuala-personas-identifikacija\/\"><strong>darbinieku manu\u0101la personas identifik\u0101cija<\/strong><\/a>. M\u016bsu speci\u0101lists sazin\u0101sies ar jums un vienosies par ID06 re\u0123istr\u0113\u0161anas laiku 1Office R\u012bgas biroj\u0101.<\/li>\n<li>Norun\u0101taj\u0101 laik\u0101 j\u016bs pie\u0146ems ID06 akredit\u0113ts speci\u0101lists, kura vad\u012bb\u0101 j\u016bsu uz\u0146\u0113mums tiks re\u0123istr\u0113ts ID06 port\u0101l\u0101, k\u0101 ar\u012b tiks izdar\u012bta p\u0101rst\u0101vju manu\u0101la personas identifik\u0101cija.<\/li>\n<li>P\u0113c veiksm\u012bgas uz\u0146\u0113muma ID06 re\u0123istr\u0101cijas m\u0113s instru\u0113sim j\u016bs, k\u0101 ID06 vid\u0113 administr\u0113t lietot\u0101jus un ties\u012bbas, k\u0101 ar\u012b, k\u0101 pas\u016bt\u012bt ID06 kartes darbiniekiem.<\/li>\n<li>Darbinieku manu\u0101lai personas identific\u0113\u0161anai m\u0113s rezerv\u0113jam laiku atsevi\u0161\u0137i. Tik\u0161an\u0101s reiz\u0113 tiks sken\u0113ts darbinieka(-u) personu apliecino\u0161s dokuments, uz vi\u0146u e-pastu tiks nos\u016bt\u012bts apstiprin\u0101jums un sms ar person\u0101lu kodu, kas j\u0101re\u0123istr\u0113 ID06 port\u0101l\u0101. P\u0113c tam darba dev\u0113ja izv\u0113l\u0113tais kar\u0161u izgatavot\u0101js nos\u016bt\u012bs ID06 karti uz nor\u0101d\u012bto adresi. P\u0113c kartes sa\u0146em\u0161anas darbiniekam ir ties\u012bbas doties uz objektu.<\/li>\n<\/ul>\n<p><strong>Svar\u012bga inform\u0101cija:<\/strong><\/p>\n<ul>\n<li>Lai ieg\u016btu papildinform\u0101ciju, l\u016bdzu, sazinieties ar mums sales@1office.co vai +372 664 5402 \/ +371 6616 3162<\/li>\n<li>Uz\u0146\u0113muma statusu (vai uz\u0146\u0113mumam ir der\u012bga ID06 2.0 vai n\u0113) var p\u0101rbaud\u012bt \u0161eit:\u00a0<a href=\"https:\/\/id06.se\/foretagskontroll\/\">https:\/\/id06.se\/foretagskontroll\/<\/a><\/li>\n<li>Visiem p\u0101rst\u0101vjiem ir j\u0101b\u016bt l\u012bdzi der\u012bgam personu apliecino\u0161am dokumentam<\/li>\n<li>Visiem p\u0101rst\u0101vjiem ir j\u0101b\u016bt der\u012bgai e-pasta adresei un t\u0101lru\u0146a numuram<\/li>\n<li>Darbinieku manu\u0101lai personas identific\u0113\u0161anai m\u0113s rezerv\u0113jam laiku atsevi\u0161\u0137i<\/li>\n<li>\u0100rvalstu uz\u0146\u0113mumiem vispirms ir nepiecie\u0161amas ar nodok\u013ciem saist\u012btas re\u0123istr\u0101cijas<\/li>\n<li>Cenai tiek pievienots PVN<\/li>\n<\/ul>\n<p><strong>\u00a0<\/strong>[\/vc_column_text]\n\t\t\t\t            <\/div>\n\t        \t\t\t<\/dd>\n    \t<\/dl>\n    <!--<div class=\"extraborder\" style=\"background-color:#ffffff\"><\/div>-->\n<\/div>\n\n<\/div>[\/vc_column][\/vc_row]<\/p>\n<\/div>","protected":false},"excerpt":{"rendered":"<p>Pakalpojums uz laiku ir p\u0101rtraukts l\u012bdz \u0101rk\u0101rtas situ\u0101cijas beig\u0101m. Uz\u0146\u0113muma re\u0123istr\u0101cija ID06 port\u0101l\u0101 ar m\u0113r\u0137i pas\u016bt\u012bt jaunu ID06 2.0 karti.\u00a0 Manu\u0101lu personas identifik\u0101ciju gan uz\u0146\u0113muma p\u0101rst\u0101vjiem, gan ar\u012b darbiniekiem \u0113rti var izdar\u012bt R\u012bgas, \u201c1Office O\u00dc\u201d biroj\u0101 (Br\u012bv\u012bbas iela 40).<\/p>\n","protected":false},"featured_media":58115,"template":"","meta":{"_acf_changed":false,"inline_featured_image":false},"product_brand":[],"product_cat":[370],"product_tag":[344],"class_list":{"0":"post-58114","1":"product","2":"type-product","3":"status-publish","4":"has-post-thumbnail","6":"product_cat-legal-services-lv","7":"product_tag-latvia-lv","8":"description-off","10":"first","11":"instock","12":"taxable","13":"shipping-taxable","14":"purchasable","15":"product-type-simple"},"bundled_by":[],"bundle_stock_status":"instock","bundle_stock_quantity":null,"bundle_virtual":false,"bundle_layout":"","bundle_add_to_cart_form_location":"","bundle_editable_in_cart":false,"bundle_sold_individually_context":"","bundle_item_grouping":"","bundle_min_size":"","bundle_max_size":"","bundle_price":[],"bundled_items":[],"bundle_sell_ids":[],"acf":[],"yoast_head":"<!-- This site is optimized with the Yoast SEO Premium plugin v22.1 (Yoast SEO v27.0) - https:\/\/yoast.com\/product\/yoast-seo-premium-wordpress\/ -->\n<title>ID06 - Uz\u0146\u0113muma re\u0123istr\u0101cija, personas identifik\u0101cija un instru\u0113\u0161ana - 1Office Latvia<\/title>\n<meta name=\"robots\" content=\"noindex, nofollow\" \/>\n<meta property=\"og:locale\" content=\"lv_LV\" \/>\n<meta property=\"og:type\" content=\"article\" \/>\n<meta property=\"og:title\" content=\"ID06 - Uz\u0146\u0113muma re\u0123istr\u0101cija, personas identifik\u0101cija un instru\u0113\u0161ana\" \/>\n<meta property=\"og:description\" content=\"Pakalpojums uz laiku ir p\u0101rtraukts l\u012bdz \u0101rk\u0101rtas situ\u0101cijas beig\u0101m. Uz\u0146\u0113muma re\u0123istr\u0101cija ID06 port\u0101l\u0101 ar m\u0113r\u0137i pas\u016bt\u012bt jaunu ID06 2.0 karti.\u00a0 Manu\u0101lu personas identifik\u0101ciju gan uz\u0146\u0113muma p\u0101rst\u0101vjiem, gan ar\u012b darbiniekiem \u0113rti var izdar\u012bt R\u012bgas, \u201c1Office O\u00dc\u201d biroj\u0101 (Br\u012bv\u012bbas iela 40).\" \/>\n<meta property=\"og:url\" content=\"https:\/\/1office.co\/latvia\/lv\/product\/id06-uznemuma-registracija-personas-identifikacija-un-instruesana\/\" \/>\n<meta property=\"og:site_name\" content=\"1Office Latvia\" \/>\n<meta property=\"article:modified_time\" content=\"2023-07-04T13:50:46+00:00\" \/>\n<meta property=\"og:image\" content=\"https:\/\/1office.co\/latvia\/wp-content\/uploads\/sites\/11\/2019\/11\/180215_id063-800x470-e1571143033926.jpg\" \/>\n\t<meta property=\"og:image:width\" content=\"468\" \/>\n\t<meta property=\"og:image:height\" content=\"466\" \/>\n\t<meta property=\"og:image:type\" content=\"image\/jpeg\" \/>\n<meta name=\"twitter:card\" content=\"summary_large_image\" \/>\n<meta name=\"twitter:label1\" content=\"Est. reading time\" \/>\n\t<meta name=\"twitter:data1\" content=\"3 minutes\" \/>\n<script type=\"application\/ld+json\" class=\"yoast-schema-graph\">{\"@context\":\"https:\/\/schema.org\",\"@graph\":[{\"@type\":\"WebPage\",\"@id\":\"https:\/\/1office.co\/latvia\/lv\/product\/id06-uznemuma-registracija-personas-identifikacija-un-instruesana\/\",\"url\":\"https:\/\/1office.co\/latvia\/lv\/product\/id06-uznemuma-registracija-personas-identifikacija-un-instruesana\/\",\"name\":\"ID06 - Uz\u0146\u0113muma re\u0123istr\u0101cija, personas identifik\u0101cija un instru\u0113\u0161ana - 1Office Latvia\",\"isPartOf\":{\"@id\":\"https:\/\/1office.co\/latvia\/et\/#website\"},\"primaryImageOfPage\":{\"@id\":\"https:\/\/1office.co\/latvia\/lv\/product\/id06-uznemuma-registracija-personas-identifikacija-un-instruesana\/#primaryimage\"},\"image\":{\"@id\":\"https:\/\/1office.co\/latvia\/lv\/product\/id06-uznemuma-registracija-personas-identifikacija-un-instruesana\/#primaryimage\"},\"thumbnailUrl\":\"https:\/\/1office.co\/latvia\/wp-content\/uploads\/sites\/11\/2019\/11\/180215_id063-800x470-e1571143033926.jpg\",\"datePublished\":\"2019-11-13T08:00:13+00:00\",\"dateModified\":\"2023-07-04T13:50:46+00:00\",\"breadcrumb\":{\"@id\":\"https:\/\/1office.co\/latvia\/lv\/product\/id06-uznemuma-registracija-personas-identifikacija-un-instruesana\/#breadcrumb\"},\"inLanguage\":\"lv-LV\",\"potentialAction\":[{\"@type\":\"ReadAction\",\"target\":[\"https:\/\/1office.co\/latvia\/lv\/product\/id06-uznemuma-registracija-personas-identifikacija-un-instruesana\/\"]}]},{\"@type\":\"ImageObject\",\"inLanguage\":\"lv-LV\",\"@id\":\"https:\/\/1office.co\/latvia\/lv\/product\/id06-uznemuma-registracija-personas-identifikacija-un-instruesana\/#primaryimage\",\"url\":\"https:\/\/1office.co\/latvia\/wp-content\/uploads\/sites\/11\/2019\/11\/180215_id063-800x470-e1571143033926.jpg\",\"contentUrl\":\"https:\/\/1office.co\/latvia\/wp-content\/uploads\/sites\/11\/2019\/11\/180215_id063-800x470-e1571143033926.jpg\",\"width\":468,\"height\":466},{\"@type\":\"BreadcrumbList\",\"@id\":\"https:\/\/1office.co\/latvia\/lv\/product\/id06-uznemuma-registracija-personas-identifikacija-un-instruesana\/#breadcrumb\",\"itemListElement\":[{\"@type\":\"ListItem\",\"position\":1,\"name\":\"Home\",\"item\":\"https:\/\/1office.co\/latvia\/lv\/\"},{\"@type\":\"ListItem\",\"position\":2,\"name\":\"Services Shop\",\"item\":\"https:\/\/1office.co\/latvia\/services-shop\/\"},{\"@type\":\"ListItem\",\"position\":3,\"name\":\"ID06 &#8211; Uz\u0146\u0113muma re\u0123istr\u0101cija, personas identifik\u0101cija un instru\u0113\u0161ana\"}]},{\"@type\":\"WebSite\",\"@id\":\"https:\/\/1office.co\/latvia\/et\/#website\",\"url\":\"https:\/\/1office.co\/latvia\/et\/\",\"name\":\"1Office Latvia\",\"description\":\"Making Business Simple\",\"potentialAction\":[{\"@type\":\"SearchAction\",\"target\":{\"@type\":\"EntryPoint\",\"urlTemplate\":\"https:\/\/1office.co\/latvia\/et\/?s={search_term_string}\"},\"query-input\":{\"@type\":\"PropertyValueSpecification\",\"valueRequired\":true,\"valueName\":\"search_term_string\"}}],\"inLanguage\":\"lv-LV\"}]}<\/script>\n<!-- \/ Yoast SEO Premium plugin. -->","yoast_head_json":{"title":"ID06 - Uz\u0146\u0113muma re\u0123istr\u0101cija, personas identifik\u0101cija un instru\u0113\u0161ana - 1Office Latvia","robots":{"index":"noindex","follow":"nofollow"},"og_locale":"lv_LV","og_type":"article","og_title":"ID06 - Uz\u0146\u0113muma re\u0123istr\u0101cija, personas identifik\u0101cija un instru\u0113\u0161ana","og_description":"Pakalpojums uz laiku ir p\u0101rtraukts l\u012bdz \u0101rk\u0101rtas situ\u0101cijas beig\u0101m. Uz\u0146\u0113muma re\u0123istr\u0101cija ID06 port\u0101l\u0101 ar m\u0113r\u0137i pas\u016bt\u012bt jaunu ID06 2.0 karti.\u00a0 Manu\u0101lu personas identifik\u0101ciju gan uz\u0146\u0113muma p\u0101rst\u0101vjiem, gan ar\u012b darbiniekiem \u0113rti var izdar\u012bt R\u012bgas, \u201c1Office O\u00dc\u201d biroj\u0101 (Br\u012bv\u012bbas iela 40).","og_url":"https:\/\/1office.co\/latvia\/lv\/product\/id06-uznemuma-registracija-personas-identifikacija-un-instruesana\/","og_site_name":"1Office Latvia","article_modified_time":"2023-07-04T13:50:46+00:00","og_image":[{"width":468,"height":466,"url":"https:\/\/1office.co\/latvia\/wp-content\/uploads\/sites\/11\/2019\/11\/180215_id063-800x470-e1571143033926.jpg","type":"image\/jpeg"}],"twitter_card":"summary_large_image","twitter_misc":{"Est. reading time":"3 minutes"},"schema":{"@context":"https:\/\/schema.org","@graph":[{"@type":"WebPage","@id":"https:\/\/1office.co\/latvia\/lv\/product\/id06-uznemuma-registracija-personas-identifikacija-un-instruesana\/","url":"https:\/\/1office.co\/latvia\/lv\/product\/id06-uznemuma-registracija-personas-identifikacija-un-instruesana\/","name":"ID06 - Uz\u0146\u0113muma re\u0123istr\u0101cija, personas identifik\u0101cija un instru\u0113\u0161ana - 1Office Latvia","isPartOf":{"@id":"https:\/\/1office.co\/latvia\/et\/#website"},"primaryImageOfPage":{"@id":"https:\/\/1office.co\/latvia\/lv\/product\/id06-uznemuma-registracija-personas-identifikacija-un-instruesana\/#primaryimage"},"image":{"@id":"https:\/\/1office.co\/latvia\/lv\/product\/id06-uznemuma-registracija-personas-identifikacija-un-instruesana\/#primaryimage"},"thumbnailUrl":"https:\/\/1office.co\/latvia\/wp-content\/uploads\/sites\/11\/2019\/11\/180215_id063-800x470-e1571143033926.jpg","datePublished":"2019-11-13T08:00:13+00:00","dateModified":"2023-07-04T13:50:46+00:00","breadcrumb":{"@id":"https:\/\/1office.co\/latvia\/lv\/product\/id06-uznemuma-registracija-personas-identifikacija-un-instruesana\/#breadcrumb"},"inLanguage":"lv-LV","potentialAction":[{"@type":"ReadAction","target":["https:\/\/1office.co\/latvia\/lv\/product\/id06-uznemuma-registracija-personas-identifikacija-un-instruesana\/"]}]},{"@type":"ImageObject","inLanguage":"lv-LV","@id":"https:\/\/1office.co\/latvia\/lv\/product\/id06-uznemuma-registracija-personas-identifikacija-un-instruesana\/#primaryimage","url":"https:\/\/1office.co\/latvia\/wp-content\/uploads\/sites\/11\/2019\/11\/180215_id063-800x470-e1571143033926.jpg","contentUrl":"https:\/\/1office.co\/latvia\/wp-content\/uploads\/sites\/11\/2019\/11\/180215_id063-800x470-e1571143033926.jpg","width":468,"height":466},{"@type":"BreadcrumbList","@id":"https:\/\/1office.co\/latvia\/lv\/product\/id06-uznemuma-registracija-personas-identifikacija-un-instruesana\/#breadcrumb","itemListElement":[{"@type":"ListItem","position":1,"name":"Home","item":"https:\/\/1office.co\/latvia\/lv\/"},{"@type":"ListItem","position":2,"name":"Services Shop","item":"https:\/\/1office.co\/latvia\/services-shop\/"},{"@type":"ListItem","position":3,"name":"ID06 &#8211; Uz\u0146\u0113muma re\u0123istr\u0101cija, personas identifik\u0101cija un instru\u0113\u0161ana"}]},{"@type":"WebSite","@id":"https:\/\/1office.co\/latvia\/et\/#website","url":"https:\/\/1office.co\/latvia\/et\/","name":"1Office Latvia","description":"Making Business Simple","potentialAction":[{"@type":"SearchAction","target":{"@type":"EntryPoint","urlTemplate":"https:\/\/1office.co\/latvia\/et\/?s={search_term_string}"},"query-input":{"@type":"PropertyValueSpecification","valueRequired":true,"valueName":"search_term_string"}}],"inLanguage":"lv-LV"}]}},"_links":{"self":[{"href":"https:\/\/1office.co\/latvia\/lv\/wp-json\/wp\/v2\/product\/58114","targetHints":{"allow":["GET"]}}],"collection":[{"href":"https:\/\/1office.co\/latvia\/lv\/wp-json\/wp\/v2\/product"}],"about":[{"href":"https:\/\/1office.co\/latvia\/lv\/wp-json\/wp\/v2\/types\/product"}],"wp:featuredmedia":[{"embeddable":true,"href":"https:\/\/1office.co\/latvia\/lv\/wp-json\/wp\/v2\/media\/58115"}],"wp:attachment":[{"href":"https:\/\/1office.co\/latvia\/lv\/wp-json\/wp\/v2\/media?parent=58114"}],"wp:term":[{"taxonomy":"product_brand","embeddable":true,"href":"https:\/\/1office.co\/latvia\/lv\/wp-json\/wp\/v2\/product_brand?post=58114"},{"taxonomy":"product_cat","embeddable":true,"href":"https:\/\/1office.co\/latvia\/lv\/wp-json\/wp\/v2\/product_cat?post=58114"},{"taxonomy":"product_tag","embeddable":true,"href":"https:\/\/1office.co\/latvia\/lv\/wp-json\/wp\/v2\/product_tag?post=58114"}],"curies":[{"name":"wp","href":"https:\/\/api.w.org\/{rel}","templated":true}]}}