{"id":57811,"date":"2017-08-10T10:40:14","date_gmt":"2017-08-10T10:40:14","guid":{"rendered":"https:\/\/1office.co\/latvia\/product\/annual-report\/"},"modified":"2020-02-04T12:13:47","modified_gmt":"2020-02-04T12:13:47","slug":"annual-report","status":"publish","type":"product","link":"https:\/\/1office.co\/latvia\/sv\/produkt\/annual-report\/","title":{"rendered":"\u00c5rsredovisning"},"content":{"rendered":"<div class=\"wpb-content-wrapper\"><p>[vc_row][vc_column]<div id=\"advanced-tabs-desc-wrap-8582\" class=\"ult_tabs product_tabs\" style=\" \" data-tabsstyle=\"style1\"\n data-titlebg=\"#ffffff\" data-titlecolor=\"#b6b8ba\" data-fullheight=\"off\"\n data-titlehoverbg=\"#ffffff\" data-titlehovercolor=\"#1d1e23\"\n data-rotatetabs=\"0\" data-responsivemode=\"Both\" data-animation=\"Slide\"\ndata-activetitle=\"#1d1e23\" data-activeicon=\"\" data-activebg=\"#ffffff\"  data-respmode=\"Tabs\" data-respwidth=\"400\" data-scroll = \"on\" data-activeindex=\"1\"><ul id=advanced-tabs-wrap-6302 class=\"ult_tabmenu style1 \" style=\"\"><li class=\"ult_tab_li  \" data-iconcolor=\"#74777b\" data-iconhover=\"#ffffff\" style=\"background-color:#ffffff;border-color:transparent;border-width:0px;border-style:solid;border-top-left-radius:8px;\">\n\t\t\t\t\t<a href=\"#1512642751410-8cbfe-4c64\"  id=\"1512642751410-8cbfe-4c64\"  style=\"color:#b6b8ba;; padding:15px; \" class=\"ult_a  \">\n\t\t\t\t\t     <span class=\"ult_tab_main Both \">\n\t\t\t\t\t \t\t <span class=\"ult_tab_section\">\n\t\t\t\t\t   \t\t\t<span  data-ultimate-target='#advanced-tabs-wrap-6302 .ult-span-text'  data-responsive-json-new='{\"font-size\":\"desktop:14px;\",\"line-height\":\"\"}'  class=\"ult-span-text no_icon ult_tab_display_text ult-responsive\" style=\"font-weight:bold;;\">BESKRIVNING<\/span>\n\t\t\t\t\t   \t\t<\/span>\n\t\t\t\t\t\t<\/span>\n\t\t\t\t\t<\/a>\n\t\t\t\t\t<\/li><li class=\"ult_tab_li  product-faq\" data-iconcolor=\"#74777b\" data-iconhover=\"#ffffff\" style=\"background-color:#ffffff;border-color:transparent;border-width:0px;border-style:solid;border-top-right-radius:8px;\">\n\t\t\t\t\t<a href=\"#1512642751435-8cbfe-4c64\"  id=\"1512642751435-8cbfe-4c64\"  style=\"color:#b6b8ba;; padding:15px; \" class=\"ult_a  \">\n\t\t\t\t\t     <span class=\"ult_tab_main Both \">\n\t\t\t\t\t \t\t <span class=\"ult_tab_section\">\n\t\t\t\t\t   \t\t\t<span  data-ultimate-target='#advanced-tabs-wrap-6302 .ult-span-text'  data-responsive-json-new='{\"font-size\":\"desktop:14px;\",\"line-height\":\"\"}'  class=\"ult-span-text no_icon ult_tab_display_text ult-responsive\" style=\"font-weight:bold;;\">VANLIGA FR\u00c5GOR<\/span>\n\t\t\t\t\t   \t\t<\/span>\n\t\t\t\t\t\t<\/span>\n\t\t\t\t\t<\/a>\n\t\t\t\t\t<\/li><\/ul><div  data-ultimate-target='#advanced-tabs-desc-wrap-8582 .ult_tabcontent .ult_tab_min_contain  p'  data-responsive-json-new='{\"font-size\":\"\",\"line-height\":\"\"}' class=\"ult_tabcontent ult-responsive style1\" style=\"color:#74777b;\"><div class=\"ult_tab_min_contain \" >\n\t\t\t<div  class=\"ult_tabitemname\"  >\n\t\t\t\t[vc_column_text]Inl\u00e4mnande av en \u00e5rsredovisning \u00e4r obligatoriskt f\u00f6r alla f\u00f6retag registrerade i Lettland \u00e4ven om f\u00f6retaget inte har haft n\u00e5gon verksamhet under r\u00e4kenskaps\u00e5ret. Tidsfristen f\u00f6r \u00e5rsredovisningar \u00e4r vanligtvis inom fyra m\u00e5nader* efter r\u00e4kenskaps\u00e5rets slut, d.v.s. om ditt f\u00f6retags r\u00e4kenskaps\u00e5r slutar den 31:a december m\u00e5ste \u00e5rsredovisningen l\u00e4mnas in senast den 30:e april.<br \/>\nAll l\u00f6pande bokf\u00f6ring m\u00e5ste vara avslutad innan \u00e5rsredovisningen b\u00f6rjar sammanst\u00e4llas.<\/p>\n<p><strong>I priset f\u00f6r \u00e5rsredovisningen ing\u00e5r:<\/strong><\/p>\n<ul>\n<li>Balansr\u00e4kning<\/li>\n<li>Resultatr\u00e4kning<\/li>\n<li>Kassafl\u00f6desanalys<\/li>\n<li>F\u00f6r\u00e4ndringar i eget kapital<\/li>\n<li>Noter till \u00e5rsredovisningen<\/li>\n<li>F\u00f6rvaltningsber\u00e4ttelse<\/li>\n<li>Inl\u00e4mning av rapporten (Den kan levereras som papperskopia till SRS eller i elektroniskt format genom SRS&#8217; elektroniska deklarationssystem (EDS). Om du ger 1Office \u00e5tkomsten till systemet kan vi g\u00f6ra det \u00e5t dig).<\/li>\n<\/ul>\n<p>Om den l\u00f6pande bokf\u00f6ringen f\u00f6r r\u00e4kenskaps\u00e5ret inte har gjorts (eller inte har gjorts korrekt), tillkommer en extra avgift grundad p\u00e5 bokf\u00f6ringsspecialistens arbetstimmar. Det exakta inneh\u00e5llet och formen p\u00e5 \u00e5rsredovisningen beror p\u00e5 f\u00f6retagets storlek och n\u00e4ringsgren.<\/p>\n<p><strong>Processfl\u00f6de:<\/strong><\/p>\n<ul>\n<li>Om ditt f\u00f6retags l\u00f6pande bokf\u00f6ring inte utf\u00f6rs av 1Office m\u00e5ste du skicka in alla k\u00e4lldokument (kontoutdrag, ink\u00f6ps- och f\u00f6rs\u00e4ljningsfakturor) som underlag f\u00f6r v\u00e5r prisoffert.<\/li>\n<li>Vi avtalar om n\u00f6dv\u00e4ndigt arbete och ett slutpris<\/li>\n<li>N\u00e4r vi har f\u00e5tt in alla n\u00f6dv\u00e4ndiga dokument g\u00e5r vi igenom dessa och sammanst\u00e4ller \u00e5rsredovisningen<\/li>\n<li>Vi \u00f6verl\u00e4mnar den sammanst\u00e4llda rapporten till dig s\u00e5 att du kan skicka in den till SRS eller, om du har gett oss \u00e5tkomst till systemet, l\u00e4mnar vi in rapporten sj\u00e4lva.<\/li>\n<li>Som ett undantag har vissa f\u00f6retag sju m\u00e5nader p\u00e5 sig att l\u00e4mna in den sammanst\u00e4llda \u00e5rsredovisningen.<\/li>\n<\/ul>\n<p>[\/vc_column_text]\n\t\t\t<\/div>\n\t\t\t<div  class=\"ult_tabitemname\"  >\n\t\t\t\t[vc_toggle title=&#8221;1. Vem ska l\u00e4mna in \u00e5rsredovisningen?&#8221; style=&#8221;arrow&#8221; custom_font_container=&#8221;tag:h5|text_align:left&#8221; custom_use_theme_fonts=&#8221;yes&#8221; use_custom_heading=&#8221;true&#8221;]\u00c5rsredovisning ska l\u00e4mnas in av alla kommersiella bolag, kooperativa f\u00f6retag, europeiska ekonomiska intressegrupperingar, europeiska kooperativa f\u00f6retag och europeiska kommersiella bolag registrerade i Lettland.[\/vc_toggle][vc_toggle title=&#8221;2. Vad h\u00e4nder om jag inte l\u00e4mnar in \u00e5rsredovisningen?&#8221; style=&#8221;arrow&#8221; custom_font_container=&#8221;tag:h5|text_align:left&#8221; custom_use_theme_fonts=&#8221;yes&#8221; use_custom_heading=&#8221;true&#8221;]Att inte l\u00e4mna in \u00e5rsredovisning kan f\u00e5 p\u00e5f\u00f6ljder. F\u00f6retag som har l\u00e4mnat in \u00e5rsredovisningen f\u00f6r sent har begr\u00e4nsade m\u00f6jligheter att delta i allm\u00e4nna upphandlingar.[\/vc_toggle]\n\t\t\t<\/div><\/div><\/div><\/div><div class=\"ult_acord advanced-tabs-desc-wrap-8582\">\n   <div class=\"ult-tabto-accordion \" style=\"width:;\"\n    data-titlecolor=\"#b6b8ba\"  data-titlebg=\"#ffffff\"\n     data-titlehoverbg=\"#ffffff\" data-titlehovercolor=\"#1d1e23\" data-animation=\"Slide\"\n     data-activetitle=\"#1d1e23\" data-activeicon=\"\" data-activebg=\"#ffffff\" data-scroll = \"on\" data-activeindex=\"1\" >\n     <dl><dt class=\"\">\n\t        \t<a class=\"ult-tabto-actitle withBorder ult_a \" id=\"1512642751410-8cbfe-4c64\" style=\"color:#b6b8ba;;background-color:#ffffff;border-bottom-color:transparent;border-bottom-width:0px;border-bottom-style:solid;\" href=\"#1512642751410-8cbfe-4c64\">\n\t        \t\t<i class=\"accordion-icon\"><\/i>\n\t        \t\t\t<span class=\"ult_tab_main ult_ac_main ult_noacordicnBoth\">\n\n\t\t\t\t\t\t<span  data-ultimate-target='#advanced-tabs-wrap-6302 .ult-span-text'  data-responsive-json-new='{\"font-size\":\"desktop:14px;\",\"line-height\":\"\"}'  class=\"ult-span-text no_icon ult_acordian-text ult-responsive\" style=\"font-weight:bold;;color:inherit \" >BESKRIVNING<\/span>\n\t\t\t\t\t\t<\/span><\/a><\/dt>\n\t            \t\t<dd class=\"ult-tabto-accordionItem ult-tabto-accolapsed\">\n\t\t\t\t            <div class=\"ult-tabto-acontent\" style=\"color:#74777b;\">\n\t\t\t\t               [vc_column_text]Inl\u00e4mnande av en \u00e5rsredovisning \u00e4r obligatoriskt f\u00f6r alla f\u00f6retag registrerade i Lettland \u00e4ven om f\u00f6retaget inte har haft n\u00e5gon verksamhet under r\u00e4kenskaps\u00e5ret. Tidsfristen f\u00f6r \u00e5rsredovisningar \u00e4r vanligtvis inom fyra m\u00e5nader* efter r\u00e4kenskaps\u00e5rets slut, d.v.s. om ditt f\u00f6retags r\u00e4kenskaps\u00e5r slutar den 31:a december m\u00e5ste \u00e5rsredovisningen l\u00e4mnas in senast den 30:e april.<br \/>\nAll l\u00f6pande bokf\u00f6ring m\u00e5ste vara avslutad innan \u00e5rsredovisningen b\u00f6rjar sammanst\u00e4llas.<\/p>\n<p><strong>I priset f\u00f6r \u00e5rsredovisningen ing\u00e5r:<\/strong><\/p>\n<ul>\n<li>Balansr\u00e4kning<\/li>\n<li>Resultatr\u00e4kning<\/li>\n<li>Kassafl\u00f6desanalys<\/li>\n<li>F\u00f6r\u00e4ndringar i eget kapital<\/li>\n<li>Noter till \u00e5rsredovisningen<\/li>\n<li>F\u00f6rvaltningsber\u00e4ttelse<\/li>\n<li>Inl\u00e4mning av rapporten (Den kan levereras som papperskopia till SRS eller i elektroniskt format genom SRS&#8217; elektroniska deklarationssystem (EDS). Om du ger 1Office \u00e5tkomsten till systemet kan vi g\u00f6ra det \u00e5t dig).<\/li>\n<\/ul>\n<p>Om den l\u00f6pande bokf\u00f6ringen f\u00f6r r\u00e4kenskaps\u00e5ret inte har gjorts (eller inte har gjorts korrekt), tillkommer en extra avgift grundad p\u00e5 bokf\u00f6ringsspecialistens arbetstimmar. Det exakta inneh\u00e5llet och formen p\u00e5 \u00e5rsredovisningen beror p\u00e5 f\u00f6retagets storlek och n\u00e4ringsgren.<\/p>\n<p><strong>Processfl\u00f6de:<\/strong><\/p>\n<ul>\n<li>Om ditt f\u00f6retags l\u00f6pande bokf\u00f6ring inte utf\u00f6rs av 1Office m\u00e5ste du skicka in alla k\u00e4lldokument (kontoutdrag, ink\u00f6ps- och f\u00f6rs\u00e4ljningsfakturor) som underlag f\u00f6r v\u00e5r prisoffert.<\/li>\n<li>Vi avtalar om n\u00f6dv\u00e4ndigt arbete och ett slutpris<\/li>\n<li>N\u00e4r vi har f\u00e5tt in alla n\u00f6dv\u00e4ndiga dokument g\u00e5r vi igenom dessa och sammanst\u00e4ller \u00e5rsredovisningen<\/li>\n<li>Vi \u00f6verl\u00e4mnar den sammanst\u00e4llda rapporten till dig s\u00e5 att du kan skicka in den till SRS eller, om du har gett oss \u00e5tkomst till systemet, l\u00e4mnar vi in rapporten sj\u00e4lva.<\/li>\n<li>Som ett undantag har vissa f\u00f6retag sju m\u00e5nader p\u00e5 sig att l\u00e4mna in den sammanst\u00e4llda \u00e5rsredovisningen.<\/li>\n<\/ul>\n<p>[\/vc_column_text]\n\t\t\t\t            <\/div>\n\t        \t\t\t<\/dd><dt class=\"product-faq\">\n\t        \t<a class=\"ult-tabto-actitle withBorder ult_a \" id=\"1512642751435-8cbfe-4c64\" style=\"color:#b6b8ba;;background-color:#ffffff;border-bottom-color:transparent;border-bottom-width:0px;border-bottom-style:solid;border-bottom-color:transparent;border-bottom-width:0px;border-bottom-style:solid;\" href=\"#1512642751435-8cbfe-4c64\">\n\t        \t\t<i class=\"accordion-icon\"><\/i>\n\t        \t\t\t<span class=\"ult_tab_main ult_ac_main ult_noacordicnBoth\">\n\n\t\t\t\t\t\t<span  data-ultimate-target='#advanced-tabs-wrap-6302 .ult-span-text'  data-responsive-json-new='{\"font-size\":\"desktop:14px;\",\"line-height\":\"\"}'  class=\"ult-span-text no_icon ult_acordian-text ult-responsive\" style=\"font-weight:bold;;color:inherit \" >VANLIGA FR\u00c5GOR<\/span>\n\t\t\t\t\t\t<\/span><\/a><\/dt>\n\t            \t\t<dd class=\"ult-tabto-accordionItem ult-tabto-accolapsed\">\n\t\t\t\t            <div class=\"ult-tabto-acontent\" style=\"color:#74777b;\">\n\t\t\t\t               [vc_toggle title=&#8221;1. Vem ska l\u00e4mna in \u00e5rsredovisningen?&#8221; style=&#8221;arrow&#8221; custom_font_container=&#8221;tag:h5|text_align:left&#8221; custom_use_theme_fonts=&#8221;yes&#8221; use_custom_heading=&#8221;true&#8221;]\u00c5rsredovisning ska l\u00e4mnas in av alla kommersiella bolag, kooperativa f\u00f6retag, europeiska ekonomiska intressegrupperingar, europeiska kooperativa f\u00f6retag och europeiska kommersiella bolag registrerade i Lettland.[\/vc_toggle][vc_toggle title=&#8221;2. Vad h\u00e4nder om jag inte l\u00e4mnar in \u00e5rsredovisningen?&#8221; style=&#8221;arrow&#8221; custom_font_container=&#8221;tag:h5|text_align:left&#8221; custom_use_theme_fonts=&#8221;yes&#8221; use_custom_heading=&#8221;true&#8221;]Att inte l\u00e4mna in \u00e5rsredovisning kan f\u00e5 p\u00e5f\u00f6ljder. F\u00f6retag som har l\u00e4mnat in \u00e5rsredovisningen f\u00f6r sent har begr\u00e4nsade m\u00f6jligheter att delta i allm\u00e4nna upphandlingar.[\/vc_toggle]\n\t\t\t\t            <\/div>\n\t        \t\t\t<\/dd>\n    \t<\/dl>\n    <!--<div class=\"extraborder\" style=\"background-color:#ffffff\"><\/div>-->\n<\/div>\n\n<\/div>[\/vc_column][\/vc_row]<\/p>\n<\/div>","protected":false},"excerpt":{"rendered":"<p>Varje f\u00f6retag registrerat i Lettland m\u00e5ste l\u00e4mna in en \u00e5rsredovisning till Bolagsregistret (SRS). Den m\u00e5ste g\u00f6ras p\u00e5 lettiska och i den officiella valutan i Lettland (EUR).<\/p>\n","protected":false},"featured_media":57442,"template":"","meta":{"_acf_changed":false,"inline_featured_image":false},"product_brand":[],"product_cat":[350],"product_tag":[351],"class_list":{"0":"post-57811","1":"product","2":"type-product","3":"status-publish","4":"has-post-thumbnail","6":"product_cat-accounting-sv","7":"product_tag-latvia-sv","8":"description-off","10":"first","11":"instock","12":"virtual","13":"taxable","14":"purchasable","15":"product-type-simple"},"bundled_by":[],"bundle_stock_status":"instock","bundle_stock_quantity":null,"bundle_virtual":false,"bundle_layout":"","bundle_add_to_cart_form_location":"","bundle_editable_in_cart":false,"bundle_sold_individually_context":"","bundle_item_grouping":"","bundle_min_size":"","bundle_max_size":"","bundle_price":[],"bundled_items":[],"bundle_sell_ids":[],"acf":[],"yoast_head":"<!-- This site is optimized with the Yoast SEO Premium plugin v22.1 (Yoast SEO v27.0) - https:\/\/yoast.com\/product\/yoast-seo-premium-wordpress\/ -->\n<title>\u00c5rsredovisning - 1Office Latvia<\/title>\n<meta name=\"description\" content=\"Every company registered in Latvia has to submit annual report to the State Revenue Service (SRS). It has to be prepared in Latvian and in the currency officially applicable in Latvia (EUR).\" \/>\n<meta name=\"robots\" content=\"index, follow, max-snippet:-1, max-image-preview:large, max-video-preview:-1\" \/>\n<link rel=\"canonical\" href=\"https:\/\/1office.co\/latvia\/sv\/produkt\/annual-report\/\" \/>\n<meta property=\"og:locale\" content=\"sv_SE\" \/>\n<meta property=\"og:type\" content=\"article\" \/>\n<meta property=\"og:title\" content=\"\u00c5rsredovisning\" \/>\n<meta property=\"og:description\" content=\"Every company registered in Latvia has to submit annual report to the State Revenue Service (SRS). It has to be prepared in Latvian and in the currency officially applicable in Latvia (EUR).\" \/>\n<meta property=\"og:url\" content=\"https:\/\/1office.co\/latvia\/sv\/produkt\/annual-report\/\" \/>\n<meta property=\"og:site_name\" content=\"1Office Latvia\" \/>\n<meta property=\"article:modified_time\" content=\"2020-02-04T12:13:47+00:00\" \/>\n<meta property=\"og:image\" content=\"https:\/\/1office.co\/latvia\/wp-content\/uploads\/sites\/11\/2017\/08\/pexels-photo-442574.jpeg\" \/>\n\t<meta property=\"og:image:width\" content=\"1920\" \/>\n\t<meta property=\"og:image:height\" content=\"1280\" \/>\n\t<meta property=\"og:image:type\" content=\"image\/jpeg\" \/>\n<meta name=\"twitter:card\" content=\"summary_large_image\" \/>\n<meta name=\"twitter:label1\" content=\"Ber\u00e4knad l\u00e4stid\" \/>\n\t<meta name=\"twitter:data1\" content=\"3 minuter\" \/>\n<script type=\"application\/ld+json\" class=\"yoast-schema-graph\">{\"@context\":\"https:\/\/schema.org\",\"@graph\":[{\"@type\":\"WebPage\",\"@id\":\"https:\/\/1office.co\/latvia\/sv\/produkt\/annual-report\/\",\"url\":\"https:\/\/1office.co\/latvia\/sv\/produkt\/annual-report\/\",\"name\":\"\u00c5rsredovisning - 1Office Latvia\",\"isPartOf\":{\"@id\":\"https:\/\/1office.co\/latvia\/et\/#website\"},\"primaryImageOfPage\":{\"@id\":\"https:\/\/1office.co\/latvia\/sv\/produkt\/annual-report\/#primaryimage\"},\"image\":{\"@id\":\"https:\/\/1office.co\/latvia\/sv\/produkt\/annual-report\/#primaryimage\"},\"thumbnailUrl\":\"https:\/\/1office.co\/latvia\/wp-content\/uploads\/sites\/11\/2017\/08\/pexels-photo-442574.jpeg\",\"datePublished\":\"2017-08-10T10:40:14+00:00\",\"dateModified\":\"2020-02-04T12:13:47+00:00\",\"description\":\"Every company registered in Latvia has to submit annual report to the State Revenue Service (SRS). It has to be prepared in Latvian and in the currency officially applicable in Latvia (EUR).\",\"breadcrumb\":{\"@id\":\"https:\/\/1office.co\/latvia\/sv\/produkt\/annual-report\/#breadcrumb\"},\"inLanguage\":\"sv-SE\",\"potentialAction\":[{\"@type\":\"ReadAction\",\"target\":[\"https:\/\/1office.co\/latvia\/sv\/produkt\/annual-report\/\"]}]},{\"@type\":\"ImageObject\",\"inLanguage\":\"sv-SE\",\"@id\":\"https:\/\/1office.co\/latvia\/sv\/produkt\/annual-report\/#primaryimage\",\"url\":\"https:\/\/1office.co\/latvia\/wp-content\/uploads\/sites\/11\/2017\/08\/pexels-photo-442574.jpeg\",\"contentUrl\":\"https:\/\/1office.co\/latvia\/wp-content\/uploads\/sites\/11\/2017\/08\/pexels-photo-442574.jpeg\",\"width\":1920,\"height\":1280},{\"@type\":\"BreadcrumbList\",\"@id\":\"https:\/\/1office.co\/latvia\/sv\/produkt\/annual-report\/#breadcrumb\",\"itemListElement\":[{\"@type\":\"ListItem\",\"position\":1,\"name\":\"Home\",\"item\":\"https:\/\/1office.co\/latvia\/sv\/\"},{\"@type\":\"ListItem\",\"position\":2,\"name\":\"Services Shop\",\"item\":\"https:\/\/1office.co\/latvia\/services-shop\/\"},{\"@type\":\"ListItem\",\"position\":3,\"name\":\"\u00c5rsredovisning\"}]},{\"@type\":\"WebSite\",\"@id\":\"https:\/\/1office.co\/latvia\/et\/#website\",\"url\":\"https:\/\/1office.co\/latvia\/et\/\",\"name\":\"1Office Latvia\",\"description\":\"Making Business Simple\",\"potentialAction\":[{\"@type\":\"SearchAction\",\"target\":{\"@type\":\"EntryPoint\",\"urlTemplate\":\"https:\/\/1office.co\/latvia\/et\/?s={search_term_string}\"},\"query-input\":{\"@type\":\"PropertyValueSpecification\",\"valueRequired\":true,\"valueName\":\"search_term_string\"}}],\"inLanguage\":\"sv-SE\"}]}<\/script>\n<!-- \/ Yoast SEO Premium plugin. -->","yoast_head_json":{"title":"\u00c5rsredovisning - 1Office Latvia","description":"Every company registered in Latvia has to submit annual report to the State Revenue Service (SRS). It has to be prepared in Latvian and in the currency officially applicable in Latvia (EUR).","robots":{"index":"index","follow":"follow","max-snippet":"max-snippet:-1","max-image-preview":"max-image-preview:large","max-video-preview":"max-video-preview:-1"},"canonical":"https:\/\/1office.co\/latvia\/sv\/produkt\/annual-report\/","og_locale":"sv_SE","og_type":"article","og_title":"\u00c5rsredovisning","og_description":"Every company registered in Latvia has to submit annual report to the State Revenue Service (SRS). It has to be prepared in Latvian and in the currency officially applicable in Latvia (EUR).","og_url":"https:\/\/1office.co\/latvia\/sv\/produkt\/annual-report\/","og_site_name":"1Office Latvia","article_modified_time":"2020-02-04T12:13:47+00:00","og_image":[{"width":1920,"height":1280,"url":"https:\/\/1office.co\/latvia\/wp-content\/uploads\/sites\/11\/2017\/08\/pexels-photo-442574.jpeg","type":"image\/jpeg"}],"twitter_card":"summary_large_image","twitter_misc":{"Ber\u00e4knad l\u00e4stid":"3 minuter"},"schema":{"@context":"https:\/\/schema.org","@graph":[{"@type":"WebPage","@id":"https:\/\/1office.co\/latvia\/sv\/produkt\/annual-report\/","url":"https:\/\/1office.co\/latvia\/sv\/produkt\/annual-report\/","name":"\u00c5rsredovisning - 1Office Latvia","isPartOf":{"@id":"https:\/\/1office.co\/latvia\/et\/#website"},"primaryImageOfPage":{"@id":"https:\/\/1office.co\/latvia\/sv\/produkt\/annual-report\/#primaryimage"},"image":{"@id":"https:\/\/1office.co\/latvia\/sv\/produkt\/annual-report\/#primaryimage"},"thumbnailUrl":"https:\/\/1office.co\/latvia\/wp-content\/uploads\/sites\/11\/2017\/08\/pexels-photo-442574.jpeg","datePublished":"2017-08-10T10:40:14+00:00","dateModified":"2020-02-04T12:13:47+00:00","description":"Every company registered in Latvia has to submit annual report to the State Revenue Service (SRS). It has to be prepared in Latvian and in the currency officially applicable in Latvia (EUR).","breadcrumb":{"@id":"https:\/\/1office.co\/latvia\/sv\/produkt\/annual-report\/#breadcrumb"},"inLanguage":"sv-SE","potentialAction":[{"@type":"ReadAction","target":["https:\/\/1office.co\/latvia\/sv\/produkt\/annual-report\/"]}]},{"@type":"ImageObject","inLanguage":"sv-SE","@id":"https:\/\/1office.co\/latvia\/sv\/produkt\/annual-report\/#primaryimage","url":"https:\/\/1office.co\/latvia\/wp-content\/uploads\/sites\/11\/2017\/08\/pexels-photo-442574.jpeg","contentUrl":"https:\/\/1office.co\/latvia\/wp-content\/uploads\/sites\/11\/2017\/08\/pexels-photo-442574.jpeg","width":1920,"height":1280},{"@type":"BreadcrumbList","@id":"https:\/\/1office.co\/latvia\/sv\/produkt\/annual-report\/#breadcrumb","itemListElement":[{"@type":"ListItem","position":1,"name":"Home","item":"https:\/\/1office.co\/latvia\/sv\/"},{"@type":"ListItem","position":2,"name":"Services Shop","item":"https:\/\/1office.co\/latvia\/services-shop\/"},{"@type":"ListItem","position":3,"name":"\u00c5rsredovisning"}]},{"@type":"WebSite","@id":"https:\/\/1office.co\/latvia\/et\/#website","url":"https:\/\/1office.co\/latvia\/et\/","name":"1Office Latvia","description":"Making Business Simple","potentialAction":[{"@type":"SearchAction","target":{"@type":"EntryPoint","urlTemplate":"https:\/\/1office.co\/latvia\/et\/?s={search_term_string}"},"query-input":{"@type":"PropertyValueSpecification","valueRequired":true,"valueName":"search_term_string"}}],"inLanguage":"sv-SE"}]}},"_links":{"self":[{"href":"https:\/\/1office.co\/latvia\/sv\/wp-json\/wp\/v2\/product\/57811","targetHints":{"allow":["GET"]}}],"collection":[{"href":"https:\/\/1office.co\/latvia\/sv\/wp-json\/wp\/v2\/product"}],"about":[{"href":"https:\/\/1office.co\/latvia\/sv\/wp-json\/wp\/v2\/types\/product"}],"wp:featuredmedia":[{"embeddable":true,"href":"https:\/\/1office.co\/latvia\/sv\/wp-json\/wp\/v2\/media\/57442"}],"wp:attachment":[{"href":"https:\/\/1office.co\/latvia\/sv\/wp-json\/wp\/v2\/media?parent=57811"}],"wp:term":[{"taxonomy":"product_brand","embeddable":true,"href":"https:\/\/1office.co\/latvia\/sv\/wp-json\/wp\/v2\/product_brand?post=57811"},{"taxonomy":"product_cat","embeddable":true,"href":"https:\/\/1office.co\/latvia\/sv\/wp-json\/wp\/v2\/product_cat?post=57811"},{"taxonomy":"product_tag","embeddable":true,"href":"https:\/\/1office.co\/latvia\/sv\/wp-json\/wp\/v2\/product_tag?post=57811"}],"curies":[{"name":"wp","href":"https:\/\/api.w.org\/{rel}","templated":true}]}}