{"id":57826,"date":"2017-08-10T08:34:10","date_gmt":"2017-08-10T08:34:10","guid":{"rendered":"https:\/\/1office.co\/latvia\/product\/company-formation-sia-in-notarys-office\/"},"modified":"2018-09-14T08:21:53","modified_gmt":"2018-09-14T08:21:53","slug":"company-formation-sia-in-notarys-office","status":"publish","type":"product","link":"https:\/\/1office.co\/latvia\/sv\/produkt\/company-formation-sia-in-notarys-office\/","title":{"rendered":"Bildande av f\u00f6retag (SIA) hos notarius publicus f\u00f6retag"},"content":{"rendered":"<div class=\"wpb-content-wrapper\"><p>[vc_row][vc_column]<div id=\"advanced-tabs-desc-wrap-5898\" class=\"ult_tabs product_tabs\" style=\" \" data-tabsstyle=\"style1\"\n data-titlebg=\"#ffffff\" data-titlecolor=\"#b6b8ba\" data-fullheight=\"off\"\n data-titlehoverbg=\"#ffffff\" data-titlehovercolor=\"#1d1e23\"\n data-rotatetabs=\"0\" data-responsivemode=\"Both\" data-animation=\"Slide\"\ndata-activetitle=\"#1d1e23\" data-activeicon=\"\" data-activebg=\"#ffffff\"  data-respmode=\"Tabs\" data-respwidth=\"400\" data-scroll = \"on\" data-activeindex=\"1\"><ul id=advanced-tabs-wrap-8149 class=\"ult_tabmenu style1 \" style=\"\"><li class=\"ult_tab_li  \" data-iconcolor=\"#74777b\" data-iconhover=\"#ffffff\" style=\"background-color:#ffffff;border-color:transparent;border-width:0px;border-style:solid;border-top-right-radius:8px;\">\n\t\t\t\t\t<a href=\"#1512642751410-8ee0b-c3ff\"  id=\"1512642751410-8ee0b-c3ff\"  style=\"color:#b6b8ba;; padding:15px; \" class=\"ult_a  \">\n\t\t\t\t\t     <span class=\"ult_tab_main Both \">\n\t\t\t\t\t \t\t <span class=\"ult_tab_section\">\n\t\t\t\t\t   \t\t\t<span  data-ultimate-target='#advanced-tabs-wrap-8149 .ult-span-text'  data-responsive-json-new='{\"font-size\":\"desktop:14px;\",\"line-height\":\"\"}'  class=\"ult-span-text no_icon ult_tab_display_text ult-responsive\" style=\"font-weight:bold;;\">BESKRIVNING<\/span>\n\t\t\t\t\t   \t\t<\/span>\n\t\t\t\t\t\t<\/span>\n\t\t\t\t\t<\/a>\n\t\t\t\t\t<\/li><\/ul><div  data-ultimate-target='#advanced-tabs-desc-wrap-5898 .ult_tabcontent .ult_tab_min_contain  p'  data-responsive-json-new='{\"font-size\":\"\",\"line-height\":\"\"}' class=\"ult_tabcontent ult-responsive style1\" style=\"color:#74777b;\"><div class=\"ult_tab_min_contain \" >\n\t\t\t<div  class=\"ult_tabitemname\"  >\n\t\t\t\t[vc_column_text]Bildande av f\u00f6retag hos notarius publicus, assisterad av en 1Office representant. Ett alternativ \u00e4r att underteckna registreringsdokumenten hos notarius publicus i ett annat land och skicka originaldokumenten till Lettland med post.<br \/>\nF\u00f6retaget registreras inom 5 arbetsdagar fr\u00e5n dokumentens inskickande till bolagssregistret.<\/p>\n<p><strong>Priset inkluderar:<\/strong><br \/>\n\u2022 Bokning av tid hos notarius publicus i Riga<br \/>\n\u2022 F\u00e4rdigst\u00e4llande av registreringsdokument<br \/>\n\u2022 Statlig avgift<br \/>\n\u2022 Notarieavgifter<br \/>\n\u2022 Inl\u00e4mnande av dokument till bolagsregistret<\/p>\n<p>Stiftaren m\u00e5ste bes\u00f6ka notarius publicus personligen eller bemyndiga en 1Office representant att f\u00f6retr\u00e4da denna mot en extra avgift.<\/p>\n<p><strong>Processfl\u00f6de:<\/strong><br \/>\n* Efter att ha tecknat avtal f\u00e4rdigst\u00e4ller vi dokumenten grundade p\u00e5 kundens information inom 1 arbetsdag och e-postar dessa till kunden.<br \/>\n* Kunden m\u00e5ste bes\u00f6ka notarius publicus i sitt hemland (eller i Riga) f\u00f6r att underteckna dokumenten och skicka sedan originalen tillbaka till 1Office med post.<br \/>\n* Om dokumenten inte \u00e4r legaliserade p\u00e5 lettiska m\u00e5ste vi ordna en auktoriserad \u00f6vers\u00e4ttning mot en extra avgift.<br \/>\n* Vi l\u00e4mnar in registreringsdokumenten till bolagsregistret. Det tar upp till 5 arbetsdagar f\u00f6r f\u00f6retaget att bli registrerat.<br \/>\nEfter att f\u00f6retaget \u00e4r registrerat kan vi f\u00f6resl\u00e5 en bank som kunden kan v\u00e4nda sig till f\u00f6r att \u00f6ppna ett f\u00f6retagskonto och f\u00f6retr\u00e4da kunden genom en fullmakt, men vi kan inte garantera att kontot kommer att \u00f6ppnas eftersom detta beslut \u00e4r helt och h\u00e5llet bankens.[\/vc_column_text]\n\t\t\t<\/div><\/div><\/div><\/div><div class=\"ult_acord advanced-tabs-desc-wrap-5898\">\n   <div class=\"ult-tabto-accordion \" style=\"width:;\"\n    data-titlecolor=\"#b6b8ba\"  data-titlebg=\"#ffffff\"\n     data-titlehoverbg=\"#ffffff\" data-titlehovercolor=\"#1d1e23\" data-animation=\"Slide\"\n     data-activetitle=\"#1d1e23\" data-activeicon=\"\" data-activebg=\"#ffffff\" data-scroll = \"on\" data-activeindex=\"1\" >\n     <dl><dt class=\"\">\n\t        \t<a class=\"ult-tabto-actitle withBorder ult_a \" id=\"1512642751410-8ee0b-c3ff\" style=\"color:#b6b8ba;;background-color:#ffffff;border-bottom-color:transparent;border-bottom-width:0px;border-bottom-style:solid;\" href=\"#1512642751410-8ee0b-c3ff\">\n\t        \t\t<i class=\"accordion-icon\"><\/i>\n\t        \t\t\t<span class=\"ult_tab_main ult_ac_main ult_noacordicnBoth\">\n\n\t\t\t\t\t\t<span  data-ultimate-target='#advanced-tabs-wrap-8149 .ult-span-text'  data-responsive-json-new='{\"font-size\":\"desktop:14px;\",\"line-height\":\"\"}'  class=\"ult-span-text no_icon ult_acordian-text ult-responsive\" style=\"font-weight:bold;;color:inherit \" >BESKRIVNING<\/span>\n\t\t\t\t\t\t<\/span><\/a><\/dt>\n\t            \t\t<dd class=\"ult-tabto-accordionItem ult-tabto-accolapsed\">\n\t\t\t\t            <div class=\"ult-tabto-acontent\" style=\"color:#74777b;\">\n\t\t\t\t               [vc_column_text]Bildande av f\u00f6retag hos notarius publicus, assisterad av en 1Office representant. Ett alternativ \u00e4r att underteckna registreringsdokumenten hos notarius publicus i ett annat land och skicka originaldokumenten till Lettland med post.<br \/>\nF\u00f6retaget registreras inom 5 arbetsdagar fr\u00e5n dokumentens inskickande till bolagssregistret.<\/p>\n<p><strong>Priset inkluderar:<\/strong><br \/>\n\u2022 Bokning av tid hos notarius publicus i Riga<br \/>\n\u2022 F\u00e4rdigst\u00e4llande av registreringsdokument<br \/>\n\u2022 Statlig avgift<br \/>\n\u2022 Notarieavgifter<br \/>\n\u2022 Inl\u00e4mnande av dokument till bolagsregistret<\/p>\n<p>Stiftaren m\u00e5ste bes\u00f6ka notarius publicus personligen eller bemyndiga en 1Office representant att f\u00f6retr\u00e4da denna mot en extra avgift.<\/p>\n<p><strong>Processfl\u00f6de:<\/strong><br \/>\n* Efter att ha tecknat avtal f\u00e4rdigst\u00e4ller vi dokumenten grundade p\u00e5 kundens information inom 1 arbetsdag och e-postar dessa till kunden.<br \/>\n* Kunden m\u00e5ste bes\u00f6ka notarius publicus i sitt hemland (eller i Riga) f\u00f6r att underteckna dokumenten och skicka sedan originalen tillbaka till 1Office med post.<br \/>\n* Om dokumenten inte \u00e4r legaliserade p\u00e5 lettiska m\u00e5ste vi ordna en auktoriserad \u00f6vers\u00e4ttning mot en extra avgift.<br \/>\n* Vi l\u00e4mnar in registreringsdokumenten till bolagsregistret. Det tar upp till 5 arbetsdagar f\u00f6r f\u00f6retaget att bli registrerat.<br \/>\nEfter att f\u00f6retaget \u00e4r registrerat kan vi f\u00f6resl\u00e5 en bank som kunden kan v\u00e4nda sig till f\u00f6r att \u00f6ppna ett f\u00f6retagskonto och f\u00f6retr\u00e4da kunden genom en fullmakt, men vi kan inte garantera att kontot kommer att \u00f6ppnas eftersom detta beslut \u00e4r helt och h\u00e5llet bankens.[\/vc_column_text]\n\t\t\t\t            <\/div>\n\t        \t\t\t<\/dd>\n    \t<\/dl>\n    <!--<div class=\"extraborder\" style=\"background-color:#ffffff\"><\/div>-->\n<\/div>\n\n<\/div>[\/vc_column][\/vc_row]<\/p>\n<\/div>","protected":false},"excerpt":{"rendered":"<p>Bildande av f\u00f6retag hos notarius publicus \u00e4r ett l\u00e4mpligt alternativ f\u00f6r privatpersoner och juridiska personer som vill undvika besv\u00e4ret med att sj\u00e4lva fylla i alla n\u00f6dv\u00e4ndiga dokument p\u00e5 lettiska till olika instanser.<\/p>\n","protected":false},"featured_media":57896,"template":"","meta":{"_acf_changed":false,"inline_featured_image":false},"product_brand":[],"product_cat":[368],"product_tag":[351],"class_list":{"0":"post-57826","1":"product","2":"type-product","3":"status-publish","4":"has-post-thumbnail","6":"product_cat-company-formation-sv","7":"product_tag-latvia-sv","8":"description-off","10":"first","11":"instock","12":"virtual","13":"taxable","14":"purchasable","15":"product-type-simple"},"bundled_by":[],"bundle_stock_status":"instock","bundle_stock_quantity":null,"bundle_virtual":false,"bundle_layout":"","bundle_add_to_cart_form_location":"","bundle_editable_in_cart":false,"bundle_sold_individually_context":"","bundle_item_grouping":"","bundle_min_size":"","bundle_max_size":"","bundle_price":[],"bundled_items":[],"bundle_sell_ids":[],"acf":[],"yoast_head":"<!-- This site is optimized with the Yoast SEO Premium plugin v22.1 (Yoast SEO v27.0) - https:\/\/yoast.com\/product\/yoast-seo-premium-wordpress\/ -->\n<title>Bildande av f\u00f6retag (SIA) hos notarius publicus f\u00f6retag - 1Office Latvia<\/title>\n<meta name=\"description\" content=\"Company formation in notary\u2019s is a suitable option for clients who want to avoid the trouble of taking care of filling all necessary documents in Latvian to different offices themselves.\" \/>\n<meta name=\"robots\" content=\"index, follow, max-snippet:-1, max-image-preview:large, max-video-preview:-1\" \/>\n<link rel=\"canonical\" href=\"https:\/\/1office.co\/latvia\/sv\/produkt\/company-formation-sia-in-notarys-office\/\" \/>\n<meta property=\"og:locale\" content=\"sv_SE\" \/>\n<meta property=\"og:type\" content=\"article\" \/>\n<meta property=\"og:title\" content=\"Bildande av f\u00f6retag (SIA) hos notarius publicus f\u00f6retag\" \/>\n<meta property=\"og:description\" content=\"Company formation in notary\u2019s is a suitable option for clients who want to avoid the trouble of taking care of filling all necessary documents in Latvian to different offices themselves.\" \/>\n<meta property=\"og:url\" content=\"https:\/\/1office.co\/latvia\/sv\/produkt\/company-formation-sia-in-notarys-office\/\" \/>\n<meta property=\"og:site_name\" content=\"1Office Latvia\" \/>\n<meta property=\"article:modified_time\" content=\"2018-09-14T08:21:53+00:00\" \/>\n<meta property=\"og:image\" content=\"https:\/\/1office.co\/latvia\/wp-content\/uploads\/sites\/11\/2017\/08\/101693631-notarys-public-pen-and-stamp-on-testament-and-last-will-.jpg\" \/>\n\t<meta property=\"og:image:width\" content=\"450\" \/>\n\t<meta property=\"og:image:height\" content=\"300\" \/>\n\t<meta property=\"og:image:type\" content=\"image\/jpeg\" \/>\n<meta name=\"twitter:card\" content=\"summary_large_image\" \/>\n<meta name=\"twitter:label1\" content=\"Ber\u00e4knad l\u00e4stid\" \/>\n\t<meta name=\"twitter:data1\" content=\"2 minuter\" \/>\n<script type=\"application\/ld+json\" class=\"yoast-schema-graph\">{\"@context\":\"https:\/\/schema.org\",\"@graph\":[{\"@type\":\"WebPage\",\"@id\":\"https:\/\/1office.co\/latvia\/sv\/produkt\/company-formation-sia-in-notarys-office\/\",\"url\":\"https:\/\/1office.co\/latvia\/sv\/produkt\/company-formation-sia-in-notarys-office\/\",\"name\":\"Bildande av f\u00f6retag (SIA) hos notarius publicus f\u00f6retag - 1Office Latvia\",\"isPartOf\":{\"@id\":\"https:\/\/1office.co\/latvia\/et\/#website\"},\"primaryImageOfPage\":{\"@id\":\"https:\/\/1office.co\/latvia\/sv\/produkt\/company-formation-sia-in-notarys-office\/#primaryimage\"},\"image\":{\"@id\":\"https:\/\/1office.co\/latvia\/sv\/produkt\/company-formation-sia-in-notarys-office\/#primaryimage\"},\"thumbnailUrl\":\"https:\/\/1office.co\/latvia\/wp-content\/uploads\/sites\/11\/2017\/08\/101693631-notarys-public-pen-and-stamp-on-testament-and-last-will-.jpg\",\"datePublished\":\"2017-08-10T08:34:10+00:00\",\"dateModified\":\"2018-09-14T08:21:53+00:00\",\"description\":\"Company formation in notary\u2019s is a suitable option for clients who want to avoid the trouble of taking care of filling all necessary documents in Latvian to different offices themselves.\",\"breadcrumb\":{\"@id\":\"https:\/\/1office.co\/latvia\/sv\/produkt\/company-formation-sia-in-notarys-office\/#breadcrumb\"},\"inLanguage\":\"sv-SE\",\"potentialAction\":[{\"@type\":\"ReadAction\",\"target\":[\"https:\/\/1office.co\/latvia\/sv\/produkt\/company-formation-sia-in-notarys-office\/\"]}]},{\"@type\":\"ImageObject\",\"inLanguage\":\"sv-SE\",\"@id\":\"https:\/\/1office.co\/latvia\/sv\/produkt\/company-formation-sia-in-notarys-office\/#primaryimage\",\"url\":\"https:\/\/1office.co\/latvia\/wp-content\/uploads\/sites\/11\/2017\/08\/101693631-notarys-public-pen-and-stamp-on-testament-and-last-will-.jpg\",\"contentUrl\":\"https:\/\/1office.co\/latvia\/wp-content\/uploads\/sites\/11\/2017\/08\/101693631-notarys-public-pen-and-stamp-on-testament-and-last-will-.jpg\",\"width\":450,\"height\":300},{\"@type\":\"BreadcrumbList\",\"@id\":\"https:\/\/1office.co\/latvia\/sv\/produkt\/company-formation-sia-in-notarys-office\/#breadcrumb\",\"itemListElement\":[{\"@type\":\"ListItem\",\"position\":1,\"name\":\"Home\",\"item\":\"https:\/\/1office.co\/latvia\/sv\/\"},{\"@type\":\"ListItem\",\"position\":2,\"name\":\"Services Shop\",\"item\":\"https:\/\/1office.co\/latvia\/services-shop\/\"},{\"@type\":\"ListItem\",\"position\":3,\"name\":\"Bildande av f\u00f6retag (SIA) hos notarius publicus f\u00f6retag\"}]},{\"@type\":\"WebSite\",\"@id\":\"https:\/\/1office.co\/latvia\/et\/#website\",\"url\":\"https:\/\/1office.co\/latvia\/et\/\",\"name\":\"1Office Latvia\",\"description\":\"Making Business Simple\",\"potentialAction\":[{\"@type\":\"SearchAction\",\"target\":{\"@type\":\"EntryPoint\",\"urlTemplate\":\"https:\/\/1office.co\/latvia\/et\/?s={search_term_string}\"},\"query-input\":{\"@type\":\"PropertyValueSpecification\",\"valueRequired\":true,\"valueName\":\"search_term_string\"}}],\"inLanguage\":\"sv-SE\"}]}<\/script>\n<!-- \/ Yoast SEO Premium plugin. -->","yoast_head_json":{"title":"Bildande av f\u00f6retag (SIA) hos notarius publicus f\u00f6retag - 1Office Latvia","description":"Company formation in notary\u2019s is a suitable option for clients who want to avoid the trouble of taking care of filling all necessary documents in Latvian to different offices themselves.","robots":{"index":"index","follow":"follow","max-snippet":"max-snippet:-1","max-image-preview":"max-image-preview:large","max-video-preview":"max-video-preview:-1"},"canonical":"https:\/\/1office.co\/latvia\/sv\/produkt\/company-formation-sia-in-notarys-office\/","og_locale":"sv_SE","og_type":"article","og_title":"Bildande av f\u00f6retag (SIA) hos notarius publicus f\u00f6retag","og_description":"Company formation in notary\u2019s is a suitable option for clients who want to avoid the trouble of taking care of filling all necessary documents in Latvian to different offices themselves.","og_url":"https:\/\/1office.co\/latvia\/sv\/produkt\/company-formation-sia-in-notarys-office\/","og_site_name":"1Office Latvia","article_modified_time":"2018-09-14T08:21:53+00:00","og_image":[{"width":450,"height":300,"url":"https:\/\/1office.co\/latvia\/wp-content\/uploads\/sites\/11\/2017\/08\/101693631-notarys-public-pen-and-stamp-on-testament-and-last-will-.jpg","type":"image\/jpeg"}],"twitter_card":"summary_large_image","twitter_misc":{"Ber\u00e4knad l\u00e4stid":"2 minuter"},"schema":{"@context":"https:\/\/schema.org","@graph":[{"@type":"WebPage","@id":"https:\/\/1office.co\/latvia\/sv\/produkt\/company-formation-sia-in-notarys-office\/","url":"https:\/\/1office.co\/latvia\/sv\/produkt\/company-formation-sia-in-notarys-office\/","name":"Bildande av f\u00f6retag (SIA) hos notarius publicus f\u00f6retag - 1Office Latvia","isPartOf":{"@id":"https:\/\/1office.co\/latvia\/et\/#website"},"primaryImageOfPage":{"@id":"https:\/\/1office.co\/latvia\/sv\/produkt\/company-formation-sia-in-notarys-office\/#primaryimage"},"image":{"@id":"https:\/\/1office.co\/latvia\/sv\/produkt\/company-formation-sia-in-notarys-office\/#primaryimage"},"thumbnailUrl":"https:\/\/1office.co\/latvia\/wp-content\/uploads\/sites\/11\/2017\/08\/101693631-notarys-public-pen-and-stamp-on-testament-and-last-will-.jpg","datePublished":"2017-08-10T08:34:10+00:00","dateModified":"2018-09-14T08:21:53+00:00","description":"Company formation in notary\u2019s is a suitable option for clients who want to avoid the trouble of taking care of filling all necessary documents in Latvian to different offices themselves.","breadcrumb":{"@id":"https:\/\/1office.co\/latvia\/sv\/produkt\/company-formation-sia-in-notarys-office\/#breadcrumb"},"inLanguage":"sv-SE","potentialAction":[{"@type":"ReadAction","target":["https:\/\/1office.co\/latvia\/sv\/produkt\/company-formation-sia-in-notarys-office\/"]}]},{"@type":"ImageObject","inLanguage":"sv-SE","@id":"https:\/\/1office.co\/latvia\/sv\/produkt\/company-formation-sia-in-notarys-office\/#primaryimage","url":"https:\/\/1office.co\/latvia\/wp-content\/uploads\/sites\/11\/2017\/08\/101693631-notarys-public-pen-and-stamp-on-testament-and-last-will-.jpg","contentUrl":"https:\/\/1office.co\/latvia\/wp-content\/uploads\/sites\/11\/2017\/08\/101693631-notarys-public-pen-and-stamp-on-testament-and-last-will-.jpg","width":450,"height":300},{"@type":"BreadcrumbList","@id":"https:\/\/1office.co\/latvia\/sv\/produkt\/company-formation-sia-in-notarys-office\/#breadcrumb","itemListElement":[{"@type":"ListItem","position":1,"name":"Home","item":"https:\/\/1office.co\/latvia\/sv\/"},{"@type":"ListItem","position":2,"name":"Services Shop","item":"https:\/\/1office.co\/latvia\/services-shop\/"},{"@type":"ListItem","position":3,"name":"Bildande av f\u00f6retag (SIA) hos notarius publicus f\u00f6retag"}]},{"@type":"WebSite","@id":"https:\/\/1office.co\/latvia\/et\/#website","url":"https:\/\/1office.co\/latvia\/et\/","name":"1Office Latvia","description":"Making Business Simple","potentialAction":[{"@type":"SearchAction","target":{"@type":"EntryPoint","urlTemplate":"https:\/\/1office.co\/latvia\/et\/?s={search_term_string}"},"query-input":{"@type":"PropertyValueSpecification","valueRequired":true,"valueName":"search_term_string"}}],"inLanguage":"sv-SE"}]}},"_links":{"self":[{"href":"https:\/\/1office.co\/latvia\/sv\/wp-json\/wp\/v2\/product\/57826","targetHints":{"allow":["GET"]}}],"collection":[{"href":"https:\/\/1office.co\/latvia\/sv\/wp-json\/wp\/v2\/product"}],"about":[{"href":"https:\/\/1office.co\/latvia\/sv\/wp-json\/wp\/v2\/types\/product"}],"wp:featuredmedia":[{"embeddable":true,"href":"https:\/\/1office.co\/latvia\/sv\/wp-json\/wp\/v2\/media\/57896"}],"wp:attachment":[{"href":"https:\/\/1office.co\/latvia\/sv\/wp-json\/wp\/v2\/media?parent=57826"}],"wp:term":[{"taxonomy":"product_brand","embeddable":true,"href":"https:\/\/1office.co\/latvia\/sv\/wp-json\/wp\/v2\/product_brand?post=57826"},{"taxonomy":"product_cat","embeddable":true,"href":"https:\/\/1office.co\/latvia\/sv\/wp-json\/wp\/v2\/product_cat?post=57826"},{"taxonomy":"product_tag","embeddable":true,"href":"https:\/\/1office.co\/latvia\/sv\/wp-json\/wp\/v2\/product_tag?post=57826"}],"curies":[{"name":"wp","href":"https:\/\/api.w.org\/{rel}","templated":true}]}}