{"id":57579,"date":"2017-08-10T08:34:10","date_gmt":"2017-08-10T08:34:10","guid":{"rendered":"https:\/\/1office.co\/lithuania\/product\/company-formation-in-notarys-office\/"},"modified":"2023-05-25T06:33:24","modified_gmt":"2023-05-25T06:33:24","slug":"ettevotte-asutamine-notaris","status":"publish","type":"product","link":"https:\/\/1office.co\/lithuania\/et\/toode\/ettevotte-asutamine-notaris\/","title":{"rendered":"Ettev\u00f5tte asutamine distantsilt"},"content":{"rendered":"<div class=\"wpb-content-wrapper\"><p>[vc_row][vc_column]<div id=\"advanced-tabs-desc-wrap-3366\" class=\"ult_tabs product_tabs\" style=\" \" data-tabsstyle=\"style1\"\n data-titlebg=\"#ffffff\" data-titlecolor=\"#b6b8ba\" data-fullheight=\"off\"\n data-titlehoverbg=\"#ffffff\" data-titlehovercolor=\"#1d1e23\"\n data-rotatetabs=\"0\" data-responsivemode=\"Both\" data-animation=\"Slide\"\ndata-activetitle=\"#1d1e23\" data-activeicon=\"\" data-activebg=\"#ffffff\"  data-respmode=\"Tabs\" data-respwidth=\"400\" data-scroll = \"on\" data-activeindex=\"1\"><ul id=advanced-tabs-wrap-6193 class=\"ult_tabmenu style1 \" style=\"\"><li class=\"ult_tab_li  \" data-iconcolor=\"#74777b\" data-iconhover=\"#ffffff\" style=\"background-color:#ffffff;border-color:transparent;border-width:0px;border-style:solid;border-top-left-radius:8px;\">\n\t\t\t\t\t<a href=\"#1512642751410-8ee0b-c3ff\"  id=\"1512642751410-8ee0b-c3ff\"  style=\"color:#b6b8ba;; padding:15px; \" class=\"ult_a  \">\n\t\t\t\t\t     <span class=\"ult_tab_main Both \">\n\t\t\t\t\t \t\t <span class=\"ult_tab_section\">\n\t\t\t\t\t   \t\t\t<span  data-ultimate-target='#advanced-tabs-wrap-6193 .ult-span-text'  data-responsive-json-new='{\"font-size\":\"desktop:14px;\",\"line-height\":\"\"}'  class=\"ult-span-text no_icon ult_tab_display_text ult-responsive\" style=\"font-weight:bold;;\">Kirjeldus<\/span>\n\t\t\t\t\t   \t\t<\/span>\n\t\t\t\t\t\t<\/span>\n\t\t\t\t\t<\/a>\n\t\t\t\t\t<\/li><li class=\"ult_tab_li  \" data-iconcolor=\"#74777b\" data-iconhover=\"#ffffff\" style=\"background-color:#ffffff;border-color:transparent;border-width:0px;border-style:solid;border-top-right-radius:8px;\">\n\t\t\t\t\t<a href=\"#1516974013560-1-1\"  id=\"1516974013560-1-1\"  style=\"color:#b6b8ba;; padding:15px; \" class=\"ult_a  \">\n\t\t\t\t\t     <span class=\"ult_tab_main Both \">\n\t\t\t\t\t \t\t <span class=\"ult_tab_section\">\n\t\t\t\t\t   \t\t\t<span  data-ultimate-target='#advanced-tabs-wrap-6193 .ult-span-text'  data-responsive-json-new='{\"font-size\":\"desktop:14px;\",\"line-height\":\"\"}'  class=\"ult-span-text no_icon ult_tab_display_text ult-responsive\" style=\"font-weight:bold;;\">KKK<\/span>\n\t\t\t\t\t   \t\t<\/span>\n\t\t\t\t\t\t<\/span>\n\t\t\t\t\t<\/a>\n\t\t\t\t\t<\/li><\/ul><div  data-ultimate-target='#advanced-tabs-desc-wrap-3366 .ult_tabcontent .ult_tab_min_contain  p'  data-responsive-json-new='{\"font-size\":\"\",\"line-height\":\"\"}' class=\"ult_tabcontent ult-responsive style1\" style=\"color:#74777b;\"><div class=\"ult_tab_min_contain \" >\n\t\t\t<div  class=\"ult_tabitemname\"  >\n\t\t\t\t[vc_column_text]Ettev\u00f5tte asutamine notaris 1Office esindaja kaasabil.<br \/>\nEttev\u00f5te registreeritakse 5 t\u00f6\u00f6p\u00e4eva jooksul p\u00e4rast dokumentide esitamist \u00e4riregistrile.<br \/>\nEttev\u00f5tte asutaja peab ettev\u00f5tte asutamise dokumendid allkirjastama ning andma 1Office&#8217;i esindajale volituse end notaris esindada.<br \/>\nEttev\u00f5tte aadressiks on v\u00f5imalik kasutada meie <a href=\"https:\/\/1office.co\/lithuania\/et\/toode\/ariaadress-vilniuse-kesklinnas\/\" target=\"_blank\" rel=\"noopener noreferrer\">\u00e4riaadressi<\/a>.<\/p>\n<p>&nbsp;<\/p>\n<p><strong>Hinnas sisaldub:<\/strong><\/p>\n<ul>\n<li>Ettev\u00f5tte asutamine \u00fche juhatuse liikme ja \u00fche direktoriga (palun k\u00fcsi hinnapakkumist ettev\u00f5tte asutamiseks kahe v\u00f5i enama juhatuse liikmega).<\/li>\n<li>Asutamisdokumentide ettevalmistamine leedu v\u00f5i inglise keeles<\/li>\n<li>Notariaja broneerimine Vilniuses<\/li>\n<li>Riigil\u00f5iv<\/li>\n<li>Notaritasud<\/li>\n<li>Dokumentide esitamine \u00e4riregistrile<\/li>\n<\/ul>\n<p>&nbsp;<\/p>\n<p><strong>Protsessikirjeldus:<\/strong><\/p>\n<ul>\n<li>P\u00e4rast ostu sooritamist, t\u00e4ida \u00e4ra meie poolt saadetud KYC vorm.<\/li>\n<li>P\u00e4rast KYC vormi t\u00e4itmist, valmistame antud informatsiooni p\u00f5hjal ette vajalikud dokumendid.<\/li>\n<li>Allkirjasta originaaldokumendid ja saada meile tagasi.<\/li>\n<li>Seej\u00e4rel lepime meie kokku notariaja ning esitame ettev\u00f5tte asutamise avalduse.<\/li>\n<li>1Office\u2019i esindaja avab osakapitali \u00fclekandmiseks esialgse pangakonto.<\/li>\n<li>Kanna osakapital esialgsele pangakontole.<\/li>\n<li>P\u00e4rast osakapitali sissemakset, esitame dokumendid \u00c4riregistrisse. Ettev\u00f5tte registreerimiseks l\u00e4heb kuni 5 t\u00f6\u00f6p\u00e4eva.<\/li>\n<li>Kui ettev\u00f5te on registreeritud, muuda esialgne pangakonto tavakontoks. See samm n\u00f5uab personaalset kohalolekut. Vajadusel v\u00f5ib meie jurist olla lisatasu eest ka pangas saatjaks.<\/li>\n<\/ul>\n<p>[\/vc_column_text]\n\t\t\t<\/div>\n\t\t\t<div  class=\"ult_tabitemname\"  >\n\t\t\t\t[vc_toggle title=&#8221;1. Kas 1Office saab mind pangakonto avamisel aidata?&#8221; style=&#8221;arrow&#8221; custom_font_container=&#8221;tag:h5|text_align:left|color:%230c0c0c&#8221; custom_use_theme_fonts=&#8221;yes&#8221; use_custom_heading=&#8221;true&#8221;]M\u00f5ned pangad n\u00f5uavad, et kliendid k\u00e4iks end nende kontoris tuvastama ning sel juhul on vajalik reisimine Leetu. Palun v\u00f5ta \u00fchendust ning leiame konkretsele ettev\u00f5ttele parima lahenduse.[\/vc_toggle]\n\t\t\t<\/div><\/div><\/div><\/div><div class=\"ult_acord advanced-tabs-desc-wrap-3366\">\n   <div class=\"ult-tabto-accordion \" style=\"width:;\"\n    data-titlecolor=\"#b6b8ba\"  data-titlebg=\"#ffffff\"\n     data-titlehoverbg=\"#ffffff\" data-titlehovercolor=\"#1d1e23\" data-animation=\"Slide\"\n     data-activetitle=\"#1d1e23\" data-activeicon=\"\" data-activebg=\"#ffffff\" data-scroll = \"on\" data-activeindex=\"1\" >\n     <dl><dt class=\"\">\n\t        \t<a class=\"ult-tabto-actitle withBorder ult_a \" id=\"1512642751410-8ee0b-c3ff\" style=\"color:#b6b8ba;;background-color:#ffffff;border-bottom-color:transparent;border-bottom-width:0px;border-bottom-style:solid;\" href=\"#1512642751410-8ee0b-c3ff\">\n\t        \t\t<i class=\"accordion-icon\"><\/i>\n\t        \t\t\t<span class=\"ult_tab_main ult_ac_main ult_noacordicnBoth\">\n\n\t\t\t\t\t\t<span  data-ultimate-target='#advanced-tabs-wrap-6193 .ult-span-text'  data-responsive-json-new='{\"font-size\":\"desktop:14px;\",\"line-height\":\"\"}'  class=\"ult-span-text no_icon ult_acordian-text ult-responsive\" style=\"font-weight:bold;;color:inherit \" >Kirjeldus<\/span>\n\t\t\t\t\t\t<\/span><\/a><\/dt>\n\t            \t\t<dd class=\"ult-tabto-accordionItem ult-tabto-accolapsed\">\n\t\t\t\t            <div class=\"ult-tabto-acontent\" style=\"color:#74777b;\">\n\t\t\t\t               [vc_column_text]Ettev\u00f5tte asutamine notaris 1Office esindaja kaasabil.<br \/>\nEttev\u00f5te registreeritakse 5 t\u00f6\u00f6p\u00e4eva jooksul p\u00e4rast dokumentide esitamist \u00e4riregistrile.<br \/>\nEttev\u00f5tte asutaja peab ettev\u00f5tte asutamise dokumendid allkirjastama ning andma 1Office&#8217;i esindajale volituse end notaris esindada.<br \/>\nEttev\u00f5tte aadressiks on v\u00f5imalik kasutada meie <a href=\"https:\/\/1office.co\/lithuania\/et\/toode\/ariaadress-vilniuse-kesklinnas\/\" target=\"_blank\" rel=\"noopener noreferrer\">\u00e4riaadressi<\/a>.<\/p>\n<p>&nbsp;<\/p>\n<p><strong>Hinnas sisaldub:<\/strong><\/p>\n<ul>\n<li>Ettev\u00f5tte asutamine \u00fche juhatuse liikme ja \u00fche direktoriga (palun k\u00fcsi hinnapakkumist ettev\u00f5tte asutamiseks kahe v\u00f5i enama juhatuse liikmega).<\/li>\n<li>Asutamisdokumentide ettevalmistamine leedu v\u00f5i inglise keeles<\/li>\n<li>Notariaja broneerimine Vilniuses<\/li>\n<li>Riigil\u00f5iv<\/li>\n<li>Notaritasud<\/li>\n<li>Dokumentide esitamine \u00e4riregistrile<\/li>\n<\/ul>\n<p>&nbsp;<\/p>\n<p><strong>Protsessikirjeldus:<\/strong><\/p>\n<ul>\n<li>P\u00e4rast ostu sooritamist, t\u00e4ida \u00e4ra meie poolt saadetud KYC vorm.<\/li>\n<li>P\u00e4rast KYC vormi t\u00e4itmist, valmistame antud informatsiooni p\u00f5hjal ette vajalikud dokumendid.<\/li>\n<li>Allkirjasta originaaldokumendid ja saada meile tagasi.<\/li>\n<li>Seej\u00e4rel lepime meie kokku notariaja ning esitame ettev\u00f5tte asutamise avalduse.<\/li>\n<li>1Office\u2019i esindaja avab osakapitali \u00fclekandmiseks esialgse pangakonto.<\/li>\n<li>Kanna osakapital esialgsele pangakontole.<\/li>\n<li>P\u00e4rast osakapitali sissemakset, esitame dokumendid \u00c4riregistrisse. Ettev\u00f5tte registreerimiseks l\u00e4heb kuni 5 t\u00f6\u00f6p\u00e4eva.<\/li>\n<li>Kui ettev\u00f5te on registreeritud, muuda esialgne pangakonto tavakontoks. See samm n\u00f5uab personaalset kohalolekut. Vajadusel v\u00f5ib meie jurist olla lisatasu eest ka pangas saatjaks.<\/li>\n<\/ul>\n<p>[\/vc_column_text]\n\t\t\t\t            <\/div>\n\t        \t\t\t<\/dd><dt class=\"\">\n\t        \t<a class=\"ult-tabto-actitle withBorder ult_a \" id=\"1516974013560-1-1\" style=\"color:#b6b8ba;;background-color:#ffffff;border-bottom-color:transparent;border-bottom-width:0px;border-bottom-style:solid;border-bottom-color:transparent;border-bottom-width:0px;border-bottom-style:solid;\" href=\"#1516974013560-1-1\">\n\t        \t\t<i class=\"accordion-icon\"><\/i>\n\t        \t\t\t<span class=\"ult_tab_main ult_ac_main ult_noacordicnBoth\">\n\n\t\t\t\t\t\t<span  data-ultimate-target='#advanced-tabs-wrap-6193 .ult-span-text'  data-responsive-json-new='{\"font-size\":\"desktop:14px;\",\"line-height\":\"\"}'  class=\"ult-span-text no_icon ult_acordian-text ult-responsive\" style=\"font-weight:bold;;color:inherit \" >KKK<\/span>\n\t\t\t\t\t\t<\/span><\/a><\/dt>\n\t            \t\t<dd class=\"ult-tabto-accordionItem ult-tabto-accolapsed\">\n\t\t\t\t            <div class=\"ult-tabto-acontent\" style=\"color:#74777b;\">\n\t\t\t\t               [vc_toggle title=&#8221;1. Kas 1Office saab mind pangakonto avamisel aidata?&#8221; style=&#8221;arrow&#8221; custom_font_container=&#8221;tag:h5|text_align:left|color:%230c0c0c&#8221; custom_use_theme_fonts=&#8221;yes&#8221; use_custom_heading=&#8221;true&#8221;]M\u00f5ned pangad n\u00f5uavad, et kliendid k\u00e4iks end nende kontoris tuvastama ning sel juhul on vajalik reisimine Leetu. Palun v\u00f5ta \u00fchendust ning leiame konkretsele ettev\u00f5ttele parima lahenduse.[\/vc_toggle]\n\t\t\t\t            <\/div>\n\t        \t\t\t<\/dd>\n    \t<\/dl>\n    <!--<div class=\"extraborder\" style=\"background-color:#ffffff\"><\/div>-->\n<\/div>\n\n<\/div>[\/vc_column][\/vc_row]<\/p>\n<\/div>","protected":false},"excerpt":{"rendered":"<p>Leedu ettev\u00f5tet (leedu keeles Uzdaroji Akcine Bendrove v\u00f5i UAB) on v\u00f5imalik registreerida Leedu notarib\u00fcroos. Kui annad 1Office\u2019i esindajale volituse end notaris esindada, siis on v\u00f5imalik ettev\u00f5te asutada distantsilt. See on sobiv valik eraisikutele ning ettev\u00f5tetele, kes ei soovi ettev\u00f5tte asutamiseks ise Leetu kohale tulla v\u00f5i dokumente t\u00e4ita ning neid erinevatele ametiasutustele esitada.<\/p>\n","protected":false},"featured_media":59469,"template":"","meta":{"_acf_changed":false,"inline_featured_image":false},"product_brand":[],"product_cat":[308],"product_tag":[324],"class_list":{"0":"post-57579","1":"product","2":"type-product","3":"status-publish","4":"has-post-thumbnail","6":"product_cat-ettevotte-alustamine","7":"product_tag-lithuania-et","8":"description-off","10":"first","11":"instock","12":"virtual","13":"taxable","14":"purchasable","15":"product-type-simple"},"bundled_by":[],"bundle_stock_status":"instock","bundle_stock_quantity":null,"bundle_virtual":false,"bundle_layout":"","bundle_add_to_cart_form_location":"","bundle_editable_in_cart":false,"bundle_sold_individually_context":"","bundle_item_grouping":"","bundle_min_size":"","bundle_max_size":"","bundle_price":[],"bundled_items":[],"bundle_sell_ids":[],"acf":[],"yoast_head":"<!-- This site is optimized with the Yoast SEO Premium plugin v22.1 (Yoast SEO v27.0) - https:\/\/yoast.com\/product\/yoast-seo-premium-wordpress\/ -->\n<title>Ettev\u00f5tte asutamine distantsilt - 1Office Lithuania<\/title>\n<meta name=\"description\" content=\"Ettev\u00f5tte, leedu keeles Uzdaroji Akcine Bendrove v\u00f5i UAB, asutamine notaris on sobilik eraisikutele ning ettev\u00f5tetele, kes ei soovi ettev\u00f5tet asutades ise dokumente t\u00e4ita ning neid erinevatele ametiasutustele esitada.\" \/>\n<meta name=\"robots\" content=\"index, follow, max-snippet:-1, max-image-preview:large, max-video-preview:-1\" \/>\n<link rel=\"canonical\" href=\"https:\/\/1office.co\/lithuania\/et\/toode\/ettevotte-asutamine-notaris\/\" \/>\n<meta property=\"og:locale\" content=\"et_EE\" \/>\n<meta property=\"og:type\" content=\"article\" \/>\n<meta property=\"og:title\" content=\"Ettev\u00f5tte asutamine distantsilt\" \/>\n<meta property=\"og:description\" content=\"Ettev\u00f5tte, leedu keeles Uzdaroji Akcine Bendrove v\u00f5i UAB, asutamine notaris on sobilik eraisikutele ning ettev\u00f5tetele, kes ei soovi ettev\u00f5tet asutades ise dokumente t\u00e4ita ning neid erinevatele ametiasutustele esitada.\" \/>\n<meta property=\"og:url\" content=\"https:\/\/1office.co\/lithuania\/et\/toode\/ettevotte-asutamine-notaris\/\" \/>\n<meta property=\"og:site_name\" content=\"1Office Lithuania\" \/>\n<meta property=\"article:modified_time\" content=\"2023-05-25T06:33:24+00:00\" \/>\n<meta property=\"og:image\" content=\"https:\/\/1office.co\/lithuania\/wp-content\/uploads\/sites\/15\/2017\/08\/company-formation.jpg\" \/>\n\t<meta property=\"og:image:width\" content=\"1200\" \/>\n\t<meta property=\"og:image:height\" content=\"800\" \/>\n\t<meta property=\"og:image:type\" content=\"image\/jpeg\" \/>\n<meta name=\"twitter:card\" content=\"summary_large_image\" \/>\n<meta name=\"twitter:label1\" content=\"Est. reading time\" \/>\n\t<meta name=\"twitter:data1\" content=\"1 minut\" \/>\n<script type=\"application\/ld+json\" class=\"yoast-schema-graph\">{\"@context\":\"https:\/\/schema.org\",\"@graph\":[{\"@type\":\"WebPage\",\"@id\":\"https:\/\/1office.co\/lithuania\/et\/toode\/ettevotte-asutamine-notaris\/\",\"url\":\"https:\/\/1office.co\/lithuania\/et\/toode\/ettevotte-asutamine-notaris\/\",\"name\":\"Ettev\u00f5tte asutamine distantsilt - 1Office Lithuania\",\"isPartOf\":{\"@id\":\"https:\/\/1office.co\/lithuania\/#website\"},\"primaryImageOfPage\":{\"@id\":\"https:\/\/1office.co\/lithuania\/et\/toode\/ettevotte-asutamine-notaris\/#primaryimage\"},\"image\":{\"@id\":\"https:\/\/1office.co\/lithuania\/et\/toode\/ettevotte-asutamine-notaris\/#primaryimage\"},\"thumbnailUrl\":\"https:\/\/1office.co\/lithuania\/wp-content\/uploads\/sites\/15\/2017\/08\/Company-formation-remotely.png\",\"datePublished\":\"2017-08-10T08:34:10+00:00\",\"dateModified\":\"2023-05-25T06:33:24+00:00\",\"description\":\"Ettev\u00f5tte, leedu keeles Uzdaroji Akcine Bendrove v\u00f5i UAB, asutamine notaris on sobilik eraisikutele ning ettev\u00f5tetele, kes ei soovi ettev\u00f5tet asutades ise dokumente t\u00e4ita ning neid erinevatele ametiasutustele esitada.\",\"breadcrumb\":{\"@id\":\"https:\/\/1office.co\/lithuania\/et\/toode\/ettevotte-asutamine-notaris\/#breadcrumb\"},\"inLanguage\":\"et\",\"potentialAction\":[{\"@type\":\"ReadAction\",\"target\":[\"https:\/\/1office.co\/lithuania\/et\/toode\/ettevotte-asutamine-notaris\/\"]}]},{\"@type\":\"ImageObject\",\"inLanguage\":\"et\",\"@id\":\"https:\/\/1office.co\/lithuania\/et\/toode\/ettevotte-asutamine-notaris\/#primaryimage\",\"url\":\"https:\/\/1office.co\/lithuania\/wp-content\/uploads\/sites\/15\/2017\/08\/Company-formation-remotely.png\",\"contentUrl\":\"https:\/\/1office.co\/lithuania\/wp-content\/uploads\/sites\/15\/2017\/08\/Company-formation-remotely.png\",\"width\":500,\"height\":500},{\"@type\":\"BreadcrumbList\",\"@id\":\"https:\/\/1office.co\/lithuania\/et\/toode\/ettevotte-asutamine-notaris\/#breadcrumb\",\"itemListElement\":[{\"@type\":\"ListItem\",\"position\":1,\"name\":\"Home\",\"item\":\"https:\/\/1office.co\/lithuania\/et\/\"},{\"@type\":\"ListItem\",\"position\":2,\"name\":\"Teenused leht\",\"item\":\"https:\/\/1office.co\/lithuania\/et\/teenused\/\"},{\"@type\":\"ListItem\",\"position\":3,\"name\":\"Ettev\u00f5tte asutamine distantsilt\"}]},{\"@type\":\"WebSite\",\"@id\":\"https:\/\/1office.co\/lithuania\/#website\",\"url\":\"https:\/\/1office.co\/lithuania\/\",\"name\":\"1Office Lithuania\",\"description\":\"Making Business Simple\",\"potentialAction\":[{\"@type\":\"SearchAction\",\"target\":{\"@type\":\"EntryPoint\",\"urlTemplate\":\"https:\/\/1office.co\/lithuania\/?s={search_term_string}\"},\"query-input\":{\"@type\":\"PropertyValueSpecification\",\"valueRequired\":true,\"valueName\":\"search_term_string\"}}],\"inLanguage\":\"et\"}]}<\/script>\n<!-- \/ Yoast SEO Premium plugin. -->","yoast_head_json":{"title":"Ettev\u00f5tte asutamine distantsilt - 1Office Lithuania","description":"Ettev\u00f5tte, leedu keeles Uzdaroji Akcine Bendrove v\u00f5i UAB, asutamine notaris on sobilik eraisikutele ning ettev\u00f5tetele, kes ei soovi ettev\u00f5tet asutades ise dokumente t\u00e4ita ning neid erinevatele ametiasutustele esitada.","robots":{"index":"index","follow":"follow","max-snippet":"max-snippet:-1","max-image-preview":"max-image-preview:large","max-video-preview":"max-video-preview:-1"},"canonical":"https:\/\/1office.co\/lithuania\/et\/toode\/ettevotte-asutamine-notaris\/","og_locale":"et_EE","og_type":"article","og_title":"Ettev\u00f5tte asutamine distantsilt","og_description":"Ettev\u00f5tte, leedu keeles Uzdaroji Akcine Bendrove v\u00f5i UAB, asutamine notaris on sobilik eraisikutele ning ettev\u00f5tetele, kes ei soovi ettev\u00f5tet asutades ise dokumente t\u00e4ita ning neid erinevatele ametiasutustele esitada.","og_url":"https:\/\/1office.co\/lithuania\/et\/toode\/ettevotte-asutamine-notaris\/","og_site_name":"1Office Lithuania","article_modified_time":"2023-05-25T06:33:24+00:00","og_image":[{"width":1200,"height":800,"url":"https:\/\/1office.co\/lithuania\/wp-content\/uploads\/sites\/15\/2017\/08\/company-formation.jpg","type":"image\/jpeg"}],"twitter_card":"summary_large_image","twitter_misc":{"Est. reading time":"1 minut"},"schema":{"@context":"https:\/\/schema.org","@graph":[{"@type":"WebPage","@id":"https:\/\/1office.co\/lithuania\/et\/toode\/ettevotte-asutamine-notaris\/","url":"https:\/\/1office.co\/lithuania\/et\/toode\/ettevotte-asutamine-notaris\/","name":"Ettev\u00f5tte asutamine distantsilt - 1Office Lithuania","isPartOf":{"@id":"https:\/\/1office.co\/lithuania\/#website"},"primaryImageOfPage":{"@id":"https:\/\/1office.co\/lithuania\/et\/toode\/ettevotte-asutamine-notaris\/#primaryimage"},"image":{"@id":"https:\/\/1office.co\/lithuania\/et\/toode\/ettevotte-asutamine-notaris\/#primaryimage"},"thumbnailUrl":"https:\/\/1office.co\/lithuania\/wp-content\/uploads\/sites\/15\/2017\/08\/Company-formation-remotely.png","datePublished":"2017-08-10T08:34:10+00:00","dateModified":"2023-05-25T06:33:24+00:00","description":"Ettev\u00f5tte, leedu keeles Uzdaroji Akcine Bendrove v\u00f5i UAB, asutamine notaris on sobilik eraisikutele ning ettev\u00f5tetele, kes ei soovi ettev\u00f5tet asutades ise dokumente t\u00e4ita ning neid erinevatele ametiasutustele esitada.","breadcrumb":{"@id":"https:\/\/1office.co\/lithuania\/et\/toode\/ettevotte-asutamine-notaris\/#breadcrumb"},"inLanguage":"et","potentialAction":[{"@type":"ReadAction","target":["https:\/\/1office.co\/lithuania\/et\/toode\/ettevotte-asutamine-notaris\/"]}]},{"@type":"ImageObject","inLanguage":"et","@id":"https:\/\/1office.co\/lithuania\/et\/toode\/ettevotte-asutamine-notaris\/#primaryimage","url":"https:\/\/1office.co\/lithuania\/wp-content\/uploads\/sites\/15\/2017\/08\/Company-formation-remotely.png","contentUrl":"https:\/\/1office.co\/lithuania\/wp-content\/uploads\/sites\/15\/2017\/08\/Company-formation-remotely.png","width":500,"height":500},{"@type":"BreadcrumbList","@id":"https:\/\/1office.co\/lithuania\/et\/toode\/ettevotte-asutamine-notaris\/#breadcrumb","itemListElement":[{"@type":"ListItem","position":1,"name":"Home","item":"https:\/\/1office.co\/lithuania\/et\/"},{"@type":"ListItem","position":2,"name":"Teenused leht","item":"https:\/\/1office.co\/lithuania\/et\/teenused\/"},{"@type":"ListItem","position":3,"name":"Ettev\u00f5tte asutamine distantsilt"}]},{"@type":"WebSite","@id":"https:\/\/1office.co\/lithuania\/#website","url":"https:\/\/1office.co\/lithuania\/","name":"1Office Lithuania","description":"Making Business Simple","potentialAction":[{"@type":"SearchAction","target":{"@type":"EntryPoint","urlTemplate":"https:\/\/1office.co\/lithuania\/?s={search_term_string}"},"query-input":{"@type":"PropertyValueSpecification","valueRequired":true,"valueName":"search_term_string"}}],"inLanguage":"et"}]}},"_links":{"self":[{"href":"https:\/\/1office.co\/lithuania\/et\/wp-json\/wp\/v2\/product\/57579","targetHints":{"allow":["GET"]}}],"collection":[{"href":"https:\/\/1office.co\/lithuania\/et\/wp-json\/wp\/v2\/product"}],"about":[{"href":"https:\/\/1office.co\/lithuania\/et\/wp-json\/wp\/v2\/types\/product"}],"wp:featuredmedia":[{"embeddable":true,"href":"https:\/\/1office.co\/lithuania\/et\/wp-json\/wp\/v2\/media\/59469"}],"wp:attachment":[{"href":"https:\/\/1office.co\/lithuania\/et\/wp-json\/wp\/v2\/media?parent=57579"}],"wp:term":[{"taxonomy":"product_brand","embeddable":true,"href":"https:\/\/1office.co\/lithuania\/et\/wp-json\/wp\/v2\/product_brand?post=57579"},{"taxonomy":"product_cat","embeddable":true,"href":"https:\/\/1office.co\/lithuania\/et\/wp-json\/wp\/v2\/product_cat?post=57579"},{"taxonomy":"product_tag","embeddable":true,"href":"https:\/\/1office.co\/lithuania\/et\/wp-json\/wp\/v2\/product_tag?post=57579"}],"curies":[{"name":"wp","href":"https:\/\/api.w.org\/{rel}","templated":true}]}}